{"id":5227,"date":"2021-06-20T14:37:25","date_gmt":"2021-06-20T12:37:25","guid":{"rendered":"https:\/\/strangercam.com\/?page_id=5227"},"modified":"2023-08-21T12:47:26","modified_gmt":"2023-08-21T10:47:26","slug":"y99","status":"publish","type":"page","link":"https:\/\/strangercam.com\/de\/y99\/","title":{"rendered":"Y99"},"content":{"rendered":"<p>Dies ist eine beliebte Online-Dating-Website, die es Ihnen erm\u00f6glicht, jede ihrer <a href=\"https:\/\/strangercam.com\/de\/chatroulette\/\">Chat<\/a> R\u00e4ume, ohne dass eine Anmeldung erforderlich ist. Vielleicht suchen Sie einen Freund. Es k\u00f6nnte eine Person sein, mit der Sie Ihre Gedanken teilen k\u00f6nnen. Es kann auch ein Partner sein, mit dem Sie die Beziehung auf die Spitze treiben wollen. <a href=\"https:\/\/strangercam.com\/de\/nextcam\/\">n\u00e4chste<\/a> Ebene. Mit diesem Chat-Portal k\u00f6nnen Sie sich stundenlang mit Ihrem gleichgesinnten Freund unterhalten und Ihre Gef\u00fchle teilen. Sie k\u00f6nnen Ihren Laptop, Ihr Android- oder Iphone-Ger\u00e4t verwenden, um sich mit dieser Chat-Seite zu verbinden. Es bietet unbezahlbare <a href=\"https:\/\/strangercam.com\/de\/chatingly\/\">Chatten<\/a> Service etwas, das Sie sicher gerne benutzen werden.<\/p>\n<h2>Wie man sich bei y99 anmeldet<\/h2>\n<p>Um Ihre Chatsitzung in diesem Chat-Portal zu starten, ist keine Registrierung erforderlich. Stattdessen m\u00fcssen Sie nur die Website besuchen oder die App starten und Ihren Chat-Namen eingeben. Das kann ein beliebiger Spitzname Ihrer Wahl sein, mit dem Sie sich Fremden vorstellen m\u00f6chten. Danach k\u00f6nnen Sie einfach Ihre nicht registrierte Chatsitzung starten. Wenn Sie sich bereits mit Ihren Grunddaten bei diesem Portal registriert haben, m\u00fcssen Sie nur noch Ihren Benutzernamen und Ihr erstelltes Passwort eingeben. Es gibt auch eine M\u00f6glichkeit, Ihr Konto wiederherzustellen, falls Sie Ihr Passwort vergessen haben. Die Anmeldung bei diesem Portal ist also ganz einfach, schnell und unkompliziert.<\/p>\n<h3>Wie man y99 verwendet<\/h3>\n<p>Mit diesem Portal k\u00f6nnen Sie sowohl Chats erstellen als auch zuf\u00e4llige Chats f\u00fchren, Gruppenchats beitreten, lustige Memes lesen usw. Sie k\u00f6nnen Ihre eigene Chat-Gruppe gr\u00fcnden und Leute einladen, die \u00e4hnliche Gedanken und Stimmungen teilen, um der Gruppe beizutreten. Unabh\u00e4ngig davon, ob Sie ein registrierter oder nicht registrierter Nutzer sind, k\u00f6nnen Sie w\u00e4hrend Ihrer Sitzung viel Spa\u00df haben. Sie haben die M\u00f6glichkeit, Gruppenchats beizutreten, <a href=\"https:\/\/strangercam.com\/de\/1v1-chat\/\">eine<\/a> zu einem und Memes. Falls Sie eine Anleitung ben\u00f6tigen, k\u00f6nnen Sie jederzeit auf die Tipps und Anleitungen im Portal zur\u00fcckgreifen, um die richtige Entscheidung zu treffen.<\/p>\n<h3>Was sind die Vor- und Nachteile von y99?<\/h3>\n<p>Dieses Portal l\u00e4sst sich schnell betreten und man kann mit Fremden chatten, sei es allein oder in einer Gruppe. Au\u00dferdem k\u00f6nnen Sie hier interessante Memes erstellen und mit anderen auf der ganzen Welt teilen. Es gibt Tausende von Menschen, die zu jeder Zeit miteinander chatten, was es sehr beliebt macht. Sie k\u00f6nnen einen Chat beginnen und auch beenden, wann immer Sie wollen. Auch Freunde d\u00fcrfen mitmachen <a href=\"https:\/\/strangercam.com\/de\/chat4free\/\">kostenlos<\/a> Anrufe. Der einzige Nachteil ist, dass der Chat ohne Registrierung m\u00f6glicherweise nicht sicher ist. Sie m\u00fcssen also Ihre Privatsph\u00e4re sch\u00fctzen und Ihre pers\u00f6nlichen Daten nicht \u00fcber den Chat an andere weitergeben.<\/p>","protected":false},"excerpt":{"rendered":"<p>This is a popular online dating site that allows you to enter any of its chat rooms without requiring any registration. You may be seeking a friend. It could be a person to share your thoughts. It can also be a partner with whom you may want to take the relationship to the next level. [&hellip;]<\/p>\n","protected":false},"author":6,"featured_media":559,"parent":0,"menu_order":0,"comment_status":"closed","ping_status":"closed","template":"","meta":{"footnotes":""},"class_list":["post-5227","page","type-page","status-publish","has-post-thumbnail","hentry"],"yoast_head":"<!-- This site is optimized with the Yoast SEO plugin v27.4 - https:\/\/yoast.com\/product\/yoast-seo-wordpress\/ -->\n<title>Y99 - Free Online Random Chat - Cam on StrangerCam.com<\/title>\n<meta name=\"description\" content=\"Like Y99? Come chat with more than 5.000.000 strangers on Stranger Cam for Free! Turn on your cam and find new friends &amp; maby a match!\" \/>\n<meta name=\"robots\" content=\"index, follow, max-snippet:-1, max-image-preview:large, max-video-preview:-1\" \/>\n<link rel=\"canonical\" href=\"https:\/\/strangercam.com\/de\/y99\/\" \/>\n<meta property=\"og:locale\" content=\"de_DE\" \/>\n<meta property=\"og:type\" content=\"article\" \/>\n<meta property=\"og:title\" content=\"Y99 - Free Online Random Chat - Cam on StrangerCam.com\" \/>\n<meta property=\"og:description\" content=\"Like Y99? Come chat with more than 5.000.000 strangers on Stranger Cam for Free! Turn on your cam and find new friends &amp; maby a match!\" \/>\n<meta property=\"og:url\" content=\"https:\/\/strangercam.com\/de\/y99\/\" \/>\n<meta property=\"og:site_name\" content=\"Strangercam\" \/>\n<meta property=\"article:publisher\" content=\"https:\/\/www.facebook.com\/strangercam\" \/>\n<meta property=\"article:modified_time\" content=\"2023-08-21T10:47:26+00:00\" \/>\n<meta property=\"og:image\" content=\"https:\/\/strangercam.com\/wp-content\/uploads\/2020\/11\/stranger-cam-1.png\" \/>\n\t<meta property=\"og:image:width\" content=\"800\" \/>\n\t<meta property=\"og:image:height\" content=\"800\" \/>\n\t<meta property=\"og:image:type\" content=\"image\/png\" \/>\n<meta name=\"twitter:card\" content=\"summary_large_image\" \/>\n<meta name=\"twitter:site\" content=\"@strangercamapp\" \/>\n<meta name=\"twitter:label1\" content=\"Gesch\u00e4tzte Lesezeit\" \/>\n\t<meta name=\"twitter:data1\" content=\"2\u00a0Minuten\" \/>\n<script type=\"application\/ld+json\" class=\"yoast-schema-graph\">{\"@context\":\"https:\\\/\\\/schema.org\",\"@graph\":[{\"@type\":\"WebPage\",\"@id\":\"https:\\\/\\\/strangercam.com\\\/y99\\\/\",\"url\":\"https:\\\/\\\/strangercam.com\\\/y99\\\/\",\"name\":\"Y99 - Free Online Random Chat - Cam on StrangerCam.com\",\"isPartOf\":{\"@id\":\"https:\\\/\\\/strangercam.com\\\/#website\"},\"primaryImageOfPage\":{\"@id\":\"https:\\\/\\\/strangercam.com\\\/y99\\\/#primaryimage\"},\"image\":{\"@id\":\"https:\\\/\\\/strangercam.com\\\/y99\\\/#primaryimage\"},\"thumbnailUrl\":\"https:\\\/\\\/strangercam.com\\\/wp-content\\\/uploads\\\/2020\\\/11\\\/stranger-cam-1.png\",\"datePublished\":\"2021-06-20T12:37:25+00:00\",\"dateModified\":\"2023-08-21T10:47:26+00:00\",\"description\":\"Like Y99? Come chat with more than 5.000.000 strangers on Stranger Cam for Free! Turn on your cam and find new friends & maby a match!\",\"breadcrumb\":{\"@id\":\"https:\\\/\\\/strangercam.com\\\/y99\\\/#breadcrumb\"},\"inLanguage\":\"de\",\"potentialAction\":[{\"@type\":\"ReadAction\",\"target\":[\"https:\\\/\\\/strangercam.com\\\/y99\\\/\"]}]},{\"@type\":\"ImageObject\",\"inLanguage\":\"de\",\"@id\":\"https:\\\/\\\/strangercam.com\\\/y99\\\/#primaryimage\",\"url\":\"https:\\\/\\\/strangercam.com\\\/wp-content\\\/uploads\\\/2020\\\/11\\\/stranger-cam-1.png\",\"contentUrl\":\"https:\\\/\\\/strangercam.com\\\/wp-content\\\/uploads\\\/2020\\\/11\\\/stranger-cam-1.png\",\"width\":800,\"height\":800,\"caption\":\"stranger cam random video chat\"},{\"@type\":\"BreadcrumbList\",\"@id\":\"https:\\\/\\\/strangercam.com\\\/y99\\\/#breadcrumb\",\"itemListElement\":[{\"@type\":\"ListItem\",\"position\":1,\"name\":\"Home\",\"item\":\"https:\\\/\\\/strangercam.com\\\/\"},{\"@type\":\"ListItem\",\"position\":2,\"name\":\"Y99\"}]},{\"@type\":\"WebSite\",\"@id\":\"https:\\\/\\\/strangercam.com\\\/#website\",\"url\":\"https:\\\/\\\/strangercam.com\\\/\",\"name\":\"Strangercam\",\"description\":\"Random Video Chat with Strangers\",\"publisher\":{\"@id\":\"https:\\\/\\\/strangercam.com\\\/#organization\"},\"alternateName\":\"Strangercam.com\",\"potentialAction\":[{\"@type\":\"SearchAction\",\"target\":{\"@type\":\"EntryPoint\",\"urlTemplate\":\"https:\\\/\\\/strangercam.com\\\/?s={search_term_string}\"},\"query-input\":{\"@type\":\"PropertyValueSpecification\",\"valueRequired\":true,\"valueName\":\"search_term_string\"}}],\"inLanguage\":\"de\"},{\"@type\":\"Organization\",\"@id\":\"https:\\\/\\\/strangercam.com\\\/#organization\",\"name\":\"Strangercam\",\"alternateName\":\"Strangercam.com\",\"url\":\"https:\\\/\\\/strangercam.com\\\/\",\"logo\":{\"@type\":\"ImageObject\",\"inLanguage\":\"de\",\"@id\":\"https:\\\/\\\/strangercam.com\\\/#\\\/schema\\\/logo\\\/image\\\/\",\"url\":\"https:\\\/\\\/strangercam.com\\\/wp-content\\\/uploads\\\/2020\\\/11\\\/cropped-new-favicon-black.png\",\"contentUrl\":\"https:\\\/\\\/strangercam.com\\\/wp-content\\\/uploads\\\/2020\\\/11\\\/cropped-new-favicon-black.png\",\"width\":512,\"height\":512,\"caption\":\"Strangercam\"},\"image\":{\"@id\":\"https:\\\/\\\/strangercam.com\\\/#\\\/schema\\\/logo\\\/image\\\/\"},\"sameAs\":[\"https:\\\/\\\/www.facebook.com\\\/strangercam\",\"https:\\\/\\\/x.com\\\/strangercamapp\"]}]}<\/script>\n<!-- \/ Yoast SEO plugin. -->","yoast_head_json":{"title":"Y99 - Kostenloser Online Zufalls-Chat - Cam auf StrangerCam.com","description":"Gef\u00e4llt dir Y99? Komm und chatte mit mehr als 5.000.000 Fremden auf Stranger Cam - kostenlos! Schalte deine Kamera ein und finde neue Freunde und vielleicht einen Partner!","robots":{"index":"index","follow":"follow","max-snippet":"max-snippet:-1","max-image-preview":"max-image-preview:large","max-video-preview":"max-video-preview:-1"},"canonical":"https:\/\/strangercam.com\/de\/y99\/","og_locale":"de_DE","og_type":"article","og_title":"Y99 - Free Online Random Chat - Cam on StrangerCam.com","og_description":"Like Y99? Come chat with more than 5.000.000 strangers on Stranger Cam for Free! Turn on your cam and find new friends & maby a match!","og_url":"https:\/\/strangercam.com\/de\/y99\/","og_site_name":"Strangercam","article_publisher":"https:\/\/www.facebook.com\/strangercam","article_modified_time":"2023-08-21T10:47:26+00:00","og_image":[{"width":800,"height":800,"url":"https:\/\/strangercam.com\/wp-content\/uploads\/2020\/11\/stranger-cam-1.png","type":"image\/png"}],"twitter_card":"summary_large_image","twitter_site":"@strangercamapp","twitter_misc":{"Gesch\u00e4tzte Lesezeit":"2\u00a0Minuten"},"schema":{"@context":"https:\/\/schema.org","@graph":[{"@type":"WebPage","@id":"https:\/\/strangercam.com\/y99\/","url":"https:\/\/strangercam.com\/y99\/","name":"Y99 - Kostenloser Online Zufalls-Chat - Cam auf StrangerCam.com","isPartOf":{"@id":"https:\/\/strangercam.com\/#website"},"primaryImageOfPage":{"@id":"https:\/\/strangercam.com\/y99\/#primaryimage"},"image":{"@id":"https:\/\/strangercam.com\/y99\/#primaryimage"},"thumbnailUrl":"https:\/\/strangercam.com\/wp-content\/uploads\/2020\/11\/stranger-cam-1.png","datePublished":"2021-06-20T12:37:25+00:00","dateModified":"2023-08-21T10:47:26+00:00","description":"Gef\u00e4llt dir Y99? Komm und chatte mit mehr als 5.000.000 Fremden auf Stranger Cam - kostenlos! Schalte deine Kamera ein und finde neue Freunde und vielleicht einen Partner!","breadcrumb":{"@id":"https:\/\/strangercam.com\/y99\/#breadcrumb"},"inLanguage":"de","potentialAction":[{"@type":"ReadAction","target":["https:\/\/strangercam.com\/y99\/"]}]},{"@type":"ImageObject","inLanguage":"de","@id":"https:\/\/strangercam.com\/y99\/#primaryimage","url":"https:\/\/strangercam.com\/wp-content\/uploads\/2020\/11\/stranger-cam-1.png","contentUrl":"https:\/\/strangercam.com\/wp-content\/uploads\/2020\/11\/stranger-cam-1.png","width":800,"height":800,"caption":"stranger cam random video chat"},{"@type":"BreadcrumbList","@id":"https:\/\/strangercam.com\/y99\/#breadcrumb","itemListElement":[{"@type":"ListItem","position":1,"name":"Home","item":"https:\/\/strangercam.com\/"},{"@type":"ListItem","position":2,"name":"Y99"}]},{"@type":"WebSite","@id":"https:\/\/strangercam.com\/#website","url":"https:\/\/strangercam.com\/","name":"Strangercam","description":"Zuf\u00e4lliger Video-Chat mit Fremden","publisher":{"@id":"https:\/\/strangercam.com\/#organization"},"alternateName":"Strangercam.com","potentialAction":[{"@type":"SearchAction","target":{"@type":"EntryPoint","urlTemplate":"https:\/\/strangercam.com\/?s={search_term_string}"},"query-input":{"@type":"PropertyValueSpecification","valueRequired":true,"valueName":"search_term_string"}}],"inLanguage":"de"},{"@type":"Organization","@id":"https:\/\/strangercam.com\/#organization","name":"Strangercam","alternateName":"Strangercam.com","url":"https:\/\/strangercam.com\/","logo":{"@type":"ImageObject","inLanguage":"de","@id":"https:\/\/strangercam.com\/#\/schema\/logo\/image\/","url":"https:\/\/strangercam.com\/wp-content\/uploads\/2020\/11\/cropped-new-favicon-black.png","contentUrl":"https:\/\/strangercam.com\/wp-content\/uploads\/2020\/11\/cropped-new-favicon-black.png","width":512,"height":512,"caption":"Strangercam"},"image":{"@id":"https:\/\/strangercam.com\/#\/schema\/logo\/image\/"},"sameAs":["https:\/\/www.facebook.com\/strangercam","https:\/\/x.com\/strangercamapp"]}]}},"_links":{"self":[{"href":"https:\/\/strangercam.com\/de\/wp-json\/wp\/v2\/pages\/5227","targetHints":{"allow":["GET"]}}],"collection":[{"href":"https:\/\/strangercam.com\/de\/wp-json\/wp\/v2\/pages"}],"about":[{"href":"https:\/\/strangercam.com\/de\/wp-json\/wp\/v2\/types\/page"}],"author":[{"embeddable":true,"href":"https:\/\/strangercam.com\/de\/wp-json\/wp\/v2\/users\/6"}],"replies":[{"embeddable":true,"href":"https:\/\/strangercam.com\/de\/wp-json\/wp\/v2\/comments?post=5227"}],"version-history":[{"count":0,"href":"https:\/\/strangercam.com\/de\/wp-json\/wp\/v2\/pages\/5227\/revisions"}],"wp:featuredmedia":[{"embeddable":true,"href":"https:\/\/strangercam.com\/de\/wp-json\/wp\/v2\/media\/559"}],"wp:attachment":[{"href":"https:\/\/strangercam.com\/de\/wp-json\/wp\/v2\/media?parent=5227"}],"curies":[{"name":"wp","href":"https:\/\/api.w.org\/{rel}","templated":true}]}}