{"id":5209,"date":"2021-06-20T14:24:52","date_gmt":"2021-06-20T12:24:52","guid":{"rendered":"https:\/\/strangercam.com\/?page_id=5209"},"modified":"2023-08-21T12:43:51","modified_gmt":"2023-08-21T10:43:51","slug":"tohla","status":"publish","type":"page","link":"https:\/\/strangercam.com\/de\/tohla\/","title":{"rendered":"Tohla"},"content":{"rendered":"<p>Diese einzigartige <a href=\"https:\/\/strangercam.com\/de\/chatroulette\/\">Chat<\/a> k\u00f6nnen Sie mit v\u00f6llig Fremden in Kontakt treten und mit ihnen \u00fcber verschiedene interessante Dinge diskutieren. Sie haben die M\u00f6glichkeit, Text-Chat, spielen Tloons, zeichnen, Voice-Chat, <a href=\"https:\/\/strangercam.com\/de\/rabbit-video-chat\/\">Video-Chat<\/a>spielen <b>tohla<\/b> Spa\u00df, m\u00f6gen oder nicht m\u00f6gen, usw. Es ist einfach mit viel Aufregung etwas, das Sie entdecken k\u00f6nnen, indem Sie es besuchen gef\u00fcllt. Jeder Moment, den du auf dieser Seite verbringst, wird dir sicher in Erinnerung bleiben. Tausende von Menschen sind zu jedem Zeitpunkt in diesem Portal angemeldet. Diese leistungsstarke Plattform bietet Ihnen die M\u00f6glichkeit, andere zu kennen und <a href=\"https:\/\/strangercam.com\/de\/coomeet\/\">treffen<\/a> Gleichgesinnte.<\/p>\n<h2>Wie melde ich mich bei tohla an?<\/h2>\n<p>Bei diesem Portal m\u00fcssen Sie keine Anmeldegeb\u00fchr bezahlen, um Zugang zu den verschiedenen spannenden Funktionen zu erhalten. Sie sind frei zu <a href=\"https:\/\/strangercam.com\/de\/video-chat-with-girls\/\">Video-Chat mit M\u00e4dchen<\/a> und Jungen aller Altersgruppen, ohne dass du auch nur einen Cent aus deiner Tasche ausgeben musst. Sie m\u00fcssen nur auf die Schaltfl\u00e4che \"Jetzt verbinden\" klicken. Du wirst dann mit ihrem Chat-Server verbunden und kannst sofort mit anderen in Kontakt treten. Es ist einfach zu bedienen und im Gegensatz zu anderen Portalen ziemlich schnell.<\/p>\n<h3>Wie verwendet man tohla?<\/h3>\n<p>Dieses Zufalls-Chat-Portal erm\u00f6glicht es Ihnen, mit v\u00f6llig Fremden zu chatten, ohne dass Sie Ihre wahre Identit\u00e4t preisgeben m\u00fcssen. Es ist recht einfach zu bedienen und Sie m\u00fcssen sich nur anmelden, um den Chat zu starten. Diese Seite bietet mehrere interessante Anwendungen, die jeder nutzen kann, wie z. B. Aktien, Unentschieden und Hei\u00df oder nicht, usw. Sie k\u00f6nnen auch Video-Chat-Einrichtungen nutzen, um die andere Person zu \u00fcberpr\u00fcfen und haben Live-Chat. Auf diese Weise k\u00f6nnen Sie mit Ihrer Langeweile zu tun und haben viel Spa\u00df und Unterhaltung.<\/p>\n<h3>Was sind die Vor- und Nachteile von Tohla?<\/h3>\n<p>Dieses Portal ist absolut sicher und kann immer dann genutzt werden, wenn Sie sich langweilen oder eine Form der Unterhaltung suchen. Es ist sehr einfach zu verbinden und erfordert keine Registrierung. Sie m\u00fcssen auch keine Anmeldegeb\u00fchr bezahlen, um Zugang zu den verschiedenen angebotenen Funktionen zu erhalten. Es verf\u00fcgt \u00fcber mehrere interessante Funktionen und erm\u00f6glicht Ihnen eine gesicherte Benutzerbindung. Video-Chat ist auch v\u00f6llig kostenlos und Sie k\u00f6nnen sich mit Jungen und <a href=\"https:\/\/strangercam.com\/de\/mirami\/\">M\u00e4dchen<\/a> live von jedem Ort der Welt aus. Der einzige Nachteil ist, dass ein kostenloses Chat-Portal, kann es ein paar gef\u00e4lschte und betr\u00fcgerische Profile, die Sie brauchen, um \u00fcber vorsichtig zu sein.<\/p>","protected":false},"excerpt":{"rendered":"<p>This unique chat site allows you to connect with complete strangers and discuss with them on various interesting things. You have the option to text chat, play Tloons, draw, voice chat, video chat, play tohla Fun, Like or Unlike, etc. It is simply filled with lots of excitement something that you can discover by visiting [&hellip;]<\/p>\n","protected":false},"author":6,"featured_media":559,"parent":0,"menu_order":0,"comment_status":"closed","ping_status":"closed","template":"","meta":{"footnotes":""},"class_list":["post-5209","page","type-page","status-publish","has-post-thumbnail","hentry"],"yoast_head":"<!-- This site is optimized with the Yoast SEO plugin v27.4 - https:\/\/yoast.com\/product\/yoast-seo-wordpress\/ -->\n<title>Tohla - Talk To Strangers - Cam on StrangerCam.com<\/title>\n<meta name=\"description\" content=\"Like Tohla? Come chat with more than 5.000.000 strangers on Stranger Cam for Free! Turn on your cam and find new friends &amp; maby a match!\" \/>\n<meta name=\"robots\" content=\"index, follow, max-snippet:-1, max-image-preview:large, max-video-preview:-1\" \/>\n<link rel=\"canonical\" href=\"https:\/\/strangercam.com\/de\/tohla\/\" \/>\n<meta property=\"og:locale\" content=\"de_DE\" \/>\n<meta property=\"og:type\" content=\"article\" \/>\n<meta property=\"og:title\" content=\"Tohla - Talk To Strangers - Cam on StrangerCam.com\" \/>\n<meta property=\"og:description\" content=\"Like Tohla? Come chat with more than 5.000.000 strangers on Stranger Cam for Free! Turn on your cam and find new friends &amp; maby a match!\" \/>\n<meta property=\"og:url\" content=\"https:\/\/strangercam.com\/de\/tohla\/\" \/>\n<meta property=\"og:site_name\" content=\"Strangercam\" \/>\n<meta property=\"article:publisher\" content=\"https:\/\/www.facebook.com\/strangercam\" \/>\n<meta property=\"article:modified_time\" content=\"2023-08-21T10:43:51+00:00\" \/>\n<meta property=\"og:image\" content=\"https:\/\/strangercam.com\/wp-content\/uploads\/2020\/11\/stranger-cam-1.png\" \/>\n\t<meta property=\"og:image:width\" content=\"800\" \/>\n\t<meta property=\"og:image:height\" content=\"800\" \/>\n\t<meta property=\"og:image:type\" content=\"image\/png\" \/>\n<meta name=\"twitter:card\" content=\"summary_large_image\" \/>\n<meta name=\"twitter:site\" content=\"@strangercamapp\" \/>\n<meta name=\"twitter:label1\" content=\"Gesch\u00e4tzte Lesezeit\" \/>\n\t<meta name=\"twitter:data1\" content=\"2\u00a0Minuten\" \/>\n<script type=\"application\/ld+json\" class=\"yoast-schema-graph\">{\"@context\":\"https:\\\/\\\/schema.org\",\"@graph\":[{\"@type\":\"WebPage\",\"@id\":\"https:\\\/\\\/strangercam.com\\\/tohla\\\/\",\"url\":\"https:\\\/\\\/strangercam.com\\\/tohla\\\/\",\"name\":\"Tohla - Talk To Strangers - Cam on StrangerCam.com\",\"isPartOf\":{\"@id\":\"https:\\\/\\\/strangercam.com\\\/#website\"},\"primaryImageOfPage\":{\"@id\":\"https:\\\/\\\/strangercam.com\\\/tohla\\\/#primaryimage\"},\"image\":{\"@id\":\"https:\\\/\\\/strangercam.com\\\/tohla\\\/#primaryimage\"},\"thumbnailUrl\":\"https:\\\/\\\/strangercam.com\\\/wp-content\\\/uploads\\\/2020\\\/11\\\/stranger-cam-1.png\",\"datePublished\":\"2021-06-20T12:24:52+00:00\",\"dateModified\":\"2023-08-21T10:43:51+00:00\",\"description\":\"Like Tohla? Come chat with more than 5.000.000 strangers on Stranger Cam for Free! Turn on your cam and find new friends & maby a match!\",\"breadcrumb\":{\"@id\":\"https:\\\/\\\/strangercam.com\\\/tohla\\\/#breadcrumb\"},\"inLanguage\":\"de\",\"potentialAction\":[{\"@type\":\"ReadAction\",\"target\":[\"https:\\\/\\\/strangercam.com\\\/tohla\\\/\"]}]},{\"@type\":\"ImageObject\",\"inLanguage\":\"de\",\"@id\":\"https:\\\/\\\/strangercam.com\\\/tohla\\\/#primaryimage\",\"url\":\"https:\\\/\\\/strangercam.com\\\/wp-content\\\/uploads\\\/2020\\\/11\\\/stranger-cam-1.png\",\"contentUrl\":\"https:\\\/\\\/strangercam.com\\\/wp-content\\\/uploads\\\/2020\\\/11\\\/stranger-cam-1.png\",\"width\":800,\"height\":800,\"caption\":\"stranger cam random video chat\"},{\"@type\":\"BreadcrumbList\",\"@id\":\"https:\\\/\\\/strangercam.com\\\/tohla\\\/#breadcrumb\",\"itemListElement\":[{\"@type\":\"ListItem\",\"position\":1,\"name\":\"Home\",\"item\":\"https:\\\/\\\/strangercam.com\\\/\"},{\"@type\":\"ListItem\",\"position\":2,\"name\":\"Tohla\"}]},{\"@type\":\"WebSite\",\"@id\":\"https:\\\/\\\/strangercam.com\\\/#website\",\"url\":\"https:\\\/\\\/strangercam.com\\\/\",\"name\":\"Strangercam\",\"description\":\"Random Video Chat with Strangers\",\"publisher\":{\"@id\":\"https:\\\/\\\/strangercam.com\\\/#organization\"},\"alternateName\":\"Strangercam.com\",\"potentialAction\":[{\"@type\":\"SearchAction\",\"target\":{\"@type\":\"EntryPoint\",\"urlTemplate\":\"https:\\\/\\\/strangercam.com\\\/?s={search_term_string}\"},\"query-input\":{\"@type\":\"PropertyValueSpecification\",\"valueRequired\":true,\"valueName\":\"search_term_string\"}}],\"inLanguage\":\"de\"},{\"@type\":\"Organization\",\"@id\":\"https:\\\/\\\/strangercam.com\\\/#organization\",\"name\":\"Strangercam\",\"alternateName\":\"Strangercam.com\",\"url\":\"https:\\\/\\\/strangercam.com\\\/\",\"logo\":{\"@type\":\"ImageObject\",\"inLanguage\":\"de\",\"@id\":\"https:\\\/\\\/strangercam.com\\\/#\\\/schema\\\/logo\\\/image\\\/\",\"url\":\"https:\\\/\\\/strangercam.com\\\/wp-content\\\/uploads\\\/2020\\\/11\\\/cropped-new-favicon-black.png\",\"contentUrl\":\"https:\\\/\\\/strangercam.com\\\/wp-content\\\/uploads\\\/2020\\\/11\\\/cropped-new-favicon-black.png\",\"width\":512,\"height\":512,\"caption\":\"Strangercam\"},\"image\":{\"@id\":\"https:\\\/\\\/strangercam.com\\\/#\\\/schema\\\/logo\\\/image\\\/\"},\"sameAs\":[\"https:\\\/\\\/www.facebook.com\\\/strangercam\",\"https:\\\/\\\/x.com\\\/strangercamapp\"]}]}<\/script>\n<!-- \/ Yoast SEO plugin. -->","yoast_head_json":{"title":"Tohla - Talk To Strangers - Cam auf StrangerCam.com","description":"Gef\u00e4llt dir Tohla? Komm und chatte mit mehr als 5.000.000 Fremden auf Stranger Cam kostenlos! Schalte deine Kamera ein und finde neue Freunde und vielleicht einen Partner!","robots":{"index":"index","follow":"follow","max-snippet":"max-snippet:-1","max-image-preview":"max-image-preview:large","max-video-preview":"max-video-preview:-1"},"canonical":"https:\/\/strangercam.com\/de\/tohla\/","og_locale":"de_DE","og_type":"article","og_title":"Tohla - Talk To Strangers - Cam on StrangerCam.com","og_description":"Like Tohla? Come chat with more than 5.000.000 strangers on Stranger Cam for Free! Turn on your cam and find new friends & maby a match!","og_url":"https:\/\/strangercam.com\/de\/tohla\/","og_site_name":"Strangercam","article_publisher":"https:\/\/www.facebook.com\/strangercam","article_modified_time":"2023-08-21T10:43:51+00:00","og_image":[{"width":800,"height":800,"url":"https:\/\/strangercam.com\/wp-content\/uploads\/2020\/11\/stranger-cam-1.png","type":"image\/png"}],"twitter_card":"summary_large_image","twitter_site":"@strangercamapp","twitter_misc":{"Gesch\u00e4tzte Lesezeit":"2\u00a0Minuten"},"schema":{"@context":"https:\/\/schema.org","@graph":[{"@type":"WebPage","@id":"https:\/\/strangercam.com\/tohla\/","url":"https:\/\/strangercam.com\/tohla\/","name":"Tohla - Talk To Strangers - Cam auf StrangerCam.com","isPartOf":{"@id":"https:\/\/strangercam.com\/#website"},"primaryImageOfPage":{"@id":"https:\/\/strangercam.com\/tohla\/#primaryimage"},"image":{"@id":"https:\/\/strangercam.com\/tohla\/#primaryimage"},"thumbnailUrl":"https:\/\/strangercam.com\/wp-content\/uploads\/2020\/11\/stranger-cam-1.png","datePublished":"2021-06-20T12:24:52+00:00","dateModified":"2023-08-21T10:43:51+00:00","description":"Gef\u00e4llt dir Tohla? Komm und chatte mit mehr als 5.000.000 Fremden auf Stranger Cam kostenlos! Schalte deine Kamera ein und finde neue Freunde und vielleicht einen Partner!","breadcrumb":{"@id":"https:\/\/strangercam.com\/tohla\/#breadcrumb"},"inLanguage":"de","potentialAction":[{"@type":"ReadAction","target":["https:\/\/strangercam.com\/tohla\/"]}]},{"@type":"ImageObject","inLanguage":"de","@id":"https:\/\/strangercam.com\/tohla\/#primaryimage","url":"https:\/\/strangercam.com\/wp-content\/uploads\/2020\/11\/stranger-cam-1.png","contentUrl":"https:\/\/strangercam.com\/wp-content\/uploads\/2020\/11\/stranger-cam-1.png","width":800,"height":800,"caption":"stranger cam random video chat"},{"@type":"BreadcrumbList","@id":"https:\/\/strangercam.com\/tohla\/#breadcrumb","itemListElement":[{"@type":"ListItem","position":1,"name":"Home","item":"https:\/\/strangercam.com\/"},{"@type":"ListItem","position":2,"name":"Tohla"}]},{"@type":"WebSite","@id":"https:\/\/strangercam.com\/#website","url":"https:\/\/strangercam.com\/","name":"Strangercam","description":"Zuf\u00e4lliger Video-Chat mit Fremden","publisher":{"@id":"https:\/\/strangercam.com\/#organization"},"alternateName":"Strangercam.com","potentialAction":[{"@type":"SearchAction","target":{"@type":"EntryPoint","urlTemplate":"https:\/\/strangercam.com\/?s={search_term_string}"},"query-input":{"@type":"PropertyValueSpecification","valueRequired":true,"valueName":"search_term_string"}}],"inLanguage":"de"},{"@type":"Organization","@id":"https:\/\/strangercam.com\/#organization","name":"Strangercam","alternateName":"Strangercam.com","url":"https:\/\/strangercam.com\/","logo":{"@type":"ImageObject","inLanguage":"de","@id":"https:\/\/strangercam.com\/#\/schema\/logo\/image\/","url":"https:\/\/strangercam.com\/wp-content\/uploads\/2020\/11\/cropped-new-favicon-black.png","contentUrl":"https:\/\/strangercam.com\/wp-content\/uploads\/2020\/11\/cropped-new-favicon-black.png","width":512,"height":512,"caption":"Strangercam"},"image":{"@id":"https:\/\/strangercam.com\/#\/schema\/logo\/image\/"},"sameAs":["https:\/\/www.facebook.com\/strangercam","https:\/\/x.com\/strangercamapp"]}]}},"_links":{"self":[{"href":"https:\/\/strangercam.com\/de\/wp-json\/wp\/v2\/pages\/5209","targetHints":{"allow":["GET"]}}],"collection":[{"href":"https:\/\/strangercam.com\/de\/wp-json\/wp\/v2\/pages"}],"about":[{"href":"https:\/\/strangercam.com\/de\/wp-json\/wp\/v2\/types\/page"}],"author":[{"embeddable":true,"href":"https:\/\/strangercam.com\/de\/wp-json\/wp\/v2\/users\/6"}],"replies":[{"embeddable":true,"href":"https:\/\/strangercam.com\/de\/wp-json\/wp\/v2\/comments?post=5209"}],"version-history":[{"count":0,"href":"https:\/\/strangercam.com\/de\/wp-json\/wp\/v2\/pages\/5209\/revisions"}],"wp:featuredmedia":[{"embeddable":true,"href":"https:\/\/strangercam.com\/de\/wp-json\/wp\/v2\/media\/559"}],"wp:attachment":[{"href":"https:\/\/strangercam.com\/de\/wp-json\/wp\/v2\/media?parent=5209"}],"curies":[{"name":"wp","href":"https:\/\/api.w.org\/{rel}","templated":true}]}}