{"id":5191,"date":"2021-06-20T14:16:55","date_gmt":"2021-06-20T12:16:55","guid":{"rendered":"https:\/\/strangercam.com\/?page_id=5191"},"modified":"2023-08-21T12:24:42","modified_gmt":"2023-08-21T10:24:42","slug":"meet-skip","status":"publish","type":"page","link":"https:\/\/strangercam.com\/de\/meet-skip\/","title":{"rendered":"Meet Skip"},"content":{"rendered":"<p><b><a href=\"https:\/\/strangercam.com\/de\/coomeet\/\">Treffen Sie<\/a> \u00fcberspringen<\/b> als anonyme Person betrachtet wird <a href=\"https:\/\/strangercam.com\/de\/chatroulette\/\">Chat<\/a> Portal, auf das zugegriffen werden kann f\u00fcr <a href=\"https:\/\/strangercam.com\/de\/chat4free\/\">kostenlos<\/a>. Es bietet Nutzern eine aufregende Eins-zu-Eins-Chatroom-Erfahrung, die es Ihnen erm\u00f6glicht, mit Fremden zu chatten. Sie k\u00f6nnen tats\u00e4chlich mit anderen in Echtzeit chatten, indem Sie die super-einfache Schnittstelle benutzen. Es ist so konzipiert, dass es mit verschiedenen Arten von Ger\u00e4ten verwendet werden kann. Eine Anmeldung ist f\u00fcr den Zugang zu diesem Portal nicht erforderlich. Sie k\u00f6nnen den Chat sofort und ohne Probleme starten. Es ist diese einzigartige Funktion, die diese Zufalls-Chat-Website sehr beliebt bei Menschen aller Altersgruppen aus der ganzen Welt gemacht hat.<\/p>\n<h2>Wie melde ich mich bei meet skip an?<\/h2>\n<p>Die Registrierung eines Benutzerkontos ist nicht erforderlich, um Ihr <a href=\"https:\/\/strangercam.com\/de\/chatingly\/\">Chatten<\/a> Sitzung. Stattdessen melden Sie sich einfach bei diesem Portal an und betreten den Chat-Raum, indem Sie auf das Feld \u2018Jetzt chatten\u2019 klicken. Es bietet eine sofortige Chatsitzung, ohne dass Sie langwierige Formulare ausf\u00fcllen oder Ihre pers\u00f6nlichen Daten angeben m\u00fcssen. Sie k\u00f6nnen sich anonym mit einem beliebigen Nickname Ihrer Wahl anmelden und mit anderen Gleichgesinnten chatten. Sie haben auch die M\u00f6glichkeit, Bilder mit Ihrem Chat-Partner zu teilen.<\/p>\n<h3>Wie benutzt man meet skip?<\/h3>\n<p>Es ist sehr einfach zu bedienen und erfordert, dass Sie eine Verbindung herstellen, um die Chat-Sitzung sofort zu starten. Es gibt keine festen Regeln f\u00fcr Text oder <a href=\"https:\/\/strangercam.com\/de\/rabbit-video-chat\/\">Video-Chat<\/a>. Sie k\u00f6nnen auch einige Bilder an den Chatpartner senden, um die Sitzung interessanter zu gestalten. Es ist einfach, leicht und schnell und erlaubt Ihnen, m\u00f6glichst viele Fremde anzuziehen. Sie k\u00f6nnen diese Seite besuchen und chatten, wann immer Sie wollen, ohne sich zu registrieren oder immer wieder Ihre Daten angeben zu m\u00fcssen.<\/p>\n<h3>Was sind die Vor- und Nachteile von meet skip?<\/h3>\n<p>Dieses Portal bietet Ihnen komplette Unterhaltung, wann immer Sie es suchen, so dass Sie die Langeweile zu beseitigen. Es bietet Ihnen eine erstaunliche Zufalls-Chat-Erfahrung in Kombination mit der gemeinsamen Nutzung von Bildern. Von den Kamerarollen aus k\u00f6nnen Sie Ihre Bilder mit Ihrem aktuellen Chat-Partner teilen, um Ihre Sitzung noch eindrucksvoller zu gestalten. Es muss auch kein Profil erstellt werden. Das ist etwas, was andere Zufalls-Chat-Portale nicht bieten. Es ist vielmehr der perfekte Ort, wenn Sie sich einsam f\u00fchlen und Ihre Launen befriedigen wollen. Der einzige negative Aspekt ist, dass Sie beim Teilen Ihrer Bilder vorsichtig sein m\u00fcssen, da die eingeloggten Profile nicht vollst\u00e4ndig verifiziert sind.<\/p>","protected":false},"excerpt":{"rendered":"<p>Meet skip is considered to be an anonymous chat portal that can be accessed for free. It provides users with an exciting one-on-one chat room experience allowing you to chat with strangers. You can actually get to chat with others in real-time using its super-easy interface. It is designed to be compatible to be used [&hellip;]<\/p>\n","protected":false},"author":6,"featured_media":559,"parent":0,"menu_order":0,"comment_status":"closed","ping_status":"closed","template":"","meta":{"footnotes":""},"class_list":["post-5191","page","type-page","status-publish","has-post-thumbnail","hentry"],"yoast_head":"<!-- This site is optimized with the Yoast SEO plugin v26.9 - https:\/\/yoast.com\/product\/yoast-seo-wordpress\/ -->\n<title>Meet Skip - Random Chat Rooms - Cam on StrangerCam.com<\/title>\n<meta name=\"description\" content=\"Like Meet Skip? Come chat with more than 5.000.000 strangers on Stranger Cam for Free! Turn on your cam and find new friends &amp; maby a match!\" \/>\n<meta name=\"robots\" content=\"index, follow, max-snippet:-1, max-image-preview:large, max-video-preview:-1\" \/>\n<link rel=\"canonical\" href=\"https:\/\/strangercam.com\/de\/meet-skip\/\" \/>\n<meta property=\"og:locale\" content=\"de_DE\" \/>\n<meta property=\"og:type\" content=\"article\" \/>\n<meta property=\"og:title\" content=\"Meet Skip - Random Chat Rooms - Cam on StrangerCam.com\" \/>\n<meta property=\"og:description\" content=\"Like Meet Skip? Come chat with more than 5.000.000 strangers on Stranger Cam for Free! Turn on your cam and find new friends &amp; maby a match!\" \/>\n<meta property=\"og:url\" content=\"https:\/\/strangercam.com\/de\/meet-skip\/\" \/>\n<meta property=\"og:site_name\" content=\"Strangercam\" \/>\n<meta property=\"article:publisher\" content=\"https:\/\/www.facebook.com\/strangercam\" \/>\n<meta property=\"article:modified_time\" content=\"2023-08-21T10:24:42+00:00\" \/>\n<meta property=\"og:image\" content=\"https:\/\/strangercam.com\/wp-content\/uploads\/2020\/11\/stranger-cam-1.png\" \/>\n\t<meta property=\"og:image:width\" content=\"800\" \/>\n\t<meta property=\"og:image:height\" content=\"800\" \/>\n\t<meta property=\"og:image:type\" content=\"image\/png\" \/>\n<meta name=\"twitter:card\" content=\"summary_large_image\" \/>\n<meta name=\"twitter:site\" content=\"@strangercamapp\" \/>\n<meta name=\"twitter:label1\" content=\"Gesch\u00e4tzte Lesezeit\" \/>\n\t<meta name=\"twitter:data1\" content=\"2\u00a0Minuten\" \/>\n<script type=\"application\/ld+json\" class=\"yoast-schema-graph\">{\"@context\":\"https:\/\/schema.org\",\"@graph\":[{\"@type\":\"WebPage\",\"@id\":\"https:\/\/strangercam.com\/meet-skip\/\",\"url\":\"https:\/\/strangercam.com\/meet-skip\/\",\"name\":\"Meet Skip - Random Chat Rooms - Cam on StrangerCam.com\",\"isPartOf\":{\"@id\":\"https:\/\/strangercam.com\/#website\"},\"primaryImageOfPage\":{\"@id\":\"https:\/\/strangercam.com\/meet-skip\/#primaryimage\"},\"image\":{\"@id\":\"https:\/\/strangercam.com\/meet-skip\/#primaryimage\"},\"thumbnailUrl\":\"https:\/\/strangercam.com\/wp-content\/uploads\/2020\/11\/stranger-cam-1.png\",\"datePublished\":\"2021-06-20T12:16:55+00:00\",\"dateModified\":\"2023-08-21T10:24:42+00:00\",\"description\":\"Like Meet Skip? Come chat with more than 5.000.000 strangers on Stranger Cam for Free! Turn on your cam and find new friends & maby a match!\",\"breadcrumb\":{\"@id\":\"https:\/\/strangercam.com\/meet-skip\/#breadcrumb\"},\"inLanguage\":\"de\",\"potentialAction\":[{\"@type\":\"ReadAction\",\"target\":[\"https:\/\/strangercam.com\/meet-skip\/\"]}]},{\"@type\":\"ImageObject\",\"inLanguage\":\"de\",\"@id\":\"https:\/\/strangercam.com\/meet-skip\/#primaryimage\",\"url\":\"https:\/\/strangercam.com\/wp-content\/uploads\/2020\/11\/stranger-cam-1.png\",\"contentUrl\":\"https:\/\/strangercam.com\/wp-content\/uploads\/2020\/11\/stranger-cam-1.png\",\"width\":800,\"height\":800,\"caption\":\"stranger cam random video chat\"},{\"@type\":\"BreadcrumbList\",\"@id\":\"https:\/\/strangercam.com\/meet-skip\/#breadcrumb\",\"itemListElement\":[{\"@type\":\"ListItem\",\"position\":1,\"name\":\"Home\",\"item\":\"https:\/\/strangercam.com\/\"},{\"@type\":\"ListItem\",\"position\":2,\"name\":\"Meet Skip\"}]},{\"@type\":\"WebSite\",\"@id\":\"https:\/\/strangercam.com\/#website\",\"url\":\"https:\/\/strangercam.com\/\",\"name\":\"Strangercam\",\"description\":\"Random Video Chat with Strangers\",\"publisher\":{\"@id\":\"https:\/\/strangercam.com\/#organization\"},\"alternateName\":\"Strangercam.com\",\"potentialAction\":[{\"@type\":\"SearchAction\",\"target\":{\"@type\":\"EntryPoint\",\"urlTemplate\":\"https:\/\/strangercam.com\/?s={search_term_string}\"},\"query-input\":{\"@type\":\"PropertyValueSpecification\",\"valueRequired\":true,\"valueName\":\"search_term_string\"}}],\"inLanguage\":\"de\"},{\"@type\":\"Organization\",\"@id\":\"https:\/\/strangercam.com\/#organization\",\"name\":\"Strangercam\",\"alternateName\":\"Strangercam.com\",\"url\":\"https:\/\/strangercam.com\/\",\"logo\":{\"@type\":\"ImageObject\",\"inLanguage\":\"de\",\"@id\":\"https:\/\/strangercam.com\/#\/schema\/logo\/image\/\",\"url\":\"https:\/\/strangercam.com\/wp-content\/uploads\/2020\/11\/cropped-new-favicon-black.png\",\"contentUrl\":\"https:\/\/strangercam.com\/wp-content\/uploads\/2020\/11\/cropped-new-favicon-black.png\",\"width\":512,\"height\":512,\"caption\":\"Strangercam\"},\"image\":{\"@id\":\"https:\/\/strangercam.com\/#\/schema\/logo\/image\/\"},\"sameAs\":[\"https:\/\/www.facebook.com\/strangercam\",\"https:\/\/x.com\/strangercamapp\"]}]}<\/script>\n<!-- \/ Yoast SEO plugin. -->","yoast_head_json":{"title":"Meet Skip - Random Chat Rooms - Cam auf StrangerCam.com","description":"Gef\u00e4llt dir Meet Skip? Komm und chatte mit mehr als 5.000.000 Fremden auf Stranger Cam kostenlos! Schalte deine Kamera ein und finde neue Freunde und vielleicht einen Partner!","robots":{"index":"index","follow":"follow","max-snippet":"max-snippet:-1","max-image-preview":"max-image-preview:large","max-video-preview":"max-video-preview:-1"},"canonical":"https:\/\/strangercam.com\/de\/meet-skip\/","og_locale":"de_DE","og_type":"article","og_title":"Meet Skip - Random Chat Rooms - Cam on StrangerCam.com","og_description":"Like Meet Skip? Come chat with more than 5.000.000 strangers on Stranger Cam for Free! Turn on your cam and find new friends & maby a match!","og_url":"https:\/\/strangercam.com\/de\/meet-skip\/","og_site_name":"Strangercam","article_publisher":"https:\/\/www.facebook.com\/strangercam","article_modified_time":"2023-08-21T10:24:42+00:00","og_image":[{"width":800,"height":800,"url":"https:\/\/strangercam.com\/wp-content\/uploads\/2020\/11\/stranger-cam-1.png","type":"image\/png"}],"twitter_card":"summary_large_image","twitter_site":"@strangercamapp","twitter_misc":{"Gesch\u00e4tzte Lesezeit":"2\u00a0Minuten"},"schema":{"@context":"https:\/\/schema.org","@graph":[{"@type":"WebPage","@id":"https:\/\/strangercam.com\/meet-skip\/","url":"https:\/\/strangercam.com\/meet-skip\/","name":"Meet Skip - Random Chat Rooms - Cam auf StrangerCam.com","isPartOf":{"@id":"https:\/\/strangercam.com\/#website"},"primaryImageOfPage":{"@id":"https:\/\/strangercam.com\/meet-skip\/#primaryimage"},"image":{"@id":"https:\/\/strangercam.com\/meet-skip\/#primaryimage"},"thumbnailUrl":"https:\/\/strangercam.com\/wp-content\/uploads\/2020\/11\/stranger-cam-1.png","datePublished":"2021-06-20T12:16:55+00:00","dateModified":"2023-08-21T10:24:42+00:00","description":"Gef\u00e4llt dir Meet Skip? Komm und chatte mit mehr als 5.000.000 Fremden auf Stranger Cam kostenlos! Schalte deine Kamera ein und finde neue Freunde und vielleicht einen Partner!","breadcrumb":{"@id":"https:\/\/strangercam.com\/meet-skip\/#breadcrumb"},"inLanguage":"de","potentialAction":[{"@type":"ReadAction","target":["https:\/\/strangercam.com\/meet-skip\/"]}]},{"@type":"ImageObject","inLanguage":"de","@id":"https:\/\/strangercam.com\/meet-skip\/#primaryimage","url":"https:\/\/strangercam.com\/wp-content\/uploads\/2020\/11\/stranger-cam-1.png","contentUrl":"https:\/\/strangercam.com\/wp-content\/uploads\/2020\/11\/stranger-cam-1.png","width":800,"height":800,"caption":"stranger cam random video chat"},{"@type":"BreadcrumbList","@id":"https:\/\/strangercam.com\/meet-skip\/#breadcrumb","itemListElement":[{"@type":"ListItem","position":1,"name":"Home","item":"https:\/\/strangercam.com\/"},{"@type":"ListItem","position":2,"name":"Meet Skip"}]},{"@type":"WebSite","@id":"https:\/\/strangercam.com\/#website","url":"https:\/\/strangercam.com\/","name":"Strangercam","description":"Zuf\u00e4lliger Video-Chat mit Fremden","publisher":{"@id":"https:\/\/strangercam.com\/#organization"},"alternateName":"Strangercam.com","potentialAction":[{"@type":"SearchAction","target":{"@type":"EntryPoint","urlTemplate":"https:\/\/strangercam.com\/?s={search_term_string}"},"query-input":{"@type":"PropertyValueSpecification","valueRequired":true,"valueName":"search_term_string"}}],"inLanguage":"de"},{"@type":"Organization","@id":"https:\/\/strangercam.com\/#organization","name":"Strangercam","alternateName":"Strangercam.com","url":"https:\/\/strangercam.com\/","logo":{"@type":"ImageObject","inLanguage":"de","@id":"https:\/\/strangercam.com\/#\/schema\/logo\/image\/","url":"https:\/\/strangercam.com\/wp-content\/uploads\/2020\/11\/cropped-new-favicon-black.png","contentUrl":"https:\/\/strangercam.com\/wp-content\/uploads\/2020\/11\/cropped-new-favicon-black.png","width":512,"height":512,"caption":"Strangercam"},"image":{"@id":"https:\/\/strangercam.com\/#\/schema\/logo\/image\/"},"sameAs":["https:\/\/www.facebook.com\/strangercam","https:\/\/x.com\/strangercamapp"]}]}},"_links":{"self":[{"href":"https:\/\/strangercam.com\/de\/wp-json\/wp\/v2\/pages\/5191","targetHints":{"allow":["GET"]}}],"collection":[{"href":"https:\/\/strangercam.com\/de\/wp-json\/wp\/v2\/pages"}],"about":[{"href":"https:\/\/strangercam.com\/de\/wp-json\/wp\/v2\/types\/page"}],"author":[{"embeddable":true,"href":"https:\/\/strangercam.com\/de\/wp-json\/wp\/v2\/users\/6"}],"replies":[{"embeddable":true,"href":"https:\/\/strangercam.com\/de\/wp-json\/wp\/v2\/comments?post=5191"}],"version-history":[{"count":0,"href":"https:\/\/strangercam.com\/de\/wp-json\/wp\/v2\/pages\/5191\/revisions"}],"wp:featuredmedia":[{"embeddable":true,"href":"https:\/\/strangercam.com\/de\/wp-json\/wp\/v2\/media\/559"}],"wp:attachment":[{"href":"https:\/\/strangercam.com\/de\/wp-json\/wp\/v2\/media?parent=5191"}],"curies":[{"name":"wp","href":"https:\/\/api.w.org\/{rel}","templated":true}]}}