{"id":5153,"date":"2021-06-19T21:32:14","date_gmt":"2021-06-19T19:32:14","guid":{"rendered":"https:\/\/strangercam.com\/?page_id=5153"},"modified":"2023-08-21T12:24:41","modified_gmt":"2023-08-21T10:24:41","slug":"flirtymania","status":"publish","type":"page","link":"https:\/\/strangercam.com\/de\/flirtymania\/","title":{"rendered":"Flirtymania"},"content":{"rendered":"<p><b>Flirtymania<\/b> entwickelt sich schnell zu einer beliebten Webcam <a href=\"https:\/\/strangercam.com\/de\/chatroulette\/\">Chat<\/a> und erfreut sich t\u00e4glich an Tausenden von Neuanmeldungen. Diese Website erm\u00f6glicht es Ihnen, ein Datum zu finden, <a href=\"https:\/\/strangercam.com\/de\/coomeet\/\">treffen<\/a> neue Freunde, sprechen Sie mit gleichgesinnten Fremden oder treffen Sie Ihre geliebte Person. Mit so vielen interessanten Funktionen erlaubt Ihnen diese Seite, ein romantisches Leben zu genie\u00dfen und zu haben. Sie k\u00f6nnen leicht Zugang zu Live-Webcams und <a href=\"https:\/\/strangercam.com\/de\/rabbit-video-chat\/\">Video-Chat<\/a> R\u00e4ume kostenlos. F\u00fchren Sie zuf\u00e4llige Videoanrufe und treten Sie in Gruppen-Chatr\u00e4ume ein, um lange Gespr\u00e4che mit anderen zu f\u00fchren.<\/p>\n<h2>Wie kann man sich bei flirtymania anmelden?<\/h2>\n<p>Um Zugang zu den verschiedenen Chat-Versionen zu erhalten, ist es wichtig, sich auf dieser Website zu registrieren. Dazu m\u00fcssen Sie Ihre pers\u00f6nlichen Daten im Registrierungsformular korrekt angeben, einschlie\u00dflich Ihrer Benutzerkennung und Ihres Passworts. Sobald diese generiert sind, k\u00f6nnen Sie auf die verschiedenen Chat-Fenster zugreifen, die hier angeboten werden. Sie k\u00f6nnen auch die Person sehen, mit der Sie chatten m\u00f6chten, und einfach auf das Fenster klicken, um Ihre Chatsitzung zu starten. Die Anmeldung auf dieser Website ist ganz einfach, leicht und schnell. Es gibt sowohl bezahlte als auch Video-Chat-Versionen, je nach Ihrer Wahl.<\/p>\n<h3>Wie benutzt man flirtymania?<\/h3>\n<p>Diese Website bietet den Nutzern eine Vielzahl von Optionen und ist recht einfach zu bedienen. Zun\u00e4chst m\u00fcssen Sie sich registrieren, indem Sie ein Fenster Ihrer Wahl besuchen und Ihre Benutzerkennung und Ihr Passwort erstellen. Danach erhalten Sie Zugang zu kostenlosem Webcam-Chat, kostenlosen <a href=\"https:\/\/strangercam.com\/de\/bazoocam\/\">Nocken<\/a> Chat, Webcam-Chatroom, usw. Es gibt Tausende von \u00f6ffentlichen und privaten Chatr\u00e4umen, in die Sie eintreten k\u00f6nnen, um eine interessante und unterhaltsame Sitzung zu haben. Es ist v\u00f6llig sicher und viel interessanter, so dass Sie bekommen, wof\u00fcr Sie bezahlen.<\/p>\n<h3>Was sind die Vor- und Nachteile von flirtymania?<\/h3>\n<p>Webcam-Chatroom auf dieser Website erm\u00f6glicht Ihnen den Zugang zu kostenlosen Live <a href=\"https:\/\/strangercam.com\/de\/video-chat-mit-maedchen\/\">M\u00e4dchen<\/a> mit voller Anonymit\u00e4t. Pers\u00f6nliche Informationen m\u00fcssen nicht angezeigt werden, w\u00e4hrend Sie ohne Ihre Erlaubnis vollen Zugang genie\u00dfen. Sie k\u00f6nnen einem der Tausenden von \u00f6ffentlichen und privaten Chatr\u00e4umen beitreten, die mit Fremden auf der ganzen Welt gef\u00fcllt sind. Sie haben die volle Kontrolle dar\u00fcber, mit wem Sie je nach Ihrer Stimmung chatten. In diesem kostenlosen Webcam-Chat gibt es viele tolle Sticker. Der einzige Nachteil ist, dass du Geld ausgeben musst, um einen Freund zu erfreuen oder das Herz eines anderen zu gewinnen. Aber es ist den Versuch wert, da Sie maximalen Spa\u00df an dieser Seite haben und immer wieder gerne zur\u00fcckkommen werden.<\/p>","protected":false},"excerpt":{"rendered":"<p>Flirtymania is fast becoming a popular webcam chat and enjoying new registrations in thousands with each passing day. This site allows you to find a date, meet new friends, talk to likeminded strangers or meet your beloved one. With so many interesting features, this site allows you to permits you to enjoy and have a [&hellip;]<\/p>\n","protected":false},"author":6,"featured_media":559,"parent":0,"menu_order":0,"comment_status":"closed","ping_status":"closed","template":"","meta":{"footnotes":""},"class_list":["post-5153","page","type-page","status-publish","has-post-thumbnail","hentry"],"yoast_head":"<!-- This site is optimized with the Yoast SEO plugin v26.9 - https:\/\/yoast.com\/product\/yoast-seo-wordpress\/ -->\n<title>Flirtymania - Video Chat With Girls - Cam on StrangerCam.com<\/title>\n<meta name=\"description\" content=\"Like Flirtymania? Come chat with more than 5.000.000 strangers on Stranger Cam for Free! Turn on your cam and find new friends &amp; maby a match!\" \/>\n<meta name=\"robots\" content=\"index, follow, max-snippet:-1, max-image-preview:large, max-video-preview:-1\" \/>\n<link rel=\"canonical\" href=\"https:\/\/strangercam.com\/de\/flirtymania\/\" \/>\n<meta property=\"og:locale\" content=\"de_DE\" \/>\n<meta property=\"og:type\" content=\"article\" \/>\n<meta property=\"og:title\" content=\"Flirtymania - Video Chat With Girls - Cam on StrangerCam.com\" \/>\n<meta property=\"og:description\" content=\"Like Flirtymania? Come chat with more than 5.000.000 strangers on Stranger Cam for Free! Turn on your cam and find new friends &amp; maby a match!\" \/>\n<meta property=\"og:url\" content=\"https:\/\/strangercam.com\/de\/flirtymania\/\" \/>\n<meta property=\"og:site_name\" content=\"Strangercam\" \/>\n<meta property=\"article:publisher\" content=\"https:\/\/www.facebook.com\/strangercam\" \/>\n<meta property=\"article:modified_time\" content=\"2023-08-21T10:24:41+00:00\" \/>\n<meta property=\"og:image\" content=\"https:\/\/strangercam.com\/wp-content\/uploads\/2020\/11\/stranger-cam-1.png\" \/>\n\t<meta property=\"og:image:width\" content=\"800\" \/>\n\t<meta property=\"og:image:height\" content=\"800\" \/>\n\t<meta property=\"og:image:type\" content=\"image\/png\" \/>\n<meta name=\"twitter:card\" content=\"summary_large_image\" \/>\n<meta name=\"twitter:site\" content=\"@strangercamapp\" \/>\n<meta name=\"twitter:label1\" content=\"Gesch\u00e4tzte Lesezeit\" \/>\n\t<meta name=\"twitter:data1\" content=\"2\u00a0Minuten\" \/>\n<script type=\"application\/ld+json\" class=\"yoast-schema-graph\">{\"@context\":\"https:\/\/schema.org\",\"@graph\":[{\"@type\":\"WebPage\",\"@id\":\"https:\/\/strangercam.com\/flirtymania\/\",\"url\":\"https:\/\/strangercam.com\/flirtymania\/\",\"name\":\"Flirtymania - Video Chat With Girls - Cam on StrangerCam.com\",\"isPartOf\":{\"@id\":\"https:\/\/strangercam.com\/#website\"},\"primaryImageOfPage\":{\"@id\":\"https:\/\/strangercam.com\/flirtymania\/#primaryimage\"},\"image\":{\"@id\":\"https:\/\/strangercam.com\/flirtymania\/#primaryimage\"},\"thumbnailUrl\":\"https:\/\/strangercam.com\/wp-content\/uploads\/2020\/11\/stranger-cam-1.png\",\"datePublished\":\"2021-06-19T19:32:14+00:00\",\"dateModified\":\"2023-08-21T10:24:41+00:00\",\"description\":\"Like Flirtymania? Come chat with more than 5.000.000 strangers on Stranger Cam for Free! Turn on your cam and find new friends & maby a match!\",\"breadcrumb\":{\"@id\":\"https:\/\/strangercam.com\/flirtymania\/#breadcrumb\"},\"inLanguage\":\"de\",\"potentialAction\":[{\"@type\":\"ReadAction\",\"target\":[\"https:\/\/strangercam.com\/flirtymania\/\"]}]},{\"@type\":\"ImageObject\",\"inLanguage\":\"de\",\"@id\":\"https:\/\/strangercam.com\/flirtymania\/#primaryimage\",\"url\":\"https:\/\/strangercam.com\/wp-content\/uploads\/2020\/11\/stranger-cam-1.png\",\"contentUrl\":\"https:\/\/strangercam.com\/wp-content\/uploads\/2020\/11\/stranger-cam-1.png\",\"width\":800,\"height\":800,\"caption\":\"stranger cam random video chat\"},{\"@type\":\"BreadcrumbList\",\"@id\":\"https:\/\/strangercam.com\/flirtymania\/#breadcrumb\",\"itemListElement\":[{\"@type\":\"ListItem\",\"position\":1,\"name\":\"Home\",\"item\":\"https:\/\/strangercam.com\/\"},{\"@type\":\"ListItem\",\"position\":2,\"name\":\"Flirtymania\"}]},{\"@type\":\"WebSite\",\"@id\":\"https:\/\/strangercam.com\/#website\",\"url\":\"https:\/\/strangercam.com\/\",\"name\":\"Strangercam\",\"description\":\"Random Video Chat with Strangers\",\"publisher\":{\"@id\":\"https:\/\/strangercam.com\/#organization\"},\"alternateName\":\"Strangercam.com\",\"potentialAction\":[{\"@type\":\"SearchAction\",\"target\":{\"@type\":\"EntryPoint\",\"urlTemplate\":\"https:\/\/strangercam.com\/?s={search_term_string}\"},\"query-input\":{\"@type\":\"PropertyValueSpecification\",\"valueRequired\":true,\"valueName\":\"search_term_string\"}}],\"inLanguage\":\"de\"},{\"@type\":\"Organization\",\"@id\":\"https:\/\/strangercam.com\/#organization\",\"name\":\"Strangercam\",\"alternateName\":\"Strangercam.com\",\"url\":\"https:\/\/strangercam.com\/\",\"logo\":{\"@type\":\"ImageObject\",\"inLanguage\":\"de\",\"@id\":\"https:\/\/strangercam.com\/#\/schema\/logo\/image\/\",\"url\":\"https:\/\/strangercam.com\/wp-content\/uploads\/2020\/11\/cropped-new-favicon-black.png\",\"contentUrl\":\"https:\/\/strangercam.com\/wp-content\/uploads\/2020\/11\/cropped-new-favicon-black.png\",\"width\":512,\"height\":512,\"caption\":\"Strangercam\"},\"image\":{\"@id\":\"https:\/\/strangercam.com\/#\/schema\/logo\/image\/\"},\"sameAs\":[\"https:\/\/www.facebook.com\/strangercam\",\"https:\/\/x.com\/strangercamapp\"]}]}<\/script>\n<!-- \/ Yoast SEO plugin. -->","yoast_head_json":{"title":"Flirtymania - Video Chat mit M\u00e4dchen - Cam auf StrangerCam.com","description":"Gef\u00e4llt dir Flirtymania? Komm und chatte mit mehr als 5.000.000 Fremden auf Stranger Cam kostenlos! Schalte deine Kamera ein und finde neue Freunde und vielleicht einen Partner!","robots":{"index":"index","follow":"follow","max-snippet":"max-snippet:-1","max-image-preview":"max-image-preview:large","max-video-preview":"max-video-preview:-1"},"canonical":"https:\/\/strangercam.com\/de\/flirtymania\/","og_locale":"de_DE","og_type":"article","og_title":"Flirtymania - Video Chat With Girls - Cam on StrangerCam.com","og_description":"Like Flirtymania? Come chat with more than 5.000.000 strangers on Stranger Cam for Free! Turn on your cam and find new friends & maby a match!","og_url":"https:\/\/strangercam.com\/de\/flirtymania\/","og_site_name":"Strangercam","article_publisher":"https:\/\/www.facebook.com\/strangercam","article_modified_time":"2023-08-21T10:24:41+00:00","og_image":[{"width":800,"height":800,"url":"https:\/\/strangercam.com\/wp-content\/uploads\/2020\/11\/stranger-cam-1.png","type":"image\/png"}],"twitter_card":"summary_large_image","twitter_site":"@strangercamapp","twitter_misc":{"Gesch\u00e4tzte Lesezeit":"2\u00a0Minuten"},"schema":{"@context":"https:\/\/schema.org","@graph":[{"@type":"WebPage","@id":"https:\/\/strangercam.com\/flirtymania\/","url":"https:\/\/strangercam.com\/flirtymania\/","name":"Flirtymania - Video Chat mit M\u00e4dchen - Cam auf StrangerCam.com","isPartOf":{"@id":"https:\/\/strangercam.com\/#website"},"primaryImageOfPage":{"@id":"https:\/\/strangercam.com\/flirtymania\/#primaryimage"},"image":{"@id":"https:\/\/strangercam.com\/flirtymania\/#primaryimage"},"thumbnailUrl":"https:\/\/strangercam.com\/wp-content\/uploads\/2020\/11\/stranger-cam-1.png","datePublished":"2021-06-19T19:32:14+00:00","dateModified":"2023-08-21T10:24:41+00:00","description":"Gef\u00e4llt dir Flirtymania? Komm und chatte mit mehr als 5.000.000 Fremden auf Stranger Cam kostenlos! Schalte deine Kamera ein und finde neue Freunde und vielleicht einen Partner!","breadcrumb":{"@id":"https:\/\/strangercam.com\/flirtymania\/#breadcrumb"},"inLanguage":"de","potentialAction":[{"@type":"ReadAction","target":["https:\/\/strangercam.com\/flirtymania\/"]}]},{"@type":"ImageObject","inLanguage":"de","@id":"https:\/\/strangercam.com\/flirtymania\/#primaryimage","url":"https:\/\/strangercam.com\/wp-content\/uploads\/2020\/11\/stranger-cam-1.png","contentUrl":"https:\/\/strangercam.com\/wp-content\/uploads\/2020\/11\/stranger-cam-1.png","width":800,"height":800,"caption":"stranger cam random video chat"},{"@type":"BreadcrumbList","@id":"https:\/\/strangercam.com\/flirtymania\/#breadcrumb","itemListElement":[{"@type":"ListItem","position":1,"name":"Home","item":"https:\/\/strangercam.com\/"},{"@type":"ListItem","position":2,"name":"Flirtymania"}]},{"@type":"WebSite","@id":"https:\/\/strangercam.com\/#website","url":"https:\/\/strangercam.com\/","name":"Strangercam","description":"Zuf\u00e4lliger Video-Chat mit Fremden","publisher":{"@id":"https:\/\/strangercam.com\/#organization"},"alternateName":"Strangercam.com","potentialAction":[{"@type":"SearchAction","target":{"@type":"EntryPoint","urlTemplate":"https:\/\/strangercam.com\/?s={search_term_string}"},"query-input":{"@type":"PropertyValueSpecification","valueRequired":true,"valueName":"search_term_string"}}],"inLanguage":"de"},{"@type":"Organization","@id":"https:\/\/strangercam.com\/#organization","name":"Strangercam","alternateName":"Strangercam.com","url":"https:\/\/strangercam.com\/","logo":{"@type":"ImageObject","inLanguage":"de","@id":"https:\/\/strangercam.com\/#\/schema\/logo\/image\/","url":"https:\/\/strangercam.com\/wp-content\/uploads\/2020\/11\/cropped-new-favicon-black.png","contentUrl":"https:\/\/strangercam.com\/wp-content\/uploads\/2020\/11\/cropped-new-favicon-black.png","width":512,"height":512,"caption":"Strangercam"},"image":{"@id":"https:\/\/strangercam.com\/#\/schema\/logo\/image\/"},"sameAs":["https:\/\/www.facebook.com\/strangercam","https:\/\/x.com\/strangercamapp"]}]}},"_links":{"self":[{"href":"https:\/\/strangercam.com\/de\/wp-json\/wp\/v2\/pages\/5153","targetHints":{"allow":["GET"]}}],"collection":[{"href":"https:\/\/strangercam.com\/de\/wp-json\/wp\/v2\/pages"}],"about":[{"href":"https:\/\/strangercam.com\/de\/wp-json\/wp\/v2\/types\/page"}],"author":[{"embeddable":true,"href":"https:\/\/strangercam.com\/de\/wp-json\/wp\/v2\/users\/6"}],"replies":[{"embeddable":true,"href":"https:\/\/strangercam.com\/de\/wp-json\/wp\/v2\/comments?post=5153"}],"version-history":[{"count":0,"href":"https:\/\/strangercam.com\/de\/wp-json\/wp\/v2\/pages\/5153\/revisions"}],"wp:featuredmedia":[{"embeddable":true,"href":"https:\/\/strangercam.com\/de\/wp-json\/wp\/v2\/media\/559"}],"wp:attachment":[{"href":"https:\/\/strangercam.com\/de\/wp-json\/wp\/v2\/media?parent=5153"}],"curies":[{"name":"wp","href":"https:\/\/api.w.org\/{rel}","templated":true}]}}