{"id":5113,"date":"2021-06-19T21:05:49","date_gmt":"2021-06-19T19:05:49","guid":{"rendered":"https:\/\/strangercam.com\/?page_id=5113"},"modified":"2023-08-21T11:40:39","modified_gmt":"2023-08-21T09:40:39","slug":"chatiw","status":"publish","type":"page","link":"https:\/\/strangercam.com\/de\/chatiw\/","title":{"rendered":"Chatiw"},"content":{"rendered":"<p>M\u00f6glicherweise suchen Sie online nach einer geeigneten Person und sind daher interessiert an <a href=\"https:\/\/strangercam.com\/de\/chatingly\/\">Chatten<\/a> mit zuf\u00e4lligen Fremden online.<\/p>\n<p>Wenn das der Fall ist, sind Sie bei uns richtig!<\/p>\n<p>Hier finden Sie einen vollst\u00e4ndigen Leitfaden f\u00fcr eine wunderbare Online-Plattform, \u00fcber die Sie an einem Tag mit Dutzenden von Fremden sprechen k\u00f6nnen.<\/p>\n<p>Das klingt beeindruckend, nicht wahr?<\/p>\n<p>Zwar gibt es zahlreiche Online-Dating-Seiten und -Apps,\u00a0<b>chatiw<\/b> ist etwas anderes. Diese chatbasierte Plattform bietet ihren Nutzern <a href=\"https:\/\/strangercam.com\/de\/chat4free\/\">kostenlos<\/a> Kommunikation, die es Ihnen erm\u00f6glicht, kostenlos mit Tausenden von Fremden aus verschiedenen L\u00e4ndern in Kontakt zu treten.<\/p>\n<p>Es gibt keine Einschr\u00e4nkungen hinsichtlich der Art und Weise, wie und mit wem Sie kommunizieren, einschlie\u00dflich der Standortwahl. Sie k\u00f6nnen <a href=\"https:\/\/strangercam.com\/de\/chatroulette\/\">Chat<\/a> zwanglos, wenn Sie etwas weniger Ernstes oder einen guten Freund suchen. Sie k\u00f6nnen auch von der M\u00f6glichkeit Gebrauch machen, einen Seelenverwandten oder einen Partner zu suchen. So bietet diese Seite Ihnen immense Freiheit zu tun, ganz nach Ihren Launen.<\/p>\n<h2>Wie meldet man sich bei Chatiw an?<\/h2>\n<p>Seine Registrierungsfunktion ist einzigartig. Sie werden nirgendwo sonst ein Registrierungsverfahren wie Chatiw finden.<\/p>\n<p>Kostenlose Nutzer m\u00fcssen sich nicht registrieren, um diese Seite zu nutzen und mit Fremden in Kontakt zu treten. Auf der Hauptseite der Website sind mehrere Felder vorhanden, die korrekt und angemessen ausgef\u00fcllt werden m\u00fcssen.<\/p>\n<p>Dazu geh\u00f6ren Benutzername, Ort, Geschlecht und Alter. Danach k\u00f6nnen Sie mit jeder Person chatten, mit der Sie sich verbunden f\u00fchlen. Diese App\/Seite erm\u00f6glicht es Ihnen auch, GPS-Tracking zu verwenden, um Ihren genauen Standort und den der anderen Person anzugeben.<\/p>\n<h3>Wie wird Chatiw verwendet?<\/h3>\n<p>Chatten ist die Hauptaktivit\u00e4t, die auf dieser Website angeboten wird. Daher sind die angebotenen Charting-Funktionen optimal. Sie erm\u00f6glicht es Ihnen, Informationen, Fotos und Links zu senden und Ihren Chatverlauf durchzusehen.<\/p>\n<p>Einige Funktionen werden jedoch nur f\u00fcr Premium-Kunden angeboten. Sie k\u00f6nnen Profile, an denen Sie nicht interessiert sind, ganz einfach blockieren und ignorieren. Die angebotenen Funktionen sind ziemlich interessant und einfach zu bedienen.<\/p>\n<p>Au\u00dferdem ist das entwickelte Chatsystem ziemlich leistungsf\u00e4hig. Die Menschen auf dieser Plattform sind ein bisschen reifer, und die meisten von ihnen wissen, wonach sie suchen. Alles hier kann als intuitiv und unkompliziert empfunden werden. Wenn du an jemandem interessiert bist, kannst du es ihm einfach sagen und wenn nicht, einfach ignorieren.<\/p>\n<h3>Was sind die Vor- und Nachteile von Chatiw?<\/h3>\n<p>Die Nutzung dieser Website ist relativ einfach. Die Schnittstelle der Website ist einfach. Sie k\u00f6nnen sie leicht benutzen, auch wenn Sie noch nie eine Dating-Website benutzt haben!<\/p>\n<p>Als kostenloser Nutzer haben Sie die folgenden Vorteile;<\/p>\n<ul>\n<li style=\"font-weight: 400;\" aria-level=\"1\">Eine Registrierung ist nicht erforderlich, und der gesamte Vorgang ist einfach und kostenlos.<\/li>\n<li style=\"font-weight: 400;\" aria-level=\"1\">Sie m\u00fcssen Ihre Zeit nicht mit der Erstellung langer Profile verschwenden.<\/li>\n<li style=\"font-weight: 400;\" aria-level=\"1\">Sie k\u00f6nnen sowohl lesen als auch Blogeintr\u00e4ge zum Erfahrungsaustausch \u00fcber Beziehungen, Dating und Online-Kommunikation lesen.<\/li>\n<li style=\"font-weight: 400;\" aria-level=\"1\">Es ist ein fantastischer Ort, an dem man 24\/7 Unterhaltung findet.<\/li>\n<\/ul>\n<p>Einige Nachteile, die bei dieser Online-Chat-Site aufgefallen sind, sind unsachgem\u00e4\u00dfe Registrierungsfunktionen.<\/p>\n<ul>\n<li style=\"font-weight: 400;\" aria-level=\"1\">Jedes Mal, wenn Sie versuchen, die Seite zum Chatten zu betreten, m\u00fcssen Sie Ihren Benutzernamen und andere relevante Informationen angeben, aber nur f\u00fcr kostenlose Mitglieder.<\/li>\n<li style=\"font-weight: 400;\" aria-level=\"1\">Derzeit gibt es zahlreiche unangemessene und betr\u00fcgerische Profile, die auf der Plattform arbeiten.<\/li>\n<li style=\"font-weight: 400;\" aria-level=\"1\">Um in den Genuss aller Funktionen zu kommen, m\u00fcssen Sie ein VIP- oder Premium-Mitglied werden, indem Sie auf der Website bezahlen.<\/li>\n<\/ul>\n<h3>Tipps von Chatiw<\/h3>\n<p>Chatiw ist zweifelsohne eine fantastische Online-Chat-Plattform, aber das Gute daran ist, dass sie die Benutzer f\u00fchren.<\/p>\n<p>Sie haben einen eigenen Blog!<\/p>\n<p>In dem Blog wird versucht, die Umgangsformen und die Art und Weise, wie man online mit einem Fremden sprechen sollte, zu erkl\u00e4ren. Das ist in zweierlei Hinsicht ein guter Schritt.<\/p>\n<ul>\n<li style=\"font-weight: 400;\" aria-level=\"1\">Zun\u00e4chst leitet es die Benutzer an und sagt ihnen, wie sie sprechen m\u00fcssen, um die Person am anderen Ende zu beeindrucken.<\/li>\n<li style=\"font-weight: 400;\" aria-level=\"1\">Das Zweitwichtigste an diesem Blog ist, dass er sagt, wie man sich verhalten soll!<\/li>\n<\/ul>\n<p>Dies ist eine hervorragende M\u00f6glichkeit, dem Publikum zu vermitteln, dass es besser ist, sich zu benehmen, als verboten zu werden!<\/p>\n<p>Warum Chatiw verwenden?<\/p>\n<h3>Mobile App<\/h3>\n<p>Kein Grund zur Sorge!<\/p>\n<p>Chatiw hat auch eine mobile Anwendung. Wie wir wissen, k\u00f6nnen wir nicht immer den Browser benutzen. F\u00fcr die Bequemlichkeit der Benutzer hat Chatiw diesen Schritt gemacht und diese einzigartige App eingef\u00fchrt.<\/p>\n<p>Wenn Sie ein Android-Nutzer sind, k\u00f6nnen Sie die App aus dem Play Store herunterladen, und wenn Sie ein iPhone-Nutzer sind, k\u00f6nnen Sie die App aus dem App Store herunterladen.<\/p>\n<h3>Kernst\u00fcck von Chatiw<\/h3>\n<p>Bei Chatiw geht es nicht nur um Text und <a href=\"https:\/\/strangercam.com\/de\/rabbit-video-chat\/\">Video<\/a> Chatten. Es geht nicht nur darum, mit Fremden zu sprechen. Die Entwickler, die die Website und dann die App entwickelt haben, hatten eine gr\u00f6\u00dfere Vision im Sinn.<\/p>\n<p>Bei Chatiw geht es darum, einen perfekten Partner zu finden, einen Seelenverwandten!<\/p>\n<p>Es ist nicht wie gew\u00f6hnliche Chat-Plattformen, die es nur erlauben, mit Leuten zu reden und dann was zuf\u00e4llig? Nichts?<\/p>\n<p>Wenn das der Fall w\u00e4re, warum sollte man dann \u00fcberhaupt reden?<\/p>\n<p>Hinter allem sollte ein Grund stehen, und ein Gespr\u00e4ch sollte zu etwas f\u00fchren, sonst belastet es beide Parteien.<\/p>\n<p>Aus diesem Grund sch\u00e4tzt es Chatiw, wenn Sie Ihr Gespr\u00e4ch mit dem <a href=\"https:\/\/strangercam.com\/de\/nextcam\/\">n\u00e4chste<\/a> Das ist das Erstaunlichste an dieser Website.<\/p>\n<h3>Datenschutz<\/h3>\n<p>Hier sind Sie sicher. Sie k\u00f6nnen Ihre Bilder mit der Person teilen, die Sie w\u00e4hrend des Chats m\u00f6gen, ohne sich um Ihre Privatsph\u00e4re zu sorgen. Chatiw bietet Ihnen Sicherheit!<\/p>\n<p>Die Menschen meiden Online-Chat-Plattformen aus zwei Gr\u00fcnden. Der eine ist die Komplexit\u00e4t, der andere der Datenschutz. Chatiw hat eine solide L\u00f6sung f\u00fcr beide Gr\u00fcnde. Sie haben ihre Website einfach und leicht zu bedienen gemacht. Und was den Datenschutz betrifft, so hat das Unternehmen einen soliden Plan. Chatiw sammelt nur Vorname, Nachname, E-Mail-Adresse Nutzungsdaten, eindeutige Ger\u00e4tekennungen f\u00fcr Werbung (Google Advertiser ID), verschiedene Arten von Daten, Cookies, geografische Position und Sprache.<\/p>\n<p>Apropos Standort, sie sammeln nur Standort, um Sie ein perfektes Spiel zu finden. Ein Spiel zu finden ist manchmal schwierig, aber der Standort kann helfen, denn je n\u00e4her Ihr Partner ist, desto besser wird es sein, wie wir bereits besprochen haben, dass Chatiw sch\u00e4tzt Beziehungen auf die n\u00e4chste Stufe zu nehmen.<\/p>\n<h3>Schlussfolgerung<\/h3>\n<p>Insgesamt ist Chatiw eine ausgezeichnete Online-Chat-Website. Sie k\u00f6nnen sich mit Fremden unterhalten und neue Freundschaften schlie\u00dfen. Sie k\u00f6nnen all dies tun, w\u00e4hrend Sie Ihre Identit\u00e4t sicher halten.<\/p>","protected":false},"excerpt":{"rendered":"<p>You may be trying to find a suitable person online and hence be interested in chatting with random strangers online. If it is the case, you are in the right place! Here is a complete guide to a wonderful online platform through which you can talk to dozens of strangers in a day. It sounds [&hellip;]<\/p>\n","protected":false},"author":6,"featured_media":559,"parent":0,"menu_order":0,"comment_status":"closed","ping_status":"closed","template":"","meta":{"footnotes":""},"class_list":["post-5113","page","type-page","status-publish","has-post-thumbnail","hentry"],"yoast_head":"<!-- This site is optimized with the Yoast SEO plugin v27.4 - https:\/\/yoast.com\/product\/yoast-seo-wordpress\/ -->\n<title>Chatiw - Free Text Chat Rooms - Cam on StrangerCam.com<\/title>\n<meta name=\"description\" content=\"Like Chatiw? Come chat with more than 5.000.000 strangers on Stranger Cam for Free! Turn on your cam and find new friends &amp; maby a match!\" \/>\n<meta name=\"robots\" content=\"index, follow, max-snippet:-1, max-image-preview:large, max-video-preview:-1\" \/>\n<link rel=\"canonical\" href=\"https:\/\/strangercam.com\/de\/chatiw\/\" \/>\n<meta property=\"og:locale\" content=\"de_DE\" \/>\n<meta property=\"og:type\" content=\"article\" \/>\n<meta property=\"og:title\" content=\"Chatiw - Free Text Chat Rooms - Cam on StrangerCam.com\" \/>\n<meta property=\"og:description\" content=\"Like Chatiw? Come chat with more than 5.000.000 strangers on Stranger Cam for Free! Turn on your cam and find new friends &amp; maby a match!\" \/>\n<meta property=\"og:url\" content=\"https:\/\/strangercam.com\/de\/chatiw\/\" \/>\n<meta property=\"og:site_name\" content=\"Strangercam\" \/>\n<meta property=\"article:publisher\" content=\"https:\/\/www.facebook.com\/strangercam\" \/>\n<meta property=\"article:modified_time\" content=\"2023-08-21T09:40:39+00:00\" \/>\n<meta property=\"og:image\" content=\"https:\/\/strangercam.com\/wp-content\/uploads\/2020\/11\/stranger-cam-1.png\" \/>\n\t<meta property=\"og:image:width\" content=\"800\" \/>\n\t<meta property=\"og:image:height\" content=\"800\" \/>\n\t<meta property=\"og:image:type\" content=\"image\/png\" \/>\n<meta name=\"twitter:card\" content=\"summary_large_image\" \/>\n<meta name=\"twitter:site\" content=\"@strangercamapp\" \/>\n<meta name=\"twitter:label1\" content=\"Gesch\u00e4tzte Lesezeit\" \/>\n\t<meta name=\"twitter:data1\" content=\"5\u00a0Minuten\" \/>\n<script type=\"application\/ld+json\" class=\"yoast-schema-graph\">{\"@context\":\"https:\\\/\\\/schema.org\",\"@graph\":[{\"@type\":\"WebPage\",\"@id\":\"https:\\\/\\\/strangercam.com\\\/chatiw\\\/\",\"url\":\"https:\\\/\\\/strangercam.com\\\/chatiw\\\/\",\"name\":\"Chatiw - Free Text Chat Rooms - Cam on StrangerCam.com\",\"isPartOf\":{\"@id\":\"https:\\\/\\\/strangercam.com\\\/#website\"},\"primaryImageOfPage\":{\"@id\":\"https:\\\/\\\/strangercam.com\\\/chatiw\\\/#primaryimage\"},\"image\":{\"@id\":\"https:\\\/\\\/strangercam.com\\\/chatiw\\\/#primaryimage\"},\"thumbnailUrl\":\"https:\\\/\\\/strangercam.com\\\/wp-content\\\/uploads\\\/2020\\\/11\\\/stranger-cam-1.png\",\"datePublished\":\"2021-06-19T19:05:49+00:00\",\"dateModified\":\"2023-08-21T09:40:39+00:00\",\"description\":\"Like Chatiw? Come chat with more than 5.000.000 strangers on Stranger Cam for Free! Turn on your cam and find new friends & maby a match!\",\"breadcrumb\":{\"@id\":\"https:\\\/\\\/strangercam.com\\\/chatiw\\\/#breadcrumb\"},\"inLanguage\":\"de\",\"potentialAction\":[{\"@type\":\"ReadAction\",\"target\":[\"https:\\\/\\\/strangercam.com\\\/chatiw\\\/\"]}]},{\"@type\":\"ImageObject\",\"inLanguage\":\"de\",\"@id\":\"https:\\\/\\\/strangercam.com\\\/chatiw\\\/#primaryimage\",\"url\":\"https:\\\/\\\/strangercam.com\\\/wp-content\\\/uploads\\\/2020\\\/11\\\/stranger-cam-1.png\",\"contentUrl\":\"https:\\\/\\\/strangercam.com\\\/wp-content\\\/uploads\\\/2020\\\/11\\\/stranger-cam-1.png\",\"width\":800,\"height\":800,\"caption\":\"stranger cam random video chat\"},{\"@type\":\"BreadcrumbList\",\"@id\":\"https:\\\/\\\/strangercam.com\\\/chatiw\\\/#breadcrumb\",\"itemListElement\":[{\"@type\":\"ListItem\",\"position\":1,\"name\":\"Home\",\"item\":\"https:\\\/\\\/strangercam.com\\\/\"},{\"@type\":\"ListItem\",\"position\":2,\"name\":\"Chatiw\"}]},{\"@type\":\"WebSite\",\"@id\":\"https:\\\/\\\/strangercam.com\\\/#website\",\"url\":\"https:\\\/\\\/strangercam.com\\\/\",\"name\":\"Strangercam\",\"description\":\"Random Video Chat with Strangers\",\"publisher\":{\"@id\":\"https:\\\/\\\/strangercam.com\\\/#organization\"},\"alternateName\":\"Strangercam.com\",\"potentialAction\":[{\"@type\":\"SearchAction\",\"target\":{\"@type\":\"EntryPoint\",\"urlTemplate\":\"https:\\\/\\\/strangercam.com\\\/?s={search_term_string}\"},\"query-input\":{\"@type\":\"PropertyValueSpecification\",\"valueRequired\":true,\"valueName\":\"search_term_string\"}}],\"inLanguage\":\"de\"},{\"@type\":\"Organization\",\"@id\":\"https:\\\/\\\/strangercam.com\\\/#organization\",\"name\":\"Strangercam\",\"alternateName\":\"Strangercam.com\",\"url\":\"https:\\\/\\\/strangercam.com\\\/\",\"logo\":{\"@type\":\"ImageObject\",\"inLanguage\":\"de\",\"@id\":\"https:\\\/\\\/strangercam.com\\\/#\\\/schema\\\/logo\\\/image\\\/\",\"url\":\"https:\\\/\\\/strangercam.com\\\/wp-content\\\/uploads\\\/2020\\\/11\\\/cropped-new-favicon-black.png\",\"contentUrl\":\"https:\\\/\\\/strangercam.com\\\/wp-content\\\/uploads\\\/2020\\\/11\\\/cropped-new-favicon-black.png\",\"width\":512,\"height\":512,\"caption\":\"Strangercam\"},\"image\":{\"@id\":\"https:\\\/\\\/strangercam.com\\\/#\\\/schema\\\/logo\\\/image\\\/\"},\"sameAs\":[\"https:\\\/\\\/www.facebook.com\\\/strangercam\",\"https:\\\/\\\/x.com\\\/strangercamapp\"]}]}<\/script>\n<!-- \/ Yoast SEO plugin. -->","yoast_head_json":{"title":"Chatiw - Free Text Chat Rooms - Cam auf StrangerCam.com","description":"Gef\u00e4llt dir Chatiw? Komm und chatte mit mehr als 5.000.000 Fremden auf Stranger Cam kostenlos! Schalte deine Kamera ein und finde neue Freunde und vielleicht einen Partner!","robots":{"index":"index","follow":"follow","max-snippet":"max-snippet:-1","max-image-preview":"max-image-preview:large","max-video-preview":"max-video-preview:-1"},"canonical":"https:\/\/strangercam.com\/de\/chatiw\/","og_locale":"de_DE","og_type":"article","og_title":"Chatiw - Free Text Chat Rooms - Cam on StrangerCam.com","og_description":"Like Chatiw? Come chat with more than 5.000.000 strangers on Stranger Cam for Free! Turn on your cam and find new friends & maby a match!","og_url":"https:\/\/strangercam.com\/de\/chatiw\/","og_site_name":"Strangercam","article_publisher":"https:\/\/www.facebook.com\/strangercam","article_modified_time":"2023-08-21T09:40:39+00:00","og_image":[{"width":800,"height":800,"url":"https:\/\/strangercam.com\/wp-content\/uploads\/2020\/11\/stranger-cam-1.png","type":"image\/png"}],"twitter_card":"summary_large_image","twitter_site":"@strangercamapp","twitter_misc":{"Gesch\u00e4tzte Lesezeit":"5\u00a0Minuten"},"schema":{"@context":"https:\/\/schema.org","@graph":[{"@type":"WebPage","@id":"https:\/\/strangercam.com\/chatiw\/","url":"https:\/\/strangercam.com\/chatiw\/","name":"Chatiw - Free Text Chat Rooms - Cam auf StrangerCam.com","isPartOf":{"@id":"https:\/\/strangercam.com\/#website"},"primaryImageOfPage":{"@id":"https:\/\/strangercam.com\/chatiw\/#primaryimage"},"image":{"@id":"https:\/\/strangercam.com\/chatiw\/#primaryimage"},"thumbnailUrl":"https:\/\/strangercam.com\/wp-content\/uploads\/2020\/11\/stranger-cam-1.png","datePublished":"2021-06-19T19:05:49+00:00","dateModified":"2023-08-21T09:40:39+00:00","description":"Gef\u00e4llt dir Chatiw? Komm und chatte mit mehr als 5.000.000 Fremden auf Stranger Cam kostenlos! Schalte deine Kamera ein und finde neue Freunde und vielleicht einen Partner!","breadcrumb":{"@id":"https:\/\/strangercam.com\/chatiw\/#breadcrumb"},"inLanguage":"de","potentialAction":[{"@type":"ReadAction","target":["https:\/\/strangercam.com\/chatiw\/"]}]},{"@type":"ImageObject","inLanguage":"de","@id":"https:\/\/strangercam.com\/chatiw\/#primaryimage","url":"https:\/\/strangercam.com\/wp-content\/uploads\/2020\/11\/stranger-cam-1.png","contentUrl":"https:\/\/strangercam.com\/wp-content\/uploads\/2020\/11\/stranger-cam-1.png","width":800,"height":800,"caption":"stranger cam random video chat"},{"@type":"BreadcrumbList","@id":"https:\/\/strangercam.com\/chatiw\/#breadcrumb","itemListElement":[{"@type":"ListItem","position":1,"name":"Home","item":"https:\/\/strangercam.com\/"},{"@type":"ListItem","position":2,"name":"Chatiw"}]},{"@type":"WebSite","@id":"https:\/\/strangercam.com\/#website","url":"https:\/\/strangercam.com\/","name":"Strangercam","description":"Zuf\u00e4lliger Video-Chat mit Fremden","publisher":{"@id":"https:\/\/strangercam.com\/#organization"},"alternateName":"Strangercam.com","potentialAction":[{"@type":"SearchAction","target":{"@type":"EntryPoint","urlTemplate":"https:\/\/strangercam.com\/?s={search_term_string}"},"query-input":{"@type":"PropertyValueSpecification","valueRequired":true,"valueName":"search_term_string"}}],"inLanguage":"de"},{"@type":"Organization","@id":"https:\/\/strangercam.com\/#organization","name":"Strangercam","alternateName":"Strangercam.com","url":"https:\/\/strangercam.com\/","logo":{"@type":"ImageObject","inLanguage":"de","@id":"https:\/\/strangercam.com\/#\/schema\/logo\/image\/","url":"https:\/\/strangercam.com\/wp-content\/uploads\/2020\/11\/cropped-new-favicon-black.png","contentUrl":"https:\/\/strangercam.com\/wp-content\/uploads\/2020\/11\/cropped-new-favicon-black.png","width":512,"height":512,"caption":"Strangercam"},"image":{"@id":"https:\/\/strangercam.com\/#\/schema\/logo\/image\/"},"sameAs":["https:\/\/www.facebook.com\/strangercam","https:\/\/x.com\/strangercamapp"]}]}},"_links":{"self":[{"href":"https:\/\/strangercam.com\/de\/wp-json\/wp\/v2\/pages\/5113","targetHints":{"allow":["GET"]}}],"collection":[{"href":"https:\/\/strangercam.com\/de\/wp-json\/wp\/v2\/pages"}],"about":[{"href":"https:\/\/strangercam.com\/de\/wp-json\/wp\/v2\/types\/page"}],"author":[{"embeddable":true,"href":"https:\/\/strangercam.com\/de\/wp-json\/wp\/v2\/users\/6"}],"replies":[{"embeddable":true,"href":"https:\/\/strangercam.com\/de\/wp-json\/wp\/v2\/comments?post=5113"}],"version-history":[{"count":0,"href":"https:\/\/strangercam.com\/de\/wp-json\/wp\/v2\/pages\/5113\/revisions"}],"wp:featuredmedia":[{"embeddable":true,"href":"https:\/\/strangercam.com\/de\/wp-json\/wp\/v2\/media\/559"}],"wp:attachment":[{"href":"https:\/\/strangercam.com\/de\/wp-json\/wp\/v2\/media?parent=5113"}],"curies":[{"name":"wp","href":"https:\/\/api.w.org\/{rel}","templated":true}]}}