{"id":51,"date":"2020-04-08T23:24:23","date_gmt":"2020-04-08T21:24:23","guid":{"rendered":"https:\/\/strangercam.com\/?page_id=51"},"modified":"2025-06-16T14:26:14","modified_gmt":"2025-06-16T12:26:14","slug":"regeln","status":"publish","type":"page","link":"https:\/\/strangercam.com\/de\/regeln\/","title":{"rendered":"Regeln"},"content":{"rendered":"<p>Mit Strangercam k\u00f6nnen Sie <a href=\"https:\/\/strangercam.com\/de\/chatroulette\/\">Chat<\/a> mit unserem Zufalls-Chat-Tool, kostenlos und ohne Anmeldung. Unsere Mission ist es, ein \u00e4hnlicher Dienst zu sein <a href=\"https:\/\/strangercam.com\/de\/omegle\/\">Omegle<\/a> wo Sie Spa\u00df haben und Ihre Zeit genie\u00dfen k\u00f6nnen. Respektieren Sie die Regeln und Vorschriften f\u00fcr unsere <a href=\"https:\/\/strangercam.com\/de\/coomeet\/\">Video-Chat<\/a> ist sehr wichtig.<\/p>\n<h2 data-start=\"145\" data-end=\"185\">Haftungsausschluss f\u00fcr Partner und Drittparteien<\/h2>\n<p data-start=\"187\" data-end=\"675\">Strangercam ist eine Test- und Partner-Website. Wir besitzen oder betreiben nicht die Plattformen oder <a href=\"https:\/\/strangercam.com\/de\/rabbit-video-chat\/\">Video<\/a> Chat-Tools, die auf unserer Website vorgestellt oder verlinkt werden. Bei einigen Links kann es sich um Partnerlinks handeln, und wir k\u00f6nnen Provisionen oder Geb\u00fchren erhalten, wenn Sie sich \u00fcber unsere Empfehlungen bei Diensten Dritter anmelden oder mit diesen interagieren. Die Nutzung von Websites Dritter unterliegt deren eigenen Regeln und Richtlinien. Wir sind nicht verantwortlich f\u00fcr den Inhalt oder das Verhalten auf externen Websites oder Diensten, die von Strangercam verlinkt sind.<\/p>\n<h2>Verbote<\/h2>\n<ul>\n<li>Verwendung von Strangercam unter 18 Jahren.<\/li>\n<li>Verbreitung von Vulgarit\u00e4t, Sexualit\u00e4t oder depressiven Kommentaren.<\/li>\n<li>Herabw\u00fcrdigung einer anderen Person aufgrund ihrer Religion, Rasse, ihres Geschlechts, ihrer sexuellen Orientierung oder ihres Alters.<\/li>\n<li>Bel\u00e4stigung oder respektloses Verhalten gegen\u00fcber anderen Nutzern.<\/li>\n<li>Es ist verboten, die nackte Brust zu zeigen, ohne dass ein Gesicht auf dem Bildschirm zu sehen ist.<\/li>\n<li>Video-Chat ganz nackt oder in Unterw\u00e4sche.<\/li>\n<li>Aufforderung oder Erzwingung von virtuellem Sex.<\/li>\n<li>Zeigen Sie vor der Kamera Ihr Geschlechtsteil.<\/li>\n<li>Ber\u00fchren Sie Ihren Intimbereich und zeigen Sie ihn vor der Kamera.<\/li>\n<li>Fokussieren Sie die Kamera unterhalb Ihrer Brust.<\/li>\n<li>Anzeige einer Textnachricht auf dem Videobildschirm, um die Benutzer zu leiten.<\/li>\n<li>Anzeige eines Bildes auf dem Videobildschirm, um die Benutzer zu leiten.<\/li>\n<li>Anzeige Ihres Computerbildschirms f\u00fcr direkte Benutzer.<\/li>\n<li>Verwendung eines Webcam-Emulators zur Benutzerf\u00fchrung.<\/li>\n<li>Anzeige von Video-\/Bild-\/Textanzeigen.<\/li>\n<li>Aufforderung an Strangercam-Nutzer, f\u00fcr eine URL zu stimmen oder f\u00fcr Ihre Produkte zu werben.<\/li>\n<li>Nutzung der Website zur F\u00f6rderung oder Erleichterung von Menschenhandel, Sexhandel, k\u00f6rperlichem Missbrauch oder Prostitution.<\/li>\n<\/ul>\n<h2>Beanstandungen<\/h2>\n<p>Sie k\u00f6nnen sich bei Strangercam beschweren, wenn Sie der Meinung sind, dass jemand gegen unsere Regeln verst\u00f6\u00dft. Wenn Sie Ihrer Beschwerde einen Screenshot beif\u00fcgen, k\u00f6nnen wir leichter und schneller Ma\u00dfnahmen ergreifen. Wir werden schnell gegen solche Benutzer vorgehen.<\/p>\n<p>Wenn es viele Beschwerden gegen einen bestimmten Benutzer gibt, wird unser System diesen Benutzer vom Zugang zur Strangercam-Website ausschlie\u00dfen.<\/p>\n<p>Wir ber\u00fccksichtigen viele Fakten, bevor wir jemanden vom Zugang zu Strangercam.com ausschlie\u00dfen. Strangercam hat nicht die alleinige Verantwortung f\u00fcr die Kontrolle von Spam und anderen vulg\u00e4ren Aktivit\u00e4ten. Wir bitten auch Sie als Nutzer um Ihre Mitarbeit. Ohne Ihre Unterst\u00fctzung k\u00f6nnen wir keine Verletzer von Strangercam entfernen. Wir versprechen, diesen Cam-to-Cam-Chat-Service mit Ihrer Unterst\u00fctzung noch angenehmer und unterhaltsamer zu gestalten.<\/p>","protected":false},"excerpt":{"rendered":"<p>Strangercam allows you to chat with our random chat tool, free of charge and without registration. Our mission is to be a similar service to Omegle where you can have fun and enjoy your time. Respecting the rules and regulations for our video chat is very important. Affiliate and Third-Party Disclaimer Strangercam is a review [&hellip;]<\/p>\n","protected":false},"author":1,"featured_media":0,"parent":0,"menu_order":0,"comment_status":"closed","ping_status":"closed","template":"","meta":{"footnotes":""},"class_list":["post-51","page","type-page","status-publish","hentry"],"yoast_head":"<!-- This site is optimized with the Yoast SEO plugin v26.9 - https:\/\/yoast.com\/product\/yoast-seo-wordpress\/ -->\n<title>Rules - Strangercam<\/title>\n<meta name=\"robots\" content=\"index, follow, max-snippet:-1, max-image-preview:large, max-video-preview:-1\" \/>\n<link rel=\"canonical\" href=\"https:\/\/strangercam.com\/de\/regeln\/\" \/>\n<meta property=\"og:locale\" content=\"de_DE\" \/>\n<meta property=\"og:type\" content=\"article\" \/>\n<meta property=\"og:title\" content=\"Rules - Strangercam\" \/>\n<meta property=\"og:description\" content=\"Strangercam allows you to chat with our random chat tool, free of charge and without registration. Our mission is to be a similar service to Omegle where you can have fun and enjoy your time. Respecting the rules and regulations for our video chat is very important. Affiliate and Third-Party Disclaimer Strangercam is a review [&hellip;]\" \/>\n<meta property=\"og:url\" content=\"https:\/\/strangercam.com\/de\/regeln\/\" \/>\n<meta property=\"og:site_name\" content=\"Strangercam\" \/>\n<meta property=\"article:publisher\" content=\"https:\/\/www.facebook.com\/strangercam\" \/>\n<meta property=\"article:modified_time\" content=\"2025-06-16T12:26:14+00:00\" \/>\n<meta property=\"og:image\" content=\"https:\/\/strangercam.com\/wp-content\/uploads\/2021\/10\/Untitled-2.png\" \/>\n\t<meta property=\"og:image:width\" content=\"800\" \/>\n\t<meta property=\"og:image:height\" content=\"532\" \/>\n\t<meta property=\"og:image:type\" content=\"image\/png\" \/>\n<meta name=\"twitter:card\" content=\"summary_large_image\" \/>\n<meta name=\"twitter:site\" content=\"@strangercamapp\" \/>\n<meta name=\"twitter:label1\" content=\"Gesch\u00e4tzte Lesezeit\" \/>\n\t<meta name=\"twitter:data1\" content=\"2\u00a0Minuten\" \/>\n<script type=\"application\/ld+json\" class=\"yoast-schema-graph\">{\"@context\":\"https:\/\/schema.org\",\"@graph\":[{\"@type\":\"WebPage\",\"@id\":\"https:\/\/strangercam.com\/rules\/\",\"url\":\"https:\/\/strangercam.com\/rules\/\",\"name\":\"Rules - Strangercam\",\"isPartOf\":{\"@id\":\"https:\/\/strangercam.com\/#website\"},\"datePublished\":\"2020-04-08T21:24:23+00:00\",\"dateModified\":\"2025-06-16T12:26:14+00:00\",\"breadcrumb\":{\"@id\":\"https:\/\/strangercam.com\/rules\/#breadcrumb\"},\"inLanguage\":\"de\",\"potentialAction\":[{\"@type\":\"ReadAction\",\"target\":[\"https:\/\/strangercam.com\/rules\/\"]}]},{\"@type\":\"BreadcrumbList\",\"@id\":\"https:\/\/strangercam.com\/rules\/#breadcrumb\",\"itemListElement\":[{\"@type\":\"ListItem\",\"position\":1,\"name\":\"Home\",\"item\":\"https:\/\/strangercam.com\/\"},{\"@type\":\"ListItem\",\"position\":2,\"name\":\"Rules\"}]},{\"@type\":\"WebSite\",\"@id\":\"https:\/\/strangercam.com\/#website\",\"url\":\"https:\/\/strangercam.com\/\",\"name\":\"Strangercam\",\"description\":\"Random Video Chat with Strangers\",\"publisher\":{\"@id\":\"https:\/\/strangercam.com\/#organization\"},\"alternateName\":\"Strangercam.com\",\"potentialAction\":[{\"@type\":\"SearchAction\",\"target\":{\"@type\":\"EntryPoint\",\"urlTemplate\":\"https:\/\/strangercam.com\/?s={search_term_string}\"},\"query-input\":{\"@type\":\"PropertyValueSpecification\",\"valueRequired\":true,\"valueName\":\"search_term_string\"}}],\"inLanguage\":\"de\"},{\"@type\":\"Organization\",\"@id\":\"https:\/\/strangercam.com\/#organization\",\"name\":\"Strangercam\",\"alternateName\":\"Strangercam.com\",\"url\":\"https:\/\/strangercam.com\/\",\"logo\":{\"@type\":\"ImageObject\",\"inLanguage\":\"de\",\"@id\":\"https:\/\/strangercam.com\/#\/schema\/logo\/image\/\",\"url\":\"https:\/\/strangercam.com\/wp-content\/uploads\/2020\/11\/cropped-new-favicon-black.png\",\"contentUrl\":\"https:\/\/strangercam.com\/wp-content\/uploads\/2020\/11\/cropped-new-favicon-black.png\",\"width\":512,\"height\":512,\"caption\":\"Strangercam\"},\"image\":{\"@id\":\"https:\/\/strangercam.com\/#\/schema\/logo\/image\/\"},\"sameAs\":[\"https:\/\/www.facebook.com\/strangercam\",\"https:\/\/x.com\/strangercamapp\"]}]}<\/script>\n<!-- \/ Yoast SEO plugin. -->","yoast_head_json":{"title":"Regeln - Strangercam","robots":{"index":"index","follow":"follow","max-snippet":"max-snippet:-1","max-image-preview":"max-image-preview:large","max-video-preview":"max-video-preview:-1"},"canonical":"https:\/\/strangercam.com\/de\/regeln\/","og_locale":"de_DE","og_type":"article","og_title":"Rules - Strangercam","og_description":"Strangercam allows you to chat with our random chat tool, free of charge and without registration. Our mission is to be a similar service to Omegle where you can have fun and enjoy your time. Respecting the rules and regulations for our video chat is very important. Affiliate and Third-Party Disclaimer Strangercam is a review [&hellip;]","og_url":"https:\/\/strangercam.com\/de\/regeln\/","og_site_name":"Strangercam","article_publisher":"https:\/\/www.facebook.com\/strangercam","article_modified_time":"2025-06-16T12:26:14+00:00","og_image":[{"width":800,"height":532,"url":"https:\/\/strangercam.com\/wp-content\/uploads\/2021\/10\/Untitled-2.png","type":"image\/png"}],"twitter_card":"summary_large_image","twitter_site":"@strangercamapp","twitter_misc":{"Gesch\u00e4tzte Lesezeit":"2\u00a0Minuten"},"schema":{"@context":"https:\/\/schema.org","@graph":[{"@type":"WebPage","@id":"https:\/\/strangercam.com\/rules\/","url":"https:\/\/strangercam.com\/rules\/","name":"Regeln - Strangercam","isPartOf":{"@id":"https:\/\/strangercam.com\/#website"},"datePublished":"2020-04-08T21:24:23+00:00","dateModified":"2025-06-16T12:26:14+00:00","breadcrumb":{"@id":"https:\/\/strangercam.com\/rules\/#breadcrumb"},"inLanguage":"de","potentialAction":[{"@type":"ReadAction","target":["https:\/\/strangercam.com\/rules\/"]}]},{"@type":"BreadcrumbList","@id":"https:\/\/strangercam.com\/rules\/#breadcrumb","itemListElement":[{"@type":"ListItem","position":1,"name":"Home","item":"https:\/\/strangercam.com\/"},{"@type":"ListItem","position":2,"name":"Rules"}]},{"@type":"WebSite","@id":"https:\/\/strangercam.com\/#website","url":"https:\/\/strangercam.com\/","name":"Strangercam","description":"Zuf\u00e4lliger Video-Chat mit Fremden","publisher":{"@id":"https:\/\/strangercam.com\/#organization"},"alternateName":"Strangercam.com","potentialAction":[{"@type":"SearchAction","target":{"@type":"EntryPoint","urlTemplate":"https:\/\/strangercam.com\/?s={search_term_string}"},"query-input":{"@type":"PropertyValueSpecification","valueRequired":true,"valueName":"search_term_string"}}],"inLanguage":"de"},{"@type":"Organization","@id":"https:\/\/strangercam.com\/#organization","name":"Strangercam","alternateName":"Strangercam.com","url":"https:\/\/strangercam.com\/","logo":{"@type":"ImageObject","inLanguage":"de","@id":"https:\/\/strangercam.com\/#\/schema\/logo\/image\/","url":"https:\/\/strangercam.com\/wp-content\/uploads\/2020\/11\/cropped-new-favicon-black.png","contentUrl":"https:\/\/strangercam.com\/wp-content\/uploads\/2020\/11\/cropped-new-favicon-black.png","width":512,"height":512,"caption":"Strangercam"},"image":{"@id":"https:\/\/strangercam.com\/#\/schema\/logo\/image\/"},"sameAs":["https:\/\/www.facebook.com\/strangercam","https:\/\/x.com\/strangercamapp"]}]}},"_links":{"self":[{"href":"https:\/\/strangercam.com\/de\/wp-json\/wp\/v2\/pages\/51","targetHints":{"allow":["GET"]}}],"collection":[{"href":"https:\/\/strangercam.com\/de\/wp-json\/wp\/v2\/pages"}],"about":[{"href":"https:\/\/strangercam.com\/de\/wp-json\/wp\/v2\/types\/page"}],"author":[{"embeddable":true,"href":"https:\/\/strangercam.com\/de\/wp-json\/wp\/v2\/users\/1"}],"replies":[{"embeddable":true,"href":"https:\/\/strangercam.com\/de\/wp-json\/wp\/v2\/comments?post=51"}],"version-history":[{"count":1,"href":"https:\/\/strangercam.com\/de\/wp-json\/wp\/v2\/pages\/51\/revisions"}],"predecessor-version":[{"id":12880,"href":"https:\/\/strangercam.com\/de\/wp-json\/wp\/v2\/pages\/51\/revisions\/12880"}],"wp:attachment":[{"href":"https:\/\/strangercam.com\/de\/wp-json\/wp\/v2\/media?parent=51"}],"curies":[{"name":"wp","href":"https:\/\/api.w.org\/{rel}","templated":true}]}}