{"id":5006,"date":"2025-09-29T10:59:56","date_gmt":"2025-09-29T08:59:56","guid":{"rendered":"https:\/\/strangercam.com\/?page_id=5006"},"modified":"2025-09-29T12:01:40","modified_gmt":"2025-09-29T10:01:40","slug":"jetzt-kostenlos-chatten","status":"publish","type":"page","link":"https:\/\/strangercam.com\/de\/free-chat-now\/","title":{"rendered":"Jetzt kostenlos chatten"},"content":{"rendered":"<p>Suchen Sie nach Free <a href=\"https:\/\/strangercam.com\/de\/chathub\/\">Chat<\/a> Und jetzt? Sie sind nicht allein. Millionen von Menschen geben jeden Monat genau diese W\u00f6rter in Google ein, in der Hoffnung, eine einfache, schnelle und kostenlose M\u00f6glichkeit zu finden, um online mit neuen Leuten in Kontakt zu treten. Die Idee ist klar: keine langen Anmeldungen, keine Downloads, keine versteckten Kosten - nur die M\u00f6glichkeit, sofort mit Fremden weltweit zu chatten.<\/p>\n<p>Im Jahr 2025 machen Plattformen wie StrangerCam dies m\u00f6glich. Mit einem Klick k\u00f6nnen Sie einen kostenlosen Text- oder Video-Chat mit Menschen auf der ganzen Welt beginnen. Egal, ob Sie an zwanglosen Gespr\u00e4chen, dem Kennenlernen neuer Freunde, kulturellem Austausch oder unbeschwertem Flirten interessiert sind, Free Chat Now-Plattformen bringen den Nervenkitzel der spontanen Interaktion zur\u00fcck.<\/p>\n<p>In diesem Leitfaden erfahren Sie alles, was Sie wissen m\u00fcssen: was Free Chat Now bedeutet, warum es so beliebt ist, wie es funktioniert, seine Geschichte, auf welche Funktionen Sie achten sollten, einen Vergleich der Top-Plattformen, echte Erfahrungsberichte von Nutzern, Sicherheitsstrategien und warum StrangerCam heute eine der besten Wahlm\u00f6glichkeiten ist.<\/p>\n<h2>Was bedeutet \"Free Chat Now\"?<\/h2>\n<p>Wenn Menschen nach Free Chat Now suchen, wollen sie in der Regel eine Plattform, die das bietet:<\/p>\n<ul>\n<li>Sofortige Verbindung: Keine Formulare, keine Profile, nur sofortiges Chatten.<\/li>\n<li>Freier Zugang: Keine Paywalls nach f\u00fcnf Minuten oder versteckte Kreditsysteme.<\/li>\n<li>Text- oder Video-Optionen: Je nach Komfortstufe.<\/li>\n<li>Zuf\u00e4lliges Matching: Treffen Sie Fremde auf der ganzen Welt, nicht nur Leute in Ihrer N\u00e4he.<\/li>\n<li>Keine Anmeldung: Anonym und unkompliziert bleiben.<\/li>\n<\/ul>\n<p>Mit anderen Worten, es ist das Gegenteil von modernen Dating-Apps, die Swiping, Bios und Verifizierungsschritte erfordern. Bei Free Chat Now geht es um Schnelligkeit und Spontaneit\u00e4t.<\/p>\n<h2>Eine kurze Geschichte des Online-Chats<\/h2>\n<p>Um zu verstehen, warum Free Chat Now so beliebt ist, hilft ein Blick auf die Entwicklung des Online-Chats:<\/p>\n<ul>\n<li>1990er Jahre - Das Aufkommen von Chatr\u00e4umen: Auf Plattformen wie AOL Chat und IRC k\u00f6nnen sich Benutzer in themenbezogenen R\u00e4umen treffen. Sie waren rein textbasiert und oft unmoderiert.<\/li>\n<li>2000er Jahre - Soziale Netzwerke \u00fcbernehmen die Macht: MSN Messenger, Yahoo Chat und fr\u00fche soziale Medien f\u00fcgen Freundeslisten und private Chats hinzu.<\/li>\n<li>2009 - <a href=\"https:\/\/strangercam.com\/de\/omegle\/\">Omegle<\/a> Starts: Zuf\u00e4llige Eins-zu-Eins-Chats wurden zum neuen Trend, sp\u00e4ter kamen Videos hinzu. Dies pr\u00e4gte die moderne Kultur des \u201cChats mit Fremden\u201d.<\/li>\n<li>2010er Jahre - Globaler Video-Chat-Boom: <a href=\"https:\/\/strangercam.com\/de\/chatroulette\/\">Chatroulette<\/a>, Chatrandom und Shagle erfreuten sich gro\u00dfer Beliebtheit. Mobile Apps wie <a href=\"https:\/\/strangercam.com\/de\/ometv\/\">OmeTV<\/a> machte das Chatten noch einfacher.<\/li>\n<li>2020er Jahre - Die neue \u00c4ra: Nach der Abschaltung von Omegle im Jahr 2023 str\u00f6mten die Nutzer zu sichereren, modernen Alternativen wie StrangerCam, die freien Zugang mit Moderation kombinieren.<\/li>\n<\/ul>\n<p>Heute bietet Free Chat Now das Beste aus beiden Welten: die Nostalgie von Chatrooms der alten Schule und die Aufregung von Live-Videogespr\u00e4chen.<\/p>\n<h2>Warum Menschen Free Chat Now lieben<\/h2>\n<p>Das Schl\u00fcsselwort \"Free Chat Now\" steht nicht ohne Grund weit oben - die Menschen sehnen sich nach sofortiger sozialer Interaktion. Hier ist der Grund:<\/p>\n<ol>\n<li>Einsamkeit und soziale Isolation: Viele Menschen f\u00fchlen sich isoliert und w\u00fcnschen sich schnelle, sinnvolle Kontakte.<\/li>\n<li>Spontaneit\u00e4t: Jeder Chat ist einzigartig - es ist aufregend, nicht zu wissen, mit wem man <a href=\"https:\/\/strangercam.com\/de\/coomeet\/\">treffen<\/a>.<\/li>\n<li>Kulturelle Neugierde: Gespr\u00e4che mit Menschen aus aller Welt erweitern die Perspektiven.<\/li>\n<li>Flirten und Spa\u00df: Viele Nutzer suchen nach unbeschwerten Unterhaltungen mit potenziellen romantischen Funken.<\/li>\n<li>Zug\u00e4nglichkeit: Es ist einfach, kostenlos und erfordert keine Verpflichtung.<\/li>\n<\/ol>\n<p>Im Gegensatz zu Dating-Apps, bei denen Ablehnung oder Ghosting an der Tagesordnung sind, stehen zuf\u00e4llige Chats unter geringem Druck und sind schnell erledigt - wenn es nicht klappt, klicken Sie einfach auf \"Weiter\".<\/p>\n<h2>Wie Free Chat Now Plattformen funktionieren<\/h2>\n<p>Das Verfahren ist schnell und einfach:<\/p>\n<ol>\n<li>\u00d6ffnen Sie eine Plattform wie StrangerCam.<\/li>\n<li>W\u00e4hlen Sie Ihren Modus (Text- oder Videochat).<\/li>\n<li>Erlauben Sie den Zugriff auf Kamera\/Mikrofon, wenn Video aktiviert ist.<\/li>\n<li>Klicken Sie auf \"Chat starten\", um eine sofortige Verbindung herzustellen.<\/li>\n<li>Treffen Sie innerhalb von Sekunden weltweit einen Fremden.<\/li>\n<li>Sie k\u00f6nnen jederzeit auf \"Weiter\" dr\u00fccken, um ein neues Gespr\u00e4ch zu beginnen.<\/li>\n<\/ol>\n<p>Einige Plattformen bieten auch Funktionen wie:<\/p>\n<ul>\n<li>Geschlechtsspezifische Filter.<\/li>\n<li>Standortbezogene Spiele.<\/li>\n<li>\u00dcbersetzungen im Chat.<\/li>\n<li>Thematische Chatr\u00e4ume.<\/li>\n<\/ul>\n<h2>Wichtigste Merkmale<\/h2>\n<p>Achten Sie bei der Auswahl eines Free Chat Now-Dienstes auf Folgendes:<\/p>\n<ul>\n<li>Freier Zugang: Wirklich unbegrenzte Nutzung, kein \"Kreditsystem\".<\/li>\n<li>Keine Anmeldung: \u00dcberspringen Sie die l\u00e4stigen Konten.<\/li>\n<li>Text + Video Optionen: F\u00fcr Flexibilit\u00e4t.<\/li>\n<li>Mobilfreundliches Design: Sollte auf Smartphones reibungslos funktionieren.<\/li>\n<li>Aktive Moderation: Wesentlich f\u00fcr die Sicherheit.<\/li>\n<li>Globale Reichweite: Mehr Nutzer bedeuten mehr Abwechslung und Spa\u00df.<\/li>\n<\/ul>\n<h2>Beste kostenlose Chat Now Plattformen im Jahr 2025<\/h2>\n<p>Im Folgenden werden die beliebtesten Plattformen miteinander verglichen:<\/p>\n<table>\n<thead>\n<tr>\n<th>Plattform<\/th>\n<th align=\"center\">Freier Zugang<\/th>\n<th align=\"center\">Anmeldung erforderlich<\/th>\n<th align=\"center\">Video-Chat<\/th>\n<th align=\"center\">Mobile Unterst\u00fctzung<\/th>\n<th align=\"center\">Moderation<\/th>\n<th>Anmerkungen<\/th>\n<\/tr>\n<\/thead>\n<tbody>\n<tr>\n<td>StrangerCam<\/td>\n<td align=\"center\">\u2705<\/td>\n<td align=\"center\">\u274c<\/td>\n<td align=\"center\">\u2705<\/td>\n<td align=\"center\">\u2705<\/td>\n<td align=\"center\">\u2705<\/td>\n<td>Das Beste insgesamt: kostenlos, sicher und sofort<\/td>\n<\/tr>\n<tr>\n<td>Chatroulette<\/td>\n<td align=\"center\">\u2705<\/td>\n<td align=\"center\">\u274c<\/td>\n<td align=\"center\">\u2705<\/td>\n<td align=\"center\">\u2705<\/td>\n<td align=\"center\">\u2705<\/td>\n<td>Klassisch, aber mit eingeschr\u00e4nkten Funktionen<\/td>\n<\/tr>\n<tr>\n<td>Chatrandom<\/td>\n<td align=\"center\">\u2705<\/td>\n<td align=\"center\">\u274c<\/td>\n<td align=\"center\">\u2705<\/td>\n<td align=\"center\">\u2705<\/td>\n<td align=\"center\">\u2705<\/td>\n<td>Beliebt, aber dr\u00e4ngt auf Upgrades<\/td>\n<\/tr>\n<tr>\n<td>OmeTV<\/td>\n<td align=\"center\">\u2705<\/td>\n<td align=\"center\">\u274c<\/td>\n<td align=\"center\">\u2705<\/td>\n<td align=\"center\">\u2705<\/td>\n<td align=\"center\">\u2705<\/td>\n<td>App-first, nur zuf\u00e4lliger Abgleich<\/td>\n<\/tr>\n<tr>\n<td>Shagle<\/td>\n<td align=\"center\">\u2705<\/td>\n<td align=\"center\">\u274c<\/td>\n<td align=\"center\">\u2705<\/td>\n<td align=\"center\">\u2705<\/td>\n<td align=\"center\">\u2705<\/td>\n<td>Kostenloser Start, gesperrte Premium-Filter<\/td>\n<\/tr>\n<tr>\n<td>WireClub<\/td>\n<td align=\"center\">\u2705<\/td>\n<td align=\"center\">\u2705<\/td>\n<td align=\"center\">\u274c<\/td>\n<td align=\"center\">\u2705<\/td>\n<td align=\"center\">\u2705<\/td>\n<td>Reine Text-Chatr\u00e4ume<\/td>\n<\/tr>\n<\/tbody>\n<\/table>\n<p>StrangerCam ist eine der wenigen Plattformen, die wirklich kostenlosen Zugang, keine Anmeldung und sowohl Text- als auch Videochat an einem Ort bietet.<\/p>\n<h2>Warum StrangerCam die beste Wahl f\u00fcr Free Chat Now ist<\/h2>\n<p>Hier erf\u00e4hrst du, warum StrangerCam eine der besten Antworten auf die Frage \"Wo kann ich jetzt einen kostenlosen Chat starten?\" ist:<\/p>\n<ul>\n<li>Kostenlos &amp; Unbegrenzt - Keine Einschr\u00e4nkungen oder versteckten Kosten.<\/li>\n<li>Sofortiger Zugang - Chatten Sie in weniger als 10 Sekunden.<\/li>\n<li>Video- und Textoptionen - Schalten Sie je nach Bedarf um.<\/li>\n<li>Sicher und moderiert - Viel sicherer als Omegle jemals war.<\/li>\n<li>Mobile + Desktop Friendly - Funktioniert auf allen Ger\u00e4ten.<\/li>\n<li>Globale Gemeinschaft - Treffen Sie Menschen aus \u00fcber 100 L\u00e4ndern.<\/li>\n<\/ul>\n<p>Es ist spontan, real und inklusiv - genau die Erfahrung, die Menschen suchen, wenn sie Free Chat Now eingeben.<\/p>\n<h2>Echte Anwenderberichte<\/h2>\n<blockquote><p>\"Ich suchte nach Free Chat Now und fand StrangerCam. Innerhalb einer Minute habe ich mit jemandem in Brasilien gesprochen. Es ist schnell und macht Spa\u00df.\"<br \/>\n- Daniel, 27<\/p><\/blockquote>\n<blockquote><p>\"Im Gegensatz zu anderen Websites ist StrangerCam wirklich kostenlos. Keine Credits, keine versteckten Paywalls.\"<br \/>\n- Sophia, 21<\/p><\/blockquote>\n<blockquote><p>\"Ich habe andere Apps ausprobiert, aber sie waren mir zu langsam. Diese war sofort, genau was ich wollte.\"<br \/>\n- Ryan, 30<\/p><\/blockquote>\n<blockquote><p>\"Es ist sch\u00f6n, dass ich einfach gehen kann, wann ich will, ohne Verpflichtungen. Free Chat Now funktioniert hier wirklich.\"<br \/>\n- Emma, 19<\/p><\/blockquote>\n<h2>Die Psychologie hinter \"Free Chat Now\"<\/h2>\n<p>Warum suchen so viele Menschen genau diese Worte? Es geht um drei Dinge:<\/p>\n<ol>\n<li>Unmittelbarkeit: Der Mensch sehnt sich nach sofortiger Befriedigung. Die Idee von \"Jetzt chatten\" ist unwiderstehlich.<\/li>\n<li>Soziale Neugierde: Wir sind darauf programmiert, Neues und Unvorhersehbares zu genie\u00dfen. Fremde Menschen online zu treffen, erf\u00fcllt dieses Bed\u00fcrfnis.<\/li>\n<li>Erschwinglichkeit: Der Zusatz \"kostenlos\" macht es f\u00fcr jeden zug\u00e4nglich. Niemand will zahlen, nur um Hallo zu sagen.<\/li>\n<\/ol>\n<p>Dies erkl\u00e4rt, warum \"Free Chat Now\" nach wie vor ein weltweit so h\u00e4ufig gesuchtes Stichwort ist.<\/p>\n<h2>Sicherheitstipps f\u00fcr Free Chat Now<\/h2>\n<p>Online-Chatten macht zwar Spa\u00df, aber die Sicherheit sollte immer an erster Stelle stehen. Hier sind einige Regeln, die Sie unbedingt befolgen sollten:<\/p>\n<ul>\n<li>Geben Sie keine pers\u00f6nlichen Daten weiter (Telefon, E-Mail, Adresse).<\/li>\n<li>Vermeiden Sie verd\u00e4chtige Links in Chats.<\/li>\n<li>Verwenden Sie \u00dcberspringen\/Blockieren f\u00fcr unangenehme Situationen.<\/li>\n<li>\u00dcberpr\u00fcfen Sie Ihren Hintergrund, bevor Sie die Kamera einschalten.<\/li>\n<li>Verwenden Sie Spitznamen, keine echten Namen.<\/li>\n<li>Beachten Sie die Altersvorschriften - betreten Sie die R\u00e4ume f\u00fcr Erwachsene nicht, wenn Sie unter 18 sind.<\/li>\n<\/ul>\n<h2>Der Einstieg - Schritt f\u00fcr Schritt<\/h2>\n<p>Es dauert nur eine Minute, um eine Free Chat Now-Sitzung zu starten:<\/p>\n<ol>\n<li>\u00d6ffnen Sie StrangerCam in Ihrem Browser oder auf Ihrem Handy.<\/li>\n<li>W\u00e4hlen Sie Ihren Chat-Modus (Text oder Video).<\/li>\n<li>Berechtigungen f\u00fcr Kamera\/Mikrofon (bei Video) zulassen.<\/li>\n<li>Klicken Sie auf Chat starten, um sofort eine Verbindung herzustellen.<\/li>\n<li>Genie\u00dfen Sie Gespr\u00e4che - oder dr\u00fccken Sie auf Next, um neue Leute kennenzulernen.<\/li>\n<\/ol>\n<p>Das war's - schnell, kostenlos und anonym.<\/p>\n<p>Im Jahr 2025 ist Free Chat Now beliebter denn je. Die Leute wollen keine langen Anmeldungen, gef\u00e4lschte Profile oder Bezahlschranken - sie wollen sofortige, echte Gespr\u00e4che mit Fremden auf der ganzen Welt.<\/p>\n<p>Plattformen wie StrangerCam bieten genau das: kostenlose, sichere und spontane Chats mit echten Menschen 24\/7. Egal, ob Sie auf der Suche nach Freunden, zwanglosem Spa\u00df oder kulturellem Austausch sind, Free Chat Now bietet Ihnen den Nervenkitzel einer sofortigen Verbindung.<\/p>\n<p>Sind Sie bereit, es zu versuchen? Starten Sie noch heute einen kostenlosen Chat und entdecken Sie, wen Sie als n\u00e4chstes treffen werden.<\/p>","protected":false},"excerpt":{"rendered":"<p>Are you searching for Free Chat Now? You\u2019re not alone. Millions of people every month type those exact words into Google, hoping to find a simple, fast, and free way to connect with new people online. The idea is clear: no long signups, no downloads, no hidden costs\u2014just the ability to start chatting instantly with [&hellip;]<\/p>\n","protected":false},"author":8,"featured_media":0,"parent":0,"menu_order":0,"comment_status":"closed","ping_status":"closed","template":"","meta":{"footnotes":""},"class_list":["post-5006","page","type-page","status-publish","hentry"],"yoast_head":"<!-- This site is optimized with the Yoast SEO plugin v27.4 - https:\/\/yoast.com\/product\/yoast-seo-wordpress\/ -->\n<title>Free Chat Now with Video Chat on Strangercam.com<\/title>\n<meta name=\"description\" content=\"Liking Free Chat Now? Join millions on StrangerCam.com! Start a random video chat, turn on your cam, and meet strangers instantly.\" \/>\n<meta name=\"robots\" content=\"index, follow, max-snippet:-1, max-image-preview:large, max-video-preview:-1\" \/>\n<link rel=\"canonical\" href=\"https:\/\/strangercam.com\/de\/jetzt-kostenlos-chatten\/\" \/>\n<meta property=\"og:locale\" content=\"de_DE\" \/>\n<meta property=\"og:type\" content=\"article\" \/>\n<meta property=\"og:title\" content=\"Free Chat Now with Video Chat on Strangercam.com\" \/>\n<meta property=\"og:description\" content=\"Liking Free Chat Now? Join millions on StrangerCam.com! Start a random video chat, turn on your cam, and meet strangers instantly.\" \/>\n<meta property=\"og:url\" content=\"https:\/\/strangercam.com\/de\/jetzt-kostenlos-chatten\/\" \/>\n<meta property=\"og:site_name\" content=\"Strangercam\" \/>\n<meta property=\"article:publisher\" content=\"https:\/\/www.facebook.com\/strangercam\" \/>\n<meta property=\"article:modified_time\" content=\"2025-09-29T10:01:40+00:00\" \/>\n<meta property=\"og:image\" content=\"https:\/\/strangercam.com\/wp-content\/uploads\/2021\/10\/Untitled-2.png\" \/>\n\t<meta property=\"og:image:width\" content=\"800\" \/>\n\t<meta property=\"og:image:height\" content=\"532\" \/>\n\t<meta property=\"og:image:type\" content=\"image\/png\" \/>\n<meta name=\"twitter:card\" content=\"summary_large_image\" \/>\n<meta name=\"twitter:site\" content=\"@strangercamapp\" \/>\n<meta name=\"twitter:label1\" content=\"Gesch\u00e4tzte Lesezeit\" \/>\n\t<meta name=\"twitter:data1\" content=\"5\u00a0Minuten\" \/>\n<script type=\"application\/ld+json\" class=\"yoast-schema-graph\">{\"@context\":\"https:\\\/\\\/schema.org\",\"@graph\":[{\"@type\":\"WebPage\",\"@id\":\"https:\\\/\\\/strangercam.com\\\/free-chat-now\\\/\",\"url\":\"https:\\\/\\\/strangercam.com\\\/free-chat-now\\\/\",\"name\":\"Free Chat Now with Video Chat on Strangercam.com\",\"isPartOf\":{\"@id\":\"https:\\\/\\\/strangercam.com\\\/#website\"},\"datePublished\":\"2025-09-29T08:59:56+00:00\",\"dateModified\":\"2025-09-29T10:01:40+00:00\",\"description\":\"Liking Free Chat Now? Join millions on StrangerCam.com! Start a random video chat, turn on your cam, and meet strangers instantly.\",\"breadcrumb\":{\"@id\":\"https:\\\/\\\/strangercam.com\\\/free-chat-now\\\/#breadcrumb\"},\"inLanguage\":\"de\",\"potentialAction\":[{\"@type\":\"ReadAction\",\"target\":[\"https:\\\/\\\/strangercam.com\\\/free-chat-now\\\/\"]}]},{\"@type\":\"BreadcrumbList\",\"@id\":\"https:\\\/\\\/strangercam.com\\\/free-chat-now\\\/#breadcrumb\",\"itemListElement\":[{\"@type\":\"ListItem\",\"position\":1,\"name\":\"Home\",\"item\":\"https:\\\/\\\/strangercam.com\\\/\"},{\"@type\":\"ListItem\",\"position\":2,\"name\":\"Free Chat Now\"}]},{\"@type\":\"WebSite\",\"@id\":\"https:\\\/\\\/strangercam.com\\\/#website\",\"url\":\"https:\\\/\\\/strangercam.com\\\/\",\"name\":\"Strangercam\",\"description\":\"Random Video Chat with Strangers\",\"publisher\":{\"@id\":\"https:\\\/\\\/strangercam.com\\\/#organization\"},\"alternateName\":\"Strangercam.com\",\"potentialAction\":[{\"@type\":\"SearchAction\",\"target\":{\"@type\":\"EntryPoint\",\"urlTemplate\":\"https:\\\/\\\/strangercam.com\\\/?s={search_term_string}\"},\"query-input\":{\"@type\":\"PropertyValueSpecification\",\"valueRequired\":true,\"valueName\":\"search_term_string\"}}],\"inLanguage\":\"de\"},{\"@type\":\"Organization\",\"@id\":\"https:\\\/\\\/strangercam.com\\\/#organization\",\"name\":\"Strangercam\",\"alternateName\":\"Strangercam.com\",\"url\":\"https:\\\/\\\/strangercam.com\\\/\",\"logo\":{\"@type\":\"ImageObject\",\"inLanguage\":\"de\",\"@id\":\"https:\\\/\\\/strangercam.com\\\/#\\\/schema\\\/logo\\\/image\\\/\",\"url\":\"https:\\\/\\\/strangercam.com\\\/wp-content\\\/uploads\\\/2020\\\/11\\\/cropped-new-favicon-black.png\",\"contentUrl\":\"https:\\\/\\\/strangercam.com\\\/wp-content\\\/uploads\\\/2020\\\/11\\\/cropped-new-favicon-black.png\",\"width\":512,\"height\":512,\"caption\":\"Strangercam\"},\"image\":{\"@id\":\"https:\\\/\\\/strangercam.com\\\/#\\\/schema\\\/logo\\\/image\\\/\"},\"sameAs\":[\"https:\\\/\\\/www.facebook.com\\\/strangercam\",\"https:\\\/\\\/x.com\\\/strangercamapp\"]}]}<\/script>\n<!-- \/ Yoast SEO plugin. -->","yoast_head_json":{"title":"Kostenloser Chat jetzt mit Video Chat auf Strangercam.com","description":"Gef\u00e4llt dir der kostenlose Chat jetzt? Join Millionen auf StrangerCam.com! Starten Sie einen zuf\u00e4lligen Video-Chat, schalten Sie Ihre Kamera ein und treffen Sie sofort Fremde.","robots":{"index":"index","follow":"follow","max-snippet":"max-snippet:-1","max-image-preview":"max-image-preview:large","max-video-preview":"max-video-preview:-1"},"canonical":"https:\/\/strangercam.com\/de\/jetzt-kostenlos-chatten\/","og_locale":"de_DE","og_type":"article","og_title":"Free Chat Now with Video Chat on Strangercam.com","og_description":"Liking Free Chat Now? Join millions on StrangerCam.com! Start a random video chat, turn on your cam, and meet strangers instantly.","og_url":"https:\/\/strangercam.com\/de\/jetzt-kostenlos-chatten\/","og_site_name":"Strangercam","article_publisher":"https:\/\/www.facebook.com\/strangercam","article_modified_time":"2025-09-29T10:01:40+00:00","og_image":[{"width":800,"height":532,"url":"https:\/\/strangercam.com\/wp-content\/uploads\/2021\/10\/Untitled-2.png","type":"image\/png"}],"twitter_card":"summary_large_image","twitter_site":"@strangercamapp","twitter_misc":{"Gesch\u00e4tzte Lesezeit":"5\u00a0Minuten"},"schema":{"@context":"https:\/\/schema.org","@graph":[{"@type":"WebPage","@id":"https:\/\/strangercam.com\/free-chat-now\/","url":"https:\/\/strangercam.com\/free-chat-now\/","name":"Kostenloser Chat jetzt mit Video Chat auf Strangercam.com","isPartOf":{"@id":"https:\/\/strangercam.com\/#website"},"datePublished":"2025-09-29T08:59:56+00:00","dateModified":"2025-09-29T10:01:40+00:00","description":"Gef\u00e4llt dir der kostenlose Chat jetzt? Join Millionen auf StrangerCam.com! Starten Sie einen zuf\u00e4lligen Video-Chat, schalten Sie Ihre Kamera ein und treffen Sie sofort Fremde.","breadcrumb":{"@id":"https:\/\/strangercam.com\/free-chat-now\/#breadcrumb"},"inLanguage":"de","potentialAction":[{"@type":"ReadAction","target":["https:\/\/strangercam.com\/free-chat-now\/"]}]},{"@type":"BreadcrumbList","@id":"https:\/\/strangercam.com\/free-chat-now\/#breadcrumb","itemListElement":[{"@type":"ListItem","position":1,"name":"Home","item":"https:\/\/strangercam.com\/"},{"@type":"ListItem","position":2,"name":"Free Chat Now"}]},{"@type":"WebSite","@id":"https:\/\/strangercam.com\/#website","url":"https:\/\/strangercam.com\/","name":"Strangercam","description":"Zuf\u00e4lliger Video-Chat mit Fremden","publisher":{"@id":"https:\/\/strangercam.com\/#organization"},"alternateName":"Strangercam.com","potentialAction":[{"@type":"SearchAction","target":{"@type":"EntryPoint","urlTemplate":"https:\/\/strangercam.com\/?s={search_term_string}"},"query-input":{"@type":"PropertyValueSpecification","valueRequired":true,"valueName":"search_term_string"}}],"inLanguage":"de"},{"@type":"Organization","@id":"https:\/\/strangercam.com\/#organization","name":"Strangercam","alternateName":"Strangercam.com","url":"https:\/\/strangercam.com\/","logo":{"@type":"ImageObject","inLanguage":"de","@id":"https:\/\/strangercam.com\/#\/schema\/logo\/image\/","url":"https:\/\/strangercam.com\/wp-content\/uploads\/2020\/11\/cropped-new-favicon-black.png","contentUrl":"https:\/\/strangercam.com\/wp-content\/uploads\/2020\/11\/cropped-new-favicon-black.png","width":512,"height":512,"caption":"Strangercam"},"image":{"@id":"https:\/\/strangercam.com\/#\/schema\/logo\/image\/"},"sameAs":["https:\/\/www.facebook.com\/strangercam","https:\/\/x.com\/strangercamapp"]}]}},"_links":{"self":[{"href":"https:\/\/strangercam.com\/de\/wp-json\/wp\/v2\/pages\/5006","targetHints":{"allow":["GET"]}}],"collection":[{"href":"https:\/\/strangercam.com\/de\/wp-json\/wp\/v2\/pages"}],"about":[{"href":"https:\/\/strangercam.com\/de\/wp-json\/wp\/v2\/types\/page"}],"author":[{"embeddable":true,"href":"https:\/\/strangercam.com\/de\/wp-json\/wp\/v2\/users\/8"}],"replies":[{"embeddable":true,"href":"https:\/\/strangercam.com\/de\/wp-json\/wp\/v2\/comments?post=5006"}],"version-history":[{"count":1,"href":"https:\/\/strangercam.com\/de\/wp-json\/wp\/v2\/pages\/5006\/revisions"}],"predecessor-version":[{"id":13045,"href":"https:\/\/strangercam.com\/de\/wp-json\/wp\/v2\/pages\/5006\/revisions\/13045"}],"wp:attachment":[{"href":"https:\/\/strangercam.com\/de\/wp-json\/wp\/v2\/media?parent=5006"}],"curies":[{"name":"wp","href":"https:\/\/api.w.org\/{rel}","templated":true}]}}