{"id":4970,"date":"2021-06-14T22:54:13","date_gmt":"2021-06-14T20:54:13","guid":{"rendered":"https:\/\/strangercam.com\/?page_id=4970"},"modified":"2023-09-12T15:18:55","modified_gmt":"2023-09-12T13:18:55","slug":"free-adult-chat","status":"publish","type":"page","link":"https:\/\/strangercam.com\/de\/free-adult-chat\/","title":{"rendered":"Kostenloser Erwachsenen-Chat"},"content":{"rendered":"<p>Willkommen bei Free Adult <a href=\"https:\/\/strangercam.com\/de\/chatroulette\/\">Chat<\/a>. Join die Free Adult Chat Video-Chat-App, die es einfach macht, mit zuf\u00e4lligen Fremden anonym zu chatten. Free Adult Chat bietet Video-Chat-Funktionen wie Gesichtsmasken, Geschlechts- und L\u00e4nderfilter, privaten Chat und vieles mehr. Chatte mit zuf\u00e4lligen M\u00e4dchen und Jungen online, \u00fcberall auf der Welt, sofort. Finden Sie einen neuen Freund, <a href=\"https:\/\/strangercam.com\/de\/coomeet\/\">treffen<\/a> Ihr n\u00e4chstes Date, zeigen Sie Ihre unglaubliche Musik F\u00e4higkeiten, haben eine zuf\u00e4llige Chat \u00fcber Fu\u00dfball, haben Free Adult Chat, oder einfach nur chillen und diskutieren die neuesten Netflix-Serie mit einem Fremden. Es ist kostenlos und einfach, Free Adult Chat zu nutzen und Spa\u00df zu haben. Man wei\u00df nie, wer auf der anderen Seite der Webcam auf einen warten k\u00f6nnte!<\/p>\n<p>Chatten mit Erwachsenen ist f\u00fcr viele Jugendliche und im Allgemeinen f\u00fcr Gleichaltrige aller Altersgruppen die befriedigendste Phrase. Es ist so faszinierend und ansprechend, dass jeder ein St\u00fcck davon haben will. Junge Leute sind oft auf der Suche nach einer Seite wie StrangerCam.com.<br \/>\nWenn Sie auf der Suche nach anonymen Kontakten zu neuen Menschen sind,\u00a0<a href=\"https:\/\/strangercam.com\/de\/chathub\/\">zuf\u00e4lliger Video-Chat<\/a>\u00a0ist der beste und einfachste Weg, und StrangerCam ist der Chat <a href=\"https:\/\/strangercam.com\/de\/bazoocam\/\">Nocken<\/a> App, die Sie dorthin bringen wird. Wir haben unsere App so optimiert, dass Sie genau ausw\u00e4hlen k\u00f6nnen, mit wem Sie chatten m\u00f6chten - eine neue und innovative Art, mit Fremden in Kontakt zu treten.<\/p>\n<p>Worauf wartest du also noch? Werden Sie jetzt Mitglied im Free Adult Chat!<\/p>\n<h3>Was ist StrangerCam.com!<\/h3>\n<p>Die StrangerCam ist eine Online-Chat-Plattform f\u00fcr Erwachsene. Es bedeutet, dass erwachsene Menschen ihre potenziellen Partner finden und Spa\u00df mit ihnen haben k\u00f6nnen.<br \/>\nDer Hauptzweck der Website besteht darin, jedem eine angemessene Chance zu geben. Der Algorithmus der Website ist so konzipiert, dass er die am besten geeigneten Partner ausw\u00e4hlt. Dies ist eine neue und einzigartige Funktion, die keine andere Online-Dating-App jemals eingef\u00fchrt hat.<\/p>\n<h2>Kostenlose Adult Chat Funktionen<\/h2>\n<p>Dies sind einige der gro\u00dfartigen Funktionen, die StrangerCam besser machen als jede andere Website f\u00fcr Erwachsene da drau\u00dfen.<\/p>\n<p>Werfen wir einen Blick auf die Funktionen:<\/p>\n<h3>Vermeiden Sie es, sich um die Ergebnisse zu sorgen<\/h3>\n<p>Wir haben f\u00fcr Sie gesorgt!<\/p>\n<p>Wenn Sie empfindlich sind, dann ist StrangerCam genau das Richtige f\u00fcr Sie.<\/p>\n<p>Warum sollten wir das sagen? Weil wir wissen, dass es sicher ist!<\/p>\n<p>Es gibt keinen Grund, sich Sorgen zu machen und \u00fcber Ihre \u00c4ngste nachzudenken. Sie und alles, was Ihnen geh\u00f6rt, sind hier sicher. Wir sch\u00fctzen Ihre Daten und Ihre Identit\u00e4t um jeden Preis. Nach diesem Motto arbeitet das Unternehmen schon seit langem.<\/p>\n<h3>Freigabe von Inhalten f\u00fcr Erwachsene<\/h3>\n<p>Wir haben kein Problem mit der Zustimmung der beiden beteiligten Personen!<\/p>\n<p>Wir h\u00f6ren uns die Fragen der Kunden an, aber wir mischen uns nicht in pers\u00f6nliche Angelegenheiten ein. Sie k\u00f6nnen uns alles mitteilen, solange Ihr Partner damit einverstanden ist.<\/p>\n<h3>Initiieren Sie das Gespr\u00e4ch<\/h3>\n<p>Sie m\u00f6chten ein Gespr\u00e4ch beginnen, wissen aber nicht, wie das geht?<\/p>\n<p>Wenn das so ist, dann sind Sie hier genau richtig. Die fantastische Filtersammlung kann Ihnen helfen, das Gespr\u00e4ch zu beginnen. Es ist eine lustige, aber effektive Methode. Filter k\u00f6nnen Ihnen auch helfen, Ihren potenziellen Partner zu finden.<\/p>\n<h3>Sie zum Lachen bringen<\/h3>\n<p>Wenn du eine Person wirklich magst, dann behandle sie mit W\u00fcrde. Bring sie zum Lachen.<\/p>\n<p>Erz\u00e4hlen Sie einen Witz oder bitten Sie um einen. Witze sind ein guter Gespr\u00e4chseinstieg. Bringen Sie sie zum Lachen, indem Sie ihnen ein nettes Kompliment machen. Diese kleinen Dinge bringen Menschen einander n\u00e4her.<\/p>","protected":false},"excerpt":{"rendered":"<p>Welcome to Free Adult Chat. Join the Free Adult Chat\u00a0video chat app, making it easy to chat to random strangers anonymously. Free Adult Chat offers video chat features including face masks, gender and country filters, private chat, and much more. Chat with random girls\u00a0and boys online, anywhere in the world, instantaneously. Find a new friend, [&hellip;]<\/p>\n","protected":false},"author":8,"featured_media":0,"parent":0,"menu_order":0,"comment_status":"closed","ping_status":"closed","template":"","meta":{"footnotes":""},"class_list":["post-4970","page","type-page","status-publish","hentry"],"yoast_head":"<!-- This site is optimized with the Yoast SEO plugin v27.4 - https:\/\/yoast.com\/product\/yoast-seo-wordpress\/ -->\n<title>Free Adult Chat - StrangerCam.com: Cam With Strangers<\/title>\n<meta name=\"description\" content=\"Free Adult Chat anonymously with over 5.000.000 strangers. No Sign-Up Required! Cam with strangers on StrangerCam.com.\" \/>\n<meta name=\"robots\" content=\"index, follow, max-snippet:-1, max-image-preview:large, max-video-preview:-1\" \/>\n<link rel=\"canonical\" href=\"https:\/\/strangercam.com\/de\/free-adult-chat\/\" \/>\n<meta property=\"og:locale\" content=\"de_DE\" \/>\n<meta property=\"og:type\" content=\"article\" \/>\n<meta property=\"og:title\" content=\"Free Adult Chat - StrangerCam.com: Cam With Strangers\" \/>\n<meta property=\"og:description\" content=\"Free Adult Chat anonymously with over 5.000.000 strangers. No Sign-Up Required! Cam with strangers on StrangerCam.com.\" \/>\n<meta property=\"og:url\" content=\"https:\/\/strangercam.com\/de\/free-adult-chat\/\" \/>\n<meta property=\"og:site_name\" content=\"Strangercam\" \/>\n<meta property=\"article:publisher\" content=\"https:\/\/www.facebook.com\/strangercam\" \/>\n<meta property=\"article:modified_time\" content=\"2023-09-12T13:18:55+00:00\" \/>\n<meta property=\"og:image\" content=\"https:\/\/strangercam.com\/wp-content\/uploads\/2021\/10\/Untitled-2.png\" \/>\n\t<meta property=\"og:image:width\" content=\"800\" \/>\n\t<meta property=\"og:image:height\" content=\"532\" \/>\n\t<meta property=\"og:image:type\" content=\"image\/png\" \/>\n<meta name=\"twitter:card\" content=\"summary_large_image\" \/>\n<meta name=\"twitter:site\" content=\"@strangercamapp\" \/>\n<meta name=\"twitter:label1\" content=\"Gesch\u00e4tzte Lesezeit\" \/>\n\t<meta name=\"twitter:data1\" content=\"3\u00a0Minuten\" \/>\n<script type=\"application\/ld+json\" class=\"yoast-schema-graph\">{\"@context\":\"https:\\\/\\\/schema.org\",\"@graph\":[{\"@type\":\"WebPage\",\"@id\":\"https:\\\/\\\/strangercam.com\\\/free-adult-chat\\\/\",\"url\":\"https:\\\/\\\/strangercam.com\\\/free-adult-chat\\\/\",\"name\":\"Free Adult Chat - StrangerCam.com: Cam With Strangers\",\"isPartOf\":{\"@id\":\"https:\\\/\\\/strangercam.com\\\/#website\"},\"datePublished\":\"2021-06-14T20:54:13+00:00\",\"dateModified\":\"2023-09-12T13:18:55+00:00\",\"description\":\"Free Adult Chat anonymously with over 5.000.000 strangers. No Sign-Up Required! Cam with strangers on StrangerCam.com.\",\"breadcrumb\":{\"@id\":\"https:\\\/\\\/strangercam.com\\\/free-adult-chat\\\/#breadcrumb\"},\"inLanguage\":\"de\",\"potentialAction\":[{\"@type\":\"ReadAction\",\"target\":[\"https:\\\/\\\/strangercam.com\\\/free-adult-chat\\\/\"]}]},{\"@type\":\"BreadcrumbList\",\"@id\":\"https:\\\/\\\/strangercam.com\\\/free-adult-chat\\\/#breadcrumb\",\"itemListElement\":[{\"@type\":\"ListItem\",\"position\":1,\"name\":\"Home\",\"item\":\"https:\\\/\\\/strangercam.com\\\/\"},{\"@type\":\"ListItem\",\"position\":2,\"name\":\"Free Adult Chat\"}]},{\"@type\":\"WebSite\",\"@id\":\"https:\\\/\\\/strangercam.com\\\/#website\",\"url\":\"https:\\\/\\\/strangercam.com\\\/\",\"name\":\"Strangercam\",\"description\":\"Random Video Chat with Strangers\",\"publisher\":{\"@id\":\"https:\\\/\\\/strangercam.com\\\/#organization\"},\"alternateName\":\"Strangercam.com\",\"potentialAction\":[{\"@type\":\"SearchAction\",\"target\":{\"@type\":\"EntryPoint\",\"urlTemplate\":\"https:\\\/\\\/strangercam.com\\\/?s={search_term_string}\"},\"query-input\":{\"@type\":\"PropertyValueSpecification\",\"valueRequired\":true,\"valueName\":\"search_term_string\"}}],\"inLanguage\":\"de\"},{\"@type\":\"Organization\",\"@id\":\"https:\\\/\\\/strangercam.com\\\/#organization\",\"name\":\"Strangercam\",\"alternateName\":\"Strangercam.com\",\"url\":\"https:\\\/\\\/strangercam.com\\\/\",\"logo\":{\"@type\":\"ImageObject\",\"inLanguage\":\"de\",\"@id\":\"https:\\\/\\\/strangercam.com\\\/#\\\/schema\\\/logo\\\/image\\\/\",\"url\":\"https:\\\/\\\/strangercam.com\\\/wp-content\\\/uploads\\\/2020\\\/11\\\/cropped-new-favicon-black.png\",\"contentUrl\":\"https:\\\/\\\/strangercam.com\\\/wp-content\\\/uploads\\\/2020\\\/11\\\/cropped-new-favicon-black.png\",\"width\":512,\"height\":512,\"caption\":\"Strangercam\"},\"image\":{\"@id\":\"https:\\\/\\\/strangercam.com\\\/#\\\/schema\\\/logo\\\/image\\\/\"},\"sameAs\":[\"https:\\\/\\\/www.facebook.com\\\/strangercam\",\"https:\\\/\\\/x.com\\\/strangercamapp\"]}]}<\/script>\n<!-- \/ Yoast SEO plugin. -->","yoast_head_json":{"title":"Kostenloser Chat f\u00fcr Erwachsene - StrangerCam.com: Cam mit Fremden","description":"Kostenloser anonymer Adult Chat mit \u00fcber 5.000.000 Fremden. Keine Anmeldung erforderlich! Cam mit Fremden auf StrangerCam.com.","robots":{"index":"index","follow":"follow","max-snippet":"max-snippet:-1","max-image-preview":"max-image-preview:large","max-video-preview":"max-video-preview:-1"},"canonical":"https:\/\/strangercam.com\/de\/free-adult-chat\/","og_locale":"de_DE","og_type":"article","og_title":"Free Adult Chat - StrangerCam.com: Cam With Strangers","og_description":"Free Adult Chat anonymously with over 5.000.000 strangers. No Sign-Up Required! Cam with strangers on StrangerCam.com.","og_url":"https:\/\/strangercam.com\/de\/free-adult-chat\/","og_site_name":"Strangercam","article_publisher":"https:\/\/www.facebook.com\/strangercam","article_modified_time":"2023-09-12T13:18:55+00:00","og_image":[{"width":800,"height":532,"url":"https:\/\/strangercam.com\/wp-content\/uploads\/2021\/10\/Untitled-2.png","type":"image\/png"}],"twitter_card":"summary_large_image","twitter_site":"@strangercamapp","twitter_misc":{"Gesch\u00e4tzte Lesezeit":"3\u00a0Minuten"},"schema":{"@context":"https:\/\/schema.org","@graph":[{"@type":"WebPage","@id":"https:\/\/strangercam.com\/free-adult-chat\/","url":"https:\/\/strangercam.com\/free-adult-chat\/","name":"Kostenloser Chat f\u00fcr Erwachsene - StrangerCam.com: Cam mit Fremden","isPartOf":{"@id":"https:\/\/strangercam.com\/#website"},"datePublished":"2021-06-14T20:54:13+00:00","dateModified":"2023-09-12T13:18:55+00:00","description":"Kostenloser anonymer Adult Chat mit \u00fcber 5.000.000 Fremden. Keine Anmeldung erforderlich! Cam mit Fremden auf StrangerCam.com.","breadcrumb":{"@id":"https:\/\/strangercam.com\/free-adult-chat\/#breadcrumb"},"inLanguage":"de","potentialAction":[{"@type":"ReadAction","target":["https:\/\/strangercam.com\/free-adult-chat\/"]}]},{"@type":"BreadcrumbList","@id":"https:\/\/strangercam.com\/free-adult-chat\/#breadcrumb","itemListElement":[{"@type":"ListItem","position":1,"name":"Home","item":"https:\/\/strangercam.com\/"},{"@type":"ListItem","position":2,"name":"Free Adult Chat"}]},{"@type":"WebSite","@id":"https:\/\/strangercam.com\/#website","url":"https:\/\/strangercam.com\/","name":"Strangercam","description":"Zuf\u00e4lliger Video-Chat mit Fremden","publisher":{"@id":"https:\/\/strangercam.com\/#organization"},"alternateName":"Strangercam.com","potentialAction":[{"@type":"SearchAction","target":{"@type":"EntryPoint","urlTemplate":"https:\/\/strangercam.com\/?s={search_term_string}"},"query-input":{"@type":"PropertyValueSpecification","valueRequired":true,"valueName":"search_term_string"}}],"inLanguage":"de"},{"@type":"Organization","@id":"https:\/\/strangercam.com\/#organization","name":"Strangercam","alternateName":"Strangercam.com","url":"https:\/\/strangercam.com\/","logo":{"@type":"ImageObject","inLanguage":"de","@id":"https:\/\/strangercam.com\/#\/schema\/logo\/image\/","url":"https:\/\/strangercam.com\/wp-content\/uploads\/2020\/11\/cropped-new-favicon-black.png","contentUrl":"https:\/\/strangercam.com\/wp-content\/uploads\/2020\/11\/cropped-new-favicon-black.png","width":512,"height":512,"caption":"Strangercam"},"image":{"@id":"https:\/\/strangercam.com\/#\/schema\/logo\/image\/"},"sameAs":["https:\/\/www.facebook.com\/strangercam","https:\/\/x.com\/strangercamapp"]}]}},"_links":{"self":[{"href":"https:\/\/strangercam.com\/de\/wp-json\/wp\/v2\/pages\/4970","targetHints":{"allow":["GET"]}}],"collection":[{"href":"https:\/\/strangercam.com\/de\/wp-json\/wp\/v2\/pages"}],"about":[{"href":"https:\/\/strangercam.com\/de\/wp-json\/wp\/v2\/types\/page"}],"author":[{"embeddable":true,"href":"https:\/\/strangercam.com\/de\/wp-json\/wp\/v2\/users\/8"}],"replies":[{"embeddable":true,"href":"https:\/\/strangercam.com\/de\/wp-json\/wp\/v2\/comments?post=4970"}],"version-history":[{"count":0,"href":"https:\/\/strangercam.com\/de\/wp-json\/wp\/v2\/pages\/4970\/revisions"}],"wp:attachment":[{"href":"https:\/\/strangercam.com\/de\/wp-json\/wp\/v2\/media?parent=4970"}],"curies":[{"name":"wp","href":"https:\/\/api.w.org\/{rel}","templated":true}]}}