{"id":4906,"date":"2021-06-14T19:57:32","date_gmt":"2021-06-14T17:57:32","guid":{"rendered":"https:\/\/strangercam.com\/?page_id=4906"},"modified":"2023-09-12T15:21:44","modified_gmt":"2023-09-12T13:21:44","slug":"schwul-chat","status":"publish","type":"page","link":"https:\/\/strangercam.com\/de\/schwul-chat\/","title":{"rendered":"Schwulen-Chat"},"content":{"rendered":"<p>Willkommen bei Gay <a href=\"https:\/\/strangercam.com\/de\/chatroulette\/\">Chat<\/a>. Join die Gay Chat Video-Chat-App, so dass es einfach, mit zuf\u00e4lligen Fremden anonym chatten. Gay Chat bietet Video-Chat-Funktionen wie Gesichtsmasken, Geschlecht, L\u00e4nderfilter, privaten Chat und vieles mehr. Chatte mit zuf\u00e4lligen M\u00e4dchen und Jungen online, \u00fcberall auf der Welt, sofort<a href=\"https:\/\/nlcbplaywheresults.com\/\">.<\/a> Finden Sie einen neuen Freund, <a href=\"https:\/\/strangercam.com\/de\/coomeet\/\">treffen<\/a> Ihr n\u00e4chstes Date, zeigen Sie Ihre unglaubliche Musik F\u00e4higkeiten, haben eine zuf\u00e4llige Chat \u00fcber Fu\u00dfball, haben Gay Chat, oder chillen und diskutieren die neuesten Netflix-Serien mit einem Fremden. Es ist kostenlos und einfach, Gay Chat zu betreiben und Spa\u00df zu haben. Du wei\u00dft nie, wer auf der anderen Seite der Webcam auf dich wartet!<\/p>\n<p>Wenn Sie auf der Suche nach anonymen Kontakten zu neuen Menschen sind,\u00a0<a href=\"https:\/\/strangercam.com\/de\/chathub\/\">zuf\u00e4lliger Video-Chat<\/a>\u00a0ist der beste und einfachste Weg, und StrangerCam ist der Chat <a href=\"https:\/\/strangercam.com\/de\/bazoocam\/\">Nocken<\/a> App, die Sie dorthin bringen wird<a href=\"https:\/\/cashpotresulttoday.com\/\">.<\/a> Wir haben unsere App so optimiert, dass Sie genau ausw\u00e4hlen k\u00f6nnen, mit wem Sie kommen m\u00f6chten - eine neue und innovative Art, mit Fremden in Kontakt zu treten.<\/p>\n<p>Worauf wartest du also noch? Melde dich jetzt bei Gay Chat an!<\/p>\n<h3>Gay-Chat ist ausgezeichnet!<\/h3>\n<p>Nicht wir sind es, die das sagen, sondern die Kunden!<\/p>\n<p>Sie denken vielleicht, dass es deshalb so toll ist? Wir haben alle Antworten!<\/p>\n<p>Sie ist gro\u00dfartig, weil sie so einfach ist. Es ist gro\u00dfartig wegen der echten Gef\u00fchle der beiden beteiligten Personen. Es ist gro\u00dfartig, weil jemand mit der Gesellschaft k\u00e4mpft und sich als Schwuler outet und f\u00fcr das steht, was er will.<\/p>\n<p>Wir ermutigen unsere Besucher, das zu tun und zu genie\u00dfen, was sie wollen. Wir bieten ihnen die Einrichtungen, die sie sich w\u00fcnschen!<\/p>\n<p>Wenn es um schwule Chats geht, kannst du bei StrangerCam alles M\u00f6gliche w\u00e4hlen.<\/p>\n<h3>Anonym<\/h3>\n<p>Keiner kennt dich, und du kennst niemanden! Das ist es, was den Nervenkitzel ausmacht!<\/p>\n<p>Sie chatten mit Fremden in einem v\u00f6llig anonymen Modus. Wir bringen Sie mit Fremden aus der ganzen Welt zusammen. Sie k\u00f6nnen mit ihnen sprechen, w\u00e4hrend wir uns um Ihre Identit\u00e4t und Informationen k\u00fcmmern.<\/p>\n<p>Es ist wichtig, Ihre Identit\u00e4t geheim zu halten, w\u00e4hrend Sie mit Fremden chatten, und wir sind die Besten darin. Unser Team von Technikern arbeitet st\u00e4ndig daran und sch\u00fctzt Sie vor allem, was Schaden anrichten k\u00f6nnte.<\/p>\n<p>Anonym zu sein, bedeutet nicht, dass Sie nichts mit Fremden teilen k\u00f6nnen. Wir haben den anonymen Modus eingef\u00fchrt, um Sie zu sch\u00fctzen, und nicht, um Sie in eine Schublade zu stecken.<\/p>\n<p>Sie k\u00f6nnen Ihre grundlegenden Informationen mit Fremden teilen, die Sie m\u00f6gen. Diese Fremden k\u00f6nnen auch ihre grundlegenden Informationen mit Ihnen teilen.<br \/>\nUnd wenn Sie sich m\u00f6gen und die Dinge sich als gut erweisen, k\u00f6nnen Sie auch ein Date planen!<\/p>\n<p>Die Weitergabe von Informationen f\u00fcr ein Date ist obligatorisch. Wir m\u00f6chten jedoch darauf hinweisen, dass Sie alles in Betracht ziehen sollten, bevor Sie sich entscheiden, Ihren Partner pers\u00f6nlich zu treffen.<\/p>\n<h3>Datenschutz<\/h3>\n<p>Wir haben eine strenge Datenschutzpolitik!<\/p>\n<p>Wir geben Ihre Daten an niemanden weiter, nicht einmal an andere Fremde, die mit Ihnen sprechen. Wir \u00fcberlassen es ganz Ihnen, anderen Menschen von Ihnen zu erz\u00e4hlen. Wenn du nicht willst, kann niemand erfahren, wer du bist und woher du kommst.<\/p>\n<p>Der Verkauf von Kundendaten an Drittunternehmen ist g\u00e4ngige Praxis, aber nicht bei uns. Wir glauben, dass die Privatsph\u00e4re der Kunden ein wichtiger Faktor im Online-Chat ist. Aus diesem Grund geben wir keine Ihrer Daten an Dritte weiter und verkaufen sie auch nicht f\u00fcr Marketing- oder Werbezwecke.<br \/>\nDu kannst StrangerCam gerne besuchen. Es ist sicher und gesch\u00fctzt. Sie werden sich wie zu Hause f\u00fchlen!<\/p>\n<h3>Sichere Umgebung<\/h3>\n<p>Wenn du mit Jungen und M\u00e4dchen aus aller Welt in Kontakt treten willst, gibt es keinen sichereren Ort als StrangerCam, um dies zu tun. Wir verstehen die Bedenken bez\u00fcglich Online-Chats f\u00fcr Erwachsene. Deshalb versucht unser Team st\u00e4ndig, alles f\u00fcr dich zu optimieren.<\/p>\n<p>F\u00fchlen Sie sich frei, mit Fremden zu sprechen, denn Sie haben unsere Unterst\u00fctzung. Es ist eine Plattform f\u00fcr Erwachsene, aber das bedeutet nicht, dass wir sie f\u00fcr alles offen lassen. Wenn dich jemand schikaniert oder einen solchen Kommentar abgibt, kannst du direkt eine Beschwerde einreichen. Die andere Partei wird dann f\u00fcr die weitere Nutzung von StrangerCam gesperrt.<\/p>\n<h3>Kontrolle<\/h3>\n<p>Es ist wichtig, dass Sie die Kontrolle dar\u00fcber haben, was Sie online tun. Vor allem beim Videochat f\u00fcr Erwachsene kann es manchmal riskant sein, weil Menschen die Informationen, die Sie auf der Plattform angegeben haben, missbrauchen k\u00f6nnen.<\/p>\n<p>Aber in diesem Fall brauchen Sie sich keine Sorgen zu machen. Es gibt mehrere Funktionen innerhalb der Website, die Ihnen helfen, sich vor einem solchen Ungl\u00fcck zu sch\u00fctzen. W\u00e4hrend des Videochats k\u00f6nnen Sie einen Filter verwenden, um Ihr Gesicht zu verbergen. Auf diese Weise wei\u00df die andere Person nie, mit wem sie gerade spricht. Es sei denn, Sie sagen es ihnen selbst.<\/p>\n<p>Ist es nicht gro\u00dfartig, die Dinge zu kontrollieren und sie zu Ihren Gunsten zu nutzen? Das ist es in der Tat!<\/p>","protected":false},"excerpt":{"rendered":"<p>Welcome to Gay Chat. Join the Gay Chat\u00a0video chat app, making it easy to chat with random strangers anonymously. Gay Chat offers video chat features including face masks, gender, country filters, private Chat, and much more. Chat with random girls and boys online, anywhere in the world, instantaneously. Find a new friend, meet your next [&hellip;]<\/p>\n","protected":false},"author":8,"featured_media":0,"parent":0,"menu_order":0,"comment_status":"closed","ping_status":"closed","template":"","meta":{"footnotes":""},"class_list":["post-4906","page","type-page","status-publish","hentry"],"yoast_head":"<!-- This site is optimized with the Yoast SEO plugin v26.9 - https:\/\/yoast.com\/product\/yoast-seo-wordpress\/ -->\n<title>Gay Chat - StrangerCam.com: Cam With Strangers<\/title>\n<meta name=\"description\" content=\"Gay Chat anonymously with over 5.000.000 strangers. No Sign-Up Required! Cam with strangers on StrangerCam.com.\" \/>\n<meta name=\"robots\" content=\"index, follow, max-snippet:-1, max-image-preview:large, max-video-preview:-1\" \/>\n<link rel=\"canonical\" href=\"https:\/\/strangercam.com\/de\/schwul-chat\/\" \/>\n<meta property=\"og:locale\" content=\"de_DE\" \/>\n<meta property=\"og:type\" content=\"article\" \/>\n<meta property=\"og:title\" content=\"Gay Chat - StrangerCam.com: Cam With Strangers\" \/>\n<meta property=\"og:description\" content=\"Gay Chat anonymously with over 5.000.000 strangers. No Sign-Up Required! Cam with strangers on StrangerCam.com.\" \/>\n<meta property=\"og:url\" content=\"https:\/\/strangercam.com\/de\/schwul-chat\/\" \/>\n<meta property=\"og:site_name\" content=\"Strangercam\" \/>\n<meta property=\"article:publisher\" content=\"https:\/\/www.facebook.com\/strangercam\" \/>\n<meta property=\"article:modified_time\" content=\"2023-09-12T13:21:44+00:00\" \/>\n<meta property=\"og:image\" content=\"https:\/\/strangercam.com\/wp-content\/uploads\/2021\/10\/Untitled-2.png\" \/>\n\t<meta property=\"og:image:width\" content=\"800\" \/>\n\t<meta property=\"og:image:height\" content=\"532\" \/>\n\t<meta property=\"og:image:type\" content=\"image\/png\" \/>\n<meta name=\"twitter:card\" content=\"summary_large_image\" \/>\n<meta name=\"twitter:site\" content=\"@strangercamapp\" \/>\n<meta name=\"twitter:label1\" content=\"Gesch\u00e4tzte Lesezeit\" \/>\n\t<meta name=\"twitter:data1\" content=\"4\u00a0Minuten\" \/>\n<script type=\"application\/ld+json\" class=\"yoast-schema-graph\">{\"@context\":\"https:\/\/schema.org\",\"@graph\":[{\"@type\":\"WebPage\",\"@id\":\"https:\/\/strangercam.com\/gay-chat\/\",\"url\":\"https:\/\/strangercam.com\/gay-chat\/\",\"name\":\"Gay Chat - StrangerCam.com: Cam With Strangers\",\"isPartOf\":{\"@id\":\"https:\/\/strangercam.com\/#website\"},\"datePublished\":\"2021-06-14T17:57:32+00:00\",\"dateModified\":\"2023-09-12T13:21:44+00:00\",\"description\":\"Gay Chat anonymously with over 5.000.000 strangers. No Sign-Up Required! Cam with strangers on StrangerCam.com.\",\"breadcrumb\":{\"@id\":\"https:\/\/strangercam.com\/gay-chat\/#breadcrumb\"},\"inLanguage\":\"de\",\"potentialAction\":[{\"@type\":\"ReadAction\",\"target\":[\"https:\/\/strangercam.com\/gay-chat\/\"]}]},{\"@type\":\"BreadcrumbList\",\"@id\":\"https:\/\/strangercam.com\/gay-chat\/#breadcrumb\",\"itemListElement\":[{\"@type\":\"ListItem\",\"position\":1,\"name\":\"Home\",\"item\":\"https:\/\/strangercam.com\/\"},{\"@type\":\"ListItem\",\"position\":2,\"name\":\"Gay Chat\"}]},{\"@type\":\"WebSite\",\"@id\":\"https:\/\/strangercam.com\/#website\",\"url\":\"https:\/\/strangercam.com\/\",\"name\":\"Strangercam\",\"description\":\"Random Video Chat with Strangers\",\"publisher\":{\"@id\":\"https:\/\/strangercam.com\/#organization\"},\"alternateName\":\"Strangercam.com\",\"potentialAction\":[{\"@type\":\"SearchAction\",\"target\":{\"@type\":\"EntryPoint\",\"urlTemplate\":\"https:\/\/strangercam.com\/?s={search_term_string}\"},\"query-input\":{\"@type\":\"PropertyValueSpecification\",\"valueRequired\":true,\"valueName\":\"search_term_string\"}}],\"inLanguage\":\"de\"},{\"@type\":\"Organization\",\"@id\":\"https:\/\/strangercam.com\/#organization\",\"name\":\"Strangercam\",\"alternateName\":\"Strangercam.com\",\"url\":\"https:\/\/strangercam.com\/\",\"logo\":{\"@type\":\"ImageObject\",\"inLanguage\":\"de\",\"@id\":\"https:\/\/strangercam.com\/#\/schema\/logo\/image\/\",\"url\":\"https:\/\/strangercam.com\/wp-content\/uploads\/2020\/11\/cropped-new-favicon-black.png\",\"contentUrl\":\"https:\/\/strangercam.com\/wp-content\/uploads\/2020\/11\/cropped-new-favicon-black.png\",\"width\":512,\"height\":512,\"caption\":\"Strangercam\"},\"image\":{\"@id\":\"https:\/\/strangercam.com\/#\/schema\/logo\/image\/\"},\"sameAs\":[\"https:\/\/www.facebook.com\/strangercam\",\"https:\/\/x.com\/strangercamapp\"]}]}<\/script>\n<!-- \/ Yoast SEO plugin. -->","yoast_head_json":{"title":"Gay Chat - StrangerCam.com: Cam mit Fremden","description":"Anonymer Gay-Chat mit \u00fcber 5.000.000 Fremden. Keine Anmeldung erforderlich! Cam mit Fremden auf StrangerCam.com.","robots":{"index":"index","follow":"follow","max-snippet":"max-snippet:-1","max-image-preview":"max-image-preview:large","max-video-preview":"max-video-preview:-1"},"canonical":"https:\/\/strangercam.com\/de\/schwul-chat\/","og_locale":"de_DE","og_type":"article","og_title":"Gay Chat - StrangerCam.com: Cam With Strangers","og_description":"Gay Chat anonymously with over 5.000.000 strangers. No Sign-Up Required! Cam with strangers on StrangerCam.com.","og_url":"https:\/\/strangercam.com\/de\/schwul-chat\/","og_site_name":"Strangercam","article_publisher":"https:\/\/www.facebook.com\/strangercam","article_modified_time":"2023-09-12T13:21:44+00:00","og_image":[{"width":800,"height":532,"url":"https:\/\/strangercam.com\/wp-content\/uploads\/2021\/10\/Untitled-2.png","type":"image\/png"}],"twitter_card":"summary_large_image","twitter_site":"@strangercamapp","twitter_misc":{"Gesch\u00e4tzte Lesezeit":"4\u00a0Minuten"},"schema":{"@context":"https:\/\/schema.org","@graph":[{"@type":"WebPage","@id":"https:\/\/strangercam.com\/gay-chat\/","url":"https:\/\/strangercam.com\/gay-chat\/","name":"Gay Chat - StrangerCam.com: Cam mit Fremden","isPartOf":{"@id":"https:\/\/strangercam.com\/#website"},"datePublished":"2021-06-14T17:57:32+00:00","dateModified":"2023-09-12T13:21:44+00:00","description":"Anonymer Gay-Chat mit \u00fcber 5.000.000 Fremden. Keine Anmeldung erforderlich! Cam mit Fremden auf StrangerCam.com.","breadcrumb":{"@id":"https:\/\/strangercam.com\/gay-chat\/#breadcrumb"},"inLanguage":"de","potentialAction":[{"@type":"ReadAction","target":["https:\/\/strangercam.com\/gay-chat\/"]}]},{"@type":"BreadcrumbList","@id":"https:\/\/strangercam.com\/gay-chat\/#breadcrumb","itemListElement":[{"@type":"ListItem","position":1,"name":"Home","item":"https:\/\/strangercam.com\/"},{"@type":"ListItem","position":2,"name":"Gay Chat"}]},{"@type":"WebSite","@id":"https:\/\/strangercam.com\/#website","url":"https:\/\/strangercam.com\/","name":"Strangercam","description":"Zuf\u00e4lliger Video-Chat mit Fremden","publisher":{"@id":"https:\/\/strangercam.com\/#organization"},"alternateName":"Strangercam.com","potentialAction":[{"@type":"SearchAction","target":{"@type":"EntryPoint","urlTemplate":"https:\/\/strangercam.com\/?s={search_term_string}"},"query-input":{"@type":"PropertyValueSpecification","valueRequired":true,"valueName":"search_term_string"}}],"inLanguage":"de"},{"@type":"Organization","@id":"https:\/\/strangercam.com\/#organization","name":"Strangercam","alternateName":"Strangercam.com","url":"https:\/\/strangercam.com\/","logo":{"@type":"ImageObject","inLanguage":"de","@id":"https:\/\/strangercam.com\/#\/schema\/logo\/image\/","url":"https:\/\/strangercam.com\/wp-content\/uploads\/2020\/11\/cropped-new-favicon-black.png","contentUrl":"https:\/\/strangercam.com\/wp-content\/uploads\/2020\/11\/cropped-new-favicon-black.png","width":512,"height":512,"caption":"Strangercam"},"image":{"@id":"https:\/\/strangercam.com\/#\/schema\/logo\/image\/"},"sameAs":["https:\/\/www.facebook.com\/strangercam","https:\/\/x.com\/strangercamapp"]}]}},"_links":{"self":[{"href":"https:\/\/strangercam.com\/de\/wp-json\/wp\/v2\/pages\/4906","targetHints":{"allow":["GET"]}}],"collection":[{"href":"https:\/\/strangercam.com\/de\/wp-json\/wp\/v2\/pages"}],"about":[{"href":"https:\/\/strangercam.com\/de\/wp-json\/wp\/v2\/types\/page"}],"author":[{"embeddable":true,"href":"https:\/\/strangercam.com\/de\/wp-json\/wp\/v2\/users\/8"}],"replies":[{"embeddable":true,"href":"https:\/\/strangercam.com\/de\/wp-json\/wp\/v2\/comments?post=4906"}],"version-history":[{"count":0,"href":"https:\/\/strangercam.com\/de\/wp-json\/wp\/v2\/pages\/4906\/revisions"}],"wp:attachment":[{"href":"https:\/\/strangercam.com\/de\/wp-json\/wp\/v2\/media?parent=4906"}],"curies":[{"name":"wp","href":"https:\/\/api.w.org\/{rel}","templated":true}]}}