{"id":4887,"date":"2021-06-14T19:18:17","date_gmt":"2021-06-14T17:18:17","guid":{"rendered":"https:\/\/strangercam.com\/?page_id=4887"},"modified":"2023-08-21T12:40:47","modified_gmt":"2023-08-21T10:40:47","slug":"fremdenchat","status":"publish","type":"page","link":"https:\/\/strangercam.com\/de\/stranger-chat\/","title":{"rendered":"Fremdsprachige Unterhaltung"},"content":{"rendered":"<p>Willkommen bei Stranger <a href=\"https:\/\/strangercam.com\/de\/chathub\/\">Chat<\/a>. Join die Stranger Chat Video-Chat-App, die es einfach macht, mit zuf\u00e4lligen Fremden anonym zu chatten<a href=\"https:\/\/cashpotresulttoday.com\/\">.<\/a> Stranger Chat bietet Video-Chat-Funktionen wie Gesichtsmasken, Geschlechts- und L\u00e4nderfilter, privaten Chat und vieles mehr. Chatte mit zuf\u00e4lligen M\u00e4dchen und Jungen online, \u00fcberall auf der Welt, sofort. Finde einen neuen Freund, <a href=\"https:\/\/strangercam.com\/de\/coomeet\/\">treffen<\/a> Ihr n\u00e4chstes Date, zeigen Sie Ihre unglaublichen musikalischen F\u00e4higkeiten, unterhalten Sie sich \u00fcber Fu\u00dfball, f\u00fchren Sie einen Stranger Chat oder diskutieren Sie einfach mit einem Fremden \u00fcber die neueste Netflix-Serie. Der Stranger Chat ist kostenlos und einfach und macht Spa\u00df. Du wei\u00dft nie, wer auf der anderen Seite der Webcam auf dich wartet!<\/p>\n<p>Wir alle brauchen eine Aktivit\u00e4t, um uns aufzumuntern, und keine Aktivit\u00e4t ist besser als ein Gespr\u00e4ch mit anderen Menschen und ein Erfahrungsaustausch mit ihnen.<a href=\"https:\/\/nlcbplaywheresults.com\/\">.<\/a> In der Vergangenheit war das nicht einfach, aber jetzt nicht mehr. StrangerCam bietet Ihnen eine hervorragende M\u00f6glichkeit, mit Fremden auf der ganzen Welt zu sprechen. Join Sie uns und haben Sie Spa\u00df!<\/p>\n<p>Wenn du anonym mit neuen Leuten in Kontakt treten willst, ist ein zuf\u00e4lliger Video-Chat der beste und einfachste Weg dazu, und StrangerCam ist der Chat <a href=\"https:\/\/strangercam.com\/de\/bazoocam\/\">Nocken<\/a> App, die Sie dorthin bringen wird. Wir haben unsere App so optimiert, dass Sie genau ausw\u00e4hlen k\u00f6nnen, mit wem Sie chatten m\u00f6chten - eine neue und innovative Art, mit Fremden in Kontakt zu treten.<\/p>\n<p>Worauf wartest du also noch? Melde dich jetzt bei Stranger Chat an!<\/p>\n<h2>Mit StrangerCam ganz einfach neue Leute online finden<\/h2>\n<p>Nie war es so einfach, online neue Leute zu finden!<\/p>\n<p>Neue Leute finden bei <a href=\"https:\/\/strangercam.com\/de\/chatroulette\/\">Chatroulette<\/a> macht Spa\u00df. StrangerCam ist eine Online-Plattform. Sie erm\u00f6glicht es den Nutzern, ohne Registrierung mit Fremden zu chatten. Sie hat nur die Webcam-Funktion in der Mitte, die es einer Person erm\u00f6glicht, schnell einen Chat zu beginnen. Auf der Plattform gibt es viele Chat-Optionen. Sie k\u00f6nnen einen Chat in Sekundenschnelle beginnen. \u00d6ffnen Sie einfach die Website, geben Sie Ihr Geschlecht ein und w\u00e4hlen Sie das Land Ihrer Wahl. Wir finden f\u00fcr Sie die potenziellen Partner, nach denen Sie suchen.<\/p>\n<p>Au\u00dferdem k\u00f6nnen die Nutzer chatten und wichtige Informationen mit ausgew\u00e4hlten Personen austauschen. Die Dienste sind v\u00f6llig kostenlos und erm\u00f6glichen es den Nutzern, Fremde mit gemeinsamen Interessen zu finden. Die Nutzer k\u00f6nnen auch auf \"\u00dcberspringen\" dr\u00fccken, wenn sie nicht mit ihnen chatten wollen, und zum n\u00e4chsten weitergehen. Alles, was wir tun, ist darauf ausgerichtet, unsere Kunden auf jede erdenkliche Weise zufrieden zu stellen.<\/p>\n<h2>Auswahl<\/h2>\n<p>Jedes Mal, wenn Sie die Website \u00f6ffnen, werden Ihnen verschiedene Optionen zur Auswahl angeboten. Sie haben die M\u00f6glichkeit, das Geschlecht Ihrer Wahl auszuw\u00e4hlen. StrangerCam, dann durch seine starke AI-Netzwerk, wird Ihr Match zu finden.<br \/>\nDie M\u00f6glichkeit, jedes Mal, wenn Sie die Plattform nutzen, selbst zu entscheiden, ist fantastisch. Man hat das Gef\u00fchl, dass man die ganze Macht dar\u00fcber hat, mit wem man reden und chatten m\u00f6chte, um Spa\u00df zu haben. Wir erm\u00e4chtigen unsere Kunden. Man kann mit niemandem ohne seine Zustimmung sprechen. Beide Parteien m\u00fcssen ausw\u00e4hlen. Und Sie werden zusammengebracht, wenn Sie jemanden zur\u00fcckw\u00e4hlen. Solange beide Personen damit einverstanden sind, miteinander zu sprechen, k\u00f6nnen sie sich ohne Einschr\u00e4nkungen und Sorgen unterhalten.<\/p>\n<h2>Kontrolle \u00fcber Informationen und einfache Suche nach einem potenziellen Partner<\/h2>\n<p>Wir hoffen, Sie haben bereits das meiste \u00fcber diese fantastische Videochat-Plattform f\u00fcr Erwachsene verstanden. Aber es gibt noch etwas Wichtiges zu erw\u00e4hnen!<\/p>\n<p>Wir geben Ihre Informationen nicht an Dritte weiter. Wir sind hier, um Sie in jeder Hinsicht zu sch\u00fctzen. Ihre Daten sind bei uns sicher. Wir geben Ihre Daten an niemanden weiter.<\/p>\n<p>Auch wir sind hier, um Sie zu unterst\u00fctzen. Unser intelligentes System hilft Ihnen, den Typ Mensch zu finden, den Sie suchen!<br \/>\nSie haben eine Vielzahl von M\u00f6glichkeiten, aus denen Sie w\u00e4hlen k\u00f6nnen. Die Welt ist offen f\u00fcr Sie. Geh und nimm dir, was dir geh\u00f6rt!<\/p>","protected":false},"excerpt":{"rendered":"<p>Welcome to Stranger Chat. Join the Stranger Chat video chat app, making it easy to chat with random strangers anonymously. Stranger Chat offers video chat features including face masks, gender and country filters, private chat, and much more. Chat with random girls and boys online, anywhere in the world, instantaneously. Find a new friend, meet [&hellip;]<\/p>\n","protected":false},"author":6,"featured_media":0,"parent":0,"menu_order":0,"comment_status":"closed","ping_status":"closed","template":"","meta":{"footnotes":""},"class_list":["post-4887","page","type-page","status-publish","hentry"],"yoast_head":"<!-- This site is optimized with the Yoast SEO plugin v27.4 - https:\/\/yoast.com\/product\/yoast-seo-wordpress\/ -->\n<title>Stranger Chat - StrangerCam.com: Cam With Strangers<\/title>\n<meta name=\"description\" content=\"Stranger Chat anonymously with over 5.000.000 strangers. No Sign-Up Required! Cam with strangers on StrangerCam.com.\" \/>\n<meta name=\"robots\" content=\"index, follow, max-snippet:-1, max-image-preview:large, max-video-preview:-1\" \/>\n<link rel=\"canonical\" href=\"https:\/\/strangercam.com\/de\/fremdenchat\/\" \/>\n<meta property=\"og:locale\" content=\"de_DE\" \/>\n<meta property=\"og:type\" content=\"article\" \/>\n<meta property=\"og:title\" content=\"Stranger Chat - StrangerCam.com: Cam With Strangers\" \/>\n<meta property=\"og:description\" content=\"Stranger Chat anonymously with over 5.000.000 strangers. No Sign-Up Required! Cam with strangers on StrangerCam.com.\" \/>\n<meta property=\"og:url\" content=\"https:\/\/strangercam.com\/de\/fremdenchat\/\" \/>\n<meta property=\"og:site_name\" content=\"Strangercam\" \/>\n<meta property=\"article:publisher\" content=\"https:\/\/www.facebook.com\/strangercam\" \/>\n<meta property=\"article:modified_time\" content=\"2023-08-21T10:40:47+00:00\" \/>\n<meta property=\"og:image\" content=\"https:\/\/strangercam.com\/wp-content\/uploads\/2021\/10\/Untitled-2.png\" \/>\n\t<meta property=\"og:image:width\" content=\"800\" \/>\n\t<meta property=\"og:image:height\" content=\"532\" \/>\n\t<meta property=\"og:image:type\" content=\"image\/png\" \/>\n<meta name=\"twitter:card\" content=\"summary_large_image\" \/>\n<meta name=\"twitter:site\" content=\"@strangercamapp\" \/>\n<meta name=\"twitter:label1\" content=\"Gesch\u00e4tzte Lesezeit\" \/>\n\t<meta name=\"twitter:data1\" content=\"3\u00a0Minuten\" \/>\n<script type=\"application\/ld+json\" class=\"yoast-schema-graph\">{\"@context\":\"https:\\\/\\\/schema.org\",\"@graph\":[{\"@type\":\"WebPage\",\"@id\":\"https:\\\/\\\/strangercam.com\\\/stranger-chat\\\/\",\"url\":\"https:\\\/\\\/strangercam.com\\\/stranger-chat\\\/\",\"name\":\"Stranger Chat - StrangerCam.com: Cam With Strangers\",\"isPartOf\":{\"@id\":\"https:\\\/\\\/strangercam.com\\\/#website\"},\"datePublished\":\"2021-06-14T17:18:17+00:00\",\"dateModified\":\"2023-08-21T10:40:47+00:00\",\"description\":\"Stranger Chat anonymously with over 5.000.000 strangers. No Sign-Up Required! Cam with strangers on StrangerCam.com.\",\"breadcrumb\":{\"@id\":\"https:\\\/\\\/strangercam.com\\\/stranger-chat\\\/#breadcrumb\"},\"inLanguage\":\"de\",\"potentialAction\":[{\"@type\":\"ReadAction\",\"target\":[\"https:\\\/\\\/strangercam.com\\\/stranger-chat\\\/\"]}]},{\"@type\":\"BreadcrumbList\",\"@id\":\"https:\\\/\\\/strangercam.com\\\/stranger-chat\\\/#breadcrumb\",\"itemListElement\":[{\"@type\":\"ListItem\",\"position\":1,\"name\":\"Home\",\"item\":\"https:\\\/\\\/strangercam.com\\\/\"},{\"@type\":\"ListItem\",\"position\":2,\"name\":\"Stranger Chat\"}]},{\"@type\":\"WebSite\",\"@id\":\"https:\\\/\\\/strangercam.com\\\/#website\",\"url\":\"https:\\\/\\\/strangercam.com\\\/\",\"name\":\"Strangercam\",\"description\":\"Random Video Chat with Strangers\",\"publisher\":{\"@id\":\"https:\\\/\\\/strangercam.com\\\/#organization\"},\"alternateName\":\"Strangercam.com\",\"potentialAction\":[{\"@type\":\"SearchAction\",\"target\":{\"@type\":\"EntryPoint\",\"urlTemplate\":\"https:\\\/\\\/strangercam.com\\\/?s={search_term_string}\"},\"query-input\":{\"@type\":\"PropertyValueSpecification\",\"valueRequired\":true,\"valueName\":\"search_term_string\"}}],\"inLanguage\":\"de\"},{\"@type\":\"Organization\",\"@id\":\"https:\\\/\\\/strangercam.com\\\/#organization\",\"name\":\"Strangercam\",\"alternateName\":\"Strangercam.com\",\"url\":\"https:\\\/\\\/strangercam.com\\\/\",\"logo\":{\"@type\":\"ImageObject\",\"inLanguage\":\"de\",\"@id\":\"https:\\\/\\\/strangercam.com\\\/#\\\/schema\\\/logo\\\/image\\\/\",\"url\":\"https:\\\/\\\/strangercam.com\\\/wp-content\\\/uploads\\\/2020\\\/11\\\/cropped-new-favicon-black.png\",\"contentUrl\":\"https:\\\/\\\/strangercam.com\\\/wp-content\\\/uploads\\\/2020\\\/11\\\/cropped-new-favicon-black.png\",\"width\":512,\"height\":512,\"caption\":\"Strangercam\"},\"image\":{\"@id\":\"https:\\\/\\\/strangercam.com\\\/#\\\/schema\\\/logo\\\/image\\\/\"},\"sameAs\":[\"https:\\\/\\\/www.facebook.com\\\/strangercam\",\"https:\\\/\\\/x.com\\\/strangercamapp\"]}]}<\/script>\n<!-- \/ Yoast SEO plugin. -->","yoast_head_json":{"title":"Fremder Chat - StrangerCam.com: Cam mit Fremden","description":"Anonymer Stranger Chat mit \u00fcber 5.000.000 Fremden. Keine Anmeldung erforderlich! Cam mit Fremden auf StrangerCam.com.","robots":{"index":"index","follow":"follow","max-snippet":"max-snippet:-1","max-image-preview":"max-image-preview:large","max-video-preview":"max-video-preview:-1"},"canonical":"https:\/\/strangercam.com\/de\/fremdenchat\/","og_locale":"de_DE","og_type":"article","og_title":"Stranger Chat - StrangerCam.com: Cam With Strangers","og_description":"Stranger Chat anonymously with over 5.000.000 strangers. No Sign-Up Required! Cam with strangers on StrangerCam.com.","og_url":"https:\/\/strangercam.com\/de\/fremdenchat\/","og_site_name":"Strangercam","article_publisher":"https:\/\/www.facebook.com\/strangercam","article_modified_time":"2023-08-21T10:40:47+00:00","og_image":[{"width":800,"height":532,"url":"https:\/\/strangercam.com\/wp-content\/uploads\/2021\/10\/Untitled-2.png","type":"image\/png"}],"twitter_card":"summary_large_image","twitter_site":"@strangercamapp","twitter_misc":{"Gesch\u00e4tzte Lesezeit":"3\u00a0Minuten"},"schema":{"@context":"https:\/\/schema.org","@graph":[{"@type":"WebPage","@id":"https:\/\/strangercam.com\/stranger-chat\/","url":"https:\/\/strangercam.com\/stranger-chat\/","name":"Fremder Chat - StrangerCam.com: Cam mit Fremden","isPartOf":{"@id":"https:\/\/strangercam.com\/#website"},"datePublished":"2021-06-14T17:18:17+00:00","dateModified":"2023-08-21T10:40:47+00:00","description":"Anonymer Stranger Chat mit \u00fcber 5.000.000 Fremden. Keine Anmeldung erforderlich! Cam mit Fremden auf StrangerCam.com.","breadcrumb":{"@id":"https:\/\/strangercam.com\/stranger-chat\/#breadcrumb"},"inLanguage":"de","potentialAction":[{"@type":"ReadAction","target":["https:\/\/strangercam.com\/stranger-chat\/"]}]},{"@type":"BreadcrumbList","@id":"https:\/\/strangercam.com\/stranger-chat\/#breadcrumb","itemListElement":[{"@type":"ListItem","position":1,"name":"Home","item":"https:\/\/strangercam.com\/"},{"@type":"ListItem","position":2,"name":"Stranger Chat"}]},{"@type":"WebSite","@id":"https:\/\/strangercam.com\/#website","url":"https:\/\/strangercam.com\/","name":"Strangercam","description":"Zuf\u00e4lliger Video-Chat mit Fremden","publisher":{"@id":"https:\/\/strangercam.com\/#organization"},"alternateName":"Strangercam.com","potentialAction":[{"@type":"SearchAction","target":{"@type":"EntryPoint","urlTemplate":"https:\/\/strangercam.com\/?s={search_term_string}"},"query-input":{"@type":"PropertyValueSpecification","valueRequired":true,"valueName":"search_term_string"}}],"inLanguage":"de"},{"@type":"Organization","@id":"https:\/\/strangercam.com\/#organization","name":"Strangercam","alternateName":"Strangercam.com","url":"https:\/\/strangercam.com\/","logo":{"@type":"ImageObject","inLanguage":"de","@id":"https:\/\/strangercam.com\/#\/schema\/logo\/image\/","url":"https:\/\/strangercam.com\/wp-content\/uploads\/2020\/11\/cropped-new-favicon-black.png","contentUrl":"https:\/\/strangercam.com\/wp-content\/uploads\/2020\/11\/cropped-new-favicon-black.png","width":512,"height":512,"caption":"Strangercam"},"image":{"@id":"https:\/\/strangercam.com\/#\/schema\/logo\/image\/"},"sameAs":["https:\/\/www.facebook.com\/strangercam","https:\/\/x.com\/strangercamapp"]}]}},"_links":{"self":[{"href":"https:\/\/strangercam.com\/de\/wp-json\/wp\/v2\/pages\/4887","targetHints":{"allow":["GET"]}}],"collection":[{"href":"https:\/\/strangercam.com\/de\/wp-json\/wp\/v2\/pages"}],"about":[{"href":"https:\/\/strangercam.com\/de\/wp-json\/wp\/v2\/types\/page"}],"author":[{"embeddable":true,"href":"https:\/\/strangercam.com\/de\/wp-json\/wp\/v2\/users\/6"}],"replies":[{"embeddable":true,"href":"https:\/\/strangercam.com\/de\/wp-json\/wp\/v2\/comments?post=4887"}],"version-history":[{"count":0,"href":"https:\/\/strangercam.com\/de\/wp-json\/wp\/v2\/pages\/4887\/revisions"}],"wp:attachment":[{"href":"https:\/\/strangercam.com\/de\/wp-json\/wp\/v2\/media?parent=4887"}],"curies":[{"name":"wp","href":"https:\/\/api.w.org\/{rel}","templated":true}]}}