{"id":4869,"date":"2025-09-23T11:15:28","date_gmt":"2025-09-23T09:15:28","guid":{"rendered":"https:\/\/strangercam.com\/?page_id=4869"},"modified":"2025-09-23T12:42:03","modified_gmt":"2025-09-23T10:42:03","slug":"wo-kann-ich-mit-zufaelligen-maedchen-chatten","status":"publish","type":"page","link":"https:\/\/strangercam.com\/de\/where-can-i-chat-with-random-girls\/","title":{"rendered":"Wo kann ich mit zuf\u00e4lligen M\u00e4dchen chatten"},"content":{"rendered":"<p>Wenn Sie sich fragen: \"Wo kann ich mit beliebigen M\u00e4dchen chatten?\", sind Sie nicht allein. Jeden Monat suchen Millionen von Menschen nach M\u00f6glichkeiten, sofort mit M\u00e4dchen online in Kontakt zu treten - sei es zum Spa\u00df, zum zwanglosen Flirten oder um neue Freunde auf der ganzen Welt zu finden. Die gute Nachricht? Es ist einfacher denn je, sichere, kostenlose und echte Plattformen zu finden, auf denen Sie ohne lange Anmeldung oder versteckte Geb\u00fchren mit zuf\u00e4lligen M\u00e4dchen chatten k\u00f6nnen.<\/p>\n<p>Mit Plattformen wie StrangerCam k\u00f6nnen Sie in Sekundenschnelle mit Frauen chatten. Keine Downloads, keine Profile, keine Kreditkarten - nur echte Unterhaltungen mit Frauen auf der ganzen Welt, die auch auf der Suche nach einer Beziehung sind.<\/p>\n<p>In diesem Leitfaden erfahren Sie alles, was Sie wissen m\u00fcssen: wo Sie mit zuf\u00e4lligen M\u00e4dchen chatten k\u00f6nnen, welche Funktionen am wichtigsten sind, Vergleiche der Top-Plattformen, echte Erfahrungsberichte, Sicherheitstipps und warum StrangerCam heute eine der besten Optionen ist.<\/p>\n<h2>Warum Menschen mit zuf\u00e4lligen M\u00e4dchen chatten wollen<\/h2>\n<p>Die Suche nach zuf\u00e4lligen M\u00e4dchen-Chats hat massiv zugenommen, und hier ist der Grund daf\u00fcr:<\/p>\n<ul>\n<li>Gegen Einsamkeit und Langeweile: Online-Gespr\u00e4che mit M\u00e4dchen helfen, die Routine zu durchbrechen.<\/li>\n<li>Zwangloses Flirten: Viele Nutzer genie\u00dfen ungezwungene Chats ohne Druck.<\/li>\n<li>Freunde finden: Es macht Spa\u00df, Menschen au\u00dferhalb deines Freundeskreises kennenzulernen.<\/li>\n<li>Globale Erfahrung: Sie k\u00f6nnen Frauen aus L\u00e4ndern treffen, die Sie noch nie besucht haben.<\/li>\n<li>Echte Verbindungen: Live-Video beweist, dass Sie mit einer echten Person sprechen, nicht mit einem Bot.<\/li>\n<\/ul>\n<h2>Wo k\u00f6nnen Sie mit zuf\u00e4lligen M\u00e4dchen online chatten?<\/h2>\n<p>Es gibt viele Plattformen, auf denen Sie mit zuf\u00e4lligen M\u00e4dchen chatten k\u00f6nnen - einige sind kostenlos, andere kostenpflichtig. Hier sind die wichtigsten Arten:<\/p>\n<h3>1. Zuf\u00e4llige Video-Chat-Seiten<\/h3>\n<p>Websites, auf denen Sie Ihre Webcam einschalten und sofort mit einem M\u00e4dchen verkuppelt werden. Beispiele: StrangerCam, <a href=\"https:\/\/strangercam.com\/de\/chatroulette\/\">Chatroulette<\/a>, Shagle.<\/p>\n<h3>2. Chat-Apps mit Gender-Filtern<\/h3>\n<p>Mobile Apps wie <a href=\"https:\/\/strangercam.com\/de\/ometv\/\">OmeTV<\/a> oder Chatrandom erlauben zuf\u00e4llige Chats, verlangen aber oft Geb\u00fchren f\u00fcr weibliche Filter.<\/p>\n<h3>3. Bezahlte Dating-orientierte Videoplattformen<\/h3>\n<p>Websites wie <a href=\"https:\/\/strangercam.com\/de\/coomeet\/\">CooMeet<\/a> oder LuckyCrush sind darauf spezialisiert, M\u00e4nner mit Frauen zusammenzubringen, verlangen aber nach kurzen Versuchen eine Bezahlung.<\/p>\n<h3>4. Kostenlose Plattformen ohne Anmeldung<\/h3>\n<p>StrangerCam ist eine der wenigen Plattformen, auf der du kostenlos und ohne Anmeldung mit zuf\u00e4lligen M\u00e4dchen chatten kannst.<\/p>\n<h2>Welche Merkmale am wichtigsten sind<\/h2>\n<p>Wenn Sie entscheiden, wo Sie mit zuf\u00e4lligen M\u00e4dchen chatten wollen, sollten Sie auf Folgendes achten:<\/p>\n<ul>\n<li>Freier Geschlechtsfilter - Andernfalls kann es sein, dass Sie stattdessen mit zuf\u00e4lligen M\u00e4nnern gepaart werden.<\/li>\n<li>Keine Anmeldung erforderlich - Bei den besten Plattformen k\u00f6nnen Sie sofort einsteigen.<\/li>\n<li>Video-Chat-Optionen - Jemanden sehen auf <a href=\"https:\/\/strangercam.com\/de\/bazoocam\/\">Nocken<\/a> stellt sicher, dass sie echt sind.<\/li>\n<li>Moderation und Berichterstattung - Sorgt f\u00fcr ein sicheres und respektvolles Miteinander.<\/li>\n<li>Mobil- und Desktop-freundlich - Funktioniert, wo immer Sie sind.<\/li>\n<li>Globale Reichweite - Eine gro\u00dfe weibliche Nutzerbasis sorgt f\u00fcr Abwechslung.<\/li>\n<\/ul>\n<h2>Beste Plattformen zum Chatten mit zuf\u00e4lligen M\u00e4dchen im Jahr 2025<\/h2>\n<p>Hier ist ein Vergleich beliebter Plattformen, auf denen Sie mit zuf\u00e4lligen M\u00e4dchen chatten k\u00f6nnen:<\/p>\n<table>\n<thead>\n<tr>\n<th>Plattform<\/th>\n<th align=\"center\">Freier Zugang<\/th>\n<th align=\"center\">Gender-Filter<\/th>\n<th align=\"center\">Anmeldung erforderlich<\/th>\n<th align=\"center\">Mobile Unterst\u00fctzung<\/th>\n<th align=\"center\">Moderation<\/th>\n<th>Anmerkungen<\/th>\n<\/tr>\n<\/thead>\n<tbody>\n<tr>\n<td>StrangerCam<\/td>\n<td align=\"center\">\u2705<\/td>\n<td align=\"center\">\u2705 (Frei)<\/td>\n<td align=\"center\">\u274c<\/td>\n<td align=\"center\">\u2705<\/td>\n<td align=\"center\">\u2705<\/td>\n<td>Beste Wahl, echter &amp; kostenloser M\u00e4dchenfilter<\/td>\n<\/tr>\n<tr>\n<td>Chatroulette<\/td>\n<td align=\"center\">\u2705<\/td>\n<td align=\"center\">\u274c (Bezahlt)<\/td>\n<td align=\"center\">\u274c<\/td>\n<td align=\"center\">\u2705<\/td>\n<td align=\"center\">\u2705<\/td>\n<td>Klassisch, aber keine kostenlosen Filter<\/td>\n<\/tr>\n<tr>\n<td>Chatrandom<\/td>\n<td align=\"center\">\u2705<\/td>\n<td align=\"center\">\u274c (Bezahlt)<\/td>\n<td align=\"center\">\u274c<\/td>\n<td align=\"center\">\u2705<\/td>\n<td align=\"center\">\u2705<\/td>\n<td>Beliebt, dr\u00e4ngt aber auf Premium-Upgrades<\/td>\n<\/tr>\n<tr>\n<td>Shagle<\/td>\n<td align=\"center\">\u2705<\/td>\n<td align=\"center\">\u274c (Bezahlt)<\/td>\n<td align=\"center\">\u274c<\/td>\n<td align=\"center\">\u2705<\/td>\n<td align=\"center\">\u2705<\/td>\n<td>Anfangs kostenlos, aber begrenzte Filter<\/td>\n<\/tr>\n<tr>\n<td>CooMeet<\/td>\n<td align=\"center\">\u274c (Versuch)<\/td>\n<td align=\"center\">\u2705<\/td>\n<td align=\"center\">\u2705<\/td>\n<td align=\"center\">\u2705<\/td>\n<td align=\"center\">\u2705<\/td>\n<td>Bezahlte, auf M\u00e4nner und Frauen ausgerichtete Treffen<\/td>\n<\/tr>\n<tr>\n<td>LuckyCrush<\/td>\n<td align=\"center\">\u274c<\/td>\n<td align=\"center\">\u2705<\/td>\n<td align=\"center\">\u2705<\/td>\n<td align=\"center\">\u2705<\/td>\n<td align=\"center\">\u2705<\/td>\n<td>Immer bezahlte, geschlechtsspezifische Chats<\/td>\n<\/tr>\n<\/tbody>\n<\/table>\n<p>StrangerCam ist eine der einzigen Plattformen, die einen funktionierenden kostenlosen Geschlechtsfilter anbietet, damit du sofort mit zuf\u00e4lligen M\u00e4dchen chatten kannst - ohne dich anzumelden oder zu bezahlen.<\/p>\n<h2>Warum StrangerCam die beste Wahl ist<\/h2>\n<p>Hier erf\u00e4hrst du, warum StrangerCam eine der besten Antworten auf die Frage \"Wo kann ich mit beliebigen M\u00e4dchen chatten?\" ist:<\/p>\n<h3>1. Es ist 100% Frei<\/h3>\n<p>Keine Probezeit, keine Kredite - nur unbegrenzte Chats.<\/p>\n<h3>2. Kostenloser Gender-Filter<\/h3>\n<p>Im Gegensatz zu den meisten Websites m\u00fcssen Sie nicht extra bezahlen, um mit M\u00e4dchen in Kontakt zu treten.<\/p>\n<h3>3. Keine Anmeldung erforderlich<\/h3>\n<p>Bleiben Sie anonym und stellen Sie sofort eine Verbindung her.<\/p>\n<h3>4. Sicher &amp; moderiert<\/h3>\n<p>Mehr Sicherheit als <a href=\"https:\/\/strangercam.com\/de\/omegle\/\">Omegle<\/a> jemals hatte.<\/p>\n<h3>5. Mobile + Desktop bereit<\/h3>\n<p>Funktioniert reibungslos auf jedem Ger\u00e4t.<\/p>\n<h3>6. Vielf\u00e4ltige weibliche Nutzerbasis<\/h3>\n<p>Treffen Sie M\u00e4dchen aus \u00fcber 100 L\u00e4ndern.<\/p>\n<h2>Echte Anwenderberichte<\/h2>\n<blockquote><p><em>\"Ich war auf der Suche nach einem Ort, an dem ich mit zuf\u00e4lligen M\u00e4dchen chatten kann, ohne zu bezahlen. StrangerCam war die einzige Seite, die mir wirklich geholfen hat.\"<\/em><br \/>\n- Daniel, 29<\/p><\/blockquote>\n<blockquote><p><em>\"Der Gender-Filter ist kostenlos und funktioniert perfekt. Ich habe an einem Abend M\u00e4dchen aus drei L\u00e4ndern kennengelernt.\"<\/em><br \/>\n- Sophia, 22<\/p><\/blockquote>\n<blockquote><p><em>\"Die meisten Apps zwingen dich zu einem Upgrade, aber StrangerCam ist wirklich kostenlos.\"<\/em><br \/>\n- Ryan, 31<\/p><\/blockquote>\n<blockquote><p><em>\"Es f\u00fchlt sich sicher und einfach an. Ich mag die M\u00f6glichkeit, jederzeit zu springen.\"<\/em><br \/>\n- Emma, 20<\/p><\/blockquote>\n<h2>Sicherheitstipps f\u00fcr das Chatten mit zuf\u00e4lligen M\u00e4dchen<\/h2>\n<p>Wenn Sie Plattformen nutzen, um mit M\u00e4dchen online zu chatten, sollten Sie immer diese Sicherheitsregeln beachten:<\/p>\n<ul>\n<li>Geben Sie niemals pers\u00f6nliche Informationen (wie Ihre Telefonnummer oder Adresse) weiter.<\/li>\n<li>\u00dcberspringen oder blockieren Sie jeden, der Ihnen Unbehagen bereitet.<\/li>\n<li>Klicken Sie nicht auf Links, die von Fremden geteilt werden.<\/li>\n<li>\u00dcberpr\u00fcfen Sie Ihren Hintergrund, bevor Sie Ihre Webcam einschalten.<\/li>\n<li>Verwenden Sie Spitznamen, nicht Ihren richtigen Namen.<\/li>\n<li>Beachten Sie die Altersregeln der Plattform - vermeiden Sie Chats mit Erwachsenen, wenn Sie unter 18 sind.<\/li>\n<\/ul>\n<h2>Der Einstieg - Schritt f\u00fcr Schritt<\/h2>\n<p>Es dauert nur eine Minute, um mit beliebigen M\u00e4dchen zu chatten:<\/p>\n<ol>\n<li>\u00d6ffnen Sie StrangerCam in Ihrem Browser oder auf Ihrem Ger\u00e4t.<\/li>\n<li>Erlauben Sie den Zugriff auf Kamera und Mikrofon.<\/li>\n<li>W\u00e4hlen Sie den Geschlechtsfilter (M\u00e4dchen).<\/li>\n<li>Klicken Sie auf Chat starten, um eine sofortige Verbindung herzustellen.<\/li>\n<li>Dr\u00fccken Sie jederzeit auf Weiter, wenn Sie jemand Neues kennenlernen m\u00f6chten.<\/li>\n<\/ol>\n<p>Schnell, kostenlos und unterhaltsam.<\/p>\n<p>Wenn du dich gefragt hast: \"Wo kann ich mit beliebigen M\u00e4dchen chatten?\", ist die Antwort einfach: Im Jahr 2025 machen Plattformen wie StrangerCam dies m\u00f6glich, sofort und kostenlos. Im Gegensatz zu anderen Diensten, die Geschlechterfilter hinter Bezahlschranken blockieren oder Anmeldungen erzwingen, k\u00f6nnen Sie bei StrangerCam in Sekundenschnelle mit echten M\u00e4dchen aus der ganzen Welt in Kontakt treten.<\/p>\n<p>Bereit anzufangen? Probieren Sie noch heute einen kostenlosen Zufalls-Chat mit M\u00e4dchen aus und sehen Sie, wen Sie als n\u00e4chstes treffen werden.<\/p>","protected":false},"excerpt":{"rendered":"<p>If you\u2019re asking yourself, \u201cWhere can I chat with random girls?\u201d, you\u2019re not alone. Every month, millions of people search for ways to instantly connect with girls online\u2014whether for fun, casual flirting, or making new friends across the globe. The good news? It&#8217;s easier than ever to find safe, free, and real platforms where you [&hellip;]<\/p>\n","protected":false},"author":8,"featured_media":0,"parent":0,"menu_order":0,"comment_status":"closed","ping_status":"closed","template":"","meta":{"footnotes":""},"class_list":["post-4869","page","type-page","status-publish","hentry"],"yoast_head":"<!-- This site is optimized with the Yoast SEO plugin v27.4 - https:\/\/yoast.com\/product\/yoast-seo-wordpress\/ -->\n<title>Where Can I Chat With Random Girls on Strangercam.com<\/title>\n<meta name=\"description\" content=\"Liking Where Can I Chat With Random Girls? Join millions on StrangerCam.com! Start a random video chat, turn on your cam, and meet strangers instantly.\" \/>\n<meta name=\"robots\" content=\"index, follow, max-snippet:-1, max-image-preview:large, max-video-preview:-1\" \/>\n<link rel=\"canonical\" href=\"https:\/\/strangercam.com\/de\/wo-kann-ich-mit-zufaelligen-maedchen-chatten\/\" \/>\n<meta property=\"og:locale\" content=\"de_DE\" \/>\n<meta property=\"og:type\" content=\"article\" \/>\n<meta property=\"og:title\" content=\"Where Can I Chat With Random Girls on Strangercam.com\" \/>\n<meta property=\"og:description\" content=\"Liking Where Can I Chat With Random Girls? Join millions on StrangerCam.com! Start a random video chat, turn on your cam, and meet strangers instantly.\" \/>\n<meta property=\"og:url\" content=\"https:\/\/strangercam.com\/de\/wo-kann-ich-mit-zufaelligen-maedchen-chatten\/\" \/>\n<meta property=\"og:site_name\" content=\"Strangercam\" \/>\n<meta property=\"article:publisher\" content=\"https:\/\/www.facebook.com\/strangercam\" \/>\n<meta property=\"article:modified_time\" content=\"2025-09-23T10:42:03+00:00\" \/>\n<meta property=\"og:image\" content=\"https:\/\/strangercam.com\/wp-content\/uploads\/2021\/10\/Untitled-2.png\" \/>\n\t<meta property=\"og:image:width\" content=\"800\" \/>\n\t<meta property=\"og:image:height\" content=\"532\" \/>\n\t<meta property=\"og:image:type\" content=\"image\/png\" \/>\n<meta name=\"twitter:card\" content=\"summary_large_image\" \/>\n<meta name=\"twitter:site\" content=\"@strangercamapp\" \/>\n<meta name=\"twitter:label1\" content=\"Gesch\u00e4tzte Lesezeit\" \/>\n\t<meta name=\"twitter:data1\" content=\"4\u00a0Minuten\" \/>\n<script type=\"application\/ld+json\" class=\"yoast-schema-graph\">{\"@context\":\"https:\\\/\\\/schema.org\",\"@graph\":[{\"@type\":\"WebPage\",\"@id\":\"https:\\\/\\\/strangercam.com\\\/where-can-i-chat-with-random-girls\\\/\",\"url\":\"https:\\\/\\\/strangercam.com\\\/where-can-i-chat-with-random-girls\\\/\",\"name\":\"Where Can I Chat With Random Girls on Strangercam.com\",\"isPartOf\":{\"@id\":\"https:\\\/\\\/strangercam.com\\\/#website\"},\"datePublished\":\"2025-09-23T09:15:28+00:00\",\"dateModified\":\"2025-09-23T10:42:03+00:00\",\"description\":\"Liking Where Can I Chat With Random Girls? Join millions on StrangerCam.com! Start a random video chat, turn on your cam, and meet strangers instantly.\",\"breadcrumb\":{\"@id\":\"https:\\\/\\\/strangercam.com\\\/where-can-i-chat-with-random-girls\\\/#breadcrumb\"},\"inLanguage\":\"de\",\"potentialAction\":[{\"@type\":\"ReadAction\",\"target\":[\"https:\\\/\\\/strangercam.com\\\/where-can-i-chat-with-random-girls\\\/\"]}]},{\"@type\":\"BreadcrumbList\",\"@id\":\"https:\\\/\\\/strangercam.com\\\/where-can-i-chat-with-random-girls\\\/#breadcrumb\",\"itemListElement\":[{\"@type\":\"ListItem\",\"position\":1,\"name\":\"Home\",\"item\":\"https:\\\/\\\/strangercam.com\\\/\"},{\"@type\":\"ListItem\",\"position\":2,\"name\":\"Where Can I Chat With Random Girls\"}]},{\"@type\":\"WebSite\",\"@id\":\"https:\\\/\\\/strangercam.com\\\/#website\",\"url\":\"https:\\\/\\\/strangercam.com\\\/\",\"name\":\"Strangercam\",\"description\":\"Random Video Chat with Strangers\",\"publisher\":{\"@id\":\"https:\\\/\\\/strangercam.com\\\/#organization\"},\"alternateName\":\"Strangercam.com\",\"potentialAction\":[{\"@type\":\"SearchAction\",\"target\":{\"@type\":\"EntryPoint\",\"urlTemplate\":\"https:\\\/\\\/strangercam.com\\\/?s={search_term_string}\"},\"query-input\":{\"@type\":\"PropertyValueSpecification\",\"valueRequired\":true,\"valueName\":\"search_term_string\"}}],\"inLanguage\":\"de\"},{\"@type\":\"Organization\",\"@id\":\"https:\\\/\\\/strangercam.com\\\/#organization\",\"name\":\"Strangercam\",\"alternateName\":\"Strangercam.com\",\"url\":\"https:\\\/\\\/strangercam.com\\\/\",\"logo\":{\"@type\":\"ImageObject\",\"inLanguage\":\"de\",\"@id\":\"https:\\\/\\\/strangercam.com\\\/#\\\/schema\\\/logo\\\/image\\\/\",\"url\":\"https:\\\/\\\/strangercam.com\\\/wp-content\\\/uploads\\\/2020\\\/11\\\/cropped-new-favicon-black.png\",\"contentUrl\":\"https:\\\/\\\/strangercam.com\\\/wp-content\\\/uploads\\\/2020\\\/11\\\/cropped-new-favicon-black.png\",\"width\":512,\"height\":512,\"caption\":\"Strangercam\"},\"image\":{\"@id\":\"https:\\\/\\\/strangercam.com\\\/#\\\/schema\\\/logo\\\/image\\\/\"},\"sameAs\":[\"https:\\\/\\\/www.facebook.com\\\/strangercam\",\"https:\\\/\\\/x.com\\\/strangercamapp\"]}]}<\/script>\n<!-- \/ Yoast SEO plugin. -->","yoast_head_json":{"title":"Wo kann ich mit zuf\u00e4lligen M\u00e4dchen auf Strangercam.com chatten?","description":"Gef\u00e4llt mir Wo kann ich mit zuf\u00e4lligen M\u00e4dchen chatten? Join Millionen auf StrangerCam.com! Starten Sie einen zuf\u00e4lligen Video-Chat, schalten Sie Ihre Kamera ein und treffen Sie sofort Fremde.","robots":{"index":"index","follow":"follow","max-snippet":"max-snippet:-1","max-image-preview":"max-image-preview:large","max-video-preview":"max-video-preview:-1"},"canonical":"https:\/\/strangercam.com\/de\/wo-kann-ich-mit-zufaelligen-maedchen-chatten\/","og_locale":"de_DE","og_type":"article","og_title":"Where Can I Chat With Random Girls on Strangercam.com","og_description":"Liking Where Can I Chat With Random Girls? Join millions on StrangerCam.com! Start a random video chat, turn on your cam, and meet strangers instantly.","og_url":"https:\/\/strangercam.com\/de\/wo-kann-ich-mit-zufaelligen-maedchen-chatten\/","og_site_name":"Strangercam","article_publisher":"https:\/\/www.facebook.com\/strangercam","article_modified_time":"2025-09-23T10:42:03+00:00","og_image":[{"width":800,"height":532,"url":"https:\/\/strangercam.com\/wp-content\/uploads\/2021\/10\/Untitled-2.png","type":"image\/png"}],"twitter_card":"summary_large_image","twitter_site":"@strangercamapp","twitter_misc":{"Gesch\u00e4tzte Lesezeit":"4\u00a0Minuten"},"schema":{"@context":"https:\/\/schema.org","@graph":[{"@type":"WebPage","@id":"https:\/\/strangercam.com\/where-can-i-chat-with-random-girls\/","url":"https:\/\/strangercam.com\/where-can-i-chat-with-random-girls\/","name":"Wo kann ich mit zuf\u00e4lligen M\u00e4dchen auf Strangercam.com chatten?","isPartOf":{"@id":"https:\/\/strangercam.com\/#website"},"datePublished":"2025-09-23T09:15:28+00:00","dateModified":"2025-09-23T10:42:03+00:00","description":"Gef\u00e4llt mir Wo kann ich mit zuf\u00e4lligen M\u00e4dchen chatten? Join Millionen auf StrangerCam.com! Starten Sie einen zuf\u00e4lligen Video-Chat, schalten Sie Ihre Kamera ein und treffen Sie sofort Fremde.","breadcrumb":{"@id":"https:\/\/strangercam.com\/where-can-i-chat-with-random-girls\/#breadcrumb"},"inLanguage":"de","potentialAction":[{"@type":"ReadAction","target":["https:\/\/strangercam.com\/where-can-i-chat-with-random-girls\/"]}]},{"@type":"BreadcrumbList","@id":"https:\/\/strangercam.com\/where-can-i-chat-with-random-girls\/#breadcrumb","itemListElement":[{"@type":"ListItem","position":1,"name":"Home","item":"https:\/\/strangercam.com\/"},{"@type":"ListItem","position":2,"name":"Where Can I Chat With Random Girls"}]},{"@type":"WebSite","@id":"https:\/\/strangercam.com\/#website","url":"https:\/\/strangercam.com\/","name":"Strangercam","description":"Zuf\u00e4lliger Video-Chat mit Fremden","publisher":{"@id":"https:\/\/strangercam.com\/#organization"},"alternateName":"Strangercam.com","potentialAction":[{"@type":"SearchAction","target":{"@type":"EntryPoint","urlTemplate":"https:\/\/strangercam.com\/?s={search_term_string}"},"query-input":{"@type":"PropertyValueSpecification","valueRequired":true,"valueName":"search_term_string"}}],"inLanguage":"de"},{"@type":"Organization","@id":"https:\/\/strangercam.com\/#organization","name":"Strangercam","alternateName":"Strangercam.com","url":"https:\/\/strangercam.com\/","logo":{"@type":"ImageObject","inLanguage":"de","@id":"https:\/\/strangercam.com\/#\/schema\/logo\/image\/","url":"https:\/\/strangercam.com\/wp-content\/uploads\/2020\/11\/cropped-new-favicon-black.png","contentUrl":"https:\/\/strangercam.com\/wp-content\/uploads\/2020\/11\/cropped-new-favicon-black.png","width":512,"height":512,"caption":"Strangercam"},"image":{"@id":"https:\/\/strangercam.com\/#\/schema\/logo\/image\/"},"sameAs":["https:\/\/www.facebook.com\/strangercam","https:\/\/x.com\/strangercamapp"]}]}},"_links":{"self":[{"href":"https:\/\/strangercam.com\/de\/wp-json\/wp\/v2\/pages\/4869","targetHints":{"allow":["GET"]}}],"collection":[{"href":"https:\/\/strangercam.com\/de\/wp-json\/wp\/v2\/pages"}],"about":[{"href":"https:\/\/strangercam.com\/de\/wp-json\/wp\/v2\/types\/page"}],"author":[{"embeddable":true,"href":"https:\/\/strangercam.com\/de\/wp-json\/wp\/v2\/users\/8"}],"replies":[{"embeddable":true,"href":"https:\/\/strangercam.com\/de\/wp-json\/wp\/v2\/comments?post=4869"}],"version-history":[{"count":2,"href":"https:\/\/strangercam.com\/de\/wp-json\/wp\/v2\/pages\/4869\/revisions"}],"predecessor-version":[{"id":13042,"href":"https:\/\/strangercam.com\/de\/wp-json\/wp\/v2\/pages\/4869\/revisions\/13042"}],"wp:attachment":[{"href":"https:\/\/strangercam.com\/de\/wp-json\/wp\/v2\/media?parent=4869"}],"curies":[{"name":"wp","href":"https:\/\/api.w.org\/{rel}","templated":true}]}}