{"id":4851,"date":"2025-09-23T11:12:50","date_gmt":"2025-09-23T09:12:50","guid":{"rendered":"https:\/\/strangercam.com\/?page_id=4851"},"modified":"2025-09-23T12:40:15","modified_gmt":"2025-09-23T10:40:15","slug":"kostenlose-online-chatraume-fur-jedermann","status":"publish","type":"page","link":"https:\/\/strangercam.com\/de\/free-online-chat-rooms-for-everyone\/","title":{"rendered":"Kostenlose Online-Chatr\u00e4ume f\u00fcr jedermann"},"content":{"rendered":"<p>Suche nach kostenlosen Online <a href=\"https:\/\/strangercam.com\/de\/chathub\/\">Chat<\/a> Zimmer f\u00fcr alle? Dann sind Sie hier genau richtig. In der heutigen digitalen Welt sehnen sich die Menschen nach Interaktion in Echtzeit - sei es, um neue Freunde zu finden, Geschichten auszutauschen, Unterst\u00fctzung zu finden oder einfach die Langeweile zu vertreiben. Im Gegensatz zu sozialen Netzwerken, in denen alles kuratiert und ausgefeilt ist, bieten Online-Chatr\u00e4ume eine spontane, ungefilterte und unterhaltsame M\u00f6glichkeit, sich auszutauschen.<\/p>\n<p>Auf Plattformen wie StrangerCam k\u00f6nnen Sie kostenlosen Chatr\u00e4umen beitreten, in denen jeder willkommen ist - ohne Anmeldung, ohne Downloads und ohne versteckte Kosten. Ganz gleich, ob Sie mit Fremden videochatten, sich zwanglos unterhalten oder weltweite Freundschaften schlie\u00dfen m\u00f6chten, kostenlose Chatr\u00e4ume geh\u00f6ren auch im Jahr 2025 noch zu den beliebtesten Online-Erlebnissen.<\/p>\n<p>In diesem Leitfaden erfahren Sie alles, was Sie wissen m\u00fcssen: was Chat-R\u00e4ume sind, warum sie immer noch beliebt sind, wie sie funktionieren, auf welche Funktionen Sie achten sollten, Vergleiche der wichtigsten Plattformen, Sicherheitstipps und warum StrangerCam heute eine der besten Wahlm\u00f6glichkeiten ist.<\/p>\n<h2>Was sind kostenlose Online-Chatr\u00e4ume f\u00fcr jedermann?<\/h2>\n<p>Kostenlose Online-Chatr\u00e4ume f\u00fcr jedermann sind digitale R\u00e4ume, in denen Menschen zusammenkommen, um in Echtzeit zu reden, zu simsen oder zu videochatten. Im Gegensatz zu exklusiven Dating-Apps oder Nischen-Communities stehen diese Chatr\u00e4ume allen offen: M\u00e4nnern, Frauen, Teenagern (mit altersgerechten R\u00e4umen) und Menschen mit unterschiedlichem Hintergrund und aus verschiedenen L\u00e4ndern.<\/p>\n<p>Moderne Plattformen kombinieren oft Text-Chat, Video-Chat und zuf\u00e4llige Paarungsfunktionen, um ein unterhaltsames und interaktives Erlebnis zu schaffen.<\/p>\n<h2>Warum Menschen immer noch kostenlose Chatr\u00e4ume lieben<\/h2>\n<p>Chat-R\u00e4ume m\u00f6gen altmodisch wirken, aber sie sind aktueller denn je. Hier erfahren Sie, warum Millionen von Menschen jeden Tag kostenlose Online-Chatr\u00e4ume nutzen:<\/p>\n<ul>\n<li>Sofortige Verbindung: Keine Profile oder langen Biografien - einfach loschatten.<\/li>\n<li>Globale Freundschaften: <a href=\"https:\/\/strangercam.com\/de\/coomeet\/\">Treffen Sie<\/a> Menschen aus der ganzen Welt.<\/li>\n<li>Vielf\u00e4ltige Konversationen: Vom lockeren Gepl\u00e4nkel bis zu bedeutungsvollen Gespr\u00e4chen.<\/li>\n<li>Zug\u00e4nglichkeit: Kostenlos und offen f\u00fcr alle.<\/li>\n<li>Video-Optionen: Viele Plattformen kombinieren jetzt Text-Chat mit zuf\u00e4lligem Video-Chat.<\/li>\n<li>Kampf gegen die Einsamkeit: Ein schneller Weg, sich verbunden zu f\u00fchlen.<\/li>\n<\/ul>\n<h2>Wie funktionieren kostenlose Online-Chatr\u00e4ume?<\/h2>\n<p>1TP162Das Einrichten eines kostenlosen Chat-Raums ist einfach:<\/p>\n<ol>\n<li>\u00d6ffnen Sie die Plattform auf dem Desktop oder dem Handy.<\/li>\n<li>Betreten Sie einen Raum (auf manchen Websites werden Sie automatisch mit Fremden zusammengef\u00fchrt).<\/li>\n<li>Chatten Sie per Text oder Video.<\/li>\n<li>Du kannst jederzeit den Raum oder den Benutzer wechseln, um neue Leute kennenzulernen.<\/li>\n<\/ol>\n<p>Auf einigen Plattformen k\u00f6nnen Sie auch nach Geschlecht, Standort oder Interessen filtern.<\/p>\n<h2>Die wichtigsten Merkmale, auf die Sie achten sollten<\/h2>\n<p>Bei der Auswahl einer Website f\u00fcr kostenlose Online-Chatr\u00e4ume f\u00fcr jedermann kommt es auf Folgendes an:<\/p>\n<h3>1. Keine Anmeldung erforderlich<\/h3>\n<p>Sie sollten in der Lage sein, sofort und ohne Konto beizutreten.<\/p>\n<h3>2. Wirklich freier Zugang<\/h3>\n<p>Vermeiden Sie Websites, die mit \"kostenlos\" werben, aber wichtige Funktionen hinter Bezahlschranken verbergen.<\/p>\n<h3>3. Video- und Textoptionen<\/h3>\n<p>Eine Mischung aus beidem macht das Erlebnis noch vielseitiger.<\/p>\n<h3>4. Sichere Moderation<\/h3>\n<p>Die Plattformen sollten \u00fcber Meldefunktionen und aktive Moderatoren verf\u00fcgen.<\/p>\n<h3>5. Handy-freundliches Design<\/h3>\n<p>Reibungslose Abl\u00e4ufe auf Telefonen und Tablets sind ein Muss.<\/p>\n<h3>6. Vielf\u00e4ltige R\u00e4ume und globale Reichweite<\/h3>\n<p>Die besten Plattformen verbinden Menschen aus der ganzen Welt.<\/p>\n<h2>Beste kostenlose Online-Chat-R\u00e4ume im Jahr 2025<\/h2>\n<p>Hier finden Sie einen Vergleich der beliebtesten Plattformen, die kostenlose Chatr\u00e4ume f\u00fcr jedermann anbieten:<\/p>\n<table>\n<thead>\n<tr>\n<th>Plattform<\/th>\n<th align=\"center\">Freier Zugang<\/th>\n<th align=\"center\">Video-Chat<\/th>\n<th align=\"center\">Anmeldung erforderlich<\/th>\n<th align=\"center\">Mobile Unterst\u00fctzung<\/th>\n<th align=\"center\">Moderation<\/th>\n<th>Anmerkungen<\/th>\n<\/tr>\n<\/thead>\n<tbody>\n<tr>\n<td>StrangerCam<\/td>\n<td align=\"center\">\u2705<\/td>\n<td align=\"center\">\u2705<\/td>\n<td align=\"center\">\u274c<\/td>\n<td align=\"center\">\u2705<\/td>\n<td align=\"center\">\u2705<\/td>\n<td>Beste Mischung aus Video und Zufalls-Chat<\/td>\n<\/tr>\n<tr>\n<td><a href=\"https:\/\/strangercam.com\/de\/chatroulette\/\">Chatroulette<\/a><\/td>\n<td align=\"center\">\u2705<\/td>\n<td align=\"center\">\u2705<\/td>\n<td align=\"center\">\u274c<\/td>\n<td align=\"center\">\u2705<\/td>\n<td align=\"center\">\u2705<\/td>\n<td>Klassische Option, eingeschr\u00e4nkte Funktionen<\/td>\n<\/tr>\n<tr>\n<td>Chatrandom<\/td>\n<td align=\"center\">\u2705<\/td>\n<td align=\"center\">\u2705<\/td>\n<td align=\"center\">\u274c<\/td>\n<td align=\"center\">\u2705<\/td>\n<td align=\"center\">\u2705<\/td>\n<td>Beliebte, aber hochwertige Upsells<\/td>\n<\/tr>\n<tr>\n<td><a href=\"https:\/\/strangercam.com\/de\/ometv\/\">OmeTV<\/a><\/td>\n<td align=\"center\">\u2705<\/td>\n<td align=\"center\">\u2705<\/td>\n<td align=\"center\">\u274c<\/td>\n<td align=\"center\">\u2705<\/td>\n<td align=\"center\">\u2705<\/td>\n<td>Mobile-first Chat-R\u00e4ume<\/td>\n<\/tr>\n<tr>\n<td>Shagle<\/td>\n<td align=\"center\">\u2705<\/td>\n<td align=\"center\">\u2705<\/td>\n<td align=\"center\">\u274c<\/td>\n<td align=\"center\">\u2705<\/td>\n<td align=\"center\">\u2705<\/td>\n<td>Premium-Filter gesperrt<\/td>\n<\/tr>\n<tr>\n<td>WireClub<\/td>\n<td align=\"center\">\u2705<\/td>\n<td align=\"center\">\u274c<\/td>\n<td align=\"center\">\u2705<\/td>\n<td align=\"center\">\u2705<\/td>\n<td align=\"center\">\u2705<\/td>\n<td>Textbasierte Chat-R\u00e4ume, mehr Community-Stil<\/td>\n<\/tr>\n<\/tbody>\n<\/table>\n<p>StrangerCam zeichnet sich als eine der besten Plattformen aus - sie bietet kostenlose Chatr\u00e4ume mit Video, unbegrenzte Nutzung und keine Registrierung.<\/p>\n<h2>Warum StrangerCam die beste Wahl ist<\/h2>\n<p>Hier ist, warum StrangerCam ist perfekt f\u00fcr kostenlose Online-Chat-R\u00e4ume f\u00fcr jedermann:<\/p>\n<h3>1. V\u00f6llig kostenlos<\/h3>\n<p>Keine versteckten Geb\u00fchren oder Kredite.<\/p>\n<h3>2. Video- und Text-Chat-Optionen<\/h3>\n<p>Wechseln Sie zwischen zuf\u00e4lligem Video-Chat und Text-Chat.<\/p>\n<h3>3. Keine Anmeldung erforderlich<\/h3>\n<p>Join sofort, bleiben Sie anonym.<\/p>\n<h3>4. Sicher &amp; moderiert<\/h3>\n<p>Bessere Moderation als bei den meisten Plattformen.<\/p>\n<h3>5. Funktioniert \u00fcberall<\/h3>\n<p>Vollst\u00e4ndig optimiert f\u00fcr Handy und Desktop.<\/p>\n<h3>6. Inklusive f\u00fcr alle Nutzer<\/h3>\n<p>Jeder kann mitmachen, jederzeit und \u00fcberall.<\/p>\n<h2>Echte Anwenderberichte<\/h2>\n<blockquote><p><em>\"Ich war auf der Suche nach kostenlosen Online-Chatr\u00e4umen, in denen ich neue Leute kennenlernen konnte, und StrangerCam bot die perfekte Mischung aus Spa\u00df und Sicherheit.\"<\/em><br \/>\n- Alex, 27<\/p><\/blockquote>\n<blockquote><p><em>\"Im Gegensatz zu anderen Plattformen musste ich mich nicht anmelden oder f\u00fcr Funktionen bezahlen. Es ist wirklich kostenlos.\"<\/em><br \/>\n- Sophia, 22<\/p><\/blockquote>\n<blockquote><p><em>\"Ich habe mich an einem Abend mit Fremden aus f\u00fcnf L\u00e4ndern unterhalten. Das macht s\u00fcchtig.\"<\/em><br \/>\n- Ryan, 30<\/p><\/blockquote>\n<blockquote><p><em>\"Endlich ein Chatroom, der sich dank echter Moderation sicher anf\u00fchlt.\"<\/em><br \/>\n- Emma, 19<\/p><\/blockquote>\n<h2>Sicherheitstipps f\u00fcr Online-Chatr\u00e4ume<\/h2>\n<p>Auch wenn Chatr\u00e4ume Spa\u00df machen, sollte die Sicherheit immer an erster Stelle stehen:<\/p>\n<ul>\n<li>Geben Sie keine pers\u00f6nlichen Daten weiter (Telefon, E-Mail, Adresse).<\/li>\n<li>Vermeiden Sie verd\u00e4chtige Links von Fremden.<\/li>\n<li>Benutzen Sie die Werkzeuge zum \u00dcberspringen\/Blockieren, wenn Sie sich unwohl f\u00fchlen.<\/li>\n<li>\u00dcberpr\u00fcfen Sie Ihren Hintergrund, wenn Sie einen Videochat verwenden.<\/li>\n<li>Halten Sie sich an die Plattformfunktionen wie das Melden von Benutzern.<\/li>\n<li>Beachten Sie Altersgrenzen - vermeiden Sie Chats f\u00fcr Erwachsene, wenn Sie unter 18 sind.<\/li>\n<\/ul>\n<h2>Der Einstieg - Schritt f\u00fcr Schritt<\/h2>\n<p>Es dauert nur Sekunden, um einem kostenlosen Online-Chatraum beizutreten:<\/p>\n<ol>\n<li>\u00d6ffnen Sie StrangerCam in Ihrem Browser oder auf Ihrem Handy.<\/li>\n<li>Erlauben Sie Kamera und Mikrofon (f\u00fcr Video).<\/li>\n<li>Klicken Sie auf Chat starten oder treten Sie einem Raum bei.<\/li>\n<li>Fremde sofort treffen.<\/li>\n<li>Sie k\u00f6nnen jederzeit wechseln, um mit jemandem zu chatten.<\/li>\n<\/ol>\n<p>Im Jahr 2025 sind kostenlose Online-Chatr\u00e4ume f\u00fcr jedermann nach wie vor eine der besten M\u00f6glichkeiten, um online Leute kennenzulernen. Sie sind spontan, global und machen Spa\u00df - sie bieten Echtzeit-Unterhaltungen mit Fremden auf der ganzen Welt.<\/p>\n<p>Doch nicht jede Website ist zuverl\u00e4ssig. Einige verstecken Funktionen hinter Bezahlschranken oder sind voll mit Bots. Deshalb ist StrangerCam die beste Wahl: Es ist kostenlos, inklusiv, sicher und immer aktiv mit echten Benutzern, die bereit sind zu chatten.<\/p>\n<p>Bereit zum Beitritt? Starten Sie noch heute einen kostenlosen Online-Chatraum und entdecken Sie, wen Sie als n\u00e4chstes treffen werden.<\/p>","protected":false},"excerpt":{"rendered":"<p>Looking for free online chat rooms for everyone? You\u2019re in the right place. In today\u2019s digital world, people crave real-time interaction\u2014whether it\u2019s to make new friends, share stories, find support, or simply beat boredom. Unlike social networks where everything is curated and polished, online chat rooms offer a spontaneous, unfiltered, and fun way to connect. [&hellip;]<\/p>\n","protected":false},"author":8,"featured_media":0,"parent":0,"menu_order":0,"comment_status":"closed","ping_status":"closed","template":"","meta":{"footnotes":""},"class_list":["post-4851","page","type-page","status-publish","hentry"],"yoast_head":"<!-- This site is optimized with the Yoast SEO plugin v27.4 - https:\/\/yoast.com\/product\/yoast-seo-wordpress\/ -->\n<title>Free Online Chat Rooms For Everyone on Strangercam.com<\/title>\n<meta name=\"description\" content=\"Liking Free Online Chat Rooms For Everyone? Join millions on StrangerCam.com! Start a random video chat, turn on your cam, and meet strangers instantly.\" \/>\n<meta name=\"robots\" content=\"index, follow, max-snippet:-1, max-image-preview:large, max-video-preview:-1\" \/>\n<link rel=\"canonical\" href=\"https:\/\/strangercam.com\/de\/kostenlose-online-chatraume-fur-jedermann\/\" \/>\n<meta property=\"og:locale\" content=\"de_DE\" \/>\n<meta property=\"og:type\" content=\"article\" \/>\n<meta property=\"og:title\" content=\"Free Online Chat Rooms For Everyone on Strangercam.com\" \/>\n<meta property=\"og:description\" content=\"Liking Free Online Chat Rooms For Everyone? Join millions on StrangerCam.com! Start a random video chat, turn on your cam, and meet strangers instantly.\" \/>\n<meta property=\"og:url\" content=\"https:\/\/strangercam.com\/de\/kostenlose-online-chatraume-fur-jedermann\/\" \/>\n<meta property=\"og:site_name\" content=\"Strangercam\" \/>\n<meta property=\"article:publisher\" content=\"https:\/\/www.facebook.com\/strangercam\" \/>\n<meta property=\"article:modified_time\" content=\"2025-09-23T10:40:15+00:00\" \/>\n<meta property=\"og:image\" content=\"https:\/\/strangercam.com\/wp-content\/uploads\/2021\/10\/Untitled-2.png\" \/>\n\t<meta property=\"og:image:width\" content=\"800\" \/>\n\t<meta property=\"og:image:height\" content=\"532\" \/>\n\t<meta property=\"og:image:type\" content=\"image\/png\" \/>\n<meta name=\"twitter:card\" content=\"summary_large_image\" \/>\n<meta name=\"twitter:site\" content=\"@strangercamapp\" \/>\n<meta name=\"twitter:label1\" content=\"Gesch\u00e4tzte Lesezeit\" \/>\n\t<meta name=\"twitter:data1\" content=\"4\u00a0Minuten\" \/>\n<script type=\"application\/ld+json\" class=\"yoast-schema-graph\">{\"@context\":\"https:\\\/\\\/schema.org\",\"@graph\":[{\"@type\":\"WebPage\",\"@id\":\"https:\\\/\\\/strangercam.com\\\/free-online-chat-rooms-for-everyone\\\/\",\"url\":\"https:\\\/\\\/strangercam.com\\\/free-online-chat-rooms-for-everyone\\\/\",\"name\":\"Free Online Chat Rooms For Everyone on Strangercam.com\",\"isPartOf\":{\"@id\":\"https:\\\/\\\/strangercam.com\\\/#website\"},\"datePublished\":\"2025-09-23T09:12:50+00:00\",\"dateModified\":\"2025-09-23T10:40:15+00:00\",\"description\":\"Liking Free Online Chat Rooms For Everyone? Join millions on StrangerCam.com! Start a random video chat, turn on your cam, and meet strangers instantly.\",\"breadcrumb\":{\"@id\":\"https:\\\/\\\/strangercam.com\\\/free-online-chat-rooms-for-everyone\\\/#breadcrumb\"},\"inLanguage\":\"de\",\"potentialAction\":[{\"@type\":\"ReadAction\",\"target\":[\"https:\\\/\\\/strangercam.com\\\/free-online-chat-rooms-for-everyone\\\/\"]}]},{\"@type\":\"BreadcrumbList\",\"@id\":\"https:\\\/\\\/strangercam.com\\\/free-online-chat-rooms-for-everyone\\\/#breadcrumb\",\"itemListElement\":[{\"@type\":\"ListItem\",\"position\":1,\"name\":\"Home\",\"item\":\"https:\\\/\\\/strangercam.com\\\/\"},{\"@type\":\"ListItem\",\"position\":2,\"name\":\"Free Online Chat Rooms For Everyone\"}]},{\"@type\":\"WebSite\",\"@id\":\"https:\\\/\\\/strangercam.com\\\/#website\",\"url\":\"https:\\\/\\\/strangercam.com\\\/\",\"name\":\"Strangercam\",\"description\":\"Random Video Chat with Strangers\",\"publisher\":{\"@id\":\"https:\\\/\\\/strangercam.com\\\/#organization\"},\"alternateName\":\"Strangercam.com\",\"potentialAction\":[{\"@type\":\"SearchAction\",\"target\":{\"@type\":\"EntryPoint\",\"urlTemplate\":\"https:\\\/\\\/strangercam.com\\\/?s={search_term_string}\"},\"query-input\":{\"@type\":\"PropertyValueSpecification\",\"valueRequired\":true,\"valueName\":\"search_term_string\"}}],\"inLanguage\":\"de\"},{\"@type\":\"Organization\",\"@id\":\"https:\\\/\\\/strangercam.com\\\/#organization\",\"name\":\"Strangercam\",\"alternateName\":\"Strangercam.com\",\"url\":\"https:\\\/\\\/strangercam.com\\\/\",\"logo\":{\"@type\":\"ImageObject\",\"inLanguage\":\"de\",\"@id\":\"https:\\\/\\\/strangercam.com\\\/#\\\/schema\\\/logo\\\/image\\\/\",\"url\":\"https:\\\/\\\/strangercam.com\\\/wp-content\\\/uploads\\\/2020\\\/11\\\/cropped-new-favicon-black.png\",\"contentUrl\":\"https:\\\/\\\/strangercam.com\\\/wp-content\\\/uploads\\\/2020\\\/11\\\/cropped-new-favicon-black.png\",\"width\":512,\"height\":512,\"caption\":\"Strangercam\"},\"image\":{\"@id\":\"https:\\\/\\\/strangercam.com\\\/#\\\/schema\\\/logo\\\/image\\\/\"},\"sameAs\":[\"https:\\\/\\\/www.facebook.com\\\/strangercam\",\"https:\\\/\\\/x.com\\\/strangercamapp\"]}]}<\/script>\n<!-- \/ Yoast SEO plugin. -->","yoast_head_json":{"title":"Kostenlose Online-Chatr\u00e4ume f\u00fcr jedermann auf Strangercam.com","description":"M\u00f6gen Sie kostenlose Online-Chatr\u00e4ume f\u00fcr jedermann? Join Millionen auf StrangerCam.com! Starten Sie einen zuf\u00e4lligen Video-Chat, schalten Sie Ihre Kamera ein und treffen Sie sofort Fremde.","robots":{"index":"index","follow":"follow","max-snippet":"max-snippet:-1","max-image-preview":"max-image-preview:large","max-video-preview":"max-video-preview:-1"},"canonical":"https:\/\/strangercam.com\/de\/kostenlose-online-chatraume-fur-jedermann\/","og_locale":"de_DE","og_type":"article","og_title":"Free Online Chat Rooms For Everyone on Strangercam.com","og_description":"Liking Free Online Chat Rooms For Everyone? Join millions on StrangerCam.com! Start a random video chat, turn on your cam, and meet strangers instantly.","og_url":"https:\/\/strangercam.com\/de\/kostenlose-online-chatraume-fur-jedermann\/","og_site_name":"Strangercam","article_publisher":"https:\/\/www.facebook.com\/strangercam","article_modified_time":"2025-09-23T10:40:15+00:00","og_image":[{"width":800,"height":532,"url":"https:\/\/strangercam.com\/wp-content\/uploads\/2021\/10\/Untitled-2.png","type":"image\/png"}],"twitter_card":"summary_large_image","twitter_site":"@strangercamapp","twitter_misc":{"Gesch\u00e4tzte Lesezeit":"4\u00a0Minuten"},"schema":{"@context":"https:\/\/schema.org","@graph":[{"@type":"WebPage","@id":"https:\/\/strangercam.com\/free-online-chat-rooms-for-everyone\/","url":"https:\/\/strangercam.com\/free-online-chat-rooms-for-everyone\/","name":"Kostenlose Online-Chatr\u00e4ume f\u00fcr jedermann auf Strangercam.com","isPartOf":{"@id":"https:\/\/strangercam.com\/#website"},"datePublished":"2025-09-23T09:12:50+00:00","dateModified":"2025-09-23T10:40:15+00:00","description":"M\u00f6gen Sie kostenlose Online-Chatr\u00e4ume f\u00fcr jedermann? Join Millionen auf StrangerCam.com! Starten Sie einen zuf\u00e4lligen Video-Chat, schalten Sie Ihre Kamera ein und treffen Sie sofort Fremde.","breadcrumb":{"@id":"https:\/\/strangercam.com\/free-online-chat-rooms-for-everyone\/#breadcrumb"},"inLanguage":"de","potentialAction":[{"@type":"ReadAction","target":["https:\/\/strangercam.com\/free-online-chat-rooms-for-everyone\/"]}]},{"@type":"BreadcrumbList","@id":"https:\/\/strangercam.com\/free-online-chat-rooms-for-everyone\/#breadcrumb","itemListElement":[{"@type":"ListItem","position":1,"name":"Home","item":"https:\/\/strangercam.com\/"},{"@type":"ListItem","position":2,"name":"Free Online Chat Rooms For Everyone"}]},{"@type":"WebSite","@id":"https:\/\/strangercam.com\/#website","url":"https:\/\/strangercam.com\/","name":"Strangercam","description":"Zuf\u00e4lliger Video-Chat mit Fremden","publisher":{"@id":"https:\/\/strangercam.com\/#organization"},"alternateName":"Strangercam.com","potentialAction":[{"@type":"SearchAction","target":{"@type":"EntryPoint","urlTemplate":"https:\/\/strangercam.com\/?s={search_term_string}"},"query-input":{"@type":"PropertyValueSpecification","valueRequired":true,"valueName":"search_term_string"}}],"inLanguage":"de"},{"@type":"Organization","@id":"https:\/\/strangercam.com\/#organization","name":"Strangercam","alternateName":"Strangercam.com","url":"https:\/\/strangercam.com\/","logo":{"@type":"ImageObject","inLanguage":"de","@id":"https:\/\/strangercam.com\/#\/schema\/logo\/image\/","url":"https:\/\/strangercam.com\/wp-content\/uploads\/2020\/11\/cropped-new-favicon-black.png","contentUrl":"https:\/\/strangercam.com\/wp-content\/uploads\/2020\/11\/cropped-new-favicon-black.png","width":512,"height":512,"caption":"Strangercam"},"image":{"@id":"https:\/\/strangercam.com\/#\/schema\/logo\/image\/"},"sameAs":["https:\/\/www.facebook.com\/strangercam","https:\/\/x.com\/strangercamapp"]}]}},"_links":{"self":[{"href":"https:\/\/strangercam.com\/de\/wp-json\/wp\/v2\/pages\/4851","targetHints":{"allow":["GET"]}}],"collection":[{"href":"https:\/\/strangercam.com\/de\/wp-json\/wp\/v2\/pages"}],"about":[{"href":"https:\/\/strangercam.com\/de\/wp-json\/wp\/v2\/types\/page"}],"author":[{"embeddable":true,"href":"https:\/\/strangercam.com\/de\/wp-json\/wp\/v2\/users\/8"}],"replies":[{"embeddable":true,"href":"https:\/\/strangercam.com\/de\/wp-json\/wp\/v2\/comments?post=4851"}],"version-history":[{"count":2,"href":"https:\/\/strangercam.com\/de\/wp-json\/wp\/v2\/pages\/4851\/revisions"}],"predecessor-version":[{"id":13041,"href":"https:\/\/strangercam.com\/de\/wp-json\/wp\/v2\/pages\/4851\/revisions\/13041"}],"wp:attachment":[{"href":"https:\/\/strangercam.com\/de\/wp-json\/wp\/v2\/media?parent=4851"}],"curies":[{"name":"wp","href":"https:\/\/api.w.org\/{rel}","templated":true}]}}