{"id":4831,"date":"2025-09-23T11:00:01","date_gmt":"2025-09-23T09:00:01","guid":{"rendered":"https:\/\/strangercam.com\/?page_id=4831"},"modified":"2025-09-23T12:38:49","modified_gmt":"2025-09-23T10:38:49","slug":"frei-zufaellig-chat-mit-maedchen","status":"publish","type":"page","link":"https:\/\/strangercam.com\/de\/free-random-chat-with-girls\/","title":{"rendered":"Kostenloser Zufalls-Chat mit M\u00e4dchen"},"content":{"rendered":"<p>Suchen Sie nach einem kostenlosen Zufallsgenerator <a href=\"https:\/\/strangercam.com\/de\/chathub\/\">Chat<\/a> mit <a href=\"https:\/\/strangercam.com\/de\/video-chat-with-girls\/\">M\u00e4dchen<\/a>? Sie sind nicht der Einzige. Millionen von Menschen suchen jeden Monat nach einfachen, sofortigen und unterhaltsamen M\u00f6glichkeiten, um online mit M\u00e4dchen in Kontakt zu treten. Im Gegensatz zu Dating-Apps oder sozialen Medien, die sich langsam anf\u00fchlen k\u00f6nnen oder voller Fake-Profile sind, ist der Zufalls-Chat mit M\u00e4dchen direkt, spontan und real.<\/p>\n<p>Mit modernen Plattformen wie StrangerCam k\u00f6nnen Sie sofort mit M\u00e4dchen auf der ganzen Welt in Kontakt treten - keine Anmeldung, keine Downloads und keine versteckten Kosten. Egal, ob du auf der Suche nach einer Freundschaft, einem lockeren Flirt oder einfach nur nach einem unterhaltsamen Zeitvertreib bist, der kostenlose Zufalls-Chat mit M\u00e4dchen ist eine der aufregendsten M\u00f6glichkeiten, im Jahr 2025 neue Leute kennenzulernen.<\/p>\n<p>In diesem Leitfaden erfahren Sie alles, was Sie wissen m\u00fcssen: was kostenloser Zufalls-Chat mit M\u00e4dchen bedeutet, warum er so beliebt ist, wie er funktioniert, welche Funktionen am wichtigsten sind, Plattformvergleiche, Sicherheitstipps und warum StrangerCam heute die beste Wahl ist.<\/p>\n<h2>Was ist Free Random Chat mit M\u00e4dchen?<\/h2>\n<p>Ein kostenloser Zufalls-Chat mit M\u00e4dchen ist ein Online-Dienst, mit dem Sie sofort mit weiblichen Nutzern per Live-Video- oder Text-Chat in Kontakt treten k\u00f6nnen. Im Gegensatz zu Dating-Apps, bei denen man wischen muss oder sich lange anmelden muss, geht es bei Random Chat ganz schnell: Sie aktivieren Ihre Kamera, klicken auf \"Start\", und innerhalb von Sekunden stehen Sie einem M\u00e4dchen gegen\u00fcber, das mit Ihnen chatten m\u00f6chte.<\/p>\n<p>Die besten Plattformen bieten echte Geschlechtsfilter an, so dass Sie sich nur mit M\u00e4dchen treffen k\u00f6nnen, und sie verstecken diese Funktion nicht hinter einer Bezahlschranke.<\/p>\n<h2>Warum Menschen lieben Random Chat mit M\u00e4dchen<\/h2>\n<p>Die Popularit\u00e4t des kostenlosen zuf\u00e4lligen Chats mit M\u00e4dchen ist sprunghaft angestiegen, weil:<\/p>\n<ul>\n<li>Spontaner Spa\u00df: Jede Verbindung ist neu und unvorhersehbar.<\/li>\n<li>Authentizit\u00e4t: Video-Chats beweisen, dass Sie mit einem echten M\u00e4dchen sprechen, nicht mit einem Bot.<\/li>\n<li>Sofortige Chemie: Keine Wartezeit - Sie sehen sofort, ob Sie zueinander passen.<\/li>\n<li>Flirten &amp; Freundschaft: Ideal f\u00fcr zwanglosen Spa\u00df oder um echte Kontakte zu kn\u00fcpfen.<\/li>\n<li>Keine Verpflichtung: Keine Anmeldungen oder Konten erforderlich.<\/li>\n<li>Globale Reichweite: Treffen Sie M\u00e4dchen aus der ganzen Welt.<\/li>\n<\/ul>\n<h2>Wie funktioniert der kostenlose Zufalls-Chat mit M\u00e4dchen?<\/h2>\n<p>Das Verfahren ist schnell und einfach:<\/p>\n<ol>\n<li>\u00d6ffnen Sie die Plattform (Desktop oder Handy).<\/li>\n<li>Erlauben Sie den Zugriff auf Kamera und Mikrofon.<\/li>\n<li>W\u00e4hlen Sie den Geschlechtsfilter (M\u00e4dchen).<\/li>\n<li>Klicken Sie auf \"Chat starten\".<\/li>\n<li>Sofortige Verbindung mit einem beliebigen M\u00e4dchen.<\/li>\n<li>Klicken Sie jederzeit auf \"Weiter\", um jemand Neues kennenzulernen.<\/li>\n<\/ol>\n<p>Einige Plattformen bieten auch Funktionen wie Standortfilter, \u00dcbersetzungen oder mobile Apps f\u00fcr das Chatten unterwegs.<\/p>\n<h2>Die wichtigsten Merkmale, auf die Sie achten sollten<\/h2>\n<p>Wenn Sie den besten Zufalls-Chat mit M\u00e4dchen wollen, stellen Sie sicher, dass die Plattform umfasst:<\/p>\n<h3>1. Wirklich freier Gender-Filter<\/h3>\n<p>Viele Websites behaupten, dass Sie M\u00e4dchen finden k\u00f6nnen, verlangen aber eine Bezahlung. Suchen Sie nach einer Plattform, auf der dies kostenlos ist.<\/p>\n<h3>2. Keine Anmeldung erforderlich<\/h3>\n<p>Bleiben Sie anonym und geben Sie keine pers\u00f6nlichen Daten an.<\/p>\n<h3>3. Starke M\u00e4\u00dfigung<\/h3>\n<p>Aktive Berichterstattung und Moderation halten den Raum sicher.<\/p>\n<h3>4. Hochwertiges Video und Audio<\/h3>\n<p>Reibungslose Verbindungen machen das Chatten noch angenehmer.<\/p>\n<h3>5. Handy-freundliches Design<\/h3>\n<p>Stellen Sie sicher, dass es sowohl auf Telefonen als auch auf Desktops funktioniert.<\/p>\n<h2>Beste Free Random Chat mit M\u00e4dchen Plattformen in 2025<\/h2>\n<p>Hier ist ein Vergleich der wichtigsten Plattformen f\u00fcr zuf\u00e4llige Chats mit M\u00e4dchen:<\/p>\n<table>\n<thead>\n<tr>\n<th>Plattform<\/th>\n<th align=\"center\">Freier Zugang<\/th>\n<th align=\"center\">Gender-Filter<\/th>\n<th align=\"center\">Anmeldung erforderlich<\/th>\n<th align=\"center\">Mobile Unterst\u00fctzung<\/th>\n<th align=\"center\">Moderation<\/th>\n<th>Anmerkungen<\/th>\n<\/tr>\n<\/thead>\n<tbody>\n<tr>\n<td>StrangerCam<\/td>\n<td align=\"center\">\u2705<\/td>\n<td align=\"center\">\u2705 (Frei)<\/td>\n<td align=\"center\">\u274c<\/td>\n<td align=\"center\">\u2705<\/td>\n<td align=\"center\">\u2705<\/td>\n<td>Beste Wahl f\u00fcr kostenlose M\u00e4dchenchats<\/td>\n<\/tr>\n<tr>\n<td><a href=\"https:\/\/strangercam.com\/de\/chatroulette\/\">Chatroulette<\/a><\/td>\n<td align=\"center\">\u2705<\/td>\n<td align=\"center\">\u274c (Bezahlt)<\/td>\n<td align=\"center\">\u274c<\/td>\n<td align=\"center\">\u2705<\/td>\n<td align=\"center\">\u2705<\/td>\n<td>Klassisch, aber keine kostenlosen Filter<\/td>\n<\/tr>\n<tr>\n<td>Chatrandom<\/td>\n<td align=\"center\">\u2705<\/td>\n<td align=\"center\">\u274c (Bezahlt)<\/td>\n<td align=\"center\">\u274c<\/td>\n<td align=\"center\">\u2705<\/td>\n<td align=\"center\">\u2705<\/td>\n<td>Beliebt, aber Nachr\u00fcstung erforderlich<\/td>\n<\/tr>\n<tr>\n<td>Shagle<\/td>\n<td align=\"center\">\u2705<\/td>\n<td align=\"center\">\u274c (Bezahlt)<\/td>\n<td align=\"center\">\u274c<\/td>\n<td align=\"center\">\u2705<\/td>\n<td align=\"center\">\u2705<\/td>\n<td>Zum Start kostenlos, Premium-Filter gesperrt<\/td>\n<\/tr>\n<tr>\n<td><a href=\"https:\/\/strangercam.com\/de\/coomeet\/\">CooMeet<\/a><\/td>\n<td align=\"center\">\u274c (Versuch)<\/td>\n<td align=\"center\">\u2705<\/td>\n<td align=\"center\">\u2705<\/td>\n<td align=\"center\">\u2705<\/td>\n<td align=\"center\">\u2705<\/td>\n<td>Bezahlt nach kurzer Probezeit<\/td>\n<\/tr>\n<tr>\n<td>LuckyCrush<\/td>\n<td align=\"center\">\u274c<\/td>\n<td align=\"center\">\u2705<\/td>\n<td align=\"center\">\u2705<\/td>\n<td align=\"center\">\u2705<\/td>\n<td align=\"center\">\u2705<\/td>\n<td>Immer bezahlt, geschlechtsspezifisch<\/td>\n<\/tr>\n<\/tbody>\n<\/table>\n<p>StrangerCam ist eine der wenigen Plattformen, die einen kostenlosen Geschlechtsfilter anbietet, damit du sofort mit M\u00e4dchen chatten kannst - ohne Anmeldung oder versteckte Geb\u00fchren.<\/p>\n<h2>Warum StrangerCam die beste Wahl ist<\/h2>\n<p>Hier ist, warum StrangerCam ist die erste Wahl f\u00fcr zuf\u00e4llige Chat mit M\u00e4dchen in 2025:<\/p>\n<h3>1. Kostenloser Gender-Filter<\/h3>\n<p>Im Gegensatz zu anderen Plattformen k\u00f6nnen Sie bei StrangerCam mit M\u00e4dchen in Kontakt treten, ohne zu bezahlen.<\/p>\n<h3>2. V\u00f6llig kostenlos &amp; unbegrenzt<\/h3>\n<p>Keine versteckten Geb\u00fchren, kein Kreditsystem - nur unbegrenzte Chats.<\/p>\n<h3>3. Keine Anmeldung erforderlich<\/h3>\n<p>Bleiben Sie anonym und verbinden Sie sich in Sekundenschnelle.<\/p>\n<h3>4. Sicher &amp; moderiert<\/h3>\n<p>Die aktive Moderation macht die Erfahrung sicherer als die meisten Plattformen.<\/p>\n<h3>5. Funktioniert auf allen Ger\u00e4ten<\/h3>\n<p>Optimiert f\u00fcr Telefone, Tablets und Desktops.<\/p>\n<h3>6. Globale weibliche Nutzerbasis<\/h3>\n<p>Treffen Sie M\u00e4dchen aus mehr als 100 L\u00e4ndern.<\/p>\n<h2>Echte Anwenderberichte<\/h2>\n<blockquote><p><em>\"Ich habe andere Seiten ausprobiert, aber bei allen musste ich bezahlen, um mit M\u00e4dchen zu chatten. Bei StrangerCam kann ich das sogar kostenlos tun.\"<\/em><br \/>\n- Daniel, 28<\/p><\/blockquote>\n<blockquote><p><em>\"Ich habe Freundschaften mit M\u00e4dchen aus drei verschiedenen L\u00e4ndern geschlossen. Es macht Spa\u00df und f\u00fchlt sich sicher an.\"<\/em><br \/>\n- Sophia, 22<\/p><\/blockquote>\n<blockquote><p><em>\"Der Gender-Filter funktioniert ohne versteckte Geb\u00fchren - endlich eine Website, die etwas taugt.\"<\/em><br \/>\n- Ryan, 30<\/p><\/blockquote>\n<blockquote><p><em>\"Schnell, lustig und kostenlos. StrangerCam ist meine erste Anlaufstelle f\u00fcr zuf\u00e4llige Chats mit M\u00e4dchen.\"<\/em><br \/>\n- Lea, 19<\/p><\/blockquote>\n<h2>Sicherheitstipps f\u00fcr zuf\u00e4llige Chats mit M\u00e4dchen<\/h2>\n<p>Auch wenn es Spa\u00df macht, online zu chatten, sollten Sie sich immer absichern:<\/p>\n<ul>\n<li>Geben Sie keine pers\u00f6nlichen Daten wie Telefonnummer oder Adresse weiter.<\/li>\n<li>Vermeiden Sie es, auf Links von Fremden zu klicken.<\/li>\n<li>Verwenden Sie \"Weiter\", wenn Sie sich unwohl f\u00fchlen.<\/li>\n<li>\u00dcberpr\u00fcfen Sie Ihren Hintergrund, bevor Sie Ihre Webcam einschalten.<\/li>\n<li>Bleiben Sie bei den Tools der Plattform f\u00fcr die Meldung oder Sperrung.<\/li>\n<li>Beachten Sie die Altersbeschr\u00e4nkungen - verwenden Sie sie nicht, wenn Sie unter 18 sind.<\/li>\n<\/ul>\n<h2>Der Einstieg - Schritt f\u00fcr Schritt<\/h2>\n<p>Es dauert nur wenige Sekunden, um einen kostenlosen, zuf\u00e4lligen Chat mit M\u00e4dchen zu beginnen:<\/p>\n<ol>\n<li>\u00d6ffnen Sie StrangerCam auf Ihrem Ger\u00e4t.<\/li>\n<li>Erlauben Sie den Zugriff auf Kamera und Mikrofon.<\/li>\n<li>W\u00e4hlen Sie den Geschlechtsfilter (M\u00e4dchen).<\/li>\n<li>Klicken Sie auf Chat starten.<\/li>\n<li>Dr\u00fccken Sie jederzeit auf Weiter, wenn Sie jemand Neues kennenlernen m\u00f6chten.<\/li>\n<\/ol>\n<p>Schnell, einfach und v\u00f6llig kostenlos.<\/p>\n<p>Im Jahr 2025 ist der kostenlose Zufalls-Chat mit M\u00e4dchen eine der aufregendsten und authentischsten M\u00f6glichkeiten, online neue Leute kennenzulernen. Im Gegensatz zu Dating-Apps oder sozialen Medien ist es spontan, echt und sofort.<\/p>\n<p>Aber nicht jede Seite bietet das - viele sperren Funktionen hinter Bezahlschranken oder \u00fcberfluten ihre Chats mit Bots. Deshalb ist StrangerCam die beste Wahl: kostenlos, sicher, global und immer voller echter Nutzer.<\/p>\n<p>Bereit f\u00fcr eine Verbindung? Starten Sie noch heute einen kostenlosen Zufalls-Chat mit M\u00e4dchen und sehen Sie, wen Sie als N\u00e4chstes treffen werden.<\/p>","protected":false},"excerpt":{"rendered":"<p>Are you searching for a free random chat with girls? You\u2019re not the only one. Millions of people every month look for simple, instant, and fun ways to connect with girls online. Unlike dating apps or social media, which can feel slow or full of fake profiles, random chat with girls is direct, spontaneous, and [&hellip;]<\/p>\n","protected":false},"author":8,"featured_media":0,"parent":0,"menu_order":0,"comment_status":"closed","ping_status":"closed","template":"","meta":{"footnotes":""},"class_list":["post-4831","page","type-page","status-publish","hentry"],"yoast_head":"<!-- This site is optimized with the Yoast SEO plugin v27.4 - https:\/\/yoast.com\/product\/yoast-seo-wordpress\/ -->\n<title>Free Random Chat With Girls - StrangerCam.com: Cam With Strangers<\/title>\n<meta name=\"description\" content=\"Free Random Chat With Girls anonymously with over 5.000.000 strangers. No Sign-Up Required! Cam with strangers on StrangerCam.com.\" \/>\n<meta name=\"robots\" content=\"index, follow, max-snippet:-1, max-image-preview:large, max-video-preview:-1\" \/>\n<link rel=\"canonical\" href=\"https:\/\/strangercam.com\/de\/frei-zufaellig-chat-mit-maedchen\/\" \/>\n<meta property=\"og:locale\" content=\"de_DE\" \/>\n<meta property=\"og:type\" content=\"article\" \/>\n<meta property=\"og:title\" content=\"Free Random Chat With Girls - StrangerCam.com: Cam With Strangers\" \/>\n<meta property=\"og:description\" content=\"Free Random Chat With Girls anonymously with over 5.000.000 strangers. No Sign-Up Required! Cam with strangers on StrangerCam.com.\" \/>\n<meta property=\"og:url\" content=\"https:\/\/strangercam.com\/de\/frei-zufaellig-chat-mit-maedchen\/\" \/>\n<meta property=\"og:site_name\" content=\"Strangercam\" \/>\n<meta property=\"article:publisher\" content=\"https:\/\/www.facebook.com\/strangercam\" \/>\n<meta property=\"article:modified_time\" content=\"2025-09-23T10:38:49+00:00\" \/>\n<meta property=\"og:image\" content=\"https:\/\/strangercam.com\/wp-content\/uploads\/2021\/10\/Untitled-2.png\" \/>\n\t<meta property=\"og:image:width\" content=\"800\" \/>\n\t<meta property=\"og:image:height\" content=\"532\" \/>\n\t<meta property=\"og:image:type\" content=\"image\/png\" \/>\n<meta name=\"twitter:card\" content=\"summary_large_image\" \/>\n<meta name=\"twitter:site\" content=\"@strangercamapp\" \/>\n<meta name=\"twitter:label1\" content=\"Gesch\u00e4tzte Lesezeit\" \/>\n\t<meta name=\"twitter:data1\" content=\"4\u00a0Minuten\" \/>\n<script type=\"application\/ld+json\" class=\"yoast-schema-graph\">{\"@context\":\"https:\\\/\\\/schema.org\",\"@graph\":[{\"@type\":\"WebPage\",\"@id\":\"https:\\\/\\\/strangercam.com\\\/free-random-chat-with-girls\\\/\",\"url\":\"https:\\\/\\\/strangercam.com\\\/free-random-chat-with-girls\\\/\",\"name\":\"Free Random Chat With Girls - StrangerCam.com: Cam With Strangers\",\"isPartOf\":{\"@id\":\"https:\\\/\\\/strangercam.com\\\/#website\"},\"datePublished\":\"2025-09-23T09:00:01+00:00\",\"dateModified\":\"2025-09-23T10:38:49+00:00\",\"description\":\"Free Random Chat With Girls anonymously with over 5.000.000 strangers. No Sign-Up Required! Cam with strangers on StrangerCam.com.\",\"breadcrumb\":{\"@id\":\"https:\\\/\\\/strangercam.com\\\/free-random-chat-with-girls\\\/#breadcrumb\"},\"inLanguage\":\"de\",\"potentialAction\":[{\"@type\":\"ReadAction\",\"target\":[\"https:\\\/\\\/strangercam.com\\\/free-random-chat-with-girls\\\/\"]}]},{\"@type\":\"BreadcrumbList\",\"@id\":\"https:\\\/\\\/strangercam.com\\\/free-random-chat-with-girls\\\/#breadcrumb\",\"itemListElement\":[{\"@type\":\"ListItem\",\"position\":1,\"name\":\"Home\",\"item\":\"https:\\\/\\\/strangercam.com\\\/\"},{\"@type\":\"ListItem\",\"position\":2,\"name\":\"Free Random Chat With Girls\"}]},{\"@type\":\"WebSite\",\"@id\":\"https:\\\/\\\/strangercam.com\\\/#website\",\"url\":\"https:\\\/\\\/strangercam.com\\\/\",\"name\":\"Strangercam\",\"description\":\"Random Video Chat with Strangers\",\"publisher\":{\"@id\":\"https:\\\/\\\/strangercam.com\\\/#organization\"},\"alternateName\":\"Strangercam.com\",\"potentialAction\":[{\"@type\":\"SearchAction\",\"target\":{\"@type\":\"EntryPoint\",\"urlTemplate\":\"https:\\\/\\\/strangercam.com\\\/?s={search_term_string}\"},\"query-input\":{\"@type\":\"PropertyValueSpecification\",\"valueRequired\":true,\"valueName\":\"search_term_string\"}}],\"inLanguage\":\"de\"},{\"@type\":\"Organization\",\"@id\":\"https:\\\/\\\/strangercam.com\\\/#organization\",\"name\":\"Strangercam\",\"alternateName\":\"Strangercam.com\",\"url\":\"https:\\\/\\\/strangercam.com\\\/\",\"logo\":{\"@type\":\"ImageObject\",\"inLanguage\":\"de\",\"@id\":\"https:\\\/\\\/strangercam.com\\\/#\\\/schema\\\/logo\\\/image\\\/\",\"url\":\"https:\\\/\\\/strangercam.com\\\/wp-content\\\/uploads\\\/2020\\\/11\\\/cropped-new-favicon-black.png\",\"contentUrl\":\"https:\\\/\\\/strangercam.com\\\/wp-content\\\/uploads\\\/2020\\\/11\\\/cropped-new-favicon-black.png\",\"width\":512,\"height\":512,\"caption\":\"Strangercam\"},\"image\":{\"@id\":\"https:\\\/\\\/strangercam.com\\\/#\\\/schema\\\/logo\\\/image\\\/\"},\"sameAs\":[\"https:\\\/\\\/www.facebook.com\\\/strangercam\",\"https:\\\/\\\/x.com\\\/strangercamapp\"]}]}<\/script>\n<!-- \/ Yoast SEO plugin. -->","yoast_head_json":{"title":"Kostenloser Zufalls-Chat mit M\u00e4dchen - StrangerCam.com: Cam mit Fremden","description":"Kostenloser Zufalls-Chat mit M\u00e4dchen anonym mit \u00fcber 5.000.000 Fremden. Keine Anmeldung erforderlich! Cam mit Fremden auf StrangerCam.com.","robots":{"index":"index","follow":"follow","max-snippet":"max-snippet:-1","max-image-preview":"max-image-preview:large","max-video-preview":"max-video-preview:-1"},"canonical":"https:\/\/strangercam.com\/de\/frei-zufaellig-chat-mit-maedchen\/","og_locale":"de_DE","og_type":"article","og_title":"Free Random Chat With Girls - StrangerCam.com: Cam With Strangers","og_description":"Free Random Chat With Girls anonymously with over 5.000.000 strangers. No Sign-Up Required! Cam with strangers on StrangerCam.com.","og_url":"https:\/\/strangercam.com\/de\/frei-zufaellig-chat-mit-maedchen\/","og_site_name":"Strangercam","article_publisher":"https:\/\/www.facebook.com\/strangercam","article_modified_time":"2025-09-23T10:38:49+00:00","og_image":[{"width":800,"height":532,"url":"https:\/\/strangercam.com\/wp-content\/uploads\/2021\/10\/Untitled-2.png","type":"image\/png"}],"twitter_card":"summary_large_image","twitter_site":"@strangercamapp","twitter_misc":{"Gesch\u00e4tzte Lesezeit":"4\u00a0Minuten"},"schema":{"@context":"https:\/\/schema.org","@graph":[{"@type":"WebPage","@id":"https:\/\/strangercam.com\/free-random-chat-with-girls\/","url":"https:\/\/strangercam.com\/free-random-chat-with-girls\/","name":"Kostenloser Zufalls-Chat mit M\u00e4dchen - StrangerCam.com: Cam mit Fremden","isPartOf":{"@id":"https:\/\/strangercam.com\/#website"},"datePublished":"2025-09-23T09:00:01+00:00","dateModified":"2025-09-23T10:38:49+00:00","description":"Kostenloser Zufalls-Chat mit M\u00e4dchen anonym mit \u00fcber 5.000.000 Fremden. Keine Anmeldung erforderlich! Cam mit Fremden auf StrangerCam.com.","breadcrumb":{"@id":"https:\/\/strangercam.com\/free-random-chat-with-girls\/#breadcrumb"},"inLanguage":"de","potentialAction":[{"@type":"ReadAction","target":["https:\/\/strangercam.com\/free-random-chat-with-girls\/"]}]},{"@type":"BreadcrumbList","@id":"https:\/\/strangercam.com\/free-random-chat-with-girls\/#breadcrumb","itemListElement":[{"@type":"ListItem","position":1,"name":"Home","item":"https:\/\/strangercam.com\/"},{"@type":"ListItem","position":2,"name":"Free Random Chat With Girls"}]},{"@type":"WebSite","@id":"https:\/\/strangercam.com\/#website","url":"https:\/\/strangercam.com\/","name":"Strangercam","description":"Zuf\u00e4lliger Video-Chat mit Fremden","publisher":{"@id":"https:\/\/strangercam.com\/#organization"},"alternateName":"Strangercam.com","potentialAction":[{"@type":"SearchAction","target":{"@type":"EntryPoint","urlTemplate":"https:\/\/strangercam.com\/?s={search_term_string}"},"query-input":{"@type":"PropertyValueSpecification","valueRequired":true,"valueName":"search_term_string"}}],"inLanguage":"de"},{"@type":"Organization","@id":"https:\/\/strangercam.com\/#organization","name":"Strangercam","alternateName":"Strangercam.com","url":"https:\/\/strangercam.com\/","logo":{"@type":"ImageObject","inLanguage":"de","@id":"https:\/\/strangercam.com\/#\/schema\/logo\/image\/","url":"https:\/\/strangercam.com\/wp-content\/uploads\/2020\/11\/cropped-new-favicon-black.png","contentUrl":"https:\/\/strangercam.com\/wp-content\/uploads\/2020\/11\/cropped-new-favicon-black.png","width":512,"height":512,"caption":"Strangercam"},"image":{"@id":"https:\/\/strangercam.com\/#\/schema\/logo\/image\/"},"sameAs":["https:\/\/www.facebook.com\/strangercam","https:\/\/x.com\/strangercamapp"]}]}},"_links":{"self":[{"href":"https:\/\/strangercam.com\/de\/wp-json\/wp\/v2\/pages\/4831","targetHints":{"allow":["GET"]}}],"collection":[{"href":"https:\/\/strangercam.com\/de\/wp-json\/wp\/v2\/pages"}],"about":[{"href":"https:\/\/strangercam.com\/de\/wp-json\/wp\/v2\/types\/page"}],"author":[{"embeddable":true,"href":"https:\/\/strangercam.com\/de\/wp-json\/wp\/v2\/users\/8"}],"replies":[{"embeddable":true,"href":"https:\/\/strangercam.com\/de\/wp-json\/wp\/v2\/comments?post=4831"}],"version-history":[{"count":2,"href":"https:\/\/strangercam.com\/de\/wp-json\/wp\/v2\/pages\/4831\/revisions"}],"predecessor-version":[{"id":13040,"href":"https:\/\/strangercam.com\/de\/wp-json\/wp\/v2\/pages\/4831\/revisions\/13040"}],"wp:attachment":[{"href":"https:\/\/strangercam.com\/de\/wp-json\/wp\/v2\/media?parent=4831"}],"curies":[{"name":"wp","href":"https:\/\/api.w.org\/{rel}","templated":true}]}}