{"id":4141,"date":"2025-09-08T08:04:51","date_gmt":"2025-09-08T06:04:51","guid":{"rendered":"https:\/\/strangercam.com\/?page_id=4141"},"modified":"2025-09-08T10:12:00","modified_gmt":"2025-09-08T08:12:00","slug":"cam-dating","status":"publish","type":"page","link":"https:\/\/strangercam.com\/de\/cam-dating\/","title":{"rendered":"Cam Dating"},"content":{"rendered":"<p>Sind Sie neugierig auf <a href=\"https:\/\/strangercam.com\/de\/bazoocam\/\">Nocken<\/a> Verabredungen? Sie sind nicht allein. Immer mehr Menschen nutzen Online-Videochats, um auf unterhaltsame und authentische Weise Kontakte zu kn\u00fcpfen. Im Gegensatz zu herk\u00f6mmlichen Dating-Apps, bei denen sich Unterhaltungen langsam oder unecht anf\u00fchlen k\u00f6nnen, k\u00f6nnen Sie beim Cam-Dating jemanden sofort sehen und mit ihm sprechen. Das ist pers\u00f6nlich, echt und oft aufregender als das blo\u00dfe Durchst\u00f6bern von Profilen.<\/p>\n<p>Mit Plattformen wie StrangerCam k\u00f6nnen Sie eine <a href=\"https:\/\/strangercam.com\/de\/cam-zu-cam-chat\/\">freie Webcam<\/a> Dating-Erfahrung jetzt - keine Anmeldung, keine Downloads und keine versteckten Kosten. Egal, ob du auf der Suche nach einer Freundschaft, einem lockeren Flirt oder etwas Ernsterem bist, Cam-Dating ist eine der am schnellsten wachsenden M\u00f6glichkeiten, im Jahr 2025 neue Leute kennenzulernen.<\/p>\n<p>In diesem Leitfaden erfahren Sie alles, was Sie wissen m\u00fcssen: was Cam-Dating ist, warum es so beliebt ist, wie es funktioniert, auf welche Funktionen Sie achten sollten, einen Vergleich der wichtigsten Plattformen, Sicherheitstipps und warum StrangerCam heute eine der besten M\u00f6glichkeiten f\u00fcr kostenloses Cam-Dating ist.<\/p>\n<h2>Was ist Cam-Dating?<\/h2>\n<p>Cam-Dating ist eine Form des Online-Datings, bei der Live-Video verwendet wird. <a href=\"https:\/\/strangercam.com\/de\/chathub\/\">Chat<\/a> um zwei Menschen von Angesicht zu Angesicht in Echtzeit zu verbinden. Anstatt durch endlose Profile zu scrollen oder auf \u00dcbereinstimmungen zu warten, konzentriert sich Cam-Dating auf die sofortige Chemie - Sie sehen die andere Person sofort und entscheiden, ob die Stimmung stimmt.<\/p>\n<p>Das Format ist privat, einfach und direkt. Sie geben Ihre Kamera frei, klicken auf \"Start\" und sind sofort mit jemandem verbunden, der ebenfalls ein Gespr\u00e4ch sucht. Wenn es nicht klappt, dr\u00fccken Sie auf \"Weiter\" und Sie werden mit jemandem zusammengebracht.<\/p>\n<h2>Warum Menschen Free Cam Dating lieben<\/h2>\n<p>Die Attraktivit\u00e4t des kostenlosen Cam-Datings liegt auf der Hand:<\/p>\n<ul>\n<li>Authentizit\u00e4t: Sie wissen, dass es sich um eine echte Person handelt und nicht um ein gef\u00e4lschtes Profil oder einen Bot.<\/li>\n<li>Sofortige Chemie: Kein Warten - entscheiden Sie schnell, ob es zwischen Ihnen funkt.<\/li>\n<li>Spontaneit\u00e4t: Jeder Videochat ist einzigartig und unvorhersehbar.<\/li>\n<li>Privatsph\u00e4re: Im Gegensatz zu Gruppenr\u00e4umen ist das Cam-Dating ein pers\u00f6nliches Treffen.<\/li>\n<li>Globale Reichweite: Treffen Sie Menschen aus der ganzen Welt 24\/7.<\/li>\n<li>Unterhaltsam und aufregend: Eine Mischung aus Flirten, Freundschaft und kulturellem Austausch.<\/li>\n<\/ul>\n<h2>Wie funktioniert Cam Dating?<\/h2>\n<p>Der Einstieg in das Cam-Dating ist einfach:<\/p>\n<ol>\n<li>Er\u00f6ffnen Sie eine Cam-Dating-Plattform wie StrangerCam.<\/li>\n<li>Erlauben Sie den Zugriff auf Kamera und Mikrofon.<\/li>\n<li>Klicken Sie auf \"Chat starten\".<\/li>\n<li>Treffen Sie jemanden sofort in einem privaten Videoanruf.<\/li>\n<li>Klicken Sie auf \"Weiter\", um fortzufahren, wenn die Stimmung nicht stimmt.<\/li>\n<\/ol>\n<p>Der gesamte Vorgang dauert weniger als eine Minute und kann zu stundenlangen, spontanen Gespr\u00e4chen f\u00fchren.<\/p>\n<h2>Die wichtigsten Merkmale, auf die Sie achten sollten<\/h2>\n<p>Achten Sie bei der Auswahl einer Cam-Dating-Seite auf diese Merkmale:<\/p>\n<h3>1. Wirklich freier Zugang<\/h3>\n<p>Viele Websites behaupten, kostenlos zu sein, verbergen aber wesentliche Funktionen hinter Bezahlschranken. Achten Sie auf unbegrenztes kostenloses Chatten.<\/p>\n<h3>2. Keine Anmeldung erforderlich<\/h3>\n<p>Bei den besten Cam-Dating-Plattformen k\u00f6nnen Sie beginnen, ohne ein Konto zu erstellen.<\/p>\n<h3>3. Filter f\u00fcr Geschlecht und Ort<\/h3>\n<p>Hilfreich, um Menschen zu finden, die Ihren Vorlieben entsprechen.<\/p>\n<h3>4. Sichere Moderation<\/h3>\n<p>Starke Melde- und Sperrinstrumente sorgen f\u00fcr die Sicherheit des Raums.<\/p>\n<h3>5. Mobilfreundliches Erlebnis<\/h3>\n<p>Stellen Sie sicher, dass die Plattform auf Smartphones genauso gut funktioniert wie auf dem Desktop.<\/p>\n<h3>6. Hochwertiges Video und Audio<\/h3>\n<p>Klare Zusammenh\u00e4nge erleichtern den Aufbau der Chemie.<\/p>\n<h2>Beste Cam-Dating-Plattformen im Jahr 2025<\/h2>\n<p>Hier ist ein Vergleich der beliebtesten Plattformen f\u00fcr Cam-Dating:<\/p>\n<table>\n<thead>\n<tr>\n<th>Plattform<\/th>\n<th align=\"center\">Freier Zugang<\/th>\n<th align=\"center\">Gender-Filter<\/th>\n<th align=\"center\">Anmeldung erforderlich<\/th>\n<th align=\"center\">Mobile Unterst\u00fctzung<\/th>\n<th align=\"center\">Moderation<\/th>\n<th>Anmerkungen<\/th>\n<\/tr>\n<\/thead>\n<tbody>\n<tr>\n<td>StrangerCam<\/td>\n<td align=\"center\">\u2705<\/td>\n<td align=\"center\">\u2705 (Frei)<\/td>\n<td align=\"center\">\u274c<\/td>\n<td align=\"center\">\u2705<\/td>\n<td align=\"center\">\u2705<\/td>\n<td>Beste Wahl f\u00fcr kostenloses Cam-Dating<\/td>\n<\/tr>\n<tr>\n<td><a href=\"https:\/\/strangercam.com\/de\/chatroulette\/\">Chatroulette<\/a><\/td>\n<td align=\"center\">\u2705<\/td>\n<td align=\"center\">\u274c (Bezahlt)<\/td>\n<td align=\"center\">\u274c<\/td>\n<td align=\"center\">\u2705<\/td>\n<td align=\"center\">\u2705<\/td>\n<td>Klassisch, aber Gender-Filter kosten<\/td>\n<\/tr>\n<tr>\n<td>Chatrandom<\/td>\n<td align=\"center\">\u2705<\/td>\n<td align=\"center\">\u274c (Bezahlt)<\/td>\n<td align=\"center\">\u274c<\/td>\n<td align=\"center\">\u2705<\/td>\n<td align=\"center\">\u2705<\/td>\n<td>Gro\u00dfe Nutzerbasis, Upgrades werden vorangetrieben<\/td>\n<\/tr>\n<tr>\n<td>Shagle<\/td>\n<td align=\"center\">\u2705<\/td>\n<td align=\"center\">\u274c (Bezahlt)<\/td>\n<td align=\"center\">\u274c<\/td>\n<td align=\"center\">\u2705<\/td>\n<td align=\"center\">\u2705<\/td>\n<td>Freier Eintritt, Premium f\u00fcr Filter<\/td>\n<\/tr>\n<tr>\n<td><a href=\"https:\/\/strangercam.com\/de\/coomeet\/\">CooMeet<\/a><\/td>\n<td align=\"center\">\u274c (Versuch)<\/td>\n<td align=\"center\">\u2705<\/td>\n<td align=\"center\">\u2705<\/td>\n<td align=\"center\">\u2705<\/td>\n<td align=\"center\">\u2705<\/td>\n<td>Bezahlte Plattform f\u00fcr die Partnersuche mit M\u00e4dchen<\/td>\n<\/tr>\n<tr>\n<td>LuckyCrush<\/td>\n<td align=\"center\">\u274c<\/td>\n<td align=\"center\">\u2705<\/td>\n<td align=\"center\">\u2705<\/td>\n<td align=\"center\">\u2705<\/td>\n<td align=\"center\">\u2705<\/td>\n<td>Immer bezahlt, bringt M\u00e4nner mit Frauen zusammen<\/td>\n<\/tr>\n<\/tbody>\n<\/table>\n<p>StrangerCam ist eine der wenigen Plattformen, die kostenloses Cam-Dating ohne Anmeldung und mit einem funktionierenden Geschlechterfilter anbieten.<\/p>\n<h2>Warum StrangerCam die beste Wahl ist<\/h2>\n<p>Hier ist, warum StrangerCam die erste Wahl f\u00fcr Cam-Dating im Jahr 2025 ist:<\/p>\n<h3>1. V\u00f6llig kostenlos &amp; unbegrenzt<\/h3>\n<p>Keine versteckten Geb\u00fchren, Tests oder Kredite - chatten Sie so viel Sie wollen.<\/p>\n<h3>2. Kostenloser Gender-Filter<\/h3>\n<p>W\u00e4hlen Sie aus, wen Sie treffen m\u00f6chten - M\u00e4nner, Frauen oder beides -, ohne extra zu bezahlen.<\/p>\n<h3>3. Private Eins-zu-Eins-Chats<\/h3>\n<p>Konzentrierte, pers\u00f6nliche Gespr\u00e4che statt \u00fcberf\u00fcllter Chatr\u00e4ume.<\/p>\n<h3>4. Keine Anmeldung erforderlich<\/h3>\n<p>Bleiben Sie anonym und stellen Sie sofort eine Verbindung her.<\/p>\n<h3>5. Sicher &amp; moderiert<\/h3>\n<p>Aktive Moderation h\u00e4lt Bots und ungeeignete Nutzer fern.<\/p>\n<h3>6. Funktioniert auf allen Ger\u00e4ten<\/h3>\n<p>Optimiert f\u00fcr Desktop-, Tablet- und mobile Nutzung.<\/p>\n<h2>Echte Anwenderberichte<\/h2>\n<blockquote><p><em>\"Ich wollte Cam-Dating ausprobieren, weil mir normale Apps zu langsam waren. StrangerCam hat mir sofortige Verbindungen erm\u00f6glicht, und ich habe tats\u00e4chlich jemanden gefunden, mit dem ich regelm\u00e4\u00dfig chatte.\"<\/em><br \/>\n- David, 29<\/p><\/blockquote>\n<blockquote><p><em>\"Es f\u00fchlt sich realer an als das Swipen auf Apps. Ich kann sofort erkennen, ob ich mit jemandem zusammenpasse.<\/em><br \/>\n- Sophia, 23<\/p><\/blockquote>\n<blockquote><p><em>\"Endlich eine Cam-Dating-Seite, bei der der Geschlechterfilter kostenlos ist und wie versprochen funktioniert.\"<\/em><br \/>\n- Ryan, 31<\/p><\/blockquote>\n<blockquote><p><em>\"Ich habe schon Leute aus drei Kontinenten kennengelernt. Es ist aufregend und macht viel mehr Spa\u00df als herk\u00f6mmliches Online-Dating.\"<\/em><br \/>\n- Lea, 20<\/p><\/blockquote>\n<h2>Sicherheitstipps f\u00fcr Cam-Dating<\/h2>\n<p>Auch wenn Cam-Dating Spa\u00df macht und aufregend ist, sollten Sie die folgenden Sicherheitshinweise beachten:<\/p>\n<ul>\n<li>Geben Sie keine pers\u00f6nlichen Daten wie Ihre Telefonnummer, E-Mail oder Adresse weiter.<\/li>\n<li>\u00dcberspringen oder blockieren Sie jeden, der Ihnen Unbehagen bereitet.<\/li>\n<li>Klicken Sie niemals auf verd\u00e4chtige Links.<\/li>\n<li>\u00dcberpr\u00fcfen Sie Ihren Hintergrund, bevor Sie Ihre Webcam einschalten.<\/li>\n<li>Bleiben Sie bei den Tools der Plattform f\u00fcr die Berichterstattung und Sperrung.<\/li>\n<li>Beachten Sie die Altersbeschr\u00e4nkungen - wenn Sie unter 18 sind, sollten Sie keine Cam-Dating-Seiten f\u00fcr Erwachsene nutzen.<\/li>\n<\/ul>\n<h2>Der Einstieg - Schritt f\u00fcr Schritt<\/h2>\n<p>Es dauert weniger als eine Minute, um Cam-Dating zu starten:<\/p>\n<ol>\n<li>\u00d6ffnen Sie StrangerCam auf Ihrem Ger\u00e4t.<\/li>\n<li>Erlauben Sie den Zugriff auf Kamera und Mikrofon.<\/li>\n<li>W\u00e4hlen Sie Ihre Pr\u00e4ferenzen (z. B. Geschlechtsfilter).<\/li>\n<li>Klicken Sie auf Chat starten, um eine sofortige Verbindung herzustellen.<\/li>\n<li>Wenn kein Funke \u00fcberspringt, dr\u00fccken Sie auf Weiter, um fortzufahren.<\/li>\n<\/ol>\n<p>Schnell, einfach und 100% kostenlos.<\/p>\n<p>Im Jahr 2025 ist Cam-Dating eine der schnellsten und authentischsten M\u00f6glichkeiten, online Kontakte zu kn\u00fcpfen. Im Gegensatz zu herk\u00f6mmlichen Dating-Apps ist es von Angesicht zu Angesicht, sofort und macht Spa\u00df.<\/p>\n<p>Aber nicht alle Plattformen erf\u00fcllen diese Anforderungen. Viele verstecken wichtige Funktionen hinter Bezahlschranken oder sind mit Bots \u00fcberlaufen. Deshalb ist StrangerCam die beste Option: Sie ist kostenlos, sicher, privat und immer voller echter Nutzer, die bereit sind, sich zu verbinden.<\/p>\n<p>Bist du bereit, es zu versuchen? Beginnen Sie noch heute mit dem kostenlosen Cam-Dating und entdecken Sie, wen Sie als n\u00e4chstes treffen werden.<\/p>","protected":false},"excerpt":{"rendered":"<p>Are you curious about cam dating? You\u2019re not alone. More and more people are turning to online video chats as a fun and authentic way to connect. Unlike traditional dating apps where conversations can feel slow or fake, cam dating lets you see and talk to someone instantly. It\u2019s personal, real, and often more exciting [&hellip;]<\/p>\n","protected":false},"author":8,"featured_media":0,"parent":0,"menu_order":0,"comment_status":"closed","ping_status":"closed","template":"","meta":{"footnotes":""},"class_list":["post-4141","page","type-page","status-publish","hentry"],"yoast_head":"<!-- This site is optimized with the Yoast SEO plugin v26.9 - https:\/\/yoast.com\/product\/yoast-seo-wordpress\/ -->\n<title>Cam Dating with Video Chat on Strangercam.com<\/title>\n<meta name=\"description\" content=\"Liking Cam Dating? Join millions on StrangerCam.com! Start a random video chat, turn on your cam, and meet strangers instantly.\" \/>\n<meta name=\"robots\" content=\"index, follow, max-snippet:-1, max-image-preview:large, max-video-preview:-1\" \/>\n<link rel=\"canonical\" href=\"https:\/\/strangercam.com\/de\/cam-dating\/\" \/>\n<meta property=\"og:locale\" content=\"de_DE\" \/>\n<meta property=\"og:type\" content=\"article\" \/>\n<meta property=\"og:title\" content=\"Cam Dating with Video Chat on Strangercam.com\" \/>\n<meta property=\"og:description\" content=\"Liking Cam Dating? Join millions on StrangerCam.com! Start a random video chat, turn on your cam, and meet strangers instantly.\" \/>\n<meta property=\"og:url\" content=\"https:\/\/strangercam.com\/de\/cam-dating\/\" \/>\n<meta property=\"og:site_name\" content=\"Strangercam\" \/>\n<meta property=\"article:publisher\" content=\"https:\/\/www.facebook.com\/strangercam\" \/>\n<meta property=\"article:modified_time\" content=\"2025-09-08T08:12:00+00:00\" \/>\n<meta property=\"og:image\" content=\"https:\/\/strangercam.com\/wp-content\/uploads\/2021\/10\/Untitled-2.png\" \/>\n\t<meta property=\"og:image:width\" content=\"800\" \/>\n\t<meta property=\"og:image:height\" content=\"532\" \/>\n\t<meta property=\"og:image:type\" content=\"image\/png\" \/>\n<meta name=\"twitter:card\" content=\"summary_large_image\" \/>\n<meta name=\"twitter:site\" content=\"@strangercamapp\" \/>\n<meta name=\"twitter:label1\" content=\"Gesch\u00e4tzte Lesezeit\" \/>\n\t<meta name=\"twitter:data1\" content=\"4\u00a0Minuten\" \/>\n<script type=\"application\/ld+json\" class=\"yoast-schema-graph\">{\"@context\":\"https:\/\/schema.org\",\"@graph\":[{\"@type\":\"WebPage\",\"@id\":\"https:\/\/strangercam.com\/cam-dating\/\",\"url\":\"https:\/\/strangercam.com\/cam-dating\/\",\"name\":\"Cam Dating with Video Chat on Strangercam.com\",\"isPartOf\":{\"@id\":\"https:\/\/strangercam.com\/#website\"},\"datePublished\":\"2025-09-08T06:04:51+00:00\",\"dateModified\":\"2025-09-08T08:12:00+00:00\",\"description\":\"Liking Cam Dating? Join millions on StrangerCam.com! Start a random video chat, turn on your cam, and meet strangers instantly.\",\"breadcrumb\":{\"@id\":\"https:\/\/strangercam.com\/cam-dating\/#breadcrumb\"},\"inLanguage\":\"de\",\"potentialAction\":[{\"@type\":\"ReadAction\",\"target\":[\"https:\/\/strangercam.com\/cam-dating\/\"]}]},{\"@type\":\"BreadcrumbList\",\"@id\":\"https:\/\/strangercam.com\/cam-dating\/#breadcrumb\",\"itemListElement\":[{\"@type\":\"ListItem\",\"position\":1,\"name\":\"Home\",\"item\":\"https:\/\/strangercam.com\/\"},{\"@type\":\"ListItem\",\"position\":2,\"name\":\"Cam Dating\"}]},{\"@type\":\"WebSite\",\"@id\":\"https:\/\/strangercam.com\/#website\",\"url\":\"https:\/\/strangercam.com\/\",\"name\":\"Strangercam\",\"description\":\"Random Video Chat with Strangers\",\"publisher\":{\"@id\":\"https:\/\/strangercam.com\/#organization\"},\"alternateName\":\"Strangercam.com\",\"potentialAction\":[{\"@type\":\"SearchAction\",\"target\":{\"@type\":\"EntryPoint\",\"urlTemplate\":\"https:\/\/strangercam.com\/?s={search_term_string}\"},\"query-input\":{\"@type\":\"PropertyValueSpecification\",\"valueRequired\":true,\"valueName\":\"search_term_string\"}}],\"inLanguage\":\"de\"},{\"@type\":\"Organization\",\"@id\":\"https:\/\/strangercam.com\/#organization\",\"name\":\"Strangercam\",\"alternateName\":\"Strangercam.com\",\"url\":\"https:\/\/strangercam.com\/\",\"logo\":{\"@type\":\"ImageObject\",\"inLanguage\":\"de\",\"@id\":\"https:\/\/strangercam.com\/#\/schema\/logo\/image\/\",\"url\":\"https:\/\/strangercam.com\/wp-content\/uploads\/2020\/11\/cropped-new-favicon-black.png\",\"contentUrl\":\"https:\/\/strangercam.com\/wp-content\/uploads\/2020\/11\/cropped-new-favicon-black.png\",\"width\":512,\"height\":512,\"caption\":\"Strangercam\"},\"image\":{\"@id\":\"https:\/\/strangercam.com\/#\/schema\/logo\/image\/\"},\"sameAs\":[\"https:\/\/www.facebook.com\/strangercam\",\"https:\/\/x.com\/strangercamapp\"]}]}<\/script>\n<!-- \/ Yoast SEO plugin. -->","yoast_head_json":{"title":"Cam Dating mit Video Chat auf Strangercam.com","description":"M\u00f6gen Sie Cam-Dating? Join Millionen auf StrangerCam.com! Starten Sie einen zuf\u00e4lligen Video-Chat, schalten Sie Ihre Cam ein und treffen Sie sofort Fremde.","robots":{"index":"index","follow":"follow","max-snippet":"max-snippet:-1","max-image-preview":"max-image-preview:large","max-video-preview":"max-video-preview:-1"},"canonical":"https:\/\/strangercam.com\/de\/cam-dating\/","og_locale":"de_DE","og_type":"article","og_title":"Cam Dating with Video Chat on Strangercam.com","og_description":"Liking Cam Dating? Join millions on StrangerCam.com! Start a random video chat, turn on your cam, and meet strangers instantly.","og_url":"https:\/\/strangercam.com\/de\/cam-dating\/","og_site_name":"Strangercam","article_publisher":"https:\/\/www.facebook.com\/strangercam","article_modified_time":"2025-09-08T08:12:00+00:00","og_image":[{"width":800,"height":532,"url":"https:\/\/strangercam.com\/wp-content\/uploads\/2021\/10\/Untitled-2.png","type":"image\/png"}],"twitter_card":"summary_large_image","twitter_site":"@strangercamapp","twitter_misc":{"Gesch\u00e4tzte Lesezeit":"4\u00a0Minuten"},"schema":{"@context":"https:\/\/schema.org","@graph":[{"@type":"WebPage","@id":"https:\/\/strangercam.com\/cam-dating\/","url":"https:\/\/strangercam.com\/cam-dating\/","name":"Cam Dating mit Video Chat auf Strangercam.com","isPartOf":{"@id":"https:\/\/strangercam.com\/#website"},"datePublished":"2025-09-08T06:04:51+00:00","dateModified":"2025-09-08T08:12:00+00:00","description":"M\u00f6gen Sie Cam-Dating? Join Millionen auf StrangerCam.com! Starten Sie einen zuf\u00e4lligen Video-Chat, schalten Sie Ihre Cam ein und treffen Sie sofort Fremde.","breadcrumb":{"@id":"https:\/\/strangercam.com\/cam-dating\/#breadcrumb"},"inLanguage":"de","potentialAction":[{"@type":"ReadAction","target":["https:\/\/strangercam.com\/cam-dating\/"]}]},{"@type":"BreadcrumbList","@id":"https:\/\/strangercam.com\/cam-dating\/#breadcrumb","itemListElement":[{"@type":"ListItem","position":1,"name":"Home","item":"https:\/\/strangercam.com\/"},{"@type":"ListItem","position":2,"name":"Cam Dating"}]},{"@type":"WebSite","@id":"https:\/\/strangercam.com\/#website","url":"https:\/\/strangercam.com\/","name":"Strangercam","description":"Zuf\u00e4lliger Video-Chat mit Fremden","publisher":{"@id":"https:\/\/strangercam.com\/#organization"},"alternateName":"Strangercam.com","potentialAction":[{"@type":"SearchAction","target":{"@type":"EntryPoint","urlTemplate":"https:\/\/strangercam.com\/?s={search_term_string}"},"query-input":{"@type":"PropertyValueSpecification","valueRequired":true,"valueName":"search_term_string"}}],"inLanguage":"de"},{"@type":"Organization","@id":"https:\/\/strangercam.com\/#organization","name":"Strangercam","alternateName":"Strangercam.com","url":"https:\/\/strangercam.com\/","logo":{"@type":"ImageObject","inLanguage":"de","@id":"https:\/\/strangercam.com\/#\/schema\/logo\/image\/","url":"https:\/\/strangercam.com\/wp-content\/uploads\/2020\/11\/cropped-new-favicon-black.png","contentUrl":"https:\/\/strangercam.com\/wp-content\/uploads\/2020\/11\/cropped-new-favicon-black.png","width":512,"height":512,"caption":"Strangercam"},"image":{"@id":"https:\/\/strangercam.com\/#\/schema\/logo\/image\/"},"sameAs":["https:\/\/www.facebook.com\/strangercam","https:\/\/x.com\/strangercamapp"]}]}},"_links":{"self":[{"href":"https:\/\/strangercam.com\/de\/wp-json\/wp\/v2\/pages\/4141","targetHints":{"allow":["GET"]}}],"collection":[{"href":"https:\/\/strangercam.com\/de\/wp-json\/wp\/v2\/pages"}],"about":[{"href":"https:\/\/strangercam.com\/de\/wp-json\/wp\/v2\/types\/page"}],"author":[{"embeddable":true,"href":"https:\/\/strangercam.com\/de\/wp-json\/wp\/v2\/users\/8"}],"replies":[{"embeddable":true,"href":"https:\/\/strangercam.com\/de\/wp-json\/wp\/v2\/comments?post=4141"}],"version-history":[{"count":2,"href":"https:\/\/strangercam.com\/de\/wp-json\/wp\/v2\/pages\/4141\/revisions"}],"predecessor-version":[{"id":13014,"href":"https:\/\/strangercam.com\/de\/wp-json\/wp\/v2\/pages\/4141\/revisions\/13014"}],"wp:attachment":[{"href":"https:\/\/strangercam.com\/de\/wp-json\/wp\/v2\/media?parent=4141"}],"curies":[{"name":"wp","href":"https:\/\/api.w.org\/{rel}","templated":true}]}}