{"id":4124,"date":"2025-09-08T08:02:09","date_gmt":"2025-09-08T06:02:09","guid":{"rendered":"https:\/\/strangercam.com\/?page_id=4124"},"modified":"2025-09-08T10:06:04","modified_gmt":"2025-09-08T08:06:04","slug":"cam-mit-fremden","status":"publish","type":"page","link":"https:\/\/strangercam.com\/de\/cam-with-strangers\/","title":{"rendered":"Cam mit Fremden"},"content":{"rendered":"<p>Suchen Sie nach dem besten Weg, um <a href=\"https:\/\/strangercam.com\/de\/bazoocam\/\">Nocken<\/a> mit Fremden? Sie sind nicht allein. Jeden Monat suchen Millionen von Menschen nach M\u00f6glichkeiten, \u00fcber Live-Videochats sofort mit neuen Leuten online in Kontakt zu treten. Im Gegensatz zu sozialen Netzwerken oder Dating-Apps, die Profile, Anmeldungen oder endloses Swipen erfordern, geht es bei der Cam mit Fremden um Spontaneit\u00e4t: Sie schalten Ihre Webcam ein, dr\u00fccken auf Start, und innerhalb von Sekunden stehen Sie jemandem gegen\u00fcber.<\/p>\n<p>Im Jahr 2025 machen es Plattformen wie StrangerCam einfach, kostenlos mit Fremden zu chatten - keine Anmeldung, keine Downloads und keine versteckten Geb\u00fchren. Egal, ob Sie Freundschaften schlie\u00dfen, zwanglose Gespr\u00e4che f\u00fchren, ein wenig flirten oder sich einfach nur die Zeit vertreiben wollen - ein zuf\u00e4lliger Webcam-Chat ist eine der unterhaltsamsten und authentischsten M\u00f6glichkeiten, online in Kontakt zu treten.<\/p>\n<p>In diesem Leitfaden erfahren Sie alles, was Sie wissen m\u00fcssen: was es bedeutet, mit Fremden zu chatten, warum es so beliebt ist, wie es funktioniert, auf welche Funktionen Sie achten sollten, Vergleiche der wichtigsten Plattformen, Sicherheitstipps und warum StrangerCam dieses Jahr die beste Wahl ist.<\/p>\n<h2>Was bedeutet es, mit Fremden zu campen?<\/h2>\n<p>Mit Fremden zu chatten bedeutet, sich sofort mit zuf\u00e4lligen Personen online per Live-Videochat zu verbinden. Mit Ihrer Webcam und Ihrem Mikrofon k\u00f6nnen Sie einander in Echtzeit sehen und miteinander sprechen, was das Erlebnis viel authentischer macht als ein Text-Chat.<\/p>\n<p>Das Verfahren ist einfach: Klicken Sie auf eine Schaltfl\u00e4che, lassen Sie Ihre Kamera zu, und Sie werden mit einem Fremden zusammengebracht. Wenn das Gespr\u00e4ch nicht passt, klicken Sie einfach auf \"Weiter\", um mit dem n\u00e4chsten Chat fortzufahren.<\/p>\n<h2>Warum Menschen Free Cam mit Fremden lieben<\/h2>\n<p>Die Attraktivit\u00e4t von <a href=\"https:\/\/strangercam.com\/de\/cam-to-cam-chat\/\">freie Webcam<\/a> mit Fremden ist leicht zu verstehen:<\/p>\n<ul>\n<li>Spontaneit\u00e4t: Jeder Chat ist eine \u00dcberraschung - man wei\u00df nie, wer der N\u00e4chste ist.<\/li>\n<li>Authentizit\u00e4t: Video stellt sicher, dass Sie mit echten Menschen sprechen, nicht mit Bots.<\/li>\n<li>Keine Anmeldungen oder Verpflichtungen: Einfach klicken und sofort chatten.<\/li>\n<li>Globale Verbindungen: Treffen Sie Fremde aus der ganzen Welt 24\/7.<\/li>\n<li>Spa\u00df &amp; Flirty Vibes: Manche nutzen es, um Freundschaften zu schlie\u00dfen, andere flirten gerne.<\/li>\n<li>Sofortige Flucht aus der Langeweile: Ideal, um sich die Zeit zu vertreiben und neue Gespr\u00e4che anzuregen.<\/li>\n<\/ul>\n<h2>Wie funktioniert Cam With Strangers?<\/h2>\n<p>Der Einstieg ist schnell und einfach:<\/p>\n<ol>\n<li>\u00d6ffnen Sie eine Plattform wie StrangerCam in Ihrem Browser oder auf Ihrem Handy.<\/li>\n<li>Erlauben Sie den Zugriff auf Ihre Webcam und Ihr Mikrofon.<\/li>\n<li>Klicken Sie auf \"Chat starten\".<\/li>\n<li>Sprechen Sie von Angesicht zu Angesicht mit einem zuf\u00e4lligen Fremden.<\/li>\n<li>Dr\u00fccken Sie immer dann auf \"Weiter\", wenn Sie jemand Neues kennenlernen m\u00f6chten.<\/li>\n<\/ol>\n<p>Auf einigen Plattformen k\u00f6nnen Sie auch nach Geschlecht oder Standort filtern oder sogar \u00dcbersetzungshilfen f\u00fcr internationale Gespr\u00e4che nutzen.<\/p>\n<h2>Die wichtigsten Merkmale, auf die Sie achten sollten<\/h2>\n<p>Nicht alle Cam-Chat-Plattformen sind gleich. Wenn Sie die beste Cam mit Fremden Erfahrung wollen, suchen Sie nach diesen Funktionen:<\/p>\n<h3>1. Wirklich freier Zugang<\/h3>\n<p>Vermeiden Sie Websites, die behaupten, kostenlos zu sein, aber wesentliche Funktionen hinter Bezahlschranken einschr\u00e4nken.<\/p>\n<h3>2. Keine Anmeldung erforderlich<\/h3>\n<p>Auf den besten Plattformen k\u00f6nnen Sie anonym bleiben und sofort mit dem Chatten beginnen.<\/p>\n<h3>3. Filter f\u00fcr Geschlecht und Ort<\/h3>\n<p>N\u00fctzlich f\u00fcr den Abgleich mit der Art von Menschen, an denen Sie interessiert sind.<\/p>\n<h3>4. Sichere Moderation<\/h3>\n<p>Gute Plattformen haben starke Meldesysteme und Moderatoren, die Bots und unangemessene Nutzer entfernen.<\/p>\n<h3>5. Handy-freundliches Design<\/h3>\n<p>Sie sollten in der Lage sein, sowohl auf dem Desktop als auch auf dem Smartphone problemlos mit Fremden zu kommunizieren.<\/p>\n<h3>6. Hochwertiges Video und Audio<\/h3>\n<p>Reibungslose Verbindungen sorgen f\u00fcr nat\u00fcrliche und angenehme Gespr\u00e4che.<\/p>\n<h2>Die besten Plattformen f\u00fcr die Kommunikation mit Fremden im Jahr 2025<\/h2>\n<p>Hier ist ein Vergleich der beliebtesten Websites, auf denen Sie mit Fremden chatten k\u00f6nnen:<\/p>\n<table>\n<thead>\n<tr>\n<th>Plattform<\/th>\n<th align=\"center\">Freier Zugang<\/th>\n<th align=\"center\">Gender-Filter<\/th>\n<th align=\"center\">Anmeldung erforderlich<\/th>\n<th align=\"center\">Mobile Unterst\u00fctzung<\/th>\n<th align=\"center\">Moderation<\/th>\n<th>Anmerkungen<\/th>\n<\/tr>\n<\/thead>\n<tbody>\n<tr>\n<td>StrangerCam<\/td>\n<td align=\"center\">\u2705<\/td>\n<td align=\"center\">\u2705 (Frei)<\/td>\n<td align=\"center\">\u274c<\/td>\n<td align=\"center\">\u2705<\/td>\n<td align=\"center\">\u2705<\/td>\n<td>Beste Gesamtauswahl, wirklich kostenlos<\/td>\n<\/tr>\n<tr>\n<td><a href=\"https:\/\/strangercam.com\/de\/chatroulette\/\">Chatroulette<\/a><\/td>\n<td align=\"center\">\u2705<\/td>\n<td align=\"center\">\u274c (Bezahlt)<\/td>\n<td align=\"center\">\u274c<\/td>\n<td align=\"center\">\u2705<\/td>\n<td align=\"center\">\u2705<\/td>\n<td>Klassische Plattform, Filterkosten<\/td>\n<\/tr>\n<tr>\n<td>Chatrandom<\/td>\n<td align=\"center\">\u2705<\/td>\n<td align=\"center\">\u274c (Bezahlt)<\/td>\n<td align=\"center\">\u274c<\/td>\n<td align=\"center\">\u2705<\/td>\n<td align=\"center\">\u2705<\/td>\n<td>Beliebt, aber dr\u00e4ngt auf Upgrades<\/td>\n<\/tr>\n<tr>\n<td><a href=\"https:\/\/strangercam.com\/de\/ometv\/\">OmeTV<\/a><\/td>\n<td align=\"center\">\u2705<\/td>\n<td align=\"center\">\u274c<\/td>\n<td align=\"center\">\u274c<\/td>\n<td align=\"center\">\u2705<\/td>\n<td align=\"center\">\u2705<\/td>\n<td>App-basiertes, rein zuf\u00e4lliges Matching<\/td>\n<\/tr>\n<tr>\n<td>Shagle<\/td>\n<td align=\"center\">\u2705<\/td>\n<td align=\"center\">\u274c (Bezahlt)<\/td>\n<td align=\"center\">\u274c<\/td>\n<td align=\"center\">\u2705<\/td>\n<td align=\"center\">\u2705<\/td>\n<td>Freier Eintritt, Premium-Upgrades<\/td>\n<\/tr>\n<tr>\n<td><a href=\"https:\/\/strangercam.com\/de\/coomeet\/\">CooMeet<\/a><\/td>\n<td align=\"center\">\u274c (Versuch)<\/td>\n<td align=\"center\">\u2705<\/td>\n<td align=\"center\">\u2705<\/td>\n<td align=\"center\">\u2705<\/td>\n<td align=\"center\">\u2705<\/td>\n<td>Bezahlt nach kurzer kostenloser Testphase<\/td>\n<\/tr>\n<tr>\n<td>LuckyCrush<\/td>\n<td align=\"center\">\u274c<\/td>\n<td align=\"center\">\u2705<\/td>\n<td align=\"center\">\u2705<\/td>\n<td align=\"center\">\u2705<\/td>\n<td align=\"center\">\u2705<\/td>\n<td>Immer bezahlter, geschlechtsspezifischer Chat<\/td>\n<\/tr>\n<\/tbody>\n<\/table>\n<p>Unter diesen ist StrangerCam eine der wenigen Plattformen, die kostenlose Cam mit Fremden mit einem echten Geschlechtsfilter und ohne Anmeldung anbietet.<\/p>\n<h2>Warum StrangerCam die beste Wahl ist<\/h2>\n<p>Hier erf\u00e4hrst du, warum StrangerCam die beste Plattform f\u00fcr Cams mit Fremden im Jahr 2025 ist:<\/p>\n<h3>1. V\u00f6llig kostenlos &amp; unbegrenzt<\/h3>\n<p>Keine versteckten Kosten, Kredite oder Zeitlimits.<\/p>\n<h3>2. Kostenloser Gender-Filter<\/h3>\n<p>W\u00e4hlen Sie Jungs, M\u00e4dchen oder beides - ohne Bezahlschranke.<\/p>\n<h3>3. Keine Anmeldung erforderlich<\/h3>\n<p>Bleiben Sie anonym und beginnen Sie sofort zu chatten.<\/p>\n<h3>4. Sicher &amp; moderiert<\/h3>\n<p>Aktive Moderations- und Meldefunktionen halten die Plattform sauber.<\/p>\n<h3>5. Globale Nutzerbasis<\/h3>\n<p>Treffen Sie jederzeit Fremde aus \u00fcber 100 L\u00e4ndern.<\/p>\n<h3>6. Optimiert f\u00fcr alle Ger\u00e4te<\/h3>\n<p>Funktioniert reibungslos auf Desktop, Tablets und Mobiltelefonen.<\/p>\n<h2>Echte Anwenderberichte<\/h2>\n<blockquote><p><em>\"Ich habe nach einer M\u00f6glichkeit gesucht, kostenlos mit Fremden zu chatten, und StrangerCam war die einzige Seite, die mich nicht zum Bezahlen gezwungen hat.\"<\/em><br \/>\n- Liam, 26<\/p><\/blockquote>\n<blockquote><p><em>\"Der Gender-Filter ist kostenlos und funktioniert hervorragend, was bei dieser Art von Websites selten ist.<\/em><br \/>\n- Sophia, 22<\/p><\/blockquote>\n<blockquote><p><em>\"Ich habe an einem einzigen Abend Kontakte zu Menschen aus vier verschiedenen Kontinenten gekn\u00fcpft. Das macht s\u00fcchtig.\"<\/em><br \/>\n- Ryan, 30<\/p><\/blockquote>\n<blockquote><p><em>\"Es f\u00fchlt sich sicherer an als andere Websites, die ich ausprobiert habe, dank der Moderationswerkzeuge.<\/em><br \/>\n- Emma, 20<\/p><\/blockquote>\n<h2>Sicherheitstipps f\u00fcr Camming mit Fremden<\/h2>\n<p>Auch wenn Cam-Chats Spa\u00df machen, sollte man immer an die Sicherheit denken:<\/p>\n<ul>\n<li>Geben Sie niemals pers\u00f6nliche Daten (Telefon, E-Mail, Adresse) weiter.<\/li>\n<li>Klicken Sie nicht auf verd\u00e4chtige Links, die von Fremden gesendet werden.<\/li>\n<li>Verwenden Sie \"Weiter\", wenn Sie sich unwohl f\u00fchlen.<\/li>\n<li>\u00dcberpr\u00fcfen Sie Ihren Hintergrund, bevor Sie Ihre Webcam einschalten.<\/li>\n<li>Verwenden Sie Berichtswerkzeuge, um unliebsame Benutzer zu sperren oder zu melden.<\/li>\n<li>Beachten Sie die Altersbeschr\u00e4nkungen - wenn Sie unter 18 sind, sollten Sie keine Chatseiten f\u00fcr Erwachsene nutzen.<\/li>\n<\/ul>\n<h2>Der Einstieg - Schritt f\u00fcr Schritt<\/h2>\n<p>Es dauert nur Sekunden, um mit Fremden zu chatten:<\/p>\n<ol>\n<li>\u00d6ffnen Sie StrangerCam auf Ihrem Ger\u00e4t.<\/li>\n<li>Erlauben Sie den Zugriff auf Webcam und Mikrofon.<\/li>\n<li>W\u00e4hlen Sie Pr\u00e4ferenzen (z. B. Geschlechtsfilter).<\/li>\n<li>Klicken Sie auf Chat starten, um eine sofortige Verbindung herzustellen.<\/li>\n<li>Dr\u00fccken Sie jederzeit auf Weiter, wenn Sie jemand Neues kennenlernen m\u00f6chten.<\/li>\n<\/ol>\n<p>Schnell, einfach und 100% kostenlos.<\/p>\n<p>Im Jahr 2025 ist eine der einfachsten und unterhaltsamsten M\u00f6glichkeiten, neue Leute online kennenzulernen, das Caming mit Fremden. Es ist spontan, authentisch und erm\u00f6glicht Ihnen sofortige Verbindungen mit echten Menschen weltweit.<\/p>\n<p>Aber nicht jede Plattform bietet das, denn viele verstecken Filter hinter Bezahlschranken oder sind voll von Bots. Deshalb ist StrangerCam die beste Wahl: Es ist kostenlos, sicher, anonym und immer voll von Nutzern, die bereit sind zu chatten.<\/p>\n<p>Bist du bereit, es zu versuchen? Starten Sie noch heute eine kostenlose Cam mit Fremden und sehen Sie, wen Sie als n\u00e4chstes treffen werden.<\/p>","protected":false},"excerpt":{"rendered":"<p>Are you looking for the best way to cam with strangers? You\u2019re not alone. Millions of people every month search for ways to connect instantly with new people online through live video chat. Unlike social networks or dating apps that require profiles, signups, or endless swiping, cam with strangers is about spontaneity: you turn on [&hellip;]<\/p>\n","protected":false},"author":8,"featured_media":0,"parent":0,"menu_order":0,"comment_status":"closed","ping_status":"closed","template":"","meta":{"footnotes":""},"class_list":["post-4124","page","type-page","status-publish","hentry"],"yoast_head":"<!-- This site is optimized with the Yoast SEO plugin v27.4 - https:\/\/yoast.com\/product\/yoast-seo-wordpress\/ -->\n<title>Cam With Strangers with Video Chat on Strangercam.com<\/title>\n<meta name=\"description\" content=\"Liking Cam With Strangers? Join millions on StrangerCam.com! Start a random video chat, turn on your cam, and meet strangers instantly.\" \/>\n<meta name=\"robots\" content=\"index, follow, max-snippet:-1, max-image-preview:large, max-video-preview:-1\" \/>\n<link rel=\"canonical\" href=\"https:\/\/strangercam.com\/de\/cam-mit-fremden\/\" \/>\n<meta property=\"og:locale\" content=\"de_DE\" \/>\n<meta property=\"og:type\" content=\"article\" \/>\n<meta property=\"og:title\" content=\"Cam With Strangers with Video Chat on Strangercam.com\" \/>\n<meta property=\"og:description\" content=\"Liking Cam With Strangers? Join millions on StrangerCam.com! Start a random video chat, turn on your cam, and meet strangers instantly.\" \/>\n<meta property=\"og:url\" content=\"https:\/\/strangercam.com\/de\/cam-mit-fremden\/\" \/>\n<meta property=\"og:site_name\" content=\"Strangercam\" \/>\n<meta property=\"article:publisher\" content=\"https:\/\/www.facebook.com\/strangercam\" \/>\n<meta property=\"article:modified_time\" content=\"2025-09-08T08:06:04+00:00\" \/>\n<meta property=\"og:image\" content=\"https:\/\/strangercam.com\/wp-content\/uploads\/2021\/10\/Untitled-2.png\" \/>\n\t<meta property=\"og:image:width\" content=\"800\" \/>\n\t<meta property=\"og:image:height\" content=\"532\" \/>\n\t<meta property=\"og:image:type\" content=\"image\/png\" \/>\n<meta name=\"twitter:card\" content=\"summary_large_image\" \/>\n<meta name=\"twitter:site\" content=\"@strangercamapp\" \/>\n<meta name=\"twitter:label1\" content=\"Gesch\u00e4tzte Lesezeit\" \/>\n\t<meta name=\"twitter:data1\" content=\"5\u00a0Minuten\" \/>\n<script type=\"application\/ld+json\" class=\"yoast-schema-graph\">{\"@context\":\"https:\\\/\\\/schema.org\",\"@graph\":[{\"@type\":\"WebPage\",\"@id\":\"https:\\\/\\\/strangercam.com\\\/cam-with-strangers\\\/\",\"url\":\"https:\\\/\\\/strangercam.com\\\/cam-with-strangers\\\/\",\"name\":\"Cam With Strangers with Video Chat on Strangercam.com\",\"isPartOf\":{\"@id\":\"https:\\\/\\\/strangercam.com\\\/#website\"},\"datePublished\":\"2025-09-08T06:02:09+00:00\",\"dateModified\":\"2025-09-08T08:06:04+00:00\",\"description\":\"Liking Cam With Strangers? Join millions on StrangerCam.com! Start a random video chat, turn on your cam, and meet strangers instantly.\",\"breadcrumb\":{\"@id\":\"https:\\\/\\\/strangercam.com\\\/cam-with-strangers\\\/#breadcrumb\"},\"inLanguage\":\"de\",\"potentialAction\":[{\"@type\":\"ReadAction\",\"target\":[\"https:\\\/\\\/strangercam.com\\\/cam-with-strangers\\\/\"]}]},{\"@type\":\"BreadcrumbList\",\"@id\":\"https:\\\/\\\/strangercam.com\\\/cam-with-strangers\\\/#breadcrumb\",\"itemListElement\":[{\"@type\":\"ListItem\",\"position\":1,\"name\":\"Home\",\"item\":\"https:\\\/\\\/strangercam.com\\\/\"},{\"@type\":\"ListItem\",\"position\":2,\"name\":\"Cam With Strangers\"}]},{\"@type\":\"WebSite\",\"@id\":\"https:\\\/\\\/strangercam.com\\\/#website\",\"url\":\"https:\\\/\\\/strangercam.com\\\/\",\"name\":\"Strangercam\",\"description\":\"Random Video Chat with Strangers\",\"publisher\":{\"@id\":\"https:\\\/\\\/strangercam.com\\\/#organization\"},\"alternateName\":\"Strangercam.com\",\"potentialAction\":[{\"@type\":\"SearchAction\",\"target\":{\"@type\":\"EntryPoint\",\"urlTemplate\":\"https:\\\/\\\/strangercam.com\\\/?s={search_term_string}\"},\"query-input\":{\"@type\":\"PropertyValueSpecification\",\"valueRequired\":true,\"valueName\":\"search_term_string\"}}],\"inLanguage\":\"de\"},{\"@type\":\"Organization\",\"@id\":\"https:\\\/\\\/strangercam.com\\\/#organization\",\"name\":\"Strangercam\",\"alternateName\":\"Strangercam.com\",\"url\":\"https:\\\/\\\/strangercam.com\\\/\",\"logo\":{\"@type\":\"ImageObject\",\"inLanguage\":\"de\",\"@id\":\"https:\\\/\\\/strangercam.com\\\/#\\\/schema\\\/logo\\\/image\\\/\",\"url\":\"https:\\\/\\\/strangercam.com\\\/wp-content\\\/uploads\\\/2020\\\/11\\\/cropped-new-favicon-black.png\",\"contentUrl\":\"https:\\\/\\\/strangercam.com\\\/wp-content\\\/uploads\\\/2020\\\/11\\\/cropped-new-favicon-black.png\",\"width\":512,\"height\":512,\"caption\":\"Strangercam\"},\"image\":{\"@id\":\"https:\\\/\\\/strangercam.com\\\/#\\\/schema\\\/logo\\\/image\\\/\"},\"sameAs\":[\"https:\\\/\\\/www.facebook.com\\\/strangercam\",\"https:\\\/\\\/x.com\\\/strangercamapp\"]}]}<\/script>\n<!-- \/ Yoast SEO plugin. -->","yoast_head_json":{"title":"Cam mit Fremden mit Video Chat auf Strangercam.com","description":"Gef\u00e4llt dir Cam With Strangers? Join Millionen auf StrangerCam.com! Starten Sie einen zuf\u00e4lligen Video-Chat, schalten Sie Ihre Cam ein und treffen Sie sofort Fremde.","robots":{"index":"index","follow":"follow","max-snippet":"max-snippet:-1","max-image-preview":"max-image-preview:large","max-video-preview":"max-video-preview:-1"},"canonical":"https:\/\/strangercam.com\/de\/cam-mit-fremden\/","og_locale":"de_DE","og_type":"article","og_title":"Cam With Strangers with Video Chat on Strangercam.com","og_description":"Liking Cam With Strangers? Join millions on StrangerCam.com! Start a random video chat, turn on your cam, and meet strangers instantly.","og_url":"https:\/\/strangercam.com\/de\/cam-mit-fremden\/","og_site_name":"Strangercam","article_publisher":"https:\/\/www.facebook.com\/strangercam","article_modified_time":"2025-09-08T08:06:04+00:00","og_image":[{"width":800,"height":532,"url":"https:\/\/strangercam.com\/wp-content\/uploads\/2021\/10\/Untitled-2.png","type":"image\/png"}],"twitter_card":"summary_large_image","twitter_site":"@strangercamapp","twitter_misc":{"Gesch\u00e4tzte Lesezeit":"5\u00a0Minuten"},"schema":{"@context":"https:\/\/schema.org","@graph":[{"@type":"WebPage","@id":"https:\/\/strangercam.com\/cam-with-strangers\/","url":"https:\/\/strangercam.com\/cam-with-strangers\/","name":"Cam mit Fremden mit Video Chat auf Strangercam.com","isPartOf":{"@id":"https:\/\/strangercam.com\/#website"},"datePublished":"2025-09-08T06:02:09+00:00","dateModified":"2025-09-08T08:06:04+00:00","description":"Gef\u00e4llt dir Cam With Strangers? Join Millionen auf StrangerCam.com! Starten Sie einen zuf\u00e4lligen Video-Chat, schalten Sie Ihre Cam ein und treffen Sie sofort Fremde.","breadcrumb":{"@id":"https:\/\/strangercam.com\/cam-with-strangers\/#breadcrumb"},"inLanguage":"de","potentialAction":[{"@type":"ReadAction","target":["https:\/\/strangercam.com\/cam-with-strangers\/"]}]},{"@type":"BreadcrumbList","@id":"https:\/\/strangercam.com\/cam-with-strangers\/#breadcrumb","itemListElement":[{"@type":"ListItem","position":1,"name":"Home","item":"https:\/\/strangercam.com\/"},{"@type":"ListItem","position":2,"name":"Cam With Strangers"}]},{"@type":"WebSite","@id":"https:\/\/strangercam.com\/#website","url":"https:\/\/strangercam.com\/","name":"Strangercam","description":"Zuf\u00e4lliger Video-Chat mit Fremden","publisher":{"@id":"https:\/\/strangercam.com\/#organization"},"alternateName":"Strangercam.com","potentialAction":[{"@type":"SearchAction","target":{"@type":"EntryPoint","urlTemplate":"https:\/\/strangercam.com\/?s={search_term_string}"},"query-input":{"@type":"PropertyValueSpecification","valueRequired":true,"valueName":"search_term_string"}}],"inLanguage":"de"},{"@type":"Organization","@id":"https:\/\/strangercam.com\/#organization","name":"Strangercam","alternateName":"Strangercam.com","url":"https:\/\/strangercam.com\/","logo":{"@type":"ImageObject","inLanguage":"de","@id":"https:\/\/strangercam.com\/#\/schema\/logo\/image\/","url":"https:\/\/strangercam.com\/wp-content\/uploads\/2020\/11\/cropped-new-favicon-black.png","contentUrl":"https:\/\/strangercam.com\/wp-content\/uploads\/2020\/11\/cropped-new-favicon-black.png","width":512,"height":512,"caption":"Strangercam"},"image":{"@id":"https:\/\/strangercam.com\/#\/schema\/logo\/image\/"},"sameAs":["https:\/\/www.facebook.com\/strangercam","https:\/\/x.com\/strangercamapp"]}]}},"_links":{"self":[{"href":"https:\/\/strangercam.com\/de\/wp-json\/wp\/v2\/pages\/4124","targetHints":{"allow":["GET"]}}],"collection":[{"href":"https:\/\/strangercam.com\/de\/wp-json\/wp\/v2\/pages"}],"about":[{"href":"https:\/\/strangercam.com\/de\/wp-json\/wp\/v2\/types\/page"}],"author":[{"embeddable":true,"href":"https:\/\/strangercam.com\/de\/wp-json\/wp\/v2\/users\/8"}],"replies":[{"embeddable":true,"href":"https:\/\/strangercam.com\/de\/wp-json\/wp\/v2\/comments?post=4124"}],"version-history":[{"count":2,"href":"https:\/\/strangercam.com\/de\/wp-json\/wp\/v2\/pages\/4124\/revisions"}],"predecessor-version":[{"id":13013,"href":"https:\/\/strangercam.com\/de\/wp-json\/wp\/v2\/pages\/4124\/revisions\/13013"}],"wp:attachment":[{"href":"https:\/\/strangercam.com\/de\/wp-json\/wp\/v2\/media?parent=4124"}],"curies":[{"name":"wp","href":"https:\/\/api.w.org\/{rel}","templated":true}]}}