{"id":4107,"date":"2025-09-08T08:58:53","date_gmt":"2025-09-08T06:58:53","guid":{"rendered":"https:\/\/strangercam.com\/?page_id=4107"},"modified":"2025-09-08T10:03:26","modified_gmt":"2025-09-08T08:03:26","slug":"eins-zu-eins-kamera","status":"publish","type":"page","link":"https:\/\/strangercam.com\/de\/one-on-one-cam\/","title":{"rendered":"Eins-zu-eins-Kamera"},"content":{"rendered":"<p>Sind Sie auf der Suche nach dem besten Eins-zu-Eins <a href=\"https:\/\/strangercam.com\/de\/bazoocam\/\">Nocken<\/a> Erfahrung? Da sind Sie nicht allein. Millionen von Menschen auf der ganzen Welt bevorzugen private Chats von Angesicht zu Angesicht anstelle von lauten Gruppenr\u00e4umen oder \u00fcberf\u00fcllten sozialen Netzwerken. Mit der One-on-One-Cam k\u00f6nnen Sie direkte, pers\u00f6nliche Gespr\u00e4che mit Fremden oder neuen Freunden f\u00fchren - nur Sie und eine andere Person auf Video, ohne Ablenkung.<\/p>\n<p>Im Jahr 2025 erm\u00f6glichen Plattformen wie StrangerCam die kostenlose Nutzung von Einzelgespr\u00e4chen. <a href=\"https:\/\/strangercam.com\/de\/cam-to-cam-chat\/\">Cam-Chat<\/a> sofort - keine Anmeldung, keine Downloads und keine versteckten Kosten. Egal, ob du auf der Suche nach einer Freundschaft, zwanglosem Spa\u00df, einem Flirt oder einfach nur nach einer bedeutungsvollen Unterhaltung bist, One-on-One-Cam bietet dir die Privatsph\u00e4re und Spontaneit\u00e4t, die Gruppenchats oder Dating-Apps nicht bieten k\u00f6nnen.<\/p>\n<p>Dieser Leitfaden erkl\u00e4rt dir alles, was du wissen musst: was One on One Cam ist, warum die Leute es lieben, wie es funktioniert, die wichtigsten Funktionen, Plattformvergleiche, Sicherheitstipps und warum StrangerCam einer der Top-Pl\u00e4tze f\u00fcr One on One Cam Chat im Jahr 2025 ist.<\/p>\n<h2>Was ist eine One on One Cam?<\/h2>\n<p>One-on-One-Cam ist ein privater Live-Videochat, bei dem Sie \u00fcber Webcam und Mikrofon sofort mit einer anderen Person verbunden sind. Im Gegensatz zu Gruppen-Chatr\u00e4umen oder textbasierten Chats ist das Erlebnis pers\u00f6nlicher und konzentrierter.<\/p>\n<p>Die Idee ist einfach: Dr\u00fccken Sie eine Taste, aktivieren Sie Ihre Webcam, und innerhalb von Sekunden f\u00fchren Sie ein privates Videogespr\u00e4ch mit einem Fremden. Wenn das Gespr\u00e4ch nicht zustande kommt, dr\u00fccken Sie auf \"Weiter\" und Sie werden mit einem neuen Gespr\u00e4chspartner verbunden.<\/p>\n<h2>Warum die Leute den kostenlosen One on One Cam Chat lieben<\/h2>\n<p>Die Beliebtheit der kostenlosen One-on-One-Cam ist gestiegen, weil sie etwas Einzigartiges bietet:<\/p>\n<ul>\n<li>Privatsph\u00e4re: Die Gespr\u00e4che finden unter vier Augen statt, nicht in einer gesch\u00e4ftigen Gruppe.<\/li>\n<li>Authentizit\u00e4t: Video-Chat stellt sicher, dass Sie mit einer echten Person sprechen, nicht mit einem Bot.<\/li>\n<li>Spontaneit\u00e4t: Jeder neue Chat ist eine \u00dcberraschung.<\/li>\n<li>Keine Ablenkungen: Keine Zuschauer - nur Sie und eine weitere Person.<\/li>\n<li>Freundschaft &amp; Flirten: Ideal, um Freundschaften zu schlie\u00dfen, Geschichten auszutauschen oder einfach nur Spa\u00df zu haben.<\/li>\n<li>Sofortiger Zugang: Keine Profile, Biografien oder lange Anmeldungen - einfach klicken und verbinden.<\/li>\n<\/ul>\n<h2>Wie funktioniert die One on One Cam?<\/h2>\n<p>Das Verfahren ist einfach und anf\u00e4ngerfreundlich:<\/p>\n<ol>\n<li>\u00d6ffnen Sie die Plattform (Desktop oder Handy).<\/li>\n<li>Erlauben Sie den Zugriff auf Kamera und Mikrofon.<\/li>\n<li>Klicken Sie auf \"Chat starten\".<\/li>\n<li>Verbinde dich sofort mit einer Person in einer privaten Cam-Session.<\/li>\n<li>Dr\u00fccken Sie auf \"Weiter\", um fortzufahren, wann immer Sie wollen.<\/li>\n<\/ol>\n<p>Einige Plattformen bieten auch geschlechtsspezifische Filter, eine L\u00e4nderauswahl oder sogar automatische \u00dcbersetzungsfunktionen f\u00fcr internationale Verbindungen.<\/p>\n<h2>Die wichtigsten Merkmale, auf die Sie achten sollten<\/h2>\n<p>Achten Sie bei der Auswahl einer One-on-One-Cam-Plattform auf diese wichtigen Merkmale:<\/p>\n<h3>1. Wirklich freier Zugang<\/h3>\n<p>Vermeiden Sie Plattformen, die mit \"kostenlos\" werben, aber wichtige Funktionen hinter Bezahlschranken verbergen.<\/p>\n<h3>2. Keine Anmeldung erforderlich<\/h3>\n<p>Bleiben Sie anonym - eine Registrierung sollte nicht erforderlich sein.<\/p>\n<h3>3. Filter f\u00fcr Geschlecht und Ort<\/h3>\n<p>Hilfreich, um die Art von Person zu finden, mit der Sie chatten m\u00f6chten.<\/p>\n<h3>4. Privat &amp; sicher<\/h3>\n<p>Stellen Sie sicher, dass die Plattform Moderation und Werkzeuge zum Sperren\/Melden anbietet.<\/p>\n<h3>5. Handy-freundliches Design<\/h3>\n<p>Der Dienst sollte sowohl auf Telefonen als auch auf Desktops funktionieren.<\/p>\n<h3>6. Hochwertiges Video und Audio<\/h3>\n<p>Klare Verbindungen machen Gespr\u00e4che reibungsloser und angenehmer.<\/p>\n<h2>Die besten One-on-One-Cam-Plattformen im Jahr 2025<\/h2>\n<p>Hier sehen Sie, wie die wichtigsten Plattformen f\u00fcr den privaten Cam-Chat im Vergleich abschneiden:<\/p>\n<table>\n<thead>\n<tr>\n<th>Plattform<\/th>\n<th align=\"center\">Freier Zugang<\/th>\n<th align=\"center\">Gender-Filter<\/th>\n<th align=\"center\">Anmeldung erforderlich<\/th>\n<th align=\"center\">Mobile Unterst\u00fctzung<\/th>\n<th align=\"center\">Moderation<\/th>\n<th>Anmerkungen<\/th>\n<\/tr>\n<\/thead>\n<tbody>\n<tr>\n<td>StrangerCam<\/td>\n<td align=\"center\">\u2705<\/td>\n<td align=\"center\">\u2705 (Frei)<\/td>\n<td align=\"center\">\u274c<\/td>\n<td align=\"center\">\u2705<\/td>\n<td align=\"center\">\u2705<\/td>\n<td>Beste Allround-Wahl, private Einzelkamera<\/td>\n<\/tr>\n<tr>\n<td><a href=\"https:\/\/strangercam.com\/de\/chatroulette\/\">Chatroulette<\/a><\/td>\n<td align=\"center\">\u2705<\/td>\n<td align=\"center\">\u274c (Bezahlt)<\/td>\n<td align=\"center\">\u274c<\/td>\n<td align=\"center\">\u2705<\/td>\n<td align=\"center\">\u2705<\/td>\n<td>Klassisch, aber geschlechtsspezifische Filter gesperrt<\/td>\n<\/tr>\n<tr>\n<td>Chatrandom<\/td>\n<td align=\"center\">\u2705<\/td>\n<td align=\"center\">\u274c (Bezahlt)<\/td>\n<td align=\"center\">\u274c<\/td>\n<td align=\"center\">\u2705<\/td>\n<td align=\"center\">\u2705<\/td>\n<td>Beliebt, aber Upgrades forciert<\/td>\n<\/tr>\n<tr>\n<td><a href=\"https:\/\/strangercam.com\/de\/ometv\/\">OmeTV<\/a><\/td>\n<td align=\"center\">\u2705<\/td>\n<td align=\"center\">\u274c<\/td>\n<td align=\"center\">\u274c<\/td>\n<td align=\"center\">\u2705<\/td>\n<td align=\"center\">\u2705<\/td>\n<td>Nur zuf\u00e4llig, mobile App<\/td>\n<\/tr>\n<tr>\n<td>Shagle<\/td>\n<td align=\"center\">\u2705<\/td>\n<td align=\"center\">\u274c (Bezahlt)<\/td>\n<td align=\"center\">\u274c<\/td>\n<td align=\"center\">\u2705<\/td>\n<td align=\"center\">\u2705<\/td>\n<td>Kostenlose Basisnutzung, Premium-Upgrades<\/td>\n<\/tr>\n<tr>\n<td><a href=\"https:\/\/strangercam.com\/de\/coomeet\/\">CooMeet<\/a><\/td>\n<td align=\"center\">\u274c (Versuch)<\/td>\n<td align=\"center\">\u2705<\/td>\n<td align=\"center\">\u2705<\/td>\n<td align=\"center\">\u2705<\/td>\n<td align=\"center\">\u2705<\/td>\n<td>Bezahlt nach Versuch, konzentriert sich auf M\u00e4dchenchats<\/td>\n<\/tr>\n<tr>\n<td>LuckyCrush<\/td>\n<td align=\"center\">\u274c<\/td>\n<td align=\"center\">\u2705<\/td>\n<td align=\"center\">\u2705<\/td>\n<td align=\"center\">\u2705<\/td>\n<td align=\"center\">\u2705<\/td>\n<td>Immer bezahlt, geschlechtsspezifisches Matching<\/td>\n<\/tr>\n<\/tbody>\n<\/table>\n<p>StrangerCam ist eine der wenigen Plattformen, die einen kostenlosen One-on-One-Cam-Chat mit einem funktionierenden Geschlechtsfilter und ohne Anmeldung anbietet.<\/p>\n<h2>Warum StrangerCam die beste Wahl ist<\/h2>\n<p>Hier erf\u00e4hrst du, warum StrangerCam die erste Wahl im Jahr 2025 f\u00fcr One-on-One-Cams ist:<\/p>\n<h3>1. V\u00f6llig kostenlos &amp; unbegrenzt<\/h3>\n<p>Keine versteckten Kosten, Guthaben oder Probezeitbeschr\u00e4nkungen.<\/p>\n<h3>2. Private One on One Cam Sessions<\/h3>\n<p>Konzentrierte, pers\u00f6nliche Videoanrufe ohne Ablenkung durch die Gruppe.<\/p>\n<h3>3. Kostenloser Gender-Filter<\/h3>\n<p>W\u00e4hlen Sie aus, wen Sie treffen m\u00f6chten, ohne zu bezahlen.<\/p>\n<h3>4. Keine Anmeldung erforderlich<\/h3>\n<p>Bleiben Sie anonym und stellen Sie sofort eine Verbindung her.<\/p>\n<h3>5. Sicher &amp; moderiert<\/h3>\n<p>Robuste Berichterstattung und Moderation machen sie sicherer als die meisten anderen.<\/p>\n<h3>6. Funktioniert auf allen Ger\u00e4ten<\/h3>\n<p>Optimiert f\u00fcr Desktop, Tablets und Mobilger\u00e4te.<\/p>\n<h2>Echte Anwenderberichte<\/h2>\n<blockquote><p><em>\"Ich war die Gruppenchats leid und wollte etwas Privateres. Die Einzel-Cam von StrangerCam ist perfekt - nur ich und die Person, mit der ich spreche.\"<\/em><br \/>\n- Daniel, 28<\/p><\/blockquote>\n<blockquote><p><em>\"Der Gender-Filter ist kostenlos, was ihn viel besser macht als andere Plattformen, die ich ausprobiert habe.\"<\/em><br \/>\n- Sophia, 21<\/p><\/blockquote>\n<blockquote><p><em>\"Ich habe durch die Einzel-Cams Freunde aus der ganzen Welt gefunden. Es f\u00fchlt sich pers\u00f6nlicher an als Gruppen-Chatrooms.\"<\/em><br \/>\n- Ryan, 30<\/p><\/blockquote>\n<blockquote><p><em>\"Es ist einfach, schnell und sicher. Genau das, was ich von einem kostenlosen Cam-Chat wollte.\"<\/em><br \/>\n- Mia, 19<\/p><\/blockquote>\n<h2>Sicherheitstipps f\u00fcr One on One Cam<\/h2>\n<p>Auch wenn Einzel-Cam-Chats Spa\u00df machen, sollten Sie diese Sicherheitstipps nicht vergessen:<\/p>\n<ul>\n<li>Geben Sie keine pers\u00f6nlichen Daten weiter (Telefonnummer, Adresse, E-Mail).<\/li>\n<li>\u00dcberspringen oder blockieren Sie jeden, der Ihnen Unbehagen bereitet.<\/li>\n<li>Vermeiden Sie es, auf Links zu klicken, die von Fremden geteilt werden.<\/li>\n<li>\u00dcberpr\u00fcfen Sie Ihren Hintergrund, um Ihre Privatsph\u00e4re zu sch\u00fctzen.<\/li>\n<li>Nutzen Sie Plattform-Tools wie Berichterstattung und Sperrung.<\/li>\n<li>Respektiere die Altersbeschr\u00e4nkungen - wenn du unter 18 bist, solltest du keine Cam-Chat-Seiten f\u00fcr Erwachsene nutzen.<\/li>\n<\/ul>\n<h2>Der Einstieg - Schritt f\u00fcr Schritt<\/h2>\n<p>Es dauert weniger als eine Minute, um einen pers\u00f6nlichen Cam-Chat zu beginnen:<\/p>\n<ol>\n<li>\u00d6ffnen Sie StrangerCam auf Ihrem Ger\u00e4t.<\/li>\n<li>Erlauben Sie den Zugriff auf Ihre Kamera und Ihr Mikrofon.<\/li>\n<li>W\u00e4hlen Sie Ihre Pr\u00e4ferenzen (z. B. Geschlechtsfilter).<\/li>\n<li>Klicken Sie auf Chat starten, um eine sofortige Verbindung herzustellen.<\/li>\n<li>Genie\u00dfe deinen privaten Cam-Chat mit einer Person.<\/li>\n<\/ol>\n<p>Schnell, einfach und kostenlos.<\/p>\n<p>Im Jahr 2025 ist die One-to-One-Cam nach wie vor eine der besten M\u00f6glichkeiten, online in Kontakt zu treten. Sie ist pers\u00f6nlich, spontan und authentisch und erm\u00f6glicht echte Gespr\u00e4che mit Fremden weltweit.<\/p>\n<p>Aber nicht jede Plattform ist Ihre Zeit wert. Viele verstecken Funktionen hinter Bezahlschranken oder \u00fcberfluten ihre Seiten mit Bots. Deshalb ist StrangerCam die beste Option: Es ist kostenlos, privat, sicher und immer aktiv mit Menschen, die bereit sind zu chatten.<\/p>\n<p>Bist du bereit, es zu versuchen? Starten Sie noch heute einen kostenlosen Cam-Chat und sehen Sie, wen Sie als n\u00e4chstes treffen werden.<\/p>","protected":false},"excerpt":{"rendered":"<p>Are you searching for the best one on one cam experience? You\u2019re not alone. Millions of people around the world prefer private, face-to-face chats instead of noisy group rooms or crowded social networks. With one on one cam, you get direct, personal conversations with strangers or new friends\u2014just you and one other person on video, [&hellip;]<\/p>\n","protected":false},"author":8,"featured_media":0,"parent":0,"menu_order":0,"comment_status":"closed","ping_status":"closed","template":"","meta":{"footnotes":""},"class_list":["post-4107","page","type-page","status-publish","hentry"],"yoast_head":"<!-- This site is optimized with the Yoast SEO plugin v27.4 - https:\/\/yoast.com\/product\/yoast-seo-wordpress\/ -->\n<title>One On One Cam with Video Chat on Strangercam.com<\/title>\n<meta name=\"description\" content=\"Liking One On One Cam? Join millions on StrangerCam.com! Start a random video chat, turn on your cam, and meet strangers instantly.\" \/>\n<meta name=\"robots\" content=\"index, follow, max-snippet:-1, max-image-preview:large, max-video-preview:-1\" \/>\n<link rel=\"canonical\" href=\"https:\/\/strangercam.com\/de\/eins-zu-eins-kamera\/\" \/>\n<meta property=\"og:locale\" content=\"de_DE\" \/>\n<meta property=\"og:type\" content=\"article\" \/>\n<meta property=\"og:title\" content=\"One On One Cam with Video Chat on Strangercam.com\" \/>\n<meta property=\"og:description\" content=\"Liking One On One Cam? Join millions on StrangerCam.com! Start a random video chat, turn on your cam, and meet strangers instantly.\" \/>\n<meta property=\"og:url\" content=\"https:\/\/strangercam.com\/de\/eins-zu-eins-kamera\/\" \/>\n<meta property=\"og:site_name\" content=\"Strangercam\" \/>\n<meta property=\"article:publisher\" content=\"https:\/\/www.facebook.com\/strangercam\" \/>\n<meta property=\"article:modified_time\" content=\"2025-09-08T08:03:26+00:00\" \/>\n<meta property=\"og:image\" content=\"https:\/\/strangercam.com\/wp-content\/uploads\/2021\/10\/Untitled-2.png\" \/>\n\t<meta property=\"og:image:width\" content=\"800\" \/>\n\t<meta property=\"og:image:height\" content=\"532\" \/>\n\t<meta property=\"og:image:type\" content=\"image\/png\" \/>\n<meta name=\"twitter:card\" content=\"summary_large_image\" \/>\n<meta name=\"twitter:site\" content=\"@strangercamapp\" \/>\n<meta name=\"twitter:label1\" content=\"Gesch\u00e4tzte Lesezeit\" \/>\n\t<meta name=\"twitter:data1\" content=\"5\u00a0Minuten\" \/>\n<script type=\"application\/ld+json\" class=\"yoast-schema-graph\">{\"@context\":\"https:\\\/\\\/schema.org\",\"@graph\":[{\"@type\":\"WebPage\",\"@id\":\"https:\\\/\\\/strangercam.com\\\/one-on-one-cam\\\/\",\"url\":\"https:\\\/\\\/strangercam.com\\\/one-on-one-cam\\\/\",\"name\":\"One On One Cam with Video Chat on Strangercam.com\",\"isPartOf\":{\"@id\":\"https:\\\/\\\/strangercam.com\\\/#website\"},\"datePublished\":\"2025-09-08T06:58:53+00:00\",\"dateModified\":\"2025-09-08T08:03:26+00:00\",\"description\":\"Liking One On One Cam? Join millions on StrangerCam.com! Start a random video chat, turn on your cam, and meet strangers instantly.\",\"breadcrumb\":{\"@id\":\"https:\\\/\\\/strangercam.com\\\/one-on-one-cam\\\/#breadcrumb\"},\"inLanguage\":\"de\",\"potentialAction\":[{\"@type\":\"ReadAction\",\"target\":[\"https:\\\/\\\/strangercam.com\\\/one-on-one-cam\\\/\"]}]},{\"@type\":\"BreadcrumbList\",\"@id\":\"https:\\\/\\\/strangercam.com\\\/one-on-one-cam\\\/#breadcrumb\",\"itemListElement\":[{\"@type\":\"ListItem\",\"position\":1,\"name\":\"Home\",\"item\":\"https:\\\/\\\/strangercam.com\\\/\"},{\"@type\":\"ListItem\",\"position\":2,\"name\":\"One On One Cam\"}]},{\"@type\":\"WebSite\",\"@id\":\"https:\\\/\\\/strangercam.com\\\/#website\",\"url\":\"https:\\\/\\\/strangercam.com\\\/\",\"name\":\"Strangercam\",\"description\":\"Random Video Chat with Strangers\",\"publisher\":{\"@id\":\"https:\\\/\\\/strangercam.com\\\/#organization\"},\"alternateName\":\"Strangercam.com\",\"potentialAction\":[{\"@type\":\"SearchAction\",\"target\":{\"@type\":\"EntryPoint\",\"urlTemplate\":\"https:\\\/\\\/strangercam.com\\\/?s={search_term_string}\"},\"query-input\":{\"@type\":\"PropertyValueSpecification\",\"valueRequired\":true,\"valueName\":\"search_term_string\"}}],\"inLanguage\":\"de\"},{\"@type\":\"Organization\",\"@id\":\"https:\\\/\\\/strangercam.com\\\/#organization\",\"name\":\"Strangercam\",\"alternateName\":\"Strangercam.com\",\"url\":\"https:\\\/\\\/strangercam.com\\\/\",\"logo\":{\"@type\":\"ImageObject\",\"inLanguage\":\"de\",\"@id\":\"https:\\\/\\\/strangercam.com\\\/#\\\/schema\\\/logo\\\/image\\\/\",\"url\":\"https:\\\/\\\/strangercam.com\\\/wp-content\\\/uploads\\\/2020\\\/11\\\/cropped-new-favicon-black.png\",\"contentUrl\":\"https:\\\/\\\/strangercam.com\\\/wp-content\\\/uploads\\\/2020\\\/11\\\/cropped-new-favicon-black.png\",\"width\":512,\"height\":512,\"caption\":\"Strangercam\"},\"image\":{\"@id\":\"https:\\\/\\\/strangercam.com\\\/#\\\/schema\\\/logo\\\/image\\\/\"},\"sameAs\":[\"https:\\\/\\\/www.facebook.com\\\/strangercam\",\"https:\\\/\\\/x.com\\\/strangercamapp\"]}]}<\/script>\n<!-- \/ Yoast SEO plugin. -->","yoast_head_json":{"title":"One On One Cam mit Video Chat auf Strangercam.com","description":"Gef\u00e4llt dir One On One Cam? Join Millionen auf StrangerCam.com! Starten Sie einen zuf\u00e4lligen Video-Chat, schalten Sie Ihre Cam ein und treffen Sie sofort Fremde.","robots":{"index":"index","follow":"follow","max-snippet":"max-snippet:-1","max-image-preview":"max-image-preview:large","max-video-preview":"max-video-preview:-1"},"canonical":"https:\/\/strangercam.com\/de\/eins-zu-eins-kamera\/","og_locale":"de_DE","og_type":"article","og_title":"One On One Cam with Video Chat on Strangercam.com","og_description":"Liking One On One Cam? Join millions on StrangerCam.com! Start a random video chat, turn on your cam, and meet strangers instantly.","og_url":"https:\/\/strangercam.com\/de\/eins-zu-eins-kamera\/","og_site_name":"Strangercam","article_publisher":"https:\/\/www.facebook.com\/strangercam","article_modified_time":"2025-09-08T08:03:26+00:00","og_image":[{"width":800,"height":532,"url":"https:\/\/strangercam.com\/wp-content\/uploads\/2021\/10\/Untitled-2.png","type":"image\/png"}],"twitter_card":"summary_large_image","twitter_site":"@strangercamapp","twitter_misc":{"Gesch\u00e4tzte Lesezeit":"5\u00a0Minuten"},"schema":{"@context":"https:\/\/schema.org","@graph":[{"@type":"WebPage","@id":"https:\/\/strangercam.com\/one-on-one-cam\/","url":"https:\/\/strangercam.com\/one-on-one-cam\/","name":"One On One Cam mit Video Chat auf Strangercam.com","isPartOf":{"@id":"https:\/\/strangercam.com\/#website"},"datePublished":"2025-09-08T06:58:53+00:00","dateModified":"2025-09-08T08:03:26+00:00","description":"Gef\u00e4llt dir One On One Cam? Join Millionen auf StrangerCam.com! Starten Sie einen zuf\u00e4lligen Video-Chat, schalten Sie Ihre Cam ein und treffen Sie sofort Fremde.","breadcrumb":{"@id":"https:\/\/strangercam.com\/one-on-one-cam\/#breadcrumb"},"inLanguage":"de","potentialAction":[{"@type":"ReadAction","target":["https:\/\/strangercam.com\/one-on-one-cam\/"]}]},{"@type":"BreadcrumbList","@id":"https:\/\/strangercam.com\/one-on-one-cam\/#breadcrumb","itemListElement":[{"@type":"ListItem","position":1,"name":"Home","item":"https:\/\/strangercam.com\/"},{"@type":"ListItem","position":2,"name":"One On One Cam"}]},{"@type":"WebSite","@id":"https:\/\/strangercam.com\/#website","url":"https:\/\/strangercam.com\/","name":"Strangercam","description":"Zuf\u00e4lliger Video-Chat mit Fremden","publisher":{"@id":"https:\/\/strangercam.com\/#organization"},"alternateName":"Strangercam.com","potentialAction":[{"@type":"SearchAction","target":{"@type":"EntryPoint","urlTemplate":"https:\/\/strangercam.com\/?s={search_term_string}"},"query-input":{"@type":"PropertyValueSpecification","valueRequired":true,"valueName":"search_term_string"}}],"inLanguage":"de"},{"@type":"Organization","@id":"https:\/\/strangercam.com\/#organization","name":"Strangercam","alternateName":"Strangercam.com","url":"https:\/\/strangercam.com\/","logo":{"@type":"ImageObject","inLanguage":"de","@id":"https:\/\/strangercam.com\/#\/schema\/logo\/image\/","url":"https:\/\/strangercam.com\/wp-content\/uploads\/2020\/11\/cropped-new-favicon-black.png","contentUrl":"https:\/\/strangercam.com\/wp-content\/uploads\/2020\/11\/cropped-new-favicon-black.png","width":512,"height":512,"caption":"Strangercam"},"image":{"@id":"https:\/\/strangercam.com\/#\/schema\/logo\/image\/"},"sameAs":["https:\/\/www.facebook.com\/strangercam","https:\/\/x.com\/strangercamapp"]}]}},"_links":{"self":[{"href":"https:\/\/strangercam.com\/de\/wp-json\/wp\/v2\/pages\/4107","targetHints":{"allow":["GET"]}}],"collection":[{"href":"https:\/\/strangercam.com\/de\/wp-json\/wp\/v2\/pages"}],"about":[{"href":"https:\/\/strangercam.com\/de\/wp-json\/wp\/v2\/types\/page"}],"author":[{"embeddable":true,"href":"https:\/\/strangercam.com\/de\/wp-json\/wp\/v2\/users\/8"}],"replies":[{"embeddable":true,"href":"https:\/\/strangercam.com\/de\/wp-json\/wp\/v2\/comments?post=4107"}],"version-history":[{"count":2,"href":"https:\/\/strangercam.com\/de\/wp-json\/wp\/v2\/pages\/4107\/revisions"}],"predecessor-version":[{"id":13012,"href":"https:\/\/strangercam.com\/de\/wp-json\/wp\/v2\/pages\/4107\/revisions\/13012"}],"wp:attachment":[{"href":"https:\/\/strangercam.com\/de\/wp-json\/wp\/v2\/media?parent=4107"}],"curies":[{"name":"wp","href":"https:\/\/api.w.org\/{rel}","templated":true}]}}