{"id":4090,"date":"2025-09-08T07:55:19","date_gmt":"2025-09-08T05:55:19","guid":{"rendered":"https:\/\/strangercam.com\/?page_id=4090"},"modified":"2025-09-08T10:00:45","modified_gmt":"2025-09-08T08:00:45","slug":"omegle-maedchen-chat","status":"publish","type":"page","link":"https:\/\/strangercam.com\/de\/omegle-girl-chat\/","title":{"rendered":"Omegle Girl Chat"},"content":{"rendered":"<p>Haben Sie gesucht nach <a href=\"https:\/\/strangercam.com\/de\/omegle\/\">Omegle<\/a> M\u00e4dchen <a href=\"https:\/\/strangercam.com\/de\/chathub\/\">Chat<\/a>? Du bist nicht allein. Jahrelang war Omegle die erste Adresse f\u00fcr zuf\u00e4llige Videochats, vor allem f\u00fcr Leute, die online M\u00e4dchen treffen und mit ihnen chatten wollten. Aber seit Omegle im Jahr 2023 geschlossen wurde, haben Millionen von Nutzern nach Alternativen gesucht, die den gleichen Nervenkitzel spontaner Verbindungen bieten - mit dem zus\u00e4tzlichen Bonus, dass sie sicherer, moderner und wirklich kostenlos sind.<\/p>\n<p>Im Jahr 2025 erm\u00f6glichen Plattformen wie StrangerCam kostenlose Online-M\u00e4dchenchats - ohne Anmeldung, ohne Downloads und ohne versteckte Geb\u00fchren. Egal, ob du auf der Suche nach Spa\u00df, einem lockeren Flirt, neuen Freunden oder einfach nur zum Zeitvertreib bist, der Omegle-Girl-Chat ist nach wie vor eine der aufregendsten M\u00f6glichkeiten, Kontakte zu kn\u00fcpfen.<\/p>\n<p>In diesem Leitfaden erfahren Sie alles, was Sie wissen m\u00fcssen: was der Omegle-M\u00e4dchen-Chat war, warum er so popul\u00e4r wurde, wie moderne Plattformen ihn ersetzt haben, auf welche Funktionen Sie achten sollten, Vergleiche der besten Alternativen, Sicherheitstipps und warum StrangerCam heute eine der besten Optionen ist.<\/p>\n<h2>Was war Omegle Girl Chat?<\/h2>\n<p>Omegle-Girl-Chat bezog sich auf die zuf\u00e4llige Video-Chat-Funktion von Omegle, bei der die Benutzer versuchen konnten, speziell mit M\u00e4dchen online in Kontakt zu treten. Omegle selbst bot keinen echten Geschlechtsfilter an, was viele NutzerInnen frustrierte. Viele \"Omegle-Girl\"-Suchen oder Hacks von Drittanbietern f\u00fchrten oft zu unzuverl\u00e4ssigen oder unsicheren Erfahrungen.<\/p>\n<p>Seit der Schlie\u00dfung von Omegle ist die Nachfrage nach einem sicheren und echten M\u00e4dchen-Chat nur gewachsen. Hier kommen Plattformen wie StrangerCam ins Spiel, die echte, kostenlose Geschlechtsfilter und bessere Sicherheitsfunktionen bieten als Omegle es je getan hat.<\/p>\n<h2>Warum suchen Menschen nach Omegle Girl Chat<\/h2>\n<p>Der Begriff \"Omegle girl chat\" wurde aus mehreren Gr\u00fcnden popul\u00e4r:<\/p>\n<ul>\n<li>Sehnsucht nach weiblichen Kontakten: Viele Nutzer wollten speziell mit Frauen chatten.<\/li>\n<li>Flirten &amp; zwangloser Spa\u00df: Omegle wurde bekannt f\u00fcr spontane, unbeschwerte Beziehungen.<\/li>\n<li>Neugierde und Unterhaltung: Neue M\u00e4dchen aus aller Welt kennenzulernen war lustig und unvorhersehbar.<\/li>\n<li>Vermeidung von Bots und F\u00e4lschungen: Die Nutzer zogen den Videochat vor, um sicher zu sein, dass sie mit echten Menschen sprechen.<\/li>\n<li>Einsamkeit: F\u00fcr viele f\u00fcllte Omegle die L\u00fccke der Langeweile und bot sofortige soziale Interaktion.<\/li>\n<\/ul>\n<h2>Wie der Omegle-M\u00e4dchen-Chat funktioniert (und seine Grenzen)<\/h2>\n<p>Die Einrichtung von Omegle war einfach:<\/p>\n<ol>\n<li>\u00d6ffnen Sie die Seite.<\/li>\n<li>Erlauben Sie den Zugriff auf Ihre Webcam und Ihr Mikrofon.<\/li>\n<li>Klicken Sie auf \"Start\" und lassen Sie sich mit einer zuf\u00e4lligen Person verbinden.<\/li>\n<li>Klicken Sie auf \"Weiter\", um fortzufahren.<\/li>\n<\/ol>\n<p>Das Problem? Omegle bot keinen funktionierenden Geschlechtsfilter an. Viele Leute, die nach \"Omegle M\u00e4dchen-Chat\" suchten, waren entt\u00e4uscht, dass sie nur zuf\u00e4llig gefunden wurden. Schlimmer noch, der Mangel an Moderation f\u00fchrte oft zu unsicheren oder unangenehmen Erfahrungen.<\/p>\n<h2>Der Aufstieg des Omegle-M\u00e4dchens Chat Alternatives<\/h2>\n<p>Seit der Schlie\u00dfung von Omegle sind bessere Plattformen aufgetaucht. Diese neuen Seiten verbessern das klassische Zufalls-Chat-Format, indem sie Folgendes bieten:<\/p>\n<ul>\n<li>Echte Gender-Filter (kostenlos oder kostenpflichtig).<\/li>\n<li>Sicherere Umgebungen mit aktiver Moderation.<\/li>\n<li>Bessere mobile Unterst\u00fctzung.<\/li>\n<li>Hochwertige Video- und Audioqualit\u00e4t.<\/li>\n<li>Wirklich freier Zugang ohne Tricks.<\/li>\n<\/ul>\n<h2>Beste Plattformen f\u00fcr Omegle Girl Chat im Jahr 2025<\/h2>\n<p>Hier sehen Sie, wie die heutigen Top-Alternativen im Vergleich aussehen:<\/p>\n<table>\n<thead>\n<tr>\n<th>Plattform<\/th>\n<th align=\"center\">Freier Zugang<\/th>\n<th align=\"center\">Gender-Filter<\/th>\n<th align=\"center\">Anmeldung erforderlich<\/th>\n<th align=\"center\">Mobile Unterst\u00fctzung<\/th>\n<th align=\"center\">Moderation<\/th>\n<th>Anmerkungen<\/th>\n<\/tr>\n<\/thead>\n<tbody>\n<tr>\n<td>StrangerCam<\/td>\n<td align=\"center\">\u2705<\/td>\n<td align=\"center\">\u2705 (Frei)<\/td>\n<td align=\"center\">\u274c<\/td>\n<td align=\"center\">\u2705<\/td>\n<td align=\"center\">\u2705<\/td>\n<td>Beste Omegle M\u00e4dchen Chat Ersatz<\/td>\n<\/tr>\n<tr>\n<td><a href=\"https:\/\/strangercam.com\/de\/chatroulette\/\">Chatroulette<\/a><\/td>\n<td align=\"center\">\u2705<\/td>\n<td align=\"center\">\u274c (Bezahlt)<\/td>\n<td align=\"center\">\u274c<\/td>\n<td align=\"center\">\u2705<\/td>\n<td align=\"center\">\u2705<\/td>\n<td>Klassische Option, aber keine freien Filter<\/td>\n<\/tr>\n<tr>\n<td>Chatrandom<\/td>\n<td align=\"center\">\u2705<\/td>\n<td align=\"center\">\u274c (Bezahlt)<\/td>\n<td align=\"center\">\u274c<\/td>\n<td align=\"center\">\u2705<\/td>\n<td align=\"center\">\u2705<\/td>\n<td>Beliebte, aber hochwertige Filter<\/td>\n<\/tr>\n<tr>\n<td>Shagle<\/td>\n<td align=\"center\">\u2705<\/td>\n<td align=\"center\">\u274c (Bezahlt)<\/td>\n<td align=\"center\">\u274c<\/td>\n<td align=\"center\">\u2705<\/td>\n<td align=\"center\">\u2705<\/td>\n<td>Upgrades f\u00fcr Filter vorantreiben<\/td>\n<\/tr>\n<tr>\n<td><a href=\"https:\/\/strangercam.com\/de\/coomeet\/\">CooMeet<\/a><\/td>\n<td align=\"center\">\u274c (Versuch)<\/td>\n<td align=\"center\">\u2705<\/td>\n<td align=\"center\">\u2705<\/td>\n<td align=\"center\">\u2705<\/td>\n<td align=\"center\">\u2705<\/td>\n<td>Bezahlte Plattform f\u00fcr das Chatten mit M\u00e4dchen<\/td>\n<\/tr>\n<tr>\n<td>LuckyCrush<\/td>\n<td align=\"center\">\u274c<\/td>\n<td align=\"center\">\u2705<\/td>\n<td align=\"center\">\u2705<\/td>\n<td align=\"center\">\u2705<\/td>\n<td align=\"center\">\u2705<\/td>\n<td>Immer bezahlt, bringt Jungs mit M\u00e4dchen zusammen<\/td>\n<\/tr>\n<\/tbody>\n<\/table>\n<p>StrangerCam ist eine der wenigen Plattformen, die kostenlosen M\u00e4dchen-Chat im Stil von Omegle mit einem funktionierenden Geschlechtsfilter und ohne Anmeldung anbietet.<\/p>\n<h2>Warum StrangerCam das beste Omegle Girl Chat Alternative ist<\/h2>\n<p>Hier ist, warum StrangerCam ist eine Top-Wahl in 2025 f\u00fcr diejenigen, die f\u00fcr Omegle M\u00e4dchen-Chat:<\/p>\n<h3>1. V\u00f6llig kostenlos &amp; unbegrenzt<\/h3>\n<p>Keine Bezahlschranken, Testversionen oder Kredite - nur kostenlose Chats.<\/p>\n<h3>2. Kostenloser Gender-Filter<\/h3>\n<p>Treffen Sie sofort M\u00e4dchen, ohne extra zu bezahlen.<\/p>\n<h3>3. Keine Anmeldung erforderlich<\/h3>\n<p>Bleiben Sie anonym und beginnen Sie in Sekundenschnelle zu chatten.<\/p>\n<h3>4. Sicher &amp; moderiert<\/h3>\n<p>Aktive Moderation macht es sicherer, als es Omegle je war.<\/p>\n<h3>5. Globale Nutzerbasis<\/h3>\n<p>Treffen Sie M\u00e4dchen aus der ganzen Welt, 24\/7.<\/p>\n<h3>6. Optimiert f\u00fcr alle Ger\u00e4te<\/h3>\n<p>Funktioniert sowohl auf dem Desktop als auch auf dem Handy reibungslos.<\/p>\n<h2>Echte Anwenderberichte<\/h2>\n<blockquote><p><em>\"Ich habe nach Omegle-Girl-Chat-Alternativen gesucht und die meisten Seiten haben versucht, mich zu belasten. StrangerCam lieferte tats\u00e4chlich kostenlose Verbindungen.\"<\/em><br \/>\n- David, 27<\/p><\/blockquote>\n<blockquote><p><em>\"Der Gender-Filter funktioniert hier perfekt. Es ist genau das, was Omegle fehlte.\"<\/em><br \/>\n- Sophia, 22<\/p><\/blockquote>\n<blockquote><p><em>\"Ich habe in weniger als einer Stunde mit M\u00e4dchen aus drei verschiedenen L\u00e4ndern Kontakt aufgenommen. Viel besser als Omegle jemals war.\"<\/em><br \/>\n- Ryan, 30<\/p><\/blockquote>\n<blockquote><p><em>\"Es f\u00fchlt sich sicherer und sauberer an als Omegle, und ich kann es sofort \u00fcberspringen, wenn ich den Chat nicht mag.\"<\/em><br \/>\n- Emma, 19<\/p><\/blockquote>\n<h2>Sicherheitstipps f\u00fcr Omegle-Style Girl Chat<\/h2>\n<p>Das Chatten mit M\u00e4dchen im Internet macht zwar Spa\u00df, aber Sicherheit ist das A und O:<\/p>\n<ul>\n<li>Geben Sie keine pers\u00f6nlichen Daten weiter (Telefon, E-Mail, Adresse).<\/li>\n<li>\u00dcberspringen oder blockieren Sie jeden, der Ihnen Unbehagen bereitet.<\/li>\n<li>Klicken Sie niemals auf verd\u00e4chtige Links.<\/li>\n<li>\u00dcberpr\u00fcfen Sie Ihren Hintergrund, bevor Sie Ihre Webcam einschalten.<\/li>\n<li>Nutzen Sie Plattform-Tools wie Berichtsfunktionen.<\/li>\n<li>Beachten Sie Altersbeschr\u00e4nkungen - wenn Sie unter 18 sind, meiden Sie Plattformen f\u00fcr Erwachsene.<\/li>\n<\/ul>\n<h2>Der Einstieg - Schritt f\u00fcr Schritt<\/h2>\n<p>Es dauert nur Sekunden, um einen M\u00e4dchen-Chat im Stil von Omegle zu starten:<\/p>\n<ol>\n<li>\u00d6ffnen Sie StrangerCam auf Ihrem Ger\u00e4t.<\/li>\n<li>Erlauben Sie den Zugriff auf Kamera und Mikrofon.<\/li>\n<li>W\u00e4hlen Sie den Geschlechtsfilter (M\u00e4dchen).<\/li>\n<li>Klicken Sie auf Chat starten, um eine sofortige Verbindung herzustellen.<\/li>\n<li>Dr\u00fccken Sie jederzeit auf Weiter, wenn Sie jemand Neues kennenlernen m\u00f6chten.<\/li>\n<\/ol>\n<p>Schnell, einfach und 100% kostenlos.<\/p>\n<p>Auch wenn es Omegle nicht mehr gibt, ist die Nachfrage nach Omegle-Girl-Chat nicht verschwunden. Tats\u00e4chlich ist sie st\u00e4rker als je zuvor. Die gute Nachricht ist, dass moderne Alternativen wie StrangerCam nicht nur Omegle ersetzen, sondern es auch verbessern - mit kostenlosen Geschlechtsfiltern, besserer Moderation und sichereren Erfahrungen.<\/p>\n<p>Wenn du online M\u00e4dchen treffen, flirten oder einfach nur zwanglos mit ihnen chatten willst, ist StrangerCam eine der besten M\u00f6glichkeiten im Jahr 2025.<\/p>\n<p>Bist du bereit, es zu versuchen? Starten Sie noch heute einen kostenlosen Girlchat im Stil von Omegle und finden Sie heraus, wen Sie als N\u00e4chstes treffen werden.<\/p>","protected":false},"excerpt":{"rendered":"<p>Have you been searching for Omegle girl chat? You\u2019re not alone. For years, Omegle was the go-to place for random video chats, especially for people looking to meet and chat with girls online. But since Omegle shut down in 2023, millions of users have been searching for alternatives that offer the same thrill of spontaneous [&hellip;]<\/p>\n","protected":false},"author":8,"featured_media":0,"parent":0,"menu_order":0,"comment_status":"closed","ping_status":"closed","template":"","meta":{"footnotes":""},"class_list":["post-4090","page","type-page","status-publish","hentry"],"yoast_head":"<!-- This site is optimized with the Yoast SEO plugin v27.4 - https:\/\/yoast.com\/product\/yoast-seo-wordpress\/ -->\n<title>Omegle Girl Chat with Video Chat on Strangercam.com<\/title>\n<meta name=\"description\" content=\"Liking Omegle Girl Chat? Join millions on StrangerCam.com! Start a random video chat, turn on your cam, and meet strangers instantly.\" \/>\n<meta name=\"robots\" content=\"index, follow, max-snippet:-1, max-image-preview:large, max-video-preview:-1\" \/>\n<link rel=\"canonical\" href=\"https:\/\/strangercam.com\/de\/omegle-maedchen-chat\/\" \/>\n<meta property=\"og:locale\" content=\"de_DE\" \/>\n<meta property=\"og:type\" content=\"article\" \/>\n<meta property=\"og:title\" content=\"Omegle Girl Chat with Video Chat on Strangercam.com\" \/>\n<meta property=\"og:description\" content=\"Liking Omegle Girl Chat? Join millions on StrangerCam.com! Start a random video chat, turn on your cam, and meet strangers instantly.\" \/>\n<meta property=\"og:url\" content=\"https:\/\/strangercam.com\/de\/omegle-maedchen-chat\/\" \/>\n<meta property=\"og:site_name\" content=\"Strangercam\" \/>\n<meta property=\"article:publisher\" content=\"https:\/\/www.facebook.com\/strangercam\" \/>\n<meta property=\"article:modified_time\" content=\"2025-09-08T08:00:45+00:00\" \/>\n<meta property=\"og:image\" content=\"https:\/\/strangercam.com\/wp-content\/uploads\/2021\/10\/Untitled-2.png\" \/>\n\t<meta property=\"og:image:width\" content=\"800\" \/>\n\t<meta property=\"og:image:height\" content=\"532\" \/>\n\t<meta property=\"og:image:type\" content=\"image\/png\" \/>\n<meta name=\"twitter:card\" content=\"summary_large_image\" \/>\n<meta name=\"twitter:site\" content=\"@strangercamapp\" \/>\n<meta name=\"twitter:label1\" content=\"Gesch\u00e4tzte Lesezeit\" \/>\n\t<meta name=\"twitter:data1\" content=\"4\u00a0Minuten\" \/>\n<script type=\"application\/ld+json\" class=\"yoast-schema-graph\">{\"@context\":\"https:\\\/\\\/schema.org\",\"@graph\":[{\"@type\":\"WebPage\",\"@id\":\"https:\\\/\\\/strangercam.com\\\/omegle-girl-chat\\\/\",\"url\":\"https:\\\/\\\/strangercam.com\\\/omegle-girl-chat\\\/\",\"name\":\"Omegle Girl Chat with Video Chat on Strangercam.com\",\"isPartOf\":{\"@id\":\"https:\\\/\\\/strangercam.com\\\/#website\"},\"datePublished\":\"2025-09-08T05:55:19+00:00\",\"dateModified\":\"2025-09-08T08:00:45+00:00\",\"description\":\"Liking Omegle Girl Chat? Join millions on StrangerCam.com! Start a random video chat, turn on your cam, and meet strangers instantly.\",\"breadcrumb\":{\"@id\":\"https:\\\/\\\/strangercam.com\\\/omegle-girl-chat\\\/#breadcrumb\"},\"inLanguage\":\"de\",\"potentialAction\":[{\"@type\":\"ReadAction\",\"target\":[\"https:\\\/\\\/strangercam.com\\\/omegle-girl-chat\\\/\"]}]},{\"@type\":\"BreadcrumbList\",\"@id\":\"https:\\\/\\\/strangercam.com\\\/omegle-girl-chat\\\/#breadcrumb\",\"itemListElement\":[{\"@type\":\"ListItem\",\"position\":1,\"name\":\"Home\",\"item\":\"https:\\\/\\\/strangercam.com\\\/\"},{\"@type\":\"ListItem\",\"position\":2,\"name\":\"Omegle Girl Chat\"}]},{\"@type\":\"WebSite\",\"@id\":\"https:\\\/\\\/strangercam.com\\\/#website\",\"url\":\"https:\\\/\\\/strangercam.com\\\/\",\"name\":\"Strangercam\",\"description\":\"Random Video Chat with Strangers\",\"publisher\":{\"@id\":\"https:\\\/\\\/strangercam.com\\\/#organization\"},\"alternateName\":\"Strangercam.com\",\"potentialAction\":[{\"@type\":\"SearchAction\",\"target\":{\"@type\":\"EntryPoint\",\"urlTemplate\":\"https:\\\/\\\/strangercam.com\\\/?s={search_term_string}\"},\"query-input\":{\"@type\":\"PropertyValueSpecification\",\"valueRequired\":true,\"valueName\":\"search_term_string\"}}],\"inLanguage\":\"de\"},{\"@type\":\"Organization\",\"@id\":\"https:\\\/\\\/strangercam.com\\\/#organization\",\"name\":\"Strangercam\",\"alternateName\":\"Strangercam.com\",\"url\":\"https:\\\/\\\/strangercam.com\\\/\",\"logo\":{\"@type\":\"ImageObject\",\"inLanguage\":\"de\",\"@id\":\"https:\\\/\\\/strangercam.com\\\/#\\\/schema\\\/logo\\\/image\\\/\",\"url\":\"https:\\\/\\\/strangercam.com\\\/wp-content\\\/uploads\\\/2020\\\/11\\\/cropped-new-favicon-black.png\",\"contentUrl\":\"https:\\\/\\\/strangercam.com\\\/wp-content\\\/uploads\\\/2020\\\/11\\\/cropped-new-favicon-black.png\",\"width\":512,\"height\":512,\"caption\":\"Strangercam\"},\"image\":{\"@id\":\"https:\\\/\\\/strangercam.com\\\/#\\\/schema\\\/logo\\\/image\\\/\"},\"sameAs\":[\"https:\\\/\\\/www.facebook.com\\\/strangercam\",\"https:\\\/\\\/x.com\\\/strangercamapp\"]}]}<\/script>\n<!-- \/ Yoast SEO plugin. -->","yoast_head_json":{"title":"Omegle Girl Chat mit Video Chat auf Strangercam.com","description":"Gef\u00e4llt dir Omegle Girl Chat? Join Millionen auf StrangerCam.com! Starten Sie einen zuf\u00e4lligen Video-Chat, schalten Sie Ihre Cam ein und treffen Sie sofort Fremde.","robots":{"index":"index","follow":"follow","max-snippet":"max-snippet:-1","max-image-preview":"max-image-preview:large","max-video-preview":"max-video-preview:-1"},"canonical":"https:\/\/strangercam.com\/de\/omegle-maedchen-chat\/","og_locale":"de_DE","og_type":"article","og_title":"Omegle Girl Chat with Video Chat on Strangercam.com","og_description":"Liking Omegle Girl Chat? Join millions on StrangerCam.com! Start a random video chat, turn on your cam, and meet strangers instantly.","og_url":"https:\/\/strangercam.com\/de\/omegle-maedchen-chat\/","og_site_name":"Strangercam","article_publisher":"https:\/\/www.facebook.com\/strangercam","article_modified_time":"2025-09-08T08:00:45+00:00","og_image":[{"width":800,"height":532,"url":"https:\/\/strangercam.com\/wp-content\/uploads\/2021\/10\/Untitled-2.png","type":"image\/png"}],"twitter_card":"summary_large_image","twitter_site":"@strangercamapp","twitter_misc":{"Gesch\u00e4tzte Lesezeit":"4\u00a0Minuten"},"schema":{"@context":"https:\/\/schema.org","@graph":[{"@type":"WebPage","@id":"https:\/\/strangercam.com\/omegle-girl-chat\/","url":"https:\/\/strangercam.com\/omegle-girl-chat\/","name":"Omegle Girl Chat mit Video Chat auf Strangercam.com","isPartOf":{"@id":"https:\/\/strangercam.com\/#website"},"datePublished":"2025-09-08T05:55:19+00:00","dateModified":"2025-09-08T08:00:45+00:00","description":"Gef\u00e4llt dir Omegle Girl Chat? Join Millionen auf StrangerCam.com! Starten Sie einen zuf\u00e4lligen Video-Chat, schalten Sie Ihre Cam ein und treffen Sie sofort Fremde.","breadcrumb":{"@id":"https:\/\/strangercam.com\/omegle-girl-chat\/#breadcrumb"},"inLanguage":"de","potentialAction":[{"@type":"ReadAction","target":["https:\/\/strangercam.com\/omegle-girl-chat\/"]}]},{"@type":"BreadcrumbList","@id":"https:\/\/strangercam.com\/omegle-girl-chat\/#breadcrumb","itemListElement":[{"@type":"ListItem","position":1,"name":"Home","item":"https:\/\/strangercam.com\/"},{"@type":"ListItem","position":2,"name":"Omegle Girl Chat"}]},{"@type":"WebSite","@id":"https:\/\/strangercam.com\/#website","url":"https:\/\/strangercam.com\/","name":"Strangercam","description":"Zuf\u00e4lliger Video-Chat mit Fremden","publisher":{"@id":"https:\/\/strangercam.com\/#organization"},"alternateName":"Strangercam.com","potentialAction":[{"@type":"SearchAction","target":{"@type":"EntryPoint","urlTemplate":"https:\/\/strangercam.com\/?s={search_term_string}"},"query-input":{"@type":"PropertyValueSpecification","valueRequired":true,"valueName":"search_term_string"}}],"inLanguage":"de"},{"@type":"Organization","@id":"https:\/\/strangercam.com\/#organization","name":"Strangercam","alternateName":"Strangercam.com","url":"https:\/\/strangercam.com\/","logo":{"@type":"ImageObject","inLanguage":"de","@id":"https:\/\/strangercam.com\/#\/schema\/logo\/image\/","url":"https:\/\/strangercam.com\/wp-content\/uploads\/2020\/11\/cropped-new-favicon-black.png","contentUrl":"https:\/\/strangercam.com\/wp-content\/uploads\/2020\/11\/cropped-new-favicon-black.png","width":512,"height":512,"caption":"Strangercam"},"image":{"@id":"https:\/\/strangercam.com\/#\/schema\/logo\/image\/"},"sameAs":["https:\/\/www.facebook.com\/strangercam","https:\/\/x.com\/strangercamapp"]}]}},"_links":{"self":[{"href":"https:\/\/strangercam.com\/de\/wp-json\/wp\/v2\/pages\/4090","targetHints":{"allow":["GET"]}}],"collection":[{"href":"https:\/\/strangercam.com\/de\/wp-json\/wp\/v2\/pages"}],"about":[{"href":"https:\/\/strangercam.com\/de\/wp-json\/wp\/v2\/types\/page"}],"author":[{"embeddable":true,"href":"https:\/\/strangercam.com\/de\/wp-json\/wp\/v2\/users\/8"}],"replies":[{"embeddable":true,"href":"https:\/\/strangercam.com\/de\/wp-json\/wp\/v2\/comments?post=4090"}],"version-history":[{"count":1,"href":"https:\/\/strangercam.com\/de\/wp-json\/wp\/v2\/pages\/4090\/revisions"}],"predecessor-version":[{"id":13007,"href":"https:\/\/strangercam.com\/de\/wp-json\/wp\/v2\/pages\/4090\/revisions\/13007"}],"wp:attachment":[{"href":"https:\/\/strangercam.com\/de\/wp-json\/wp\/v2\/media?parent=4090"}],"curies":[{"name":"wp","href":"https:\/\/api.w.org\/{rel}","templated":true}]}}