{"id":4056,"date":"2025-09-03T11:50:30","date_gmt":"2025-09-03T09:50:30","guid":{"rendered":"https:\/\/strangercam.com\/?page_id=4056"},"modified":"2025-09-03T13:46:31","modified_gmt":"2025-09-03T11:46:31","slug":"videochat-mit-fremden","status":"publish","type":"page","link":"https:\/\/strangercam.com\/de\/stranger-video-chat\/","title":{"rendered":"Fremder Video Chat"},"content":{"rendered":"<p>Sind Sie auf der Suche nach dem besten Weg, ein fremdes Video zu genie\u00dfen? <a href=\"https:\/\/strangercam.com\/de\/chathub\/\">Chat<\/a>? Sie sind nicht der Einzige. Jeden Tag nutzen Millionen von Menschen Live-Videochat-Plattformen, um sofort mit Fremden in Kontakt zu treten. Im Gegensatz zu Dating-Apps oder sozialen Netzwerken, die oft inszeniert wirken oder viel Zeit in Anspruch nehmen, ist der Videochat mit Fremden spontan, authentisch und echt.<\/p>\n<p>Mit modernen Plattformen wie StrangerCam k\u00f6nnen Sie sofort einen kostenlosen Fremden-Videochat starten - ohne Anmeldung, ohne Downloads und ohne versteckte Geb\u00fchren. Egal, ob Sie neue Freunde finden, flirten, eine Sprache \u00fcben oder einfach nur die Langeweile vertreiben wollen, der Videochat mit Fremden ist eine der aufregendsten und unvorhersehbarsten Online-Erfahrungen im Jahr 2025.<\/p>\n<p>In diesem Leitfaden erf\u00e4hrst du alles, was du wissen musst: was ein Fremden-Videochat ist, warum er so beliebt ist, wie er funktioniert, welche Funktionen am wichtigsten sind, ein Vergleich der wichtigsten Plattformen, Sicherheitstipps und warum StrangerCam eine der besten Optionen ist, die es derzeit gibt.<\/p>\n<h2>Was ist Stranger Video Chat?<\/h2>\n<p>Der Stranger-Videochat ist ein Online-Dienst, der es Ihnen erm\u00f6glicht, mit Hilfe Ihrer Webcam und Ihres Mikrofons \u00fcber Live-Videoanrufe sofort mit zuf\u00e4lligen Personen in Verbindung zu treten. Der \"Fremde\"-Aspekt bedeutet, dass Sie nicht wissen, wen Sie treffen werden, bis die Verbindung hergestellt ist.<\/p>\n<p>Im Gegensatz zu Text-Chatrooms bieten Videoanrufe ein authentischeres Erlebnis, da Sie die Person in Echtzeit sehen und h\u00f6ren k\u00f6nnen. Wenn Ihnen der Chat nicht gef\u00e4llt, k\u00f6nnen Sie einfach auf \"Weiter\" klicken, um sofort mit einer anderen Person verbunden zu werden.<\/p>\n<h2>Warum Menschen lieben Free Stranger Video Chat<\/h2>\n<p>Die Beliebtheit des kostenlosen Videochats mit Fremden hat mehrere Hauptgr\u00fcnde:<\/p>\n<ul>\n<li>Spontaneit\u00e4t: Jeder Chat ist anders und unvorhersehbar.<\/li>\n<li>Authentizit\u00e4t: Das Video beweist, dass es sich um eine echte Person handelt und nicht um einen Bot oder ein gef\u00e4lschtes Konto.<\/li>\n<li>Keine Bindung: Keine Konten, keine Downloads - nur sofortige Chats.<\/li>\n<li>Globale Reichweite: Treffen Sie jederzeit Fremde aus der ganzen Welt.<\/li>\n<li>Unterhaltung: Hervorragend geeignet, um sich die Zeit zu vertreiben, Freundschaften zu schlie\u00dfen oder unbeschwert zu flirten.<\/li>\n<li>Sofortige Befriedigung: Kein Warten auf Antworten - Verbindungen werden sofort hergestellt.<\/li>\n<\/ul>\n<h2>Wie funktioniert Stranger Video Chat?<\/h2>\n<p>Der Einstieg in einen Videochat mit Fremden ist einfach:<\/p>\n<ol>\n<li>\u00d6ffnen Sie die Plattform auf Ihrem Handy oder Computer.<\/li>\n<li>Erlauben Sie den Zugriff auf Kamera und Mikrofon.<\/li>\n<li>Klicken Sie auf \"Chat starten\".<\/li>\n<li>Sprechen Sie sofort von Angesicht zu Angesicht mit einem zuf\u00e4lligen Fremden.<\/li>\n<li>Klicken Sie jederzeit auf \"Weiter\", um zu einer neuen Person zu wechseln.<\/li>\n<\/ol>\n<p>Einige Plattformen bieten auch erweiterte Funktionen wie geschlechtsspezifische Filter, Standortpr\u00e4ferenzen und \u00dcbersetzungen im Chat.<\/p>\n<h2>Die wichtigsten Merkmale, auf die Sie achten sollten<\/h2>\n<p>Nicht alle Videochat-Plattformen f\u00fcr Fremde sind gleich. Hier ist, worauf Sie achten sollten:<\/p>\n<h3>1. Freier Zugang ohne Tricks<\/h3>\n<p>Einige Plattformen werben damit, dass sie kostenlos sind, sperren aber die wichtigsten Funktionen hinter Bezahlschranken. W\u00e4hlen Sie eine Website, die unbegrenzte kostenlose Nutzung bietet.<\/p>\n<h3>2. Keine Anmeldung erforderlich<\/h3>\n<p>Bleiben Sie anonym und chatten Sie sofort, ohne ein Konto zu erstellen.<\/p>\n<h3>3. Filter f\u00fcr Geschlecht und Ort<\/h3>\n<p>Hilfreich, um die Art von Menschen zu finden, mit denen Sie chatten m\u00f6chten.<\/p>\n<h3>4. Starke M\u00e4\u00dfigung<\/h3>\n<p>Plattformen mit Berichterstattungsinstrumenten und Moderation sorgen f\u00fcr ein sichereres Erlebnis.<\/p>\n<h3>5. Handy-freundliches Design<\/h3>\n<p>Sie sollten in der Lage sein, sowohl auf dem Desktop als auch auf dem Handy reibungslos zu chatten.<\/p>\n<h3>6. Hochwertiges Video und Audio<\/h3>\n<p>Klare, zuverl\u00e4ssige Verbindungen sorgen f\u00fcr angenehme Unterhaltungen.<\/p>\n<h2>Beste Video-Chat-Plattformen f\u00fcr Fremde im Jahr 2025<\/h2>\n<p>Hier ist ein Vergleich der beliebtesten Videochat-Plattformen f\u00fcr Fremde:<\/p>\n<table>\n<thead>\n<tr>\n<th>Plattform<\/th>\n<th align=\"center\">Freier Zugang<\/th>\n<th align=\"center\">Gender-Filter<\/th>\n<th align=\"center\">Anmeldung erforderlich<\/th>\n<th align=\"center\">Mobile Unterst\u00fctzung<\/th>\n<th align=\"center\">Moderation<\/th>\n<th>Anmerkungen<\/th>\n<\/tr>\n<\/thead>\n<tbody>\n<tr>\n<td>StrangerCam<\/td>\n<td align=\"center\">\u2705<\/td>\n<td align=\"center\">\u2705 (Frei)<\/td>\n<td align=\"center\">\u274c<\/td>\n<td align=\"center\">\u2705<\/td>\n<td align=\"center\">\u2705<\/td>\n<td>Beste Gesamtauswahl, unbegrenzt und sicher<\/td>\n<\/tr>\n<tr>\n<td><a href=\"https:\/\/strangercam.com\/de\/chatroulette\/\">Chatroulette<\/a><\/td>\n<td align=\"center\">\u2705<\/td>\n<td align=\"center\">\u274c (Bezahlt)<\/td>\n<td align=\"center\">\u274c<\/td>\n<td align=\"center\">\u2705<\/td>\n<td align=\"center\">\u2705<\/td>\n<td>Klassische Plattform, aber Filterkosten<\/td>\n<\/tr>\n<tr>\n<td>Chatrandom<\/td>\n<td align=\"center\">\u2705<\/td>\n<td align=\"center\">\u274c (Bezahlt)<\/td>\n<td align=\"center\">\u274c<\/td>\n<td align=\"center\">\u2705<\/td>\n<td align=\"center\">\u2705<\/td>\n<td>Gro\u00dfer Nutzerstamm, Upgrades erforderlich<\/td>\n<\/tr>\n<tr>\n<td><a href=\"https:\/\/strangercam.com\/de\/ometv\/\">OmeTV<\/a><\/td>\n<td align=\"center\">\u2705<\/td>\n<td align=\"center\">\u274c<\/td>\n<td align=\"center\">\u274c<\/td>\n<td align=\"center\">\u2705<\/td>\n<td align=\"center\">\u2705<\/td>\n<td>Nur nach dem Zufallsprinzip, mobile App verf\u00fcgbar<\/td>\n<\/tr>\n<tr>\n<td>Shagle<\/td>\n<td align=\"center\">\u2705<\/td>\n<td align=\"center\">\u274c (Bezahlt)<\/td>\n<td align=\"center\">\u274c<\/td>\n<td align=\"center\">\u2705<\/td>\n<td align=\"center\">\u2705<\/td>\n<td>Viele Funktionen sind kostenpflichtig<\/td>\n<\/tr>\n<tr>\n<td><a href=\"https:\/\/strangercam.com\/de\/coomeet\/\">CooMeet<\/a><\/td>\n<td align=\"center\">\u274c (Versuch)<\/td>\n<td align=\"center\">\u2705<\/td>\n<td align=\"center\">\u2705<\/td>\n<td align=\"center\">\u2705<\/td>\n<td align=\"center\">\u2705<\/td>\n<td>Bezahlt nach kurzer Probezeit<\/td>\n<\/tr>\n<tr>\n<td>LuckyCrush<\/td>\n<td align=\"center\">\u274c<\/td>\n<td align=\"center\">\u2705<\/td>\n<td align=\"center\">\u2705<\/td>\n<td align=\"center\">\u2705<\/td>\n<td align=\"center\">\u2705<\/td>\n<td>Immer bezahlt, geschlechtsspezifisches Matching<\/td>\n<\/tr>\n<\/tbody>\n<\/table>\n<p>StrangerCam ist eine der wenigen Plattformen, die einen kostenlosen Videochat mit Fremden anbietet, mit einem funktionierenden Geschlechtsfilter, ohne Registrierung und mit unbegrenzter Nutzung.<\/p>\n<h2>Warum StrangerCam die beste Wahl ist<\/h2>\n<p>Hier ist, warum StrangerCam ist eine der Top-Optionen f\u00fcr Fremde Video-Chat im Jahr 2025:<\/p>\n<h3>1. 100% Frei<\/h3>\n<p>Unbegrenzte Chats ohne versteckte Kosten.<\/p>\n<h3>2. Kostenloser Gender-Filter<\/h3>\n<p>Treffen Sie Jungs, M\u00e4dchen oder beides, ohne extra zu bezahlen.<\/p>\n<h3>3. Keine Anmeldung erforderlich<\/h3>\n<p>Bleiben Sie anonym und stellen Sie sofort eine Verbindung her.<\/p>\n<h3>4. Sicher &amp; moderiert<\/h3>\n<p>Eine solide Moderation sorgt f\u00fcr ein sauberes und freundliches Umfeld.<\/p>\n<h3>5. Globale Nutzerbasis<\/h3>\n<p>Treffen Sie Menschen aus \u00fcber 100 L\u00e4ndern, 24\/7.<\/p>\n<h3>6. Funktioniert \u00fcberall<\/h3>\n<p>Optimiert f\u00fcr Handy, Tablet und Desktop.<\/p>\n<h2>Echte Anwenderberichte<\/h2>\n<blockquote><p><em>\"Ich wollte einfach nur einen Videochat mit Fremden, der mich nicht zum Zahlen zwingt. StrangerCam war die erste Seite, die wirklich kostenlos war.\"<\/em><br \/>\n- Liam, 25<\/p><\/blockquote>\n<blockquote><p><em>\"Der Gender-Filter ist kostenlos und funktioniert perfekt. Andere Seiten versuchen immer, daf\u00fcr Geld zu verlangen.\"<\/em><br \/>\n- Sophia, 23<\/p><\/blockquote>\n<blockquote><p><em>\"Ich habe an einem Abend Kontakte zu Menschen aus f\u00fcnf verschiedenen L\u00e4ndern gekn\u00fcpft. Es macht s\u00fcchtig, aber es macht so viel Spa\u00df.\"<\/em><br \/>\n- Ryan, 30<\/p><\/blockquote>\n<blockquote><p><em>\"Es f\u00fchlt sich sicherer an als andere Chat-Seiten, die ich ausprobiert habe. StrangerCam hat eine bessere Moderation und eine freundliche Atmosph\u00e4re.\"<\/em><br \/>\n- Emma, 21<\/p><\/blockquote>\n<h2>Sicherheitstipps f\u00fcr Videochats mit Fremden<\/h2>\n<p>Auch wenn Videochats mit Fremden Spa\u00df machen, sollte die Sicherheit immer an erster Stelle stehen:<\/p>\n<ul>\n<li>Geben Sie keine pers\u00f6nlichen Daten weiter (Telefon, E-Mail, Adresse).<\/li>\n<li>\u00dcberspringen oder blockieren Sie jeden, der Ihnen Unbehagen bereitet.<\/li>\n<li>Vermeiden Sie es, auf verd\u00e4chtige Links zu klicken.<\/li>\n<li>\u00dcberpr\u00fcfen Sie den Hintergrund Ihrer Webcam, bevor Sie einen Anruf t\u00e4tigen.<\/li>\n<li>Verwenden Sie bei Bedarf Berichtstools.<\/li>\n<li>Beachten Sie die Altersvorschriften - wenn Sie unter 18 sind, meiden Sie Chat-Plattformen f\u00fcr Erwachsene.<\/li>\n<\/ul>\n<h2>Der Einstieg - Schritt f\u00fcr Schritt<\/h2>\n<p>Es dauert weniger als eine Minute, um einen Videochat mit einem Fremden zu beginnen:<\/p>\n<ol>\n<li>\u00d6ffnen Sie StrangerCam auf Ihrem Ger\u00e4t.<\/li>\n<li>Erlauben Sie den Zugriff auf Kamera und Mikrofon.<\/li>\n<li>W\u00e4hlen Sie Pr\u00e4ferenzen (z. B. Geschlechtsfilter).<\/li>\n<li>Klicken Sie auf Chat starten, um eine sofortige Verbindung herzustellen.<\/li>\n<li>Sie k\u00f6nnen jederzeit auf Weiter dr\u00fccken, um ein neues Gespr\u00e4ch zu beginnen.<\/li>\n<\/ol>\n<p>Einfach, schnell und v\u00f6llig kostenlos.<\/p>\n<h2>Abschlie\u00dfende Gedanken - Probieren Sie den kostenlosen Stranger Video Chat noch heute aus<\/h2>\n<p>Im Jahr 2025 ist der Videochat mit Fremden eine der aufregendsten und authentischsten M\u00f6glichkeiten, online neue Leute kennenzulernen. Er ist spontan, macht Spa\u00df und erm\u00f6glicht Ihnen sofortige Verbindungen mit echten Menschen auf der ganzen Welt.<\/p>\n<p>Nicht jede Plattform bietet das - viele verstecken Filter hinter Bezahlschranken oder sind voll mit Bots. Deshalb ist StrangerCam die beste Wahl: Es ist kostenlos, anonym, sicher und rund um die Uhr mit Menschen aktiv, die bereit sind zu chatten.<\/p>\n<p>Sind Sie bereit, es zu erleben? Starten Sie noch heute einen kostenlosen Fremden-Videochat und sehen Sie, wen Sie als N\u00e4chstes treffen werden.<\/p>","protected":false},"excerpt":{"rendered":"<p>Are you searching for the best way to enjoy a stranger video chat? You\u2019re not the only one. Every day, millions of people turn to live video chat platforms to connect with strangers instantly. Unlike dating apps or social networks, which often feel staged or take time, stranger video chat is spontaneous, authentic, and real. [&hellip;]<\/p>\n","protected":false},"author":8,"featured_media":0,"parent":0,"menu_order":0,"comment_status":"closed","ping_status":"closed","template":"","meta":{"footnotes":""},"class_list":["post-4056","page","type-page","status-publish","hentry"],"yoast_head":"<!-- This site is optimized with the Yoast SEO plugin v27.4 - https:\/\/yoast.com\/product\/yoast-seo-wordpress\/ -->\n<title>Stranger Video Chat with Video Chat on Strangercam.com<\/title>\n<meta name=\"description\" content=\"Liking Stranger Video Chat? Join millions on StrangerCam.com! Start a random video chat, turn on your cam, and meet strangers instantly.\" \/>\n<meta name=\"robots\" content=\"index, follow, max-snippet:-1, max-image-preview:large, max-video-preview:-1\" \/>\n<link rel=\"canonical\" href=\"https:\/\/strangercam.com\/de\/videochat-mit-fremden\/\" \/>\n<meta property=\"og:locale\" content=\"de_DE\" \/>\n<meta property=\"og:type\" content=\"article\" \/>\n<meta property=\"og:title\" content=\"Stranger Video Chat with Video Chat on Strangercam.com\" \/>\n<meta property=\"og:description\" content=\"Liking Stranger Video Chat? Join millions on StrangerCam.com! Start a random video chat, turn on your cam, and meet strangers instantly.\" \/>\n<meta property=\"og:url\" content=\"https:\/\/strangercam.com\/de\/videochat-mit-fremden\/\" \/>\n<meta property=\"og:site_name\" content=\"Strangercam\" \/>\n<meta property=\"article:publisher\" content=\"https:\/\/www.facebook.com\/strangercam\" \/>\n<meta property=\"article:modified_time\" content=\"2025-09-03T11:46:31+00:00\" \/>\n<meta property=\"og:image\" content=\"https:\/\/strangercam.com\/wp-content\/uploads\/2021\/10\/Untitled-2.png\" \/>\n\t<meta property=\"og:image:width\" content=\"800\" \/>\n\t<meta property=\"og:image:height\" content=\"532\" \/>\n\t<meta property=\"og:image:type\" content=\"image\/png\" \/>\n<meta name=\"twitter:card\" content=\"summary_large_image\" \/>\n<meta name=\"twitter:site\" content=\"@strangercamapp\" \/>\n<meta name=\"twitter:label1\" content=\"Gesch\u00e4tzte Lesezeit\" \/>\n\t<meta name=\"twitter:data1\" content=\"4\u00a0Minuten\" \/>\n<script type=\"application\/ld+json\" class=\"yoast-schema-graph\">{\"@context\":\"https:\\\/\\\/schema.org\",\"@graph\":[{\"@type\":\"WebPage\",\"@id\":\"https:\\\/\\\/strangercam.com\\\/stranger-video-chat\\\/\",\"url\":\"https:\\\/\\\/strangercam.com\\\/stranger-video-chat\\\/\",\"name\":\"Stranger Video Chat with Video Chat on Strangercam.com\",\"isPartOf\":{\"@id\":\"https:\\\/\\\/strangercam.com\\\/#website\"},\"datePublished\":\"2025-09-03T09:50:30+00:00\",\"dateModified\":\"2025-09-03T11:46:31+00:00\",\"description\":\"Liking Stranger Video Chat? Join millions on StrangerCam.com! Start a random video chat, turn on your cam, and meet strangers instantly.\",\"breadcrumb\":{\"@id\":\"https:\\\/\\\/strangercam.com\\\/stranger-video-chat\\\/#breadcrumb\"},\"inLanguage\":\"de\",\"potentialAction\":[{\"@type\":\"ReadAction\",\"target\":[\"https:\\\/\\\/strangercam.com\\\/stranger-video-chat\\\/\"]}]},{\"@type\":\"BreadcrumbList\",\"@id\":\"https:\\\/\\\/strangercam.com\\\/stranger-video-chat\\\/#breadcrumb\",\"itemListElement\":[{\"@type\":\"ListItem\",\"position\":1,\"name\":\"Home\",\"item\":\"https:\\\/\\\/strangercam.com\\\/\"},{\"@type\":\"ListItem\",\"position\":2,\"name\":\"Stranger Video Chat\"}]},{\"@type\":\"WebSite\",\"@id\":\"https:\\\/\\\/strangercam.com\\\/#website\",\"url\":\"https:\\\/\\\/strangercam.com\\\/\",\"name\":\"Strangercam\",\"description\":\"Random Video Chat with Strangers\",\"publisher\":{\"@id\":\"https:\\\/\\\/strangercam.com\\\/#organization\"},\"alternateName\":\"Strangercam.com\",\"potentialAction\":[{\"@type\":\"SearchAction\",\"target\":{\"@type\":\"EntryPoint\",\"urlTemplate\":\"https:\\\/\\\/strangercam.com\\\/?s={search_term_string}\"},\"query-input\":{\"@type\":\"PropertyValueSpecification\",\"valueRequired\":true,\"valueName\":\"search_term_string\"}}],\"inLanguage\":\"de\"},{\"@type\":\"Organization\",\"@id\":\"https:\\\/\\\/strangercam.com\\\/#organization\",\"name\":\"Strangercam\",\"alternateName\":\"Strangercam.com\",\"url\":\"https:\\\/\\\/strangercam.com\\\/\",\"logo\":{\"@type\":\"ImageObject\",\"inLanguage\":\"de\",\"@id\":\"https:\\\/\\\/strangercam.com\\\/#\\\/schema\\\/logo\\\/image\\\/\",\"url\":\"https:\\\/\\\/strangercam.com\\\/wp-content\\\/uploads\\\/2020\\\/11\\\/cropped-new-favicon-black.png\",\"contentUrl\":\"https:\\\/\\\/strangercam.com\\\/wp-content\\\/uploads\\\/2020\\\/11\\\/cropped-new-favicon-black.png\",\"width\":512,\"height\":512,\"caption\":\"Strangercam\"},\"image\":{\"@id\":\"https:\\\/\\\/strangercam.com\\\/#\\\/schema\\\/logo\\\/image\\\/\"},\"sameAs\":[\"https:\\\/\\\/www.facebook.com\\\/strangercam\",\"https:\\\/\\\/x.com\\\/strangercamapp\"]}]}<\/script>\n<!-- \/ Yoast SEO plugin. -->","yoast_head_json":{"title":"Fremder Video Chat mit Video Chat auf Strangercam.com","description":"Gef\u00e4llt dir Stranger Video Chat? Join Millionen auf StrangerCam.com! Starten Sie einen zuf\u00e4lligen Video-Chat, schalten Sie Ihre Kamera ein und treffen Sie sofort Fremde.","robots":{"index":"index","follow":"follow","max-snippet":"max-snippet:-1","max-image-preview":"max-image-preview:large","max-video-preview":"max-video-preview:-1"},"canonical":"https:\/\/strangercam.com\/de\/videochat-mit-fremden\/","og_locale":"de_DE","og_type":"article","og_title":"Stranger Video Chat with Video Chat on Strangercam.com","og_description":"Liking Stranger Video Chat? Join millions on StrangerCam.com! Start a random video chat, turn on your cam, and meet strangers instantly.","og_url":"https:\/\/strangercam.com\/de\/videochat-mit-fremden\/","og_site_name":"Strangercam","article_publisher":"https:\/\/www.facebook.com\/strangercam","article_modified_time":"2025-09-03T11:46:31+00:00","og_image":[{"width":800,"height":532,"url":"https:\/\/strangercam.com\/wp-content\/uploads\/2021\/10\/Untitled-2.png","type":"image\/png"}],"twitter_card":"summary_large_image","twitter_site":"@strangercamapp","twitter_misc":{"Gesch\u00e4tzte Lesezeit":"4\u00a0Minuten"},"schema":{"@context":"https:\/\/schema.org","@graph":[{"@type":"WebPage","@id":"https:\/\/strangercam.com\/stranger-video-chat\/","url":"https:\/\/strangercam.com\/stranger-video-chat\/","name":"Fremder Video Chat mit Video Chat auf Strangercam.com","isPartOf":{"@id":"https:\/\/strangercam.com\/#website"},"datePublished":"2025-09-03T09:50:30+00:00","dateModified":"2025-09-03T11:46:31+00:00","description":"Gef\u00e4llt dir Stranger Video Chat? Join Millionen auf StrangerCam.com! Starten Sie einen zuf\u00e4lligen Video-Chat, schalten Sie Ihre Kamera ein und treffen Sie sofort Fremde.","breadcrumb":{"@id":"https:\/\/strangercam.com\/stranger-video-chat\/#breadcrumb"},"inLanguage":"de","potentialAction":[{"@type":"ReadAction","target":["https:\/\/strangercam.com\/stranger-video-chat\/"]}]},{"@type":"BreadcrumbList","@id":"https:\/\/strangercam.com\/stranger-video-chat\/#breadcrumb","itemListElement":[{"@type":"ListItem","position":1,"name":"Home","item":"https:\/\/strangercam.com\/"},{"@type":"ListItem","position":2,"name":"Stranger Video Chat"}]},{"@type":"WebSite","@id":"https:\/\/strangercam.com\/#website","url":"https:\/\/strangercam.com\/","name":"Strangercam","description":"Zuf\u00e4lliger Video-Chat mit Fremden","publisher":{"@id":"https:\/\/strangercam.com\/#organization"},"alternateName":"Strangercam.com","potentialAction":[{"@type":"SearchAction","target":{"@type":"EntryPoint","urlTemplate":"https:\/\/strangercam.com\/?s={search_term_string}"},"query-input":{"@type":"PropertyValueSpecification","valueRequired":true,"valueName":"search_term_string"}}],"inLanguage":"de"},{"@type":"Organization","@id":"https:\/\/strangercam.com\/#organization","name":"Strangercam","alternateName":"Strangercam.com","url":"https:\/\/strangercam.com\/","logo":{"@type":"ImageObject","inLanguage":"de","@id":"https:\/\/strangercam.com\/#\/schema\/logo\/image\/","url":"https:\/\/strangercam.com\/wp-content\/uploads\/2020\/11\/cropped-new-favicon-black.png","contentUrl":"https:\/\/strangercam.com\/wp-content\/uploads\/2020\/11\/cropped-new-favicon-black.png","width":512,"height":512,"caption":"Strangercam"},"image":{"@id":"https:\/\/strangercam.com\/#\/schema\/logo\/image\/"},"sameAs":["https:\/\/www.facebook.com\/strangercam","https:\/\/x.com\/strangercamapp"]}]}},"_links":{"self":[{"href":"https:\/\/strangercam.com\/de\/wp-json\/wp\/v2\/pages\/4056","targetHints":{"allow":["GET"]}}],"collection":[{"href":"https:\/\/strangercam.com\/de\/wp-json\/wp\/v2\/pages"}],"about":[{"href":"https:\/\/strangercam.com\/de\/wp-json\/wp\/v2\/types\/page"}],"author":[{"embeddable":true,"href":"https:\/\/strangercam.com\/de\/wp-json\/wp\/v2\/users\/8"}],"replies":[{"embeddable":true,"href":"https:\/\/strangercam.com\/de\/wp-json\/wp\/v2\/comments?post=4056"}],"version-history":[{"count":3,"href":"https:\/\/strangercam.com\/de\/wp-json\/wp\/v2\/pages\/4056\/revisions"}],"predecessor-version":[{"id":13001,"href":"https:\/\/strangercam.com\/de\/wp-json\/wp\/v2\/pages\/4056\/revisions\/13001"}],"wp:attachment":[{"href":"https:\/\/strangercam.com\/de\/wp-json\/wp\/v2\/media?parent=4056"}],"curies":[{"name":"wp","href":"https:\/\/api.w.org\/{rel}","templated":true}]}}