{"id":4039,"date":"2025-09-03T11:47:55","date_gmt":"2025-09-03T09:47:55","guid":{"rendered":"https:\/\/strangercam.com\/?page_id=4039"},"modified":"2025-09-03T13:44:58","modified_gmt":"2025-09-03T11:44:58","slug":"zufalliger-video-chat-mit-fremden","status":"publish","type":"page","link":"https:\/\/strangercam.com\/de\/random-video-chat-with-strangers\/","title":{"rendered":"Zuf\u00e4lliger Video-Chat mit Fremden"},"content":{"rendered":"<p>Sind Sie auf der Suche nach dem besten Weg, ein zuf\u00e4lliges Video zu genie\u00dfen <a href=\"https:\/\/strangercam.com\/de\/chathub\/\">Chat<\/a> mit Fremden? Sie sind nicht allein. Jeden Monat gehen Millionen von Menschen auf der ganzen Welt online, um sofort mit Fremden in Kontakt zu treten - sei es zum Spa\u00df, zur Freundschaft, zum kulturellen Austausch oder zum unbeschwerten Flirten. Im Gegensatz zu Dating-Apps oder sozialen Medien, die sich langsam oder k\u00fcnstlich anf\u00fchlen k\u00f6nnen, ist der zuf\u00e4llige Videochat spontan, authentisch und aufregend.<\/p>\n<p>Dank Plattformen wie StrangerCam k\u00f6nnen Sie noch heute einen kostenlosen, zuf\u00e4lligen Videochat mit Fremden starten - ohne Anmeldung, ohne Downloads und ohne versteckte Kosten. Mit nur einem Klick sind Sie von Angesicht zu Angesicht mit jemandem von \u00fcberall auf der Welt.<\/p>\n<p>In diesem Leitfaden erf\u00e4hrst du alles, was du wissen musst: was ein zuf\u00e4lliger Videochat mit Fremden ist, warum er so beliebt ist, wie er funktioniert, auf welche Funktionen du achten solltest, Vergleiche der Plattformen, Sicherheitstipps und warum StrangerCam eine der besten Optionen im Jahr 2025 ist.<\/p>\n<h2>Was ist ein zuf\u00e4lliger Video-Chat mit Fremden?<\/h2>\n<p>Ein zuf\u00e4lliger Video-Chat mit Fremden ist eine Online-Funktion, die Sie \u00fcber eine Webcam und ein Mikrofon sofort mit anderen Personen in Verbindung bringt. Im Gegensatz zu reinen Text-Chatrooms bietet der Video-Chat eine Live-Interaktion von Angesicht zu Angesicht, was die Gespr\u00e4che realer und interessanter macht.<\/p>\n<p>Sie m\u00fcssen weder ein Konto erstellen noch ein Profil ausf\u00fcllen. Klicken Sie einfach auf \"Start\", und innerhalb von Sekunden sprechen Sie mit einer neuen Person. Wenn Ihnen das Gespr\u00e4ch nicht gef\u00e4llt, klicken Sie auf \"Weiter\" und Sie werden sofort mit einer anderen Person verbunden.<\/p>\n<h2>Warum Menschen lieben Free Random Video Chat mit Fremden<\/h2>\n<p>Die Beliebtheit des kostenlosen, zuf\u00e4lligen Videochats mit Fremden hat mehrere Hauptgr\u00fcnde:<\/p>\n<ul>\n<li>Spontaneit\u00e4t: Jeder Chat ist anders und unvorhersehbar.<\/li>\n<li>Authentizit\u00e4t: Live-Videos stellen sicher, dass Sie echte Menschen treffen, keine Bots.<\/li>\n<li>Keine Bindung: Keine Konten, keine Downloads - nur sofortige Unterhaltungen.<\/li>\n<li>Globale Reichweite: Treffen Sie Menschen aus Dutzenden von L\u00e4ndern in Echtzeit.<\/li>\n<li>Freundschaft und Spa\u00df: Einige nutzen es, um Freundschaften zu schlie\u00dfen, andere zum Flirten oder zur Unterhaltung.<\/li>\n<li>Schneller Ausbruch aus der Langeweile: Perfekt, wenn Sie Ihre Routine unterbrechen wollen.<\/li>\n<\/ul>\n<h2>Wie funktioniert der zuf\u00e4llige Video-Chat mit Fremden?<\/h2>\n<p>Der Einstieg ist einfach und schnell:<\/p>\n<ol>\n<li>\u00d6ffnen Sie eine Plattform wie StrangerCam auf Ihrem Handy oder Computer.<\/li>\n<li>Erlauben Sie den Zugriff auf Ihre Webcam und Ihr Mikrofon.<\/li>\n<li>Klicken Sie auf \"Chat starten\".<\/li>\n<li>Sprechen Sie sofort von Angesicht zu Angesicht mit einem zuf\u00e4lligen Fremden.<\/li>\n<li>Klicken Sie jederzeit auf \"Weiter\", um jemand Neues kennenzulernen.<\/li>\n<\/ol>\n<p>Dieser Zyklus kann sich endlos wiederholen und bietet Ihnen unbegrenzte M\u00f6glichkeiten, Kontakte zu kn\u00fcpfen.<\/p>\n<h2>Die wichtigsten Merkmale, auf die Sie achten sollten<\/h2>\n<p>Nicht alle Plattformen sind gleich. Hier erfahren Sie, worauf Sie achten sollten, wenn Sie eine Website f\u00fcr zuf\u00e4llige Videochats mit Fremden ausw\u00e4hlen:<\/p>\n<h3>1. Wirklich freier Zugang<\/h3>\n<p>Einige Websites behaupten, kostenlos zu sein, blockieren aber wichtige Funktionen hinter Bezahlschranken. Achten Sie auf unbegrenzten Zugang ohne Tricks.<\/p>\n<h3>2. Keine Anmeldung erforderlich<\/h3>\n<p>Die besten Websites erfordern keine Registrierung, kein Konto und keine pers\u00f6nlichen Daten.<\/p>\n<h3>3. Filter f\u00fcr Geschlecht und Ort<\/h3>\n<p>N\u00fctzlich, wenn Sie bestimmte Personengruppen treffen m\u00f6chten.<\/p>\n<h3>4. Starke M\u00e4\u00dfigung<\/h3>\n<p>Meldetools und Moderationssysteme sorgen f\u00fcr ein sicheres Umfeld.<\/p>\n<h3>5. Handy-freundliches Design<\/h3>\n<p>Eine gute Plattform sollte auf dem Handy genauso reibungslos funktionieren wie auf dem Desktop.<\/p>\n<h3>6. Hochwertiges Video und Audio<\/h3>\n<p>Klare, stabile Verbindungen sorgen f\u00fcr mehr Gespr\u00e4chsfreude.<\/p>\n<h2>Beste Plattformen f\u00fcr zuf\u00e4llige Video-Chats mit Fremden im Jahr 2025<\/h2>\n<p>Hier ist ein Vergleich beliebter Plattformen, die zuf\u00e4llige Videochats mit Fremden anbieten:<\/p>\n<table>\n<thead>\n<tr>\n<th>Plattform<\/th>\n<th align=\"center\">Freier Zugang<\/th>\n<th align=\"center\">Gender-Filter<\/th>\n<th align=\"center\">Anmeldung erforderlich<\/th>\n<th align=\"center\">Mobile Unterst\u00fctzung<\/th>\n<th align=\"center\">Moderation<\/th>\n<th>Anmerkungen<\/th>\n<\/tr>\n<\/thead>\n<tbody>\n<tr>\n<td>StrangerCam<\/td>\n<td align=\"center\">\u2705<\/td>\n<td align=\"center\">\u2705 (Frei)<\/td>\n<td align=\"center\">\u274c<\/td>\n<td align=\"center\">\u2705<\/td>\n<td align=\"center\">\u2705<\/td>\n<td>Beste Gesamtauswahl, wirklich kostenlos<\/td>\n<\/tr>\n<tr>\n<td><a href=\"https:\/\/strangercam.com\/de\/chatroulette\/\">Chatroulette<\/a><\/td>\n<td align=\"center\">\u2705<\/td>\n<td align=\"center\">\u274c (Bezahlt)<\/td>\n<td align=\"center\">\u274c<\/td>\n<td align=\"center\">\u2705<\/td>\n<td align=\"center\">\u2705<\/td>\n<td>Klassische Option, aber Filter kosten<\/td>\n<\/tr>\n<tr>\n<td>Chatrandom<\/td>\n<td align=\"center\">\u2705<\/td>\n<td align=\"center\">\u274c (Bezahlt)<\/td>\n<td align=\"center\">\u274c<\/td>\n<td align=\"center\">\u2705<\/td>\n<td align=\"center\">\u2705<\/td>\n<td>Beliebt, aber Premiumfunktionen gesperrt<\/td>\n<\/tr>\n<tr>\n<td><a href=\"https:\/\/strangercam.com\/de\/ometv\/\">OmeTV<\/a><\/td>\n<td align=\"center\">\u2705<\/td>\n<td align=\"center\">\u274c<\/td>\n<td align=\"center\">\u274c<\/td>\n<td align=\"center\">\u2705<\/td>\n<td align=\"center\">\u2705<\/td>\n<td>Nur nach dem Zufallsprinzip, mobile App verf\u00fcgbar<\/td>\n<\/tr>\n<tr>\n<td>Shagle<\/td>\n<td align=\"center\">\u2705<\/td>\n<td align=\"center\">\u274c (Bezahlt)<\/td>\n<td align=\"center\">\u274c<\/td>\n<td align=\"center\">\u2705<\/td>\n<td align=\"center\">\u2705<\/td>\n<td>Premium-Funktionen werden stark gef\u00f6rdert<\/td>\n<\/tr>\n<tr>\n<td><a href=\"https:\/\/strangercam.com\/de\/coomeet\/\">CooMeet<\/a><\/td>\n<td align=\"center\">\u274c (Versuch)<\/td>\n<td align=\"center\">\u2705<\/td>\n<td align=\"center\">\u2705<\/td>\n<td align=\"center\">\u2705<\/td>\n<td align=\"center\">\u2705<\/td>\n<td>Bezahlt nach einer kurzen Probezeit<\/td>\n<\/tr>\n<tr>\n<td>LuckyCrush<\/td>\n<td align=\"center\">\u274c<\/td>\n<td align=\"center\">\u2705<\/td>\n<td align=\"center\">\u2705<\/td>\n<td align=\"center\">\u2705<\/td>\n<td align=\"center\">\u2705<\/td>\n<td>Immer bezahlter, geschlechtsspezifischer Chat<\/td>\n<\/tr>\n<\/tbody>\n<\/table>\n<p>StrangerCam ist eine der wenigen Plattformen, die kostenlose, zuf\u00e4llige Videochats mit Fremden mit unbegrenztem Zugang, ohne Anmeldung und mit einem funktionierenden Geschlechtsfilter anbietet.<\/p>\n<h2>Warum StrangerCam die beste Wahl ist<\/h2>\n<p>Hier ist, warum StrangerCam die erste Wahl f\u00fcr zuf\u00e4llige Video-Chats mit Fremden im Jahr 2025 ist:<\/p>\n<h3>1. V\u00f6llig kostenlos<\/h3>\n<p>Keine Kredite, Testversionen oder versteckte Kosten - unbegrenztes Chatten kostenlos.<\/p>\n<h3>2. Kostenloser Gender-Filter<\/h3>\n<p>W\u00e4hlen Sie aus, wen Sie treffen m\u00f6chten - M\u00e4nner, Frauen oder beides -, ohne zu bezahlen.<\/p>\n<h3>3. Keine Anmeldung erforderlich<\/h3>\n<p>Bleiben Sie anonym und stellen Sie sofort eine Verbindung her.<\/p>\n<h3>4. Sicher &amp; moderiert<\/h3>\n<p>Mit aktiven Moderations- und Meldetools sorgt StrangerCam f\u00fcr ein positives Umfeld.<\/p>\n<h3>5. Globale Nutzerbasis<\/h3>\n<p>Treffen Sie Fremde aus \u00fcber 100 L\u00e4ndern, 24\/7 verf\u00fcgbar.<\/p>\n<h3>6. Optimiert f\u00fcr alle Ger\u00e4te<\/h3>\n<p>Funktioniert sowohl auf dem Handy als auch auf dem Desktop perfekt.<\/p>\n<h2>Echte Anwenderberichte<\/h2>\n<blockquote><p><em>\"Ich wollte eine Plattform, auf der ich zuf\u00e4llig mit Fremden videochatten kann, ohne daf\u00fcr zu bezahlen. StrangerCam war die einzige Seite, die das tats\u00e4chlich bot.\"<\/em><br \/>\n- Chris, 25<\/p><\/blockquote>\n<blockquote><p><em>\"Der Gender-Filter funktioniert perfekt und ist kostenlos. Das ist heutzutage sehr selten.\"<\/em><br \/>\n- Sophia, 22<\/p><\/blockquote>\n<blockquote><p><em>\"Ich habe in weniger als einer Stunde Leute aus f\u00fcnf L\u00e4ndern getroffen. Es macht s\u00fcchtig, aber Spa\u00df.\"<\/em><br \/>\n- Ryan, 29<\/p><\/blockquote>\n<blockquote><p><em>\"StrangerCam ist sicher, einfach und wirklich kostenlos. Es ist mein liebster Ort, um online in Kontakt zu treten.\"<\/em><br \/>\n- Lea, 21<\/p><\/blockquote>\n<h2>Sicherheitstipps f\u00fcr zuf\u00e4llige Video-Chats mit Fremden<\/h2>\n<p>Auch wenn diese Plattformen Spa\u00df machen, sollten Sie sich immer sch\u00fctzen:<\/p>\n<ul>\n<li>Geben Sie niemals pers\u00f6nliche Informationen wie Ihren Namen, Ihre Telefonnummer oder Ihre Adresse weiter.<\/li>\n<li>Klicken Sie nicht auf Links, die von Fremden geteilt werden.<\/li>\n<li>Verwenden Sie \"Weiter\", wenn Sie sich unwohl f\u00fchlen.<\/li>\n<li>\u00dcberpr\u00fcfen Sie Ihren Hintergrund, bevor Sie Ihre Kamera einschalten.<\/li>\n<li>Bleiben Sie bei den Plattform-Tools zum Sperren oder Melden unliebsamer Nutzer.<\/li>\n<li>Beachten Sie die Altersbestimmungen - wenn Sie unter 18 sind, meiden Sie Video-Chat-Seiten f\u00fcr Erwachsene.<\/li>\n<\/ul>\n<h2>Der Einstieg - Schritt f\u00fcr Schritt<\/h2>\n<p>Es dauert weniger als eine Minute, um einen zuf\u00e4lligen Videochat mit Fremden zu beginnen:<\/p>\n<ol>\n<li>\u00d6ffnen Sie StrangerCam in Ihrem Browser oder auf Ihrem mobilen Ger\u00e4t.<\/li>\n<li>Erlauben Sie den Zugriff auf Kamera und Mikrofon.<\/li>\n<li>W\u00e4hlen Sie Pr\u00e4ferenzen (z. B. Geschlechtsfilter, falls vorhanden).<\/li>\n<li>Klicken Sie auf Chat starten, um eine sofortige Verbindung herzustellen.<\/li>\n<li>Dr\u00fccken Sie jederzeit auf Weiter, wenn Sie jemand Neues kennenlernen m\u00f6chten.<\/li>\n<\/ol>\n<p>Schnell, einfach und v\u00f6llig kostenlos.<\/p>\n<h2>Abschlie\u00dfende Gedanken - Probieren Sie noch heute den kostenlosen Random Video Chat mit Fremden aus<\/h2>\n<p>Im Jahr 2025 ist der zuf\u00e4llige Videochat mit Fremden nach wie vor eine der unterhaltsamsten und aufregendsten M\u00f6glichkeiten, online neue Leute kennenzulernen. Er ist spontan, authentisch und bringt Sie sofort mit echten Menschen aus aller Welt zusammen.<\/p>\n<p>Aber nicht alle Plattformen sind es wert. Viele verstecken Funktionen hinter Paywalls oder sind mit Bots \u00fcberlaufen. Deshalb ist StrangerCam die beste Wahl: Es ist kostenlos, anonym, sicher und rund um die Uhr mit Menschen aktiv, die bereit sind zu chatten.<\/p>\n<p>Bereit zum Ausprobieren? Starten Sie noch heute einen kostenlosen, zuf\u00e4lligen Video-Chat mit Fremden und sehen Sie, wen Sie als n\u00e4chstes treffen werden.<\/p>","protected":false},"excerpt":{"rendered":"<p>Are you searching for the best way to enjoy a random video chat with strangers? You\u2019re not alone. Every month, millions of people around the world go online to connect instantly with strangers\u2014whether for fun, friendship, cultural exchange, or lighthearted flirting. Unlike dating apps or social media, which can feel slow or artificial, random video [&hellip;]<\/p>\n","protected":false},"author":8,"featured_media":0,"parent":0,"menu_order":0,"comment_status":"closed","ping_status":"closed","template":"","meta":{"footnotes":""},"class_list":["post-4039","page","type-page","status-publish","hentry"],"yoast_head":"<!-- This site is optimized with the Yoast SEO plugin v27.4 - https:\/\/yoast.com\/product\/yoast-seo-wordpress\/ -->\n<title>Random Video Chat With Strangers on Strangercam.com<\/title>\n<meta name=\"description\" content=\"Liking Random Video Chat With Strangers? Join millions on StrangerCam.com! Start a random video chat, turn on your cam, and meet strangers instantly.\" \/>\n<meta name=\"robots\" content=\"index, follow, max-snippet:-1, max-image-preview:large, max-video-preview:-1\" \/>\n<link rel=\"canonical\" href=\"https:\/\/strangercam.com\/de\/zufalliger-video-chat-mit-fremden\/\" \/>\n<meta property=\"og:locale\" content=\"de_DE\" \/>\n<meta property=\"og:type\" content=\"article\" \/>\n<meta property=\"og:title\" content=\"Random Video Chat With Strangers on Strangercam.com\" \/>\n<meta property=\"og:description\" content=\"Liking Random Video Chat With Strangers? Join millions on StrangerCam.com! Start a random video chat, turn on your cam, and meet strangers instantly.\" \/>\n<meta property=\"og:url\" content=\"https:\/\/strangercam.com\/de\/zufalliger-video-chat-mit-fremden\/\" \/>\n<meta property=\"og:site_name\" content=\"Strangercam\" \/>\n<meta property=\"article:publisher\" content=\"https:\/\/www.facebook.com\/strangercam\" \/>\n<meta property=\"article:modified_time\" content=\"2025-09-03T11:44:58+00:00\" \/>\n<meta property=\"og:image\" content=\"https:\/\/strangercam.com\/wp-content\/uploads\/2021\/10\/Untitled-2.png\" \/>\n\t<meta property=\"og:image:width\" content=\"800\" \/>\n\t<meta property=\"og:image:height\" content=\"532\" \/>\n\t<meta property=\"og:image:type\" content=\"image\/png\" \/>\n<meta name=\"twitter:card\" content=\"summary_large_image\" \/>\n<meta name=\"twitter:site\" content=\"@strangercamapp\" \/>\n<meta name=\"twitter:label1\" content=\"Gesch\u00e4tzte Lesezeit\" \/>\n\t<meta name=\"twitter:data1\" content=\"5\u00a0Minuten\" \/>\n<script type=\"application\/ld+json\" class=\"yoast-schema-graph\">{\"@context\":\"https:\\\/\\\/schema.org\",\"@graph\":[{\"@type\":\"WebPage\",\"@id\":\"https:\\\/\\\/strangercam.com\\\/random-video-chat-with-strangers\\\/\",\"url\":\"https:\\\/\\\/strangercam.com\\\/random-video-chat-with-strangers\\\/\",\"name\":\"Random Video Chat With Strangers on Strangercam.com\",\"isPartOf\":{\"@id\":\"https:\\\/\\\/strangercam.com\\\/#website\"},\"datePublished\":\"2025-09-03T09:47:55+00:00\",\"dateModified\":\"2025-09-03T11:44:58+00:00\",\"description\":\"Liking Random Video Chat With Strangers? Join millions on StrangerCam.com! Start a random video chat, turn on your cam, and meet strangers instantly.\",\"breadcrumb\":{\"@id\":\"https:\\\/\\\/strangercam.com\\\/random-video-chat-with-strangers\\\/#breadcrumb\"},\"inLanguage\":\"de\",\"potentialAction\":[{\"@type\":\"ReadAction\",\"target\":[\"https:\\\/\\\/strangercam.com\\\/random-video-chat-with-strangers\\\/\"]}]},{\"@type\":\"BreadcrumbList\",\"@id\":\"https:\\\/\\\/strangercam.com\\\/random-video-chat-with-strangers\\\/#breadcrumb\",\"itemListElement\":[{\"@type\":\"ListItem\",\"position\":1,\"name\":\"Home\",\"item\":\"https:\\\/\\\/strangercam.com\\\/\"},{\"@type\":\"ListItem\",\"position\":2,\"name\":\"Random Video Chat With Strangers\"}]},{\"@type\":\"WebSite\",\"@id\":\"https:\\\/\\\/strangercam.com\\\/#website\",\"url\":\"https:\\\/\\\/strangercam.com\\\/\",\"name\":\"Strangercam\",\"description\":\"Random Video Chat with Strangers\",\"publisher\":{\"@id\":\"https:\\\/\\\/strangercam.com\\\/#organization\"},\"alternateName\":\"Strangercam.com\",\"potentialAction\":[{\"@type\":\"SearchAction\",\"target\":{\"@type\":\"EntryPoint\",\"urlTemplate\":\"https:\\\/\\\/strangercam.com\\\/?s={search_term_string}\"},\"query-input\":{\"@type\":\"PropertyValueSpecification\",\"valueRequired\":true,\"valueName\":\"search_term_string\"}}],\"inLanguage\":\"de\"},{\"@type\":\"Organization\",\"@id\":\"https:\\\/\\\/strangercam.com\\\/#organization\",\"name\":\"Strangercam\",\"alternateName\":\"Strangercam.com\",\"url\":\"https:\\\/\\\/strangercam.com\\\/\",\"logo\":{\"@type\":\"ImageObject\",\"inLanguage\":\"de\",\"@id\":\"https:\\\/\\\/strangercam.com\\\/#\\\/schema\\\/logo\\\/image\\\/\",\"url\":\"https:\\\/\\\/strangercam.com\\\/wp-content\\\/uploads\\\/2020\\\/11\\\/cropped-new-favicon-black.png\",\"contentUrl\":\"https:\\\/\\\/strangercam.com\\\/wp-content\\\/uploads\\\/2020\\\/11\\\/cropped-new-favicon-black.png\",\"width\":512,\"height\":512,\"caption\":\"Strangercam\"},\"image\":{\"@id\":\"https:\\\/\\\/strangercam.com\\\/#\\\/schema\\\/logo\\\/image\\\/\"},\"sameAs\":[\"https:\\\/\\\/www.facebook.com\\\/strangercam\",\"https:\\\/\\\/x.com\\\/strangercamapp\"]}]}<\/script>\n<!-- \/ Yoast SEO plugin. -->","yoast_head_json":{"title":"Zuf\u00e4lliger Video-Chat mit Fremden auf Strangercam.com","description":"Magst du zuf\u00e4llige Video-Chats mit Fremden? Join Millionen auf StrangerCam.com! Starten Sie einen zuf\u00e4lligen Video-Chat, schalten Sie Ihre Cam ein und treffen Sie sofort Fremde.","robots":{"index":"index","follow":"follow","max-snippet":"max-snippet:-1","max-image-preview":"max-image-preview:large","max-video-preview":"max-video-preview:-1"},"canonical":"https:\/\/strangercam.com\/de\/zufalliger-video-chat-mit-fremden\/","og_locale":"de_DE","og_type":"article","og_title":"Random Video Chat With Strangers on Strangercam.com","og_description":"Liking Random Video Chat With Strangers? Join millions on StrangerCam.com! Start a random video chat, turn on your cam, and meet strangers instantly.","og_url":"https:\/\/strangercam.com\/de\/zufalliger-video-chat-mit-fremden\/","og_site_name":"Strangercam","article_publisher":"https:\/\/www.facebook.com\/strangercam","article_modified_time":"2025-09-03T11:44:58+00:00","og_image":[{"width":800,"height":532,"url":"https:\/\/strangercam.com\/wp-content\/uploads\/2021\/10\/Untitled-2.png","type":"image\/png"}],"twitter_card":"summary_large_image","twitter_site":"@strangercamapp","twitter_misc":{"Gesch\u00e4tzte Lesezeit":"5\u00a0Minuten"},"schema":{"@context":"https:\/\/schema.org","@graph":[{"@type":"WebPage","@id":"https:\/\/strangercam.com\/random-video-chat-with-strangers\/","url":"https:\/\/strangercam.com\/random-video-chat-with-strangers\/","name":"Zuf\u00e4lliger Video-Chat mit Fremden auf Strangercam.com","isPartOf":{"@id":"https:\/\/strangercam.com\/#website"},"datePublished":"2025-09-03T09:47:55+00:00","dateModified":"2025-09-03T11:44:58+00:00","description":"Magst du zuf\u00e4llige Video-Chats mit Fremden? Join Millionen auf StrangerCam.com! Starten Sie einen zuf\u00e4lligen Video-Chat, schalten Sie Ihre Cam ein und treffen Sie sofort Fremde.","breadcrumb":{"@id":"https:\/\/strangercam.com\/random-video-chat-with-strangers\/#breadcrumb"},"inLanguage":"de","potentialAction":[{"@type":"ReadAction","target":["https:\/\/strangercam.com\/random-video-chat-with-strangers\/"]}]},{"@type":"BreadcrumbList","@id":"https:\/\/strangercam.com\/random-video-chat-with-strangers\/#breadcrumb","itemListElement":[{"@type":"ListItem","position":1,"name":"Home","item":"https:\/\/strangercam.com\/"},{"@type":"ListItem","position":2,"name":"Random Video Chat With Strangers"}]},{"@type":"WebSite","@id":"https:\/\/strangercam.com\/#website","url":"https:\/\/strangercam.com\/","name":"Strangercam","description":"Zuf\u00e4lliger Video-Chat mit Fremden","publisher":{"@id":"https:\/\/strangercam.com\/#organization"},"alternateName":"Strangercam.com","potentialAction":[{"@type":"SearchAction","target":{"@type":"EntryPoint","urlTemplate":"https:\/\/strangercam.com\/?s={search_term_string}"},"query-input":{"@type":"PropertyValueSpecification","valueRequired":true,"valueName":"search_term_string"}}],"inLanguage":"de"},{"@type":"Organization","@id":"https:\/\/strangercam.com\/#organization","name":"Strangercam","alternateName":"Strangercam.com","url":"https:\/\/strangercam.com\/","logo":{"@type":"ImageObject","inLanguage":"de","@id":"https:\/\/strangercam.com\/#\/schema\/logo\/image\/","url":"https:\/\/strangercam.com\/wp-content\/uploads\/2020\/11\/cropped-new-favicon-black.png","contentUrl":"https:\/\/strangercam.com\/wp-content\/uploads\/2020\/11\/cropped-new-favicon-black.png","width":512,"height":512,"caption":"Strangercam"},"image":{"@id":"https:\/\/strangercam.com\/#\/schema\/logo\/image\/"},"sameAs":["https:\/\/www.facebook.com\/strangercam","https:\/\/x.com\/strangercamapp"]}]}},"_links":{"self":[{"href":"https:\/\/strangercam.com\/de\/wp-json\/wp\/v2\/pages\/4039","targetHints":{"allow":["GET"]}}],"collection":[{"href":"https:\/\/strangercam.com\/de\/wp-json\/wp\/v2\/pages"}],"about":[{"href":"https:\/\/strangercam.com\/de\/wp-json\/wp\/v2\/types\/page"}],"author":[{"embeddable":true,"href":"https:\/\/strangercam.com\/de\/wp-json\/wp\/v2\/users\/8"}],"replies":[{"embeddable":true,"href":"https:\/\/strangercam.com\/de\/wp-json\/wp\/v2\/comments?post=4039"}],"version-history":[{"count":3,"href":"https:\/\/strangercam.com\/de\/wp-json\/wp\/v2\/pages\/4039\/revisions"}],"predecessor-version":[{"id":12999,"href":"https:\/\/strangercam.com\/de\/wp-json\/wp\/v2\/pages\/4039\/revisions\/12999"}],"wp:attachment":[{"href":"https:\/\/strangercam.com\/de\/wp-json\/wp\/v2\/media?parent=4039"}],"curies":[{"name":"wp","href":"https:\/\/api.w.org\/{rel}","templated":true}]}}