{"id":4022,"date":"2025-09-03T12:43:36","date_gmt":"2025-09-03T10:43:36","guid":{"rendered":"https:\/\/strangercam.com\/?page_id=4022"},"modified":"2025-09-03T13:42:39","modified_gmt":"2025-09-03T11:42:39","slug":"kostenloser-zufalliger-video-chat","status":"publish","type":"page","link":"https:\/\/strangercam.com\/de\/free-random-video-chat\/","title":{"rendered":"Kostenloser Zufalls-Video-Chat"},"content":{"rendered":"<p>Sind Sie auf der Suche nach dem besten Weg, ein kostenloses Zufallsvideo zu genie\u00dfen? <a href=\"https:\/\/strangercam.com\/de\/chathub\/\">Chat<\/a>? Sie sind nicht allein. Millionen von Menschen auf der ganzen Welt suchen jeden Monat nach Video-Chat-Plattformen, in der Hoffnung, sofort mit Fremden in Kontakt zu treten - sei es, um Freundschaft zu schlie\u00dfen, sich kulturell auszutauschen, zwanglos zu flirten oder einfach die Langeweile zu vertreiben. Im Gegensatz zu Dating-Apps oder sozialen Netzwerken, die langsam oder k\u00fcnstlich wirken k\u00f6nnen, ist der Zufalls-Videochat spontan, authentisch und aufregend.<\/p>\n<p>Mit Plattformen wie StrangerCam ist es einfacher denn je, einen kostenlosen, zuf\u00e4lligen Video-Chat zu genie\u00dfen - ohne Anmeldung, ohne Downloads und ohne versteckte Kosten. Klicken Sie einfach auf eine Schaltfl\u00e4che und Sie sind sofort von Angesicht zu Angesicht mit jemandem von \u00fcberall auf der Welt.<\/p>\n<p>In diesem Leitfaden erf\u00e4hrst du alles, was du wissen musst: was ein kostenloser, zuf\u00e4lliger Videochat ist, warum er so beliebt ist, wie er funktioniert, worauf du achten solltest, Vergleiche beliebter Plattformen, Sicherheitstipps und warum StrangerCam eine der besten Optionen im Jahr 2025 ist.<\/p>\n<h2>Was ist Free Random Video Chat?<\/h2>\n<p>Der kostenlose Zufalls-Videochat ist ein Online-Dienst, der Sie mit Hilfe Ihrer Webcam und Ihres Mikrofons sofort mit Fremden f\u00fcr Live-Videogespr\u00e4che unter vier Augen verbindet. Der \"zuf\u00e4llige\" Teil bedeutet, dass Sie nie wissen, wen Sie treffen werden, bis der Chat beginnt - es k\u00f6nnte jemand in Ihrer N\u00e4he sein oder jemand am anderen Ende der Welt.<\/p>\n<p>Im Gegensatz zu Text-Chatrooms ist der zuf\u00e4llige Video-Chat viel authentischer und ansprechender, da Sie die Person in Echtzeit sehen und h\u00f6ren k\u00f6nnen. Wenn Ihnen das Gespr\u00e4ch nicht gef\u00e4llt, dr\u00fccken Sie einfach auf \"Weiter\", um zu einem neuen Gespr\u00e4chspartner zu wechseln.<\/p>\n<h2>Warum Menschen den kostenlosen Random Video Chat lieben<\/h2>\n<p>Es gibt viele Gr\u00fcnde, warum der kostenlose Zufalls-Videochat so beliebt geworden ist:<\/p>\n<ul>\n<li>Spontaner Spa\u00df: Jeder Chat ist einzigartig und unvorhersehbar.<\/li>\n<li>Echte menschliche Interaktion: Videoanrufe best\u00e4tigen, dass es sich bei der anderen Person um einen echten Menschen und nicht um einen Bot handelt.<\/li>\n<li>Sofortige Verbindungen: Keine langen Anmeldungen oder Warten auf Antworten.<\/li>\n<li>Globale Reichweite: Treffen Sie Fremde aus der ganzen Welt, 24\/7.<\/li>\n<li>Unterhaltungswert: Perfekt, um sich die Zeit zu vertreiben, Freundschaften zu schlie\u00dfen oder zwanglos zu flirten.<\/li>\n<li>Freiheit der Wahl: Gef\u00e4llt Ihnen die Stimmung nicht? Klicken Sie einfach auf \"Weiter\".<\/li>\n<\/ul>\n<h2>Wie funktioniert der kostenlose Zufalls-Video-Chat?<\/h2>\n<p>Es ist unglaublich einfach, einen kostenlosen Video-Chat zu starten:<\/p>\n<ol>\n<li>\u00d6ffnen Sie die Plattform auf Ihrem Handy oder Computer.<\/li>\n<li>Erlauben Sie den Zugriff auf Kamera und Mikrofon.<\/li>\n<li>Klicken Sie auf \"Chat starten\".<\/li>\n<li>Sofortige Verbindung mit einem Fremden per Videoanruf.<\/li>\n<li>Klicken Sie jederzeit auf \"Weiter\", um jemand Neues kennenzulernen.<\/li>\n<\/ol>\n<p>Einige Plattformen bieten zus\u00e4tzliche Funktionen wie Geschlechtsfilter, Standortpr\u00e4ferenzen und sogar automatische \u00dcbersetzungsprogramme, um das Chatten in verschiedenen Sprachen zu erleichtern.<\/p>\n<h2>Die wichtigsten Merkmale, auf die Sie achten sollten<\/h2>\n<p>Nicht alle Videochat-Plattformen sind gleich. Wenn Sie den besten kostenlosen Zufalls-Videochat haben m\u00f6chten, sollten Sie auf Folgendes achten:<\/p>\n<h3>1. Wirklich freier Zugang<\/h3>\n<p>Einige Websites werben damit, dass sie \"kostenlos\" sind, schr\u00e4nken dann aber die Funktionen ein oder dr\u00e4ngen Sie auf Paywalls. W\u00e4hlen Sie eine Plattform, die unbegrenzten Zugang bietet.<\/p>\n<h3>2. Keine Anmeldung erforderlich<\/h3>\n<p>Bleiben Sie anonym und chatten Sie ohne Konten oder Logins.<\/p>\n<h3>3. Filter f\u00fcr Geschlecht und Ort<\/h3>\n<p>Hilfreich, wenn Sie es vorziehen, mit bestimmten Personengruppen zu sprechen.<\/p>\n<h3>4. Starke M\u00e4\u00dfigung<\/h3>\n<p>Aktive Moderatoren und Meldetools sorgen f\u00fcr mehr Sicherheit.<\/p>\n<h3>5. Handy-freundliches Design<\/h3>\n<p>Eine gute Plattform sollte sowohl auf dem Desktop als auch auf dem Handy nahtlos funktionieren.<\/p>\n<h3>6. Hochwertiges Video und Audio<\/h3>\n<p>Klare Verbindungen machen Chats nat\u00fcrlicher und angenehmer.<\/p>\n<h2>Beste kostenlose Video-Chat-Plattformen im Jahr 2025<\/h2>\n<p>Hier ist ein Vergleich der beliebtesten Video-Chat-Plattformen:<\/p>\n<table>\n<thead>\n<tr>\n<th>Plattform<\/th>\n<th align=\"center\">Freier Zugang<\/th>\n<th align=\"center\">Gender-Filter<\/th>\n<th align=\"center\">Anmeldung erforderlich<\/th>\n<th align=\"center\">Mobile Unterst\u00fctzung<\/th>\n<th align=\"center\">Moderation<\/th>\n<th>Anmerkungen<\/th>\n<\/tr>\n<\/thead>\n<tbody>\n<tr>\n<td>StrangerCam<\/td>\n<td align=\"center\">\u2705<\/td>\n<td align=\"center\">\u2705 (Frei)<\/td>\n<td align=\"center\">\u274c<\/td>\n<td align=\"center\">\u2705<\/td>\n<td align=\"center\">\u2705<\/td>\n<td>Beste Gesamtauswahl, wirklich kostenlos<\/td>\n<\/tr>\n<tr>\n<td><a href=\"https:\/\/strangercam.com\/de\/chatroulette\/\">Chatroulette<\/a><\/td>\n<td align=\"center\">\u2705<\/td>\n<td align=\"center\">\u274c (Bezahlt)<\/td>\n<td align=\"center\">\u274c<\/td>\n<td align=\"center\">\u2705<\/td>\n<td align=\"center\">\u2705<\/td>\n<td>Klassisch, aber geschlechtsspezifische Filter gesperrt<\/td>\n<\/tr>\n<tr>\n<td>Chatrandom<\/td>\n<td align=\"center\">\u2705<\/td>\n<td align=\"center\">\u274c (Bezahlt)<\/td>\n<td align=\"center\">\u274c<\/td>\n<td align=\"center\">\u2705<\/td>\n<td align=\"center\">\u2705<\/td>\n<td>Gro\u00dfe Nutzerbasis, Premium-Upgrades<\/td>\n<\/tr>\n<tr>\n<td><a href=\"https:\/\/strangercam.com\/de\/ometv\/\">OmeTV<\/a><\/td>\n<td align=\"center\">\u2705<\/td>\n<td align=\"center\">\u274c<\/td>\n<td align=\"center\">\u274c<\/td>\n<td align=\"center\">\u2705<\/td>\n<td align=\"center\">\u2705<\/td>\n<td>Mobile App, nur zuf\u00e4llig<\/td>\n<\/tr>\n<tr>\n<td>Shagle<\/td>\n<td align=\"center\">\u2705<\/td>\n<td align=\"center\">\u274c (Bezahlt)<\/td>\n<td align=\"center\">\u274c<\/td>\n<td align=\"center\">\u2705<\/td>\n<td align=\"center\">\u2705<\/td>\n<td>Pr\u00e4mie stark gedr\u00fcckt<\/td>\n<\/tr>\n<tr>\n<td><a href=\"https:\/\/strangercam.com\/de\/coomeet\/\">CooMeet<\/a><\/td>\n<td align=\"center\">\u274c (Versuch)<\/td>\n<td align=\"center\">\u2705<\/td>\n<td align=\"center\">\u2705<\/td>\n<td align=\"center\">\u2705<\/td>\n<td align=\"center\">\u2705<\/td>\n<td>Bezahlt nach begrenzter kostenloser Testphase<\/td>\n<\/tr>\n<tr>\n<td>LuckyCrush<\/td>\n<td align=\"center\">\u274c<\/td>\n<td align=\"center\">\u2705<\/td>\n<td align=\"center\">\u2705<\/td>\n<td align=\"center\">\u2705<\/td>\n<td align=\"center\">\u2705<\/td>\n<td>Immer bezahlte, geschlechtsspezifische Chats<\/td>\n<\/tr>\n<\/tbody>\n<\/table>\n<p>StrangerCam ist eine der wenigen Plattformen, die einen kostenlosen, unbegrenzten Zufalls-Videochat mit einem funktionierenden Geschlechtsfilter und ohne Anmeldung anbietet.<\/p>\n<h2>Warum StrangerCam die beste Wahl ist<\/h2>\n<p>Hier erf\u00e4hrst du, warum StrangerCam eine der Top-Plattformen f\u00fcr kostenlose Zufalls-Videochats im Jahr 2025 ist:<\/p>\n<h3>1. V\u00f6llig kostenlos<\/h3>\n<p>Unbegrenzte Chats, keine versteckten Kosten oder Kredite erforderlich.<\/p>\n<h3>2. Kostenloser Gender-Filter<\/h3>\n<p>W\u00e4hlen Sie aus, mit wem Sie sprechen m\u00f6chten - mit M\u00e4nnern, Frauen oder beidem - ohne Paywalls.<\/p>\n<h3>3. Keine Anmeldung erforderlich<\/h3>\n<p>Bleiben Sie anonym und beginnen Sie sofort zu chatten.<\/p>\n<h3>4. Sicher &amp; moderiert<\/h3>\n<p>Mit aktiven Moderations- und Meldetools sorgt StrangerCam f\u00fcr die Sicherheit der Community.<\/p>\n<h3>5. Globale Nutzerbasis<\/h3>\n<p>Treffen Sie jederzeit Fremde aus \u00fcber 100 L\u00e4ndern.<\/p>\n<h3>6. Optimiert f\u00fcr alle Ger\u00e4te<\/h3>\n<p>Funktioniert reibungslos auf Handy, Tablet und Desktop.<\/p>\n<h2>Echte Anwenderberichte<\/h2>\n<blockquote><p>\"Ich war auf der Suche nach einer Website, auf der ich kostenlos Videochats f\u00fchren konnte, und StrangerCam war die einzige, die mich nicht in eine Paywall dr\u00e4ngte.<br \/>\n- Alex, 27<\/p><\/blockquote>\n<blockquote><p>\"Ich habe an einem Abend Leute aus f\u00fcnf verschiedenen L\u00e4ndern kennengelernt. Es ist immer aufregend, weil man nie wei\u00df, wer der N\u00e4chste ist.<br \/>\n- Sophia, 22<\/p><\/blockquote>\n<blockquote><p>\"Der Gender-Filter funktioniert tats\u00e4chlich, ohne dass man daf\u00fcr extra bezahlen muss. Das ist ein entscheidender Unterschied zu anderen Plattformen\".<br \/>\n- Ryan, 30<\/p><\/blockquote>\n<blockquote><p>\"Es ist schnell, macht Spa\u00df und ist sicher. StrangerCam ist zu meiner Lieblingsmethode geworden, um neue Leute online kennenzulernen.\"<br \/>\n- Emily, 19<\/p><\/blockquote>\n<h2>Sicherheitstipps f\u00fcr den kostenlosen Zufalls-Videochat<\/h2>\n<p>Auch wenn Videochats Spa\u00df machen, sollten Sie immer an die Sicherheit denken:<\/p>\n<ul>\n<li>Geben Sie keine pers\u00f6nlichen Daten wie Ihre Telefonnummer, E-Mail oder Adresse weiter.<\/li>\n<li>Vermeiden Sie das Anklicken von Links, die Unbekannte versenden.<\/li>\n<li>Verwenden Sie \"Weiter\", wenn Sie sich unwohl f\u00fchlen.<\/li>\n<li>\u00dcberpr\u00fcfen Sie Ihren Hintergrund, um sicherzustellen, dass nichts Privates sichtbar ist.<\/li>\n<li>Melden Sie unliebsame Nutzer mit den Tools der Plattform.<\/li>\n<li>Beachten Sie die Altersbeschr\u00e4nkungen - wenn Sie unter 18 sind, sollten Sie keine Videochat-Plattformen f\u00fcr Erwachsene nutzen.<\/li>\n<\/ul>\n<h2>Der Einstieg - Schritt f\u00fcr Schritt<\/h2>\n<p>Es dauert nur ein paar Sekunden, um einen kostenlosen, zuf\u00e4lligen Video-Chat zu beginnen:<\/p>\n<ol>\n<li>\u00d6ffnen Sie StrangerCam in Ihrem Browser oder auf Ihrem Handy.<\/li>\n<li>Erlauben Sie den Zugriff auf Kamera und Mikrofon.<\/li>\n<li>W\u00e4hlen Sie Pr\u00e4ferenzen (z. B. Geschlechtsfilter, falls vorhanden).<\/li>\n<li>Klicken Sie auf Chat starten, um eine sofortige Verbindung herzustellen.<\/li>\n<li>Klicken Sie jederzeit auf \"Weiter\", um jemand Neues kennenzulernen.<\/li>\n<\/ol>\n<p>Schnell, einfach und v\u00f6llig kostenlos.<\/p>\n<h2>Abschlie\u00dfende Gedanken - Probieren Sie den kostenlosen Random Video Chat noch heute aus<\/h2>\n<p>Im Jahr 2025 ist der kostenlose Video-Chat eine der einfachsten und aufregendsten M\u00f6glichkeiten, online neue Leute kennenzulernen. Er ist schnell, macht Spa\u00df und verbindet Sie sofort mit Fremden auf der ganzen Welt.<\/p>\n<p>Aber nicht alle Plattformen liefern. Viele verstecken Funktionen hinter Bezahlschranken oder sind voll von Bots. Deshalb ist StrangerCam die beste Option: Es ist kostenlos, sicher, anonym und immer aktiv mit globalen Nutzern, die bereit sind zu chatten.<\/p>\n<p>Sind Sie bereit, es zu versuchen? Starten Sie noch heute einen kostenlosen, zuf\u00e4lligen Video-Chat und sehen Sie, wen Sie als n\u00e4chstes treffen werden.<\/p>","protected":false},"excerpt":{"rendered":"<p>Are you looking for the best way to enjoy a free random video chat? You\u2019re not alone. Millions of people worldwide search for random video chat platforms every month, hoping to connect instantly with strangers\u2014whether for friendship, cultural exchange, casual flirting, or simply to kill boredom. Unlike dating apps or social networks, which can feel [&hellip;]<\/p>\n","protected":false},"author":8,"featured_media":0,"parent":0,"menu_order":0,"comment_status":"closed","ping_status":"closed","template":"","meta":{"footnotes":""},"class_list":["post-4022","page","type-page","status-publish","hentry"],"yoast_head":"<!-- This site is optimized with the Yoast SEO plugin v27.4 - https:\/\/yoast.com\/product\/yoast-seo-wordpress\/ -->\n<title>Free Random Video Chat on Strangercam.com<\/title>\n<meta name=\"description\" content=\"Liking Free Random Video Chat? Join millions on StrangerCam.com! Start a random video chat, turn on your cam, and meet strangers instantly.\" \/>\n<meta name=\"robots\" content=\"index, follow, max-snippet:-1, max-image-preview:large, max-video-preview:-1\" \/>\n<link rel=\"canonical\" href=\"https:\/\/strangercam.com\/de\/kostenloser-zufalliger-video-chat\/\" \/>\n<meta property=\"og:locale\" content=\"de_DE\" \/>\n<meta property=\"og:type\" content=\"article\" \/>\n<meta property=\"og:title\" content=\"Free Random Video Chat on Strangercam.com\" \/>\n<meta property=\"og:description\" content=\"Liking Free Random Video Chat? Join millions on StrangerCam.com! Start a random video chat, turn on your cam, and meet strangers instantly.\" \/>\n<meta property=\"og:url\" content=\"https:\/\/strangercam.com\/de\/kostenloser-zufalliger-video-chat\/\" \/>\n<meta property=\"og:site_name\" content=\"Strangercam\" \/>\n<meta property=\"article:publisher\" content=\"https:\/\/www.facebook.com\/strangercam\" \/>\n<meta property=\"article:modified_time\" content=\"2025-09-03T11:42:39+00:00\" \/>\n<meta property=\"og:image\" content=\"https:\/\/strangercam.com\/wp-content\/uploads\/2021\/10\/Untitled-2.png\" \/>\n\t<meta property=\"og:image:width\" content=\"800\" \/>\n\t<meta property=\"og:image:height\" content=\"532\" \/>\n\t<meta property=\"og:image:type\" content=\"image\/png\" \/>\n<meta name=\"twitter:card\" content=\"summary_large_image\" \/>\n<meta name=\"twitter:site\" content=\"@strangercamapp\" \/>\n<meta name=\"twitter:label1\" content=\"Gesch\u00e4tzte Lesezeit\" \/>\n\t<meta name=\"twitter:data1\" content=\"5\u00a0Minuten\" \/>\n<script type=\"application\/ld+json\" class=\"yoast-schema-graph\">{\"@context\":\"https:\\\/\\\/schema.org\",\"@graph\":[{\"@type\":\"WebPage\",\"@id\":\"https:\\\/\\\/strangercam.com\\\/free-random-video-chat\\\/\",\"url\":\"https:\\\/\\\/strangercam.com\\\/free-random-video-chat\\\/\",\"name\":\"Free Random Video Chat on Strangercam.com\",\"isPartOf\":{\"@id\":\"https:\\\/\\\/strangercam.com\\\/#website\"},\"datePublished\":\"2025-09-03T10:43:36+00:00\",\"dateModified\":\"2025-09-03T11:42:39+00:00\",\"description\":\"Liking Free Random Video Chat? Join millions on StrangerCam.com! Start a random video chat, turn on your cam, and meet strangers instantly.\",\"breadcrumb\":{\"@id\":\"https:\\\/\\\/strangercam.com\\\/free-random-video-chat\\\/#breadcrumb\"},\"inLanguage\":\"de\",\"potentialAction\":[{\"@type\":\"ReadAction\",\"target\":[\"https:\\\/\\\/strangercam.com\\\/free-random-video-chat\\\/\"]}]},{\"@type\":\"BreadcrumbList\",\"@id\":\"https:\\\/\\\/strangercam.com\\\/free-random-video-chat\\\/#breadcrumb\",\"itemListElement\":[{\"@type\":\"ListItem\",\"position\":1,\"name\":\"Home\",\"item\":\"https:\\\/\\\/strangercam.com\\\/\"},{\"@type\":\"ListItem\",\"position\":2,\"name\":\"Free Random Video Chat\"}]},{\"@type\":\"WebSite\",\"@id\":\"https:\\\/\\\/strangercam.com\\\/#website\",\"url\":\"https:\\\/\\\/strangercam.com\\\/\",\"name\":\"Strangercam\",\"description\":\"Random Video Chat with Strangers\",\"publisher\":{\"@id\":\"https:\\\/\\\/strangercam.com\\\/#organization\"},\"alternateName\":\"Strangercam.com\",\"potentialAction\":[{\"@type\":\"SearchAction\",\"target\":{\"@type\":\"EntryPoint\",\"urlTemplate\":\"https:\\\/\\\/strangercam.com\\\/?s={search_term_string}\"},\"query-input\":{\"@type\":\"PropertyValueSpecification\",\"valueRequired\":true,\"valueName\":\"search_term_string\"}}],\"inLanguage\":\"de\"},{\"@type\":\"Organization\",\"@id\":\"https:\\\/\\\/strangercam.com\\\/#organization\",\"name\":\"Strangercam\",\"alternateName\":\"Strangercam.com\",\"url\":\"https:\\\/\\\/strangercam.com\\\/\",\"logo\":{\"@type\":\"ImageObject\",\"inLanguage\":\"de\",\"@id\":\"https:\\\/\\\/strangercam.com\\\/#\\\/schema\\\/logo\\\/image\\\/\",\"url\":\"https:\\\/\\\/strangercam.com\\\/wp-content\\\/uploads\\\/2020\\\/11\\\/cropped-new-favicon-black.png\",\"contentUrl\":\"https:\\\/\\\/strangercam.com\\\/wp-content\\\/uploads\\\/2020\\\/11\\\/cropped-new-favicon-black.png\",\"width\":512,\"height\":512,\"caption\":\"Strangercam\"},\"image\":{\"@id\":\"https:\\\/\\\/strangercam.com\\\/#\\\/schema\\\/logo\\\/image\\\/\"},\"sameAs\":[\"https:\\\/\\\/www.facebook.com\\\/strangercam\",\"https:\\\/\\\/x.com\\\/strangercamapp\"]}]}<\/script>\n<!-- \/ Yoast SEO plugin. -->","yoast_head_json":{"title":"Kostenloser Zufalls-Video-Chat auf Strangercam.com","description":"M\u00f6gen Sie den kostenlosen Zufalls-Videochat? Join Millionen auf StrangerCam.com! Starten Sie einen zuf\u00e4lligen Video-Chat, schalten Sie Ihre Kamera ein und treffen Sie sofort Fremde.","robots":{"index":"index","follow":"follow","max-snippet":"max-snippet:-1","max-image-preview":"max-image-preview:large","max-video-preview":"max-video-preview:-1"},"canonical":"https:\/\/strangercam.com\/de\/kostenloser-zufalliger-video-chat\/","og_locale":"de_DE","og_type":"article","og_title":"Free Random Video Chat on Strangercam.com","og_description":"Liking Free Random Video Chat? Join millions on StrangerCam.com! Start a random video chat, turn on your cam, and meet strangers instantly.","og_url":"https:\/\/strangercam.com\/de\/kostenloser-zufalliger-video-chat\/","og_site_name":"Strangercam","article_publisher":"https:\/\/www.facebook.com\/strangercam","article_modified_time":"2025-09-03T11:42:39+00:00","og_image":[{"width":800,"height":532,"url":"https:\/\/strangercam.com\/wp-content\/uploads\/2021\/10\/Untitled-2.png","type":"image\/png"}],"twitter_card":"summary_large_image","twitter_site":"@strangercamapp","twitter_misc":{"Gesch\u00e4tzte Lesezeit":"5\u00a0Minuten"},"schema":{"@context":"https:\/\/schema.org","@graph":[{"@type":"WebPage","@id":"https:\/\/strangercam.com\/free-random-video-chat\/","url":"https:\/\/strangercam.com\/free-random-video-chat\/","name":"Kostenloser Zufalls-Video-Chat auf Strangercam.com","isPartOf":{"@id":"https:\/\/strangercam.com\/#website"},"datePublished":"2025-09-03T10:43:36+00:00","dateModified":"2025-09-03T11:42:39+00:00","description":"M\u00f6gen Sie den kostenlosen Zufalls-Videochat? Join Millionen auf StrangerCam.com! Starten Sie einen zuf\u00e4lligen Video-Chat, schalten Sie Ihre Kamera ein und treffen Sie sofort Fremde.","breadcrumb":{"@id":"https:\/\/strangercam.com\/free-random-video-chat\/#breadcrumb"},"inLanguage":"de","potentialAction":[{"@type":"ReadAction","target":["https:\/\/strangercam.com\/free-random-video-chat\/"]}]},{"@type":"BreadcrumbList","@id":"https:\/\/strangercam.com\/free-random-video-chat\/#breadcrumb","itemListElement":[{"@type":"ListItem","position":1,"name":"Home","item":"https:\/\/strangercam.com\/"},{"@type":"ListItem","position":2,"name":"Free Random Video Chat"}]},{"@type":"WebSite","@id":"https:\/\/strangercam.com\/#website","url":"https:\/\/strangercam.com\/","name":"Strangercam","description":"Zuf\u00e4lliger Video-Chat mit Fremden","publisher":{"@id":"https:\/\/strangercam.com\/#organization"},"alternateName":"Strangercam.com","potentialAction":[{"@type":"SearchAction","target":{"@type":"EntryPoint","urlTemplate":"https:\/\/strangercam.com\/?s={search_term_string}"},"query-input":{"@type":"PropertyValueSpecification","valueRequired":true,"valueName":"search_term_string"}}],"inLanguage":"de"},{"@type":"Organization","@id":"https:\/\/strangercam.com\/#organization","name":"Strangercam","alternateName":"Strangercam.com","url":"https:\/\/strangercam.com\/","logo":{"@type":"ImageObject","inLanguage":"de","@id":"https:\/\/strangercam.com\/#\/schema\/logo\/image\/","url":"https:\/\/strangercam.com\/wp-content\/uploads\/2020\/11\/cropped-new-favicon-black.png","contentUrl":"https:\/\/strangercam.com\/wp-content\/uploads\/2020\/11\/cropped-new-favicon-black.png","width":512,"height":512,"caption":"Strangercam"},"image":{"@id":"https:\/\/strangercam.com\/#\/schema\/logo\/image\/"},"sameAs":["https:\/\/www.facebook.com\/strangercam","https:\/\/x.com\/strangercamapp"]}]}},"_links":{"self":[{"href":"https:\/\/strangercam.com\/de\/wp-json\/wp\/v2\/pages\/4022","targetHints":{"allow":["GET"]}}],"collection":[{"href":"https:\/\/strangercam.com\/de\/wp-json\/wp\/v2\/pages"}],"about":[{"href":"https:\/\/strangercam.com\/de\/wp-json\/wp\/v2\/types\/page"}],"author":[{"embeddable":true,"href":"https:\/\/strangercam.com\/de\/wp-json\/wp\/v2\/users\/8"}],"replies":[{"embeddable":true,"href":"https:\/\/strangercam.com\/de\/wp-json\/wp\/v2\/comments?post=4022"}],"version-history":[{"count":3,"href":"https:\/\/strangercam.com\/de\/wp-json\/wp\/v2\/pages\/4022\/revisions"}],"predecessor-version":[{"id":12997,"href":"https:\/\/strangercam.com\/de\/wp-json\/wp\/v2\/pages\/4022\/revisions\/12997"}],"wp:attachment":[{"href":"https:\/\/strangercam.com\/de\/wp-json\/wp\/v2\/media?parent=4022"}],"curies":[{"name":"wp","href":"https:\/\/api.w.org\/{rel}","templated":true}]}}