{"id":4004,"date":"2025-09-03T12:37:25","date_gmt":"2025-09-03T10:37:25","guid":{"rendered":"https:\/\/strangercam.com\/?page_id=4004"},"modified":"2025-09-03T13:39:32","modified_gmt":"2025-09-03T11:39:32","slug":"videoanruf-fremde","status":"publish","type":"page","link":"https:\/\/strangercam.com\/de\/videoanruf-fremde\/","title":{"rendered":"Videoanrufe bei Fremden"},"content":{"rendered":"<p>Haben Sie nach der besten M\u00f6glichkeit gesucht, Fremde per Video anzurufen? Sie sind nicht allein. Jeden Monat suchen Millionen von Menschen nach Plattformen f\u00fcr sofortige Videoanrufe, auf denen sie zuf\u00e4llige Leute treffen, neue Freunde finden, zwanglos flirten oder sich einfach die Zeit vertreiben k\u00f6nnen. Im Gegensatz zu Dating-Apps oder sozialen Netzwerken, die sich langsam oder unecht anf\u00fchlen k\u00f6nnen, ist ein Videoanruf mit Fremden spontan, echt und aufregend.<\/p>\n<p>Mit Plattformen wie StrangerCam k\u00f6nnen Sie jederzeit kostenlose Videogespr\u00e4che mit Fremden f\u00fchren - ohne Anmeldung, ohne Downloads und ohne versteckte Kosten. Es ist eine der einfachsten und unterhaltsamsten M\u00f6glichkeiten, mit Menschen aus der ganzen Welt von Angesicht zu Angesicht in Kontakt zu treten.<\/p>\n<p>In diesem Leitfaden erfahren Sie alles, was Sie wissen m\u00fcssen: was es bedeutet, Fremde per Video anzurufen, warum es so beliebt ist, wie es funktioniert, welche Funktionen am wichtigsten sind, Vergleiche der wichtigsten Plattformen, Sicherheitstipps und warum StrangerCam einer der besten Orte f\u00fcr Videoanrufe mit Fremden im Jahr 2025 ist.<\/p>\n<h2>Was bedeutet \"Videoanruf bei Fremden\"?<\/h2>\n<p>Wenn Sie Fremde per Video anrufen, verbinden Sie sich sofort mit zuf\u00e4lligen Personen per Live-Webcam und Audio <a href=\"https:\/\/strangercam.com\/de\/chathub\/\">Chat<\/a>. Anders als bei textbasierten Plattformen k\u00f6nnen Sie bei Videogespr\u00e4chen sicher sein, dass Sie mit einer echten Person in Echtzeit sprechen.<\/p>\n<p>Sie brauchen keine Konten, Profile oder endloses Swipen. Dr\u00fccken Sie einfach eine Taste, und schon stehen Sie einer neuen Person gegen\u00fcber. Wenn der Chat nicht das ist, wonach Sie suchen, klicken Sie auf \"Weiter\" und gehen Sie sofort zur n\u00e4chsten Person weiter.<\/p>\n<h2>Warum Menschen kostenlose Videoanrufe mit Fremden lieben<\/h2>\n<p>Die Popularit\u00e4t des kostenlosen Videoanrufs mit Fremden ist sprunghaft angestiegen, weil er etwas Einzigartiges bietet:<\/p>\n<ul>\n<li>Authentizit\u00e4t: Video macht es unm\u00f6glich, zu f\u00e4lschen. Man sieht und h\u00f6rt die echte Person sofort.<\/li>\n<li>Spontaneit\u00e4t: Jeder Chat ist eine \u00dcberraschung. Man wei\u00df nie, wer der N\u00e4chste ist.<\/li>\n<li>Keine Bindung: Keine Anmeldungen, keine Profile - nur eine schnelle, sofortige Verbindung.<\/li>\n<li>Globale Reichweite: Treffen Sie weltweit Fremde, 24\/7.<\/li>\n<li>Freundschaft und Flirten: Manche Menschen nutzen es, um neue Freunde zu finden, andere, um unbeschwert zu flirten.<\/li>\n<li>Schnelle Unterhaltung: Perfekt, um Langeweile zu vertreiben oder den Tag aufregender zu gestalten.<\/li>\n<\/ul>\n<h2>Wie funktioniert ein Videoanruf mit Fremden?<\/h2>\n<p>Die Nutzung einer fremden Videogespr\u00e4chsplattform ist schnell und einfach:<\/p>\n<ol>\n<li>\u00d6ffnen Sie die Plattform (Desktop- oder Mobilbrowser).<\/li>\n<li>Erlauben Sie den Zugriff auf Kamera und Mikrofon.<\/li>\n<li>Klicken Sie auf \"Chat starten\", um sofort eine Verbindung mit einer zuf\u00e4lligen Person herzustellen.<\/li>\n<li>Sprechen Sie von Angesicht zu Angesicht und in Echtzeit.<\/li>\n<li>Klicken Sie immer dann auf \"Weiter\", wenn Sie jemand Neues kennenlernen m\u00f6chten.<\/li>\n<\/ol>\n<p>Einige Websites bieten auch Funktionen wie Geschlechtsfilter, L\u00e4nderauswahl und sogar \u00dcbersetzung im Chat.<\/p>\n<h2>Die wichtigsten Merkmale, auf die Sie achten sollten<\/h2>\n<p>Nicht jede Plattform, die Videogespr\u00e4che mit Fremden anbietet, ist Ihre Zeit wert. Hier ist, worauf Sie achten sollten:<\/p>\n<h3>1. Wirklich freier Zugang<\/h3>\n<p>Vermeiden Sie Websites, die vorgeben, kostenlos zu sein, aber Funktionen hinter Bezahlschranken einschr\u00e4nken.<\/p>\n<h3>2. Keine Anmeldung erforderlich<\/h3>\n<p>Sie sollten in der Lage sein, sofort zu chatten, ohne sich zu registrieren.<\/p>\n<h3>3. Filter f\u00fcr Geschlecht und Ort<\/h3>\n<p>N\u00fctzlich, wenn Sie bestimmte Personengruppen treffen m\u00f6chten.<\/p>\n<h3>4. Sichere Moderation<\/h3>\n<p>Plattformen mit Melde- und Moderationsfunktionen bieten ein sichereres Umfeld.<\/p>\n<h3>5. Mobilfreundliches Erlebnis<\/h3>\n<p>Stellen Sie sicher, dass die Plattform sowohl auf Smartphones als auch auf Desktops funktioniert.<\/p>\n<h3>6. Hochwertiges Video und Audio<\/h3>\n<p>Klare Verbindungen machen Gespr\u00e4che nat\u00fcrlich und angenehm.<\/p>\n<h2>Die besten Plattformen f\u00fcr Videogespr\u00e4che mit Fremden im Jahr 2025<\/h2>\n<p>Hier ein Vergleich der wichtigsten Plattformen f\u00fcr Videogespr\u00e4che mit Fremden:<\/p>\n<table>\n<thead>\n<tr>\n<th>Plattform<\/th>\n<th align=\"center\">Freier Zugang<\/th>\n<th align=\"center\">Gender-Filter<\/th>\n<th align=\"center\">Anmeldung erforderlich<\/th>\n<th align=\"center\">Mobile Unterst\u00fctzung<\/th>\n<th align=\"center\">Moderation<\/th>\n<th>Anmerkungen<\/th>\n<\/tr>\n<\/thead>\n<tbody>\n<tr>\n<td>StrangerCam<\/td>\n<td align=\"center\">\u2705<\/td>\n<td align=\"center\">\u2705 (Frei)<\/td>\n<td align=\"center\">\u274c<\/td>\n<td align=\"center\">\u2705<\/td>\n<td align=\"center\">\u2705<\/td>\n<td>Beste Gesamtauswahl, wirklich kostenlos<\/td>\n<\/tr>\n<tr>\n<td><a href=\"https:\/\/strangercam.com\/de\/chatroulette\/\">Chatroulette<\/a><\/td>\n<td align=\"center\">\u2705<\/td>\n<td align=\"center\">\u274c (Bezahlt)<\/td>\n<td align=\"center\">\u274c<\/td>\n<td align=\"center\">\u2705<\/td>\n<td align=\"center\">\u2705<\/td>\n<td>Klassisch, aber geschlechtsspezifischer Filter gesperrt<\/td>\n<\/tr>\n<tr>\n<td>Chatrandom<\/td>\n<td align=\"center\">\u2705<\/td>\n<td align=\"center\">\u274c (Bezahlt)<\/td>\n<td align=\"center\">\u274c<\/td>\n<td align=\"center\">\u2705<\/td>\n<td align=\"center\">\u2705<\/td>\n<td>Gro\u00dfer Nutzerstamm, aber Upgrades werden forciert<\/td>\n<\/tr>\n<tr>\n<td><a href=\"https:\/\/strangercam.com\/de\/ometv\/\">OmeTV<\/a><\/td>\n<td align=\"center\">\u2705<\/td>\n<td align=\"center\">\u274c<\/td>\n<td align=\"center\">\u274c<\/td>\n<td align=\"center\">\u2705<\/td>\n<td align=\"center\">\u2705<\/td>\n<td>Nur nach dem Zufallsprinzip, mobile App verf\u00fcgbar<\/td>\n<\/tr>\n<tr>\n<td>Shagle<\/td>\n<td align=\"center\">\u2705<\/td>\n<td align=\"center\">\u274c (Bezahlt)<\/td>\n<td align=\"center\">\u274c<\/td>\n<td align=\"center\">\u2705<\/td>\n<td align=\"center\">\u2705<\/td>\n<td>Kostenlose Chats, kostenpflichtige Premium-Funktionen<\/td>\n<\/tr>\n<tr>\n<td><a href=\"https:\/\/strangercam.com\/de\/coomeet\/\">CooMeet<\/a><\/td>\n<td align=\"center\">\u274c (Versuch)<\/td>\n<td align=\"center\">\u2705<\/td>\n<td align=\"center\">\u2705<\/td>\n<td align=\"center\">\u2705<\/td>\n<td align=\"center\">\u2705<\/td>\n<td>Bezahlt nach einer kurzen kostenlosen Testphase<\/td>\n<\/tr>\n<tr>\n<td>LuckyCrush<\/td>\n<td align=\"center\">\u274c<\/td>\n<td align=\"center\">\u2705<\/td>\n<td align=\"center\">\u2705<\/td>\n<td align=\"center\">\u2705<\/td>\n<td align=\"center\">\u2705<\/td>\n<td>Immer bezahlter, geschlechtsspezifischer Chat<\/td>\n<\/tr>\n<\/tbody>\n<\/table>\n<p>StrangerCam ist eine der wenigen Plattformen, die kostenlose Videogespr\u00e4che mit Fremden mit einem funktionierenden Geschlechtsfilter, ohne Anmeldung und mit unbegrenzter Nutzung anbietet.<\/p>\n<h2>Warum StrangerCam die beste Wahl ist<\/h2>\n<p>Hier erfahren Sie, warum StrangerCam eine der besten Plattformen f\u00fcr Videogespr\u00e4che mit Fremden im Jahr 2025 ist:<\/p>\n<h3>1. 100% Kostenlos &amp; Unbegrenzt<\/h3>\n<p>Kein Guthaben, keine Einschr\u00e4nkungen - nur kostenlose Videoanrufe.<\/p>\n<h3>2. Kostenloser Gender-Filter<\/h3>\n<p>W\u00e4hlen Sie aus, mit wem Sie sprechen m\u00f6chten - mit M\u00e4nnern, Frauen oder beidem - ohne zu bezahlen.<\/p>\n<h3>3. Keine Anmeldung erforderlich<\/h3>\n<p>Bleiben Sie anonym und stellen Sie sofort eine Verbindung her.<\/p>\n<h3>4. Sicher &amp; moderiert<\/h3>\n<p>Aktive Moderation und Meldefunktionen sorgen f\u00fcr eine freundliche Community.<\/p>\n<h3>5. Globale Nutzerbasis<\/h3>\n<p>Treffen Sie jederzeit Fremde aus \u00fcber 100 L\u00e4ndern.<\/p>\n<h3>6. Funktioniert auf allen Ger\u00e4ten<\/h3>\n<p>Optimiert f\u00fcr Handy und Desktop gleicherma\u00dfen.<\/p>\n<h2>Echte Anwenderberichte<\/h2>\n<blockquote><p><em>\"Ich wollte eine Website, auf der ich Fremde per Video anrufen konnte, ohne betrogen zu werden. StrangerCam war die erste Plattform, die tats\u00e4chlich kostenlos war.\"<\/em><br \/>\n- Josh, 27<\/p><\/blockquote>\n<blockquote><p><em>\"Ich finde es toll, dass ich mich nicht anmelden muss. Ich muss nur auf Start klicken und schon bin ich mit echten Menschen verbunden.\"<\/em><br \/>\n- Isabella, 22<\/p><\/blockquote>\n<blockquote><p><em>\"Der Geschlechtsfilter funktioniert tats\u00e4chlich, ohne dass man daf\u00fcr extra bezahlen muss. Endlich eine Seite, die h\u00e4lt, was sie verspricht.\"<\/em><br \/>\n- Liam, 29<\/p><\/blockquote>\n<blockquote><p><em>\"Schnell, einfach und unterhaltsam. Ich habe an einem einzigen Abend Leute aus der ganzen Welt kennengelernt.\"<\/em><br \/>\n- Sofia, 24<\/p><\/blockquote>\n<h2>Sicherheitstipps f\u00fcr Videogespr\u00e4che mit Fremden<\/h2>\n<p>Auch wenn Videogespr\u00e4che mit Fremden Spa\u00df machen, sollten Sie immer auf Nummer sicher gehen:<\/p>\n<ul>\n<li>Geben Sie keine pers\u00f6nlichen Daten wie Ihren Namen, Ihre Adresse oder Ihre Telefonnummer weiter.<\/li>\n<li>Vermeiden Sie es, auf Links von Fremden zu klicken.<\/li>\n<li>Benutzen Sie die Schaltfl\u00e4che \"Weiter\", wenn Ihnen der Chat unangenehm ist.<\/li>\n<li>\u00dcberpr\u00fcfen Sie Ihren Hintergrund, bevor Sie Ihre Webcam einschalten.<\/li>\n<li>Halten Sie sich an die Sicherheitsinstrumente der Plattform (Blockieren\/Melden).<\/li>\n<li>Respektieren Sie Altersgrenzen - nutzen Sie keine Plattformen f\u00fcr Erwachsene, wenn Sie unter 18 sind.<\/li>\n<\/ul>\n<h2>Der Einstieg - Schritt f\u00fcr Schritt<\/h2>\n<p>Es dauert weniger als eine Minute, um einen Videoanruf mit Fremden zu starten:<\/p>\n<ol>\n<li>\u00d6ffnen Sie StrangerCam in Ihrem Browser oder auf Ihrem Handy.<\/li>\n<li>Erlauben Sie den Zugriff auf Webcam und Mikrofon.<\/li>\n<li>W\u00e4hlen Sie Pr\u00e4ferenzen (z. B. Geschlechtsfilter).<\/li>\n<li>Klicken Sie auf Chat starten, um eine sofortige Verbindung herzustellen.<\/li>\n<li>Dr\u00fccken Sie jederzeit auf Weiter, wenn Sie jemand Neues kennenlernen m\u00f6chten.<\/li>\n<\/ol>\n<p>Das war's - schnell, einfach und kostenlos.<\/p>\n<h2>Abschlie\u00dfende Gedanken - Probieren Sie kostenlose Videoanrufe mit Fremden noch heute aus<\/h2>\n<p>Im Jahr 2025 ist eine der einfachsten M\u00f6glichkeiten, neue Leute kennenzulernen, ein Videoanruf bei Fremden im Internet. Das ist spontan, aufregend und man kann sofort echte Kontakte kn\u00fcpfen.<\/p>\n<p>Aber nicht jede Plattform bietet das. Viele Seiten verstecken wichtige Funktionen hinter Paywalls oder f\u00fcllen ihre Chats mit Bots. Deshalb ist StrangerCam die beste Option: Es ist kostenlos, sicher, anonym und voller Menschen aus der ganzen Welt, die bereit sind, sich zu treffen.<\/p>\n<p>Bereit, jemand Neues kennenzulernen? Starten Sie noch heute einen kostenlosen Videoanruf mit Fremden und sehen Sie, wen Sie als n\u00e4chstes treffen werden.<\/p>","protected":false},"excerpt":{"rendered":"<p>Have you been looking for the best way to video call strangers? You\u2019re not alone. Every month, millions of people search for instant video call platforms where they can meet random people, make new friends, flirt casually, or simply pass the time. Unlike dating apps or social networks, which can feel slow or fake, a [&hellip;]<\/p>\n","protected":false},"author":8,"featured_media":0,"parent":0,"menu_order":0,"comment_status":"closed","ping_status":"closed","template":"","meta":{"footnotes":""},"class_list":["post-4004","page","type-page","status-publish","hentry"],"yoast_head":"<!-- This site is optimized with the Yoast SEO plugin v26.9 - https:\/\/yoast.com\/product\/yoast-seo-wordpress\/ -->\n<title>Video Call Strangers on Strangercam.com<\/title>\n<meta name=\"description\" content=\"Liking Video Call Strangers? Join millions on StrangerCam.com! Start a random video chat, turn on your cam, and meet strangers instantly.\" \/>\n<meta name=\"robots\" content=\"index, follow, max-snippet:-1, max-image-preview:large, max-video-preview:-1\" \/>\n<link rel=\"canonical\" href=\"https:\/\/strangercam.com\/de\/videoanruf-fremde\/\" \/>\n<meta property=\"og:locale\" content=\"de_DE\" \/>\n<meta property=\"og:type\" content=\"article\" \/>\n<meta property=\"og:title\" content=\"Video Call Strangers on Strangercam.com\" \/>\n<meta property=\"og:description\" content=\"Liking Video Call Strangers? Join millions on StrangerCam.com! Start a random video chat, turn on your cam, and meet strangers instantly.\" \/>\n<meta property=\"og:url\" content=\"https:\/\/strangercam.com\/de\/videoanruf-fremde\/\" \/>\n<meta property=\"og:site_name\" content=\"Strangercam\" \/>\n<meta property=\"article:publisher\" content=\"https:\/\/www.facebook.com\/strangercam\" \/>\n<meta property=\"article:modified_time\" content=\"2025-09-03T11:39:32+00:00\" \/>\n<meta property=\"og:image\" content=\"https:\/\/strangercam.com\/wp-content\/uploads\/2021\/10\/Untitled-2.png\" \/>\n\t<meta property=\"og:image:width\" content=\"800\" \/>\n\t<meta property=\"og:image:height\" content=\"532\" \/>\n\t<meta property=\"og:image:type\" content=\"image\/png\" \/>\n<meta name=\"twitter:card\" content=\"summary_large_image\" \/>\n<meta name=\"twitter:site\" content=\"@strangercamapp\" \/>\n<meta name=\"twitter:label1\" content=\"Gesch\u00e4tzte Lesezeit\" \/>\n\t<meta name=\"twitter:data1\" content=\"5\u00a0Minuten\" \/>\n<script type=\"application\/ld+json\" class=\"yoast-schema-graph\">{\"@context\":\"https:\/\/schema.org\",\"@graph\":[{\"@type\":\"WebPage\",\"@id\":\"https:\/\/strangercam.com\/video-call-strangers\/\",\"url\":\"https:\/\/strangercam.com\/video-call-strangers\/\",\"name\":\"Video Call Strangers on Strangercam.com\",\"isPartOf\":{\"@id\":\"https:\/\/strangercam.com\/#website\"},\"datePublished\":\"2025-09-03T10:37:25+00:00\",\"dateModified\":\"2025-09-03T11:39:32+00:00\",\"description\":\"Liking Video Call Strangers? Join millions on StrangerCam.com! Start a random video chat, turn on your cam, and meet strangers instantly.\",\"breadcrumb\":{\"@id\":\"https:\/\/strangercam.com\/video-call-strangers\/#breadcrumb\"},\"inLanguage\":\"de\",\"potentialAction\":[{\"@type\":\"ReadAction\",\"target\":[\"https:\/\/strangercam.com\/video-call-strangers\/\"]}]},{\"@type\":\"BreadcrumbList\",\"@id\":\"https:\/\/strangercam.com\/video-call-strangers\/#breadcrumb\",\"itemListElement\":[{\"@type\":\"ListItem\",\"position\":1,\"name\":\"Home\",\"item\":\"https:\/\/strangercam.com\/\"},{\"@type\":\"ListItem\",\"position\":2,\"name\":\"Video Call Strangers\"}]},{\"@type\":\"WebSite\",\"@id\":\"https:\/\/strangercam.com\/#website\",\"url\":\"https:\/\/strangercam.com\/\",\"name\":\"Strangercam\",\"description\":\"Random Video Chat with Strangers\",\"publisher\":{\"@id\":\"https:\/\/strangercam.com\/#organization\"},\"alternateName\":\"Strangercam.com\",\"potentialAction\":[{\"@type\":\"SearchAction\",\"target\":{\"@type\":\"EntryPoint\",\"urlTemplate\":\"https:\/\/strangercam.com\/?s={search_term_string}\"},\"query-input\":{\"@type\":\"PropertyValueSpecification\",\"valueRequired\":true,\"valueName\":\"search_term_string\"}}],\"inLanguage\":\"de\"},{\"@type\":\"Organization\",\"@id\":\"https:\/\/strangercam.com\/#organization\",\"name\":\"Strangercam\",\"alternateName\":\"Strangercam.com\",\"url\":\"https:\/\/strangercam.com\/\",\"logo\":{\"@type\":\"ImageObject\",\"inLanguage\":\"de\",\"@id\":\"https:\/\/strangercam.com\/#\/schema\/logo\/image\/\",\"url\":\"https:\/\/strangercam.com\/wp-content\/uploads\/2020\/11\/cropped-new-favicon-black.png\",\"contentUrl\":\"https:\/\/strangercam.com\/wp-content\/uploads\/2020\/11\/cropped-new-favicon-black.png\",\"width\":512,\"height\":512,\"caption\":\"Strangercam\"},\"image\":{\"@id\":\"https:\/\/strangercam.com\/#\/schema\/logo\/image\/\"},\"sameAs\":[\"https:\/\/www.facebook.com\/strangercam\",\"https:\/\/x.com\/strangercamapp\"]}]}<\/script>\n<!-- \/ Yoast SEO plugin. -->","yoast_head_json":{"title":"Videoanrufe bei Fremden auf Strangercam.com","description":"Magst du Videoanrufe mit Fremden? Join Millionen auf StrangerCam.com! Starten Sie einen zuf\u00e4lligen Video-Chat, schalten Sie Ihre Kamera ein und treffen Sie sofort Fremde.","robots":{"index":"index","follow":"follow","max-snippet":"max-snippet:-1","max-image-preview":"max-image-preview:large","max-video-preview":"max-video-preview:-1"},"canonical":"https:\/\/strangercam.com\/de\/videoanruf-fremde\/","og_locale":"de_DE","og_type":"article","og_title":"Video Call Strangers on Strangercam.com","og_description":"Liking Video Call Strangers? Join millions on StrangerCam.com! Start a random video chat, turn on your cam, and meet strangers instantly.","og_url":"https:\/\/strangercam.com\/de\/videoanruf-fremde\/","og_site_name":"Strangercam","article_publisher":"https:\/\/www.facebook.com\/strangercam","article_modified_time":"2025-09-03T11:39:32+00:00","og_image":[{"width":800,"height":532,"url":"https:\/\/strangercam.com\/wp-content\/uploads\/2021\/10\/Untitled-2.png","type":"image\/png"}],"twitter_card":"summary_large_image","twitter_site":"@strangercamapp","twitter_misc":{"Gesch\u00e4tzte Lesezeit":"5\u00a0Minuten"},"schema":{"@context":"https:\/\/schema.org","@graph":[{"@type":"WebPage","@id":"https:\/\/strangercam.com\/video-call-strangers\/","url":"https:\/\/strangercam.com\/video-call-strangers\/","name":"Videoanrufe bei Fremden auf Strangercam.com","isPartOf":{"@id":"https:\/\/strangercam.com\/#website"},"datePublished":"2025-09-03T10:37:25+00:00","dateModified":"2025-09-03T11:39:32+00:00","description":"Magst du Videoanrufe mit Fremden? Join Millionen auf StrangerCam.com! Starten Sie einen zuf\u00e4lligen Video-Chat, schalten Sie Ihre Kamera ein und treffen Sie sofort Fremde.","breadcrumb":{"@id":"https:\/\/strangercam.com\/video-call-strangers\/#breadcrumb"},"inLanguage":"de","potentialAction":[{"@type":"ReadAction","target":["https:\/\/strangercam.com\/video-call-strangers\/"]}]},{"@type":"BreadcrumbList","@id":"https:\/\/strangercam.com\/video-call-strangers\/#breadcrumb","itemListElement":[{"@type":"ListItem","position":1,"name":"Home","item":"https:\/\/strangercam.com\/"},{"@type":"ListItem","position":2,"name":"Video Call Strangers"}]},{"@type":"WebSite","@id":"https:\/\/strangercam.com\/#website","url":"https:\/\/strangercam.com\/","name":"Strangercam","description":"Zuf\u00e4lliger Video-Chat mit Fremden","publisher":{"@id":"https:\/\/strangercam.com\/#organization"},"alternateName":"Strangercam.com","potentialAction":[{"@type":"SearchAction","target":{"@type":"EntryPoint","urlTemplate":"https:\/\/strangercam.com\/?s={search_term_string}"},"query-input":{"@type":"PropertyValueSpecification","valueRequired":true,"valueName":"search_term_string"}}],"inLanguage":"de"},{"@type":"Organization","@id":"https:\/\/strangercam.com\/#organization","name":"Strangercam","alternateName":"Strangercam.com","url":"https:\/\/strangercam.com\/","logo":{"@type":"ImageObject","inLanguage":"de","@id":"https:\/\/strangercam.com\/#\/schema\/logo\/image\/","url":"https:\/\/strangercam.com\/wp-content\/uploads\/2020\/11\/cropped-new-favicon-black.png","contentUrl":"https:\/\/strangercam.com\/wp-content\/uploads\/2020\/11\/cropped-new-favicon-black.png","width":512,"height":512,"caption":"Strangercam"},"image":{"@id":"https:\/\/strangercam.com\/#\/schema\/logo\/image\/"},"sameAs":["https:\/\/www.facebook.com\/strangercam","https:\/\/x.com\/strangercamapp"]}]}},"_links":{"self":[{"href":"https:\/\/strangercam.com\/de\/wp-json\/wp\/v2\/pages\/4004","targetHints":{"allow":["GET"]}}],"collection":[{"href":"https:\/\/strangercam.com\/de\/wp-json\/wp\/v2\/pages"}],"about":[{"href":"https:\/\/strangercam.com\/de\/wp-json\/wp\/v2\/types\/page"}],"author":[{"embeddable":true,"href":"https:\/\/strangercam.com\/de\/wp-json\/wp\/v2\/users\/8"}],"replies":[{"embeddable":true,"href":"https:\/\/strangercam.com\/de\/wp-json\/wp\/v2\/comments?post=4004"}],"version-history":[{"count":2,"href":"https:\/\/strangercam.com\/de\/wp-json\/wp\/v2\/pages\/4004\/revisions"}],"predecessor-version":[{"id":12995,"href":"https:\/\/strangercam.com\/de\/wp-json\/wp\/v2\/pages\/4004\/revisions\/12995"}],"wp:attachment":[{"href":"https:\/\/strangercam.com\/de\/wp-json\/wp\/v2\/media?parent=4004"}],"curies":[{"name":"wp","href":"https:\/\/api.w.org\/{rel}","templated":true}]}}