{"id":3987,"date":"2025-08-28T17:34:41","date_gmt":"2025-08-28T15:34:41","guid":{"rendered":"https:\/\/strangercam.com\/?page_id=3987"},"modified":"2025-09-03T13:32:08","modified_gmt":"2025-09-03T11:32:08","slug":"mit-fremden-online-sprechen-video","status":"publish","type":"page","link":"https:\/\/strangercam.com\/de\/talk-to-strangers-online-video\/","title":{"rendered":"Mit Fremden sprechen Online Video"},"content":{"rendered":"<p>Sind Sie auf der Suche nach der besten Methode, mit Fremden online per Video zu sprechen? Da sind Sie nicht der Einzige. Jeden Tag springen Millionen von Menschen auf zuf\u00e4llige <a href=\"https:\/\/strangercam.com\/de\/chathub\/\">Chat<\/a> Plattformen, um von Angesicht zu Angesicht mit neuen Menschen auf der ganzen Welt in Kontakt zu treten. Im Gegensatz zu sozialen Medien oder Dating-Apps, wo Gespr\u00e4che oft inszeniert wirken oder Zeit brauchen, um zu beginnen, ist ein Live-Videochat mit Fremden sofort, authentisch und spannend.<\/p>\n<p>Mit modernen Plattformen wie StrangerCam k\u00f6nnen Sie sofort einen kostenlosen Online-Videochat mit Fremden beginnen - ohne Anmeldung, ohne Downloads und ohne versteckte Geb\u00fchren. Egal, ob Sie Freundschaften schlie\u00dfen, eine Sprache \u00fcben, zwanglos flirten oder einfach nur die Langeweile vertreiben wollen - mit Fremden per Video zu sprechen war noch nie so einfach und sicher.<\/p>\n<p>In diesem Leitfaden erfahren Sie alles, was Sie \u00fcber Online-Videochats mit Fremden wissen m\u00fcssen: wie sie funktionieren, warum sie so popul\u00e4r geworden sind, welche Funktionen am wichtigsten sind, Sicherheitstipps, Plattformvergleiche und warum StrangerCam eine der ersten Wahl f\u00fcr 2025 ist.<\/p>\n<h2>Was bedeutet \"Talk to Strangers Online Video\"?<\/h2>\n<p>Wenn Sie sich online per Video mit Fremden unterhalten, nutzen Sie Ihre Webcam und Ihr Mikrofon, um sich \u00fcber das Internet mit beliebigen Personen zu unterhalten. Im Gegensatz zu Text-Chatrooms oder sozialen Plattformen bietet dieses Format Echtzeit-Gespr\u00e4che von Angesicht zu Angesicht mit Fremden - und damit ein viel authentischeres und spontaneres Erlebnis.<\/p>\n<p>Anstatt endlos auf Dating-Apps zu swipen oder auf Antworten in sozialen Medien zu warten, dr\u00fcckt man einen Knopf und trifft sofort jemanden. Es kann jemand aus Ihrem eigenen Land sein oder ein Fremder am anderen Ende der Welt. Jedes Gespr\u00e4ch ist eine \u00dcberraschung.<\/p>\n<h2>Warum Menschen kostenlose Online-Videochats mit Fremden lieben<\/h2>\n<p>Der Aufstieg von Online-Videoplattformen, auf denen man kostenlos mit Fremden sprechen kann, ist enorm - und das aus gutem Grund. Hier erfahren Sie, warum die Nutzer immer wieder zur\u00fcckkommen:<\/p>\n<ul>\n<li>Echte menschliche Verbindung: Video beweist, dass Sie mit einer echten Person sprechen und nicht mit einem gef\u00e4lschten Profil oder Bot.<\/li>\n<li>Aufregend und spontan: Jeder Chat ist unvorhersehbar - lustig, freundlich, kokett oder manchmal tiefgr\u00fcndig.<\/li>\n<li>Keine Barrieren: Keine Registrierung, keine Profile, keine Wartezeiten - nur sofortige Verbindung.<\/li>\n<li>Kultureller Austausch: Lernen Sie Menschen aus verschiedenen L\u00e4ndern kennen und erfahren Sie mehr \u00fcber ihre Lebensgewohnheiten.<\/li>\n<li>Hilfe gegen Einsamkeit: F\u00fcr viele ist es ein schneller Weg, sich verbunden zu f\u00fchlen und die Langeweile zu vertreiben.<\/li>\n<li>Freiheit der Wahl: Wenn Sie mit jemandem nicht zufrieden sind, k\u00f6nnen Sie mit einem Klick zum n\u00e4chsten Chat wechseln.<\/li>\n<\/ul>\n<h2>Wie funktioniert das Online-Gespr\u00e4ch mit Fremden per Video?<\/h2>\n<p>Das Verfahren ist so konzipiert, dass es schnell und einfach ist:<\/p>\n<ol>\n<li>\u00d6ffnen Sie die Plattform (mobil oder Desktop).<\/li>\n<li>Erlauben Sie den Zugriff auf Kamera und Mikrofon, wenn Sie dazu aufgefordert werden.<\/li>\n<li>Klicken Sie auf \"Chat starten\", um sich sofort mit einem zuf\u00e4lligen Fremden zu verbinden.<\/li>\n<li>Sprechen Sie live auf Video. Wenn Ihnen der Chat nicht gef\u00e4llt, dr\u00fccken Sie auf \"Weiter\".<\/li>\n<li>Wiederholen Sie das endlos - es gibt keine Grenze, wie viele Menschen Sie treffen k\u00f6nnen.<\/li>\n<\/ol>\n<p>Einige Plattformen bieten auch Extras wie Geschlechtsfilter, Standortabgleich und sogar integrierte \u00dcbersetzungstools f\u00fcr sprach\u00fcbergreifende Chats.<\/p>\n<h2>Die wichtigsten Merkmale, auf die Sie achten sollten<\/h2>\n<p>Wenn Sie ein optimales Erlebnis haben m\u00f6chten, wenn Sie sich mit Fremden per Online-Video unterhalten, sollten Sie auf diese Funktionen achten:<\/p>\n<h3>1. Wirklich freier Zugang<\/h3>\n<p>Die besten Plattformen lassen Sie chatten, ohne Sie zu einem Abonnement zu zwingen.<\/p>\n<h3>2. Keine Anmeldung erforderlich<\/h3>\n<p>Bleiben Sie anonym und st\u00fcrzen Sie sich direkt in den Spa\u00df, ohne Konten oder Anmeldungen.<\/p>\n<h3>3. Filter f\u00fcr Geschlecht und Ort<\/h3>\n<p>Hilfreich, wenn Sie bestimmte Arten von Menschen treffen m\u00f6chten (z. B. nur mit M\u00e4dchen oder Fremden aus Ihrem Land chatten).<\/p>\n<h3>4. Moderation und Sicherheitskontrollen<\/h3>\n<p>Aktive Moderatoren und Meldetools helfen, den Raum vor unangemessenem Verhalten zu sch\u00fctzen.<\/p>\n<h3>5. Handy-freundliches Design<\/h3>\n<p>Sie sollten in der Lage sein, eine einfache Verbindung von Ihrem Telefon aus herzustellen, nicht nur von Ihrem Computer aus.<\/p>\n<h3>6. Hochwertiges Video<\/h3>\n<p>Glatte, klare Videos machen Gespr\u00e4che nat\u00fcrlicher und angenehmer.<\/p>\n<h2>Die besten Plattformen f\u00fcr Online-Videogespr\u00e4che mit Fremden im Jahr 2025<\/h2>\n<p>Hier sehen Sie einige der beliebtesten Plattformen im Vergleich:<\/p>\n<table>\n<thead>\n<tr>\n<th>Plattform<\/th>\n<th align=\"center\">Freier Zugang<\/th>\n<th align=\"center\">Gender-Filter<\/th>\n<th align=\"center\">Anmeldung erforderlich<\/th>\n<th align=\"center\">Mobile Unterst\u00fctzung<\/th>\n<th align=\"center\">Moderation<\/th>\n<th>Anmerkungen<\/th>\n<\/tr>\n<\/thead>\n<tbody>\n<tr>\n<td>StrangerCam<\/td>\n<td align=\"center\">\u2705<\/td>\n<td align=\"center\">\u2705 (Frei)<\/td>\n<td align=\"center\">\u274c<\/td>\n<td align=\"center\">\u2705<\/td>\n<td align=\"center\">\u2705<\/td>\n<td>Insgesamt die beste Wahl, sicher und wirklich kostenlos<\/td>\n<\/tr>\n<tr>\n<td><a href=\"https:\/\/strangercam.com\/de\/chatroulette\/\">Chatroulette<\/a><\/td>\n<td align=\"center\">\u2705<\/td>\n<td align=\"center\">\u274c (Bezahlt)<\/td>\n<td align=\"center\">\u274c<\/td>\n<td align=\"center\">\u2705<\/td>\n<td align=\"center\">\u2705<\/td>\n<td>Klassisch, aber geschlechtsspezifischer Filter gesperrt<\/td>\n<\/tr>\n<tr>\n<td>Chatrandom<\/td>\n<td align=\"center\">\u2705<\/td>\n<td align=\"center\">\u274c (Bezahlt)<\/td>\n<td align=\"center\">\u274c<\/td>\n<td align=\"center\">\u2705<\/td>\n<td align=\"center\">\u2705<\/td>\n<td>Gro\u00dfer Nutzerstamm, aber Upgrades erforderlich<\/td>\n<\/tr>\n<tr>\n<td><a href=\"https:\/\/strangercam.com\/de\/ometv\/\">OmeTV<\/a><\/td>\n<td align=\"center\">\u2705<\/td>\n<td align=\"center\">\u274c<\/td>\n<td align=\"center\">\u274c<\/td>\n<td align=\"center\">\u2705<\/td>\n<td align=\"center\">\u2705<\/td>\n<td>App-basiert, nur zuf\u00e4llig<\/td>\n<\/tr>\n<tr>\n<td>Shagle<\/td>\n<td align=\"center\">\u2705<\/td>\n<td align=\"center\">\u274c (Bezahlt)<\/td>\n<td align=\"center\">\u274c<\/td>\n<td align=\"center\">\u2705<\/td>\n<td align=\"center\">\u2705<\/td>\n<td>Kostenlose Chats, aber Premium-Upgrades werden forciert<\/td>\n<\/tr>\n<tr>\n<td><a href=\"https:\/\/strangercam.com\/de\/coomeet\/\">CooMeet<\/a><\/td>\n<td align=\"center\">\u274c (Versuch)<\/td>\n<td align=\"center\">\u2705<\/td>\n<td align=\"center\">\u2705<\/td>\n<td align=\"center\">\u2705<\/td>\n<td align=\"center\">\u2705<\/td>\n<td>Bezahlt nach ein paar kostenlosen Chats<\/td>\n<\/tr>\n<tr>\n<td>LuckyCrush<\/td>\n<td align=\"center\">\u274c<\/td>\n<td align=\"center\">\u2705<\/td>\n<td align=\"center\">\u2705<\/td>\n<td align=\"center\">\u2705<\/td>\n<td align=\"center\">\u2705<\/td>\n<td>Immer bezahlte, geschlechtsspezifische Verbindungen<\/td>\n<\/tr>\n<\/tbody>\n<\/table>\n<p>StrangerCam ist eine der wenigen Plattformen, die kostenlose, unbegrenzte Online-Videochats mit Fremden und einen funktionierenden Geschlechtsfilter ohne Registrierung anbietet.<\/p>\n<h2>Warum StrangerCam der beste Ort ist, um mit Fremden online zu sprechen<\/h2>\n<p>Hier erfahren Sie, warum StrangerCam im Jahr 2025 eine der besten Plattformen f\u00fcr Online-Videogespr\u00e4che mit Fremden ist:<\/p>\n<h3>1. V\u00f6llig kostenlos &amp; unbegrenzt<\/h3>\n<p>Keine versteckten Kosten, Testversuche oder Kreditsysteme - Sie k\u00f6nnen so viel chatten, wie Sie wollen.<\/p>\n<h3>2. Echter Gender-Filter, der kostenlos ist<\/h3>\n<p>Im Gegensatz zu den meisten Konkurrenten k\u00f6nnen Sie bei StrangerCam M\u00e4dchen, Jungs oder beides ausw\u00e4hlen, ohne daf\u00fcr zu bezahlen.<\/p>\n<h3>3. Keine Registrierung erforderlich<\/h3>\n<p>Starten Sie direkt ins Vergn\u00fcgen, ohne ein Konto zu erstellen.<\/p>\n<h3>4. Sicher &amp; moderiert<\/h3>\n<p>Robuste Meldesysteme und Live-Moderation machen es zu einer der sichersten Optionen.<\/p>\n<h3>5. Globale Nutzerbasis<\/h3>\n<p>Treffen Sie Fremde aus \u00fcber 100 L\u00e4ndern, jederzeit, 24\/7.<\/p>\n<h3>6. Funktioniert \u00fcberall<\/h3>\n<p>Optimiert f\u00fcr Desktop und Handy, so dass Sie auch unterwegs chatten k\u00f6nnen.<\/p>\n<h2>Echte Anwenderberichte<\/h2>\n<blockquote><p><em>\"Ich wollte einfach einen Ort, an dem ich mit Fremden online per Video sprechen kann, ohne Bezahlschranken oder Downloads. StrangerCam bot mir genau das - kostenlos, schnell und unterhaltsam.\"<\/em><br \/>\n- Daniel, 28<\/p><\/blockquote>\n<blockquote><p><em>\"Ich habe hier Menschen aus so vielen verschiedenen L\u00e4ndern kennengelernt. Das macht s\u00fcchtig und ist eine tolle Art, meine Abende zu verbringen.\"<\/em><br \/>\n- Sophia, 24<\/p><\/blockquote>\n<blockquote><p><em>\"Endlich eine Website, auf der der Gender-Filter tats\u00e4chlich funktioniert, ohne dass man daf\u00fcr bezahlen muss. Sehr zu empfehlen.\"<\/em><br \/>\n- Ryan, 32<\/p><\/blockquote>\n<blockquote><p><em>\"Es f\u00fchlt sich sicherer an als andere Plattformen, die ich ausprobiert habe. Die Moderation ist solide, und ich kann sofort aussteigen, wenn mir die Stimmung nicht gef\u00e4llt.\"<\/em><br \/>\n- Lea, 21<\/p><\/blockquote>\n<h2>Sicherheitstipps f\u00fcr Online-Gespr\u00e4che mit Fremden<\/h2>\n<p>Auch wenn Online-Videochats Spa\u00df machen, sollte die Sicherheit immer an erster Stelle stehen:<\/p>\n<ul>\n<li>Geben Sie keine pers\u00f6nlichen Daten weiter (Adresse, vollst\u00e4ndiger Name, Telefonnummer).<\/li>\n<li>\u00dcberspringen oder blockieren Sie jeden, der Ihnen Unbehagen bereitet.<\/li>\n<li>Klicken Sie niemals auf Links, die von Fremden gesendet werden.<\/li>\n<li>Verwenden Sie einen neutralen Hintergrund, damit Sie keine privaten Details preisgeben.<\/li>\n<li>Bleiben Sie bei den Plattform-Tools - verwenden Sie bei Bedarf Berichtsfunktionen.<\/li>\n<li>Respektieren Sie die Altersbeschr\u00e4nkungen - wenn Sie unter 18 sind, sollten Sie keine Chat-Seiten f\u00fcr Erwachsene benutzen.<\/li>\n<\/ul>\n<h2>Der Einstieg - Schritt f\u00fcr Schritt<\/h2>\n<p>Es dauert weniger als eine Minute, um mit Fremden per Video ins Gespr\u00e4ch zu kommen:<\/p>\n<ol>\n<li>\u00d6ffnen Sie StrangerCam in Ihrem Browser.<\/li>\n<li>Erlauben Sie den Zugriff auf Kamera und Mikrofon.<\/li>\n<li>W\u00e4hlen Sie Pr\u00e4ferenzen (wie den Geschlechtsfilter).<\/li>\n<li>Klicken Sie auf \"Chat starten\", um sofort Ihren ersten Fremden zu treffen.<\/li>\n<li>Klicken Sie jederzeit auf Weiter, um ein neues Gespr\u00e4ch zu beginnen.<\/li>\n<\/ol>\n<p>Das war's - schnell, einfach und v\u00f6llig kostenlos.<\/p>\n<h2>H\u00e4ufig gestellte Fragen<\/h2>\n<h3>Ist es wirklich kostenlos, mit Fremden online per Video zu sprechen?<\/h3>\n<p>Ja. Plattformen wie StrangerCam bieten unbegrenzte kostenlose Chats ohne versteckte Kosten.<\/p>\n<h3>Muss ich mich anmelden?<\/h3>\n<p>Nein. F\u00fcr StrangerCam ist kein Konto oder Login erforderlich.<\/p>\n<h3>Sind die Fremden echt?<\/h3>\n<p>Ja. Bei Live-Videos sprechen Sie mit echten Menschen, nicht mit Bots oder gef\u00e4lschten Accounts.<\/p>\n<h3>Kann ich es auf meinem Handy benutzen?<\/h3>\n<p>Ja, StrangerCam funktioniert sowohl auf dem Desktop als auch auf mobilen Ger\u00e4ten perfekt.<\/p>\n<h3>Ist es sicher?<\/h3>\n<p>Ja, vorausgesetzt, Sie befolgen grundlegende Sicherheitstipps und nutzen die Meldefunktionen von StrangerCam.<\/p>\n<h2>Abschlie\u00dfende Gedanken - Probieren Sie den kostenlosen Online-Videochat mit Fremden noch heute aus<\/h2>\n<p>Im Jahr 2025 ist es am einfachsten, online neue Leute kennenzulernen, indem man sich per Videochat mit Fremden unterh\u00e4lt. Er ist spontan, authentisch und kostenlos und gibt Ihnen die M\u00f6glichkeit, sofort mit echten Menschen weltweit in Kontakt zu treten.<\/p>\n<p>Aber nicht jede Plattform bietet das. Viele verstecken Funktionen hinter Paywalls oder f\u00fcllen ihre Seiten mit Bots. Deshalb ist StrangerCam heute eine der besten Entscheidungen: Es ist kostenlos, sicher, anonym und 24\/7 ge\u00f6ffnet mit einer globalen Gemeinschaft, die darauf wartet, dich zu treffen.<\/p>\n<p>Bereit f\u00fcr eine Verbindung? Starten Sie jetzt einen kostenlosen Online-Videochat mit Fremden - Sie wissen nie, wen Sie als N\u00e4chstes treffen werden.<\/p>","protected":false},"excerpt":{"rendered":"<p>Are you looking for the best way to talk to strangers online video style? You\u2019re not the only one. Every day, millions of people jump onto random chat platforms to connect face-to-face with new people across the globe. Unlike social media or dating apps, where conversations often feel staged or take time to start, live [&hellip;]<\/p>\n","protected":false},"author":8,"featured_media":0,"parent":0,"menu_order":0,"comment_status":"closed","ping_status":"closed","template":"","meta":{"footnotes":""},"class_list":["post-3987","page","type-page","status-publish","hentry"],"yoast_head":"<!-- This site is optimized with the Yoast SEO plugin v27.4 - https:\/\/yoast.com\/product\/yoast-seo-wordpress\/ -->\n<title>Talk to Strangers Online Video on Strangercam.com<\/title>\n<meta name=\"description\" content=\"Liking Talk to Strangers Online Video? Join millions on StrangerCam.com! Start a random video chat, turn on your cam, and meet strangers instantly.\" \/>\n<meta name=\"robots\" content=\"index, follow, max-snippet:-1, max-image-preview:large, max-video-preview:-1\" \/>\n<link rel=\"canonical\" href=\"https:\/\/strangercam.com\/de\/mit-fremden-online-sprechen-video\/\" \/>\n<meta property=\"og:locale\" content=\"de_DE\" \/>\n<meta property=\"og:type\" content=\"article\" \/>\n<meta property=\"og:title\" content=\"Talk to Strangers Online Video on Strangercam.com\" \/>\n<meta property=\"og:description\" content=\"Liking Talk to Strangers Online Video? Join millions on StrangerCam.com! Start a random video chat, turn on your cam, and meet strangers instantly.\" \/>\n<meta property=\"og:url\" content=\"https:\/\/strangercam.com\/de\/mit-fremden-online-sprechen-video\/\" \/>\n<meta property=\"og:site_name\" content=\"Strangercam\" \/>\n<meta property=\"article:publisher\" content=\"https:\/\/www.facebook.com\/strangercam\" \/>\n<meta property=\"article:modified_time\" content=\"2025-09-03T11:32:08+00:00\" \/>\n<meta property=\"og:image\" content=\"https:\/\/strangercam.com\/wp-content\/uploads\/2021\/10\/Untitled-2.png\" \/>\n\t<meta property=\"og:image:width\" content=\"800\" \/>\n\t<meta property=\"og:image:height\" content=\"532\" \/>\n\t<meta property=\"og:image:type\" content=\"image\/png\" \/>\n<meta name=\"twitter:card\" content=\"summary_large_image\" \/>\n<meta name=\"twitter:site\" content=\"@strangercamapp\" \/>\n<meta name=\"twitter:label1\" content=\"Gesch\u00e4tzte Lesezeit\" \/>\n\t<meta name=\"twitter:data1\" content=\"6\u00a0Minuten\" \/>\n<script type=\"application\/ld+json\" class=\"yoast-schema-graph\">{\"@context\":\"https:\\\/\\\/schema.org\",\"@graph\":[{\"@type\":\"WebPage\",\"@id\":\"https:\\\/\\\/strangercam.com\\\/talk-to-strangers-online-video\\\/\",\"url\":\"https:\\\/\\\/strangercam.com\\\/talk-to-strangers-online-video\\\/\",\"name\":\"Talk to Strangers Online Video on Strangercam.com\",\"isPartOf\":{\"@id\":\"https:\\\/\\\/strangercam.com\\\/#website\"},\"datePublished\":\"2025-08-28T15:34:41+00:00\",\"dateModified\":\"2025-09-03T11:32:08+00:00\",\"description\":\"Liking Talk to Strangers Online Video? Join millions on StrangerCam.com! Start a random video chat, turn on your cam, and meet strangers instantly.\",\"breadcrumb\":{\"@id\":\"https:\\\/\\\/strangercam.com\\\/talk-to-strangers-online-video\\\/#breadcrumb\"},\"inLanguage\":\"de\",\"potentialAction\":[{\"@type\":\"ReadAction\",\"target\":[\"https:\\\/\\\/strangercam.com\\\/talk-to-strangers-online-video\\\/\"]}]},{\"@type\":\"BreadcrumbList\",\"@id\":\"https:\\\/\\\/strangercam.com\\\/talk-to-strangers-online-video\\\/#breadcrumb\",\"itemListElement\":[{\"@type\":\"ListItem\",\"position\":1,\"name\":\"Home\",\"item\":\"https:\\\/\\\/strangercam.com\\\/\"},{\"@type\":\"ListItem\",\"position\":2,\"name\":\"Talk to Strangers Online Video\"}]},{\"@type\":\"WebSite\",\"@id\":\"https:\\\/\\\/strangercam.com\\\/#website\",\"url\":\"https:\\\/\\\/strangercam.com\\\/\",\"name\":\"Strangercam\",\"description\":\"Random Video Chat with Strangers\",\"publisher\":{\"@id\":\"https:\\\/\\\/strangercam.com\\\/#organization\"},\"alternateName\":\"Strangercam.com\",\"potentialAction\":[{\"@type\":\"SearchAction\",\"target\":{\"@type\":\"EntryPoint\",\"urlTemplate\":\"https:\\\/\\\/strangercam.com\\\/?s={search_term_string}\"},\"query-input\":{\"@type\":\"PropertyValueSpecification\",\"valueRequired\":true,\"valueName\":\"search_term_string\"}}],\"inLanguage\":\"de\"},{\"@type\":\"Organization\",\"@id\":\"https:\\\/\\\/strangercam.com\\\/#organization\",\"name\":\"Strangercam\",\"alternateName\":\"Strangercam.com\",\"url\":\"https:\\\/\\\/strangercam.com\\\/\",\"logo\":{\"@type\":\"ImageObject\",\"inLanguage\":\"de\",\"@id\":\"https:\\\/\\\/strangercam.com\\\/#\\\/schema\\\/logo\\\/image\\\/\",\"url\":\"https:\\\/\\\/strangercam.com\\\/wp-content\\\/uploads\\\/2020\\\/11\\\/cropped-new-favicon-black.png\",\"contentUrl\":\"https:\\\/\\\/strangercam.com\\\/wp-content\\\/uploads\\\/2020\\\/11\\\/cropped-new-favicon-black.png\",\"width\":512,\"height\":512,\"caption\":\"Strangercam\"},\"image\":{\"@id\":\"https:\\\/\\\/strangercam.com\\\/#\\\/schema\\\/logo\\\/image\\\/\"},\"sameAs\":[\"https:\\\/\\\/www.facebook.com\\\/strangercam\",\"https:\\\/\\\/x.com\\\/strangercamapp\"]}]}<\/script>\n<!-- \/ Yoast SEO plugin. -->","yoast_head_json":{"title":"Sprich mit Fremden Online-Video auf Strangercam.com","description":"M\u00f6gen Sie Talk to Strangers Online Video? Join Millionen auf StrangerCam.com! Starten Sie einen zuf\u00e4lligen Video-Chat, schalten Sie Ihre Kamera ein und treffen Sie sofort Fremde.","robots":{"index":"index","follow":"follow","max-snippet":"max-snippet:-1","max-image-preview":"max-image-preview:large","max-video-preview":"max-video-preview:-1"},"canonical":"https:\/\/strangercam.com\/de\/mit-fremden-online-sprechen-video\/","og_locale":"de_DE","og_type":"article","og_title":"Talk to Strangers Online Video on Strangercam.com","og_description":"Liking Talk to Strangers Online Video? Join millions on StrangerCam.com! Start a random video chat, turn on your cam, and meet strangers instantly.","og_url":"https:\/\/strangercam.com\/de\/mit-fremden-online-sprechen-video\/","og_site_name":"Strangercam","article_publisher":"https:\/\/www.facebook.com\/strangercam","article_modified_time":"2025-09-03T11:32:08+00:00","og_image":[{"width":800,"height":532,"url":"https:\/\/strangercam.com\/wp-content\/uploads\/2021\/10\/Untitled-2.png","type":"image\/png"}],"twitter_card":"summary_large_image","twitter_site":"@strangercamapp","twitter_misc":{"Gesch\u00e4tzte Lesezeit":"6\u00a0Minuten"},"schema":{"@context":"https:\/\/schema.org","@graph":[{"@type":"WebPage","@id":"https:\/\/strangercam.com\/talk-to-strangers-online-video\/","url":"https:\/\/strangercam.com\/talk-to-strangers-online-video\/","name":"Sprich mit Fremden Online-Video auf Strangercam.com","isPartOf":{"@id":"https:\/\/strangercam.com\/#website"},"datePublished":"2025-08-28T15:34:41+00:00","dateModified":"2025-09-03T11:32:08+00:00","description":"M\u00f6gen Sie Talk to Strangers Online Video? Join Millionen auf StrangerCam.com! Starten Sie einen zuf\u00e4lligen Video-Chat, schalten Sie Ihre Kamera ein und treffen Sie sofort Fremde.","breadcrumb":{"@id":"https:\/\/strangercam.com\/talk-to-strangers-online-video\/#breadcrumb"},"inLanguage":"de","potentialAction":[{"@type":"ReadAction","target":["https:\/\/strangercam.com\/talk-to-strangers-online-video\/"]}]},{"@type":"BreadcrumbList","@id":"https:\/\/strangercam.com\/talk-to-strangers-online-video\/#breadcrumb","itemListElement":[{"@type":"ListItem","position":1,"name":"Home","item":"https:\/\/strangercam.com\/"},{"@type":"ListItem","position":2,"name":"Talk to Strangers Online Video"}]},{"@type":"WebSite","@id":"https:\/\/strangercam.com\/#website","url":"https:\/\/strangercam.com\/","name":"Strangercam","description":"Zuf\u00e4lliger Video-Chat mit Fremden","publisher":{"@id":"https:\/\/strangercam.com\/#organization"},"alternateName":"Strangercam.com","potentialAction":[{"@type":"SearchAction","target":{"@type":"EntryPoint","urlTemplate":"https:\/\/strangercam.com\/?s={search_term_string}"},"query-input":{"@type":"PropertyValueSpecification","valueRequired":true,"valueName":"search_term_string"}}],"inLanguage":"de"},{"@type":"Organization","@id":"https:\/\/strangercam.com\/#organization","name":"Strangercam","alternateName":"Strangercam.com","url":"https:\/\/strangercam.com\/","logo":{"@type":"ImageObject","inLanguage":"de","@id":"https:\/\/strangercam.com\/#\/schema\/logo\/image\/","url":"https:\/\/strangercam.com\/wp-content\/uploads\/2020\/11\/cropped-new-favicon-black.png","contentUrl":"https:\/\/strangercam.com\/wp-content\/uploads\/2020\/11\/cropped-new-favicon-black.png","width":512,"height":512,"caption":"Strangercam"},"image":{"@id":"https:\/\/strangercam.com\/#\/schema\/logo\/image\/"},"sameAs":["https:\/\/www.facebook.com\/strangercam","https:\/\/x.com\/strangercamapp"]}]}},"_links":{"self":[{"href":"https:\/\/strangercam.com\/de\/wp-json\/wp\/v2\/pages\/3987","targetHints":{"allow":["GET"]}}],"collection":[{"href":"https:\/\/strangercam.com\/de\/wp-json\/wp\/v2\/pages"}],"about":[{"href":"https:\/\/strangercam.com\/de\/wp-json\/wp\/v2\/types\/page"}],"author":[{"embeddable":true,"href":"https:\/\/strangercam.com\/de\/wp-json\/wp\/v2\/users\/8"}],"replies":[{"embeddable":true,"href":"https:\/\/strangercam.com\/de\/wp-json\/wp\/v2\/comments?post=3987"}],"version-history":[{"count":2,"href":"https:\/\/strangercam.com\/de\/wp-json\/wp\/v2\/pages\/3987\/revisions"}],"predecessor-version":[{"id":12981,"href":"https:\/\/strangercam.com\/de\/wp-json\/wp\/v2\/pages\/3987\/revisions\/12981"}],"wp:attachment":[{"href":"https:\/\/strangercam.com\/de\/wp-json\/wp\/v2\/media?parent=3987"}],"curies":[{"name":"wp","href":"https:\/\/api.w.org\/{rel}","templated":true}]}}