{"id":3970,"date":"2025-08-28T17:31:39","date_gmt":"2025-08-28T15:31:39","guid":{"rendered":"https:\/\/strangercam.com\/?page_id=3970"},"modified":"2025-09-03T13:32:00","modified_gmt":"2025-09-03T11:32:00","slug":"zufalliger-webcam-chat","status":"publish","type":"page","link":"https:\/\/strangercam.com\/de\/random-webcam-chat\/","title":{"rendered":"Zuf\u00e4lliger Webcam-Chat"},"content":{"rendered":"<p>Auf der Suche nach dem Nervenkitzel einer Zufalls-Webcam <a href=\"https:\/\/strangercam.com\/de\/chathub\/\">Chat<\/a>? Sie sind nicht allein. Seit den fr\u00fchen Tagen der <a href=\"https:\/\/strangercam.com\/de\/omegle\/\">Omegle<\/a> und <a href=\"https:\/\/strangercam.com\/de\/chatroulette\/\">Chatroulette<\/a>, haben Millionen von Menschen den Spa\u00df entdeckt, sich per Mausklick von Angesicht zu Angesicht mit Fremden zu unterhalten. Im Gegensatz zu sozialen Medien oder Dating-Apps, bei denen sich Unterhaltungen geplant oder langsam anf\u00fchlen, ist ein zuf\u00e4lliger Webcam-Chat sofort, spontan und real.<\/p>\n<p>Im Jahr 2025 machen es Plattformen wie StrangerCam einfacher denn je, kostenlose Webcam-Chats zu genie\u00dfen - ohne Downloads, ohne Anmeldung und ohne versteckte Kosten. Egal, ob Sie neue Freunde kennenlernen, flirten, Kulturen austauschen oder einfach nur der Langeweile entfliehen wollen, Webcam-Chat mit Fremden ist eine der aufregendsten M\u00f6glichkeiten, online in Kontakt zu treten.<\/p>\n<p>In diesem Leitfaden erfahren Sie alles, was Sie wissen m\u00fcssen: wie der zuf\u00e4llige Webcam-Chat funktioniert, warum er so beliebt ist, auf welche Funktionen Sie achten sollten, Vergleiche der wichtigsten Plattformen, Sicherheitstipps und warum StrangerCam heute eine der besten Wahlm\u00f6glichkeiten ist.<\/p>\n<h2>Was ist Random Webcam Chat?<\/h2>\n<p>Der Random-Webcam-Chat ist ein pers\u00f6nliches Live-Videoerlebnis, das Sie \u00fcber Ihre Webcam und Ihr Mikrofon sofort mit Fremden auf der ganzen Welt verbindet. Im Gegensatz zu Text-Chatrooms k\u00f6nnen Sie beim Webcam-Chat in Echtzeit von Angesicht zu Angesicht kommunizieren.<\/p>\n<p>Das Verfahren ist so konzipiert, dass es schnell und einfach ist: Dr\u00fccken Sie einfach auf \"Start\", und innerhalb von Sekunden werden Sie mit einem neuen Menschen zusammengebracht. Wenn Ihnen das Gespr\u00e4ch nicht gef\u00e4llt, dr\u00fccken Sie auf \"Weiter\", um weiterzugehen. Jeder Chat ist einzigartig - manchmal lustig, manchmal flirty, manchmal \u00fcberraschend.<\/p>\n<h2>Warum Menschen lieben kostenlose Random Webcam Chat<\/h2>\n<p>Die Anziehungskraft des kostenlosen Webcam-Chats w\u00e4chst rasant, und hier ist der Grund daf\u00fcr:<\/p>\n<ul>\n<li>Spontaner Spa\u00df - Man wei\u00df nie, wem man als n\u00e4chstes begegnet.<\/li>\n<li>Authentizit\u00e4t - Ein Video beweist, dass Sie mit einer echten Person sprechen und nicht mit einem Bot oder einem gef\u00e4lschten Profil.<\/li>\n<li>Keine Anmeldungen oder Verpflichtungen - Viele Plattformen erfordern keine Konten. Einfach klicken und chatten.<\/li>\n<li>Global Connections - Treffen Sie in Sekundenschnelle Menschen aus der ganzen Welt.<\/li>\n<li>Abwechslung - Jeder Chat ist anders: zwanglos, kulturell oder sogar flirtend.<\/li>\n<li>Stressabbau und Unterhaltung - Eine perfekte M\u00f6glichkeit, sich zu entspannen und Langeweile zu vertreiben.<\/li>\n<\/ul>\n<h2>Wie funktioniert Random Webcam Chat?<\/h2>\n<p>Es ist unglaublich einfach, einen zuf\u00e4lligen Webcam-Chat zu starten:<\/p>\n<ol>\n<li>\u00d6ffnen Sie die Plattform auf Ihrem Computer oder Mobilger\u00e4t.<\/li>\n<li>Erlauben Sie den Zugriff auf Kamera und Mikrofon.<\/li>\n<li>Klicken Sie auf \"Chat starten\". Sie werden sofort mit einem Fremden verbunden.<\/li>\n<li>Sprechen Sie live von Angesicht zu Angesicht.<\/li>\n<li>Klicken Sie immer dann auf \"Weiter\", wenn Sie jemand Neues kennenlernen m\u00f6chten.<\/li>\n<\/ol>\n<p>Der gesamte Vorgang dauert weniger als eine Minute und ist damit eine der einfachsten M\u00f6glichkeiten, online neue Leute kennenzulernen.<\/p>\n<h2>Wichtigste Merkmale f\u00fcr die Suche<\/h2>\n<p>Nicht alle Webcam-Chat-Plattformen sind gleich. Um die beste Erfahrung zu machen, sollten Sie auf diese Hauptmerkmale achten:<\/p>\n<h3>1. Wirklich freier Zugang<\/h3>\n<p>Vermeiden Sie Websites, die vorgeben, kostenlos zu sein, Sie aber schnell zu Paywalls dr\u00e4ngen.<\/p>\n<h3>2. Keine Anmeldung erforderlich<\/h3>\n<p>Sie sollten sich nicht registrieren oder pers\u00f6nliche Daten preisgeben m\u00fcssen, nur um mit dem Chatten zu beginnen.<\/p>\n<h3>3. Filter f\u00fcr Geschlecht und Ort<\/h3>\n<p>W\u00e4hlen Sie, ob Sie mit bestimmten Personengruppen chatten m\u00f6chten, z. B. nur mit Frauen oder mit Personen aus bestimmten L\u00e4ndern.<\/p>\n<h3>4. Starke Moderations- und Berichtswerkzeuge<\/h3>\n<p>Diese halten die Umgebung sicher, indem sie missbr\u00e4uchliche Nutzer und Bots entfernen.<\/p>\n<h3>5. Mobile Kompatibilit\u00e4t<\/h3>\n<p>Eine gute Plattform sollte auf Handys, Tablets und Desktops reibungslos funktionieren.<\/p>\n<h3>6. Hochwertiges Video und Audio<\/h3>\n<p>Klare, zuverl\u00e4ssige Verbindungen machen Gespr\u00e4che nat\u00fcrlicher und unterhaltsamer.<\/p>\n<h2>Beste Zufalls-Webcam-Chat-Plattformen im Jahr 2025<\/h2>\n<p>Hier ist, wie die Top-Optionen f\u00fcr Benutzer, die f\u00fcr zuf\u00e4llige Webcam-Chat zu vergleichen:<\/p>\n<table>\n<thead>\n<tr>\n<th>Plattform<\/th>\n<th align=\"center\">Freier Zugang<\/th>\n<th align=\"center\">Gender-Filter<\/th>\n<th align=\"center\">Anmeldung erforderlich<\/th>\n<th align=\"center\">Mobile Unterst\u00fctzung<\/th>\n<th align=\"center\">Moderation<\/th>\n<th>Anmerkungen<\/th>\n<\/tr>\n<\/thead>\n<tbody>\n<tr>\n<td>StrangerCam<\/td>\n<td align=\"center\">\u2705<\/td>\n<td align=\"center\">\u2705 (Frei)<\/td>\n<td align=\"center\">\u274c<\/td>\n<td align=\"center\">\u2705<\/td>\n<td align=\"center\">\u2705<\/td>\n<td>Beste Allround-Wahl, wirklich kostenlos<\/td>\n<\/tr>\n<tr>\n<td>Chatroulette<\/td>\n<td align=\"center\">\u2705<\/td>\n<td align=\"center\">\u274c (Bezahlt)<\/td>\n<td align=\"center\">\u274c<\/td>\n<td align=\"center\">\u2705<\/td>\n<td align=\"center\">\u2705<\/td>\n<td>Klassisch, aber mit kostenpflichtigen Filtern<\/td>\n<\/tr>\n<tr>\n<td>Chatrandom<\/td>\n<td align=\"center\">\u2705<\/td>\n<td align=\"center\">\u274c (Bezahlt)<\/td>\n<td align=\"center\">\u274c<\/td>\n<td align=\"center\">\u2705<\/td>\n<td align=\"center\">\u2705<\/td>\n<td>Beliebt, aber Upgrades forciert<\/td>\n<\/tr>\n<tr>\n<td><a href=\"https:\/\/strangercam.com\/de\/ometv\/\">OmeTV<\/a><\/td>\n<td align=\"center\">\u2705<\/td>\n<td align=\"center\">\u274c<\/td>\n<td align=\"center\">\u274c<\/td>\n<td align=\"center\">\u2705<\/td>\n<td align=\"center\">\u2705<\/td>\n<td>Mobile App, nur Zufallsabgleich<\/td>\n<\/tr>\n<tr>\n<td>Shagle<\/td>\n<td align=\"center\">\u2705<\/td>\n<td align=\"center\">\u274c (Bezahlt)<\/td>\n<td align=\"center\">\u274c<\/td>\n<td align=\"center\">\u2705<\/td>\n<td align=\"center\">\u2705<\/td>\n<td>Viele Funktionen in der Premiumversion enthalten<\/td>\n<\/tr>\n<tr>\n<td><a href=\"https:\/\/strangercam.com\/de\/coomeet\/\">CooMeet<\/a><\/td>\n<td align=\"center\">\u274c (Versuch)<\/td>\n<td align=\"center\">\u2705<\/td>\n<td align=\"center\">\u2705<\/td>\n<td align=\"center\">\u2705<\/td>\n<td align=\"center\">\u2705<\/td>\n<td>Bezahlt nach begrenzter kostenloser Testphase<\/td>\n<\/tr>\n<tr>\n<td>LuckyCrush<\/td>\n<td align=\"center\">\u274c<\/td>\n<td align=\"center\">\u2705<\/td>\n<td align=\"center\">\u2705<\/td>\n<td align=\"center\">\u2705<\/td>\n<td align=\"center\">\u2705<\/td>\n<td>Immer bezahlt, geschlechtsspezifisches Matching<\/td>\n<\/tr>\n<\/tbody>\n<\/table>\n<p>StrangerCam ist eine der wenigen Plattformen, die einen kostenlosen, zuf\u00e4lligen Webcam-Chat mit funktionierenden Geschlechtsfiltern, ohne Registrierung und mit unbegrenztem Zugang anbietet.<\/p>\n<h2>Warum StrangerCam der beste Ort f\u00fcr zuf\u00e4lligen Webcam-Chat ist<\/h2>\n<p>Hier ist, warum StrangerCam ist eine Top-Wahl f\u00fcr Webcam-Chat im Jahr 2025:<\/p>\n<h3>1. V\u00f6llig kostenlos<\/h3>\n<p>Unbegrenzte Chats mit Fremden, keine versteckten Kosten.<\/p>\n<h3>2. Kostenloser Gender-Filter<\/h3>\n<p>W\u00e4hlen Sie Jungs, M\u00e4dchen oder beides - ohne Bezahlschranke.<\/p>\n<h3>3. Keine Anmeldung erforderlich<\/h3>\n<p>Steigen Sie direkt und v\u00f6llig anonym in den Chat ein.<\/p>\n<h3>4. Sicher &amp; moderiert<\/h3>\n<p>Robuste Berichterstattungswerkzeuge und Moderationssysteme halten den Raum sauber und freundlich.<\/p>\n<h3>5. Globale Gemeinschaft<\/h3>\n<p>Fremde aus \u00fcber 100 L\u00e4ndern 24\/7 online.<\/p>\n<h3>6. Handy-freundliches Design<\/h3>\n<p>Optimiert f\u00fcr alle Ger\u00e4te - Chatten Sie jederzeit und \u00fcberall.<\/p>\n<h2>Echte Anwenderberichte<\/h2>\n<blockquote><p><em>\"Zuf\u00e4llige Webcam-Chats sind meine liebste Art, nach der Arbeit zu entspannen. StrangerCam macht es so einfach - keine Anmeldungen, kein Unsinn, nur kostenlose Chats.\"<\/em><br \/>\n- Michael, 29<\/p><\/blockquote>\n<blockquote><p><em>\"Der Gender-Filter funktioniert tats\u00e4chlich kostenlos, was selten ist. Ich hatte einige tolle Gespr\u00e4che mit M\u00e4dchen auf der ganzen Welt.\"<\/em><br \/>\n- Emma, 23<\/p><\/blockquote>\n<blockquote><p><em>\"Es macht so viel Spa\u00df. In der einen Minute unterhalte ich mich mit jemandem aus Italien, in der n\u00e4chsten mit jemandem aus Kanada. Man wei\u00df nie, was einen erwartet.\"<\/em><br \/>\n- David, 26<\/p><\/blockquote>\n<blockquote><p><em>\"Ich habe andere Seiten ausprobiert, aber die meisten haben mich zur Kasse gebeten. StrangerCam ist die einzige, die ihr Versprechen eines kostenlosen Webcam-Chats h\u00e4lt.\"<\/em><br \/>\n- Sophia, 20<\/p><\/blockquote>\n<h2>Sicherheitstipps f\u00fcr den zuf\u00e4lligen Webcam-Chat<\/h2>\n<p>Auch wenn Webcam-Chat Spa\u00df macht, sollten Sie sich immer absichern:<\/p>\n<ul>\n<li>Geben Sie keine pers\u00f6nlichen Daten wie Telefon, E-Mail oder Wohnanschrift weiter.<\/li>\n<li>\u00dcberspringen oder blockieren Sie jeden, der Ihnen Unbehagen bereitet.<\/li>\n<li>Klicken Sie niemals auf Links, die Fremde teilen.<\/li>\n<li>Verwenden Sie einen neutralen Hintergrund, um zu vermeiden, dass private Details preisgegeben werden.<\/li>\n<li>Halten Sie sich an die Altersvorschriften - wenn Sie unter 18 sind, vermeiden Sie Chat-Seiten f\u00fcr Erwachsene.<\/li>\n<li>Halten Sie sich an die Tools der Plattform, um schlechte Nutzer zu melden oder zu sperren.<\/li>\n<\/ul>\n<h2>Der Einstieg - Schritt f\u00fcr Schritt<\/h2>\n<p>Das Starten eines zuf\u00e4lligen Webcam-Chats dauert nur Sekunden:<\/p>\n<ol>\n<li>\u00d6ffnen Sie StrangerCam in Ihrem Browser.<\/li>\n<li>Erlauben Sie den Zugriff auf Webcam und Mikrofon.<\/li>\n<li>W\u00e4hlen Sie Pr\u00e4ferenzen (wie den Geschlechtsfilter).<\/li>\n<li>Klicken Sie auf Chat starten, um eine sofortige Verbindung herzustellen.<\/li>\n<li>Klicken Sie jederzeit auf \"Weiter\", um jemand Neues kennenzulernen.<\/li>\n<\/ol>\n<p>Das war's - schnell, einfach und v\u00f6llig kostenlos.<\/p>\n<h2>H\u00e4ufig gestellte Fragen<\/h2>\n<h3>Ist der zuf\u00e4llige Webcam-Chat kostenlos?<\/h3>\n<p>Ja, StrangerCam bietet unbegrenzte kostenlose Webcam-Chats mit Fremden.<\/p>\n<h3>Muss ich mich anmelden?<\/h3>\n<p>Nein. StrangerCam erfordert keine Registrierung.<\/p>\n<h3>Sind die Menschen echt?<\/h3>\n<p>Ja. Der Webcam-Chat stellt sicher, dass Sie mit echten Menschen und nicht mit Bots verbunden sind.<\/p>\n<h3>Kann ich es auf meinem Handy benutzen?<\/h3>\n<p>Ja, StrangerCam ist mobilfreundlich und funktioniert auf allen Ger\u00e4ten.<\/p>\n<h3>Ist es sicher?<\/h3>\n<p>Ja, solange Sie die Sicherheitstipps befolgen und die Meldetools der Plattform nutzen.<\/p>\n<h2>Abschlie\u00dfende Gedanken - Probieren Sie den kostenlosen Random Webcam Chat noch heute aus<\/h2>\n<p>Im Jahr 2025 ist der zuf\u00e4llige Webcam-Chat immer noch eine der aufregendsten M\u00f6glichkeiten, online neue Leute kennenzulernen. Er ist kostenlos, spontan und l\u00e4sst Sie authentische menschliche Interaktion in Echtzeit erleben.<\/p>\n<p>Aber nicht jede Plattform bietet das - viele verstecken Filter hinter Bezahlschranken oder \u00fcberfluten ihre Chats mit Bots. Deshalb ist StrangerCam die beste Wahl: Es ist kostenlos, anonym, sicher und immer voll von Menschen, die bereit sind, sich zu treffen.<\/p>\n<p>Sind Sie bereit, es zu versuchen? Starten Sie noch heute einen kostenlosen, zuf\u00e4lligen Webcam-Chat und sehen Sie, wen Sie als n\u00e4chstes treffen werden.<\/p>","protected":false},"excerpt":{"rendered":"<p>Looking for the thrill of a random webcam chat? You\u2019re not alone. Since the early days of Omegle and Chatroulette, millions of people have discovered the fun of connecting face-to-face with strangers at the click of a button. Unlike social media or dating apps, where conversations feel planned or slow, random webcam chat is instant, [&hellip;]<\/p>\n","protected":false},"author":8,"featured_media":0,"parent":0,"menu_order":0,"comment_status":"closed","ping_status":"closed","template":"","meta":{"footnotes":""},"class_list":["post-3970","page","type-page","status-publish","hentry"],"yoast_head":"<!-- This site is optimized with the Yoast SEO plugin v27.4 - https:\/\/yoast.com\/product\/yoast-seo-wordpress\/ -->\n<title>Random Webcam Chat with Random Chat on Strangercam.com<\/title>\n<meta name=\"description\" content=\"Liking Random Webcam Chat? Join millions on StrangerCam.com! Start a random video chat, turn on your cam, and meet strangers instantly.\" \/>\n<meta name=\"robots\" content=\"index, follow, max-snippet:-1, max-image-preview:large, max-video-preview:-1\" \/>\n<link rel=\"canonical\" href=\"https:\/\/strangercam.com\/de\/zufalliger-webcam-chat\/\" \/>\n<meta property=\"og:locale\" content=\"de_DE\" \/>\n<meta property=\"og:type\" content=\"article\" \/>\n<meta property=\"og:title\" content=\"Random Webcam Chat with Random Chat on Strangercam.com\" \/>\n<meta property=\"og:description\" content=\"Liking Random Webcam Chat? Join millions on StrangerCam.com! Start a random video chat, turn on your cam, and meet strangers instantly.\" \/>\n<meta property=\"og:url\" content=\"https:\/\/strangercam.com\/de\/zufalliger-webcam-chat\/\" \/>\n<meta property=\"og:site_name\" content=\"Strangercam\" \/>\n<meta property=\"article:publisher\" content=\"https:\/\/www.facebook.com\/strangercam\" \/>\n<meta property=\"article:modified_time\" content=\"2025-09-03T11:32:00+00:00\" \/>\n<meta property=\"og:image\" content=\"https:\/\/strangercam.com\/wp-content\/uploads\/2021\/10\/Untitled-2.png\" \/>\n\t<meta property=\"og:image:width\" content=\"800\" \/>\n\t<meta property=\"og:image:height\" content=\"532\" \/>\n\t<meta property=\"og:image:type\" content=\"image\/png\" \/>\n<meta name=\"twitter:card\" content=\"summary_large_image\" \/>\n<meta name=\"twitter:site\" content=\"@strangercamapp\" \/>\n<meta name=\"twitter:label1\" content=\"Gesch\u00e4tzte Lesezeit\" \/>\n\t<meta name=\"twitter:data1\" content=\"5\u00a0Minuten\" \/>\n<script type=\"application\/ld+json\" class=\"yoast-schema-graph\">{\"@context\":\"https:\\\/\\\/schema.org\",\"@graph\":[{\"@type\":\"WebPage\",\"@id\":\"https:\\\/\\\/strangercam.com\\\/random-webcam-chat\\\/\",\"url\":\"https:\\\/\\\/strangercam.com\\\/random-webcam-chat\\\/\",\"name\":\"Random Webcam Chat with Random Chat on Strangercam.com\",\"isPartOf\":{\"@id\":\"https:\\\/\\\/strangercam.com\\\/#website\"},\"datePublished\":\"2025-08-28T15:31:39+00:00\",\"dateModified\":\"2025-09-03T11:32:00+00:00\",\"description\":\"Liking Random Webcam Chat? Join millions on StrangerCam.com! Start a random video chat, turn on your cam, and meet strangers instantly.\",\"breadcrumb\":{\"@id\":\"https:\\\/\\\/strangercam.com\\\/random-webcam-chat\\\/#breadcrumb\"},\"inLanguage\":\"de\",\"potentialAction\":[{\"@type\":\"ReadAction\",\"target\":[\"https:\\\/\\\/strangercam.com\\\/random-webcam-chat\\\/\"]}]},{\"@type\":\"BreadcrumbList\",\"@id\":\"https:\\\/\\\/strangercam.com\\\/random-webcam-chat\\\/#breadcrumb\",\"itemListElement\":[{\"@type\":\"ListItem\",\"position\":1,\"name\":\"Home\",\"item\":\"https:\\\/\\\/strangercam.com\\\/\"},{\"@type\":\"ListItem\",\"position\":2,\"name\":\"Random Webcam Chat\"}]},{\"@type\":\"WebSite\",\"@id\":\"https:\\\/\\\/strangercam.com\\\/#website\",\"url\":\"https:\\\/\\\/strangercam.com\\\/\",\"name\":\"Strangercam\",\"description\":\"Random Video Chat with Strangers\",\"publisher\":{\"@id\":\"https:\\\/\\\/strangercam.com\\\/#organization\"},\"alternateName\":\"Strangercam.com\",\"potentialAction\":[{\"@type\":\"SearchAction\",\"target\":{\"@type\":\"EntryPoint\",\"urlTemplate\":\"https:\\\/\\\/strangercam.com\\\/?s={search_term_string}\"},\"query-input\":{\"@type\":\"PropertyValueSpecification\",\"valueRequired\":true,\"valueName\":\"search_term_string\"}}],\"inLanguage\":\"de\"},{\"@type\":\"Organization\",\"@id\":\"https:\\\/\\\/strangercam.com\\\/#organization\",\"name\":\"Strangercam\",\"alternateName\":\"Strangercam.com\",\"url\":\"https:\\\/\\\/strangercam.com\\\/\",\"logo\":{\"@type\":\"ImageObject\",\"inLanguage\":\"de\",\"@id\":\"https:\\\/\\\/strangercam.com\\\/#\\\/schema\\\/logo\\\/image\\\/\",\"url\":\"https:\\\/\\\/strangercam.com\\\/wp-content\\\/uploads\\\/2020\\\/11\\\/cropped-new-favicon-black.png\",\"contentUrl\":\"https:\\\/\\\/strangercam.com\\\/wp-content\\\/uploads\\\/2020\\\/11\\\/cropped-new-favicon-black.png\",\"width\":512,\"height\":512,\"caption\":\"Strangercam\"},\"image\":{\"@id\":\"https:\\\/\\\/strangercam.com\\\/#\\\/schema\\\/logo\\\/image\\\/\"},\"sameAs\":[\"https:\\\/\\\/www.facebook.com\\\/strangercam\",\"https:\\\/\\\/x.com\\\/strangercamapp\"]}]}<\/script>\n<!-- \/ Yoast SEO plugin. -->","yoast_head_json":{"title":"Zufalls-Webcam-Chat mit Zufalls-Chat auf Strangercam.com","description":"Magst du Random Webcam Chat? Join Millionen auf StrangerCam.com! Starten Sie einen zuf\u00e4lligen Video-Chat, schalten Sie Ihre Kamera ein und treffen Sie sofort Fremde.","robots":{"index":"index","follow":"follow","max-snippet":"max-snippet:-1","max-image-preview":"max-image-preview:large","max-video-preview":"max-video-preview:-1"},"canonical":"https:\/\/strangercam.com\/de\/zufalliger-webcam-chat\/","og_locale":"de_DE","og_type":"article","og_title":"Random Webcam Chat with Random Chat on Strangercam.com","og_description":"Liking Random Webcam Chat? Join millions on StrangerCam.com! Start a random video chat, turn on your cam, and meet strangers instantly.","og_url":"https:\/\/strangercam.com\/de\/zufalliger-webcam-chat\/","og_site_name":"Strangercam","article_publisher":"https:\/\/www.facebook.com\/strangercam","article_modified_time":"2025-09-03T11:32:00+00:00","og_image":[{"width":800,"height":532,"url":"https:\/\/strangercam.com\/wp-content\/uploads\/2021\/10\/Untitled-2.png","type":"image\/png"}],"twitter_card":"summary_large_image","twitter_site":"@strangercamapp","twitter_misc":{"Gesch\u00e4tzte Lesezeit":"5\u00a0Minuten"},"schema":{"@context":"https:\/\/schema.org","@graph":[{"@type":"WebPage","@id":"https:\/\/strangercam.com\/random-webcam-chat\/","url":"https:\/\/strangercam.com\/random-webcam-chat\/","name":"Zufalls-Webcam-Chat mit Zufalls-Chat auf Strangercam.com","isPartOf":{"@id":"https:\/\/strangercam.com\/#website"},"datePublished":"2025-08-28T15:31:39+00:00","dateModified":"2025-09-03T11:32:00+00:00","description":"Magst du Random Webcam Chat? Join Millionen auf StrangerCam.com! Starten Sie einen zuf\u00e4lligen Video-Chat, schalten Sie Ihre Kamera ein und treffen Sie sofort Fremde.","breadcrumb":{"@id":"https:\/\/strangercam.com\/random-webcam-chat\/#breadcrumb"},"inLanguage":"de","potentialAction":[{"@type":"ReadAction","target":["https:\/\/strangercam.com\/random-webcam-chat\/"]}]},{"@type":"BreadcrumbList","@id":"https:\/\/strangercam.com\/random-webcam-chat\/#breadcrumb","itemListElement":[{"@type":"ListItem","position":1,"name":"Home","item":"https:\/\/strangercam.com\/"},{"@type":"ListItem","position":2,"name":"Random Webcam Chat"}]},{"@type":"WebSite","@id":"https:\/\/strangercam.com\/#website","url":"https:\/\/strangercam.com\/","name":"Strangercam","description":"Zuf\u00e4lliger Video-Chat mit Fremden","publisher":{"@id":"https:\/\/strangercam.com\/#organization"},"alternateName":"Strangercam.com","potentialAction":[{"@type":"SearchAction","target":{"@type":"EntryPoint","urlTemplate":"https:\/\/strangercam.com\/?s={search_term_string}"},"query-input":{"@type":"PropertyValueSpecification","valueRequired":true,"valueName":"search_term_string"}}],"inLanguage":"de"},{"@type":"Organization","@id":"https:\/\/strangercam.com\/#organization","name":"Strangercam","alternateName":"Strangercam.com","url":"https:\/\/strangercam.com\/","logo":{"@type":"ImageObject","inLanguage":"de","@id":"https:\/\/strangercam.com\/#\/schema\/logo\/image\/","url":"https:\/\/strangercam.com\/wp-content\/uploads\/2020\/11\/cropped-new-favicon-black.png","contentUrl":"https:\/\/strangercam.com\/wp-content\/uploads\/2020\/11\/cropped-new-favicon-black.png","width":512,"height":512,"caption":"Strangercam"},"image":{"@id":"https:\/\/strangercam.com\/#\/schema\/logo\/image\/"},"sameAs":["https:\/\/www.facebook.com\/strangercam","https:\/\/x.com\/strangercamapp"]}]}},"_links":{"self":[{"href":"https:\/\/strangercam.com\/de\/wp-json\/wp\/v2\/pages\/3970","targetHints":{"allow":["GET"]}}],"collection":[{"href":"https:\/\/strangercam.com\/de\/wp-json\/wp\/v2\/pages"}],"about":[{"href":"https:\/\/strangercam.com\/de\/wp-json\/wp\/v2\/types\/page"}],"author":[{"embeddable":true,"href":"https:\/\/strangercam.com\/de\/wp-json\/wp\/v2\/users\/8"}],"replies":[{"embeddable":true,"href":"https:\/\/strangercam.com\/de\/wp-json\/wp\/v2\/comments?post=3970"}],"version-history":[{"count":2,"href":"https:\/\/strangercam.com\/de\/wp-json\/wp\/v2\/pages\/3970\/revisions"}],"predecessor-version":[{"id":12980,"href":"https:\/\/strangercam.com\/de\/wp-json\/wp\/v2\/pages\/3970\/revisions\/12980"}],"wp:attachment":[{"href":"https:\/\/strangercam.com\/de\/wp-json\/wp\/v2\/media?parent=3970"}],"curies":[{"name":"wp","href":"https:\/\/api.w.org\/{rel}","templated":true}]}}