{"id":3953,"date":"2025-08-28T17:28:59","date_gmt":"2025-08-28T15:28:59","guid":{"rendered":"https:\/\/strangercam.com\/?page_id=3953"},"modified":"2025-09-03T13:31:49","modified_gmt":"2025-09-03T11:31:49","slug":"zufalliger-video-chat-online","status":"publish","type":"page","link":"https:\/\/strangercam.com\/de\/random-video-chat-online\/","title":{"rendered":"Zuf\u00e4lliger Video Chat Online"},"content":{"rendered":"<p>Auf der Suche nach dem besten Weg, Zufallsvideos zu genie\u00dfen <a href=\"https:\/\/strangercam.com\/de\/chathub\/\">Chat<\/a> online? Sie sind nicht allein. Seit den Tagen der <a href=\"https:\/\/strangercam.com\/de\/omegle\/\">Omegle<\/a> und <a href=\"https:\/\/strangercam.com\/de\/chatroulette\/\">Chatroulette<\/a>, Millionen von Menschen auf der ganzen Welt haben sich von der Aufregung angezogen gef\u00fchlt, von Angesicht zu Angesicht mit Fremden in Kontakt zu treten. Im Gegensatz zu Dating-Apps oder sozialen Medien, die sich inszeniert oder langsam anf\u00fchlen k\u00f6nnen, sind Online-Videochats schnell, real und spontan.<\/p>\n<p>Im Jahr 2025 machen es Plattformen wie StrangerCam einfacher denn je, einen kostenlosen Video-Chat online zu starten - ohne Downloads, ohne Anmeldung und ohne versteckte Kosten. Egal, ob Sie hier neue Freunde finden, flirten, Sprachen \u00fcben oder einfach nur die Zeit totschlagen wollen, dieser Leitfaden zeigt Ihnen alles, was Sie wissen m\u00fcssen: wie es funktioniert, warum die Leute es lieben, die wichtigsten Funktionen, Sicherheitstipps, Vergleiche der Top-Plattformen und warum StrangerCam heute eine der besten Entscheidungen ist.<\/p>\n<h2>Was ist Random Video Chat Online?<\/h2>\n<p>Der Zufalls-Videochat ist ein Live-Videochat, bei dem Sie \u00fcber Ihre Webcam und Ihr Mikrofon sofort mit einem Fremden verbunden sind. Der \"zuf\u00e4llige\" Aspekt bedeutet, dass Sie nie wissen, wen Sie treffen werden, bis der Chat beginnt - es k\u00f6nnte jemand in Ihrer N\u00e4he oder jemand am anderen Ende der Welt sein.<\/p>\n<p>Das Format ist einfach: Klicken Sie auf \"Start\", und innerhalb von Sekunden sind Sie mit einer neuen Person konfrontiert. Gef\u00e4llt Ihnen das Gespr\u00e4ch nicht? Klicken Sie einfach auf \"Weiter\" und Sie werden sofort mit einer anderen Person zusammengebracht. Jeder Chat ist einzigartig - lustig, \u00fcberraschend und immer unvorhersehbar.<\/p>\n<h2>Warum die Menschen lieben Free Random Video Chat Online<\/h2>\n<p>Es gibt einen Grund, warum jeden Monat Millionen von Menschen nach einem kostenlosen, zuf\u00e4lligen Videochat im Internet suchen. Hier ist, was es so anziehend macht:<\/p>\n<ul>\n<li>Spontaneit\u00e4t: Jeder Chat ist eine \u00dcberraschung, die f\u00fcr Spannung und Neugierde sorgt.<\/li>\n<li>Authentizit\u00e4t: Im Gegensatz zum Text-Chat ist beim Video-Chat sichergestellt, dass die Person echt ist. Keine Bots, keine Fakes.<\/li>\n<li>Globale Reichweite: Treffen Sie Menschen aus Dutzenden von L\u00e4ndern, 24\/7.<\/li>\n<li>Keine Anmeldungen oder Verpflichtungen: Viele Plattformen erfordern nicht mehr als einen Klick.<\/li>\n<li>Freundschaft und Spa\u00df: Einige nutzen es, um Freundschaften zu schlie\u00dfen, andere zum Flirten oder zur Unterhaltung.<\/li>\n<li>Schneller Ausbruch aus der Langeweile: Zuf\u00e4llige Chats sind der perfekte Weg, um die Routine zu unterbrechen.<\/li>\n<\/ul>\n<h2>Wie funktioniert Random Video Chat Online?<\/h2>\n<p>Der Einstieg ist einfach und schnell:<\/p>\n<ol>\n<li>\u00d6ffnen Sie eine Plattform wie StrangerCam in Ihrem Browser oder auf Ihrem Handy.<\/li>\n<li>Erlauben Sie den Zugriff auf Kamera und Mikrofon.<\/li>\n<li>Klicken Sie auf \"Chat starten\", um sofort mit einem Fremden Kontakt aufzunehmen.<\/li>\n<li>Chatten Sie live per Video.<\/li>\n<li>Klicken Sie jederzeit auf \"Weiter\", um weiterzugehen und jemand Neues kennenzulernen.<\/li>\n<\/ol>\n<p>Einige Plattformen bieten auch Extras wie Geschlechtsfilter, L\u00e4nderauswahl und sogar automatische \u00dcbersetzung f\u00fcr internationale Chats.<\/p>\n<h2>Die wichtigsten Merkmale, auf die Sie achten sollten<\/h2>\n<p>Nicht jede Plattform, die Online-Videochats anbietet, ist gleich. Hier erfahren Sie, worauf Sie achten sollten:<\/p>\n<h3>1. Freier Zugang ohne Beschr\u00e4nkungen<\/h3>\n<p>H\u00fcten Sie sich vor Plattformen, die behaupten, kostenlos zu sein, dann aber Funktionen hinter Bezahlschranken blockieren.<\/p>\n<h3>2. Keine Anmeldung erforderlich<\/h3>\n<p>Die besten Websites erfordern weder ein Konto noch pers\u00f6nliche Daten.<\/p>\n<h3>3. Filter f\u00fcr Geschlecht und Ort<\/h3>\n<p>Sie helfen Ihnen, mit der Art von Menschen in Kontakt zu treten, die Sie interessieren.<\/p>\n<h3>4. Moderation &amp; Sicherheit<\/h3>\n<p>Starke Meldetools und Moderationssysteme sorgen f\u00fcr die Sicherheit der Community.<\/p>\n<h3>5. Mobilfreundliches Erlebnis<\/h3>\n<p>Sie sollten in der Lage sein, Videochats sowohl vom Desktop als auch vom Mobiltelefon aus zu nutzen.<\/p>\n<h3>6. Hochwertiges Video und Audio<\/h3>\n<p>Eine reibungslose Verbindung macht Gespr\u00e4che nat\u00fcrlicher und angenehmer.<\/p>\n<h2>Beste Plattformen f\u00fcr zuf\u00e4llige Online-Videochats im Jahr 2025<\/h2>\n<p>Hier finden Sie einen Vergleich beliebter Plattformen f\u00fcr zuf\u00e4llige Online-Videochats:<\/p>\n<table>\n<thead>\n<tr>\n<th>Plattform<\/th>\n<th align=\"center\">Freier Zugang<\/th>\n<th align=\"center\">Gender-Filter<\/th>\n<th align=\"center\">Anmeldung erforderlich<\/th>\n<th align=\"center\">Mobile Unterst\u00fctzung<\/th>\n<th align=\"center\">Moderation<\/th>\n<th>Anmerkungen<\/th>\n<\/tr>\n<\/thead>\n<tbody>\n<tr>\n<td>StrangerCam<\/td>\n<td align=\"center\">\u2705<\/td>\n<td align=\"center\">\u2705 (Frei)<\/td>\n<td align=\"center\">\u274c<\/td>\n<td align=\"center\">\u2705<\/td>\n<td align=\"center\">\u2705<\/td>\n<td>Beste Gesamtauswahl, wirklich kostenlos<\/td>\n<\/tr>\n<tr>\n<td>Chatroulette<\/td>\n<td align=\"center\">\u2705<\/td>\n<td align=\"center\">\u274c (Bezahlt)<\/td>\n<td align=\"center\">\u274c<\/td>\n<td align=\"center\">\u2705<\/td>\n<td align=\"center\">\u2705<\/td>\n<td>Klassisch, aber Gender-Filter kosten<\/td>\n<\/tr>\n<tr>\n<td>Chatrandom<\/td>\n<td align=\"center\">\u2705<\/td>\n<td align=\"center\">\u274c (Bezahlt)<\/td>\n<td align=\"center\">\u274c<\/td>\n<td align=\"center\">\u2705<\/td>\n<td align=\"center\">\u2705<\/td>\n<td>Beliebt, aber Upgrades forciert<\/td>\n<\/tr>\n<tr>\n<td><a href=\"https:\/\/strangercam.com\/de\/ometv\/\">OmeTV<\/a><\/td>\n<td align=\"center\">\u2705<\/td>\n<td align=\"center\">\u274c<\/td>\n<td align=\"center\">\u274c<\/td>\n<td align=\"center\">\u2705<\/td>\n<td align=\"center\">\u2705<\/td>\n<td>Mobile App, nur zuf\u00e4llig<\/td>\n<\/tr>\n<tr>\n<td>Shagle<\/td>\n<td align=\"center\">\u2705<\/td>\n<td align=\"center\">\u274c (Bezahlt)<\/td>\n<td align=\"center\">\u274c<\/td>\n<td align=\"center\">\u2705<\/td>\n<td align=\"center\">\u2705<\/td>\n<td>Premium-Upgrades f\u00fcr Filter erforderlich<\/td>\n<\/tr>\n<tr>\n<td><a href=\"https:\/\/strangercam.com\/de\/coomeet\/\">CooMeet<\/a><\/td>\n<td align=\"center\">\u274c (Versuch)<\/td>\n<td align=\"center\">\u2705<\/td>\n<td align=\"center\">\u2705<\/td>\n<td align=\"center\">\u2705<\/td>\n<td align=\"center\">\u2705<\/td>\n<td>Bezahlt nach begrenzter kostenloser Testphase<\/td>\n<\/tr>\n<tr>\n<td>LuckyCrush<\/td>\n<td align=\"center\">\u274c<\/td>\n<td align=\"center\">\u2705<\/td>\n<td align=\"center\">\u2705<\/td>\n<td align=\"center\">\u2705<\/td>\n<td align=\"center\">\u2705<\/td>\n<td>Immer bezahlter, geschlechtsspezifischer Chat<\/td>\n<\/tr>\n<\/tbody>\n<\/table>\n<p>StrangerCam ist eine der wenigen Plattformen, die kostenlose, unbegrenzte Video-Chats mit einem funktionierenden Geschlechtsfilter und ohne Anmeldung anbietet.<\/p>\n<h2>Warum StrangerCam der beste Ort f\u00fcr zuf\u00e4llige Online-Videochats ist<\/h2>\n<p>Hier ist der Grund, warum StrangerCam im Jahr 2025 f\u00fcr Leute, die nach zuf\u00e4lligen Online-Videochats suchen, herausragend ist:<\/p>\n<h3>1. V\u00f6llig kostenlos<\/h3>\n<p>Unbegrenzte Chats, keine versteckten Kosten oder Kredite erforderlich.<\/p>\n<h3>2. Kostenloser Gender-Filter<\/h3>\n<p>W\u00e4hlen Sie aus, wen Sie treffen m\u00f6chten - M\u00e4nner, Frauen oder beides -, ohne zu bezahlen.<\/p>\n<h3>3. Keine Anmeldung oder Registrierung<\/h3>\n<p>Anonym bleiben und sofort chatten.<\/p>\n<h3>4. Sicher &amp; moderiert<\/h3>\n<p>Starke Moderations- und Meldetools sch\u00fctzen die Gemeinschaft.<\/p>\n<h3>5. Globale Nutzerbasis<\/h3>\n<p>Treffen Sie Menschen aus \u00fcber 100 L\u00e4ndern, jederzeit.<\/p>\n<h3>6. Funktioniert \u00fcberall<\/h3>\n<p>Optimiert f\u00fcr Desktop, Tablet und Handy.<\/p>\n<h2>Echte Anwenderberichte<\/h2>\n<blockquote><p><em>\"Ich suchte nach einer M\u00f6glichkeit, zuf\u00e4llige Videochats online zu f\u00fchren, ohne in Bezahlschranken stecken zu bleiben. StrangerCam war die einzige Seite, die tats\u00e4chlich kostenlos war.\"<\/em><br \/>\n- Chris, 25<\/p><\/blockquote>\n<blockquote><p><em>\"Ich habe an einem Abend Menschen aus Europa, Asien und den USA kennengelernt. Das ist der beste Weg, um sofort mit Fremden in Kontakt zu treten.\"<\/em><br \/>\n- Maya, 21<\/p><\/blockquote>\n<blockquote><p><em>\"Der Gender-Filter ist kostenlos und funktioniert perfekt. Die meisten Websites versuchen, daf\u00fcr Geld zu verlangen.\"<\/em><br \/>\n- Daniel, 28<\/p><\/blockquote>\n<blockquote><p><em>\"Einfach, sicher und lustig. StrangerCam ist meine erste Anlaufstelle, wenn ich Fremde online treffen m\u00f6chte.\"<\/em><br \/>\n- Sophia, 23<\/p><\/blockquote>\n<h2>Sicherheitstipps f\u00fcr zuf\u00e4llige Online-Videochats<\/h2>\n<p>Videochatten macht zwar Spa\u00df, aber die Sicherheit sollte immer an erster Stelle stehen:<\/p>\n<ul>\n<li>Geben Sie keine pers\u00f6nlichen Informationen wie Ihre Telefonnummer, Adresse oder E-Mail weiter.<\/li>\n<li>Verwenden Sie die Schaltfl\u00e4che \"Weiter\", wenn Sie sich unwohl f\u00fchlen.<\/li>\n<li>Vermeiden Sie das Anklicken von Links, die Unbekannte versenden.<\/li>\n<li>\u00dcberpr\u00fcfen Sie Ihren Hintergrund, um sicherzustellen, dass Sie keine privaten Details preisgeben.<\/li>\n<li>Halten Sie sich an die Plattform-Tools (Blockieren\/Melden von schlechten Nutzern).<\/li>\n<li>Halten Sie sich an die Altersvorschriften - wenn Sie unter 18 sind, sollten Sie Videochat-Plattformen f\u00fcr Erwachsene meiden.<\/li>\n<\/ul>\n<h2>Der Einstieg - Schritt f\u00fcr Schritt<\/h2>\n<p>1TP162Ein zuf\u00e4lliger Online-Videochat dauert weniger als eine Minute:<\/p>\n<ol>\n<li>\u00d6ffne StrangerCam in deinem Browser oder auf deinem Handy.<\/li>\n<li>Erlauben Sie den Zugriff auf Webcam und Mikrofon.<\/li>\n<li>W\u00e4hlen Sie Pr\u00e4ferenzen aus (z. B. einen Geschlechtsfilter, wenn Sie m\u00f6chten).<\/li>\n<li>Klicken Sie auf Chat starten, um eine sofortige Verbindung herzustellen.<\/li>\n<li>Chatten Sie von Angesicht zu Angesicht und klicken Sie jederzeit auf Weiter.<\/li>\n<\/ol>\n<p>Schnell, einfach und kostenlos.<\/p>\n<h2>H\u00e4ufig gestellte Fragen<\/h2>\n<h3>Ist ein zuf\u00e4lliger Online-Videochat wirklich kostenlos?<\/h3>\n<p>Ja, StrangerCam bietet unbegrenzte kostenlose Chats ohne versteckte Geb\u00fchren.<\/p>\n<h3>Muss ich mich anmelden?<\/h3>\n<p>Nein. StrangerCam erfordert kein Konto oder Login.<\/p>\n<h3>Sind die Menschen echt?<\/h3>\n<p>Ja. Live-Video stellt sicher, dass Sie mit echten Menschen und nicht mit Bots sprechen.<\/p>\n<h3>Kann ich es auf dem Handy benutzen?<\/h3>\n<p>Ja, StrangerCam ist vollst\u00e4ndig mobilfreundlich.<\/p>\n<h3>Ist es sicher?<\/h3>\n<p>Ja, solange Sie die Sicherheitstipps befolgen und die Meldetools von StrangerCam verwenden.<\/p>\n<h2>Abschlie\u00dfende Gedanken - Probieren Sie noch heute den kostenlosen Random Video Chat online aus<\/h2>\n<p>Im Jahr 2025 ist der zuf\u00e4llige Online-Videochat eine der aufregendsten und authentischsten M\u00f6glichkeiten, neue Leute kennenzulernen. Er ist spontan, kostenlos und verbindet Sie sofort mit echten Menschen weltweit.<\/p>\n<p>Nicht alle Plattformen halten, was sie versprechen - viele verstecken Funktionen hinter Bezahlschranken oder haben zu viele Bots. Deshalb ist StrangerCam die beste Wahl: Es ist kostenlos, anonym, moderiert und voller globaler Nutzer, die bereit sind, dich 24\/7 zu treffen.<\/p>\n<p>Sind Sie bereit, es zu versuchen? Starten Sie jetzt einen kostenlosen, zuf\u00e4lligen Video-Chat online und sehen Sie, wen Sie als n\u00e4chstes treffen werden.<\/p>","protected":false},"excerpt":{"rendered":"<p>Looking for the best way to enjoy random video chat online? You\u2019re not alone. Since the days of Omegle and Chatroulette, millions of people around the world have been drawn to the excitement of connecting face-to-face with strangers. Unlike dating apps or social media, which can feel staged or slow, random video chat online is [&hellip;]<\/p>\n","protected":false},"author":8,"featured_media":0,"parent":0,"menu_order":0,"comment_status":"closed","ping_status":"closed","template":"","meta":{"footnotes":""},"class_list":["post-3953","page","type-page","status-publish","hentry"],"yoast_head":"<!-- This site is optimized with the Yoast SEO plugin v27.4 - https:\/\/yoast.com\/product\/yoast-seo-wordpress\/ -->\n<title>Random Video Chat Online on Strangercam.com<\/title>\n<meta name=\"description\" content=\"Liking Random Video Chat Online? Join millions on StrangerCam.com! Start a random video chat, turn on your cam, and meet strangers instantly.\" \/>\n<meta name=\"robots\" content=\"index, follow, max-snippet:-1, max-image-preview:large, max-video-preview:-1\" \/>\n<link rel=\"canonical\" href=\"https:\/\/strangercam.com\/de\/zufalliger-video-chat-online\/\" \/>\n<meta property=\"og:locale\" content=\"de_DE\" \/>\n<meta property=\"og:type\" content=\"article\" \/>\n<meta property=\"og:title\" content=\"Random Video Chat Online on Strangercam.com\" \/>\n<meta property=\"og:description\" content=\"Liking Random Video Chat Online? Join millions on StrangerCam.com! Start a random video chat, turn on your cam, and meet strangers instantly.\" \/>\n<meta property=\"og:url\" content=\"https:\/\/strangercam.com\/de\/zufalliger-video-chat-online\/\" \/>\n<meta property=\"og:site_name\" content=\"Strangercam\" \/>\n<meta property=\"article:publisher\" content=\"https:\/\/www.facebook.com\/strangercam\" \/>\n<meta property=\"article:modified_time\" content=\"2025-09-03T11:31:49+00:00\" \/>\n<meta property=\"og:image\" content=\"https:\/\/strangercam.com\/wp-content\/uploads\/2021\/10\/Untitled-2.png\" \/>\n\t<meta property=\"og:image:width\" content=\"800\" \/>\n\t<meta property=\"og:image:height\" content=\"532\" \/>\n\t<meta property=\"og:image:type\" content=\"image\/png\" \/>\n<meta name=\"twitter:card\" content=\"summary_large_image\" \/>\n<meta name=\"twitter:site\" content=\"@strangercamapp\" \/>\n<meta name=\"twitter:label1\" content=\"Gesch\u00e4tzte Lesezeit\" \/>\n\t<meta name=\"twitter:data1\" content=\"5\u00a0Minuten\" \/>\n<script type=\"application\/ld+json\" class=\"yoast-schema-graph\">{\"@context\":\"https:\\\/\\\/schema.org\",\"@graph\":[{\"@type\":\"WebPage\",\"@id\":\"https:\\\/\\\/strangercam.com\\\/random-video-chat-online\\\/\",\"url\":\"https:\\\/\\\/strangercam.com\\\/random-video-chat-online\\\/\",\"name\":\"Random Video Chat Online on Strangercam.com\",\"isPartOf\":{\"@id\":\"https:\\\/\\\/strangercam.com\\\/#website\"},\"datePublished\":\"2025-08-28T15:28:59+00:00\",\"dateModified\":\"2025-09-03T11:31:49+00:00\",\"description\":\"Liking Random Video Chat Online? Join millions on StrangerCam.com! Start a random video chat, turn on your cam, and meet strangers instantly.\",\"breadcrumb\":{\"@id\":\"https:\\\/\\\/strangercam.com\\\/random-video-chat-online\\\/#breadcrumb\"},\"inLanguage\":\"de\",\"potentialAction\":[{\"@type\":\"ReadAction\",\"target\":[\"https:\\\/\\\/strangercam.com\\\/random-video-chat-online\\\/\"]}]},{\"@type\":\"BreadcrumbList\",\"@id\":\"https:\\\/\\\/strangercam.com\\\/random-video-chat-online\\\/#breadcrumb\",\"itemListElement\":[{\"@type\":\"ListItem\",\"position\":1,\"name\":\"Home\",\"item\":\"https:\\\/\\\/strangercam.com\\\/\"},{\"@type\":\"ListItem\",\"position\":2,\"name\":\"Random Video Chat Online\"}]},{\"@type\":\"WebSite\",\"@id\":\"https:\\\/\\\/strangercam.com\\\/#website\",\"url\":\"https:\\\/\\\/strangercam.com\\\/\",\"name\":\"Strangercam\",\"description\":\"Random Video Chat with Strangers\",\"publisher\":{\"@id\":\"https:\\\/\\\/strangercam.com\\\/#organization\"},\"alternateName\":\"Strangercam.com\",\"potentialAction\":[{\"@type\":\"SearchAction\",\"target\":{\"@type\":\"EntryPoint\",\"urlTemplate\":\"https:\\\/\\\/strangercam.com\\\/?s={search_term_string}\"},\"query-input\":{\"@type\":\"PropertyValueSpecification\",\"valueRequired\":true,\"valueName\":\"search_term_string\"}}],\"inLanguage\":\"de\"},{\"@type\":\"Organization\",\"@id\":\"https:\\\/\\\/strangercam.com\\\/#organization\",\"name\":\"Strangercam\",\"alternateName\":\"Strangercam.com\",\"url\":\"https:\\\/\\\/strangercam.com\\\/\",\"logo\":{\"@type\":\"ImageObject\",\"inLanguage\":\"de\",\"@id\":\"https:\\\/\\\/strangercam.com\\\/#\\\/schema\\\/logo\\\/image\\\/\",\"url\":\"https:\\\/\\\/strangercam.com\\\/wp-content\\\/uploads\\\/2020\\\/11\\\/cropped-new-favicon-black.png\",\"contentUrl\":\"https:\\\/\\\/strangercam.com\\\/wp-content\\\/uploads\\\/2020\\\/11\\\/cropped-new-favicon-black.png\",\"width\":512,\"height\":512,\"caption\":\"Strangercam\"},\"image\":{\"@id\":\"https:\\\/\\\/strangercam.com\\\/#\\\/schema\\\/logo\\\/image\\\/\"},\"sameAs\":[\"https:\\\/\\\/www.facebook.com\\\/strangercam\",\"https:\\\/\\\/x.com\\\/strangercamapp\"]}]}<\/script>\n<!-- \/ Yoast SEO plugin. -->","yoast_head_json":{"title":"Zuf\u00e4lliger Video-Chat online auf Strangercam.com","description":"M\u00f6gen Sie zuf\u00e4lligen Video-Chat online? Join Millionen auf StrangerCam.com! Starten Sie einen zuf\u00e4lligen Video-Chat, schalten Sie Ihre Kamera ein und treffen Sie sofort Fremde.","robots":{"index":"index","follow":"follow","max-snippet":"max-snippet:-1","max-image-preview":"max-image-preview:large","max-video-preview":"max-video-preview:-1"},"canonical":"https:\/\/strangercam.com\/de\/zufalliger-video-chat-online\/","og_locale":"de_DE","og_type":"article","og_title":"Random Video Chat Online on Strangercam.com","og_description":"Liking Random Video Chat Online? Join millions on StrangerCam.com! Start a random video chat, turn on your cam, and meet strangers instantly.","og_url":"https:\/\/strangercam.com\/de\/zufalliger-video-chat-online\/","og_site_name":"Strangercam","article_publisher":"https:\/\/www.facebook.com\/strangercam","article_modified_time":"2025-09-03T11:31:49+00:00","og_image":[{"width":800,"height":532,"url":"https:\/\/strangercam.com\/wp-content\/uploads\/2021\/10\/Untitled-2.png","type":"image\/png"}],"twitter_card":"summary_large_image","twitter_site":"@strangercamapp","twitter_misc":{"Gesch\u00e4tzte Lesezeit":"5\u00a0Minuten"},"schema":{"@context":"https:\/\/schema.org","@graph":[{"@type":"WebPage","@id":"https:\/\/strangercam.com\/random-video-chat-online\/","url":"https:\/\/strangercam.com\/random-video-chat-online\/","name":"Zuf\u00e4lliger Video-Chat online auf Strangercam.com","isPartOf":{"@id":"https:\/\/strangercam.com\/#website"},"datePublished":"2025-08-28T15:28:59+00:00","dateModified":"2025-09-03T11:31:49+00:00","description":"M\u00f6gen Sie zuf\u00e4lligen Video-Chat online? Join Millionen auf StrangerCam.com! Starten Sie einen zuf\u00e4lligen Video-Chat, schalten Sie Ihre Kamera ein und treffen Sie sofort Fremde.","breadcrumb":{"@id":"https:\/\/strangercam.com\/random-video-chat-online\/#breadcrumb"},"inLanguage":"de","potentialAction":[{"@type":"ReadAction","target":["https:\/\/strangercam.com\/random-video-chat-online\/"]}]},{"@type":"BreadcrumbList","@id":"https:\/\/strangercam.com\/random-video-chat-online\/#breadcrumb","itemListElement":[{"@type":"ListItem","position":1,"name":"Home","item":"https:\/\/strangercam.com\/"},{"@type":"ListItem","position":2,"name":"Random Video Chat Online"}]},{"@type":"WebSite","@id":"https:\/\/strangercam.com\/#website","url":"https:\/\/strangercam.com\/","name":"Strangercam","description":"Zuf\u00e4lliger Video-Chat mit Fremden","publisher":{"@id":"https:\/\/strangercam.com\/#organization"},"alternateName":"Strangercam.com","potentialAction":[{"@type":"SearchAction","target":{"@type":"EntryPoint","urlTemplate":"https:\/\/strangercam.com\/?s={search_term_string}"},"query-input":{"@type":"PropertyValueSpecification","valueRequired":true,"valueName":"search_term_string"}}],"inLanguage":"de"},{"@type":"Organization","@id":"https:\/\/strangercam.com\/#organization","name":"Strangercam","alternateName":"Strangercam.com","url":"https:\/\/strangercam.com\/","logo":{"@type":"ImageObject","inLanguage":"de","@id":"https:\/\/strangercam.com\/#\/schema\/logo\/image\/","url":"https:\/\/strangercam.com\/wp-content\/uploads\/2020\/11\/cropped-new-favicon-black.png","contentUrl":"https:\/\/strangercam.com\/wp-content\/uploads\/2020\/11\/cropped-new-favicon-black.png","width":512,"height":512,"caption":"Strangercam"},"image":{"@id":"https:\/\/strangercam.com\/#\/schema\/logo\/image\/"},"sameAs":["https:\/\/www.facebook.com\/strangercam","https:\/\/x.com\/strangercamapp"]}]}},"_links":{"self":[{"href":"https:\/\/strangercam.com\/de\/wp-json\/wp\/v2\/pages\/3953","targetHints":{"allow":["GET"]}}],"collection":[{"href":"https:\/\/strangercam.com\/de\/wp-json\/wp\/v2\/pages"}],"about":[{"href":"https:\/\/strangercam.com\/de\/wp-json\/wp\/v2\/types\/page"}],"author":[{"embeddable":true,"href":"https:\/\/strangercam.com\/de\/wp-json\/wp\/v2\/users\/8"}],"replies":[{"embeddable":true,"href":"https:\/\/strangercam.com\/de\/wp-json\/wp\/v2\/comments?post=3953"}],"version-history":[{"count":2,"href":"https:\/\/strangercam.com\/de\/wp-json\/wp\/v2\/pages\/3953\/revisions"}],"predecessor-version":[{"id":12979,"href":"https:\/\/strangercam.com\/de\/wp-json\/wp\/v2\/pages\/3953\/revisions\/12979"}],"wp:attachment":[{"href":"https:\/\/strangercam.com\/de\/wp-json\/wp\/v2\/media?parent=3953"}],"curies":[{"name":"wp","href":"https:\/\/api.w.org\/{rel}","templated":true}]}}