{"id":3935,"date":"2025-08-28T17:19:09","date_gmt":"2025-08-28T15:19:09","guid":{"rendered":"https:\/\/strangercam.com\/?page_id=3935"},"modified":"2025-09-03T13:31:40","modified_gmt":"2025-09-03T11:31:40","slug":"kostenloser-zufalls-chat","status":"publish","type":"page","link":"https:\/\/strangercam.com\/de\/kostenloser-zufalls-chat\/","title":{"rendered":"Kostenloser Zufalls-Chat"},"content":{"rendered":"<p>Sind Sie auf der Suche nach dem besten Weg, eine kostenlose Zufallsauswahl zu genie\u00dfen? <a href=\"https:\/\/strangercam.com\/de\/chathub\/\">Chat<\/a>? Sie sind nicht allein. Millionen von Menschen auf der ganzen Welt suchen jeden Monat nach Zufalls-Chat-Plattformen, in der Hoffnung, sofort mit neuen Leuten in Kontakt zu kommen - sei es zum Spa\u00df, zur Freundschaft, zum kulturellen Austausch oder zum lockeren Flirten. Im Gegensatz zu sozialen Medien oder Dating-Apps, die oft endloses Swipen oder langsame Nachrichten\u00fcbermittlung erfordern, geht es beim kostenlosen Zufalls-Chat um sofortige, pers\u00f6nliche Gespr\u00e4che mit Fremden.<\/p>\n<p>Im Jahr 2025 machen es Plattformen wie StrangerCam einfach, einen kostenlosen Zufalls-Chat zu starten - ohne Anmeldung, ohne Downloads und ohne versteckte Geb\u00fchren. Klicken Sie einfach auf eine Schaltfl\u00e4che und beginnen Sie, mit jemandem von \u00fcberall auf der Welt zu chatten.<\/p>\n<p>In diesem Leitfaden erfahren Sie alles, was Sie wissen m\u00fcssen: was ein kostenloser Zufalls-Chat ist, warum er so beliebt ist, wie er funktioniert, auf welche Funktionen Sie achten sollten, Plattformvergleiche, Sicherheitstipps und warum StrangerCam heute eine der besten Optionen ist.<\/p>\n<h2>Was ist ein kostenloser Zufalls-Chat?<\/h2>\n<p>Der kostenlose Zufalls-Chat ist ein Online-Dienst, der Sie sofort mit Fremden f\u00fcr Live-Gespr\u00e4che zusammenbringt - entweder \u00fcber Text, Video oder beides. Im Gegensatz zu herk\u00f6mmlichen Chatrooms funktionieren Zufalls-Chat-Plattformen in Echtzeit und erfordern keine Profile oder Anmeldungen.<\/p>\n<p>Sie melden sich einfach an (oder in den meisten F\u00e4llen auch gar nicht), klicken auf \u201cStart\u201d und werden sofort mit einer zuf\u00e4lligen Person verbunden. Wenn Ihnen das Gespr\u00e4ch nicht gef\u00e4llt, klicken Sie einfach auf \u201cWeiter\u201d, um <a href=\"https:\/\/strangercam.com\/de\/coomeet\/\">treffen<\/a> jemand Neues. Die Erfahrung ist spontan, lustig und v\u00f6llig unvorhersehbar.<\/p>\n<h2>Warum Menschen den kostenlosen Random Chat lieben<\/h2>\n<p>Die Popularit\u00e4t des kostenlosen Zufalls-Chats ist in den letzten zehn Jahren explodiert, und hier ist der Grund daf\u00fcr:<\/p>\n<ul>\n<li>Sofortiger Spa\u00df: Treffen Sie neue Leute in Sekundenschnelle.<\/li>\n<li>Spontaneit\u00e4t: Jeder Chat ist anders - mal lustig, mal kokett, mal tiefgr\u00fcndig.<\/li>\n<li>Keine gef\u00e4lschten Profile: Der Video-Chat beweist, dass die Person echt ist.<\/li>\n<li>Unverbindlich: Keine Anmeldung oder pers\u00f6nliche Daten erforderlich.<\/li>\n<li>Globale Verbindungen: Chatten Sie mit Fremden aus der ganzen Welt.<\/li>\n<li>Besiege die Langeweile: Eine unterhaltsame Art, sich die Zeit zu vertreiben und unerwartete Kontakte zu kn\u00fcpfen.<\/li>\n<\/ul>\n<h2>Wie funktioniert der kostenlose Zufalls-Chat?<\/h2>\n<p>Joining einer kostenlosen Zufalls-Chat-Plattform ist schnell und einfach:<\/p>\n<ol>\n<li>\u00d6ffnen Sie die Plattform auf Ihrem Ger\u00e4t.<\/li>\n<li>W\u00e4hlen Sie Ihren Chat-Modus (Video oder Text).<\/li>\n<li>Erlauben Sie den Zugriff auf Kamera und Mikrofon (f\u00fcr Video-Chat).<\/li>\n<li>Klicken Sie auf \"Chat starten\", um sich sofort mit einem zuf\u00e4lligen Fremden zu verbinden.<\/li>\n<li>Genie\u00dfen Sie Ihr Gespr\u00e4ch. Wenn Sie keine Lust haben, dr\u00fccken Sie auf \"Weiter\".<\/li>\n<\/ol>\n<p>Dieser Zyklus kann sich endlos wiederholen und bietet Ihnen unbegrenzte M\u00f6glichkeiten, neue Leute kennen zu lernen.<\/p>\n<h2>Die wichtigsten Merkmale, auf die Sie achten sollten<\/h2>\n<p>Nicht alle Zufalls-Chat-Plattformen sind gleich. Hier erfahren Sie, worauf Sie bei der Auswahl der besten kostenlosen Zufalls-Chat-Site achten sollten:<\/p>\n<h3>1. Wirklich freier Zugang<\/h3>\n<p>Einige Websites werben mit dem Hinweis \"kostenlos\", dr\u00e4ngen Sie aber schnell in eine Bezahlschranke. Suchen Sie nach unbegrenztem, wirklich kostenlosem Chat.<\/p>\n<h3>2. Keine Anmeldung erforderlich<\/h3>\n<p>Sie sollten kein Konto anlegen oder pers\u00f6nliche Daten angeben m\u00fcssen.<\/p>\n<h3>3. Mehrere Chat-Modi<\/h3>\n<p>Optionen f\u00fcr Video-, Audio- oder reine Text-Chats.<\/p>\n<h3>4. Filter f\u00fcr Geschlecht und Ort<\/h3>\n<p>Hilfreich bei der Suche nach bestimmten Personengruppen.<\/p>\n<h3>5. Moderations- und Sicherheitstools<\/h3>\n<p>Starke Melde- und Blockiersysteme sorgen f\u00fcr die Sicherheit der Gemeinschaft.<\/p>\n<h3>6. Handy-freundliches Design<\/h3>\n<p>Die besten Plattformen funktionieren auf Handys, Tablets und Desktops.<\/p>\n<h2>Beste kostenlose Zufalls-Chat-Plattformen im Jahr 2025<\/h2>\n<p>Hier ist ein Vergleich der beliebtesten Orte f\u00fcr kostenlosen Zufalls-Chat:<\/p>\n<table>\n<thead>\n<tr>\n<th>Plattform<\/th>\n<th align=\"center\">Freier Zugang<\/th>\n<th align=\"center\">Video-Modus<\/th>\n<th align=\"center\">Anmeldung erforderlich<\/th>\n<th align=\"center\">Gender-Filter<\/th>\n<th align=\"center\">Moderation<\/th>\n<th>Anmerkungen<\/th>\n<\/tr>\n<\/thead>\n<tbody>\n<tr>\n<td>StrangerCam<\/td>\n<td align=\"center\">\u2705<\/td>\n<td align=\"center\">\u2705<\/td>\n<td align=\"center\">\u274c<\/td>\n<td align=\"center\">\u2705 (Frei)<\/td>\n<td align=\"center\">\u2705<\/td>\n<td>Beste allgemeine, kostenlose Video- und Gender-Filter<\/td>\n<\/tr>\n<tr>\n<td><a href=\"https:\/\/strangercam.com\/de\/chatroulette\/\">Chatroulette<\/a><\/td>\n<td align=\"center\">\u2705<\/td>\n<td align=\"center\">\u2705<\/td>\n<td align=\"center\">\u274c<\/td>\n<td align=\"center\">\u274c (Bezahlt)<\/td>\n<td align=\"center\">\u2705<\/td>\n<td>Klassisch, aber Gender-Filter mit Paywall<\/td>\n<\/tr>\n<tr>\n<td>Chatrandom<\/td>\n<td align=\"center\">\u2705<\/td>\n<td align=\"center\">\u2705<\/td>\n<td align=\"center\">\u274c<\/td>\n<td align=\"center\">\u274c (Bezahlt)<\/td>\n<td align=\"center\">\u2705<\/td>\n<td>Beliebt, aber Premiumfunktionen gesperrt<\/td>\n<\/tr>\n<tr>\n<td><a href=\"https:\/\/strangercam.com\/de\/ometv\/\">OmeTV<\/a><\/td>\n<td align=\"center\">\u2705<\/td>\n<td align=\"center\">\u2705<\/td>\n<td align=\"center\">\u274c<\/td>\n<td align=\"center\">\u274c<\/td>\n<td align=\"center\">\u2705<\/td>\n<td>Mobile App, nur zuf\u00e4llig<\/td>\n<\/tr>\n<tr>\n<td>Shagle<\/td>\n<td align=\"center\">\u2705<\/td>\n<td align=\"center\">\u2705<\/td>\n<td align=\"center\">\u274c<\/td>\n<td align=\"center\">\u274c (Bezahlt)<\/td>\n<td align=\"center\">\u2705<\/td>\n<td>Pr\u00e4mie stark gedr\u00fcckt<\/td>\n<\/tr>\n<tr>\n<td>Emerald Chat<\/td>\n<td align=\"center\">\u2705<\/td>\n<td align=\"center\">\u2705<\/td>\n<td align=\"center\">\u274c<\/td>\n<td align=\"center\">\u274c<\/td>\n<td align=\"center\">\u2705<\/td>\n<td>Reputationsbasiertes System<\/td>\n<\/tr>\n<tr>\n<td>LuckyCrush<\/td>\n<td align=\"center\">\u274c<\/td>\n<td align=\"center\">\u2705<\/td>\n<td align=\"center\">\u2705<\/td>\n<td align=\"center\">\u2705<\/td>\n<td align=\"center\">\u2705<\/td>\n<td>Immer bezahlter, geschlechtsspezifischer Chat<\/td>\n<\/tr>\n<\/tbody>\n<\/table>\n<p>StrangerCam ist eine der wenigen Plattformen, die kostenlosen Zufalls-Chat mit Video, echten Geschlechtsfiltern, ohne Anmeldung und unbegrenzten Zugang bietet.<\/p>\n<h2>Warum StrangerCam die beste Wahl f\u00fcr kostenlosen Zufalls-Chat ist<\/h2>\n<p>StrangerCam hat sich im Jahr 2025 zu einem Top-Ziel f\u00fcr Nutzer entwickelt, die einen kostenlosen Zufalls-Chat suchen. Hier ist der Grund daf\u00fcr:<\/p>\n<h3>1. Wirklich kostenlos und unbegrenzt<\/h3>\n<p>Keine Kredite, keine Pr\u00fcfungen, keine Einschr\u00e4nkungen.<\/p>\n<h3>2. Video- und Textoptionen<\/h3>\n<p>W\u00e4hlen Sie, ob Sie von Angesicht zu Angesicht oder nur per Text chatten m\u00f6chten.<\/p>\n<h3>3. Kostenloser Gender-Filter<\/h3>\n<p>W\u00e4hlen Sie aus, mit wem Sie chatten m\u00f6chten - mit einem Mann, einer Frau oder beiden -, ohne zu bezahlen.<\/p>\n<h3>4. Keine Anmeldung erforderlich<\/h3>\n<p>Bleiben Sie beim Chatten mit Fremden anonym.<\/p>\n<h3>5. Globale Gemeinschaft<\/h3>\n<p>Treffen Sie Menschen aus \u00fcber 100 L\u00e4ndern, jederzeit.<\/p>\n<h3>6. Sicher &amp; moderiert<\/h3>\n<p>Aktive Moderation h\u00e4lt Bots und Spam fern.<\/p>\n<h2>Echte Anwenderberichte<\/h2>\n<blockquote><p><em>\"Ich war einfach auf der Suche nach einem kostenlosen Zufalls-Chat ohne versteckte Kosten. StrangerCam war die erste Seite, die mir wirklich geholfen hat.\"<\/em><br \/>\n- Ryan, 24<\/p><\/blockquote>\n<blockquote><p><em>\"Mir gef\u00e4llt, dass ich zwischen Video und Text w\u00e4hlen kann. An manchen Tagen m\u00f6chte ich nur tippen, an anderen Tagen m\u00f6chte ich von Angesicht zu Angesicht sprechen.<\/em><br \/>\n- Maria, 21<\/p><\/blockquote>\n<blockquote><p><em>\"Der Gender-Filter funktioniert hier tats\u00e4chlich, im Gegensatz zu anderen so genannten kostenlosen Seiten.\"<\/em><br \/>\n- Ethan, 28<\/p><\/blockquote>\n<blockquote><p><em>\"Einfach, lustig und schnell. Ich habe schon Leute aus so vielen L\u00e4ndern kennengelernt.\"<\/em><br \/>\n- Sophie, 22<\/p><\/blockquote>\n<h2>Sicherheitstipps f\u00fcr den kostenlosen Zufalls-Chat<\/h2>\n<p>Auch wenn zuf\u00e4llige Chats Spa\u00df machen k\u00f6nnen, ist es wichtig, auf Nummer sicher zu gehen:<\/p>\n<ul>\n<li>Geben Sie keine pers\u00f6nlichen Informationen wie Ihren vollst\u00e4ndigen Namen, Ihre Adresse oder Ihre Telefonnummer weiter.<\/li>\n<li>\u00dcberspringen oder blockieren Sie jeden, der Ihnen Unbehagen bereitet.<\/li>\n<li>Klicken Sie niemals auf verd\u00e4chtige Links.<\/li>\n<li>Verwenden Sie einen neutralen Hintergrund, um zu vermeiden, dass private Details preisgegeben werden.<\/li>\n<li>Bleiben Sie bei den Funktionen der Plattform - verwenden Sie bei Bedarf die Melden-Schaltfl\u00e4che.<\/li>\n<li>Beachten Sie die Altersbestimmungen - wenn Sie unter 18 sind, sollten Sie keine Chatseiten f\u00fcr Erwachsene benutzen.<\/li>\n<\/ul>\n<h2>Der Einstieg - Schritt f\u00fcr Schritt<\/h2>\n<p>Der Start eines kostenlosen Zufalls-Chats dauert weniger als eine Minute:<\/p>\n<ol>\n<li>\u00d6ffnen Sie StrangerCam auf Ihrem Ger\u00e4t.<\/li>\n<li>W\u00e4hlen Sie, ob Sie einen Video- oder Text-Chat w\u00fcnschen.<\/li>\n<li>Erlauben Sie den Zugriff auf Ihre Kamera und Ihr Mikrofon (wenn Sie Video verwenden).<\/li>\n<li>Klicken Sie auf Chat starten, um eine sofortige Verbindung herzustellen.<\/li>\n<li>Dr\u00fccken Sie jederzeit auf Weiter, wenn Sie jemand Neues kennenlernen m\u00f6chten.<\/li>\n<\/ol>\n<p>Schnell, einfach und kostenlos.<\/p>\n<h2>H\u00e4ufig gestellte Fragen<\/h2>\n<h3>Ist der kostenlose Zufalls-Chat wirklich kostenlos?<\/h3>\n<p>Ja, StrangerCam bietet unbegrenzte Zufalls-Chats ohne versteckte Kosten.<\/p>\n<h3>Muss ich mich anmelden?<\/h3>\n<p>Nein. StrangerCam erfordert kein Konto und keine Registrierung.<\/p>\n<h3>Sind die Menschen echt?<\/h3>\n<p>Ja. Beim Video-Chat sind Sie immer mit echten Benutzern verbunden.<\/p>\n<h3>Kann ich es auf dem Handy benutzen?<\/h3>\n<p>Ja, StrangerCam funktioniert reibungslos auf allen Ger\u00e4ten.<\/p>\n<h3>Ist es sicher?<\/h3>\n<p>Ja, solange Sie grundlegende Sicherheitstipps befolgen und die Moderationswerkzeuge von StrangerCam verwenden.<\/p>\n<h2>Abschlie\u00dfende Gedanken - Probieren Sie den kostenlosen Random Chat noch heute aus<\/h2>\n<p>Im Jahr 2025 ist der kostenlose Zufalls-Chat nach wie vor eine der einfachsten und unterhaltsamsten M\u00f6glichkeiten, online mit neuen Leuten in Kontakt zu treten. Er ist spontan, authentisch und kann Sie in Sekundenschnelle mit Fremden von \u00fcberall auf der Welt in Kontakt bringen.<\/p>\n<p>Aber nicht jede Plattform bietet das. Viele Seiten verstecken wichtige Funktionen hinter Bezahlschranken oder sind mit Bots \u00fcberlaufen. Deshalb ist StrangerCam die beste Wahl: Es ist wirklich kostenlos, anonym, moderiert und immer voller Menschen, die bereit sind zu chatten.<\/p>\n<p>Bist du bereit, es zu versuchen? Starten Sie jetzt einen kostenlosen Zufalls-Chat und sehen Sie, wen Sie als n\u00e4chstes treffen werden.<\/p>","protected":false},"excerpt":{"rendered":"<p>Are you looking for the best way to enjoy a free random chat? You\u2019re not alone. Millions of people worldwide search for random chat platforms every month, hoping to connect instantly with new people\u2014whether for fun, friendship, cultural exchange, or casual flirting. Unlike social media or dating apps, which often require endless swiping or slow [&hellip;]<\/p>\n","protected":false},"author":8,"featured_media":0,"parent":0,"menu_order":0,"comment_status":"closed","ping_status":"closed","template":"","meta":{"footnotes":""},"class_list":["post-3935","page","type-page","status-publish","hentry"],"yoast_head":"<!-- This site is optimized with the Yoast SEO plugin v26.9 - https:\/\/yoast.com\/product\/yoast-seo-wordpress\/ -->\n<title>Free Random Chat with Random Chat on Strangercam.com<\/title>\n<meta name=\"description\" content=\"Liking Free Random Chat? Join millions on StrangerCam.com! Start a random video chat, turn on your cam, and meet strangers instantly.\" \/>\n<meta name=\"robots\" content=\"index, follow, max-snippet:-1, max-image-preview:large, max-video-preview:-1\" \/>\n<link rel=\"canonical\" href=\"https:\/\/strangercam.com\/de\/kostenloser-zufalls-chat\/\" \/>\n<meta property=\"og:locale\" content=\"de_DE\" \/>\n<meta property=\"og:type\" content=\"article\" \/>\n<meta property=\"og:title\" content=\"Free Random Chat with Random Chat on Strangercam.com\" \/>\n<meta property=\"og:description\" content=\"Liking Free Random Chat? Join millions on StrangerCam.com! Start a random video chat, turn on your cam, and meet strangers instantly.\" \/>\n<meta property=\"og:url\" content=\"https:\/\/strangercam.com\/de\/kostenloser-zufalls-chat\/\" \/>\n<meta property=\"og:site_name\" content=\"Strangercam\" \/>\n<meta property=\"article:publisher\" content=\"https:\/\/www.facebook.com\/strangercam\" \/>\n<meta property=\"article:modified_time\" content=\"2025-09-03T11:31:40+00:00\" \/>\n<meta property=\"og:image\" content=\"https:\/\/strangercam.com\/wp-content\/uploads\/2021\/10\/Untitled-2.png\" \/>\n\t<meta property=\"og:image:width\" content=\"800\" \/>\n\t<meta property=\"og:image:height\" content=\"532\" \/>\n\t<meta property=\"og:image:type\" content=\"image\/png\" \/>\n<meta name=\"twitter:card\" content=\"summary_large_image\" \/>\n<meta name=\"twitter:site\" content=\"@strangercamapp\" \/>\n<meta name=\"twitter:label1\" content=\"Gesch\u00e4tzte Lesezeit\" \/>\n\t<meta name=\"twitter:data1\" content=\"5\u00a0Minuten\" \/>\n<script type=\"application\/ld+json\" class=\"yoast-schema-graph\">{\"@context\":\"https:\/\/schema.org\",\"@graph\":[{\"@type\":\"WebPage\",\"@id\":\"https:\/\/strangercam.com\/free-random-chat\/\",\"url\":\"https:\/\/strangercam.com\/free-random-chat\/\",\"name\":\"Free Random Chat with Random Chat on Strangercam.com\",\"isPartOf\":{\"@id\":\"https:\/\/strangercam.com\/#website\"},\"datePublished\":\"2025-08-28T15:19:09+00:00\",\"dateModified\":\"2025-09-03T11:31:40+00:00\",\"description\":\"Liking Free Random Chat? Join millions on StrangerCam.com! Start a random video chat, turn on your cam, and meet strangers instantly.\",\"breadcrumb\":{\"@id\":\"https:\/\/strangercam.com\/free-random-chat\/#breadcrumb\"},\"inLanguage\":\"de\",\"potentialAction\":[{\"@type\":\"ReadAction\",\"target\":[\"https:\/\/strangercam.com\/free-random-chat\/\"]}]},{\"@type\":\"BreadcrumbList\",\"@id\":\"https:\/\/strangercam.com\/free-random-chat\/#breadcrumb\",\"itemListElement\":[{\"@type\":\"ListItem\",\"position\":1,\"name\":\"Home\",\"item\":\"https:\/\/strangercam.com\/\"},{\"@type\":\"ListItem\",\"position\":2,\"name\":\"Free Random Chat\"}]},{\"@type\":\"WebSite\",\"@id\":\"https:\/\/strangercam.com\/#website\",\"url\":\"https:\/\/strangercam.com\/\",\"name\":\"Strangercam\",\"description\":\"Random Video Chat with Strangers\",\"publisher\":{\"@id\":\"https:\/\/strangercam.com\/#organization\"},\"alternateName\":\"Strangercam.com\",\"potentialAction\":[{\"@type\":\"SearchAction\",\"target\":{\"@type\":\"EntryPoint\",\"urlTemplate\":\"https:\/\/strangercam.com\/?s={search_term_string}\"},\"query-input\":{\"@type\":\"PropertyValueSpecification\",\"valueRequired\":true,\"valueName\":\"search_term_string\"}}],\"inLanguage\":\"de\"},{\"@type\":\"Organization\",\"@id\":\"https:\/\/strangercam.com\/#organization\",\"name\":\"Strangercam\",\"alternateName\":\"Strangercam.com\",\"url\":\"https:\/\/strangercam.com\/\",\"logo\":{\"@type\":\"ImageObject\",\"inLanguage\":\"de\",\"@id\":\"https:\/\/strangercam.com\/#\/schema\/logo\/image\/\",\"url\":\"https:\/\/strangercam.com\/wp-content\/uploads\/2020\/11\/cropped-new-favicon-black.png\",\"contentUrl\":\"https:\/\/strangercam.com\/wp-content\/uploads\/2020\/11\/cropped-new-favicon-black.png\",\"width\":512,\"height\":512,\"caption\":\"Strangercam\"},\"image\":{\"@id\":\"https:\/\/strangercam.com\/#\/schema\/logo\/image\/\"},\"sameAs\":[\"https:\/\/www.facebook.com\/strangercam\",\"https:\/\/x.com\/strangercamapp\"]}]}<\/script>\n<!-- \/ Yoast SEO plugin. -->","yoast_head_json":{"title":"Kostenloser Zufalls-Chat mit Zufalls-Chat auf Strangercam.com","description":"M\u00f6gen Sie den kostenlosen Zufalls-Chat? Join Millionen auf StrangerCam.com! Starten Sie einen zuf\u00e4lligen Video-Chat, schalten Sie Ihre Kamera ein und treffen Sie sofort Fremde.","robots":{"index":"index","follow":"follow","max-snippet":"max-snippet:-1","max-image-preview":"max-image-preview:large","max-video-preview":"max-video-preview:-1"},"canonical":"https:\/\/strangercam.com\/de\/kostenloser-zufalls-chat\/","og_locale":"de_DE","og_type":"article","og_title":"Free Random Chat with Random Chat on Strangercam.com","og_description":"Liking Free Random Chat? Join millions on StrangerCam.com! Start a random video chat, turn on your cam, and meet strangers instantly.","og_url":"https:\/\/strangercam.com\/de\/kostenloser-zufalls-chat\/","og_site_name":"Strangercam","article_publisher":"https:\/\/www.facebook.com\/strangercam","article_modified_time":"2025-09-03T11:31:40+00:00","og_image":[{"width":800,"height":532,"url":"https:\/\/strangercam.com\/wp-content\/uploads\/2021\/10\/Untitled-2.png","type":"image\/png"}],"twitter_card":"summary_large_image","twitter_site":"@strangercamapp","twitter_misc":{"Gesch\u00e4tzte Lesezeit":"5\u00a0Minuten"},"schema":{"@context":"https:\/\/schema.org","@graph":[{"@type":"WebPage","@id":"https:\/\/strangercam.com\/free-random-chat\/","url":"https:\/\/strangercam.com\/free-random-chat\/","name":"Kostenloser Zufalls-Chat mit Zufalls-Chat auf Strangercam.com","isPartOf":{"@id":"https:\/\/strangercam.com\/#website"},"datePublished":"2025-08-28T15:19:09+00:00","dateModified":"2025-09-03T11:31:40+00:00","description":"M\u00f6gen Sie den kostenlosen Zufalls-Chat? Join Millionen auf StrangerCam.com! Starten Sie einen zuf\u00e4lligen Video-Chat, schalten Sie Ihre Kamera ein und treffen Sie sofort Fremde.","breadcrumb":{"@id":"https:\/\/strangercam.com\/free-random-chat\/#breadcrumb"},"inLanguage":"de","potentialAction":[{"@type":"ReadAction","target":["https:\/\/strangercam.com\/free-random-chat\/"]}]},{"@type":"BreadcrumbList","@id":"https:\/\/strangercam.com\/free-random-chat\/#breadcrumb","itemListElement":[{"@type":"ListItem","position":1,"name":"Home","item":"https:\/\/strangercam.com\/"},{"@type":"ListItem","position":2,"name":"Free Random Chat"}]},{"@type":"WebSite","@id":"https:\/\/strangercam.com\/#website","url":"https:\/\/strangercam.com\/","name":"Strangercam","description":"Zuf\u00e4lliger Video-Chat mit Fremden","publisher":{"@id":"https:\/\/strangercam.com\/#organization"},"alternateName":"Strangercam.com","potentialAction":[{"@type":"SearchAction","target":{"@type":"EntryPoint","urlTemplate":"https:\/\/strangercam.com\/?s={search_term_string}"},"query-input":{"@type":"PropertyValueSpecification","valueRequired":true,"valueName":"search_term_string"}}],"inLanguage":"de"},{"@type":"Organization","@id":"https:\/\/strangercam.com\/#organization","name":"Strangercam","alternateName":"Strangercam.com","url":"https:\/\/strangercam.com\/","logo":{"@type":"ImageObject","inLanguage":"de","@id":"https:\/\/strangercam.com\/#\/schema\/logo\/image\/","url":"https:\/\/strangercam.com\/wp-content\/uploads\/2020\/11\/cropped-new-favicon-black.png","contentUrl":"https:\/\/strangercam.com\/wp-content\/uploads\/2020\/11\/cropped-new-favicon-black.png","width":512,"height":512,"caption":"Strangercam"},"image":{"@id":"https:\/\/strangercam.com\/#\/schema\/logo\/image\/"},"sameAs":["https:\/\/www.facebook.com\/strangercam","https:\/\/x.com\/strangercamapp"]}]}},"_links":{"self":[{"href":"https:\/\/strangercam.com\/de\/wp-json\/wp\/v2\/pages\/3935","targetHints":{"allow":["GET"]}}],"collection":[{"href":"https:\/\/strangercam.com\/de\/wp-json\/wp\/v2\/pages"}],"about":[{"href":"https:\/\/strangercam.com\/de\/wp-json\/wp\/v2\/types\/page"}],"author":[{"embeddable":true,"href":"https:\/\/strangercam.com\/de\/wp-json\/wp\/v2\/users\/8"}],"replies":[{"embeddable":true,"href":"https:\/\/strangercam.com\/de\/wp-json\/wp\/v2\/comments?post=3935"}],"version-history":[{"count":1,"href":"https:\/\/strangercam.com\/de\/wp-json\/wp\/v2\/pages\/3935\/revisions"}],"predecessor-version":[{"id":12978,"href":"https:\/\/strangercam.com\/de\/wp-json\/wp\/v2\/pages\/3935\/revisions\/12978"}],"wp:attachment":[{"href":"https:\/\/strangercam.com\/de\/wp-json\/wp\/v2\/media?parent=3935"}],"curies":[{"name":"wp","href":"https:\/\/api.w.org\/{rel}","templated":true}]}}