{"id":3918,"date":"2025-08-28T17:12:57","date_gmt":"2025-08-28T15:12:57","guid":{"rendered":"https:\/\/strangercam.com\/?page_id=3918"},"modified":"2025-09-03T13:31:29","modified_gmt":"2025-09-03T11:31:29","slug":"mit-fremden-sprechen-videoanruf","status":"publish","type":"page","link":"https:\/\/strangercam.com\/de\/mit-fremden-sprechen-videoanruf\/","title":{"rendered":"Mit Fremden sprechen Videoanruf"},"content":{"rendered":"<p>Haben Sie nach einer M\u00f6glichkeit gesucht, mit Fremden per Videoanruf zu sprechen? Sie sind nicht allein. Seit dem Aufkommen von Random <a href=\"https:\/\/strangercam.com\/de\/chathub\/\">Chat<\/a> Plattformen wie <a href=\"https:\/\/strangercam.com\/de\/omegle\/\">Omegle<\/a>, <a href=\"https:\/\/strangercam.com\/de\/chatroulette\/\">Chatroulette<\/a>, und ihren modernen Nachfolgern haben Millionen von Menschen Live-Videoanrufe mit Fremden genutzt, um neue Freundschaften zu schlie\u00dfen, zwanglose Gespr\u00e4che zu f\u00fchren oder einfach nur die Langeweile zu vertreiben.<\/p>\n<p>Heutzutage machen es Plattformen wie StrangerCam einfacher denn je, kostenlose Videoanrufe mit Fremden zu f\u00fchren - ohne Anmeldung, ohne Downloads und ohne versteckte Geb\u00fchren. Egal, ob Sie zwanglos chatten, flirten, etwas \u00fcber andere Kulturen erfahren oder einfach nur mit jemandem lachen m\u00f6chten, Online-Videogespr\u00e4che mit Fremden bieten Ihnen sofortigen Zugang zu echten Menschen weltweit.<\/p>\n<p>In diesem Leitfaden erfahren Sie alles, was Sie wissen m\u00fcssen: was Videogespr\u00e4che mit Fremden sind, warum sie so beliebt sind, wie sie funktionieren, auf welche Funktionen Sie achten sollten, Vergleiche der besten Plattformen, Sicherheitstipps und warum StrangerCam eine der ersten Wahl im Jahr 2025 ist.<\/p>\n<h2>Was bedeutet \"Talk to Strangers Video Call\"?<\/h2>\n<p>Wenn Sie mit Fremden per Videoanruf sprechen, verwenden Sie Ihre Webcam und Ihr Mikrofon, um sich sofort mit zuf\u00e4lligen Personen online zu verbinden. Im Gegensatz zu sozialen Netzwerken oder Dating-Apps, bei denen sich Unterhaltungen gezwungen oder langsam anf\u00fchlen k\u00f6nnen, sind Videoanrufe mit Fremden spontan und echt.<\/p>\n<p>Sie brauchen kein Profil zu erstellen, keine Fotos hochzuladen oder stundenlang zu scrollen. Klicken Sie einfach auf eine Schaltfl\u00e4che, und schon sitzen Sie einem neuen Menschen gegen\u00fcber. Wenn Ihnen der Chat nicht gef\u00e4llt, klicken Sie auf \"Weiter\" und Sie werden in Sekundenschnelle mit jemandem verbunden.<\/p>\n<h2>Warum Menschen kostenlose Videoanrufe mit Fremden lieben<\/h2>\n<p>Die Attraktivit\u00e4t von Plattformen f\u00fcr kostenlose Videogespr\u00e4che mit Fremden liegt auf der Hand:<\/p>\n<ul>\n<li>Echte menschliche Interaktion - Anders als bei einem Text-Chat k\u00f6nnen Sie bei einem Video-Chat sicher sein, dass Sie mit einer echten Person sprechen.<\/li>\n<li>Spontaneit\u00e4t - Jeder Anruf ist einzigartig, \u00fcberraschend und unvorhersehbar.<\/li>\n<li>Keine Verpflichtung - Keine Konten oder Anmeldungen erforderlich; Sie k\u00f6nnen jederzeit gehen.<\/li>\n<li>Globale Reichweite - Treffen Sie sofort Fremde aus der ganzen Welt.<\/li>\n<li>Freundschaft und Flirten - Manche Menschen nutzen es, um Freundschaften zu schlie\u00dfen, andere, um unbeschwerten, zwanglosen Spa\u00df zu haben.<\/li>\n<li>Quick Escape - Perfekt, wenn Ihnen langweilig ist oder Sie eine Pause in Gesellschaft brauchen.<\/li>\n<\/ul>\n<h2>Wie funktioniert ein Videoanruf mit Fremden?<\/h2>\n<p>Das Verfahren ist schnell und anf\u00e4ngerfreundlich:<\/p>\n<ol>\n<li>\u00d6ffnen Sie die Plattform (wie StrangerCam) auf Ihrem Ger\u00e4t.<\/li>\n<li>Erlauben Sie den Zugriff auf Ihre Kamera und Ihr Mikrofon.<\/li>\n<li>Klicken Sie auf \"Chat starten\". Sie werden sofort mit einem zuf\u00e4lligen Fremden verbunden.<\/li>\n<li>Sprechen Sie live per Videoanruf.<\/li>\n<li>Klicken Sie auf \"Weiter\", wenn Sie eine neue Person kennenlernen m\u00f6chten.<\/li>\n<\/ol>\n<p>Diese einfache Einrichtung macht es zu einer der schnellsten M\u00f6glichkeiten, mit Menschen weltweit in Kontakt zu treten.<\/p>\n<h2>Die wichtigsten Merkmale, auf die Sie achten sollten<\/h2>\n<p>Wenn Sie auf der Suche nach dem besten Ort sind, um mit Fremden per Videoanruf zu sprechen, sind hier die wichtigsten Funktionen:<\/p>\n<h3>1. Wirklich freier Zugang<\/h3>\n<p>Die Plattform sollte Ihnen unbegrenzten Zugang ohne Bezahlschranken bieten.<\/p>\n<h3>2. Keine Anmeldung erforderlich<\/h3>\n<p>Die besten Plattformen erfordern keine Konten, Anmeldungen oder pers\u00f6nlichen Daten.<\/p>\n<h3>3. Filter f\u00fcr Geschlecht und Ort<\/h3>\n<p>W\u00e4hlen Sie aus, mit wem Sie sprechen m\u00f6chten - ob mit Frauen, M\u00e4nnern oder Menschen aus bestimmten L\u00e4ndern.<\/p>\n<h3>4. Starke M\u00e4\u00dfigung<\/h3>\n<p>Die Plattformen sollten \u00fcber Instrumente zur Meldung, Sperrung und Sicherung des Raums verf\u00fcgen.<\/p>\n<h3>5. Mobilfreundliches Erlebnis<\/h3>\n<p>Stellen Sie sicher, dass die Plattform sowohl auf Telefonen als auch auf Desktops gut funktioniert.<\/p>\n<h3>6. Hochwertiges Video und Audio<\/h3>\n<p>Klare und reibungslose Verbindungen machen das Gespr\u00e4ch angenehmer.<\/p>\n<h2>Die besten Plattformen f\u00fcr Videogespr\u00e4che mit Fremden im Jahr 2025<\/h2>\n<p>Hier ist ein Vergleich der wichtigsten Plattformen f\u00fcr Videoanrufe mit Fremden:<\/p>\n<table>\n<thead>\n<tr>\n<th>Plattform<\/th>\n<th align=\"center\">Freier Zugang<\/th>\n<th align=\"center\">Gender-Filter<\/th>\n<th align=\"center\">Anmeldung erforderlich<\/th>\n<th align=\"center\">Mobile Unterst\u00fctzung<\/th>\n<th align=\"center\">Moderation<\/th>\n<th>Anmerkungen<\/th>\n<\/tr>\n<\/thead>\n<tbody>\n<tr>\n<td>StrangerCam<\/td>\n<td align=\"center\">\u2705<\/td>\n<td align=\"center\">\u2705 (Frei)<\/td>\n<td align=\"center\">\u274c<\/td>\n<td align=\"center\">\u2705<\/td>\n<td align=\"center\">\u2705<\/td>\n<td>Beste Gesamtauswahl, wirklich kostenlos<\/td>\n<\/tr>\n<tr>\n<td>Chatroulette<\/td>\n<td align=\"center\">\u2705<\/td>\n<td align=\"center\">\u274c (Bezahlt)<\/td>\n<td align=\"center\">\u274c<\/td>\n<td align=\"center\">\u2705<\/td>\n<td align=\"center\">\u2705<\/td>\n<td>Klassisch, aber geschlechtsspezifische Filter gesperrt<\/td>\n<\/tr>\n<tr>\n<td>Chatrandom<\/td>\n<td align=\"center\">\u2705<\/td>\n<td align=\"center\">\u274c (Bezahlt)<\/td>\n<td align=\"center\">\u274c<\/td>\n<td align=\"center\">\u2705<\/td>\n<td align=\"center\">\u2705<\/td>\n<td>Gro\u00dfe Nutzerbasis, hochwertige Filter<\/td>\n<\/tr>\n<tr>\n<td><a href=\"https:\/\/strangercam.com\/de\/ometv\/\">OmeTV<\/a><\/td>\n<td align=\"center\">\u2705<\/td>\n<td align=\"center\">\u274c<\/td>\n<td align=\"center\">\u274c<\/td>\n<td align=\"center\">\u2705<\/td>\n<td align=\"center\">\u2705<\/td>\n<td>Nur zuf\u00e4llig, mobile App verf\u00fcgbar<\/td>\n<\/tr>\n<tr>\n<td>Shagle<\/td>\n<td align=\"center\">\u2705<\/td>\n<td align=\"center\">\u274c (Bezahlt)<\/td>\n<td align=\"center\">\u274c<\/td>\n<td align=\"center\">\u2705<\/td>\n<td align=\"center\">\u2705<\/td>\n<td>Freier Zugang, aber Paywalls f\u00fcr Filter<\/td>\n<\/tr>\n<tr>\n<td><a href=\"https:\/\/strangercam.com\/de\/coomeet\/\">CooMeet<\/a><\/td>\n<td align=\"center\">\u274c (Versuch)<\/td>\n<td align=\"center\">\u2705<\/td>\n<td align=\"center\">\u2705<\/td>\n<td align=\"center\">\u2705<\/td>\n<td align=\"center\">\u2705<\/td>\n<td>Bezahlt nach begrenzter kostenloser Testphase<\/td>\n<\/tr>\n<tr>\n<td>LuckyCrush<\/td>\n<td align=\"center\">\u274c<\/td>\n<td align=\"center\">\u2705<\/td>\n<td align=\"center\">\u2705<\/td>\n<td align=\"center\">\u2705<\/td>\n<td align=\"center\">\u2705<\/td>\n<td>Immer bezahlte, geschlechtsspezifische Chats<\/td>\n<\/tr>\n<\/tbody>\n<\/table>\n<p>StrangerCam ist eine der einzigen Plattformen, die kostenlose, unbegrenzte Videogespr\u00e4che mit Fremden mit echtem Geschlechtsfilter und ohne Anmeldung anbietet.<\/p>\n<h2>Warum StrangerCam die beste Wahl ist<\/h2>\n<p>StrangerCam ist im Jahr 2025 eine der vertrauensw\u00fcrdigsten M\u00f6glichkeiten, mit Fremden per Videoanruf zu sprechen. Hier ist der Grund daf\u00fcr:<\/p>\n<h3>1. V\u00f6llig kostenlos<\/h3>\n<p>Keine versteckten Kosten, Versuche oder Kreditsysteme.<\/p>\n<h3>2. Kostenloser Gender-Filter<\/h3>\n<p>Im Gegensatz zu den meisten Konkurrenten k\u00f6nnen Sie bei StrangerCam selbst entscheiden, wen Sie treffen m\u00f6chten - ohne Bezahlschranken.<\/p>\n<h3>3. Keine Anmeldung oder Registrierung<\/h3>\n<p>Bleiben Sie anonym und beginnen Sie sofort zu chatten.<\/p>\n<h3>4. Sicher &amp; moderiert<\/h3>\n<p>Starke Meldefunktionen und Live-Moderation machen die Umgebung sicherer.<\/p>\n<h3>5. Globale Nutzerbasis<\/h3>\n<p>Fremde aus \u00fcber 100 L\u00e4ndern sind rund um die Uhr online.<\/p>\n<h3>6. Optimiert f\u00fcr alle Ger\u00e4te<\/h3>\n<p>Funktioniert sowohl auf dem Handy als auch auf dem Desktop perfekt.<\/p>\n<h2>Echte Anwenderberichte<\/h2>\n<blockquote><p><em>\"Ich wollte einen Ort, an dem ich mit Fremden per Videoanruf sprechen kann, ohne daf\u00fcr bezahlen zu m\u00fcssen. StrangerCam war die erste Plattform, die tats\u00e4chlich kostenlos war.\"<\/em><br \/>\n- Jake, 26<\/p><\/blockquote>\n<blockquote><p><em>\"Es f\u00fchlt sich sicherer an als andere Websites, die ich ausprobiert habe. Ich kann Leute sofort blockieren und auslassen, wenn ich mich nicht wohl f\u00fchle.<\/em><br \/>\n- Lea, 23<\/p><\/blockquote>\n<blockquote><p><em>\"Der Gender-Filter funktioniert ohne Aufpreis, was heutzutage selten ist.\"<\/em><br \/>\n- Markus, 29<\/p><\/blockquote>\n<blockquote><p><em>\"Schnell, einfach und lustig. Ich habe bereits Freunde aus drei verschiedenen L\u00e4ndern gefunden.\"<\/em><br \/>\n- Sophia, 21<\/p><\/blockquote>\n<h2>Sicherheitstipps f\u00fcr Gespr\u00e4che mit Fremden per Videoanruf<\/h2>\n<p>Videogespr\u00e4che mit Fremden machen zwar Spa\u00df, aber Sicherheit ist wichtig:<\/p>\n<ul>\n<li>Geben Sie niemals pers\u00f6nliche Daten weiter (Telefonnummer, Adresse, E-Mail).<\/li>\n<li>Vermeiden Sie es, auf Links zu klicken, die von Fremden gesendet werden.<\/li>\n<li>Verwenden Sie die Schaltfl\u00e4che \"Weiter\", wenn Sie sich unwohl f\u00fchlen.<\/li>\n<li>\u00dcberpr\u00fcfen Sie Ihren Hintergrund, um zu vermeiden, dass Sie private Details preisgeben.<\/li>\n<li>Bleiben Sie bei den Plattform-Tools f\u00fcr die Sperrung und Berichterstattung.<\/li>\n<li>Beachten Sie die Altersbestimmungen - wenn Sie unter 18 sind, sollten Sie keine Plattformen f\u00fcr Erwachsene nutzen.<\/li>\n<\/ul>\n<h2>Der Einstieg - Schritt f\u00fcr Schritt<\/h2>\n<p>Das Starten eines Videoanrufs mit Fremden dauert weniger als eine Minute:<\/p>\n<ol>\n<li>\u00d6ffnen Sie StrangerCam in Ihrem Browser oder auf Ihrem Ger\u00e4t.<\/li>\n<li>Erlauben Sie den Zugriff auf Webcam und Mikrofon.<\/li>\n<li>W\u00e4hlen Sie Pr\u00e4ferenzen (z. B. Geschlechtsfilter).<\/li>\n<li>Klicken Sie auf Chat starten, um eine sofortige Verbindung herzustellen.<\/li>\n<li>Sprechen Sie mit Fremden von Angesicht zu Angesicht und klicken Sie jederzeit auf Weiter, um einen neuen Chat zu beginnen.<\/li>\n<\/ol>\n<p>Schnell, einfach und v\u00f6llig kostenlos.<\/p>\n<h2>H\u00e4ufig gestellte Fragen<\/h2>\n<h3>Ist es wirklich kostenlos, mit Fremden per Videoanruf zu sprechen?<\/h3>\n<p>Ja, StrangerCam bietet unbegrenzte Videoanrufe mit Fremden ohne versteckte Kosten.<\/p>\n<h3>Muss ich mich registrieren lassen?<\/h3>\n<p>Nein. Bei StrangerCam ist keine Anmeldung oder ein Konto erforderlich.<\/p>\n<h3>Sind die Menschen echt?<\/h3>\n<p>Ja. Live-Video stellt sicher, dass Sie mit echten Menschen und nicht mit Bots sprechen.<\/p>\n<h3>Kann ich es auf meinem Handy benutzen?<\/h3>\n<p>Ja, StrangerCam ist vollst\u00e4ndig mobilfreundlich.<\/p>\n<h3>Ist es sicher?<\/h3>\n<p>Ja, solange Sie die Sicherheitstipps befolgen und die Moderationswerkzeuge von StrangerCam verwenden.<\/p>\n<h2>Abschlie\u00dfende \u00dcberlegungen - Probieren Sie noch heute kostenlose Videoanrufe mit Fremden aus<\/h2>\n<p>Im Jahr 2025 ist eine der einfachsten und unterhaltsamsten M\u00f6glichkeiten, neue Leute kennenzulernen, mit Fremden per Videoanruf zu sprechen. Es ist spontan, kostenlos und erm\u00f6glicht echte Kontakte in Sekundenschnelle.<\/p>\n<p>Aber nicht alle Plattformen leisten dies. Viele Seiten verstecken Gender-Filter hinter Paywalls oder f\u00fcllen ihre Communities mit Bots. Deshalb ist StrangerCam die beste Wahl: Es ist kostenlos, sicher, anonym und voller globaler Nutzer, die bereit sind, dich zu treffen.<\/p>\n<p>Bereit f\u00fcr eine Verbindung? Starten Sie noch heute einen kostenlosen Videoanruf mit Fremden und sehen Sie, wen Sie als N\u00e4chstes treffen werden.<\/p>","protected":false},"excerpt":{"rendered":"<p>Have you been searching for a way to talk to strangers video call style? You\u2019re not alone. Since the rise of random chat platforms like Omegle, Chatroulette, and their modern successors, millions of people have turned to live video calls with strangers to make new friends, enjoy casual conversations, or simply beat boredom. Today, platforms [&hellip;]<\/p>\n","protected":false},"author":8,"featured_media":0,"parent":0,"menu_order":0,"comment_status":"closed","ping_status":"closed","template":"","meta":{"footnotes":""},"class_list":["post-3918","page","type-page","status-publish","hentry"],"yoast_head":"<!-- This site is optimized with the Yoast SEO plugin v26.9 - https:\/\/yoast.com\/product\/yoast-seo-wordpress\/ -->\n<title>Talk to Strangers Video Call on Strangercam.com<\/title>\n<meta name=\"description\" content=\"Liking Talk to Strangers Video Call? Join millions on StrangerCam.com! Start a random video chat, turn on your cam, and meet strangers instantly.\" \/>\n<meta name=\"robots\" content=\"index, follow, max-snippet:-1, max-image-preview:large, max-video-preview:-1\" \/>\n<link rel=\"canonical\" href=\"https:\/\/strangercam.com\/de\/mit-fremden-sprechen-videoanruf\/\" \/>\n<meta property=\"og:locale\" content=\"de_DE\" \/>\n<meta property=\"og:type\" content=\"article\" \/>\n<meta property=\"og:title\" content=\"Talk to Strangers Video Call on Strangercam.com\" \/>\n<meta property=\"og:description\" content=\"Liking Talk to Strangers Video Call? Join millions on StrangerCam.com! Start a random video chat, turn on your cam, and meet strangers instantly.\" \/>\n<meta property=\"og:url\" content=\"https:\/\/strangercam.com\/de\/mit-fremden-sprechen-videoanruf\/\" \/>\n<meta property=\"og:site_name\" content=\"Strangercam\" \/>\n<meta property=\"article:publisher\" content=\"https:\/\/www.facebook.com\/strangercam\" \/>\n<meta property=\"article:modified_time\" content=\"2025-09-03T11:31:29+00:00\" \/>\n<meta property=\"og:image\" content=\"https:\/\/strangercam.com\/wp-content\/uploads\/2021\/10\/Untitled-2.png\" \/>\n\t<meta property=\"og:image:width\" content=\"800\" \/>\n\t<meta property=\"og:image:height\" content=\"532\" \/>\n\t<meta property=\"og:image:type\" content=\"image\/png\" \/>\n<meta name=\"twitter:card\" content=\"summary_large_image\" \/>\n<meta name=\"twitter:site\" content=\"@strangercamapp\" \/>\n<meta name=\"twitter:label1\" content=\"Gesch\u00e4tzte Lesezeit\" \/>\n\t<meta name=\"twitter:data1\" content=\"5\u00a0Minuten\" \/>\n<script type=\"application\/ld+json\" class=\"yoast-schema-graph\">{\"@context\":\"https:\/\/schema.org\",\"@graph\":[{\"@type\":\"WebPage\",\"@id\":\"https:\/\/strangercam.com\/talk-to-strangers-video-call\/\",\"url\":\"https:\/\/strangercam.com\/talk-to-strangers-video-call\/\",\"name\":\"Talk to Strangers Video Call on Strangercam.com\",\"isPartOf\":{\"@id\":\"https:\/\/strangercam.com\/#website\"},\"datePublished\":\"2025-08-28T15:12:57+00:00\",\"dateModified\":\"2025-09-03T11:31:29+00:00\",\"description\":\"Liking Talk to Strangers Video Call? Join millions on StrangerCam.com! Start a random video chat, turn on your cam, and meet strangers instantly.\",\"breadcrumb\":{\"@id\":\"https:\/\/strangercam.com\/talk-to-strangers-video-call\/#breadcrumb\"},\"inLanguage\":\"de\",\"potentialAction\":[{\"@type\":\"ReadAction\",\"target\":[\"https:\/\/strangercam.com\/talk-to-strangers-video-call\/\"]}]},{\"@type\":\"BreadcrumbList\",\"@id\":\"https:\/\/strangercam.com\/talk-to-strangers-video-call\/#breadcrumb\",\"itemListElement\":[{\"@type\":\"ListItem\",\"position\":1,\"name\":\"Home\",\"item\":\"https:\/\/strangercam.com\/\"},{\"@type\":\"ListItem\",\"position\":2,\"name\":\"Talk to Strangers Video Call\"}]},{\"@type\":\"WebSite\",\"@id\":\"https:\/\/strangercam.com\/#website\",\"url\":\"https:\/\/strangercam.com\/\",\"name\":\"Strangercam\",\"description\":\"Random Video Chat with Strangers\",\"publisher\":{\"@id\":\"https:\/\/strangercam.com\/#organization\"},\"alternateName\":\"Strangercam.com\",\"potentialAction\":[{\"@type\":\"SearchAction\",\"target\":{\"@type\":\"EntryPoint\",\"urlTemplate\":\"https:\/\/strangercam.com\/?s={search_term_string}\"},\"query-input\":{\"@type\":\"PropertyValueSpecification\",\"valueRequired\":true,\"valueName\":\"search_term_string\"}}],\"inLanguage\":\"de\"},{\"@type\":\"Organization\",\"@id\":\"https:\/\/strangercam.com\/#organization\",\"name\":\"Strangercam\",\"alternateName\":\"Strangercam.com\",\"url\":\"https:\/\/strangercam.com\/\",\"logo\":{\"@type\":\"ImageObject\",\"inLanguage\":\"de\",\"@id\":\"https:\/\/strangercam.com\/#\/schema\/logo\/image\/\",\"url\":\"https:\/\/strangercam.com\/wp-content\/uploads\/2020\/11\/cropped-new-favicon-black.png\",\"contentUrl\":\"https:\/\/strangercam.com\/wp-content\/uploads\/2020\/11\/cropped-new-favicon-black.png\",\"width\":512,\"height\":512,\"caption\":\"Strangercam\"},\"image\":{\"@id\":\"https:\/\/strangercam.com\/#\/schema\/logo\/image\/\"},\"sameAs\":[\"https:\/\/www.facebook.com\/strangercam\",\"https:\/\/x.com\/strangercamapp\"]}]}<\/script>\n<!-- \/ Yoast SEO plugin. -->","yoast_head_json":{"title":"Talk to Strangers Videoanruf auf Strangercam.com","description":"M\u00f6gen Sie Talk to Strangers Videoanrufe? Join Millionen auf StrangerCam.com! Starten Sie einen zuf\u00e4lligen Video-Chat, schalten Sie Ihre Kamera ein und treffen Sie Fremde sofort.","robots":{"index":"index","follow":"follow","max-snippet":"max-snippet:-1","max-image-preview":"max-image-preview:large","max-video-preview":"max-video-preview:-1"},"canonical":"https:\/\/strangercam.com\/de\/mit-fremden-sprechen-videoanruf\/","og_locale":"de_DE","og_type":"article","og_title":"Talk to Strangers Video Call on Strangercam.com","og_description":"Liking Talk to Strangers Video Call? Join millions on StrangerCam.com! Start a random video chat, turn on your cam, and meet strangers instantly.","og_url":"https:\/\/strangercam.com\/de\/mit-fremden-sprechen-videoanruf\/","og_site_name":"Strangercam","article_publisher":"https:\/\/www.facebook.com\/strangercam","article_modified_time":"2025-09-03T11:31:29+00:00","og_image":[{"width":800,"height":532,"url":"https:\/\/strangercam.com\/wp-content\/uploads\/2021\/10\/Untitled-2.png","type":"image\/png"}],"twitter_card":"summary_large_image","twitter_site":"@strangercamapp","twitter_misc":{"Gesch\u00e4tzte Lesezeit":"5\u00a0Minuten"},"schema":{"@context":"https:\/\/schema.org","@graph":[{"@type":"WebPage","@id":"https:\/\/strangercam.com\/talk-to-strangers-video-call\/","url":"https:\/\/strangercam.com\/talk-to-strangers-video-call\/","name":"Talk to Strangers Videoanruf auf Strangercam.com","isPartOf":{"@id":"https:\/\/strangercam.com\/#website"},"datePublished":"2025-08-28T15:12:57+00:00","dateModified":"2025-09-03T11:31:29+00:00","description":"M\u00f6gen Sie Talk to Strangers Videoanrufe? Join Millionen auf StrangerCam.com! Starten Sie einen zuf\u00e4lligen Video-Chat, schalten Sie Ihre Kamera ein und treffen Sie Fremde sofort.","breadcrumb":{"@id":"https:\/\/strangercam.com\/talk-to-strangers-video-call\/#breadcrumb"},"inLanguage":"de","potentialAction":[{"@type":"ReadAction","target":["https:\/\/strangercam.com\/talk-to-strangers-video-call\/"]}]},{"@type":"BreadcrumbList","@id":"https:\/\/strangercam.com\/talk-to-strangers-video-call\/#breadcrumb","itemListElement":[{"@type":"ListItem","position":1,"name":"Home","item":"https:\/\/strangercam.com\/"},{"@type":"ListItem","position":2,"name":"Talk to Strangers Video Call"}]},{"@type":"WebSite","@id":"https:\/\/strangercam.com\/#website","url":"https:\/\/strangercam.com\/","name":"Strangercam","description":"Zuf\u00e4lliger Video-Chat mit Fremden","publisher":{"@id":"https:\/\/strangercam.com\/#organization"},"alternateName":"Strangercam.com","potentialAction":[{"@type":"SearchAction","target":{"@type":"EntryPoint","urlTemplate":"https:\/\/strangercam.com\/?s={search_term_string}"},"query-input":{"@type":"PropertyValueSpecification","valueRequired":true,"valueName":"search_term_string"}}],"inLanguage":"de"},{"@type":"Organization","@id":"https:\/\/strangercam.com\/#organization","name":"Strangercam","alternateName":"Strangercam.com","url":"https:\/\/strangercam.com\/","logo":{"@type":"ImageObject","inLanguage":"de","@id":"https:\/\/strangercam.com\/#\/schema\/logo\/image\/","url":"https:\/\/strangercam.com\/wp-content\/uploads\/2020\/11\/cropped-new-favicon-black.png","contentUrl":"https:\/\/strangercam.com\/wp-content\/uploads\/2020\/11\/cropped-new-favicon-black.png","width":512,"height":512,"caption":"Strangercam"},"image":{"@id":"https:\/\/strangercam.com\/#\/schema\/logo\/image\/"},"sameAs":["https:\/\/www.facebook.com\/strangercam","https:\/\/x.com\/strangercamapp"]}]}},"_links":{"self":[{"href":"https:\/\/strangercam.com\/de\/wp-json\/wp\/v2\/pages\/3918","targetHints":{"allow":["GET"]}}],"collection":[{"href":"https:\/\/strangercam.com\/de\/wp-json\/wp\/v2\/pages"}],"about":[{"href":"https:\/\/strangercam.com\/de\/wp-json\/wp\/v2\/types\/page"}],"author":[{"embeddable":true,"href":"https:\/\/strangercam.com\/de\/wp-json\/wp\/v2\/users\/8"}],"replies":[{"embeddable":true,"href":"https:\/\/strangercam.com\/de\/wp-json\/wp\/v2\/comments?post=3918"}],"version-history":[{"count":2,"href":"https:\/\/strangercam.com\/de\/wp-json\/wp\/v2\/pages\/3918\/revisions"}],"predecessor-version":[{"id":12977,"href":"https:\/\/strangercam.com\/de\/wp-json\/wp\/v2\/pages\/3918\/revisions\/12977"}],"wp:attachment":[{"href":"https:\/\/strangercam.com\/de\/wp-json\/wp\/v2\/media?parent=3918"}],"curies":[{"name":"wp","href":"https:\/\/api.w.org\/{rel}","templated":true}]}}