{"id":3634,"date":"2025-08-18T13:16:01","date_gmt":"2025-08-18T11:16:01","guid":{"rendered":"https:\/\/strangercam.com\/?page_id=3634"},"modified":"2025-08-18T14:15:47","modified_gmt":"2025-08-18T12:15:47","slug":"zufalliger-videoanruf","status":"publish","type":"page","link":"https:\/\/strangercam.com\/de\/random-video-call\/","title":{"rendered":"Zuf\u00e4lliger Videoanruf"},"content":{"rendered":"<p>Haben Sie nach dem besten Weg gesucht, einen zuf\u00e4lligen Videoanruf zu genie\u00dfen? Sie sind nicht allein. Millionen von Menschen auf der ganzen Welt nutzen jeden Tag Videoanruf-Plattformen, um Fremde zu treffen, neue Freunde zu finden, zu flirten oder sich einfach die Zeit zu vertreiben. Im Gegensatz zu sozialen Medien oder Dating-Apps, bei denen sich Unterhaltungen gezwungen oder langsam anf\u00fchlen k\u00f6nnen, sind zuf\u00e4llige Videoanrufe sofort, spontan und echt.<\/p>\n<p>Mit Plattformen wie StrangerCam k\u00f6nnen Sie sofort einen kostenlosen, zuf\u00e4lligen Videoanruf starten - ohne Anmeldung, ohne Downloads und ohne versteckte Kosten. Es ist eine der einfachsten M\u00f6glichkeiten, mit Menschen von Angesicht zu Angesicht in Kontakt zu treten, von \u00fcberall auf der Welt, zu jeder Zeit.<\/p>\n<p>In diesem Leitfaden erfahren Sie alles, was Sie \u00fcber zuf\u00e4llige Videoanrufe wissen m\u00fcssen: wie sie funktionieren, warum sie so beliebt geworden sind, worauf Sie achten sollten, Vergleiche der wichtigsten Plattformen, Sicherheitstipps und warum StrangerCam im Jahr 2025 zu den besten Anbietern geh\u00f6rt.<\/p>\n<h2>Was ist ein zuf\u00e4lliger Videoanruf?<\/h2>\n<p>Ein zuf\u00e4lliger Videoanruf ist eine Online-Funktion, die Sie \u00fcber eine Live-Webcam und Audio sofort mit einer fremden Person verbindet. Sie wissen nicht, wen Sie treffen werden, bis Sie verbunden sind - es kann jemand in der N\u00e4he sein oder jemand, der Tausende von Meilen entfernt ist.<\/p>\n<p>Das Sch\u00f6ne an zuf\u00e4lligen Videoanrufen ist, dass sie nicht vorhersehbar sind. Jeder <a href=\"https:\/\/strangercam.com\/de\/chathub\/\">Chat<\/a> ist einzigartig. Vielleicht lernen Sie einen neuen Freund kennen, lachen mit jemandem auf der anderen Seite der Welt oder f\u00fchren einfach nur eine unterhaltsame zweimin\u00fctige Unterhaltung, bevor Sie auf \u201cWeiter\u201d klicken und es erneut versuchen.<\/p>\n<h2>Warum Menschen kostenlose Zufalls-Videoanrufe lieben<\/h2>\n<p>Die Beliebtheit kostenloser Videoanrufe hat in den letzten zehn Jahren stark zugenommen. Hier ist der Grund daf\u00fcr:<\/p>\n<ul>\n<li>Spontaner Spa\u00df - Jeder Anruf ist eine \u00dcberraschung, die das Erlebnis spannend h\u00e4lt.<\/li>\n<li>Echte Verbindungen - Im Gegensatz zum Text-Chat zeigt das Live-Video die echte Person, nicht ein kuratiertes Profil oder ein gef\u00e4lschtes Konto.<\/li>\n<li>Keine Verpflichtungen - Sie brauchen sich nicht zu registrieren, sich lange anzumelden oder einen ausf\u00fchrlichen Lebenslauf zu erstellen. Einfach klicken und loslegen.<\/li>\n<li>Weltweite Reichweite - Treffen Sie sofort Menschen aus verschiedenen Kulturen und mit unterschiedlichem Hintergrund.<\/li>\n<li>Perfekt gegen Langeweile - Eine schnelle M\u00f6glichkeit, der Routine zu entfliehen und neue Gespr\u00e4che zu f\u00fchren.<\/li>\n<li>Freundschaft oder Flirten - Manche Menschen nutzen es, um neue Freundschaften zu schlie\u00dfen, andere genie\u00dfen einen unbeschwerten, lockeren Flirt.<\/li>\n<\/ul>\n<h2>Wie funktionieren zuf\u00e4llige Videoanrufe?<\/h2>\n<p>Die Nutzung eines zuf\u00e4lligen Videoanrufdienstes ist schnell und einfach:<\/p>\n<ol>\n<li>\u00d6ffnen Sie die Plattform (Desktop- oder Mobilbrowser).<\/li>\n<li>Erlauben Sie den Zugriff auf Kamera und Mikrofon, wenn Sie dazu aufgefordert werden.<\/li>\n<li>Klicken Sie auf \"Anruf starten\". Sie werden sofort mit einem zuf\u00e4lligen Fremden verbunden.<\/li>\n<li>Chatten Sie von Angesicht zu Angesicht. Wenn Ihnen das Gespr\u00e4ch nicht gef\u00e4llt, dr\u00fccken Sie auf \"Weiter\", um weiterzugehen.<\/li>\n<li>Wiederholen Sie den Vorgang so oft Sie wollen. Die meisten Dienste sind kostenlos und unbegrenzt.<\/li>\n<\/ol>\n<p>Einige Plattformen bieten auch geschlechtsspezifische Filter, Standortpr\u00e4ferenzen und sogar automatische \u00dcbersetzungsfunktionen f\u00fcr internationale Gespr\u00e4che.<\/p>\n<h2>Die wichtigsten Merkmale einer Plattform f\u00fcr Videoanrufe nach dem Zufallsprinzip<\/h2>\n<p>Nicht jede Website f\u00fcr Videoanrufe ist gleich. Hier ist, worauf Sie achten sollten:<\/p>\n<h3>1. Wirklich freier Zugang<\/h3>\n<p>Viele Websites geben vor, kostenlos zu sein, dr\u00e4ngen Sie aber schnell zu Paywalls. Die besten Plattformen sind wirklich kostenlos.<\/p>\n<h3>2. Keine Anmeldung erforderlich<\/h3>\n<p>Vermeiden Sie Plattformen, die Sie zwingen, sich zu registrieren oder pers\u00f6nliche Daten anzugeben.<\/p>\n<h3>3. Filter f\u00fcr Geschlecht und Ort<\/h3>\n<p>Wenn Sie mehr Kontrolle dar\u00fcber haben m\u00f6chten, mit wem Sie sprechen, sorgen Filter f\u00fcr einen reibungsloseren Ablauf.<\/p>\n<h3>4. Sichere Moderation<\/h3>\n<p>Starke Reporting-Tools und Moderation sch\u00fctzen Sie vor Spam, Bots und unangemessenem Verhalten.<\/p>\n<h3>5. Handy-freundliches Design<\/h3>\n<p>Eine gute Plattform sollte auf Ihrem Handy genauso gut funktionieren wie auf Ihrem Computer.<\/p>\n<h3>6. Hochwertiges Video und Audio<\/h3>\n<p>Ein klares, verz\u00f6gerungsfreies Video ist f\u00fcr einen angenehmen Chat unerl\u00e4sslich.<\/p>\n<h2>Die besten Plattformen f\u00fcr zuf\u00e4llige Videoanrufe im Jahr 2025<\/h2>\n<p>Hier ein Vergleich einiger der beliebtesten Websites f\u00fcr zuf\u00e4llige Videoanrufe:<\/p>\n<table>\n<thead>\n<tr>\n<th>Plattform<\/th>\n<th align=\"center\">Freier Zugang<\/th>\n<th align=\"center\">Gender-Filter<\/th>\n<th align=\"center\">Anmeldung erforderlich<\/th>\n<th align=\"center\">Mobile Unterst\u00fctzung<\/th>\n<th align=\"center\">Moderation<\/th>\n<th>Anmerkungen<\/th>\n<\/tr>\n<\/thead>\n<tbody>\n<tr>\n<td>StrangerCam<\/td>\n<td align=\"center\">\u2705<\/td>\n<td align=\"center\">\u2705 (Frei)<\/td>\n<td align=\"center\">\u274c<\/td>\n<td align=\"center\">\u2705<\/td>\n<td align=\"center\">\u2705<\/td>\n<td>Beste Gesamtauswahl, wirklich kostenlos<\/td>\n<\/tr>\n<tr>\n<td><a href=\"https:\/\/strangercam.com\/de\/chatroulette\/\">Chatroulette<\/a><\/td>\n<td align=\"center\">\u2705<\/td>\n<td align=\"center\">\u274c (Bezahlt)<\/td>\n<td align=\"center\">\u274c<\/td>\n<td align=\"center\">\u2705<\/td>\n<td align=\"center\">\u2705<\/td>\n<td>Klassische Option, aber Paywalls f\u00fcr Filter<\/td>\n<\/tr>\n<tr>\n<td>Chatrandom<\/td>\n<td align=\"center\">\u2705<\/td>\n<td align=\"center\">\u274c (Bezahlt)<\/td>\n<td align=\"center\">\u274c<\/td>\n<td align=\"center\">\u2705<\/td>\n<td align=\"center\">\u2705<\/td>\n<td>Popul\u00e4r, aber Filter hinter Bezahlung gesperrt<\/td>\n<\/tr>\n<tr>\n<td><a href=\"https:\/\/strangercam.com\/de\/ometv\/\">OmeTV<\/a><\/td>\n<td align=\"center\">\u2705<\/td>\n<td align=\"center\">\u274c<\/td>\n<td align=\"center\">\u274c<\/td>\n<td align=\"center\">\u2705<\/td>\n<td align=\"center\">\u2705<\/td>\n<td>Mobile App, nur Zufallsabgleich<\/td>\n<\/tr>\n<tr>\n<td>Shagle<\/td>\n<td align=\"center\">\u2705<\/td>\n<td align=\"center\">\u274c (Bezahlt)<\/td>\n<td align=\"center\">\u274c<\/td>\n<td align=\"center\">\u2705<\/td>\n<td align=\"center\">\u2705<\/td>\n<td>Viele Funktionen sind in der Premium-Version gesperrt<\/td>\n<\/tr>\n<tr>\n<td><a href=\"https:\/\/strangercam.com\/de\/coomeet\/\">CooMeet<\/a><\/td>\n<td align=\"center\">\u274c (Versuch)<\/td>\n<td align=\"center\">\u2705<\/td>\n<td align=\"center\">\u2705<\/td>\n<td align=\"center\">\u2705<\/td>\n<td align=\"center\">\u2705<\/td>\n<td>Bezahlt nach begrenzter kostenloser Testphase<\/td>\n<\/tr>\n<tr>\n<td>LuckyCrush<\/td>\n<td align=\"center\">\u274c<\/td>\n<td align=\"center\">\u2705<\/td>\n<td align=\"center\">\u2705<\/td>\n<td align=\"center\">\u2705<\/td>\n<td align=\"center\">\u2705<\/td>\n<td>Immer bezahlt, nur geschlechtsspezifischer Chat<\/td>\n<\/tr>\n<\/tbody>\n<\/table>\n<p>StrangerCam ist eine der wenigen Plattformen, die kostenlose zuf\u00e4llige Videoanrufe mit einem funktionierenden Geschlechtsfilter, ohne Anmeldung und mit unbegrenzter Nutzungsdauer anbietet.<\/p>\n<h2>Warum StrangerCam der beste Ort f\u00fcr zuf\u00e4llige Videoanrufe ist<\/h2>\n<p>StrangerCam hat sich schnell zu einer der vertrauensw\u00fcrdigsten Optionen f\u00fcr Leute entwickelt, die nach zuf\u00e4lligen Videoanrufen suchen. Hier ist der Grund daf\u00fcr:<\/p>\n<h3>1. V\u00f6llig kostenlos<\/h3>\n<p>Unbegrenzte Videoanrufe nach dem Zufallsprinzip und ohne versteckte Kosten.<\/p>\n<h3>2. Kostenloser Gender-Filter<\/h3>\n<p>W\u00e4hlen Sie aus, wen Sie treffen m\u00f6chten - M\u00e4nner, Frauen oder beides -, ohne zu bezahlen.<\/p>\n<h3>3. Keine Anmeldung oder Registrierung<\/h3>\n<p>Anonym bleiben. Einfach klicken und sofort chatten.<\/p>\n<h3>4. Sicher und moderiert<\/h3>\n<p>Aktive Meldetools und Moderationssysteme halten Bots und ungeeignete Nutzer fern.<\/p>\n<h3>5. Globale Nutzerbasis<\/h3>\n<p>Menschen aus der ganzen Welt sind rund um die Uhr online und sorgen daf\u00fcr, dass die Erfahrung jedes Mal neu ist.<\/p>\n<h3>6. Mobilfreundlich<\/h3>\n<p>Optimiert f\u00fcr Telefone, Tablets und Computer f\u00fcr reibungslose Videogespr\u00e4che \u00fcberall.<\/p>\n<h2>Echte Anwenderberichte<\/h2>\n<blockquote><p><em>\"Ich habe andere Websites ausprobiert, aber StrangerCam ist die einzige, bei der zuf\u00e4llige Videoanrufe tats\u00e4chlich kostenlos und ohne versteckte Kosten waren.\"<\/em><br \/>\n- Jason, 26<\/p><\/blockquote>\n<blockquote><p><em>\"Der Gender-Filter funktioniert, und ich musste nicht daf\u00fcr bezahlen. Endlich eine Plattform, die h\u00e4lt, was sie verspricht!\"<\/em><br \/>\n- Emily, 23<\/p><\/blockquote>\n<blockquote><p><em>\"Ich habe in weniger als einer Stunde Kontakte zu Menschen aus f\u00fcnf verschiedenen L\u00e4ndern gekn\u00fcpft. Das macht so s\u00fcchtig.\"<\/em><br \/>\n- Ryan, 29<\/p><\/blockquote>\n<blockquote><p><em>\u201cStrangerCam ist die beste Alternative zu <a href=\"https:\/\/strangercam.com\/de\/omegle\/\">Omegle<\/a> Ich habe es gefunden. Kostenlos, sicher und immer mit Leuten online besch\u00e4ftigt\u201d.\u201d<\/em><br \/>\n- Megan, 21<\/p><\/blockquote>\n<h2>Sicherheitstipps f\u00fcr zuf\u00e4llige Videoanrufe<\/h2>\n<p>Auch wenn zuf\u00e4llige Videoanrufe Spa\u00df machen, ist es wichtig, sicher zu sein:<\/p>\n<ul>\n<li>Geben Sie niemals pers\u00f6nliche Informationen wie Ihre Adresse, Telefonnummer oder Ihren vollst\u00e4ndigen Namen weiter.<\/li>\n<li>Klicken Sie nicht auf Links, die von Fremden geteilt werden.<\/li>\n<li>Benutzen Sie die Schaltfl\u00e4che \"Weiter\", wenn Sie sich unwohl f\u00fchlen.<\/li>\n<li>\u00dcberpr\u00fcfen Sie Ihren Hintergrund, um zu vermeiden, dass private Details preisgegeben werden.<\/li>\n<li>Melden Sie unangemessene Benutzer, um die Sicherheit der Gemeinschaft zu gew\u00e4hrleisten.<\/li>\n<li>Wenn Sie unter 18 Jahre alt sind, verwenden Sie keine Videogespr\u00e4chsplattformen f\u00fcr Erwachsene.<\/li>\n<\/ul>\n<h2>Der Einstieg - Schritt f\u00fcr Schritt<\/h2>\n<p>Der Start eines beliebigen Videoanrufs dauert weniger als eine Minute:<\/p>\n<ol>\n<li>\u00d6ffnen Sie StrangerCam in Ihrem Browser oder auf Ihrem Ger\u00e4t.<\/li>\n<li>Erlauben Sie den Zugriff auf Ihre Kamera und Ihr Mikrofon.<\/li>\n<li>W\u00e4hlen Sie Pr\u00e4ferenzen aus (ggf. Geschlechtsfilter).<\/li>\n<li>Klicken Sie auf Anruf starten, um eine sofortige Verbindung herzustellen.<\/li>\n<li>Chatten Sie von Angesicht zu Angesicht. Klicken Sie jederzeit auf Weiter, um jemanden zu treffen.<\/li>\n<\/ol>\n<p>Das war's - einfach, schnell und kostenlos.<\/p>\n<h2>Abschlie\u00dfende \u00dcberlegungen - Probieren Sie jetzt kostenlose Videoanrufe aus<\/h2>\n<p>Im Jahr 2025 sind zuf\u00e4llige Videoanrufe eine der aufregendsten M\u00f6glichkeiten, online mit neuen Leuten in Kontakt zu treten. Sie sind schnell, kostenlos, spontan und bieten authentische menschliche Interaktion auf Knopfdruck.<\/p>\n<p>Aber nicht alle Plattformen erf\u00fcllen diese Anforderungen. Viele verstecken wichtige Funktionen wie Geschlechtsfilter hinter Bezahlschranken oder \u00fcberfluten ihre Seiten mit Bots. Deshalb ist StrangerCam die beste Wahl: Es ist kostenlos, sicher, anonym und verbindet dich mit echten Menschen weltweit.<\/p>\n<p>Sind Sie bereit, es zu erleben? Probieren Sie noch heute einen kostenlosen Videoanruf aus und sehen Sie, wen Sie als n\u00e4chstes treffen werden.<\/p>","protected":false},"excerpt":{"rendered":"<p>Have you been searching for the best way to enjoy a random video call? You\u2019re not alone. Millions of people across the globe use random video call platforms every day to meet strangers, make new friends, flirt, or simply pass the time. Unlike social media or dating apps, where conversations can feel forced or slow, [&hellip;]<\/p>\n","protected":false},"author":8,"featured_media":0,"parent":0,"menu_order":0,"comment_status":"closed","ping_status":"closed","template":"","meta":{"footnotes":""},"class_list":["post-3634","page","type-page","status-publish","hentry"],"yoast_head":"<!-- This site is optimized with the Yoast SEO plugin v27.4 - https:\/\/yoast.com\/product\/yoast-seo-wordpress\/ -->\n<title>Random Video Call with Random Chat on Strangercam.com<\/title>\n<meta name=\"description\" content=\"Liking Random Video Call? Join millions on StrangerCam.com! Start a random video chat, turn on your cam, and meet strangers instantly.\" \/>\n<meta name=\"robots\" content=\"index, follow, max-snippet:-1, max-image-preview:large, max-video-preview:-1\" \/>\n<link rel=\"canonical\" href=\"https:\/\/strangercam.com\/de\/zufalliger-videoanruf\/\" \/>\n<meta property=\"og:locale\" content=\"de_DE\" \/>\n<meta property=\"og:type\" content=\"article\" \/>\n<meta property=\"og:title\" content=\"Random Video Call with Random Chat on Strangercam.com\" \/>\n<meta property=\"og:description\" content=\"Liking Random Video Call? Join millions on StrangerCam.com! Start a random video chat, turn on your cam, and meet strangers instantly.\" \/>\n<meta property=\"og:url\" content=\"https:\/\/strangercam.com\/de\/zufalliger-videoanruf\/\" \/>\n<meta property=\"og:site_name\" content=\"Strangercam\" \/>\n<meta property=\"article:publisher\" content=\"https:\/\/www.facebook.com\/strangercam\" \/>\n<meta property=\"article:modified_time\" content=\"2025-08-18T12:15:47+00:00\" \/>\n<meta property=\"og:image\" content=\"https:\/\/strangercam.com\/wp-content\/uploads\/2021\/10\/Untitled-2.png\" \/>\n\t<meta property=\"og:image:width\" content=\"800\" \/>\n\t<meta property=\"og:image:height\" content=\"532\" \/>\n\t<meta property=\"og:image:type\" content=\"image\/png\" \/>\n<meta name=\"twitter:card\" content=\"summary_large_image\" \/>\n<meta name=\"twitter:site\" content=\"@strangercamapp\" \/>\n<meta name=\"twitter:label1\" content=\"Gesch\u00e4tzte Lesezeit\" \/>\n\t<meta name=\"twitter:data1\" content=\"5\u00a0Minuten\" \/>\n<script type=\"application\/ld+json\" class=\"yoast-schema-graph\">{\"@context\":\"https:\\\/\\\/schema.org\",\"@graph\":[{\"@type\":\"WebPage\",\"@id\":\"https:\\\/\\\/strangercam.com\\\/random-video-call\\\/\",\"url\":\"https:\\\/\\\/strangercam.com\\\/random-video-call\\\/\",\"name\":\"Random Video Call with Random Chat on Strangercam.com\",\"isPartOf\":{\"@id\":\"https:\\\/\\\/strangercam.com\\\/#website\"},\"datePublished\":\"2025-08-18T11:16:01+00:00\",\"dateModified\":\"2025-08-18T12:15:47+00:00\",\"description\":\"Liking Random Video Call? Join millions on StrangerCam.com! Start a random video chat, turn on your cam, and meet strangers instantly.\",\"breadcrumb\":{\"@id\":\"https:\\\/\\\/strangercam.com\\\/random-video-call\\\/#breadcrumb\"},\"inLanguage\":\"de\",\"potentialAction\":[{\"@type\":\"ReadAction\",\"target\":[\"https:\\\/\\\/strangercam.com\\\/random-video-call\\\/\"]}]},{\"@type\":\"BreadcrumbList\",\"@id\":\"https:\\\/\\\/strangercam.com\\\/random-video-call\\\/#breadcrumb\",\"itemListElement\":[{\"@type\":\"ListItem\",\"position\":1,\"name\":\"Home\",\"item\":\"https:\\\/\\\/strangercam.com\\\/\"},{\"@type\":\"ListItem\",\"position\":2,\"name\":\"Random Video Call\"}]},{\"@type\":\"WebSite\",\"@id\":\"https:\\\/\\\/strangercam.com\\\/#website\",\"url\":\"https:\\\/\\\/strangercam.com\\\/\",\"name\":\"Strangercam\",\"description\":\"Random Video Chat with Strangers\",\"publisher\":{\"@id\":\"https:\\\/\\\/strangercam.com\\\/#organization\"},\"alternateName\":\"Strangercam.com\",\"potentialAction\":[{\"@type\":\"SearchAction\",\"target\":{\"@type\":\"EntryPoint\",\"urlTemplate\":\"https:\\\/\\\/strangercam.com\\\/?s={search_term_string}\"},\"query-input\":{\"@type\":\"PropertyValueSpecification\",\"valueRequired\":true,\"valueName\":\"search_term_string\"}}],\"inLanguage\":\"de\"},{\"@type\":\"Organization\",\"@id\":\"https:\\\/\\\/strangercam.com\\\/#organization\",\"name\":\"Strangercam\",\"alternateName\":\"Strangercam.com\",\"url\":\"https:\\\/\\\/strangercam.com\\\/\",\"logo\":{\"@type\":\"ImageObject\",\"inLanguage\":\"de\",\"@id\":\"https:\\\/\\\/strangercam.com\\\/#\\\/schema\\\/logo\\\/image\\\/\",\"url\":\"https:\\\/\\\/strangercam.com\\\/wp-content\\\/uploads\\\/2020\\\/11\\\/cropped-new-favicon-black.png\",\"contentUrl\":\"https:\\\/\\\/strangercam.com\\\/wp-content\\\/uploads\\\/2020\\\/11\\\/cropped-new-favicon-black.png\",\"width\":512,\"height\":512,\"caption\":\"Strangercam\"},\"image\":{\"@id\":\"https:\\\/\\\/strangercam.com\\\/#\\\/schema\\\/logo\\\/image\\\/\"},\"sameAs\":[\"https:\\\/\\\/www.facebook.com\\\/strangercam\",\"https:\\\/\\\/x.com\\\/strangercamapp\"]}]}<\/script>\n<!-- \/ Yoast SEO plugin. -->","yoast_head_json":{"title":"Zuf\u00e4lliger Videoanruf mit zuf\u00e4lligem Chat auf Strangercam.com","description":"M\u00f6gen Sie zuf\u00e4llige Videoanrufe? Join Millionen auf StrangerCam.com! Starten Sie einen zuf\u00e4lligen Video-Chat, schalten Sie Ihre Kamera ein und treffen Sie sofort Fremde.","robots":{"index":"index","follow":"follow","max-snippet":"max-snippet:-1","max-image-preview":"max-image-preview:large","max-video-preview":"max-video-preview:-1"},"canonical":"https:\/\/strangercam.com\/de\/zufalliger-videoanruf\/","og_locale":"de_DE","og_type":"article","og_title":"Random Video Call with Random Chat on Strangercam.com","og_description":"Liking Random Video Call? Join millions on StrangerCam.com! Start a random video chat, turn on your cam, and meet strangers instantly.","og_url":"https:\/\/strangercam.com\/de\/zufalliger-videoanruf\/","og_site_name":"Strangercam","article_publisher":"https:\/\/www.facebook.com\/strangercam","article_modified_time":"2025-08-18T12:15:47+00:00","og_image":[{"width":800,"height":532,"url":"https:\/\/strangercam.com\/wp-content\/uploads\/2021\/10\/Untitled-2.png","type":"image\/png"}],"twitter_card":"summary_large_image","twitter_site":"@strangercamapp","twitter_misc":{"Gesch\u00e4tzte Lesezeit":"5\u00a0Minuten"},"schema":{"@context":"https:\/\/schema.org","@graph":[{"@type":"WebPage","@id":"https:\/\/strangercam.com\/random-video-call\/","url":"https:\/\/strangercam.com\/random-video-call\/","name":"Zuf\u00e4lliger Videoanruf mit zuf\u00e4lligem Chat auf Strangercam.com","isPartOf":{"@id":"https:\/\/strangercam.com\/#website"},"datePublished":"2025-08-18T11:16:01+00:00","dateModified":"2025-08-18T12:15:47+00:00","description":"M\u00f6gen Sie zuf\u00e4llige Videoanrufe? Join Millionen auf StrangerCam.com! Starten Sie einen zuf\u00e4lligen Video-Chat, schalten Sie Ihre Kamera ein und treffen Sie sofort Fremde.","breadcrumb":{"@id":"https:\/\/strangercam.com\/random-video-call\/#breadcrumb"},"inLanguage":"de","potentialAction":[{"@type":"ReadAction","target":["https:\/\/strangercam.com\/random-video-call\/"]}]},{"@type":"BreadcrumbList","@id":"https:\/\/strangercam.com\/random-video-call\/#breadcrumb","itemListElement":[{"@type":"ListItem","position":1,"name":"Home","item":"https:\/\/strangercam.com\/"},{"@type":"ListItem","position":2,"name":"Random Video Call"}]},{"@type":"WebSite","@id":"https:\/\/strangercam.com\/#website","url":"https:\/\/strangercam.com\/","name":"Strangercam","description":"Zuf\u00e4lliger Video-Chat mit Fremden","publisher":{"@id":"https:\/\/strangercam.com\/#organization"},"alternateName":"Strangercam.com","potentialAction":[{"@type":"SearchAction","target":{"@type":"EntryPoint","urlTemplate":"https:\/\/strangercam.com\/?s={search_term_string}"},"query-input":{"@type":"PropertyValueSpecification","valueRequired":true,"valueName":"search_term_string"}}],"inLanguage":"de"},{"@type":"Organization","@id":"https:\/\/strangercam.com\/#organization","name":"Strangercam","alternateName":"Strangercam.com","url":"https:\/\/strangercam.com\/","logo":{"@type":"ImageObject","inLanguage":"de","@id":"https:\/\/strangercam.com\/#\/schema\/logo\/image\/","url":"https:\/\/strangercam.com\/wp-content\/uploads\/2020\/11\/cropped-new-favicon-black.png","contentUrl":"https:\/\/strangercam.com\/wp-content\/uploads\/2020\/11\/cropped-new-favicon-black.png","width":512,"height":512,"caption":"Strangercam"},"image":{"@id":"https:\/\/strangercam.com\/#\/schema\/logo\/image\/"},"sameAs":["https:\/\/www.facebook.com\/strangercam","https:\/\/x.com\/strangercamapp"]}]}},"_links":{"self":[{"href":"https:\/\/strangercam.com\/de\/wp-json\/wp\/v2\/pages\/3634","targetHints":{"allow":["GET"]}}],"collection":[{"href":"https:\/\/strangercam.com\/de\/wp-json\/wp\/v2\/pages"}],"about":[{"href":"https:\/\/strangercam.com\/de\/wp-json\/wp\/v2\/types\/page"}],"author":[{"embeddable":true,"href":"https:\/\/strangercam.com\/de\/wp-json\/wp\/v2\/users\/8"}],"replies":[{"embeddable":true,"href":"https:\/\/strangercam.com\/de\/wp-json\/wp\/v2\/comments?post=3634"}],"version-history":[{"count":2,"href":"https:\/\/strangercam.com\/de\/wp-json\/wp\/v2\/pages\/3634\/revisions"}],"predecessor-version":[{"id":12970,"href":"https:\/\/strangercam.com\/de\/wp-json\/wp\/v2\/pages\/3634\/revisions\/12970"}],"wp:attachment":[{"href":"https:\/\/strangercam.com\/de\/wp-json\/wp\/v2\/media?parent=3634"}],"curies":[{"name":"wp","href":"https:\/\/api.w.org\/{rel}","templated":true}]}}