{"id":3516,"date":"2025-08-18T13:21:58","date_gmt":"2025-08-18T11:21:58","guid":{"rendered":"https:\/\/strangercam.com\/?page_id=3516"},"modified":"2025-08-18T14:14:10","modified_gmt":"2025-08-18T12:14:10","slug":"video-chat-mit-fremden","status":"publish","type":"page","link":"https:\/\/strangercam.com\/de\/video-chat-mit-fremden\/","title":{"rendered":"Video-Chat mit Fremden"},"content":{"rendered":"<p>Suchen Sie nach dem besten Weg, um Video <a href=\"https:\/\/strangercam.com\/de\/chathub\/\">Chat<\/a> mit Fremden? Sie sind nicht allein. Seit dem Aufkommen von <a href=\"https:\/\/strangercam.com\/de\/omegle\/\">Omegle<\/a>, <a href=\"https:\/\/strangercam.com\/de\/chatroulette\/\">Chatroulette<\/a>, und \u00e4hnlichen Plattformen haben Millionen von Menschen auf der ganzen Welt den Nervenkitzel des sofortigen Videochats mit zuf\u00e4lligen Personen auf der ganzen Welt entdeckt. Im Jahr 2025 ist der Trend gr\u00f6\u00dfer als je zuvor - mit neuen Plattformen, die sicherere, reibungslosere und ansprechendere Erfahrungen bieten.<\/p>\n<p>Dank moderner Plattformen wie StrangerCam k\u00f6nnen Sie jederzeit kostenlos mit Fremden videochatten - ohne Anmeldung, ohne Downloads und ohne versteckte Bezahlschranken. Egal, ob Sie neue Freunde kennenlernen, flirten, Sprachen \u00fcben oder einfach nur die Langeweile vertreiben wollen - Videochats mit Fremden sind eine der aufregendsten und spontansten M\u00f6glichkeiten, online in Kontakt zu treten.<\/p>\n<p>In diesem Leitfaden erf\u00e4hrst du alles, was du wissen musst: wie es funktioniert, warum es so beliebt ist, auf welche Funktionen du achten solltest, Vergleiche der wichtigsten Plattformen, Sicherheitstipps und warum StrangerCam eine der besten M\u00f6glichkeiten f\u00fcr Videochats mit Fremden im Jahr 2025 ist.<\/p>\n<h2>Was ist Video-Chat mit Fremden?<\/h2>\n<p>Video-Chat mit Fremden ist ein Online-Dienst, der Sie mit zuf\u00e4lligen Personen f\u00fcr Live-Videogespr\u00e4che unter vier Augen zusammenbringt. \u00dcber Ihre Webcam und Ihr Mikrofon k\u00f6nnen Sie sich gegenseitig in Echtzeit sehen und h\u00f6ren.<\/p>\n<p>Anders als in den sozialen Medien, wo die Interaktionen kuratiert und oft k\u00fcnstlich sind, ist der Videochat mit Fremden unverf\u00e4lscht, authentisch und unvorhersehbar. Jeder Klick auf die Schaltfl\u00e4che \"Weiter\" bringt ein neues Gesicht und eine neue Geschichte mit sich, was es zu einer der aufregendsten Online-Erfahrungen macht, die es heute gibt.<\/p>\n<h2>Warum Menschen lieben Free Video Chat mit Fremden<\/h2>\n<p>Die Beliebtheit des kostenlosen Videochats mit Fremden beruht auf mehreren wichtigen Vorteilen:<\/p>\n<ul>\n<li>Spontaneit\u00e4t und \u00dcberraschung - Jeder Chat ist anders; man wei\u00df nie, wen man als n\u00e4chstes trifft.<\/li>\n<li>Globale Freundschaften - Kn\u00fcpfen Sie Kontakte zu Menschen auf der ganzen Welt, lernen Sie neue Kulturen kennen und erweitern Sie Ihren Horizont.<\/li>\n<li>Keine gef\u00e4lschten Profile - Video beweist, dass die Person echt ist, im Gegensatz zu textbasierten Apps voller Bots und Catfish.<\/li>\n<li>Anonymit\u00e4t - Kein Konto erforderlich; bleiben Sie so privat wie Sie wollen.<\/li>\n<li>Unterschiedliche Intentionen - Manche Menschen suchen Spa\u00df, andere Freundschaft, wieder andere einen lockeren Flirt.<\/li>\n<li>Instant Gratification - Kein Warten auf Antworten oder endloses Swipen - sofortige Verbindungen.<\/li>\n<\/ul>\n<h2>Wie funktioniert der Video-Chat mit Fremden?<\/h2>\n<p>Joining ein Video-Chat mit Fremden Plattform ist einfach und schnell:<\/p>\n<ol>\n<li>\u00d6ffnen Sie die Plattform (Desktop oder Handy).<\/li>\n<li>Erlauben Sie den Zugriff auf Ihre Webcam und Ihr Mikrofon.<\/li>\n<li>Klicken Sie auf \"Start\", um sofort eine Verbindung mit einem zuf\u00e4lligen Fremden herzustellen.<\/li>\n<li>Chatten Sie live von Angesicht zu Angesicht. Wenn Sie nicht interessiert sind, klicken Sie auf \"Weiter\", um jemand Neues kennenzulernen.<\/li>\n<li>Wiederholen Sie den Vorgang endlos - es geht schnell, macht Spa\u00df und ist kostenlos.<\/li>\n<\/ol>\n<p>Einige Plattformen bieten auch geschlechtsspezifische Filter, standortbezogene Abgleiche und \u00dcbersetzungstools, um das Erlebnis zu verbessern.<\/p>\n<h2>Die wichtigsten Merkmale, auf die Sie achten sollten<\/h2>\n<p>Wenn Sie auf der Suche nach dem besten Ort f\u00fcr Videochats mit Fremden sind, finden Sie hier die wichtigsten Funktionen:<\/p>\n<h3>1. Wirklich freier Zugang<\/h3>\n<p>H\u00fcten Sie sich vor Plattformen, auf denen \"kostenlos\" steht, die aber den Chat nach ein paar Minuten beschr\u00e4nken. Suchen Sie nach unbegrenzter, kostenloser Nutzung.<\/p>\n<h3>2. Keine Anmeldung erforderlich<\/h3>\n<p>Die besten Websites erfordern weder ein Konto noch pers\u00f6nliche Daten.<\/p>\n<h3>3. Filter f\u00fcr Geschlecht und Ort<\/h3>\n<p>Hilfreich, wenn Sie mit bestimmten Personengruppen sprechen m\u00f6chten (z. B. nur mit M\u00e4dchen oder mit Personen aus Ihrem Land).<\/p>\n<h3>4. Starke M\u00e4\u00dfigung<\/h3>\n<p>Aktive Meldesysteme und Moderatoren sorgen daf\u00fcr, dass die Plattform sicher ist und Spa\u00df macht.<\/p>\n<h3>5. Handy-freundliches Design<\/h3>\n<p>Eine gute Plattform sollte auf Handys, Tablets und Computern reibungslos funktionieren.<\/p>\n<h3>6. Hochwertiges Video und Audio<\/h3>\n<p>Klare Verbindungen sorgen f\u00fcr ein besseres, nat\u00fcrlicheres Erlebnis.<\/p>\n<h2>Die besten Plattformen f\u00fcr Video-Chat mit Fremden im Jahr 2025<\/h2>\n<p>Hier sehen Sie einige der wichtigsten Plattformen im Vergleich:<\/p>\n<table>\n<thead>\n<tr>\n<th>Plattform<\/th>\n<th align=\"center\">Frei zu verwenden<\/th>\n<th align=\"center\">Gender-Filter<\/th>\n<th align=\"center\">Anmeldung erforderlich<\/th>\n<th align=\"center\">Mobile Unterst\u00fctzung<\/th>\n<th align=\"center\">Moderation<\/th>\n<th>Anmerkungen<\/th>\n<\/tr>\n<\/thead>\n<tbody>\n<tr>\n<td>StrangerCam<\/td>\n<td align=\"center\">\u2705<\/td>\n<td align=\"center\">\u2705 (Frei)<\/td>\n<td align=\"center\">\u274c<\/td>\n<td align=\"center\">\u2705<\/td>\n<td align=\"center\">\u2705<\/td>\n<td>Bester kostenloser Allround-Videochat mit Fremden<\/td>\n<\/tr>\n<tr>\n<td>Chatroulette<\/td>\n<td align=\"center\">\u2705<\/td>\n<td align=\"center\">\u274c (Bezahlt)<\/td>\n<td align=\"center\">\u274c<\/td>\n<td align=\"center\">\u2705<\/td>\n<td align=\"center\">\u2705<\/td>\n<td>Klassisch, aber geschlechtsspezifische Filter gesperrt<\/td>\n<\/tr>\n<tr>\n<td>Chatrandom<\/td>\n<td align=\"center\">\u2705<\/td>\n<td align=\"center\">\u274c (Bezahlt)<\/td>\n<td align=\"center\">\u274c<\/td>\n<td align=\"center\">\u2705<\/td>\n<td align=\"center\">\u2705<\/td>\n<td>Beliebt, aber Nachr\u00fcstungen f\u00fcr Filter erforderlich<\/td>\n<\/tr>\n<tr>\n<td><a href=\"https:\/\/strangercam.com\/de\/ometv\/\">OmeTV<\/a><\/td>\n<td align=\"center\">\u2705<\/td>\n<td align=\"center\">\u274c<\/td>\n<td align=\"center\">\u274c<\/td>\n<td align=\"center\">\u2705<\/td>\n<td align=\"center\">\u2705<\/td>\n<td>Nur zuf\u00e4lliger Abgleich, mobile App verf\u00fcgbar<\/td>\n<\/tr>\n<tr>\n<td>Shagle<\/td>\n<td align=\"center\">\u2705<\/td>\n<td align=\"center\">\u274c (Bezahlt)<\/td>\n<td align=\"center\">\u274c<\/td>\n<td align=\"center\">\u2705<\/td>\n<td align=\"center\">\u2705<\/td>\n<td>Premium-Funktionen werden stark gef\u00f6rdert<\/td>\n<\/tr>\n<tr>\n<td><a href=\"https:\/\/strangercam.com\/de\/coomeet\/\">CooMeet<\/a><\/td>\n<td align=\"center\">\u274c (Versuch)<\/td>\n<td align=\"center\">\u2705<\/td>\n<td align=\"center\">\u2705<\/td>\n<td align=\"center\">\u2705<\/td>\n<td align=\"center\">\u2705<\/td>\n<td>Meistens kostenpflichtig nach kostenloser Testphase<\/td>\n<\/tr>\n<tr>\n<td>LuckyCrush<\/td>\n<td align=\"center\">\u274c<\/td>\n<td align=\"center\">\u2705<\/td>\n<td align=\"center\">\u2705<\/td>\n<td align=\"center\">\u2705<\/td>\n<td align=\"center\">\u2705<\/td>\n<td>Immer bezahlter, geschlechtsspezifischer Chat<\/td>\n<\/tr>\n<\/tbody>\n<\/table>\n<p>StrangerCam ist eine der einzigen Plattformen, die einen echten kostenlosen Video-Chat mit Fremden anbietet, mit einem funktionierenden Geschlechtsfilter und ohne Anmeldung.<\/p>\n<h2>Warum StrangerCam eine Top-Wahl ist<\/h2>\n<p>Hier ist der Grund, warum StrangerCam als einer der besten Orte f\u00fcr Videochats mit Fremden im Jahr 2025 gilt:<\/p>\n<h3>1. 100% Kostenlos und unbegrenzt<\/h3>\n<p>Anders als viele Konkurrenten sperrt StrangerCam die Funktionen nicht hinter Bezahlschranken.<\/p>\n<h3>2. Kostenloser Gender-Filter<\/h3>\n<p>Treffen Sie genau die, die Sie wollen - M\u00e4nner, Frauen oder beides - ohne zus\u00e4tzliche Kosten.<\/p>\n<h3>3. Keine Anmeldung oder pers\u00f6nliche Informationen<\/h3>\n<p>Anonym bleiben. Keine Registrierung, keine Datenerfassung.<\/p>\n<h3>4. Globale Gemeinschaft<\/h3>\n<p>Fremde aus \u00fcber 100 L\u00e4ndern sind rund um die Uhr online.<\/p>\n<h3>5. Sicher und moderiert<\/h3>\n<p>Mit leistungsf\u00e4higen Meldeinstrumenten und aktiver Moderation wird das Umfeld sicherer und freundlicher.<\/p>\n<h3>6. Mobil- und Desktop-freundlich<\/h3>\n<p>Verwenden Sie es auf jedem Ger\u00e4t, jederzeit und \u00fcberall.<\/p>\n<h2>Echte Anwenderberichte<\/h2>\n<blockquote><p><em>\"Ich wollte eine Plattform f\u00fcr Videochats mit Fremden, nachdem Omegle geschlossen wurde, und StrangerCam wurde mein Favorit. Es ist kostenlos, schnell und voller echter Menschen.\"<\/em><br \/>\n- Adam, 27<\/p><\/blockquote>\n<blockquote><p><em>\"Im Gegensatz zu anderen Websites funktioniert der Gender-Filter tats\u00e4chlich kostenlos. Ich hatte tolle Chats mit Leuten aus der ganzen Welt.\"<\/em><br \/>\n- Sophia, 22<\/p><\/blockquote>\n<blockquote><p><em>\"Kein App-Download, keine Registrierung, nur sofortige Verbindungen. Genau das, wonach ich gesucht habe.\"<\/em><br \/>\n- Liam, 30<\/p><\/blockquote>\n<blockquote><p><em>\"Die Moderation gibt mir ein sicheres Gef\u00fchl. Wenn jemand unh\u00f6flich ist, kann ich ihn einfach \u00fcbergehen oder sofort melden.\"<\/em><br \/>\n- Isabella, 24<\/p><\/blockquote>\n<h2>Sicherheitstipps f\u00fcr Video-Chat mit Fremden<\/h2>\n<p>Zuf\u00e4llige Videochats machen zwar Spa\u00df, aber es ist wichtig, sich zu sch\u00fctzen:<\/p>\n<ul>\n<li>Geben Sie keine pers\u00f6nlichen Daten weiter (richtiger Name, Telefon, Adresse).<\/li>\n<li>Vermeiden Sie es, auf Links zu klicken, die von Fremden gesendet werden.<\/li>\n<li>Verwenden Sie \"Weiter\", wenn Sie sich unwohl f\u00fchlen.<\/li>\n<li>\u00dcberpr\u00fcfen Sie Ihren Hintergrund, um zu vermeiden, dass private Informationen angezeigt werden.<\/li>\n<li>Halten Sie sich an die Werkzeuge der Plattform (blockieren\/melden Sie, wenn n\u00f6tig).<\/li>\n<li>Wenn Sie unter 18 sind, benutzen Sie keine Chat-Plattformen f\u00fcr Erwachsene.<\/li>\n<\/ul>\n<h2>Der Einstieg - Schritt f\u00fcr Schritt<\/h2>\n<p>Es dauert weniger als eine Minute, um einen Videochat mit Fremden zu beginnen:<\/p>\n<ol>\n<li>\u00d6ffnen Sie StrangerCam auf Ihrem Ger\u00e4t.<\/li>\n<li>Erlauben Sie den Zugriff auf Kamera und Mikrofon.<\/li>\n<li>W\u00e4hlen Sie Ihre Pr\u00e4ferenzen (z. B. Geschlechtsfilter).<\/li>\n<li>Klicken Sie auf Chat starten, um eine sofortige Verbindung herzustellen.<\/li>\n<li>Treffen Sie Fremde von Angesicht zu Angesicht und klicken Sie jederzeit auf Weiter.<\/li>\n<\/ol>\n<p>Das ist alles schnell, einfach und kostenlos.<\/p>\n<h2>Abschlie\u00dfende Gedanken - Versuchen Sie jetzt den kostenlosen Video-Chat mit Fremden<\/h2>\n<p>Im Jahr 2025 ist der Videochat mit Fremden nach wie vor eine der aufregendsten M\u00f6glichkeiten, online neue Leute kennenzulernen. Er ist spontan, authentisch und bringt Sie sofort mit echten Menschen auf der ganzen Welt zusammen. Aber nicht alle Plattformen halten, was sie versprechen - einige schr\u00e4nken die Funktionen ein oder errichten Bezahlschranken.<\/p>\n<p>Das ist der Grund, warum StrangerCam sich von anderen abhebt: Es ist kostenlos, sicher, anonym und global. Egal, ob du Freundschaften schlie\u00dfen, M\u00e4dchen kennenlernen oder einfach nur zuf\u00e4llige Unterhaltungen genie\u00dfen willst, es ist eine der besten Optionen, die es heutzutage gibt.<\/p>\n<p>Bereit f\u00fcr eine Verbindung? Starten Sie jetzt einen kostenlosen Video-Chat mit Fremden und sehen Sie, wen Sie als N\u00e4chstes treffen werden.<\/p>","protected":false},"excerpt":{"rendered":"<p>Are you searching for the best way to video chat with strangers? You\u2019re not alone. Since the rise of Omegle, Chatroulette, and similar platforms, millions of people worldwide have discovered the thrill of instant video chat with random people across the globe. In 2025, the trend is bigger than ever\u2014with new platforms offering safer, smoother, [&hellip;]<\/p>\n","protected":false},"author":8,"featured_media":0,"parent":0,"menu_order":0,"comment_status":"closed","ping_status":"closed","template":"","meta":{"footnotes":""},"class_list":["post-3516","page","type-page","status-publish","hentry"],"yoast_head":"<!-- This site is optimized with the Yoast SEO plugin v26.9 - https:\/\/yoast.com\/product\/yoast-seo-wordpress\/ -->\n<title>Video Chat With Strangers with Random Chat on Strangercam.com<\/title>\n<meta name=\"description\" content=\"Liking Video Chat With Strangers? Join millions on StrangerCam.com! Start a random video chat, turn on your cam, and meet strangers instantly.\" \/>\n<meta name=\"robots\" content=\"index, follow, max-snippet:-1, max-image-preview:large, max-video-preview:-1\" \/>\n<link rel=\"canonical\" href=\"https:\/\/strangercam.com\/de\/video-chat-mit-fremden\/\" \/>\n<meta property=\"og:locale\" content=\"de_DE\" \/>\n<meta property=\"og:type\" content=\"article\" \/>\n<meta property=\"og:title\" content=\"Video Chat With Strangers with Random Chat on Strangercam.com\" \/>\n<meta property=\"og:description\" content=\"Liking Video Chat With Strangers? Join millions on StrangerCam.com! Start a random video chat, turn on your cam, and meet strangers instantly.\" \/>\n<meta property=\"og:url\" content=\"https:\/\/strangercam.com\/de\/video-chat-mit-fremden\/\" \/>\n<meta property=\"og:site_name\" content=\"Strangercam\" \/>\n<meta property=\"article:publisher\" content=\"https:\/\/www.facebook.com\/strangercam\" \/>\n<meta property=\"article:modified_time\" content=\"2025-08-18T12:14:10+00:00\" \/>\n<meta property=\"og:image\" content=\"https:\/\/strangercam.com\/wp-content\/uploads\/2021\/10\/Untitled-2.png\" \/>\n\t<meta property=\"og:image:width\" content=\"800\" \/>\n\t<meta property=\"og:image:height\" content=\"532\" \/>\n\t<meta property=\"og:image:type\" content=\"image\/png\" \/>\n<meta name=\"twitter:card\" content=\"summary_large_image\" \/>\n<meta name=\"twitter:site\" content=\"@strangercamapp\" \/>\n<meta name=\"twitter:label1\" content=\"Gesch\u00e4tzte Lesezeit\" \/>\n\t<meta name=\"twitter:data1\" content=\"5\u00a0Minuten\" \/>\n<script type=\"application\/ld+json\" class=\"yoast-schema-graph\">{\"@context\":\"https:\/\/schema.org\",\"@graph\":[{\"@type\":\"WebPage\",\"@id\":\"https:\/\/strangercam.com\/video-chat-with-strangers\/\",\"url\":\"https:\/\/strangercam.com\/video-chat-with-strangers\/\",\"name\":\"Video Chat With Strangers with Random Chat on Strangercam.com\",\"isPartOf\":{\"@id\":\"https:\/\/strangercam.com\/#website\"},\"datePublished\":\"2025-08-18T11:21:58+00:00\",\"dateModified\":\"2025-08-18T12:14:10+00:00\",\"description\":\"Liking Video Chat With Strangers? Join millions on StrangerCam.com! Start a random video chat, turn on your cam, and meet strangers instantly.\",\"breadcrumb\":{\"@id\":\"https:\/\/strangercam.com\/video-chat-with-strangers\/#breadcrumb\"},\"inLanguage\":\"de\",\"potentialAction\":[{\"@type\":\"ReadAction\",\"target\":[\"https:\/\/strangercam.com\/video-chat-with-strangers\/\"]}]},{\"@type\":\"BreadcrumbList\",\"@id\":\"https:\/\/strangercam.com\/video-chat-with-strangers\/#breadcrumb\",\"itemListElement\":[{\"@type\":\"ListItem\",\"position\":1,\"name\":\"Home\",\"item\":\"https:\/\/strangercam.com\/\"},{\"@type\":\"ListItem\",\"position\":2,\"name\":\"Video Chat With Strangers\"}]},{\"@type\":\"WebSite\",\"@id\":\"https:\/\/strangercam.com\/#website\",\"url\":\"https:\/\/strangercam.com\/\",\"name\":\"Strangercam\",\"description\":\"Random Video Chat with Strangers\",\"publisher\":{\"@id\":\"https:\/\/strangercam.com\/#organization\"},\"alternateName\":\"Strangercam.com\",\"potentialAction\":[{\"@type\":\"SearchAction\",\"target\":{\"@type\":\"EntryPoint\",\"urlTemplate\":\"https:\/\/strangercam.com\/?s={search_term_string}\"},\"query-input\":{\"@type\":\"PropertyValueSpecification\",\"valueRequired\":true,\"valueName\":\"search_term_string\"}}],\"inLanguage\":\"de\"},{\"@type\":\"Organization\",\"@id\":\"https:\/\/strangercam.com\/#organization\",\"name\":\"Strangercam\",\"alternateName\":\"Strangercam.com\",\"url\":\"https:\/\/strangercam.com\/\",\"logo\":{\"@type\":\"ImageObject\",\"inLanguage\":\"de\",\"@id\":\"https:\/\/strangercam.com\/#\/schema\/logo\/image\/\",\"url\":\"https:\/\/strangercam.com\/wp-content\/uploads\/2020\/11\/cropped-new-favicon-black.png\",\"contentUrl\":\"https:\/\/strangercam.com\/wp-content\/uploads\/2020\/11\/cropped-new-favicon-black.png\",\"width\":512,\"height\":512,\"caption\":\"Strangercam\"},\"image\":{\"@id\":\"https:\/\/strangercam.com\/#\/schema\/logo\/image\/\"},\"sameAs\":[\"https:\/\/www.facebook.com\/strangercam\",\"https:\/\/x.com\/strangercamapp\"]}]}<\/script>\n<!-- \/ Yoast SEO plugin. -->","yoast_head_json":{"title":"Video-Chat mit Fremden mit Random Chat auf Strangercam.com","description":"M\u00f6gen Sie Video-Chat mit Fremden? Join Millionen auf StrangerCam.com! Starten Sie einen zuf\u00e4lligen Video-Chat, schalten Sie Ihre Kamera ein und treffen Sie sofort Fremde.","robots":{"index":"index","follow":"follow","max-snippet":"max-snippet:-1","max-image-preview":"max-image-preview:large","max-video-preview":"max-video-preview:-1"},"canonical":"https:\/\/strangercam.com\/de\/video-chat-mit-fremden\/","og_locale":"de_DE","og_type":"article","og_title":"Video Chat With Strangers with Random Chat on Strangercam.com","og_description":"Liking Video Chat With Strangers? Join millions on StrangerCam.com! Start a random video chat, turn on your cam, and meet strangers instantly.","og_url":"https:\/\/strangercam.com\/de\/video-chat-mit-fremden\/","og_site_name":"Strangercam","article_publisher":"https:\/\/www.facebook.com\/strangercam","article_modified_time":"2025-08-18T12:14:10+00:00","og_image":[{"width":800,"height":532,"url":"https:\/\/strangercam.com\/wp-content\/uploads\/2021\/10\/Untitled-2.png","type":"image\/png"}],"twitter_card":"summary_large_image","twitter_site":"@strangercamapp","twitter_misc":{"Gesch\u00e4tzte Lesezeit":"5\u00a0Minuten"},"schema":{"@context":"https:\/\/schema.org","@graph":[{"@type":"WebPage","@id":"https:\/\/strangercam.com\/video-chat-with-strangers\/","url":"https:\/\/strangercam.com\/video-chat-with-strangers\/","name":"Video-Chat mit Fremden mit Random Chat auf Strangercam.com","isPartOf":{"@id":"https:\/\/strangercam.com\/#website"},"datePublished":"2025-08-18T11:21:58+00:00","dateModified":"2025-08-18T12:14:10+00:00","description":"M\u00f6gen Sie Video-Chat mit Fremden? Join Millionen auf StrangerCam.com! Starten Sie einen zuf\u00e4lligen Video-Chat, schalten Sie Ihre Kamera ein und treffen Sie sofort Fremde.","breadcrumb":{"@id":"https:\/\/strangercam.com\/video-chat-with-strangers\/#breadcrumb"},"inLanguage":"de","potentialAction":[{"@type":"ReadAction","target":["https:\/\/strangercam.com\/video-chat-with-strangers\/"]}]},{"@type":"BreadcrumbList","@id":"https:\/\/strangercam.com\/video-chat-with-strangers\/#breadcrumb","itemListElement":[{"@type":"ListItem","position":1,"name":"Home","item":"https:\/\/strangercam.com\/"},{"@type":"ListItem","position":2,"name":"Video Chat With Strangers"}]},{"@type":"WebSite","@id":"https:\/\/strangercam.com\/#website","url":"https:\/\/strangercam.com\/","name":"Strangercam","description":"Zuf\u00e4lliger Video-Chat mit Fremden","publisher":{"@id":"https:\/\/strangercam.com\/#organization"},"alternateName":"Strangercam.com","potentialAction":[{"@type":"SearchAction","target":{"@type":"EntryPoint","urlTemplate":"https:\/\/strangercam.com\/?s={search_term_string}"},"query-input":{"@type":"PropertyValueSpecification","valueRequired":true,"valueName":"search_term_string"}}],"inLanguage":"de"},{"@type":"Organization","@id":"https:\/\/strangercam.com\/#organization","name":"Strangercam","alternateName":"Strangercam.com","url":"https:\/\/strangercam.com\/","logo":{"@type":"ImageObject","inLanguage":"de","@id":"https:\/\/strangercam.com\/#\/schema\/logo\/image\/","url":"https:\/\/strangercam.com\/wp-content\/uploads\/2020\/11\/cropped-new-favicon-black.png","contentUrl":"https:\/\/strangercam.com\/wp-content\/uploads\/2020\/11\/cropped-new-favicon-black.png","width":512,"height":512,"caption":"Strangercam"},"image":{"@id":"https:\/\/strangercam.com\/#\/schema\/logo\/image\/"},"sameAs":["https:\/\/www.facebook.com\/strangercam","https:\/\/x.com\/strangercamapp"]}]}},"_links":{"self":[{"href":"https:\/\/strangercam.com\/de\/wp-json\/wp\/v2\/pages\/3516","targetHints":{"allow":["GET"]}}],"collection":[{"href":"https:\/\/strangercam.com\/de\/wp-json\/wp\/v2\/pages"}],"about":[{"href":"https:\/\/strangercam.com\/de\/wp-json\/wp\/v2\/types\/page"}],"author":[{"embeddable":true,"href":"https:\/\/strangercam.com\/de\/wp-json\/wp\/v2\/users\/8"}],"replies":[{"embeddable":true,"href":"https:\/\/strangercam.com\/de\/wp-json\/wp\/v2\/comments?post=3516"}],"version-history":[{"count":2,"href":"https:\/\/strangercam.com\/de\/wp-json\/wp\/v2\/pages\/3516\/revisions"}],"predecessor-version":[{"id":12969,"href":"https:\/\/strangercam.com\/de\/wp-json\/wp\/v2\/pages\/3516\/revisions\/12969"}],"wp:attachment":[{"href":"https:\/\/strangercam.com\/de\/wp-json\/wp\/v2\/media?parent=3516"}],"curies":[{"name":"wp","href":"https:\/\/api.w.org\/{rel}","templated":true}]}}