{"id":3300,"date":"2021-05-09T21:47:49","date_gmt":"2021-05-09T19:47:49","guid":{"rendered":"https:\/\/strangercam.com\/?page_id=3300"},"modified":"2023-08-21T12:24:41","modified_gmt":"2023-08-21T10:24:41","slug":"chatpig","status":"publish","type":"page","link":"https:\/\/strangercam.com\/de\/chatpig\/","title":{"rendered":"Chatpig"},"content":{"rendered":"<p>Die Technologien werden von Tag zu Tag besser und erm\u00f6glichen es den Menschen, so schnell wie m\u00f6glich mit anderen in Kontakt zu treten. Sie bieten auch M\u00f6glichkeiten, Fernbeziehungen zu entwickeln und neue Freunde durch Dating-Websites und Apps zu finden. Chatpig Dating-Website erm\u00f6glicht es Mitgliedern, Spa\u00df und Aufregung nach der Erstellung eines Kontos zu gew\u00e4hrleisten. Es erm\u00f6glicht den Nutzern, mit Leichtigkeit neue Freunde aus verschiedenen Bereichen des Lebens zu finden. Diejenigen, die Singles an einem bestimmten Ort finden m\u00f6chten, k\u00f6nnen von der Website sehr profitieren, da sie hervorragende Funktionen f\u00fcr sie bereith\u00e4lt. Dar\u00fcber hinaus ist die Website die beste Option f\u00fcr <a href=\"https:\/\/strangercam.com\/de\/shagle\/\">Erwachsene<\/a> Dating-Zwecke, die den Bed\u00fcrfnissen der Nutzer entsprechen.<\/p>\n<h2>Wie erstellt man ein Konto auf der Chatpig Dating-Website?<\/h2>\n<p>Der Registrierungsprozess ist sehr einfach und neue Mitglieder k\u00f6nnen die Website entweder als Gast besuchen oder ein Konto erstellen. Auf der anderen Seite ist es notwendig, das Geschlecht auszuw\u00e4hlen und die Bedingungen auf der Website zu akzeptieren, wenn man die Gastoption w\u00e4hlt. Neue Benutzer, die ein Konto erstellen m\u00f6chten, sollten eine g\u00fcltige E-Mail-Adresse haben und einen Spitznamen mit einem sicheren Passwort angeben. Man sollte den Aktivierungscode eingeben, um das Konto zu validieren, nachdem man ihn per E-Mail erhalten hat.<\/p>\n<h3>Mehr \u00fcber Adult Cam Chat erfahren<\/h3>\n<p>Die Dating-Website bietet Erwachsenen <a href=\"https:\/\/strangercam.com\/de\/bazoocam\/\">Nocken<\/a> <a href=\"https:\/\/strangercam.com\/de\/chatroulette\/\">Chat<\/a> Dienste f\u00fcr Nutzer, um sich mit Models und anderen zu unterhalten. Eine Person kann sich mit seinem\/ihrem Nickname und Passwort auf der Seite anmelden, um mit anderen zu chatten. Dar\u00fcber hinaus k\u00f6nnen die Mitglieder sogar die Art von Cam w\u00e4hlen, die sie wollen, nachdem sie die Kategorien im Detail bewertet haben. Es ist die einzige Webcam-Chat-Plattform, auf der Nutzer mit M\u00e4nnern, Frauen, Paaren und anderen sprechen k\u00f6nnen. Abgesehen davon kann man mit jedem Geschlecht chatten, ohne einen Geschlechtsfilter zu verwenden. Allerdings sollten die Nutzer die Regeln und Vorschriften im Detail befolgen, w\u00e4hrend sie mit folgenden Personen chatten <a href=\"https:\/\/strangercam.com\/de\/video-chat-with-girls\/\">M\u00e4dchen<\/a>.<\/p>\n<h3>Was sind die Merkmale des Chatpig?<\/h3>\n<p>Auf der Website gibt es mehrere Chatrooms, in denen man leicht zahlreiche hei\u00dfe Jungs und M\u00e4dchen finden kann. Es gibt M\u00f6glichkeiten, Textnachrichten, Bilder und Emojis an andere zu senden, die dabei helfen, Leute zu finden, die gemeinsame Interessen teilen. Nutzer k\u00f6nnen sogar einen Token auf der Website kaufen, um Mitglied zu werden. Zu den weiteren Merkmalen der Website geh\u00f6ren eine hochwertige Benutzeroberfl\u00e4che, die Qualit\u00e4t des Publikums, die Sicherheit und der Schutz der Privatsph\u00e4re, wodurch eine gute Erfahrung gew\u00e4hrleistet wird. Gleichzeitig ist es ratsam, die Allgemeinen Gesch\u00e4ftsbedingungen zu beachten, bevor man ein Konto auf der Website anlegt, denn das hilft <a href=\"https:\/\/strangercam.com\/de\/coomeet\/\">treffen<\/a> grundlegende Bed\u00fcrfnisse.<\/p>","protected":false},"excerpt":{"rendered":"<p>Technologies are improving day by day allowing people to connect with others as soon as possible. They also provide ways to develop long-distance relationships and make new friends through dating sites and apps. Chatpig dating website enables members to ensure fun and excitement after creating an account. It enables users to find new friends from [&hellip;]<\/p>\n","protected":false},"author":6,"featured_media":559,"parent":0,"menu_order":0,"comment_status":"closed","ping_status":"closed","template":"","meta":{"footnotes":""},"class_list":["post-3300","page","type-page","status-publish","has-post-thumbnail","hentry"],"yoast_head":"<!-- This site is optimized with the Yoast SEO plugin v27.4 - https:\/\/yoast.com\/product\/yoast-seo-wordpress\/ -->\n<title>Chatpig - Most Popular Video Chats - Cam on StrangerCam.com<\/title>\n<meta name=\"description\" content=\"Like Chatpig? Come chat with more than 5.000.000 strangers on Stranger Cam for Free! Turn on your cam and find new friends &amp; maby a match!\" \/>\n<meta name=\"robots\" content=\"index, follow, max-snippet:-1, max-image-preview:large, max-video-preview:-1\" \/>\n<link rel=\"canonical\" href=\"https:\/\/strangercam.com\/de\/chatpig\/\" \/>\n<meta property=\"og:locale\" content=\"de_DE\" \/>\n<meta property=\"og:type\" content=\"article\" \/>\n<meta property=\"og:title\" content=\"Chatpig - Most Popular Video Chats - Cam on StrangerCam.com\" \/>\n<meta property=\"og:description\" content=\"Like Chatpig? Come chat with more than 5.000.000 strangers on Stranger Cam for Free! Turn on your cam and find new friends &amp; maby a match!\" \/>\n<meta property=\"og:url\" content=\"https:\/\/strangercam.com\/de\/chatpig\/\" \/>\n<meta property=\"og:site_name\" content=\"Strangercam\" \/>\n<meta property=\"article:publisher\" content=\"https:\/\/www.facebook.com\/strangercam\" \/>\n<meta property=\"article:modified_time\" content=\"2023-08-21T10:24:41+00:00\" \/>\n<meta property=\"og:image\" content=\"https:\/\/strangercam.com\/wp-content\/uploads\/2020\/11\/stranger-cam-1.png\" \/>\n\t<meta property=\"og:image:width\" content=\"800\" \/>\n\t<meta property=\"og:image:height\" content=\"800\" \/>\n\t<meta property=\"og:image:type\" content=\"image\/png\" \/>\n<meta name=\"twitter:card\" content=\"summary_large_image\" \/>\n<meta name=\"twitter:site\" content=\"@strangercamapp\" \/>\n<meta name=\"twitter:label1\" content=\"Gesch\u00e4tzte Lesezeit\" \/>\n\t<meta name=\"twitter:data1\" content=\"2\u00a0Minuten\" \/>\n<script type=\"application\/ld+json\" class=\"yoast-schema-graph\">{\"@context\":\"https:\\\/\\\/schema.org\",\"@graph\":[{\"@type\":\"WebPage\",\"@id\":\"https:\\\/\\\/strangercam.com\\\/chatpig\\\/\",\"url\":\"https:\\\/\\\/strangercam.com\\\/chatpig\\\/\",\"name\":\"Chatpig - Most Popular Video Chats - Cam on StrangerCam.com\",\"isPartOf\":{\"@id\":\"https:\\\/\\\/strangercam.com\\\/#website\"},\"primaryImageOfPage\":{\"@id\":\"https:\\\/\\\/strangercam.com\\\/chatpig\\\/#primaryimage\"},\"image\":{\"@id\":\"https:\\\/\\\/strangercam.com\\\/chatpig\\\/#primaryimage\"},\"thumbnailUrl\":\"https:\\\/\\\/strangercam.com\\\/wp-content\\\/uploads\\\/2020\\\/11\\\/stranger-cam-1.png\",\"datePublished\":\"2021-05-09T19:47:49+00:00\",\"dateModified\":\"2023-08-21T10:24:41+00:00\",\"description\":\"Like Chatpig? Come chat with more than 5.000.000 strangers on Stranger Cam for Free! Turn on your cam and find new friends & maby a match!\",\"breadcrumb\":{\"@id\":\"https:\\\/\\\/strangercam.com\\\/chatpig\\\/#breadcrumb\"},\"inLanguage\":\"de\",\"potentialAction\":[{\"@type\":\"ReadAction\",\"target\":[\"https:\\\/\\\/strangercam.com\\\/chatpig\\\/\"]}]},{\"@type\":\"ImageObject\",\"inLanguage\":\"de\",\"@id\":\"https:\\\/\\\/strangercam.com\\\/chatpig\\\/#primaryimage\",\"url\":\"https:\\\/\\\/strangercam.com\\\/wp-content\\\/uploads\\\/2020\\\/11\\\/stranger-cam-1.png\",\"contentUrl\":\"https:\\\/\\\/strangercam.com\\\/wp-content\\\/uploads\\\/2020\\\/11\\\/stranger-cam-1.png\",\"width\":800,\"height\":800,\"caption\":\"stranger cam random video chat\"},{\"@type\":\"BreadcrumbList\",\"@id\":\"https:\\\/\\\/strangercam.com\\\/chatpig\\\/#breadcrumb\",\"itemListElement\":[{\"@type\":\"ListItem\",\"position\":1,\"name\":\"Home\",\"item\":\"https:\\\/\\\/strangercam.com\\\/\"},{\"@type\":\"ListItem\",\"position\":2,\"name\":\"Chatpig\"}]},{\"@type\":\"WebSite\",\"@id\":\"https:\\\/\\\/strangercam.com\\\/#website\",\"url\":\"https:\\\/\\\/strangercam.com\\\/\",\"name\":\"Strangercam\",\"description\":\"Random Video Chat with Strangers\",\"publisher\":{\"@id\":\"https:\\\/\\\/strangercam.com\\\/#organization\"},\"alternateName\":\"Strangercam.com\",\"potentialAction\":[{\"@type\":\"SearchAction\",\"target\":{\"@type\":\"EntryPoint\",\"urlTemplate\":\"https:\\\/\\\/strangercam.com\\\/?s={search_term_string}\"},\"query-input\":{\"@type\":\"PropertyValueSpecification\",\"valueRequired\":true,\"valueName\":\"search_term_string\"}}],\"inLanguage\":\"de\"},{\"@type\":\"Organization\",\"@id\":\"https:\\\/\\\/strangercam.com\\\/#organization\",\"name\":\"Strangercam\",\"alternateName\":\"Strangercam.com\",\"url\":\"https:\\\/\\\/strangercam.com\\\/\",\"logo\":{\"@type\":\"ImageObject\",\"inLanguage\":\"de\",\"@id\":\"https:\\\/\\\/strangercam.com\\\/#\\\/schema\\\/logo\\\/image\\\/\",\"url\":\"https:\\\/\\\/strangercam.com\\\/wp-content\\\/uploads\\\/2020\\\/11\\\/cropped-new-favicon-black.png\",\"contentUrl\":\"https:\\\/\\\/strangercam.com\\\/wp-content\\\/uploads\\\/2020\\\/11\\\/cropped-new-favicon-black.png\",\"width\":512,\"height\":512,\"caption\":\"Strangercam\"},\"image\":{\"@id\":\"https:\\\/\\\/strangercam.com\\\/#\\\/schema\\\/logo\\\/image\\\/\"},\"sameAs\":[\"https:\\\/\\\/www.facebook.com\\\/strangercam\",\"https:\\\/\\\/x.com\\\/strangercamapp\"]}]}<\/script>\n<!-- \/ Yoast SEO plugin. -->","yoast_head_json":{"title":"Chatpig - Beliebteste Video Chats - Cam bei StrangerCam.com","description":"Gef\u00e4llt dir Chatpig? Komm und chatte mit mehr als 5.000.000 Fremden auf Stranger Cam kostenlos! Schalte deine Kamera ein und finde neue Freunde und vielleicht einen Partner!","robots":{"index":"index","follow":"follow","max-snippet":"max-snippet:-1","max-image-preview":"max-image-preview:large","max-video-preview":"max-video-preview:-1"},"canonical":"https:\/\/strangercam.com\/de\/chatpig\/","og_locale":"de_DE","og_type":"article","og_title":"Chatpig - Most Popular Video Chats - Cam on StrangerCam.com","og_description":"Like Chatpig? Come chat with more than 5.000.000 strangers on Stranger Cam for Free! Turn on your cam and find new friends & maby a match!","og_url":"https:\/\/strangercam.com\/de\/chatpig\/","og_site_name":"Strangercam","article_publisher":"https:\/\/www.facebook.com\/strangercam","article_modified_time":"2023-08-21T10:24:41+00:00","og_image":[{"width":800,"height":800,"url":"https:\/\/strangercam.com\/wp-content\/uploads\/2020\/11\/stranger-cam-1.png","type":"image\/png"}],"twitter_card":"summary_large_image","twitter_site":"@strangercamapp","twitter_misc":{"Gesch\u00e4tzte Lesezeit":"2\u00a0Minuten"},"schema":{"@context":"https:\/\/schema.org","@graph":[{"@type":"WebPage","@id":"https:\/\/strangercam.com\/chatpig\/","url":"https:\/\/strangercam.com\/chatpig\/","name":"Chatpig - Beliebteste Video Chats - Cam bei StrangerCam.com","isPartOf":{"@id":"https:\/\/strangercam.com\/#website"},"primaryImageOfPage":{"@id":"https:\/\/strangercam.com\/chatpig\/#primaryimage"},"image":{"@id":"https:\/\/strangercam.com\/chatpig\/#primaryimage"},"thumbnailUrl":"https:\/\/strangercam.com\/wp-content\/uploads\/2020\/11\/stranger-cam-1.png","datePublished":"2021-05-09T19:47:49+00:00","dateModified":"2023-08-21T10:24:41+00:00","description":"Gef\u00e4llt dir Chatpig? Komm und chatte mit mehr als 5.000.000 Fremden auf Stranger Cam kostenlos! Schalte deine Kamera ein und finde neue Freunde und vielleicht einen Partner!","breadcrumb":{"@id":"https:\/\/strangercam.com\/chatpig\/#breadcrumb"},"inLanguage":"de","potentialAction":[{"@type":"ReadAction","target":["https:\/\/strangercam.com\/chatpig\/"]}]},{"@type":"ImageObject","inLanguage":"de","@id":"https:\/\/strangercam.com\/chatpig\/#primaryimage","url":"https:\/\/strangercam.com\/wp-content\/uploads\/2020\/11\/stranger-cam-1.png","contentUrl":"https:\/\/strangercam.com\/wp-content\/uploads\/2020\/11\/stranger-cam-1.png","width":800,"height":800,"caption":"stranger cam random video chat"},{"@type":"BreadcrumbList","@id":"https:\/\/strangercam.com\/chatpig\/#breadcrumb","itemListElement":[{"@type":"ListItem","position":1,"name":"Home","item":"https:\/\/strangercam.com\/"},{"@type":"ListItem","position":2,"name":"Chatpig"}]},{"@type":"WebSite","@id":"https:\/\/strangercam.com\/#website","url":"https:\/\/strangercam.com\/","name":"Strangercam","description":"Zuf\u00e4lliger Video-Chat mit Fremden","publisher":{"@id":"https:\/\/strangercam.com\/#organization"},"alternateName":"Strangercam.com","potentialAction":[{"@type":"SearchAction","target":{"@type":"EntryPoint","urlTemplate":"https:\/\/strangercam.com\/?s={search_term_string}"},"query-input":{"@type":"PropertyValueSpecification","valueRequired":true,"valueName":"search_term_string"}}],"inLanguage":"de"},{"@type":"Organization","@id":"https:\/\/strangercam.com\/#organization","name":"Strangercam","alternateName":"Strangercam.com","url":"https:\/\/strangercam.com\/","logo":{"@type":"ImageObject","inLanguage":"de","@id":"https:\/\/strangercam.com\/#\/schema\/logo\/image\/","url":"https:\/\/strangercam.com\/wp-content\/uploads\/2020\/11\/cropped-new-favicon-black.png","contentUrl":"https:\/\/strangercam.com\/wp-content\/uploads\/2020\/11\/cropped-new-favicon-black.png","width":512,"height":512,"caption":"Strangercam"},"image":{"@id":"https:\/\/strangercam.com\/#\/schema\/logo\/image\/"},"sameAs":["https:\/\/www.facebook.com\/strangercam","https:\/\/x.com\/strangercamapp"]}]}},"_links":{"self":[{"href":"https:\/\/strangercam.com\/de\/wp-json\/wp\/v2\/pages\/3300","targetHints":{"allow":["GET"]}}],"collection":[{"href":"https:\/\/strangercam.com\/de\/wp-json\/wp\/v2\/pages"}],"about":[{"href":"https:\/\/strangercam.com\/de\/wp-json\/wp\/v2\/types\/page"}],"author":[{"embeddable":true,"href":"https:\/\/strangercam.com\/de\/wp-json\/wp\/v2\/users\/6"}],"replies":[{"embeddable":true,"href":"https:\/\/strangercam.com\/de\/wp-json\/wp\/v2\/comments?post=3300"}],"version-history":[{"count":0,"href":"https:\/\/strangercam.com\/de\/wp-json\/wp\/v2\/pages\/3300\/revisions"}],"wp:featuredmedia":[{"embeddable":true,"href":"https:\/\/strangercam.com\/de\/wp-json\/wp\/v2\/media\/559"}],"wp:attachment":[{"href":"https:\/\/strangercam.com\/de\/wp-json\/wp\/v2\/media?parent=3300"}],"curies":[{"name":"wp","href":"https:\/\/api.w.org\/{rel}","templated":true}]}}