{"id":3266,"date":"2021-05-09T21:39:15","date_gmt":"2021-05-09T19:39:15","guid":{"rendered":"https:\/\/strangercam.com\/?page_id=3266"},"modified":"2023-08-21T12:24:41","modified_gmt":"2023-08-21T10:24:41","slug":"imeetzu","status":"publish","type":"page","link":"https:\/\/strangercam.com\/de\/imeetzu\/","title":{"rendered":"iMeetzu"},"content":{"rendered":"<p>Eine Dating-Website sollte alle Funktionen f\u00fcr Benutzer abdecken, wenn sie mit Leichtigkeit Freunde finden wollen. Die Website iMeetzu bietet Methoden zur Identifizierung von Menschen, die Beziehungen zu anderen aufbauen m\u00f6chten. Sie bietet zuf\u00e4llige Live <a href=\"https:\/\/strangercam.com\/de\/chatroulette\/\">Chat<\/a> und Text-Chat-R\u00e4ume f\u00fcr Mitglieder, um die Interessen und Qualit\u00e4ten anderer leicht zu erkunden. Die Website bietet Methoden zum Aufbau von Freundschaften und Beziehungen nach der Identifizierung von geeigneten Personen. Mitglieder k\u00f6nnen mehrere Chat-Optionen auf dieser Website verwenden, wenn sie wollen <a href=\"https:\/\/strangercam.com\/de\/coomeet\/\">treffen<\/a> gute Freunde an einem Ort. Au\u00dferdem k\u00f6nnen sie mit den Optionen, die zum Aufbau von Verbindungen beitragen, effektiv kommunizieren.<\/p>\n<h2>Was sind die Vor- und Nachteile von iMeetzu?<\/h2>\n<p>Die Dating-Website bietet Kompatibilit\u00e4t mit verschiedenen Ger\u00e4ten, so dass die Nutzer eine bessere Erfahrung machen k\u00f6nnen. Es erm\u00f6glicht den Nutzern, individuelle Profile mit benutzergesteuerten Privatsph\u00e4re-Einstellungen zu erstellen, um mehr Schutz zu gew\u00e4hrleisten. Au\u00dferdem fallen bei iMeetzu keine Geb\u00fchren f\u00fcr Interaktions-Tools an, wenn man sich mit anderen unterh\u00e4lt. Eine weitere Besonderheit der Website ist, dass sie den Weg f\u00fcr Gruppengespr\u00e4che ebnet, die zu optimalen Ergebnissen f\u00fchren. Die Dienste sind kostenlos und erm\u00f6glichen es den Nutzern, so schnell wie m\u00f6glich mit anderen in Kontakt zu treten. Andererseits ist der Registrierungsprozess nicht obligatorisch, was zu einigen Problemen f\u00fchren kann.<\/p>\n<h3>Welche Funktionen bietet das iMeetzu?<\/h3>\n<p>Jeder, der genaue Anforderungen an die schwule, lesbische und heterosexuelle Partnersuche erf\u00fcllen m\u00f6chte, kann diese Website w\u00e4hlen. <a href=\"https:\/\/strangercam.com\/de\/shagle\/\">Erwachsene<\/a> Dating ist eine weitere Funktion f\u00fcr diejenigen, die online mit Models in Kontakt treten wollen. Gleichzeitig sollten die Nutzer keine Grenzen \u00fcberschreiten, wenn sie sich mit ihnen \u00fcber Webcams unterhalten wollen. Textchats, Gruppenchats und <a href=\"https:\/\/strangercam.com\/de\/rabbit-video-chat\/\">Video<\/a> Chatten sind einige weitere Funktionen, die die Website anbietet und die es den Nutzern erm\u00f6glichen, ohne Schwierigkeiten interessante Personen an einem Ort zu finden. Es ist m\u00f6glich, Profilbilder auf der Website hochzuladen und zu aktualisieren, was eine gro\u00dfe Hilfe ist, um schnell auf andere zu wirken.<\/p>\n<h3>Vorteile der Nutzung der Website iMeetzu<\/h3>\n<p>Der Hauptvorteil der Website iMeetzu besteht darin, dass sie M\u00f6glichkeiten bietet, Einsamkeit und andere Probleme im Leben zu verhindern. Es zeigt sogar Methoden, um Gef\u00e4hrten nach der Bewertung der Profile und andere Details von anderen Mitgliedern zu machen. Abgesehen davon tr\u00e4gt sie dazu bei, mit anderen Menschen aus verschiedenen Lebensbereichen in Kontakt zu treten. Au\u00dferdem ist die Website ein perfekter Ort f\u00fcr die Partnersuche f\u00fcr Erwachsene, wo man mit folgenden Personen chatten kann <a href=\"https:\/\/strangercam.com\/de\/video-chat-with-girls\/\">M\u00e4dchen<\/a> und Jungen \u00fcber Webcams. Die Website bietet Methoden zur Auswahl zuf\u00e4lliger Personen mit Suchoptionen und Filtern, um eine effektive Kommunikation zu gew\u00e4hrleisten.<\/p>","protected":false},"excerpt":{"rendered":"<p>A dating website should cover all the features for users when they want to find friends with ease. iMeetzu website provides methods to identify people who want to build relationships with others. It features random live chat and text chat rooms for members to explore the interests and qualities of others easily. The website gives [&hellip;]<\/p>\n","protected":false},"author":6,"featured_media":559,"parent":0,"menu_order":0,"comment_status":"closed","ping_status":"closed","template":"","meta":{"footnotes":""},"class_list":["post-3266","page","type-page","status-publish","has-post-thumbnail","hentry"],"yoast_head":"<!-- This site is optimized with the Yoast SEO plugin v27.4 - https:\/\/yoast.com\/product\/yoast-seo-wordpress\/ -->\n<title>iMeetzu - Most Popular Video Chats - Cam on StrangerCam.com<\/title>\n<meta name=\"description\" content=\"Like iMeetzu? Come chat with more than 5.000.000 strangers on Stranger Cam for Free! Turn on your cam and find new friends &amp; maby a match!\" \/>\n<meta name=\"robots\" content=\"index, follow, max-snippet:-1, max-image-preview:large, max-video-preview:-1\" \/>\n<link rel=\"canonical\" href=\"https:\/\/strangercam.com\/de\/imeetzu\/\" \/>\n<meta property=\"og:locale\" content=\"de_DE\" \/>\n<meta property=\"og:type\" content=\"article\" \/>\n<meta property=\"og:title\" content=\"iMeetzu - Most Popular Video Chats - Cam on StrangerCam.com\" \/>\n<meta property=\"og:description\" content=\"Like iMeetzu? Come chat with more than 5.000.000 strangers on Stranger Cam for Free! Turn on your cam and find new friends &amp; maby a match!\" \/>\n<meta property=\"og:url\" content=\"https:\/\/strangercam.com\/de\/imeetzu\/\" \/>\n<meta property=\"og:site_name\" content=\"Strangercam\" \/>\n<meta property=\"article:publisher\" content=\"https:\/\/www.facebook.com\/strangercam\" \/>\n<meta property=\"article:modified_time\" content=\"2023-08-21T10:24:41+00:00\" \/>\n<meta property=\"og:image\" content=\"https:\/\/strangercam.com\/wp-content\/uploads\/2020\/11\/stranger-cam-1.png\" \/>\n\t<meta property=\"og:image:width\" content=\"800\" \/>\n\t<meta property=\"og:image:height\" content=\"800\" \/>\n\t<meta property=\"og:image:type\" content=\"image\/png\" \/>\n<meta name=\"twitter:card\" content=\"summary_large_image\" \/>\n<meta name=\"twitter:site\" content=\"@strangercamapp\" \/>\n<meta name=\"twitter:label1\" content=\"Gesch\u00e4tzte Lesezeit\" \/>\n\t<meta name=\"twitter:data1\" content=\"2\u00a0Minuten\" \/>\n<script type=\"application\/ld+json\" class=\"yoast-schema-graph\">{\"@context\":\"https:\\\/\\\/schema.org\",\"@graph\":[{\"@type\":\"WebPage\",\"@id\":\"https:\\\/\\\/strangercam.com\\\/imeetzu\\\/\",\"url\":\"https:\\\/\\\/strangercam.com\\\/imeetzu\\\/\",\"name\":\"iMeetzu - Most Popular Video Chats - Cam on StrangerCam.com\",\"isPartOf\":{\"@id\":\"https:\\\/\\\/strangercam.com\\\/#website\"},\"primaryImageOfPage\":{\"@id\":\"https:\\\/\\\/strangercam.com\\\/imeetzu\\\/#primaryimage\"},\"image\":{\"@id\":\"https:\\\/\\\/strangercam.com\\\/imeetzu\\\/#primaryimage\"},\"thumbnailUrl\":\"https:\\\/\\\/strangercam.com\\\/wp-content\\\/uploads\\\/2020\\\/11\\\/stranger-cam-1.png\",\"datePublished\":\"2021-05-09T19:39:15+00:00\",\"dateModified\":\"2023-08-21T10:24:41+00:00\",\"description\":\"Like iMeetzu? Come chat with more than 5.000.000 strangers on Stranger Cam for Free! Turn on your cam and find new friends & maby a match!\",\"breadcrumb\":{\"@id\":\"https:\\\/\\\/strangercam.com\\\/imeetzu\\\/#breadcrumb\"},\"inLanguage\":\"de\",\"potentialAction\":[{\"@type\":\"ReadAction\",\"target\":[\"https:\\\/\\\/strangercam.com\\\/imeetzu\\\/\"]}]},{\"@type\":\"ImageObject\",\"inLanguage\":\"de\",\"@id\":\"https:\\\/\\\/strangercam.com\\\/imeetzu\\\/#primaryimage\",\"url\":\"https:\\\/\\\/strangercam.com\\\/wp-content\\\/uploads\\\/2020\\\/11\\\/stranger-cam-1.png\",\"contentUrl\":\"https:\\\/\\\/strangercam.com\\\/wp-content\\\/uploads\\\/2020\\\/11\\\/stranger-cam-1.png\",\"width\":800,\"height\":800,\"caption\":\"stranger cam random video chat\"},{\"@type\":\"BreadcrumbList\",\"@id\":\"https:\\\/\\\/strangercam.com\\\/imeetzu\\\/#breadcrumb\",\"itemListElement\":[{\"@type\":\"ListItem\",\"position\":1,\"name\":\"Home\",\"item\":\"https:\\\/\\\/strangercam.com\\\/\"},{\"@type\":\"ListItem\",\"position\":2,\"name\":\"iMeetzu\"}]},{\"@type\":\"WebSite\",\"@id\":\"https:\\\/\\\/strangercam.com\\\/#website\",\"url\":\"https:\\\/\\\/strangercam.com\\\/\",\"name\":\"Strangercam\",\"description\":\"Random Video Chat with Strangers\",\"publisher\":{\"@id\":\"https:\\\/\\\/strangercam.com\\\/#organization\"},\"alternateName\":\"Strangercam.com\",\"potentialAction\":[{\"@type\":\"SearchAction\",\"target\":{\"@type\":\"EntryPoint\",\"urlTemplate\":\"https:\\\/\\\/strangercam.com\\\/?s={search_term_string}\"},\"query-input\":{\"@type\":\"PropertyValueSpecification\",\"valueRequired\":true,\"valueName\":\"search_term_string\"}}],\"inLanguage\":\"de\"},{\"@type\":\"Organization\",\"@id\":\"https:\\\/\\\/strangercam.com\\\/#organization\",\"name\":\"Strangercam\",\"alternateName\":\"Strangercam.com\",\"url\":\"https:\\\/\\\/strangercam.com\\\/\",\"logo\":{\"@type\":\"ImageObject\",\"inLanguage\":\"de\",\"@id\":\"https:\\\/\\\/strangercam.com\\\/#\\\/schema\\\/logo\\\/image\\\/\",\"url\":\"https:\\\/\\\/strangercam.com\\\/wp-content\\\/uploads\\\/2020\\\/11\\\/cropped-new-favicon-black.png\",\"contentUrl\":\"https:\\\/\\\/strangercam.com\\\/wp-content\\\/uploads\\\/2020\\\/11\\\/cropped-new-favicon-black.png\",\"width\":512,\"height\":512,\"caption\":\"Strangercam\"},\"image\":{\"@id\":\"https:\\\/\\\/strangercam.com\\\/#\\\/schema\\\/logo\\\/image\\\/\"},\"sameAs\":[\"https:\\\/\\\/www.facebook.com\\\/strangercam\",\"https:\\\/\\\/x.com\\\/strangercamapp\"]}]}<\/script>\n<!-- \/ Yoast SEO plugin. -->","yoast_head_json":{"title":"iMeetzu - Beliebteste Video-Chats - Cam bei StrangerCam.com","description":"Gef\u00e4llt dir iMeetzu? Komm und chatte mit mehr als 5.000.000 Fremden auf Stranger Cam kostenlos! Schalte deine Kamera ein und finde neue Freunde und vielleicht einen Partner!","robots":{"index":"index","follow":"follow","max-snippet":"max-snippet:-1","max-image-preview":"max-image-preview:large","max-video-preview":"max-video-preview:-1"},"canonical":"https:\/\/strangercam.com\/de\/imeetzu\/","og_locale":"de_DE","og_type":"article","og_title":"iMeetzu - Most Popular Video Chats - Cam on StrangerCam.com","og_description":"Like iMeetzu? Come chat with more than 5.000.000 strangers on Stranger Cam for Free! Turn on your cam and find new friends & maby a match!","og_url":"https:\/\/strangercam.com\/de\/imeetzu\/","og_site_name":"Strangercam","article_publisher":"https:\/\/www.facebook.com\/strangercam","article_modified_time":"2023-08-21T10:24:41+00:00","og_image":[{"width":800,"height":800,"url":"https:\/\/strangercam.com\/wp-content\/uploads\/2020\/11\/stranger-cam-1.png","type":"image\/png"}],"twitter_card":"summary_large_image","twitter_site":"@strangercamapp","twitter_misc":{"Gesch\u00e4tzte Lesezeit":"2\u00a0Minuten"},"schema":{"@context":"https:\/\/schema.org","@graph":[{"@type":"WebPage","@id":"https:\/\/strangercam.com\/imeetzu\/","url":"https:\/\/strangercam.com\/imeetzu\/","name":"iMeetzu - Beliebteste Video-Chats - Cam bei StrangerCam.com","isPartOf":{"@id":"https:\/\/strangercam.com\/#website"},"primaryImageOfPage":{"@id":"https:\/\/strangercam.com\/imeetzu\/#primaryimage"},"image":{"@id":"https:\/\/strangercam.com\/imeetzu\/#primaryimage"},"thumbnailUrl":"https:\/\/strangercam.com\/wp-content\/uploads\/2020\/11\/stranger-cam-1.png","datePublished":"2021-05-09T19:39:15+00:00","dateModified":"2023-08-21T10:24:41+00:00","description":"Gef\u00e4llt dir iMeetzu? Komm und chatte mit mehr als 5.000.000 Fremden auf Stranger Cam kostenlos! Schalte deine Kamera ein und finde neue Freunde und vielleicht einen Partner!","breadcrumb":{"@id":"https:\/\/strangercam.com\/imeetzu\/#breadcrumb"},"inLanguage":"de","potentialAction":[{"@type":"ReadAction","target":["https:\/\/strangercam.com\/imeetzu\/"]}]},{"@type":"ImageObject","inLanguage":"de","@id":"https:\/\/strangercam.com\/imeetzu\/#primaryimage","url":"https:\/\/strangercam.com\/wp-content\/uploads\/2020\/11\/stranger-cam-1.png","contentUrl":"https:\/\/strangercam.com\/wp-content\/uploads\/2020\/11\/stranger-cam-1.png","width":800,"height":800,"caption":"stranger cam random video chat"},{"@type":"BreadcrumbList","@id":"https:\/\/strangercam.com\/imeetzu\/#breadcrumb","itemListElement":[{"@type":"ListItem","position":1,"name":"Home","item":"https:\/\/strangercam.com\/"},{"@type":"ListItem","position":2,"name":"iMeetzu"}]},{"@type":"WebSite","@id":"https:\/\/strangercam.com\/#website","url":"https:\/\/strangercam.com\/","name":"Strangercam","description":"Zuf\u00e4lliger Video-Chat mit Fremden","publisher":{"@id":"https:\/\/strangercam.com\/#organization"},"alternateName":"Strangercam.com","potentialAction":[{"@type":"SearchAction","target":{"@type":"EntryPoint","urlTemplate":"https:\/\/strangercam.com\/?s={search_term_string}"},"query-input":{"@type":"PropertyValueSpecification","valueRequired":true,"valueName":"search_term_string"}}],"inLanguage":"de"},{"@type":"Organization","@id":"https:\/\/strangercam.com\/#organization","name":"Strangercam","alternateName":"Strangercam.com","url":"https:\/\/strangercam.com\/","logo":{"@type":"ImageObject","inLanguage":"de","@id":"https:\/\/strangercam.com\/#\/schema\/logo\/image\/","url":"https:\/\/strangercam.com\/wp-content\/uploads\/2020\/11\/cropped-new-favicon-black.png","contentUrl":"https:\/\/strangercam.com\/wp-content\/uploads\/2020\/11\/cropped-new-favicon-black.png","width":512,"height":512,"caption":"Strangercam"},"image":{"@id":"https:\/\/strangercam.com\/#\/schema\/logo\/image\/"},"sameAs":["https:\/\/www.facebook.com\/strangercam","https:\/\/x.com\/strangercamapp"]}]}},"_links":{"self":[{"href":"https:\/\/strangercam.com\/de\/wp-json\/wp\/v2\/pages\/3266","targetHints":{"allow":["GET"]}}],"collection":[{"href":"https:\/\/strangercam.com\/de\/wp-json\/wp\/v2\/pages"}],"about":[{"href":"https:\/\/strangercam.com\/de\/wp-json\/wp\/v2\/types\/page"}],"author":[{"embeddable":true,"href":"https:\/\/strangercam.com\/de\/wp-json\/wp\/v2\/users\/6"}],"replies":[{"embeddable":true,"href":"https:\/\/strangercam.com\/de\/wp-json\/wp\/v2\/comments?post=3266"}],"version-history":[{"count":0,"href":"https:\/\/strangercam.com\/de\/wp-json\/wp\/v2\/pages\/3266\/revisions"}],"wp:featuredmedia":[{"embeddable":true,"href":"https:\/\/strangercam.com\/de\/wp-json\/wp\/v2\/media\/559"}],"wp:attachment":[{"href":"https:\/\/strangercam.com\/de\/wp-json\/wp\/v2\/media?parent=3266"}],"curies":[{"name":"wp","href":"https:\/\/api.w.org\/{rel}","templated":true}]}}