{"id":3215,"date":"2021-05-09T21:26:42","date_gmt":"2021-05-09T19:26:42","guid":{"rendered":"https:\/\/strangercam.com\/?page_id=3215"},"modified":"2023-08-21T12:24:41","modified_gmt":"2023-08-21T10:24:41","slug":"chatville","status":"publish","type":"page","link":"https:\/\/strangercam.com\/de\/chatville\/","title":{"rendered":"Chatville"},"content":{"rendered":"<p>Eine Dating-Website erm\u00f6glicht es den Nutzern nicht nur, Freunde zu finden, sondern hilft auch, Fernbeziehungen mit anderen aufzubauen. Chatville ist eine Webcam-Anwendung, die f\u00fcr diejenigen gedacht ist, die <a href=\"https:\/\/strangercam.com\/de\/coomeet\/\">treffen<\/a> interessante Personen in verschiedenen Teilen der Welt mit Leichtigkeit zu finden. Die Website bietet die M\u00f6glichkeit, neue Freunde aus verschiedenen Bereichen des Lebens mit den neuesten Funktionen zu machen. Es l\u00e4sst die Menschen auch die besten Lebensbegleiter oder Partner auf der Grundlage ihrer Entscheidungen finden. Diejenigen, die schnell mit anderen in Verbindung treten wollen, k\u00f6nnen die Website ausw\u00e4hlen, die ihnen hilft, Liebe, Romantik und Freundschaft aufzubauen.<\/p>\n<h2>Wie verwendet man Chatville?<\/h2>\n<p>Neue Mitglieder, die Chatville nutzen m\u00f6chten, sollten die Website besuchen und so schnell wie m\u00f6glich ein Konto erstellen. Sie k\u00f6nnen sogar ihre Profile anpassen und Details \u00fcber sich selbst hinzuf\u00fcgen, um auf andere zu wirken. Die Webplattform erm\u00f6glicht es den Nutzern, Freunde aus ihrer Kontaktliste oder aus den sozialen Medien einzuladen, um auf einfache Weise Gleichgesinnte zu finden. Die Nutzer k\u00f6nnen eine Unterhaltung mit anderen beginnen, nachdem sie ein <a href=\"https:\/\/strangercam.com\/de\/chatroulette\/\">Chat<\/a> Raum. Au\u00dferdem k\u00f6nnen sie <a href=\"https:\/\/strangercam.com\/de\/rabbit-video-chat\/\">Video<\/a> Anrufe mit anderen, um ihre Ideen und andere Dinge entsprechend zu teilen. Eine andere Sache \u00fcber die Website ist, dass es M\u00f6glichkeiten gibt, Freunde in einem Ort leicht zu treffen, nachdem man sie identifiziert hat.<\/p>\n<h3>Was sind die Merkmale von Chatville?<\/h3>\n<p>Die Dating-Website bietet einzigartige Funktionen f\u00fcr die Nutzer, die es ihnen erm\u00f6glichen, eine bessere Erfahrung beim Chatten zu machen. Einige von ihnen umfassen weltweiten Zugang, <a href=\"https:\/\/strangercam.com\/de\/chat4free\/\">kostenlos<\/a> Registrierung, Sicherheit, Privatsph\u00e4re, Emojis, Textnachrichten und so weiter. Es hat verschiedene Chatr\u00e4ume, in denen man mit zahlreichen hei\u00dfen Jungs chatten kann und <a href=\"https:\/\/strangercam.com\/de\/video-chat-with-girls\/\">M\u00e4dchen<\/a>. Au\u00dferdem k\u00f6nnen die Nutzer Token auf der Website selbst kaufen, um Mitglied zu werden. Wer VIP-Mitglied werden m\u00f6chte, sollte mindestens 270 Token kaufen. Neue Benutzer k\u00f6nnen jeden Raum frei betreten, aber sie sollten die Einschr\u00e4nkungen kennen, bevor sie einen Mitglieder-Chatraum besuchen.<\/p>\n<h3>Ist Chatville sicher?<\/h3>\n<p>Die Sicherheit ist das wichtigste Merkmal, das bei der Auswahl einer Dating-Website zu ber\u00fccksichtigen ist. Chatville bietet den Nutzern einen hohen Schutz, wenn sie mit anderen in Kontakt treten wollen. Abgesehen davon k\u00f6nnen sie sich beim Kundendienst melden, wenn sich jemand unh\u00f6flich verh\u00e4lt. Die Website hilft dabei, die Kontrolle \u00fcber die Leute zu behalten, was zu optimalen Ergebnissen f\u00fchrt. Sie verbietet Personen, die mehrere Konten haben, und sorgt so f\u00fcr mehr Sicherheit. Benutzer k\u00f6nnen andere Personen per E-Mail einladen, ihren R\u00e4umen beizutreten. Die auf der Website verf\u00fcgbare Filteroption erm\u00f6glicht es den Benutzern, das Geschlecht oder die Altersgruppe nach ihren W\u00fcnschen auszuw\u00e4hlen.<\/p>","protected":false},"excerpt":{"rendered":"<p>A dating website allows users not only to find friends but also helps to build long-distance relationships with others. Chatville is a webcam application meant for those who want to meet interesting persons in different parts of the world with ease. The website gives ways to make new friends from different walks of life with [&hellip;]<\/p>\n","protected":false},"author":6,"featured_media":559,"parent":0,"menu_order":0,"comment_status":"closed","ping_status":"closed","template":"","meta":{"footnotes":""},"class_list":["post-3215","page","type-page","status-publish","has-post-thumbnail","hentry"],"yoast_head":"<!-- This site is optimized with the Yoast SEO plugin v27.4 - https:\/\/yoast.com\/product\/yoast-seo-wordpress\/ -->\n<title>Chatville - Most Popular Video Chats - Cam on StrangerCam.com<\/title>\n<meta name=\"description\" content=\"Like Chatville? Come chat with more than 5.000.000 strangers on Stranger Cam for Free! Turn on your cam and find new friends &amp; maby a match!\" \/>\n<meta name=\"robots\" content=\"index, follow, max-snippet:-1, max-image-preview:large, max-video-preview:-1\" \/>\n<link rel=\"canonical\" href=\"https:\/\/strangercam.com\/de\/chatville\/\" \/>\n<meta property=\"og:locale\" content=\"de_DE\" \/>\n<meta property=\"og:type\" content=\"article\" \/>\n<meta property=\"og:title\" content=\"Chatville - Most Popular Video Chats - Cam on StrangerCam.com\" \/>\n<meta property=\"og:description\" content=\"Like Chatville? Come chat with more than 5.000.000 strangers on Stranger Cam for Free! Turn on your cam and find new friends &amp; maby a match!\" \/>\n<meta property=\"og:url\" content=\"https:\/\/strangercam.com\/de\/chatville\/\" \/>\n<meta property=\"og:site_name\" content=\"Strangercam\" \/>\n<meta property=\"article:publisher\" content=\"https:\/\/www.facebook.com\/strangercam\" \/>\n<meta property=\"article:modified_time\" content=\"2023-08-21T10:24:41+00:00\" \/>\n<meta property=\"og:image\" content=\"https:\/\/strangercam.com\/wp-content\/uploads\/2020\/11\/stranger-cam-1.png\" \/>\n\t<meta property=\"og:image:width\" content=\"800\" \/>\n\t<meta property=\"og:image:height\" content=\"800\" \/>\n\t<meta property=\"og:image:type\" content=\"image\/png\" \/>\n<meta name=\"twitter:card\" content=\"summary_large_image\" \/>\n<meta name=\"twitter:site\" content=\"@strangercamapp\" \/>\n<meta name=\"twitter:label1\" content=\"Gesch\u00e4tzte Lesezeit\" \/>\n\t<meta name=\"twitter:data1\" content=\"2\u00a0Minuten\" \/>\n<script type=\"application\/ld+json\" class=\"yoast-schema-graph\">{\"@context\":\"https:\\\/\\\/schema.org\",\"@graph\":[{\"@type\":\"WebPage\",\"@id\":\"https:\\\/\\\/strangercam.com\\\/chatville\\\/\",\"url\":\"https:\\\/\\\/strangercam.com\\\/chatville\\\/\",\"name\":\"Chatville - Most Popular Video Chats - Cam on StrangerCam.com\",\"isPartOf\":{\"@id\":\"https:\\\/\\\/strangercam.com\\\/#website\"},\"primaryImageOfPage\":{\"@id\":\"https:\\\/\\\/strangercam.com\\\/chatville\\\/#primaryimage\"},\"image\":{\"@id\":\"https:\\\/\\\/strangercam.com\\\/chatville\\\/#primaryimage\"},\"thumbnailUrl\":\"https:\\\/\\\/strangercam.com\\\/wp-content\\\/uploads\\\/2020\\\/11\\\/stranger-cam-1.png\",\"datePublished\":\"2021-05-09T19:26:42+00:00\",\"dateModified\":\"2023-08-21T10:24:41+00:00\",\"description\":\"Like Chatville? Come chat with more than 5.000.000 strangers on Stranger Cam for Free! Turn on your cam and find new friends & maby a match!\",\"breadcrumb\":{\"@id\":\"https:\\\/\\\/strangercam.com\\\/chatville\\\/#breadcrumb\"},\"inLanguage\":\"de\",\"potentialAction\":[{\"@type\":\"ReadAction\",\"target\":[\"https:\\\/\\\/strangercam.com\\\/chatville\\\/\"]}]},{\"@type\":\"ImageObject\",\"inLanguage\":\"de\",\"@id\":\"https:\\\/\\\/strangercam.com\\\/chatville\\\/#primaryimage\",\"url\":\"https:\\\/\\\/strangercam.com\\\/wp-content\\\/uploads\\\/2020\\\/11\\\/stranger-cam-1.png\",\"contentUrl\":\"https:\\\/\\\/strangercam.com\\\/wp-content\\\/uploads\\\/2020\\\/11\\\/stranger-cam-1.png\",\"width\":800,\"height\":800,\"caption\":\"stranger cam random video chat\"},{\"@type\":\"BreadcrumbList\",\"@id\":\"https:\\\/\\\/strangercam.com\\\/chatville\\\/#breadcrumb\",\"itemListElement\":[{\"@type\":\"ListItem\",\"position\":1,\"name\":\"Home\",\"item\":\"https:\\\/\\\/strangercam.com\\\/\"},{\"@type\":\"ListItem\",\"position\":2,\"name\":\"Chatville\"}]},{\"@type\":\"WebSite\",\"@id\":\"https:\\\/\\\/strangercam.com\\\/#website\",\"url\":\"https:\\\/\\\/strangercam.com\\\/\",\"name\":\"Strangercam\",\"description\":\"Random Video Chat with Strangers\",\"publisher\":{\"@id\":\"https:\\\/\\\/strangercam.com\\\/#organization\"},\"alternateName\":\"Strangercam.com\",\"potentialAction\":[{\"@type\":\"SearchAction\",\"target\":{\"@type\":\"EntryPoint\",\"urlTemplate\":\"https:\\\/\\\/strangercam.com\\\/?s={search_term_string}\"},\"query-input\":{\"@type\":\"PropertyValueSpecification\",\"valueRequired\":true,\"valueName\":\"search_term_string\"}}],\"inLanguage\":\"de\"},{\"@type\":\"Organization\",\"@id\":\"https:\\\/\\\/strangercam.com\\\/#organization\",\"name\":\"Strangercam\",\"alternateName\":\"Strangercam.com\",\"url\":\"https:\\\/\\\/strangercam.com\\\/\",\"logo\":{\"@type\":\"ImageObject\",\"inLanguage\":\"de\",\"@id\":\"https:\\\/\\\/strangercam.com\\\/#\\\/schema\\\/logo\\\/image\\\/\",\"url\":\"https:\\\/\\\/strangercam.com\\\/wp-content\\\/uploads\\\/2020\\\/11\\\/cropped-new-favicon-black.png\",\"contentUrl\":\"https:\\\/\\\/strangercam.com\\\/wp-content\\\/uploads\\\/2020\\\/11\\\/cropped-new-favicon-black.png\",\"width\":512,\"height\":512,\"caption\":\"Strangercam\"},\"image\":{\"@id\":\"https:\\\/\\\/strangercam.com\\\/#\\\/schema\\\/logo\\\/image\\\/\"},\"sameAs\":[\"https:\\\/\\\/www.facebook.com\\\/strangercam\",\"https:\\\/\\\/x.com\\\/strangercamapp\"]}]}<\/script>\n<!-- \/ Yoast SEO plugin. -->","yoast_head_json":{"title":"Chatville - Beliebteste Video Chats - Cam bei StrangerCam.com","description":"Gef\u00e4llt dir Chatville? Komm und chatte mit mehr als 5.000.000 Fremden auf Stranger Cam kostenlos! Schalte deine Kamera ein und finde neue Freunde und vielleicht einen Partner!","robots":{"index":"index","follow":"follow","max-snippet":"max-snippet:-1","max-image-preview":"max-image-preview:large","max-video-preview":"max-video-preview:-1"},"canonical":"https:\/\/strangercam.com\/de\/chatville\/","og_locale":"de_DE","og_type":"article","og_title":"Chatville - Most Popular Video Chats - Cam on StrangerCam.com","og_description":"Like Chatville? Come chat with more than 5.000.000 strangers on Stranger Cam for Free! Turn on your cam and find new friends & maby a match!","og_url":"https:\/\/strangercam.com\/de\/chatville\/","og_site_name":"Strangercam","article_publisher":"https:\/\/www.facebook.com\/strangercam","article_modified_time":"2023-08-21T10:24:41+00:00","og_image":[{"width":800,"height":800,"url":"https:\/\/strangercam.com\/wp-content\/uploads\/2020\/11\/stranger-cam-1.png","type":"image\/png"}],"twitter_card":"summary_large_image","twitter_site":"@strangercamapp","twitter_misc":{"Gesch\u00e4tzte Lesezeit":"2\u00a0Minuten"},"schema":{"@context":"https:\/\/schema.org","@graph":[{"@type":"WebPage","@id":"https:\/\/strangercam.com\/chatville\/","url":"https:\/\/strangercam.com\/chatville\/","name":"Chatville - Beliebteste Video Chats - Cam bei StrangerCam.com","isPartOf":{"@id":"https:\/\/strangercam.com\/#website"},"primaryImageOfPage":{"@id":"https:\/\/strangercam.com\/chatville\/#primaryimage"},"image":{"@id":"https:\/\/strangercam.com\/chatville\/#primaryimage"},"thumbnailUrl":"https:\/\/strangercam.com\/wp-content\/uploads\/2020\/11\/stranger-cam-1.png","datePublished":"2021-05-09T19:26:42+00:00","dateModified":"2023-08-21T10:24:41+00:00","description":"Gef\u00e4llt dir Chatville? Komm und chatte mit mehr als 5.000.000 Fremden auf Stranger Cam kostenlos! Schalte deine Kamera ein und finde neue Freunde und vielleicht einen Partner!","breadcrumb":{"@id":"https:\/\/strangercam.com\/chatville\/#breadcrumb"},"inLanguage":"de","potentialAction":[{"@type":"ReadAction","target":["https:\/\/strangercam.com\/chatville\/"]}]},{"@type":"ImageObject","inLanguage":"de","@id":"https:\/\/strangercam.com\/chatville\/#primaryimage","url":"https:\/\/strangercam.com\/wp-content\/uploads\/2020\/11\/stranger-cam-1.png","contentUrl":"https:\/\/strangercam.com\/wp-content\/uploads\/2020\/11\/stranger-cam-1.png","width":800,"height":800,"caption":"stranger cam random video chat"},{"@type":"BreadcrumbList","@id":"https:\/\/strangercam.com\/chatville\/#breadcrumb","itemListElement":[{"@type":"ListItem","position":1,"name":"Home","item":"https:\/\/strangercam.com\/"},{"@type":"ListItem","position":2,"name":"Chatville"}]},{"@type":"WebSite","@id":"https:\/\/strangercam.com\/#website","url":"https:\/\/strangercam.com\/","name":"Strangercam","description":"Zuf\u00e4lliger Video-Chat mit Fremden","publisher":{"@id":"https:\/\/strangercam.com\/#organization"},"alternateName":"Strangercam.com","potentialAction":[{"@type":"SearchAction","target":{"@type":"EntryPoint","urlTemplate":"https:\/\/strangercam.com\/?s={search_term_string}"},"query-input":{"@type":"PropertyValueSpecification","valueRequired":true,"valueName":"search_term_string"}}],"inLanguage":"de"},{"@type":"Organization","@id":"https:\/\/strangercam.com\/#organization","name":"Strangercam","alternateName":"Strangercam.com","url":"https:\/\/strangercam.com\/","logo":{"@type":"ImageObject","inLanguage":"de","@id":"https:\/\/strangercam.com\/#\/schema\/logo\/image\/","url":"https:\/\/strangercam.com\/wp-content\/uploads\/2020\/11\/cropped-new-favicon-black.png","contentUrl":"https:\/\/strangercam.com\/wp-content\/uploads\/2020\/11\/cropped-new-favicon-black.png","width":512,"height":512,"caption":"Strangercam"},"image":{"@id":"https:\/\/strangercam.com\/#\/schema\/logo\/image\/"},"sameAs":["https:\/\/www.facebook.com\/strangercam","https:\/\/x.com\/strangercamapp"]}]}},"_links":{"self":[{"href":"https:\/\/strangercam.com\/de\/wp-json\/wp\/v2\/pages\/3215","targetHints":{"allow":["GET"]}}],"collection":[{"href":"https:\/\/strangercam.com\/de\/wp-json\/wp\/v2\/pages"}],"about":[{"href":"https:\/\/strangercam.com\/de\/wp-json\/wp\/v2\/types\/page"}],"author":[{"embeddable":true,"href":"https:\/\/strangercam.com\/de\/wp-json\/wp\/v2\/users\/6"}],"replies":[{"embeddable":true,"href":"https:\/\/strangercam.com\/de\/wp-json\/wp\/v2\/comments?post=3215"}],"version-history":[{"count":0,"href":"https:\/\/strangercam.com\/de\/wp-json\/wp\/v2\/pages\/3215\/revisions"}],"wp:featuredmedia":[{"embeddable":true,"href":"https:\/\/strangercam.com\/de\/wp-json\/wp\/v2\/media\/559"}],"wp:attachment":[{"href":"https:\/\/strangercam.com\/de\/wp-json\/wp\/v2\/media?parent=3215"}],"curies":[{"name":"wp","href":"https:\/\/api.w.org\/{rel}","templated":true}]}}