{"id":3197,"date":"2021-05-09T21:20:36","date_gmt":"2021-05-09T19:20:36","guid":{"rendered":"https:\/\/strangercam.com\/?page_id=3197"},"modified":"2023-08-21T12:24:41","modified_gmt":"2023-08-21T10:24:41","slug":"chatous","status":"publish","type":"page","link":"https:\/\/strangercam.com\/de\/chatous\/","title":{"rendered":"Chatous"},"content":{"rendered":"<p>Eine Dating-Website ist ein geeigneter Ort f\u00fcr diejenigen, die <a href=\"https:\/\/strangercam.com\/de\/coomeet\/\">treffen<\/a> ihre Traumpartner, wenn es um Fernbeziehungen geht. Gleichzeitig sind nicht alle Dating-Websites gleich und erfordern mehr Aufmerksamkeit. Die Wahl der richtigen Dating-Website erm\u00f6glicht es den Nutzern, neue Freunde und Gef\u00e4hrten aus verschiedenen Lebensbereichen zu finden.<\/p>\n<p>Es liegt in der Natur des Menschen, mit Fremden zu sprechen und Erfahrungen auszutauschen. Das kann man nicht \u00fcber einen l\u00e4ngeren Zeitraum verbergen. Irgendwann muss man in diese Richtung gehen. In dieser digitalisierten Welt ist er zug\u00e4nglicher als je zuvor. Chatous bietet ein leistungsstarkes System in Kombination mit KI, das Ihnen hilft, Ihren Traum vom Gespr\u00e4ch mit Fremden zu erf\u00fcllen.<\/p>\n<p>Chatous Dating-Website bietet hervorragende Eigenschaften f\u00fcr Jungen,\u00a0<a href=\"https:\/\/strangercam.com\/de\/video-chat-mit-maedchen\/\">M\u00e4dchen<\/a>M\u00e4nner und Frauen, um schnell Menschen zu finden, die auf der Suche nach Freundschaft, Spa\u00df oder Liebe sind. Die Website bietet M\u00f6glichkeiten, mit anderen zu interagieren, um ihre Interessen und andere Details zu erfahren.<\/p>\n<h2>Privatsph\u00e4re und Kontrolle<\/h2>\n<p>Das Hauptanliegen der Nutzer, die eine Online-Chat-Plattform f\u00fcr Online-Chats nutzen wollen, ist der Datenschutz und die Sicherheit. Sie machen sich Sorgen, enttarnt zu werden. Niemand m\u00f6chte sich auf etwas einlassen, ohne zu wissen, dass er hier sicher ist.<\/p>\n<p>Chatous-Dating-Websites bieten dauerhafte L\u00f6sungen f\u00fcr dieses Anliegen der Nutzer. Sie verf\u00fcgen \u00fcber ein starkes Datenschutz- und Kontrollsystem. Sie k\u00f6nnen w\u00e4hlen, mit wem Sie sprechen wollen und wen Sie ignorieren wollen. Wenn eine Person sich sexuell eindeutig verh\u00e4lt und Ihnen ihre Handlungen nicht gefallen, k\u00f6nnen Sie diese Person direkt den Beh\u00f6rden melden. Diese werden dann die notwendigen Ma\u00dfnahmen gegen die Person ergreifen.<\/p>\n<p>Chatous ist nicht sehr streng, wenn es um die Erfassung von Besucherdaten geht. In den Datenschutzrichtlinien wird deutlich erw\u00e4hnt, dass \"Sie durch die Nutzung von Chatous ausdr\u00fccklich den in diesen Datenschutzrichtlinien beschriebenen Praktiken zur Datenverarbeitung zustimmen.\" Die Datenschutz- und Datenweitergabepolitik von Chatous weist einige L\u00fccken auf. Auf der Website hei\u00dft es: \"Es gibt jedoch bestimmte Umst\u00e4nde, unter denen wir Ihre Daten an bestimmte Dritte weitergeben k\u00f6nnen, ohne Sie dar\u00fcber zu informieren.\"<\/p>\n<h2>Anmeldung und Nutzung<\/h2>\n<p>Chatous bietet ein einfaches Anmeldeverfahren. Sie m\u00fcssen zuerst ein Konto erstellen. Um mit dem Chatten zu beginnen, m\u00fcssen Sie sich in Ihr Konto einloggen. Sie m\u00fcssen einen Benutzernamen und dann ein Passwort w\u00e4hlen, um die Sicherheit Ihres Kontos zu gew\u00e4hrleisten.<\/p>\n<p>Sie k\u00f6nnen die Funktionen direkt nach dem Einloggen nutzen. Die Website bietet Ihnen die M\u00f6glichkeit, zwischen verschiedenen Geschlechtern zu w\u00e4hlen. Sie k\u00f6nnen entweder das m\u00e4nnliche oder das weibliche Geschlecht w\u00e4hlen, je nach Ihrem Geschmack. Sie m\u00fcssen Ihr Alter angeben. Das Alter wird abgefragt, damit der Nutzer, der am anderen Ende sitzt, Ihr Alter sehen und entsprechend entscheiden kann.<\/p>\n<h2>Neue Freunde finden<\/h2>\n<p>Es macht immer Spa\u00df, neue Freunde zu finden. \u00dcber die Website k\u00f6nnen Sie mit Fremden auf der ganzen Welt sprechen. Wenn Sie wissen m\u00f6chten, was in anderen L\u00e4ndern passiert und welche Kulturen andere Menschen verehren und genie\u00dfen, sollten Sie die Website nutzen, um mit Menschen zu sprechen.<\/p>\n<p>Die Website wird Sie anhand der angegebenen Informationen an die am besten geeignete Person verweisen. Sie k\u00f6nnen dann mit dieser Person sprechen oder zur n\u00e4chsten weitergehen, wenn Ihnen die erste nicht gef\u00e4llt.<\/p>\n<h2>Gruppe oder zuf\u00e4llig<\/h2>\n<p>Sie k\u00f6nnen auch w\u00e4hlen <a href=\"https:\/\/strangercam.com\/de\/chatroulette\/\">Chat<\/a> in Gruppen oder lassen Sie das KI-System der Website nach dem Zufallsprinzip eine Person f\u00fcr Sie ausw\u00e4hlen. Beides macht Spa\u00df und erh\u00f6ht die Chancen auf potenzielle \u00dcbereinstimmungen.<\/p>\n<p>Wenn Sie extrovertiert sind und gerne unter Menschen sind, ist ein Gruppenchat genau das Richtige f\u00fcr Sie. Bei der Zufallsauswahl geht es mehr um Spa\u00df und \u00dcberraschung.<br \/>\nWas sind die Merkmale der Dating-Website Chatous?<\/p>\n<p>Die Dating-Website bietet den Nutzern einzigartige Funktionen und zeigt Wege auf, um Gleichgesinnte zu finden, die allt\u00e4gliche Dinge teilen. Ein Matchmaking-System bietet Methoden, um mit zuf\u00e4lligen Personen oder neuen Bekannten zu chatten. Dar\u00fcber hinaus erm\u00f6glicht die Website ihren Mitgliedern, mit Hilfe einer Webcam hochwertige Bilder an einen Chatpartner zu senden. Eine weitere Besonderheit der Website ist die M\u00f6glichkeit, die Profile nach Ort, Alter, Geschlecht und anderen Merkmalen zu filtern. Die Benutzer k\u00f6nnen sogar einen Hashtag ausw\u00e4hlen, um ein Thema mit anderen zu diskutieren, das zum Aufbau von Beziehungen beitr\u00e4gt.<\/p>\n<h2>Zus\u00e4tzliche Einrichtungen auf der Website zur Partnersuche Chatous<\/h2>\n<p>Neue Mitglieder k\u00f6nnen eine\u00a0<a href=\"https:\/\/strangercam.com\/de\/chathub\/\">zuf\u00e4lliger Video-Chat<\/a> Funktion mit Mikrofon und Kamera. Die Website erm\u00f6glicht es den Nutzern auch, Textnachrichten an andere zu senden, nachdem sie diese in die engere Auswahl genommen haben. Die Text-Chat-Funktion erm\u00f6glicht es, kurze Videos, Bilder und Sprachnachrichten an andere zu senden. Die Website verf\u00fcgt \u00fcber eine innovative, benutzerfreundliche Oberfl\u00e4che, die es den Nutzern erm\u00f6glicht, sie auf Desktops und anderen Ger\u00e4ten problemlos zu bedienen. Dar\u00fcber hinaus erhalten die Mitglieder nach der Erstellung eines Kontos in einfachen Schritten Echtzeit-Benachrichtigungen. Die Website bietet den Nutzern eine gesch\u00fctzte Identit\u00e4t und Anonymit\u00e4t, um unerw\u00fcnschte Probleme zu minimieren.<\/p>\n<h2>Was sind die Nachteile der Dating-Website Chatous?<\/h2>\n<p>Obwohl Chatous Dating-Websites bieten Nutzern mehrere Vorteile, sollten sie auch die Nachteile im Detail kennen. Es gibt mehrere weibliche Bots auf der App, die die Nutzer zu einigen <a href=\"https:\/\/strangercam.com\/de\/rabbit-video-chat\/\">Video-Chat<\/a> Plattformen oder Websites. Au\u00dferdem sollten die Nutzer mehr Wert auf Sicherheit legen, wenn sie die Website auf Desktops und mobilen Ger\u00e4ten nutzen. Neue Mitglieder sollten Bewertungen lesen, bevor sie ein Konto erstellen. Die Hashtag-Funktion hat ein paar M\u00e4ngel, und die Nutzer m\u00fcssen sich dieser bewusst sein, wenn sie mit anderen chatten wollen. Man kann die Website ausw\u00e4hlen, um mehr Themen mit kompatiblen Menschen zu diskutieren, die Bindungen und Beziehungen aufbauen.<\/p>","protected":false},"excerpt":{"rendered":"<p>A dating website is a suitable place for those who want to meet their dream persons when it comes to long-distance relationships. At the same time, not all dating websites are the same that require more attention. Choosing the right dating website allows users to make new friends and companions from several streams of life. [&hellip;]<\/p>\n","protected":false},"author":6,"featured_media":559,"parent":0,"menu_order":0,"comment_status":"closed","ping_status":"closed","template":"","meta":{"footnotes":""},"class_list":["post-3197","page","type-page","status-publish","has-post-thumbnail","hentry"],"yoast_head":"<!-- This site is optimized with the Yoast SEO plugin v26.9 - https:\/\/yoast.com\/product\/yoast-seo-wordpress\/ -->\n<title>Chatous - Most Popular Video Chats - Cam on StrangerCam.com<\/title>\n<meta name=\"description\" content=\"Like Chatous? Come chat with more than 5.000.000 strangers on Stranger Cam for Free! Turn on your cam and find new friends &amp; maby a match!\" \/>\n<meta name=\"robots\" content=\"index, follow, max-snippet:-1, max-image-preview:large, max-video-preview:-1\" \/>\n<link rel=\"canonical\" href=\"https:\/\/strangercam.com\/de\/chatous\/\" \/>\n<meta property=\"og:locale\" content=\"de_DE\" \/>\n<meta property=\"og:type\" content=\"article\" \/>\n<meta property=\"og:title\" content=\"Chatous - Most Popular Video Chats - Cam on StrangerCam.com\" \/>\n<meta property=\"og:description\" content=\"Like Chatous? Come chat with more than 5.000.000 strangers on Stranger Cam for Free! Turn on your cam and find new friends &amp; maby a match!\" \/>\n<meta property=\"og:url\" content=\"https:\/\/strangercam.com\/de\/chatous\/\" \/>\n<meta property=\"og:site_name\" content=\"Strangercam\" \/>\n<meta property=\"article:publisher\" content=\"https:\/\/www.facebook.com\/strangercam\" \/>\n<meta property=\"article:modified_time\" content=\"2023-08-21T10:24:41+00:00\" \/>\n<meta property=\"og:image\" content=\"https:\/\/strangercam.com\/wp-content\/uploads\/2020\/11\/stranger-cam-1.png\" \/>\n\t<meta property=\"og:image:width\" content=\"800\" \/>\n\t<meta property=\"og:image:height\" content=\"800\" \/>\n\t<meta property=\"og:image:type\" content=\"image\/png\" \/>\n<meta name=\"twitter:card\" content=\"summary_large_image\" \/>\n<meta name=\"twitter:site\" content=\"@strangercamapp\" \/>\n<meta name=\"twitter:label1\" content=\"Gesch\u00e4tzte Lesezeit\" \/>\n\t<meta name=\"twitter:data1\" content=\"4\u00a0Minuten\" \/>\n<script type=\"application\/ld+json\" class=\"yoast-schema-graph\">{\"@context\":\"https:\/\/schema.org\",\"@graph\":[{\"@type\":\"WebPage\",\"@id\":\"https:\/\/strangercam.com\/chatous\/\",\"url\":\"https:\/\/strangercam.com\/chatous\/\",\"name\":\"Chatous - Most Popular Video Chats - Cam on StrangerCam.com\",\"isPartOf\":{\"@id\":\"https:\/\/strangercam.com\/#website\"},\"primaryImageOfPage\":{\"@id\":\"https:\/\/strangercam.com\/chatous\/#primaryimage\"},\"image\":{\"@id\":\"https:\/\/strangercam.com\/chatous\/#primaryimage\"},\"thumbnailUrl\":\"https:\/\/strangercam.com\/wp-content\/uploads\/2020\/11\/stranger-cam-1.png\",\"datePublished\":\"2021-05-09T19:20:36+00:00\",\"dateModified\":\"2023-08-21T10:24:41+00:00\",\"description\":\"Like Chatous? Come chat with more than 5.000.000 strangers on Stranger Cam for Free! Turn on your cam and find new friends & maby a match!\",\"breadcrumb\":{\"@id\":\"https:\/\/strangercam.com\/chatous\/#breadcrumb\"},\"inLanguage\":\"de\",\"potentialAction\":[{\"@type\":\"ReadAction\",\"target\":[\"https:\/\/strangercam.com\/chatous\/\"]}]},{\"@type\":\"ImageObject\",\"inLanguage\":\"de\",\"@id\":\"https:\/\/strangercam.com\/chatous\/#primaryimage\",\"url\":\"https:\/\/strangercam.com\/wp-content\/uploads\/2020\/11\/stranger-cam-1.png\",\"contentUrl\":\"https:\/\/strangercam.com\/wp-content\/uploads\/2020\/11\/stranger-cam-1.png\",\"width\":800,\"height\":800,\"caption\":\"stranger cam random video chat\"},{\"@type\":\"BreadcrumbList\",\"@id\":\"https:\/\/strangercam.com\/chatous\/#breadcrumb\",\"itemListElement\":[{\"@type\":\"ListItem\",\"position\":1,\"name\":\"Home\",\"item\":\"https:\/\/strangercam.com\/\"},{\"@type\":\"ListItem\",\"position\":2,\"name\":\"Chatous\"}]},{\"@type\":\"WebSite\",\"@id\":\"https:\/\/strangercam.com\/#website\",\"url\":\"https:\/\/strangercam.com\/\",\"name\":\"Strangercam\",\"description\":\"Random Video Chat with Strangers\",\"publisher\":{\"@id\":\"https:\/\/strangercam.com\/#organization\"},\"alternateName\":\"Strangercam.com\",\"potentialAction\":[{\"@type\":\"SearchAction\",\"target\":{\"@type\":\"EntryPoint\",\"urlTemplate\":\"https:\/\/strangercam.com\/?s={search_term_string}\"},\"query-input\":{\"@type\":\"PropertyValueSpecification\",\"valueRequired\":true,\"valueName\":\"search_term_string\"}}],\"inLanguage\":\"de\"},{\"@type\":\"Organization\",\"@id\":\"https:\/\/strangercam.com\/#organization\",\"name\":\"Strangercam\",\"alternateName\":\"Strangercam.com\",\"url\":\"https:\/\/strangercam.com\/\",\"logo\":{\"@type\":\"ImageObject\",\"inLanguage\":\"de\",\"@id\":\"https:\/\/strangercam.com\/#\/schema\/logo\/image\/\",\"url\":\"https:\/\/strangercam.com\/wp-content\/uploads\/2020\/11\/cropped-new-favicon-black.png\",\"contentUrl\":\"https:\/\/strangercam.com\/wp-content\/uploads\/2020\/11\/cropped-new-favicon-black.png\",\"width\":512,\"height\":512,\"caption\":\"Strangercam\"},\"image\":{\"@id\":\"https:\/\/strangercam.com\/#\/schema\/logo\/image\/\"},\"sameAs\":[\"https:\/\/www.facebook.com\/strangercam\",\"https:\/\/x.com\/strangercamapp\"]}]}<\/script>\n<!-- \/ Yoast SEO plugin. -->","yoast_head_json":{"title":"Chatous - Beliebteste Video-Chats - Cam bei StrangerCam.com","description":"Gef\u00e4llt dir Chatous? Komm und chatte mit mehr als 5.000.000 Fremden auf Stranger Cam kostenlos! Schalte deine Kamera ein und finde neue Freunde und vielleicht einen Partner!","robots":{"index":"index","follow":"follow","max-snippet":"max-snippet:-1","max-image-preview":"max-image-preview:large","max-video-preview":"max-video-preview:-1"},"canonical":"https:\/\/strangercam.com\/de\/chatous\/","og_locale":"de_DE","og_type":"article","og_title":"Chatous - Most Popular Video Chats - Cam on StrangerCam.com","og_description":"Like Chatous? Come chat with more than 5.000.000 strangers on Stranger Cam for Free! Turn on your cam and find new friends & maby a match!","og_url":"https:\/\/strangercam.com\/de\/chatous\/","og_site_name":"Strangercam","article_publisher":"https:\/\/www.facebook.com\/strangercam","article_modified_time":"2023-08-21T10:24:41+00:00","og_image":[{"width":800,"height":800,"url":"https:\/\/strangercam.com\/wp-content\/uploads\/2020\/11\/stranger-cam-1.png","type":"image\/png"}],"twitter_card":"summary_large_image","twitter_site":"@strangercamapp","twitter_misc":{"Gesch\u00e4tzte Lesezeit":"4\u00a0Minuten"},"schema":{"@context":"https:\/\/schema.org","@graph":[{"@type":"WebPage","@id":"https:\/\/strangercam.com\/chatous\/","url":"https:\/\/strangercam.com\/chatous\/","name":"Chatous - Beliebteste Video-Chats - Cam bei StrangerCam.com","isPartOf":{"@id":"https:\/\/strangercam.com\/#website"},"primaryImageOfPage":{"@id":"https:\/\/strangercam.com\/chatous\/#primaryimage"},"image":{"@id":"https:\/\/strangercam.com\/chatous\/#primaryimage"},"thumbnailUrl":"https:\/\/strangercam.com\/wp-content\/uploads\/2020\/11\/stranger-cam-1.png","datePublished":"2021-05-09T19:20:36+00:00","dateModified":"2023-08-21T10:24:41+00:00","description":"Gef\u00e4llt dir Chatous? Komm und chatte mit mehr als 5.000.000 Fremden auf Stranger Cam kostenlos! Schalte deine Kamera ein und finde neue Freunde und vielleicht einen Partner!","breadcrumb":{"@id":"https:\/\/strangercam.com\/chatous\/#breadcrumb"},"inLanguage":"de","potentialAction":[{"@type":"ReadAction","target":["https:\/\/strangercam.com\/chatous\/"]}]},{"@type":"ImageObject","inLanguage":"de","@id":"https:\/\/strangercam.com\/chatous\/#primaryimage","url":"https:\/\/strangercam.com\/wp-content\/uploads\/2020\/11\/stranger-cam-1.png","contentUrl":"https:\/\/strangercam.com\/wp-content\/uploads\/2020\/11\/stranger-cam-1.png","width":800,"height":800,"caption":"stranger cam random video chat"},{"@type":"BreadcrumbList","@id":"https:\/\/strangercam.com\/chatous\/#breadcrumb","itemListElement":[{"@type":"ListItem","position":1,"name":"Home","item":"https:\/\/strangercam.com\/"},{"@type":"ListItem","position":2,"name":"Chatous"}]},{"@type":"WebSite","@id":"https:\/\/strangercam.com\/#website","url":"https:\/\/strangercam.com\/","name":"Strangercam","description":"Zuf\u00e4lliger Video-Chat mit Fremden","publisher":{"@id":"https:\/\/strangercam.com\/#organization"},"alternateName":"Strangercam.com","potentialAction":[{"@type":"SearchAction","target":{"@type":"EntryPoint","urlTemplate":"https:\/\/strangercam.com\/?s={search_term_string}"},"query-input":{"@type":"PropertyValueSpecification","valueRequired":true,"valueName":"search_term_string"}}],"inLanguage":"de"},{"@type":"Organization","@id":"https:\/\/strangercam.com\/#organization","name":"Strangercam","alternateName":"Strangercam.com","url":"https:\/\/strangercam.com\/","logo":{"@type":"ImageObject","inLanguage":"de","@id":"https:\/\/strangercam.com\/#\/schema\/logo\/image\/","url":"https:\/\/strangercam.com\/wp-content\/uploads\/2020\/11\/cropped-new-favicon-black.png","contentUrl":"https:\/\/strangercam.com\/wp-content\/uploads\/2020\/11\/cropped-new-favicon-black.png","width":512,"height":512,"caption":"Strangercam"},"image":{"@id":"https:\/\/strangercam.com\/#\/schema\/logo\/image\/"},"sameAs":["https:\/\/www.facebook.com\/strangercam","https:\/\/x.com\/strangercamapp"]}]}},"_links":{"self":[{"href":"https:\/\/strangercam.com\/de\/wp-json\/wp\/v2\/pages\/3197","targetHints":{"allow":["GET"]}}],"collection":[{"href":"https:\/\/strangercam.com\/de\/wp-json\/wp\/v2\/pages"}],"about":[{"href":"https:\/\/strangercam.com\/de\/wp-json\/wp\/v2\/types\/page"}],"author":[{"embeddable":true,"href":"https:\/\/strangercam.com\/de\/wp-json\/wp\/v2\/users\/6"}],"replies":[{"embeddable":true,"href":"https:\/\/strangercam.com\/de\/wp-json\/wp\/v2\/comments?post=3197"}],"version-history":[{"count":0,"href":"https:\/\/strangercam.com\/de\/wp-json\/wp\/v2\/pages\/3197\/revisions"}],"wp:featuredmedia":[{"embeddable":true,"href":"https:\/\/strangercam.com\/de\/wp-json\/wp\/v2\/media\/559"}],"wp:attachment":[{"href":"https:\/\/strangercam.com\/de\/wp-json\/wp\/v2\/media?parent=3197"}],"curies":[{"name":"wp","href":"https:\/\/api.w.org\/{rel}","templated":true}]}}