{"id":3171,"date":"2021-05-09T21:14:34","date_gmt":"2021-05-09T19:14:34","guid":{"rendered":"https:\/\/strangercam.com\/?page_id=3171"},"modified":"2023-08-21T11:40:39","modified_gmt":"2023-08-21T09:40:39","slug":"chatblink","status":"publish","type":"page","link":"https:\/\/strangercam.com\/de\/chatblink\/","title":{"rendered":"Chatblink"},"content":{"rendered":"<p>Die meisten Menschen m\u00f6chten heutzutage leicht neue Freunde an einem Ort finden. Infolgedessen werden Dating-Websites in verschiedenen Teilen der Welt immer beliebter, weil sie Methoden bieten, um Liebe und Freundschaft mit anderen zu entwickeln. Allerdings ist es notwendig, sie im Detail zu bewerten, dass die Auswahl der richtigen entsprechend helfen wird. Chatblink Dating-Website ist der richtige Ort f\u00fcr diejenigen, die mit anderen interagieren wollen durch <a href=\"https:\/\/strangercam.com\/de\/chatroulette\/\">Chat<\/a> Zimmer. Es ist ein <a href=\"https:\/\/strangercam.com\/de\/chat4free\/\">kostenlos<\/a> Dating-Website, die es Nutzern erm\u00f6glicht, zu finden und <a href=\"https:\/\/strangercam.com\/de\/coomeet\/\">treffen<\/a> neue Freunde mit Leichtigkeit.<\/p>\n<h2>Was sind die wichtigsten Merkmale der Dating-Website Chatblink?<\/h2>\n<p>Nach der Erstellung eines Kontos finden die Nutzer auf dieser Website eine gro\u00dfe Auswahl an Chatr\u00e4umen. Das Beste daran ist, dass die Nutzer schnell einem Raum beitreten k\u00f6nnen, der ihren Interessen entspricht. Mitglieder k\u00f6nnen sich mit attraktiven M\u00e4nnern und Frauen aus verschiedenen Teilen der Welt verabreden<a href=\"https:\/\/cashpotresulttoday.com\/\">.<\/a> Der Text-Chat ist ein weiteres Top-Angebot der Website, das die M\u00f6glichkeit bietet, mit zuf\u00e4lligen Benutzern online zu chatten. Die Benutzeroberfl\u00e4che der Chatblink-Website ist einfach und erm\u00f6glicht es den Benutzern, so schnell wie m\u00f6glich loszulegen. Au\u00dferdem tr\u00e4gt sie dazu bei, die Daten der Kunden zu sch\u00fctzen, um unerw\u00fcnschte Probleme zu minimieren.<\/p>\n<h3>Wie erstellt man ein Konto auf der Website?<\/h3>\n<p>Neue Benutzer k\u00f6nnen ein Konto auf der Website erstellen, indem sie ihre E-Mail mit Passw\u00f6rtern eingeben. Sie sollten einen Benutzernamen w\u00e4hlen, nachdem sie ihr Geschlecht und Alter angegeben haben. Jeder, der ein Facebook-Konto hat, kann ein <a href=\"https:\/\/strangercam.com\/de\/chatroom2000\/\">Chatroom<\/a> direkt und so schnell wie m\u00f6glich<a href=\"https:\/\/nlcbplaywheresults.com\/\">.<\/a> Es bietet die M\u00f6glichkeit, Sprachkenntnisse und andere Dinge zu verbessern, nachdem man mit anderen interagiert hat. Auf der anderen Seite ist es notwendig, die Anweisungen im Detail zu befolgen, bevor man ein Konto erstellt. Die Website ist die richtige Option f\u00fcr diejenigen, die Einsamkeit und andere Probleme im Leben vermeiden wollen.<\/p>\n<h3>Warum ist das Chatblink die beste Wahl f\u00fcr Benutzer?<\/h3>\n<p>Die Website erm\u00f6glicht es den Nutzern, zuf\u00e4llige Chats zu w\u00e4hlen, wenn sie sich mit Fremden aus verschiedenen Teilen der Welt unterhalten wollen. Es bietet M\u00f6glichkeiten, echte Freunde und Begleiter aus verschiedenen Bereichen des Lebens mit Leichtigkeit zu finden. Die Website bietet au\u00dferdem <a href=\"https:\/\/strangercam.com\/de\/shagle\/\">Erwachsene<\/a> Partnervermittlungsdienste f\u00fcr M\u00e4nner und Frauen, die ihre Gef\u00fchle mit ihnen teilen wollen. Da der Registrierungsprozess sehr einfach ist, k\u00f6nnen die Nutzer mehr Zeit sparen. Au\u00dferdem k\u00f6nnen die Nutzer in verschiedenen Kategorien nach Begleitern suchen und so neue Kontakte kn\u00fcpfen. Neue Mitglieder sollten die Bedingungen und Konditionen verstehen, bevor sie einen Chatraum auf der Website betreten.<\/p>","protected":false},"excerpt":{"rendered":"<p>Most people these days like to find new friends in a location easily. As a result, dating websites are gaining popularity in different parts of the world because they provide methods to grow love and friendship with others. However, it is necessary to evaluate them in detail that will help select the right one accordingly. [&hellip;]<\/p>\n","protected":false},"author":6,"featured_media":559,"parent":0,"menu_order":0,"comment_status":"closed","ping_status":"closed","template":"","meta":{"footnotes":""},"class_list":["post-3171","page","type-page","status-publish","has-post-thumbnail","hentry"],"yoast_head":"<!-- This site is optimized with the Yoast SEO plugin v26.9 - https:\/\/yoast.com\/product\/yoast-seo-wordpress\/ -->\n<title>Chatblink - Most Popular Video Chats - Cam on StrangerCam.com<\/title>\n<meta name=\"description\" content=\"Like Chatblink? Come chat with more than 5.000.000 strangers on Stranger Cam for Free! Turn on your cam and find new friends &amp; maby a match!\" \/>\n<meta name=\"robots\" content=\"index, follow, max-snippet:-1, max-image-preview:large, max-video-preview:-1\" \/>\n<link rel=\"canonical\" href=\"https:\/\/strangercam.com\/de\/chatblink\/\" \/>\n<meta property=\"og:locale\" content=\"de_DE\" \/>\n<meta property=\"og:type\" content=\"article\" \/>\n<meta property=\"og:title\" content=\"Chatblink - Most Popular Video Chats - Cam on StrangerCam.com\" \/>\n<meta property=\"og:description\" content=\"Like Chatblink? Come chat with more than 5.000.000 strangers on Stranger Cam for Free! Turn on your cam and find new friends &amp; maby a match!\" \/>\n<meta property=\"og:url\" content=\"https:\/\/strangercam.com\/de\/chatblink\/\" \/>\n<meta property=\"og:site_name\" content=\"Strangercam\" \/>\n<meta property=\"article:publisher\" content=\"https:\/\/www.facebook.com\/strangercam\" \/>\n<meta property=\"article:modified_time\" content=\"2023-08-21T09:40:39+00:00\" \/>\n<meta property=\"og:image\" content=\"https:\/\/strangercam.com\/wp-content\/uploads\/2020\/11\/stranger-cam-1.png\" \/>\n\t<meta property=\"og:image:width\" content=\"800\" \/>\n\t<meta property=\"og:image:height\" content=\"800\" \/>\n\t<meta property=\"og:image:type\" content=\"image\/png\" \/>\n<meta name=\"twitter:card\" content=\"summary_large_image\" \/>\n<meta name=\"twitter:site\" content=\"@strangercamapp\" \/>\n<meta name=\"twitter:label1\" content=\"Gesch\u00e4tzte Lesezeit\" \/>\n\t<meta name=\"twitter:data1\" content=\"2\u00a0Minuten\" \/>\n<script type=\"application\/ld+json\" class=\"yoast-schema-graph\">{\"@context\":\"https:\/\/schema.org\",\"@graph\":[{\"@type\":\"WebPage\",\"@id\":\"https:\/\/strangercam.com\/chatblink\/\",\"url\":\"https:\/\/strangercam.com\/chatblink\/\",\"name\":\"Chatblink - Most Popular Video Chats - Cam on StrangerCam.com\",\"isPartOf\":{\"@id\":\"https:\/\/strangercam.com\/#website\"},\"primaryImageOfPage\":{\"@id\":\"https:\/\/strangercam.com\/chatblink\/#primaryimage\"},\"image\":{\"@id\":\"https:\/\/strangercam.com\/chatblink\/#primaryimage\"},\"thumbnailUrl\":\"https:\/\/strangercam.com\/wp-content\/uploads\/2020\/11\/stranger-cam-1.png\",\"datePublished\":\"2021-05-09T19:14:34+00:00\",\"dateModified\":\"2023-08-21T09:40:39+00:00\",\"description\":\"Like Chatblink? Come chat with more than 5.000.000 strangers on Stranger Cam for Free! Turn on your cam and find new friends & maby a match!\",\"breadcrumb\":{\"@id\":\"https:\/\/strangercam.com\/chatblink\/#breadcrumb\"},\"inLanguage\":\"de\",\"potentialAction\":[{\"@type\":\"ReadAction\",\"target\":[\"https:\/\/strangercam.com\/chatblink\/\"]}]},{\"@type\":\"ImageObject\",\"inLanguage\":\"de\",\"@id\":\"https:\/\/strangercam.com\/chatblink\/#primaryimage\",\"url\":\"https:\/\/strangercam.com\/wp-content\/uploads\/2020\/11\/stranger-cam-1.png\",\"contentUrl\":\"https:\/\/strangercam.com\/wp-content\/uploads\/2020\/11\/stranger-cam-1.png\",\"width\":800,\"height\":800,\"caption\":\"stranger cam random video chat\"},{\"@type\":\"BreadcrumbList\",\"@id\":\"https:\/\/strangercam.com\/chatblink\/#breadcrumb\",\"itemListElement\":[{\"@type\":\"ListItem\",\"position\":1,\"name\":\"Home\",\"item\":\"https:\/\/strangercam.com\/\"},{\"@type\":\"ListItem\",\"position\":2,\"name\":\"Chatblink\"}]},{\"@type\":\"WebSite\",\"@id\":\"https:\/\/strangercam.com\/#website\",\"url\":\"https:\/\/strangercam.com\/\",\"name\":\"Strangercam\",\"description\":\"Random Video Chat with Strangers\",\"publisher\":{\"@id\":\"https:\/\/strangercam.com\/#organization\"},\"alternateName\":\"Strangercam.com\",\"potentialAction\":[{\"@type\":\"SearchAction\",\"target\":{\"@type\":\"EntryPoint\",\"urlTemplate\":\"https:\/\/strangercam.com\/?s={search_term_string}\"},\"query-input\":{\"@type\":\"PropertyValueSpecification\",\"valueRequired\":true,\"valueName\":\"search_term_string\"}}],\"inLanguage\":\"de\"},{\"@type\":\"Organization\",\"@id\":\"https:\/\/strangercam.com\/#organization\",\"name\":\"Strangercam\",\"alternateName\":\"Strangercam.com\",\"url\":\"https:\/\/strangercam.com\/\",\"logo\":{\"@type\":\"ImageObject\",\"inLanguage\":\"de\",\"@id\":\"https:\/\/strangercam.com\/#\/schema\/logo\/image\/\",\"url\":\"https:\/\/strangercam.com\/wp-content\/uploads\/2020\/11\/cropped-new-favicon-black.png\",\"contentUrl\":\"https:\/\/strangercam.com\/wp-content\/uploads\/2020\/11\/cropped-new-favicon-black.png\",\"width\":512,\"height\":512,\"caption\":\"Strangercam\"},\"image\":{\"@id\":\"https:\/\/strangercam.com\/#\/schema\/logo\/image\/\"},\"sameAs\":[\"https:\/\/www.facebook.com\/strangercam\",\"https:\/\/x.com\/strangercamapp\"]}]}<\/script>\n<!-- \/ Yoast SEO plugin. -->","yoast_head_json":{"title":"Chatblink - Beliebteste Video Chats - Cam bei StrangerCam.com","description":"Gef\u00e4llt dir Chatblink? Komm und chatte mit mehr als 5.000.000 Fremden auf Stranger Cam kostenlos! Schalte deine Kamera ein und finde neue Freunde und vielleicht einen Partner!","robots":{"index":"index","follow":"follow","max-snippet":"max-snippet:-1","max-image-preview":"max-image-preview:large","max-video-preview":"max-video-preview:-1"},"canonical":"https:\/\/strangercam.com\/de\/chatblink\/","og_locale":"de_DE","og_type":"article","og_title":"Chatblink - Most Popular Video Chats - Cam on StrangerCam.com","og_description":"Like Chatblink? Come chat with more than 5.000.000 strangers on Stranger Cam for Free! Turn on your cam and find new friends & maby a match!","og_url":"https:\/\/strangercam.com\/de\/chatblink\/","og_site_name":"Strangercam","article_publisher":"https:\/\/www.facebook.com\/strangercam","article_modified_time":"2023-08-21T09:40:39+00:00","og_image":[{"width":800,"height":800,"url":"https:\/\/strangercam.com\/wp-content\/uploads\/2020\/11\/stranger-cam-1.png","type":"image\/png"}],"twitter_card":"summary_large_image","twitter_site":"@strangercamapp","twitter_misc":{"Gesch\u00e4tzte Lesezeit":"2\u00a0Minuten"},"schema":{"@context":"https:\/\/schema.org","@graph":[{"@type":"WebPage","@id":"https:\/\/strangercam.com\/chatblink\/","url":"https:\/\/strangercam.com\/chatblink\/","name":"Chatblink - Beliebteste Video Chats - Cam bei StrangerCam.com","isPartOf":{"@id":"https:\/\/strangercam.com\/#website"},"primaryImageOfPage":{"@id":"https:\/\/strangercam.com\/chatblink\/#primaryimage"},"image":{"@id":"https:\/\/strangercam.com\/chatblink\/#primaryimage"},"thumbnailUrl":"https:\/\/strangercam.com\/wp-content\/uploads\/2020\/11\/stranger-cam-1.png","datePublished":"2021-05-09T19:14:34+00:00","dateModified":"2023-08-21T09:40:39+00:00","description":"Gef\u00e4llt dir Chatblink? Komm und chatte mit mehr als 5.000.000 Fremden auf Stranger Cam kostenlos! Schalte deine Kamera ein und finde neue Freunde und vielleicht einen Partner!","breadcrumb":{"@id":"https:\/\/strangercam.com\/chatblink\/#breadcrumb"},"inLanguage":"de","potentialAction":[{"@type":"ReadAction","target":["https:\/\/strangercam.com\/chatblink\/"]}]},{"@type":"ImageObject","inLanguage":"de","@id":"https:\/\/strangercam.com\/chatblink\/#primaryimage","url":"https:\/\/strangercam.com\/wp-content\/uploads\/2020\/11\/stranger-cam-1.png","contentUrl":"https:\/\/strangercam.com\/wp-content\/uploads\/2020\/11\/stranger-cam-1.png","width":800,"height":800,"caption":"stranger cam random video chat"},{"@type":"BreadcrumbList","@id":"https:\/\/strangercam.com\/chatblink\/#breadcrumb","itemListElement":[{"@type":"ListItem","position":1,"name":"Home","item":"https:\/\/strangercam.com\/"},{"@type":"ListItem","position":2,"name":"Chatblink"}]},{"@type":"WebSite","@id":"https:\/\/strangercam.com\/#website","url":"https:\/\/strangercam.com\/","name":"Strangercam","description":"Zuf\u00e4lliger Video-Chat mit Fremden","publisher":{"@id":"https:\/\/strangercam.com\/#organization"},"alternateName":"Strangercam.com","potentialAction":[{"@type":"SearchAction","target":{"@type":"EntryPoint","urlTemplate":"https:\/\/strangercam.com\/?s={search_term_string}"},"query-input":{"@type":"PropertyValueSpecification","valueRequired":true,"valueName":"search_term_string"}}],"inLanguage":"de"},{"@type":"Organization","@id":"https:\/\/strangercam.com\/#organization","name":"Strangercam","alternateName":"Strangercam.com","url":"https:\/\/strangercam.com\/","logo":{"@type":"ImageObject","inLanguage":"de","@id":"https:\/\/strangercam.com\/#\/schema\/logo\/image\/","url":"https:\/\/strangercam.com\/wp-content\/uploads\/2020\/11\/cropped-new-favicon-black.png","contentUrl":"https:\/\/strangercam.com\/wp-content\/uploads\/2020\/11\/cropped-new-favicon-black.png","width":512,"height":512,"caption":"Strangercam"},"image":{"@id":"https:\/\/strangercam.com\/#\/schema\/logo\/image\/"},"sameAs":["https:\/\/www.facebook.com\/strangercam","https:\/\/x.com\/strangercamapp"]}]}},"_links":{"self":[{"href":"https:\/\/strangercam.com\/de\/wp-json\/wp\/v2\/pages\/3171","targetHints":{"allow":["GET"]}}],"collection":[{"href":"https:\/\/strangercam.com\/de\/wp-json\/wp\/v2\/pages"}],"about":[{"href":"https:\/\/strangercam.com\/de\/wp-json\/wp\/v2\/types\/page"}],"author":[{"embeddable":true,"href":"https:\/\/strangercam.com\/de\/wp-json\/wp\/v2\/users\/6"}],"replies":[{"embeddable":true,"href":"https:\/\/strangercam.com\/de\/wp-json\/wp\/v2\/comments?post=3171"}],"version-history":[{"count":0,"href":"https:\/\/strangercam.com\/de\/wp-json\/wp\/v2\/pages\/3171\/revisions"}],"wp:featuredmedia":[{"embeddable":true,"href":"https:\/\/strangercam.com\/de\/wp-json\/wp\/v2\/media\/559"}],"wp:attachment":[{"href":"https:\/\/strangercam.com\/de\/wp-json\/wp\/v2\/media?parent=3171"}],"curies":[{"name":"wp","href":"https:\/\/api.w.org\/{rel}","templated":true}]}}