{"id":3158,"date":"2021-05-09T21:11:08","date_gmt":"2021-05-09T19:11:08","guid":{"rendered":"https:\/\/strangercam.com\/?page_id=3158"},"modified":"2023-08-21T12:43:25","modified_gmt":"2023-08-21T10:43:25","slug":"tinychat","status":"publish","type":"page","link":"https:\/\/strangercam.com\/de\/tinychat\/","title":{"rendered":"Tinychat"},"content":{"rendered":"<p>Online <a href=\"https:\/\/strangercam.com\/de\/chatroulette\/\">Chat<\/a> Auf verschiedenen Websites k\u00f6nnen Nutzer Menschen finden, die Freundschaften mit anderen schlie\u00dfen m\u00f6chten. Tinychat ist eine von ihnen, die Mitglieder aus verschiedenen Teilen der Welt hat. Es bietet M\u00f6glichkeiten, mit Gleichgesinnten mit den neuesten Funktionen zu verbinden. Diese Website ist ein geeigneter Ort f\u00fcr diejenigen, die Einsamkeit und Langeweile im Leben vermeiden m\u00f6chten. Dar\u00fcber hinaus bietet die Plattform Chatrooms, in denen sich die Mitglieder austauschen k\u00f6nnen. <a href=\"https:\/\/strangercam.com\/de\/rabbit-video-chat\/\">Video<\/a> Anrufe mit erweiterten Funktionen. Jeder, der seine Verbindungen mit anderen aufbauen m\u00f6chte, kann diese Website ausw\u00e4hlen, die dabei helfen wird, optimale Ergebnisse zu erzielen.<\/p>\n<h2>Wie kann man sich in Tinychat anmelden?<\/h2>\n<p>Die Anmeldung bei Tinychat kann nur wenige Minuten dauern, und neue Mitglieder sollten zun\u00e4chst ein Konto einrichten. Unmittelbar nach dem Einrichten eines Kontos erhalten sie eine URL mit einem bevorzugten Benutzernamen und Passwort. Neue Benutzer k\u00f6nnen die Chat-R\u00e4ume betreten, indem sie einfach die URL eintippen. Die Website bietet sogar die M\u00f6glichkeit, ein Konto \u00fcber Facebook zu erstellen. Dadurch wird der Registrierungsprozess beschleunigt und es werden Wege aufgezeigt, wie man sich so schnell wie m\u00f6glich mit Gruppen verbinden kann. Eine weitere Besonderheit der Website ist, dass die Nutzer ein Profil erstellen k\u00f6nnen, indem sie Fotos hochladen und andere Details angeben.<\/p>\n<h3>Wie verwendet man Tinychat?<\/h3>\n<p>Die Nutzer k\u00f6nnen anderen Mitgliedern auf dieser Plattform Geschenke und Nachrichten schicken, die dazu beitragen, Verbindungen zu anderen aufzubauen. Sie sollten jedoch auf Premium upgraden, um die Profile anderer ohne Schwierigkeiten einsehen zu k\u00f6nnen. Die Website zeigt sogar Methoden auf, wie man anonym bleiben kann, wenn man seine wahre Identit\u00e4t nicht preisgeben m\u00f6chte. Sie erm\u00f6glicht es den Mitgliedern, sich \u00fcber Video-, Audio- und Textplattformen zu pr\u00e4sentieren. Au\u00dferdem erm\u00f6glicht die Website den Nutzern, ihre Chatr\u00e4ume zu bewerben, um sie in der <a href=\"https:\/\/strangercam.com\/de\/mili\/\">Live<\/a> Verzeichnis. Die Tinychat-App ist auch f\u00fcr mobile Benutzer verf\u00fcgbar, die sie in einfachen Schritten auf ihre Ger\u00e4te herunterladen k\u00f6nnen.<\/p>\n<h3>Was sind die Vor- und Nachteile von Tinychat?<\/h3>\n<p>Die Webcam funktioniert nahtlos und erm\u00f6glicht den Nutzern ein besseres Erlebnis. Starten einer <a href=\"https:\/\/strangercam.com\/de\/american-random-video-call\/\">Videoanruf<\/a> auf der Website ist sehr einfach und bietet Methoden, um schnell mit anderen in Kontakt zu treten. Ein Benutzer kann jemanden blockieren, wenn er\/sie nicht mit einer Person kommunizieren m\u00f6chte. Dar\u00fcber hinaus ebnet es Wege, um die Anzahl der Personen, die an Ihrem Chat teilnehmen, zu kontrollieren. Der gr\u00f6\u00dfte Nachteil dieser Dating-Plattform ist, dass die Preise f\u00fcr Abonnements hoch sind. Diejenigen, die \u00fcber 13 Jahre alt sind, sind berechtigt, der Plattform beizutreten, und sie m\u00fcssen die Regeln und Vorschriften im Detail befolgen, die ihnen helfen werden. <a href=\"https:\/\/strangercam.com\/de\/coomeet\/\">treffen<\/a> die wesentlichen Bed\u00fcrfnisse.<\/p>","protected":false},"excerpt":{"rendered":"<p>Online chat websites involve different types allowing users to discover people who want to make friendships with others. Tinychat is one among them that has members from different parts of the world. It provides ways to connect with like-minded persons with the latest features. This website is a suitable place for those who like to [&hellip;]<\/p>\n","protected":false},"author":6,"featured_media":559,"parent":0,"menu_order":0,"comment_status":"closed","ping_status":"closed","template":"","meta":{"footnotes":""},"class_list":["post-3158","page","type-page","status-publish","has-post-thumbnail","hentry"],"yoast_head":"<!-- This site is optimized with the Yoast SEO plugin v27.4 - https:\/\/yoast.com\/product\/yoast-seo-wordpress\/ -->\n<title>Tinychat - Video Chat - Cam on StrangerCam.com<\/title>\n<meta name=\"description\" content=\"Like Tinychat? Come chat with more than 5.000.000 strangers on Stranger Cam for Free! Turn on your cam and find new friends &amp; maby a match!\" \/>\n<meta name=\"robots\" content=\"index, follow, max-snippet:-1, max-image-preview:large, max-video-preview:-1\" \/>\n<link rel=\"canonical\" href=\"https:\/\/strangercam.com\/de\/tinychat\/\" \/>\n<meta property=\"og:locale\" content=\"de_DE\" \/>\n<meta property=\"og:type\" content=\"article\" \/>\n<meta property=\"og:title\" content=\"Tinychat - Video Chat - Cam on StrangerCam.com\" \/>\n<meta property=\"og:description\" content=\"Like Tinychat? Come chat with more than 5.000.000 strangers on Stranger Cam for Free! Turn on your cam and find new friends &amp; maby a match!\" \/>\n<meta property=\"og:url\" content=\"https:\/\/strangercam.com\/de\/tinychat\/\" \/>\n<meta property=\"og:site_name\" content=\"Strangercam\" \/>\n<meta property=\"article:publisher\" content=\"https:\/\/www.facebook.com\/strangercam\" \/>\n<meta property=\"article:modified_time\" content=\"2023-08-21T10:43:25+00:00\" \/>\n<meta property=\"og:image\" content=\"https:\/\/strangercam.com\/wp-content\/uploads\/2020\/11\/stranger-cam-1.png\" \/>\n\t<meta property=\"og:image:width\" content=\"800\" \/>\n\t<meta property=\"og:image:height\" content=\"800\" \/>\n\t<meta property=\"og:image:type\" content=\"image\/png\" \/>\n<meta name=\"twitter:card\" content=\"summary_large_image\" \/>\n<meta name=\"twitter:site\" content=\"@strangercamapp\" \/>\n<meta name=\"twitter:label1\" content=\"Gesch\u00e4tzte Lesezeit\" \/>\n\t<meta name=\"twitter:data1\" content=\"2\u00a0Minuten\" \/>\n<script type=\"application\/ld+json\" class=\"yoast-schema-graph\">{\"@context\":\"https:\\\/\\\/schema.org\",\"@graph\":[{\"@type\":\"WebPage\",\"@id\":\"https:\\\/\\\/strangercam.com\\\/tinychat\\\/\",\"url\":\"https:\\\/\\\/strangercam.com\\\/tinychat\\\/\",\"name\":\"Tinychat - Video Chat - Cam on StrangerCam.com\",\"isPartOf\":{\"@id\":\"https:\\\/\\\/strangercam.com\\\/#website\"},\"primaryImageOfPage\":{\"@id\":\"https:\\\/\\\/strangercam.com\\\/tinychat\\\/#primaryimage\"},\"image\":{\"@id\":\"https:\\\/\\\/strangercam.com\\\/tinychat\\\/#primaryimage\"},\"thumbnailUrl\":\"https:\\\/\\\/strangercam.com\\\/wp-content\\\/uploads\\\/2020\\\/11\\\/stranger-cam-1.png\",\"datePublished\":\"2021-05-09T19:11:08+00:00\",\"dateModified\":\"2023-08-21T10:43:25+00:00\",\"description\":\"Like Tinychat? Come chat with more than 5.000.000 strangers on Stranger Cam for Free! Turn on your cam and find new friends & maby a match!\",\"breadcrumb\":{\"@id\":\"https:\\\/\\\/strangercam.com\\\/tinychat\\\/#breadcrumb\"},\"inLanguage\":\"de\",\"potentialAction\":[{\"@type\":\"ReadAction\",\"target\":[\"https:\\\/\\\/strangercam.com\\\/tinychat\\\/\"]}]},{\"@type\":\"ImageObject\",\"inLanguage\":\"de\",\"@id\":\"https:\\\/\\\/strangercam.com\\\/tinychat\\\/#primaryimage\",\"url\":\"https:\\\/\\\/strangercam.com\\\/wp-content\\\/uploads\\\/2020\\\/11\\\/stranger-cam-1.png\",\"contentUrl\":\"https:\\\/\\\/strangercam.com\\\/wp-content\\\/uploads\\\/2020\\\/11\\\/stranger-cam-1.png\",\"width\":800,\"height\":800,\"caption\":\"stranger cam random video chat\"},{\"@type\":\"BreadcrumbList\",\"@id\":\"https:\\\/\\\/strangercam.com\\\/tinychat\\\/#breadcrumb\",\"itemListElement\":[{\"@type\":\"ListItem\",\"position\":1,\"name\":\"Home\",\"item\":\"https:\\\/\\\/strangercam.com\\\/\"},{\"@type\":\"ListItem\",\"position\":2,\"name\":\"Tinychat\"}]},{\"@type\":\"WebSite\",\"@id\":\"https:\\\/\\\/strangercam.com\\\/#website\",\"url\":\"https:\\\/\\\/strangercam.com\\\/\",\"name\":\"Strangercam\",\"description\":\"Random Video Chat with Strangers\",\"publisher\":{\"@id\":\"https:\\\/\\\/strangercam.com\\\/#organization\"},\"alternateName\":\"Strangercam.com\",\"potentialAction\":[{\"@type\":\"SearchAction\",\"target\":{\"@type\":\"EntryPoint\",\"urlTemplate\":\"https:\\\/\\\/strangercam.com\\\/?s={search_term_string}\"},\"query-input\":{\"@type\":\"PropertyValueSpecification\",\"valueRequired\":true,\"valueName\":\"search_term_string\"}}],\"inLanguage\":\"de\"},{\"@type\":\"Organization\",\"@id\":\"https:\\\/\\\/strangercam.com\\\/#organization\",\"name\":\"Strangercam\",\"alternateName\":\"Strangercam.com\",\"url\":\"https:\\\/\\\/strangercam.com\\\/\",\"logo\":{\"@type\":\"ImageObject\",\"inLanguage\":\"de\",\"@id\":\"https:\\\/\\\/strangercam.com\\\/#\\\/schema\\\/logo\\\/image\\\/\",\"url\":\"https:\\\/\\\/strangercam.com\\\/wp-content\\\/uploads\\\/2020\\\/11\\\/cropped-new-favicon-black.png\",\"contentUrl\":\"https:\\\/\\\/strangercam.com\\\/wp-content\\\/uploads\\\/2020\\\/11\\\/cropped-new-favicon-black.png\",\"width\":512,\"height\":512,\"caption\":\"Strangercam\"},\"image\":{\"@id\":\"https:\\\/\\\/strangercam.com\\\/#\\\/schema\\\/logo\\\/image\\\/\"},\"sameAs\":[\"https:\\\/\\\/www.facebook.com\\\/strangercam\",\"https:\\\/\\\/x.com\\\/strangercamapp\"]}]}<\/script>\n<!-- \/ Yoast SEO plugin. -->","yoast_head_json":{"title":"Tinychat - Video Chat - Cam auf StrangerCam.com","description":"Gef\u00e4llt dir Tinychat? Komm und chatte mit mehr als 5.000.000 Fremden auf Stranger Cam kostenlos! Schalte deine Kamera ein und finde neue Freunde und vielleicht einen Partner!","robots":{"index":"index","follow":"follow","max-snippet":"max-snippet:-1","max-image-preview":"max-image-preview:large","max-video-preview":"max-video-preview:-1"},"canonical":"https:\/\/strangercam.com\/de\/tinychat\/","og_locale":"de_DE","og_type":"article","og_title":"Tinychat - Video Chat - Cam on StrangerCam.com","og_description":"Like Tinychat? Come chat with more than 5.000.000 strangers on Stranger Cam for Free! Turn on your cam and find new friends & maby a match!","og_url":"https:\/\/strangercam.com\/de\/tinychat\/","og_site_name":"Strangercam","article_publisher":"https:\/\/www.facebook.com\/strangercam","article_modified_time":"2023-08-21T10:43:25+00:00","og_image":[{"width":800,"height":800,"url":"https:\/\/strangercam.com\/wp-content\/uploads\/2020\/11\/stranger-cam-1.png","type":"image\/png"}],"twitter_card":"summary_large_image","twitter_site":"@strangercamapp","twitter_misc":{"Gesch\u00e4tzte Lesezeit":"2\u00a0Minuten"},"schema":{"@context":"https:\/\/schema.org","@graph":[{"@type":"WebPage","@id":"https:\/\/strangercam.com\/tinychat\/","url":"https:\/\/strangercam.com\/tinychat\/","name":"Tinychat - Video Chat - Cam auf StrangerCam.com","isPartOf":{"@id":"https:\/\/strangercam.com\/#website"},"primaryImageOfPage":{"@id":"https:\/\/strangercam.com\/tinychat\/#primaryimage"},"image":{"@id":"https:\/\/strangercam.com\/tinychat\/#primaryimage"},"thumbnailUrl":"https:\/\/strangercam.com\/wp-content\/uploads\/2020\/11\/stranger-cam-1.png","datePublished":"2021-05-09T19:11:08+00:00","dateModified":"2023-08-21T10:43:25+00:00","description":"Gef\u00e4llt dir Tinychat? Komm und chatte mit mehr als 5.000.000 Fremden auf Stranger Cam kostenlos! Schalte deine Kamera ein und finde neue Freunde und vielleicht einen Partner!","breadcrumb":{"@id":"https:\/\/strangercam.com\/tinychat\/#breadcrumb"},"inLanguage":"de","potentialAction":[{"@type":"ReadAction","target":["https:\/\/strangercam.com\/tinychat\/"]}]},{"@type":"ImageObject","inLanguage":"de","@id":"https:\/\/strangercam.com\/tinychat\/#primaryimage","url":"https:\/\/strangercam.com\/wp-content\/uploads\/2020\/11\/stranger-cam-1.png","contentUrl":"https:\/\/strangercam.com\/wp-content\/uploads\/2020\/11\/stranger-cam-1.png","width":800,"height":800,"caption":"stranger cam random video chat"},{"@type":"BreadcrumbList","@id":"https:\/\/strangercam.com\/tinychat\/#breadcrumb","itemListElement":[{"@type":"ListItem","position":1,"name":"Home","item":"https:\/\/strangercam.com\/"},{"@type":"ListItem","position":2,"name":"Tinychat"}]},{"@type":"WebSite","@id":"https:\/\/strangercam.com\/#website","url":"https:\/\/strangercam.com\/","name":"Strangercam","description":"Zuf\u00e4lliger Video-Chat mit Fremden","publisher":{"@id":"https:\/\/strangercam.com\/#organization"},"alternateName":"Strangercam.com","potentialAction":[{"@type":"SearchAction","target":{"@type":"EntryPoint","urlTemplate":"https:\/\/strangercam.com\/?s={search_term_string}"},"query-input":{"@type":"PropertyValueSpecification","valueRequired":true,"valueName":"search_term_string"}}],"inLanguage":"de"},{"@type":"Organization","@id":"https:\/\/strangercam.com\/#organization","name":"Strangercam","alternateName":"Strangercam.com","url":"https:\/\/strangercam.com\/","logo":{"@type":"ImageObject","inLanguage":"de","@id":"https:\/\/strangercam.com\/#\/schema\/logo\/image\/","url":"https:\/\/strangercam.com\/wp-content\/uploads\/2020\/11\/cropped-new-favicon-black.png","contentUrl":"https:\/\/strangercam.com\/wp-content\/uploads\/2020\/11\/cropped-new-favicon-black.png","width":512,"height":512,"caption":"Strangercam"},"image":{"@id":"https:\/\/strangercam.com\/#\/schema\/logo\/image\/"},"sameAs":["https:\/\/www.facebook.com\/strangercam","https:\/\/x.com\/strangercamapp"]}]}},"_links":{"self":[{"href":"https:\/\/strangercam.com\/de\/wp-json\/wp\/v2\/pages\/3158","targetHints":{"allow":["GET"]}}],"collection":[{"href":"https:\/\/strangercam.com\/de\/wp-json\/wp\/v2\/pages"}],"about":[{"href":"https:\/\/strangercam.com\/de\/wp-json\/wp\/v2\/types\/page"}],"author":[{"embeddable":true,"href":"https:\/\/strangercam.com\/de\/wp-json\/wp\/v2\/users\/6"}],"replies":[{"embeddable":true,"href":"https:\/\/strangercam.com\/de\/wp-json\/wp\/v2\/comments?post=3158"}],"version-history":[{"count":0,"href":"https:\/\/strangercam.com\/de\/wp-json\/wp\/v2\/pages\/3158\/revisions"}],"wp:featuredmedia":[{"embeddable":true,"href":"https:\/\/strangercam.com\/de\/wp-json\/wp\/v2\/media\/559"}],"wp:attachment":[{"href":"https:\/\/strangercam.com\/de\/wp-json\/wp\/v2\/media?parent=3158"}],"curies":[{"name":"wp","href":"https:\/\/api.w.org\/{rel}","templated":true}]}}