{"id":3104,"date":"2021-05-09T14:52:40","date_gmt":"2021-05-09T12:52:40","guid":{"rendered":"https:\/\/strangercam.com\/?page_id=3104"},"modified":"2023-08-21T12:24:42","modified_gmt":"2023-08-21T10:24:42","slug":"mnogochat","status":"publish","type":"page","link":"https:\/\/strangercam.com\/de\/mnogochat\/","title":{"rendered":"Mnogochat"},"content":{"rendered":"<p>Heutzutage gibt es mehrere Dating-Websites, um so schnell wie m\u00f6glich neue Freunde kennenzulernen. Andererseits sind nicht alle gleich, was eine gr\u00fcndliche Recherche erfordert. Dies hilft sehr bei der Auswahl der richtigen Website, die die Erwartungen der Nutzer genau erf\u00fcllt. Eine andere Sache ist, dass es mehr dazu beitr\u00e4gt, zuf\u00e4llige Leute auszuw\u00e4hlen, um Beziehungen aufzubauen. Mnogochat ist ein Online-Video <a href=\"https:\/\/strangercam.com\/de\/chathub\/\">Chat<\/a> Website, die M\u00f6glichkeiten bietet, Fremde mit den fortschrittlichsten Merkmalen zu finden und so dazu beizutragen, dass <a href=\"https:\/\/strangercam.com\/de\/coomeet\/\">treffen<\/a> die wesentlichen Bed\u00fcrfnisse. Es ist eine Seite, auf der die Nutzer eine Sammlung beliebter Online-Dating-Seiten an einem Ort finden k\u00f6nnen.<\/p>\n<h2>Wie kann man Freunde zu Mnogochat einladen?<\/h2>\n<p>Die Website erm\u00f6glicht es den Nutzern, einen Chatraum ohne Registrierung zu erstellen. Die Benutzer m\u00fcssen den alphanumerischen Code eingeben, nachdem sie einen Raum betreten haben. Sie k\u00f6nnen den Raumlink kopieren und mit einer Person teilen, um andere sofort zu erreichen. Es handelt sich nicht um eine Dating-Plattform, die es den Nutzern erm\u00f6glicht, mit Leichtigkeit neue Freunde an einem Ort zu finden. Dar\u00fcber hinaus bietet die Website kostenlose Chat-R\u00e4ume, in denen man nach einem Partner suchen kann, der dieselben Interessen teilt. Jeder, der Jungs kennenlernen m\u00f6chte, <a href=\"https:\/\/strangercam.com\/de\/video-chat-mit-maedchen\/\">M\u00e4dchen<\/a>k\u00f6nnen M\u00e4nner und Frauen die Website ausw\u00e4hlen, die ihnen hilft, ihre Ziele zu erreichen.<\/p>\n<h3>Welche Funktionen bietet das Mnogochat?<\/h3>\n<p>Mnogochat bietet kostenlose Chatr\u00e4ume wie <a href=\"https:\/\/strangercam.com\/de\/chatroulette\/\">Chatroulette<\/a>, <a href=\"https:\/\/strangercam.com\/de\/omegle\/\">Omegle<\/a> Chat, kostenloser Video-Chat, Flaschenspiel, Russischer Chat, Teen Chat, Mnogocams, Webcam-Chat, Online-Chat, usw. Es umfasst auch einige andere Funktionen wie Text-, Audio- und Video-Chat, so dass Benutzer neue Freunde in einem Land ohne Einschr\u00e4nkungen zu finden. Die von der Website abgedeckte Webcam hilft den Nutzern, Personen zu identifizieren, die genau das sind, wonach sie suchen. Abgesehen davon, gibt es M\u00f6glichkeiten, die Singles in einem Ort schnell kennen zu lernen, um Fernbeziehungen aufzubauen.<\/p>\n<h3>Gr\u00fcnde f\u00fcr die Nutzung der Mnogochat Dating-Website<\/h3>\n<p>Sicherheit ist der Hauptgrund, der bei der Auswahl einer Dating-Website zu ber\u00fccksichtigen ist. Mnogochat erm\u00f6glicht es den Nutzern, mit Verschl\u00fcsselungstechnologien einen hohen Schutz zu gew\u00e4hrleisten. Au\u00dferdem erm\u00f6glicht die Plattform den Nutzern, anonym mit anderen zu chatten, indem sie die genauen Anforderungen ansprechen. Es ist notwendig, die Allgemeinen Gesch\u00e4ftsbedingungen zu lesen, bevor man einen Chatraum betritt. Die Web-Plattform funktioniert auf allen Ger\u00e4ten und allen Browser-Plattformen. Da sie beliebte Chatr\u00e4ume abdeckt, k\u00f6nnen die Nutzer ihre Ideen zu verschiedenen Themen mit anderen teilen. Eine effektive Kommunikation wird durch diese Website zu einer einfachen Angelegenheit, die es den Nutzern erm\u00f6glicht, Langeweile und Einsamkeit im Leben zu vermeiden. Dar\u00fcber hinaus bietet die Plattform die M\u00f6glichkeit, so schnell wie m\u00f6glich zuf\u00e4llig neue Freunde zu finden.<\/p>","protected":false},"excerpt":{"rendered":"<p>Nowadays, several dating sites are available for connecting with new friends as soon as possible. On the other hand, not all of them are the same that need proper research. This will help a lot to select the right website which exactly satisfies the expectations of users. Another thing is that it contributes more to [&hellip;]<\/p>\n","protected":false},"author":6,"featured_media":559,"parent":0,"menu_order":0,"comment_status":"closed","ping_status":"closed","template":"","meta":{"footnotes":""},"class_list":["post-3104","page","type-page","status-publish","has-post-thumbnail","hentry"],"yoast_head":"<!-- This site is optimized with the Yoast SEO plugin v26.9 - https:\/\/yoast.com\/product\/yoast-seo-wordpress\/ -->\n<title>Mnogochat - Most Popular Video Chats - Cam on StrangerCam.com<\/title>\n<meta name=\"description\" content=\"Like Mnogochat? Come chat with more than 5.000.000 strangers on Stranger Cam for Free! Turn on your cam and find new friends &amp; maby a match!\" \/>\n<meta name=\"robots\" content=\"index, follow, max-snippet:-1, max-image-preview:large, max-video-preview:-1\" \/>\n<link rel=\"canonical\" href=\"https:\/\/strangercam.com\/de\/mnogochat\/\" \/>\n<meta property=\"og:locale\" content=\"de_DE\" \/>\n<meta property=\"og:type\" content=\"article\" \/>\n<meta property=\"og:title\" content=\"Mnogochat - Most Popular Video Chats - Cam on StrangerCam.com\" \/>\n<meta property=\"og:description\" content=\"Like Mnogochat? Come chat with more than 5.000.000 strangers on Stranger Cam for Free! Turn on your cam and find new friends &amp; maby a match!\" \/>\n<meta property=\"og:url\" content=\"https:\/\/strangercam.com\/de\/mnogochat\/\" \/>\n<meta property=\"og:site_name\" content=\"Strangercam\" \/>\n<meta property=\"article:publisher\" content=\"https:\/\/www.facebook.com\/strangercam\" \/>\n<meta property=\"article:modified_time\" content=\"2023-08-21T10:24:42+00:00\" \/>\n<meta property=\"og:image\" content=\"https:\/\/strangercam.com\/wp-content\/uploads\/2020\/11\/stranger-cam-1.png\" \/>\n\t<meta property=\"og:image:width\" content=\"800\" \/>\n\t<meta property=\"og:image:height\" content=\"800\" \/>\n\t<meta property=\"og:image:type\" content=\"image\/png\" \/>\n<meta name=\"twitter:card\" content=\"summary_large_image\" \/>\n<meta name=\"twitter:site\" content=\"@strangercamapp\" \/>\n<meta name=\"twitter:label1\" content=\"Gesch\u00e4tzte Lesezeit\" \/>\n\t<meta name=\"twitter:data1\" content=\"2\u00a0Minuten\" \/>\n<script type=\"application\/ld+json\" class=\"yoast-schema-graph\">{\"@context\":\"https:\/\/schema.org\",\"@graph\":[{\"@type\":\"WebPage\",\"@id\":\"https:\/\/strangercam.com\/mnogochat\/\",\"url\":\"https:\/\/strangercam.com\/mnogochat\/\",\"name\":\"Mnogochat - Most Popular Video Chats - Cam on StrangerCam.com\",\"isPartOf\":{\"@id\":\"https:\/\/strangercam.com\/#website\"},\"primaryImageOfPage\":{\"@id\":\"https:\/\/strangercam.com\/mnogochat\/#primaryimage\"},\"image\":{\"@id\":\"https:\/\/strangercam.com\/mnogochat\/#primaryimage\"},\"thumbnailUrl\":\"https:\/\/strangercam.com\/wp-content\/uploads\/2020\/11\/stranger-cam-1.png\",\"datePublished\":\"2021-05-09T12:52:40+00:00\",\"dateModified\":\"2023-08-21T10:24:42+00:00\",\"description\":\"Like Mnogochat? Come chat with more than 5.000.000 strangers on Stranger Cam for Free! Turn on your cam and find new friends & maby a match!\",\"breadcrumb\":{\"@id\":\"https:\/\/strangercam.com\/mnogochat\/#breadcrumb\"},\"inLanguage\":\"de\",\"potentialAction\":[{\"@type\":\"ReadAction\",\"target\":[\"https:\/\/strangercam.com\/mnogochat\/\"]}]},{\"@type\":\"ImageObject\",\"inLanguage\":\"de\",\"@id\":\"https:\/\/strangercam.com\/mnogochat\/#primaryimage\",\"url\":\"https:\/\/strangercam.com\/wp-content\/uploads\/2020\/11\/stranger-cam-1.png\",\"contentUrl\":\"https:\/\/strangercam.com\/wp-content\/uploads\/2020\/11\/stranger-cam-1.png\",\"width\":800,\"height\":800,\"caption\":\"stranger cam random video chat\"},{\"@type\":\"BreadcrumbList\",\"@id\":\"https:\/\/strangercam.com\/mnogochat\/#breadcrumb\",\"itemListElement\":[{\"@type\":\"ListItem\",\"position\":1,\"name\":\"Home\",\"item\":\"https:\/\/strangercam.com\/\"},{\"@type\":\"ListItem\",\"position\":2,\"name\":\"Mnogochat\"}]},{\"@type\":\"WebSite\",\"@id\":\"https:\/\/strangercam.com\/#website\",\"url\":\"https:\/\/strangercam.com\/\",\"name\":\"Strangercam\",\"description\":\"Random Video Chat with Strangers\",\"publisher\":{\"@id\":\"https:\/\/strangercam.com\/#organization\"},\"alternateName\":\"Strangercam.com\",\"potentialAction\":[{\"@type\":\"SearchAction\",\"target\":{\"@type\":\"EntryPoint\",\"urlTemplate\":\"https:\/\/strangercam.com\/?s={search_term_string}\"},\"query-input\":{\"@type\":\"PropertyValueSpecification\",\"valueRequired\":true,\"valueName\":\"search_term_string\"}}],\"inLanguage\":\"de\"},{\"@type\":\"Organization\",\"@id\":\"https:\/\/strangercam.com\/#organization\",\"name\":\"Strangercam\",\"alternateName\":\"Strangercam.com\",\"url\":\"https:\/\/strangercam.com\/\",\"logo\":{\"@type\":\"ImageObject\",\"inLanguage\":\"de\",\"@id\":\"https:\/\/strangercam.com\/#\/schema\/logo\/image\/\",\"url\":\"https:\/\/strangercam.com\/wp-content\/uploads\/2020\/11\/cropped-new-favicon-black.png\",\"contentUrl\":\"https:\/\/strangercam.com\/wp-content\/uploads\/2020\/11\/cropped-new-favicon-black.png\",\"width\":512,\"height\":512,\"caption\":\"Strangercam\"},\"image\":{\"@id\":\"https:\/\/strangercam.com\/#\/schema\/logo\/image\/\"},\"sameAs\":[\"https:\/\/www.facebook.com\/strangercam\",\"https:\/\/x.com\/strangercamapp\"]}]}<\/script>\n<!-- \/ Yoast SEO plugin. -->","yoast_head_json":{"title":"Mnogochat - Beliebteste Video-Chats - Cam bei StrangerCam.com","description":"Gef\u00e4llt dir Mnogochat? Komm und chatte mit mehr als 5.000.000 Fremden auf Stranger Cam kostenlos! Schalte deine Kamera ein und finde neue Freunde und vielleicht einen Partner!","robots":{"index":"index","follow":"follow","max-snippet":"max-snippet:-1","max-image-preview":"max-image-preview:large","max-video-preview":"max-video-preview:-1"},"canonical":"https:\/\/strangercam.com\/de\/mnogochat\/","og_locale":"de_DE","og_type":"article","og_title":"Mnogochat - Most Popular Video Chats - Cam on StrangerCam.com","og_description":"Like Mnogochat? Come chat with more than 5.000.000 strangers on Stranger Cam for Free! Turn on your cam and find new friends & maby a match!","og_url":"https:\/\/strangercam.com\/de\/mnogochat\/","og_site_name":"Strangercam","article_publisher":"https:\/\/www.facebook.com\/strangercam","article_modified_time":"2023-08-21T10:24:42+00:00","og_image":[{"width":800,"height":800,"url":"https:\/\/strangercam.com\/wp-content\/uploads\/2020\/11\/stranger-cam-1.png","type":"image\/png"}],"twitter_card":"summary_large_image","twitter_site":"@strangercamapp","twitter_misc":{"Gesch\u00e4tzte Lesezeit":"2\u00a0Minuten"},"schema":{"@context":"https:\/\/schema.org","@graph":[{"@type":"WebPage","@id":"https:\/\/strangercam.com\/mnogochat\/","url":"https:\/\/strangercam.com\/mnogochat\/","name":"Mnogochat - Beliebteste Video-Chats - Cam bei StrangerCam.com","isPartOf":{"@id":"https:\/\/strangercam.com\/#website"},"primaryImageOfPage":{"@id":"https:\/\/strangercam.com\/mnogochat\/#primaryimage"},"image":{"@id":"https:\/\/strangercam.com\/mnogochat\/#primaryimage"},"thumbnailUrl":"https:\/\/strangercam.com\/wp-content\/uploads\/2020\/11\/stranger-cam-1.png","datePublished":"2021-05-09T12:52:40+00:00","dateModified":"2023-08-21T10:24:42+00:00","description":"Gef\u00e4llt dir Mnogochat? Komm und chatte mit mehr als 5.000.000 Fremden auf Stranger Cam kostenlos! Schalte deine Kamera ein und finde neue Freunde und vielleicht einen Partner!","breadcrumb":{"@id":"https:\/\/strangercam.com\/mnogochat\/#breadcrumb"},"inLanguage":"de","potentialAction":[{"@type":"ReadAction","target":["https:\/\/strangercam.com\/mnogochat\/"]}]},{"@type":"ImageObject","inLanguage":"de","@id":"https:\/\/strangercam.com\/mnogochat\/#primaryimage","url":"https:\/\/strangercam.com\/wp-content\/uploads\/2020\/11\/stranger-cam-1.png","contentUrl":"https:\/\/strangercam.com\/wp-content\/uploads\/2020\/11\/stranger-cam-1.png","width":800,"height":800,"caption":"stranger cam random video chat"},{"@type":"BreadcrumbList","@id":"https:\/\/strangercam.com\/mnogochat\/#breadcrumb","itemListElement":[{"@type":"ListItem","position":1,"name":"Home","item":"https:\/\/strangercam.com\/"},{"@type":"ListItem","position":2,"name":"Mnogochat"}]},{"@type":"WebSite","@id":"https:\/\/strangercam.com\/#website","url":"https:\/\/strangercam.com\/","name":"Strangercam","description":"Zuf\u00e4lliger Video-Chat mit Fremden","publisher":{"@id":"https:\/\/strangercam.com\/#organization"},"alternateName":"Strangercam.com","potentialAction":[{"@type":"SearchAction","target":{"@type":"EntryPoint","urlTemplate":"https:\/\/strangercam.com\/?s={search_term_string}"},"query-input":{"@type":"PropertyValueSpecification","valueRequired":true,"valueName":"search_term_string"}}],"inLanguage":"de"},{"@type":"Organization","@id":"https:\/\/strangercam.com\/#organization","name":"Strangercam","alternateName":"Strangercam.com","url":"https:\/\/strangercam.com\/","logo":{"@type":"ImageObject","inLanguage":"de","@id":"https:\/\/strangercam.com\/#\/schema\/logo\/image\/","url":"https:\/\/strangercam.com\/wp-content\/uploads\/2020\/11\/cropped-new-favicon-black.png","contentUrl":"https:\/\/strangercam.com\/wp-content\/uploads\/2020\/11\/cropped-new-favicon-black.png","width":512,"height":512,"caption":"Strangercam"},"image":{"@id":"https:\/\/strangercam.com\/#\/schema\/logo\/image\/"},"sameAs":["https:\/\/www.facebook.com\/strangercam","https:\/\/x.com\/strangercamapp"]}]}},"_links":{"self":[{"href":"https:\/\/strangercam.com\/de\/wp-json\/wp\/v2\/pages\/3104","targetHints":{"allow":["GET"]}}],"collection":[{"href":"https:\/\/strangercam.com\/de\/wp-json\/wp\/v2\/pages"}],"about":[{"href":"https:\/\/strangercam.com\/de\/wp-json\/wp\/v2\/types\/page"}],"author":[{"embeddable":true,"href":"https:\/\/strangercam.com\/de\/wp-json\/wp\/v2\/users\/6"}],"replies":[{"embeddable":true,"href":"https:\/\/strangercam.com\/de\/wp-json\/wp\/v2\/comments?post=3104"}],"version-history":[{"count":0,"href":"https:\/\/strangercam.com\/de\/wp-json\/wp\/v2\/pages\/3104\/revisions"}],"wp:featuredmedia":[{"embeddable":true,"href":"https:\/\/strangercam.com\/de\/wp-json\/wp\/v2\/media\/559"}],"wp:attachment":[{"href":"https:\/\/strangercam.com\/de\/wp-json\/wp\/v2\/media?parent=3104"}],"curies":[{"name":"wp","href":"https:\/\/api.w.org\/{rel}","templated":true}]}}