{"id":3045,"date":"2025-08-18T13:16:48","date_gmt":"2025-08-18T11:16:48","guid":{"rendered":"https:\/\/strangercam.com\/?page_id=3045"},"modified":"2025-08-18T14:11:55","modified_gmt":"2025-08-18T12:11:55","slug":"video-chat-mit-maedchen","status":"publish","type":"page","link":"https:\/\/strangercam.com\/de\/video-chat-mit-maedchen\/","title":{"rendered":"Video-Chat mit M\u00e4dchen"},"content":{"rendered":"<p>Suchen Sie nach dem besten Ort f\u00fcr Video <a href=\"https:\/\/strangercam.com\/de\/chathub\/\">Chat<\/a> mit M\u00e4dchen? Sie sind nicht allein. Jeden Tag gehen Tausende von Menschen online auf der Suche nach echten, spontanen Unterhaltungen mit echten Frauen aus aller Welt. Im Gegensatz zu Dating-Apps, bei denen man endlos durch Profile scrollt, oder sozialen Medien, bei denen sich alles inszeniert anf\u00fchlt, ist der Live-Videochat mit Frauen sofort, echt und authentisch.<\/p>\n<p>Dank Plattformen wie StrangerCam ist es jetzt m\u00f6glich, jederzeit kostenlos mit M\u00e4dchen zu videochatten, ohne dass man ein Konto erstellen, versteckte Geb\u00fchren zahlen oder eine App herunterladen muss. Egal, ob Sie Freundschaften schlie\u00dfen, flirten oder sich einfach nur die Zeit vertreiben wollen, Videochats mit M\u00e4dchen online waren noch nie so einfach und zug\u00e4nglich.<\/p>\n<p>In diesem Leitfaden erf\u00e4hrst du alles, was du wissen musst: wie es funktioniert, warum die Leute es lieben, welche Funktionen am wichtigsten sind, Sicherheitstipps und warum StrangerCam eine der besten Plattformen f\u00fcr Videochats mit M\u00e4dchen im Jahr 2025 ist.<\/p>\n<h2>Was ist Video-Chat mit M\u00e4dchen?<\/h2>\n<p>Video-Chat mit M\u00e4dchen ist eine Live-Interaktion von Angesicht zu Angesicht, bei der du dich mit Hilfe deiner Webcam und deines Mikrofons sofort mit weiblichen Nutzern verbinden kannst. Es ist wie eine moderne Erweiterung von Text-Chatrooms, au\u00dfer dass Sie die Person, mit der Sie sprechen, tats\u00e4chlich sehen und h\u00f6ren k\u00f6nnen.<\/p>\n<p>Im Gegensatz zu sozialen Netzwerken oder Dating-Websites, wo Gespr\u00e4che erst nach einer gewissen Zeit beginnen, k\u00f6nnen Sie beim Videochat direkt in echte Interaktionen einsteigen. Kein Wischen, kein Warten auf Antworten - nur eine sofortige Verbindung.<\/p>\n<h2>Warum Menschen lieben kostenlose Video-Chat mit M\u00e4dchen<\/h2>\n<p>Die wachsende Beliebtheit des kostenlosen Videochats mit M\u00e4dchen l\u00e4sst sich durch ein paar einfache Gr\u00fcnde erkl\u00e4ren:<\/p>\n<ul>\n<li>Authentizit\u00e4t: Im Gegensatz zu Text ist es bei Videos unm\u00f6glich, sich zu verstellen. Sie wissen, dass Sie mit einer echten Person sprechen.<\/li>\n<li>Sofortige Verbindung: Keine langwierigen Anmeldungen, keine Zeitverschwendung - Sie werden sofort verbunden.<\/li>\n<li>Aufregung des Unbekannten: Jeder Chat ist einzigartig und bietet jedes Mal etwas anderes.<\/li>\n<li>Freundschaft und Flirten: Einige nutzen es, um neue Freunde zu finden, andere zum harmlosen Spa\u00df und Flirten.<\/li>\n<li>Vielf\u00e4ltigkeit: Chatte mit M\u00e4dchen aus der ganzen Welt, lerne neue Kulturen kennen und erweitere deinen Horizont.<\/li>\n<li>Zug\u00e4nglichkeit: Plattformen wie StrangerCam machen es 100% kostenlos und einfach, sowohl auf dem Handy als auch auf dem Desktop zu nutzen.<\/li>\n<\/ul>\n<h2>Wie funktioniert der Video-Chat mit M\u00e4dchen?<\/h2>\n<p>Der Start eines Videochats mit M\u00e4dchen ist einfach, auch f\u00fcr Anf\u00e4nger:<\/p>\n<ol>\n<li>\u00d6ffnen Sie eine Video-Chat-Plattform (z. B. StrangerCam) auf Ihrem Telefon oder Computer.<\/li>\n<li>Aktivieren Sie Ihre Webcam und Ihr Mikrofon, wenn Sie dazu aufgefordert werden.<\/li>\n<li>W\u00e4hlen Sie, falls vorhanden, Pr\u00e4ferenzen aus (z. B. nur mit weiblichen Nutzern abgleichen).<\/li>\n<li>Klicken Sie auf \"Chat starten\". Sie werden sofort mit einem beliebigen M\u00e4dchen verbunden.<\/li>\n<li>Genie\u00dfen Sie Ihren Chat! Wenn Sie keine Lust auf das Gespr\u00e4ch haben, klicken Sie auf \"Weiter\", um jemand Neues kennenzulernen.<\/li>\n<\/ol>\n<p>Der gesamte Vorgang dauert weniger als eine Minute.<\/p>\n<h2>Die wichtigsten Merkmale, auf die Sie achten sollten<\/h2>\n<p>Nicht jede Plattform, die f\u00fcr Videochats mit M\u00e4dchen wirbt, ist Ihre Zeit wert. Viele verstecken Funktionen hinter Paywalls oder halten nicht, was sie versprechen. Hier ist, worauf Sie achten sollten:<\/p>\n<h3>1. Freie Gender-Filter<\/h3>\n<p>Ein funktionierender Geschlechtsfilter ist unerl\u00e4sslich, wenn Sie speziell M\u00e4dchen treffen wollen. H\u00fcten Sie sich vor Seiten, die damit werben, ihn aber erst nach Zahlung freischalten.<\/p>\n<h3>2. Keine Anmeldung erforderlich<\/h3>\n<p>Sie sollten kein Konto erstellen oder pers\u00f6nliche Daten angeben m\u00fcssen, um mit dem Chatten zu beginnen.<\/p>\n<h3>3. Starke M\u00e4\u00dfigung<\/h3>\n<p>Gute Plattformen verf\u00fcgen \u00fcber aktive Moderatoren und Meldefunktionen, um ein sicheres und freundliches Umfeld zu gew\u00e4hrleisten.<\/p>\n<h3>4. Hochwertiges Video<\/h3>\n<p>Ruckelfreies, zuverl\u00e4ssiges Video und Audio sorgen f\u00fcr nat\u00fcrliche und angenehme Gespr\u00e4che.<\/p>\n<h3>5. Handy-freundliches Design<\/h3>\n<p>Sie sollten in der Lage sein, Videochats mit M\u00e4dchen einfach von Ihrem Telefon oder Tablet aus zu f\u00fchren, nicht nur von einem Computer aus.<\/p>\n<h3>6. Globale Gemeinschaft<\/h3>\n<p>Eine gr\u00f6\u00dfere Nutzerbasis bedeutet mehr Vielfalt und mehr M\u00f6glichkeiten, mit interessanten Menschen in Kontakt zu treten.<\/p>\n<h2>Die besten Plattformen f\u00fcr den Video-Chat mit M\u00e4dchen im Jahr 2025<\/h2>\n<p>Hier ein Vergleich beliebter Plattformen, die f\u00fcr Videochats mit M\u00e4dchen genutzt werden:<\/p>\n<table>\n<thead>\n<tr>\n<th>Plattform<\/th>\n<th align=\"center\">Kostenloser Gender-Filter<\/th>\n<th align=\"center\">Anmeldung erforderlich<\/th>\n<th align=\"center\">Mobile Unterst\u00fctzung<\/th>\n<th align=\"center\">Moderation<\/th>\n<th>Anmerkungen<\/th>\n<\/tr>\n<\/thead>\n<tbody>\n<tr>\n<td>StrangerCam<\/td>\n<td align=\"center\">\u2705<\/td>\n<td align=\"center\">\u274c<\/td>\n<td align=\"center\">\u2705<\/td>\n<td align=\"center\">\u2705<\/td>\n<td>100% freier, funktionierender Geschlechtsfilter<\/td>\n<\/tr>\n<tr>\n<td><a href=\"https:\/\/strangercam.com\/de\/chatroulette\/\">Chatroulette<\/a><\/td>\n<td align=\"center\">\u274c (Bezahlt)<\/td>\n<td align=\"center\">\u274c<\/td>\n<td align=\"center\">\u2705<\/td>\n<td align=\"center\">\u2705<\/td>\n<td>Klassisch, aber Gender-Filter kostet<\/td>\n<\/tr>\n<tr>\n<td>Chatrandom<\/td>\n<td align=\"center\">\u274c (Bezahlt)<\/td>\n<td align=\"center\">\u274c<\/td>\n<td align=\"center\">\u2705<\/td>\n<td align=\"center\">\u2705<\/td>\n<td>Beliebt, aber viele Paywalls<\/td>\n<\/tr>\n<tr>\n<td><a href=\"https:\/\/strangercam.com\/de\/ometv\/\">OmeTV<\/a><\/td>\n<td align=\"center\">\u274c<\/td>\n<td align=\"center\">\u274c<\/td>\n<td align=\"center\">\u2705<\/td>\n<td align=\"center\">\u2705<\/td>\n<td>Mobile App, nur zuf\u00e4llig<\/td>\n<\/tr>\n<tr>\n<td>Shagle<\/td>\n<td align=\"center\">\u274c (Bezahlt)<\/td>\n<td align=\"center\">\u274c<\/td>\n<td align=\"center\">\u2705<\/td>\n<td align=\"center\">\u2705<\/td>\n<td>Treibt Upgrades stark voran<\/td>\n<\/tr>\n<tr>\n<td><a href=\"https:\/\/strangercam.com\/de\/coomeet\/\">CooMeet<\/a><\/td>\n<td align=\"center\">\u2705 (nur zur Probe)<\/td>\n<td align=\"center\">\u2705<\/td>\n<td align=\"center\">\u2705<\/td>\n<td align=\"center\">\u2705<\/td>\n<td>Bezahlt nach ein paar kostenlosen Chats<\/td>\n<\/tr>\n<tr>\n<td>LuckyCrush<\/td>\n<td align=\"center\">\u2705 (Bezahlt)<\/td>\n<td align=\"center\">\u2705<\/td>\n<td align=\"center\">\u2705<\/td>\n<td align=\"center\">\u2705<\/td>\n<td>Geschlechtsspezifisches Matching, immer bezahlt<\/td>\n<\/tr>\n<\/tbody>\n<\/table>\n<p>StrangerCam ist eine der einzigen Plattformen, die einen echten, kostenlosen Geschlechtsfilter und unbegrenzte Videochats mit M\u00e4dchen anbietet - keine Tricks, keine versteckten Geb\u00fchren.<\/p>\n<h2>Warum StrangerCam der beste Ort f\u00fcr Video-Chat mit M\u00e4dchen ist<\/h2>\n<p>Wenn es um Video-Chat mit M\u00e4dchen geht, hat StrangerCam mehrere herausragende Vorteile:<\/p>\n<h3>1. Wirklich kostenlos und unbegrenzt<\/h3>\n<p>Chatten Sie so lange, wie Sie m\u00f6chten, ohne sich Gedanken \u00fcber Guthaben, Limits oder versteckte Geb\u00fchren zu machen.<\/p>\n<h3>2. Kostenloser Gender-Filter, der funktioniert<\/h3>\n<p>Im Gegensatz zu den meisten Websites k\u00f6nnen Sie bei StrangerCam die M\u00e4dchen kostenlos ausw\u00e4hlen - ohne Bezahlschranke.<\/p>\n<h3>3. Keine Anmeldung oder Download erforderlich<\/h3>\n<p>Sie brauchen kein Konto, keine E-Mail und keine Telefonnummer. Klicken Sie einfach und beginnen Sie zu chatten.<\/p>\n<h3>4. Sicher und moderiert<\/h3>\n<p>Eingebaute Meldesysteme und aktive Moderatoren tragen zur Aufrechterhaltung einer positiven Gemeinschaft bei.<\/p>\n<h3>5. Globale weibliche Nutzerbasis<\/h3>\n<p>Treffen Sie M\u00e4dchen aus Dutzenden von L\u00e4ndern zu jeder Tageszeit.<\/p>\n<h3>6. Optimiert f\u00fcr Mobil und Desktop<\/h3>\n<p>Egal, ob Sie ein Telefon, ein Tablet oder einen Computer benutzen, StrangerCam funktioniert \u00fcberall reibungslos.<\/p>\n<h2>Echte Anwenderberichte<\/h2>\n<blockquote><p><em>\"Die meisten Websites sagten, ich k\u00f6nne kostenlos mit M\u00e4dchen videochatten, versuchten dann aber, mich zu bezahlen. StrangerCam war die erste Seite, bei der der Geschlechterfilter tats\u00e4chlich funktionierte, ohne dass ich daf\u00fcr bezahlen musste.\"<\/em><br \/>\n- Ethan, 28<\/p><\/blockquote>\n<blockquote><p><em>\"Als Frau f\u00fchle ich mich hier im Vergleich zu anderen Plattformen sicherer. Ich kann sie \u00fcberspringen, blockieren und sofort melden, was mir mehr Sicherheit gibt.<\/em><br \/>\n- Laura, 24<\/p><\/blockquote>\n<blockquote><p><em>\"Ich habe an einem einzigen Abend M\u00e4dchen aus Brasilien, Spanien und den USA kennengelernt. Es macht s\u00fcchtig, aber Spa\u00df.\"<\/em><br \/>\n- David, 30<\/p><\/blockquote>\n<blockquote><p><em>\"Schnell, einfach und tats\u00e4chlich kostenlos. StrangerCam ist meine erste Anlaufstelle, wenn ich mit M\u00e4dchen online chatten m\u00f6chte.\"<\/em><br \/>\n- Chris, 21<\/p><\/blockquote>\n<h2>Sicherheitstipps f\u00fcr Video-Chat mit M\u00e4dchen<\/h2>\n<p>Wie bei jeder Online-Plattform sollte Ihre Sicherheit immer an erster Stelle stehen. Hier sind einige Regeln, die Sie unbedingt befolgen sollten:<\/p>\n<ul>\n<li>Geben Sie keine pers\u00f6nlichen Informationen weiter: Halten Sie Ihren Namen, Ihre Adresse, Ihre Telefonnummer und Ihre E-Mail-Adresse geheim.<\/li>\n<li>Bei Unbehagen \u00fcberspringen: Wenn sich ein Gespr\u00e4ch nicht richtig anf\u00fchlt, klicken Sie auf \"Weiter\".<\/li>\n<li>Vermeiden Sie das Anklicken von Links: \u00d6ffnen Sie keine externen Links, die von Fremden geteilt werden.<\/li>\n<li>\u00dcberpr\u00fcfen Sie Ihren Hintergrund: Stellen Sie sicher, dass hinter Ihnen nichts Privates zu sehen ist.<\/li>\n<li>Anonym bleiben: Verwenden Sie einen Spitznamen, wenn Sie nach einem Anzeigenamen gefragt werden.<\/li>\n<li>Wenn Sie unter 18 sind, nicht benutzen: Beachten Sie immer die Altersbeschr\u00e4nkungen der Plattform.<\/li>\n<\/ul>\n<h2>Wie man anf\u00e4ngt - Schritt f\u00fcr Schritt<\/h2>\n<p>Der Einstieg in den Video-Chat mit M\u00e4dchen dauert weniger als eine Minute:<\/p>\n<ol>\n<li>\u00d6ffnen Sie StrangerCam auf Ihrem Ger\u00e4t.<\/li>\n<li>Erlauben Sie den Zugriff auf Kamera und Mikrofon.<\/li>\n<li>W\u00e4hlen Sie den Geschlechtsfilter (w\u00e4hlen Sie \"M\u00e4dchen\").<\/li>\n<li>Klicken Sie auf Chat starten, um sofort eine Verbindung herzustellen.<\/li>\n<li>Genie\u00dfen Sie Ihr Gespr\u00e4ch. Klicken Sie auf Weiter, um jederzeit fortzufahren.<\/li>\n<\/ol>\n<p>Das ist alles, was es braucht - schnell, einfach und kostenlos.<\/p>\n<h2>Abschlie\u00dfende Gedanken - Versuchen Sie jetzt den kostenlosen Video-Chat mit M\u00e4dchen<\/h2>\n<p>Wenn du nach einem Ort suchst, an dem du mit Frauen per Video chatten kannst, ist die gute Nachricht, dass dies im Jahr 2025 einfacher denn je ist. StrangerCam bietet alles, was du brauchst: einen kostenlosen Geschlechtsfilter, sofortiges Matching, sichere Moderation und eine globale weibliche Community, die 24\/7 verf\u00fcgbar ist.<\/p>\n<p>Verschwenden Sie Ihre Zeit nicht mit Plattformen, die kostenlose Videochats versprechen, aber alles hinter Abonnements verstecken. W\u00e4hlen Sie eine Website, die wirklich kostenlos, sicher und unterhaltsam ist.<\/p>\n<p>Sind Sie bereit, jemand Neues kennenzulernen? Starten Sie noch heute einen kostenlosen Video-Chat mit M\u00e4dchen und entdecken Sie die Aufregung der spontanen Verbindungen.<\/p>","protected":false},"excerpt":{"rendered":"<p>Are you searching for the best place to video chat with girls? You\u2019re not alone. Every day, thousands of people go online looking for genuine, spontaneous conversations with real women around the world. Unlike dating apps, where you scroll through profiles endlessly, or social media, where everything feels staged, live video chat with girls is [&hellip;]<\/p>\n","protected":false},"author":8,"featured_media":0,"parent":0,"menu_order":0,"comment_status":"closed","ping_status":"closed","template":"","meta":{"footnotes":""},"class_list":["post-3045","page","type-page","status-publish","hentry"],"yoast_head":"<!-- This site is optimized with the Yoast SEO plugin v26.9 - https:\/\/yoast.com\/product\/yoast-seo-wordpress\/ -->\n<title>Video Chat With Girls with Random Chat on Strangercam.com<\/title>\n<meta name=\"description\" content=\"Liking Video Chat With Girls? Join millions on StrangerCam.com! Start a random video chat, turn on your cam, and meet strangers instantly.\" \/>\n<meta name=\"robots\" content=\"index, follow, max-snippet:-1, max-image-preview:large, max-video-preview:-1\" \/>\n<link rel=\"canonical\" href=\"https:\/\/strangercam.com\/de\/video-chat-mit-maedchen\/\" \/>\n<meta property=\"og:locale\" content=\"de_DE\" \/>\n<meta property=\"og:type\" content=\"article\" \/>\n<meta property=\"og:title\" content=\"Video Chat With Girls with Random Chat on Strangercam.com\" \/>\n<meta property=\"og:description\" content=\"Liking Video Chat With Girls? Join millions on StrangerCam.com! Start a random video chat, turn on your cam, and meet strangers instantly.\" \/>\n<meta property=\"og:url\" content=\"https:\/\/strangercam.com\/de\/video-chat-mit-maedchen\/\" \/>\n<meta property=\"og:site_name\" content=\"Strangercam\" \/>\n<meta property=\"article:publisher\" content=\"https:\/\/www.facebook.com\/strangercam\" \/>\n<meta property=\"article:modified_time\" content=\"2025-08-18T12:11:55+00:00\" \/>\n<meta property=\"og:image\" content=\"https:\/\/strangercam.com\/wp-content\/uploads\/2021\/10\/Untitled-2.png\" \/>\n\t<meta property=\"og:image:width\" content=\"800\" \/>\n\t<meta property=\"og:image:height\" content=\"532\" \/>\n\t<meta property=\"og:image:type\" content=\"image\/png\" \/>\n<meta name=\"twitter:card\" content=\"summary_large_image\" \/>\n<meta name=\"twitter:site\" content=\"@strangercamapp\" \/>\n<meta name=\"twitter:label1\" content=\"Gesch\u00e4tzte Lesezeit\" \/>\n\t<meta name=\"twitter:data1\" content=\"5\u00a0Minuten\" \/>\n<script type=\"application\/ld+json\" class=\"yoast-schema-graph\">{\"@context\":\"https:\/\/schema.org\",\"@graph\":[{\"@type\":\"WebPage\",\"@id\":\"https:\/\/strangercam.com\/video-chat-with-girls\/\",\"url\":\"https:\/\/strangercam.com\/video-chat-with-girls\/\",\"name\":\"Video Chat With Girls with Random Chat on Strangercam.com\",\"isPartOf\":{\"@id\":\"https:\/\/strangercam.com\/#website\"},\"datePublished\":\"2025-08-18T11:16:48+00:00\",\"dateModified\":\"2025-08-18T12:11:55+00:00\",\"description\":\"Liking Video Chat With Girls? Join millions on StrangerCam.com! Start a random video chat, turn on your cam, and meet strangers instantly.\",\"breadcrumb\":{\"@id\":\"https:\/\/strangercam.com\/video-chat-with-girls\/#breadcrumb\"},\"inLanguage\":\"de\",\"potentialAction\":[{\"@type\":\"ReadAction\",\"target\":[\"https:\/\/strangercam.com\/video-chat-with-girls\/\"]}]},{\"@type\":\"BreadcrumbList\",\"@id\":\"https:\/\/strangercam.com\/video-chat-with-girls\/#breadcrumb\",\"itemListElement\":[{\"@type\":\"ListItem\",\"position\":1,\"name\":\"Home\",\"item\":\"https:\/\/strangercam.com\/\"},{\"@type\":\"ListItem\",\"position\":2,\"name\":\"Video Chat With Girls\"}]},{\"@type\":\"WebSite\",\"@id\":\"https:\/\/strangercam.com\/#website\",\"url\":\"https:\/\/strangercam.com\/\",\"name\":\"Strangercam\",\"description\":\"Random Video Chat with Strangers\",\"publisher\":{\"@id\":\"https:\/\/strangercam.com\/#organization\"},\"alternateName\":\"Strangercam.com\",\"potentialAction\":[{\"@type\":\"SearchAction\",\"target\":{\"@type\":\"EntryPoint\",\"urlTemplate\":\"https:\/\/strangercam.com\/?s={search_term_string}\"},\"query-input\":{\"@type\":\"PropertyValueSpecification\",\"valueRequired\":true,\"valueName\":\"search_term_string\"}}],\"inLanguage\":\"de\"},{\"@type\":\"Organization\",\"@id\":\"https:\/\/strangercam.com\/#organization\",\"name\":\"Strangercam\",\"alternateName\":\"Strangercam.com\",\"url\":\"https:\/\/strangercam.com\/\",\"logo\":{\"@type\":\"ImageObject\",\"inLanguage\":\"de\",\"@id\":\"https:\/\/strangercam.com\/#\/schema\/logo\/image\/\",\"url\":\"https:\/\/strangercam.com\/wp-content\/uploads\/2020\/11\/cropped-new-favicon-black.png\",\"contentUrl\":\"https:\/\/strangercam.com\/wp-content\/uploads\/2020\/11\/cropped-new-favicon-black.png\",\"width\":512,\"height\":512,\"caption\":\"Strangercam\"},\"image\":{\"@id\":\"https:\/\/strangercam.com\/#\/schema\/logo\/image\/\"},\"sameAs\":[\"https:\/\/www.facebook.com\/strangercam\",\"https:\/\/x.com\/strangercamapp\"]}]}<\/script>\n<!-- \/ Yoast SEO plugin. -->","yoast_head_json":{"title":"Video Chat mit M\u00e4dchen mit Random Chat auf Strangercam.com","description":"M\u00f6gen Sie Video-Chat mit M\u00e4dchen? Join Millionen auf StrangerCam.com! Starten Sie einen zuf\u00e4lligen Video-Chat, schalten Sie Ihre Cam ein und treffen Sie sofort Fremde.","robots":{"index":"index","follow":"follow","max-snippet":"max-snippet:-1","max-image-preview":"max-image-preview:large","max-video-preview":"max-video-preview:-1"},"canonical":"https:\/\/strangercam.com\/de\/video-chat-mit-maedchen\/","og_locale":"de_DE","og_type":"article","og_title":"Video Chat With Girls with Random Chat on Strangercam.com","og_description":"Liking Video Chat With Girls? Join millions on StrangerCam.com! Start a random video chat, turn on your cam, and meet strangers instantly.","og_url":"https:\/\/strangercam.com\/de\/video-chat-mit-maedchen\/","og_site_name":"Strangercam","article_publisher":"https:\/\/www.facebook.com\/strangercam","article_modified_time":"2025-08-18T12:11:55+00:00","og_image":[{"width":800,"height":532,"url":"https:\/\/strangercam.com\/wp-content\/uploads\/2021\/10\/Untitled-2.png","type":"image\/png"}],"twitter_card":"summary_large_image","twitter_site":"@strangercamapp","twitter_misc":{"Gesch\u00e4tzte Lesezeit":"5\u00a0Minuten"},"schema":{"@context":"https:\/\/schema.org","@graph":[{"@type":"WebPage","@id":"https:\/\/strangercam.com\/video-chat-with-girls\/","url":"https:\/\/strangercam.com\/video-chat-with-girls\/","name":"Video Chat mit M\u00e4dchen mit Random Chat auf Strangercam.com","isPartOf":{"@id":"https:\/\/strangercam.com\/#website"},"datePublished":"2025-08-18T11:16:48+00:00","dateModified":"2025-08-18T12:11:55+00:00","description":"M\u00f6gen Sie Video-Chat mit M\u00e4dchen? Join Millionen auf StrangerCam.com! Starten Sie einen zuf\u00e4lligen Video-Chat, schalten Sie Ihre Cam ein und treffen Sie sofort Fremde.","breadcrumb":{"@id":"https:\/\/strangercam.com\/video-chat-with-girls\/#breadcrumb"},"inLanguage":"de","potentialAction":[{"@type":"ReadAction","target":["https:\/\/strangercam.com\/video-chat-with-girls\/"]}]},{"@type":"BreadcrumbList","@id":"https:\/\/strangercam.com\/video-chat-with-girls\/#breadcrumb","itemListElement":[{"@type":"ListItem","position":1,"name":"Home","item":"https:\/\/strangercam.com\/"},{"@type":"ListItem","position":2,"name":"Video Chat With Girls"}]},{"@type":"WebSite","@id":"https:\/\/strangercam.com\/#website","url":"https:\/\/strangercam.com\/","name":"Strangercam","description":"Zuf\u00e4lliger Video-Chat mit Fremden","publisher":{"@id":"https:\/\/strangercam.com\/#organization"},"alternateName":"Strangercam.com","potentialAction":[{"@type":"SearchAction","target":{"@type":"EntryPoint","urlTemplate":"https:\/\/strangercam.com\/?s={search_term_string}"},"query-input":{"@type":"PropertyValueSpecification","valueRequired":true,"valueName":"search_term_string"}}],"inLanguage":"de"},{"@type":"Organization","@id":"https:\/\/strangercam.com\/#organization","name":"Strangercam","alternateName":"Strangercam.com","url":"https:\/\/strangercam.com\/","logo":{"@type":"ImageObject","inLanguage":"de","@id":"https:\/\/strangercam.com\/#\/schema\/logo\/image\/","url":"https:\/\/strangercam.com\/wp-content\/uploads\/2020\/11\/cropped-new-favicon-black.png","contentUrl":"https:\/\/strangercam.com\/wp-content\/uploads\/2020\/11\/cropped-new-favicon-black.png","width":512,"height":512,"caption":"Strangercam"},"image":{"@id":"https:\/\/strangercam.com\/#\/schema\/logo\/image\/"},"sameAs":["https:\/\/www.facebook.com\/strangercam","https:\/\/x.com\/strangercamapp"]}]}},"_links":{"self":[{"href":"https:\/\/strangercam.com\/de\/wp-json\/wp\/v2\/pages\/3045","targetHints":{"allow":["GET"]}}],"collection":[{"href":"https:\/\/strangercam.com\/de\/wp-json\/wp\/v2\/pages"}],"about":[{"href":"https:\/\/strangercam.com\/de\/wp-json\/wp\/v2\/types\/page"}],"author":[{"embeddable":true,"href":"https:\/\/strangercam.com\/de\/wp-json\/wp\/v2\/users\/8"}],"replies":[{"embeddable":true,"href":"https:\/\/strangercam.com\/de\/wp-json\/wp\/v2\/comments?post=3045"}],"version-history":[{"count":2,"href":"https:\/\/strangercam.com\/de\/wp-json\/wp\/v2\/pages\/3045\/revisions"}],"predecessor-version":[{"id":12968,"href":"https:\/\/strangercam.com\/de\/wp-json\/wp\/v2\/pages\/3045\/revisions\/12968"}],"wp:attachment":[{"href":"https:\/\/strangercam.com\/de\/wp-json\/wp\/v2\/media?parent=3045"}],"curies":[{"name":"wp","href":"https:\/\/api.w.org\/{rel}","templated":true}]}}