{"id":201,"date":"2025-08-18T13:43:14","date_gmt":"2025-08-18T11:43:14","guid":{"rendered":"https:\/\/strangercam.com\/?page_id=201"},"modified":"2025-08-18T14:08:48","modified_gmt":"2025-08-18T12:08:48","slug":"zufalls-cam-chat","status":"publish","type":"page","link":"https:\/\/strangercam.com\/de\/random-cam-chat\/","title":{"rendered":"Zuf\u00e4lliger Cam-Chat"},"content":{"rendered":"<p>Suchst du den Nervenkitzel des Zufalls <a href=\"https:\/\/strangercam.com\/de\/bazoocam\/\">Nocken<\/a> chatten? Sie sind nicht allein. Seit den Anfangstagen von <a href=\"https:\/\/strangercam.com\/de\/omegle\/\">Omegle<\/a> und <a href=\"https:\/\/strangercam.com\/de\/chatroulette\/\">Chatroulette<\/a>, haben sich Millionen von Menschen dem Zufall zugewandt. <a href=\"https:\/\/strangercam.com\/de\/cam-to-cam-chat\/\">Cam-Chat<\/a> Websites, um Fremde sofort und von Angesicht zu Angesicht zu treffen. Die Idee ist einfach, aber wirkungsvoll: Schalten Sie Ihre Webcam ein, klicken Sie auf eine Schaltfl\u00e4che und lernen Sie innerhalb von Sekunden einen neuen Menschen kennen.<\/p>\n<p>Heutzutage machen es Plattformen wie StrangerCam einfacher denn je, den kostenlosen Zufalls-Cam-Chat ohne Anmeldung, Downloads oder versteckte Bezahlschranken zu genie\u00dfen. Egal, ob Sie auf der Suche nach Freundschaft, Flirt, kulturellem Austausch oder einfach nur nach einem Weg, Langeweile zu vertreiben sind, der Zufalls-Cam-Chat bietet ein einzigartiges Online-Erlebnis.<\/p>\n<p>In diesem ausf\u00fchrlichen Leitfaden erfahren Sie, wie es funktioniert, welche Funktionen am wichtigsten sind, warum die Leute es lieben und warum StrangerCam einer der besten Orte f\u00fcr zuf\u00e4lligen Cam-Chat im Jahr 2025 ist.<\/p>\n<h2>Was ist Random Cam Chat?<\/h2>\n<p>Random Cam Chat ist ein Online-Dienst, der Sie mit Fremden \u00fcber Webcam und Mikrofon f\u00fcr Live-Videogespr\u00e4che zusammenbringt. Der \"zuf\u00e4llige\" Teil bedeutet, dass Sie nie wissen, wen Sie als N\u00e4chstes treffen - es k\u00f6nnte jemand aus Ihrem Land sein oder jemand am anderen Ende der Welt.<\/p>\n<p>Im Gegensatz zu sozialen Netzwerken oder Dating-Apps werden beim Random-Cam-Chat die Filter der kuratierten Profile und Biografien entfernt. Du triffst Menschen live, in Echtzeit und ohne Vorbereitung. Wenn Ihnen das Gespr\u00e4ch nicht zusagt, klicken Sie einfach auf \"Weiter\", um sofort mit einer anderen Person verbunden zu werden.<\/p>\n<h2>Warum die Leute den kostenlosen Random Cam Chat lieben<\/h2>\n<p>F\u00fcr die Beliebtheit des kostenlosen Zufalls-Cam-Chat gibt es mehrere Hauptgr\u00fcnde:<\/p>\n<ul>\n<li>Spontaneit\u00e4t: Jedes Gespr\u00e4ch ist eine \u00dcberraschung, was es spannend und s\u00fcchtig machend macht.<\/li>\n<li>Menschliche Verbindung: Vor allem in einer Welt der SMS und der sozialen Medien ist die Interaktion von Angesicht zu Angesicht erfrischend.<\/li>\n<li>Anonymit\u00e4t: Die meisten Plattformen verlangen keine Konten oder pers\u00f6nlichen Daten. Sie k\u00f6nnen so privat bleiben, wie Sie m\u00f6chten.<\/li>\n<li>Kultureller Austausch: Lernen Sie Menschen aus aller Welt kennen, erfahren Sie mehr \u00fcber ihre Kulturen und teilen Sie Ihre eigenen Erfahrungen.<\/li>\n<li>Keine gef\u00e4lschten Profile: Da es sich um ein Live-Video handelt, wissen Sie, dass Sie mit echten Menschen sprechen und nicht mit Bots oder Catfish.<\/li>\n<li>Stressabbau und Spa\u00df: Es ist eine einfache M\u00f6glichkeit, sich zu entspannen, zu lachen und sich zwanglos zu unterhalten, ohne Druck.<\/li>\n<\/ul>\n<h2>Wie Random Cam Chat funktioniert<\/h2>\n<p>Der Einstieg in den Zufalls-Cam-Chat ist ganz einfach:<\/p>\n<ol>\n<li>\u00d6ffnen Sie die Plattform auf Ihrem Computer oder Smartphone.<\/li>\n<li>Erlauben Sie den Zugriff auf Ihre Webcam und Ihr Mikrofon.<\/li>\n<li>Klicken Sie auf \"Chat starten\". Sie werden sofort mit einem zuf\u00e4lligen Fremden verbunden.<\/li>\n<li>Sprechen Sie von Angesicht zu Angesicht. Bleiben Sie, so lange Sie wollen, oder klicken Sie auf \"Weiter\", um zu einem neuen Gespr\u00e4chspartner zu wechseln.<\/li>\n<li>Endlos wiederholen. Die meisten Plattformen bieten eine unbegrenzte Anzahl kostenloser Chats an.<\/li>\n<\/ol>\n<p>Einige Websites bieten Extras wie Geschlechtsfilter, Ortspr\u00e4ferenzen oder integrierte \u00dcbersetzungswerkzeuge, um globale Chats noch einfacher zu machen.<\/p>\n<h2>Die wichtigsten Merkmale, auf die Sie achten sollten<\/h2>\n<p>Nicht alle Random-Cam-Chat-Plattformen sind gleich. Um die beste Erfahrung zu machen, sollten Sie hier nachlesen, worauf Sie achten sollten:<\/p>\n<h3>1. Wirklich freier Zugang<\/h3>\n<p>Vermeiden Sie Plattformen, die kostenlose Chats versprechen, Sie aber in eine Bezahlschranke dr\u00e4ngen. Die besten Seiten erlauben eine unbegrenzte kostenlose Nutzung.<\/p>\n<h3>2. Keine Anmeldung erforderlich<\/h3>\n<p>Sie sollten sich nicht registrieren oder pers\u00f6nliche Daten preisgeben m\u00fcssen, um den Zufalls-Cam-Chat zu nutzen.<\/p>\n<h3>3. Filter f\u00fcr Geschlecht und Ort<\/h3>\n<p>Diese erleichtern es Ihnen, mit der Art von Menschen in Kontakt zu treten, die Sie suchen.<\/p>\n<h3>4. Handy-freundliches Design<\/h3>\n<p>Eine gute Plattform sollte sowohl auf dem Desktop als auch auf dem Handy nahtlos funktionieren.<\/p>\n<h3>5. Starke M\u00e4\u00dfigung<\/h3>\n<p>Aktive Moderations- und Meldetools helfen dabei, den Raum vor unangemessenem Verhalten zu sch\u00fctzen.<\/p>\n<h3>6. Hochwertiges Video und Audio<\/h3>\n<p>Reibungslose, klare Verbindungen machen Chats noch angenehmer.<\/p>\n<h2>Beste Random-Cam-Chat-Plattformen im Jahr 2025<\/h2>\n<p>Hier sind einige der beliebtesten Random-Cam-Chat-Plattformen im Vergleich:<\/p>\n<table>\n<thead>\n<tr>\n<th>Plattform<\/th>\n<th align=\"center\">Frei zu verwenden<\/th>\n<th align=\"center\">Gender-Filter<\/th>\n<th align=\"center\">Anmeldung erforderlich<\/th>\n<th align=\"center\">Mobile Unterst\u00fctzung<\/th>\n<th>Anmerkungen<\/th>\n<\/tr>\n<\/thead>\n<tbody>\n<tr>\n<td>StrangerCam<\/td>\n<td align=\"center\">\u2705<\/td>\n<td align=\"center\">\u2705 (Frei)<\/td>\n<td align=\"center\">\u274c<\/td>\n<td align=\"center\">\u2705<\/td>\n<td>Beste Allround-Wahl f\u00fcr kostenlosen Zufalls-Cam-Chat<\/td>\n<\/tr>\n<tr>\n<td>Chatroulette<\/td>\n<td align=\"center\">\u2705<\/td>\n<td align=\"center\">\u274c (Bezahlt)<\/td>\n<td align=\"center\">\u274c<\/td>\n<td align=\"center\">\u2705<\/td>\n<td>Klassisch, aber geschlechtsspezifischer Filter gesperrt<\/td>\n<\/tr>\n<tr>\n<td>Chatrandom<\/td>\n<td align=\"center\">\u2705<\/td>\n<td align=\"center\">\u274c (Bezahlt)<\/td>\n<td align=\"center\">\u274c<\/td>\n<td align=\"center\">\u2705<\/td>\n<td>Gro\u00dfe Nutzerbasis, Paywalls f\u00fcr Filter<\/td>\n<\/tr>\n<tr>\n<td>OmeTV<\/td>\n<td align=\"center\">\u2705<\/td>\n<td align=\"center\">\u274c<\/td>\n<td align=\"center\">\u274c<\/td>\n<td align=\"center\">\u2705<\/td>\n<td>Mobile App verf\u00fcgbar, nur zuf\u00e4llig<\/td>\n<\/tr>\n<tr>\n<td>Shagle<\/td>\n<td align=\"center\">\u2705<\/td>\n<td align=\"center\">\u274c (Bezahlt)<\/td>\n<td align=\"center\">\u274c<\/td>\n<td align=\"center\">\u2705<\/td>\n<td>Kostenlose Chats, aber Premium-Upgrades werden forciert<\/td>\n<\/tr>\n<tr>\n<td><a href=\"https:\/\/strangercam.com\/de\/coomeet\/\">CooMeet<\/a><\/td>\n<td align=\"center\">\u274c (Versuch)<\/td>\n<td align=\"center\">\u2705<\/td>\n<td align=\"center\">\u2705<\/td>\n<td align=\"center\">\u2705<\/td>\n<td>Meistens nach Beendigung der Studie bezahlt<\/td>\n<\/tr>\n<tr>\n<td>LuckyCrush<\/td>\n<td align=\"center\">\u274c<\/td>\n<td align=\"center\">\u2705<\/td>\n<td align=\"center\">\u2705<\/td>\n<td align=\"center\">\u2705<\/td>\n<td>Immer bezahlt, geschlechtsspezifisches Matching<\/td>\n<\/tr>\n<\/tbody>\n<\/table>\n<p>StrangerCam zeichnet sich dadurch aus, dass es kostenlos, sicher und filterfreundlich ist, im Gegensatz zu den meisten Konkurrenten, die f\u00fcr erweiterte Funktionen Geld verlangen.<\/p>\n<h2>Warum StrangerCam eine Top-Wahl f\u00fcr Random Cam Chat ist<\/h2>\n<p>Hier erfahren Sie, warum StrangerCam eine der besten Plattformen im Stil von Omegle im Jahr 2025 ist:<\/p>\n<h3>1. V\u00f6llig kostenlos<\/h3>\n<p>Keine versteckten Kosten, Guthaben oder begrenzte Testphasen. Sie k\u00f6nnen so viel chatten, wie Sie wollen - kostenlos.<\/p>\n<h3>2. Real Gender Filter<\/h3>\n<p>Im Gegensatz zu den meisten kostenlosen Websites k\u00f6nnen Sie bei StrangerCam w\u00e4hlen, ob Sie sich mit M\u00e4nnern, Frauen oder beidem verbinden m\u00f6chten, ohne daf\u00fcr Geld zu verlangen.<\/p>\n<h3>3. Kein Konto erforderlich<\/h3>\n<p>Sofort mit dem Chatten beginnen. Keine Anmeldung, E-Mail oder pers\u00f6nliche Daten erforderlich.<\/p>\n<h3>4. 24\/7 Globale Gemeinschaft<\/h3>\n<p>Sie sind immer aktiv, so dass Ihnen nie die Menschen ausgehen, die Sie treffen m\u00f6chten.<\/p>\n<h3>5. Mobil optimiert<\/h3>\n<p>Funktioniert einwandfrei auf Handys, Tablets und Computern.<\/p>\n<h3>6. Sicher &amp; moderiert<\/h3>\n<p>Engagierte Moderatoren und Meldetools halten die Plattform sauber und angenehm.<\/p>\n<h2>Echte Anwenderberichte<\/h2>\n<blockquote><p><em>\"Seit der Schlie\u00dfung von Omegle habe ich viele Chatseiten ausprobiert, aber StrangerCam ist die einzige, die sich wie ein echtes Gesch\u00e4ft anf\u00fchlt. Sie ist kostenlos und voller echter Menschen.\"<\/em><br \/>\n- Chris, 25<\/p><\/blockquote>\n<blockquote><p><em>\"Der Gender-Filter funktioniert tats\u00e4chlich, ohne dass ich daf\u00fcr extra bezahlen muss. Das ist ein gro\u00dfer Gewinn f\u00fcr mich.\"<\/em><br \/>\n- Marta, 23<\/p><\/blockquote>\n<blockquote><p><em>\"Ich hatte in einer Nacht Kontakt zu Menschen aus f\u00fcnf verschiedenen L\u00e4ndern. Es macht so viel Spa\u00df, Fremde zu treffen.\"<\/em><br \/>\n- Dylan, 30<\/p><\/blockquote>\n<blockquote><p><em>\"Kostenlos, schnell und sicher. StrangerCam ist jetzt meine erste Anlaufstelle f\u00fcr zuf\u00e4llige Cam-Chats.\"<\/em><br \/>\n- Lea, 20<\/p><\/blockquote>\n<h2>Sicherheitstipps f\u00fcr Random Cam Chat<\/h2>\n<p>Um das Beste aus dem kostenlosen Zufalls-Cam-Chat herauszuholen und dabei sicher zu bleiben, solltest du diese Tipps beachten:<\/p>\n<ul>\n<li>Geben Sie keine pers\u00f6nlichen Informationen wie Ihren vollst\u00e4ndigen Namen, Ihre Adresse oder Telefonnummer weiter.<\/li>\n<li>\u00dcberspringen oder blockieren Sie jeden, der Ihnen Unbehagen bereitet.<\/li>\n<li>Klicken Sie niemals auf Links, die von Fremden gesendet werden.<\/li>\n<li>Achten Sie auf Ihren Hintergrund, um private Details zu vermeiden.<\/li>\n<li>Verwenden Sie Kopfh\u00f6rer f\u00fcr einen klareren Klang und mehr Privatsph\u00e4re.<\/li>\n<li>Wenn Sie unter 18 Jahre alt sind, vermeiden Sie die Nutzung von Zufalls-Cam-Chat-Plattformen.<\/li>\n<\/ul>\n<h2>Der Einstieg - Schritt f\u00fcr Schritt<\/h2>\n<p>Joining eines zuf\u00e4lligen Cam-Chats dauert weniger als eine Minute:<\/p>\n<ol>\n<li>Rufen Sie die Plattform \u00fcber Ihren Browser oder Ihr Telefon auf.<\/li>\n<li>Erlauben Sie den Zugriff auf Kamera und Mikrofon.<\/li>\n<li>Dr\u00fccken Sie \"Chat starten\".<\/li>\n<li>Treffen Sie sofort einen zuf\u00e4lligen Fremden.<\/li>\n<li>Klicken Sie auf \"Weiter\", wenn Sie zu einer neuen Person wechseln m\u00f6chten.<\/li>\n<\/ol>\n<p>Das war's - schnell, einfach und kostenlos.<\/p>\n<h2>Abschlie\u00dfende Gedanken - Versuchen Sie jetzt den kostenlosen Random Cam Chat<\/h2>\n<p>Der Zufalls-Cam-Chat ist eine der aufregendsten M\u00f6glichkeiten, im Jahr 2025 online in Kontakt zu treten. Er ist spontan, macht Spa\u00df und ist eine erfrischende Alternative zu sozialen Medien oder Dating-Apps. Mit Plattformen wie StrangerCam erhalten Sie ein wirklich kostenloses Erlebnis - keine Anmeldungen, keine Bezahlschranken und eine globale Community, die bereit ist, Sie 24\/7 zu treffen.<\/p>\n<p>Verschwenden Sie keine Zeit auf Plattformen, die kostenlose Videochats versprechen, aber alles hinter Bezahlschranken verstecken. W\u00e4hlen Sie einen Ort, an dem Sie sofort Kontakte kn\u00fcpfen, lachen und neue Freunde finden k\u00f6nnen.<\/p>\n<p>Bist du bereit, es zu erleben? Probieren Sie noch heute den kostenlosen Zufalls-Cam-Chat aus und sehen Sie, wen Sie als N\u00e4chstes treffen werden.<\/p>","protected":false},"excerpt":{"rendered":"<p>Are you looking for the thrill of random cam chat? You\u2019re not alone. Since the early days of Omegle and Chatroulette, millions of people have turned to random cam chat sites to meet strangers instantly, face-to-face. The idea is simple yet powerful: switch on your webcam, click a button, and get connected to someone new [&hellip;]<\/p>\n","protected":false},"author":8,"featured_media":0,"parent":0,"menu_order":0,"comment_status":"closed","ping_status":"closed","template":"","meta":{"footnotes":""},"class_list":["post-201","page","type-page","status-publish","hentry"],"yoast_head":"<!-- This site is optimized with the Yoast SEO plugin v27.4 - https:\/\/yoast.com\/product\/yoast-seo-wordpress\/ -->\n<title>Random Cam Chat with Random Chat on Strangercam.com<\/title>\n<meta name=\"description\" content=\"Liking Random Cam Chat? Join millions on StrangerCam.com! Start a random video chat, turn on your cam, and meet strangers instantly.\" \/>\n<meta name=\"robots\" content=\"index, follow, max-snippet:-1, max-image-preview:large, max-video-preview:-1\" \/>\n<link rel=\"canonical\" href=\"https:\/\/strangercam.com\/de\/zufalls-cam-chat\/\" \/>\n<meta property=\"og:locale\" content=\"de_DE\" \/>\n<meta property=\"og:type\" content=\"article\" \/>\n<meta property=\"og:title\" content=\"Random Cam Chat with Random Chat on Strangercam.com\" \/>\n<meta property=\"og:description\" content=\"Liking Random Cam Chat? Join millions on StrangerCam.com! Start a random video chat, turn on your cam, and meet strangers instantly.\" \/>\n<meta property=\"og:url\" content=\"https:\/\/strangercam.com\/de\/zufalls-cam-chat\/\" \/>\n<meta property=\"og:site_name\" content=\"Strangercam\" \/>\n<meta property=\"article:publisher\" content=\"https:\/\/www.facebook.com\/strangercam\" \/>\n<meta property=\"article:modified_time\" content=\"2025-08-18T12:08:48+00:00\" \/>\n<meta property=\"og:image\" content=\"https:\/\/strangercam.com\/wp-content\/uploads\/2021\/10\/Untitled-2.png\" \/>\n\t<meta property=\"og:image:width\" content=\"800\" \/>\n\t<meta property=\"og:image:height\" content=\"532\" \/>\n\t<meta property=\"og:image:type\" content=\"image\/png\" \/>\n<meta name=\"twitter:card\" content=\"summary_large_image\" \/>\n<meta name=\"twitter:site\" content=\"@strangercamapp\" \/>\n<meta name=\"twitter:label1\" content=\"Gesch\u00e4tzte Lesezeit\" \/>\n\t<meta name=\"twitter:data1\" content=\"5\u00a0Minuten\" \/>\n<script type=\"application\/ld+json\" class=\"yoast-schema-graph\">{\"@context\":\"https:\\\/\\\/schema.org\",\"@graph\":[{\"@type\":\"WebPage\",\"@id\":\"https:\\\/\\\/strangercam.com\\\/random-cam-chat\\\/\",\"url\":\"https:\\\/\\\/strangercam.com\\\/random-cam-chat\\\/\",\"name\":\"Random Cam Chat with Random Chat on Strangercam.com\",\"isPartOf\":{\"@id\":\"https:\\\/\\\/strangercam.com\\\/#website\"},\"datePublished\":\"2025-08-18T11:43:14+00:00\",\"dateModified\":\"2025-08-18T12:08:48+00:00\",\"description\":\"Liking Random Cam Chat? Join millions on StrangerCam.com! Start a random video chat, turn on your cam, and meet strangers instantly.\",\"breadcrumb\":{\"@id\":\"https:\\\/\\\/strangercam.com\\\/random-cam-chat\\\/#breadcrumb\"},\"inLanguage\":\"de\",\"potentialAction\":[{\"@type\":\"ReadAction\",\"target\":[\"https:\\\/\\\/strangercam.com\\\/random-cam-chat\\\/\"]}]},{\"@type\":\"BreadcrumbList\",\"@id\":\"https:\\\/\\\/strangercam.com\\\/random-cam-chat\\\/#breadcrumb\",\"itemListElement\":[{\"@type\":\"ListItem\",\"position\":1,\"name\":\"Home\",\"item\":\"https:\\\/\\\/strangercam.com\\\/\"},{\"@type\":\"ListItem\",\"position\":2,\"name\":\"Random Cam Chat\"}]},{\"@type\":\"WebSite\",\"@id\":\"https:\\\/\\\/strangercam.com\\\/#website\",\"url\":\"https:\\\/\\\/strangercam.com\\\/\",\"name\":\"Strangercam\",\"description\":\"Random Video Chat with Strangers\",\"publisher\":{\"@id\":\"https:\\\/\\\/strangercam.com\\\/#organization\"},\"alternateName\":\"Strangercam.com\",\"potentialAction\":[{\"@type\":\"SearchAction\",\"target\":{\"@type\":\"EntryPoint\",\"urlTemplate\":\"https:\\\/\\\/strangercam.com\\\/?s={search_term_string}\"},\"query-input\":{\"@type\":\"PropertyValueSpecification\",\"valueRequired\":true,\"valueName\":\"search_term_string\"}}],\"inLanguage\":\"de\"},{\"@type\":\"Organization\",\"@id\":\"https:\\\/\\\/strangercam.com\\\/#organization\",\"name\":\"Strangercam\",\"alternateName\":\"Strangercam.com\",\"url\":\"https:\\\/\\\/strangercam.com\\\/\",\"logo\":{\"@type\":\"ImageObject\",\"inLanguage\":\"de\",\"@id\":\"https:\\\/\\\/strangercam.com\\\/#\\\/schema\\\/logo\\\/image\\\/\",\"url\":\"https:\\\/\\\/strangercam.com\\\/wp-content\\\/uploads\\\/2020\\\/11\\\/cropped-new-favicon-black.png\",\"contentUrl\":\"https:\\\/\\\/strangercam.com\\\/wp-content\\\/uploads\\\/2020\\\/11\\\/cropped-new-favicon-black.png\",\"width\":512,\"height\":512,\"caption\":\"Strangercam\"},\"image\":{\"@id\":\"https:\\\/\\\/strangercam.com\\\/#\\\/schema\\\/logo\\\/image\\\/\"},\"sameAs\":[\"https:\\\/\\\/www.facebook.com\\\/strangercam\",\"https:\\\/\\\/x.com\\\/strangercamapp\"]}]}<\/script>\n<!-- \/ Yoast SEO plugin. -->","yoast_head_json":{"title":"Zufalls-Cam-Chat mit Zufalls-Chat auf Strangercam.com","description":"M\u00f6gen Sie Random Cam Chat? Join Millionen auf StrangerCam.com! Starten Sie einen zuf\u00e4lligen Video-Chat, schalten Sie Ihre Cam ein und treffen Sie sofort Fremde.","robots":{"index":"index","follow":"follow","max-snippet":"max-snippet:-1","max-image-preview":"max-image-preview:large","max-video-preview":"max-video-preview:-1"},"canonical":"https:\/\/strangercam.com\/de\/zufalls-cam-chat\/","og_locale":"de_DE","og_type":"article","og_title":"Random Cam Chat with Random Chat on Strangercam.com","og_description":"Liking Random Cam Chat? Join millions on StrangerCam.com! Start a random video chat, turn on your cam, and meet strangers instantly.","og_url":"https:\/\/strangercam.com\/de\/zufalls-cam-chat\/","og_site_name":"Strangercam","article_publisher":"https:\/\/www.facebook.com\/strangercam","article_modified_time":"2025-08-18T12:08:48+00:00","og_image":[{"width":800,"height":532,"url":"https:\/\/strangercam.com\/wp-content\/uploads\/2021\/10\/Untitled-2.png","type":"image\/png"}],"twitter_card":"summary_large_image","twitter_site":"@strangercamapp","twitter_misc":{"Gesch\u00e4tzte Lesezeit":"5\u00a0Minuten"},"schema":{"@context":"https:\/\/schema.org","@graph":[{"@type":"WebPage","@id":"https:\/\/strangercam.com\/random-cam-chat\/","url":"https:\/\/strangercam.com\/random-cam-chat\/","name":"Zufalls-Cam-Chat mit Zufalls-Chat auf Strangercam.com","isPartOf":{"@id":"https:\/\/strangercam.com\/#website"},"datePublished":"2025-08-18T11:43:14+00:00","dateModified":"2025-08-18T12:08:48+00:00","description":"M\u00f6gen Sie Random Cam Chat? Join Millionen auf StrangerCam.com! Starten Sie einen zuf\u00e4lligen Video-Chat, schalten Sie Ihre Cam ein und treffen Sie sofort Fremde.","breadcrumb":{"@id":"https:\/\/strangercam.com\/random-cam-chat\/#breadcrumb"},"inLanguage":"de","potentialAction":[{"@type":"ReadAction","target":["https:\/\/strangercam.com\/random-cam-chat\/"]}]},{"@type":"BreadcrumbList","@id":"https:\/\/strangercam.com\/random-cam-chat\/#breadcrumb","itemListElement":[{"@type":"ListItem","position":1,"name":"Home","item":"https:\/\/strangercam.com\/"},{"@type":"ListItem","position":2,"name":"Random Cam Chat"}]},{"@type":"WebSite","@id":"https:\/\/strangercam.com\/#website","url":"https:\/\/strangercam.com\/","name":"Strangercam","description":"Zuf\u00e4lliger Video-Chat mit Fremden","publisher":{"@id":"https:\/\/strangercam.com\/#organization"},"alternateName":"Strangercam.com","potentialAction":[{"@type":"SearchAction","target":{"@type":"EntryPoint","urlTemplate":"https:\/\/strangercam.com\/?s={search_term_string}"},"query-input":{"@type":"PropertyValueSpecification","valueRequired":true,"valueName":"search_term_string"}}],"inLanguage":"de"},{"@type":"Organization","@id":"https:\/\/strangercam.com\/#organization","name":"Strangercam","alternateName":"Strangercam.com","url":"https:\/\/strangercam.com\/","logo":{"@type":"ImageObject","inLanguage":"de","@id":"https:\/\/strangercam.com\/#\/schema\/logo\/image\/","url":"https:\/\/strangercam.com\/wp-content\/uploads\/2020\/11\/cropped-new-favicon-black.png","contentUrl":"https:\/\/strangercam.com\/wp-content\/uploads\/2020\/11\/cropped-new-favicon-black.png","width":512,"height":512,"caption":"Strangercam"},"image":{"@id":"https:\/\/strangercam.com\/#\/schema\/logo\/image\/"},"sameAs":["https:\/\/www.facebook.com\/strangercam","https:\/\/x.com\/strangercamapp"]}]}},"_links":{"self":[{"href":"https:\/\/strangercam.com\/de\/wp-json\/wp\/v2\/pages\/201","targetHints":{"allow":["GET"]}}],"collection":[{"href":"https:\/\/strangercam.com\/de\/wp-json\/wp\/v2\/pages"}],"about":[{"href":"https:\/\/strangercam.com\/de\/wp-json\/wp\/v2\/types\/page"}],"author":[{"embeddable":true,"href":"https:\/\/strangercam.com\/de\/wp-json\/wp\/v2\/users\/8"}],"replies":[{"embeddable":true,"href":"https:\/\/strangercam.com\/de\/wp-json\/wp\/v2\/comments?post=201"}],"version-history":[{"count":2,"href":"https:\/\/strangercam.com\/de\/wp-json\/wp\/v2\/pages\/201\/revisions"}],"predecessor-version":[{"id":12967,"href":"https:\/\/strangercam.com\/de\/wp-json\/wp\/v2\/pages\/201\/revisions\/12967"}],"wp:attachment":[{"href":"https:\/\/strangercam.com\/de\/wp-json\/wp\/v2\/media?parent=201"}],"curies":[{"name":"wp","href":"https:\/\/api.w.org\/{rel}","templated":true}]}}