{"id":1311,"date":"2021-04-06T10:56:49","date_gmt":"2021-04-06T08:56:49","guid":{"rendered":"https:\/\/strangercam.com\/?page_id=1311"},"modified":"2023-08-21T12:24:41","modified_gmt":"2023-08-21T10:24:41","slug":"holla","status":"publish","type":"page","link":"https:\/\/strangercam.com\/de\/holla\/","title":{"rendered":"Holla"},"content":{"rendered":"<p>Es war noch nie einfach, \u00fcber eine Website eine Verbindung herzustellen und ein pers\u00f6nliches Gespr\u00e4ch zu f\u00fchren. <a href=\"https:\/\/strangercam.com\/de\/mili\/\">live<\/a> Video <a href=\"https:\/\/strangercam.com\/de\/chatroulette\/\">Chat<\/a> mit Ihren entfernten Verwandten oder Freunden in fr\u00fcheren Zeiten. Heute hat der Videochat diese Barriere beseitigt und die tausend Kilometer Entfernung zu Ihnen nach Hause gebracht. Sie k\u00f6nnen jetzt problemlos ein <a href=\"https:\/\/strangercam.com\/de\/rabbit-video-chat\/\">Video-Chat<\/a> mit Ihren Freunden oder Ihrer Familie in fernen L\u00e4ndern \u00fcber Holla.<\/p>\n<p>Holla ist in mehr als 40 L\u00e4ndern verf\u00fcgbar und gilt als der beste Videochat im Jahr 2020. Sie k\u00f6nnen eine Live <a href=\"https:\/\/strangercam.com\/de\/amerikanischer-zufalls-videoanruf\/\">Videoanruf<\/a> f\u00fcr jeden Fremden aus der ganzen Welt. Diese Plattform besteht aus mehr als 30 Millionen registrierten Nutzern aus 190 verschiedenen L\u00e4ndern.<\/p>\n<h2>Vorteile<\/h2>\n<ul>\n<li>Beste Video-Software - Diese Software wird als die beste Video-Software des Jahres 2020 ausgezeichnet. Dies liegt daran, dass diese Software erm\u00f6glicht es Ihnen, mit einem zuf\u00e4lligen Fremden durch Video-Chat, Voice-Chat, und sogar Text-Chat zu kommunizieren. Alle diese Funktionen sind kostenlos. Dar\u00fcber hinaus erm\u00f6glicht es Ihnen, Freunde auf der ganzen Welt zu machen, indem Sie einfach mit dem Finger streichen, und l\u00e4sst Sie aus Tausenden von Optionen w\u00e4hlen.<br \/>\nUnvergleichlicher Klang und<\/li>\n<li>Qualit\u00e4t - Das Holla bietet Ihnen die M\u00f6glichkeit, mit Ihren Freunden, Fremden oder sogar Familienmitgliedern, die Tausende von Kilometern entfernt leben, zu sprechen. Das liegt daran, dass es Ihnen die Freiheit gibt, zu w\u00e4hlen und durch unvergleichlichen Klang und Qualit\u00e4t zu kommunizieren, so dass Ihr Anruf nicht aufgrund schlechter Netzwerk- oder Klangqualit\u00e4t unterbrochen wird.<\/li>\n<li>Vielzahl von Funktionen - Dar\u00fcber hinaus ist diese Software verf\u00fcgbar, um in jedem Netzwerk wie 3G, 4G oder sogar Wi-Fi-Netzwerkverbindung zu verwenden. Es erlaubt Ihnen auch, kostenlose Live-Video-Chat, kostenlose Live-Voice-Chat, und kostenlose Text-Chat zu verwenden. Holla bietet seinen Nutzern die M\u00f6glichkeit, direkte Live-Videogespr\u00e4che zu f\u00fchren. Sie m\u00fcssen nur das Geschlecht und die Region Ihrer Pr\u00e4ferenz ausw\u00e4hlen. Sicher und solide im Gebrauch, k\u00f6nnen Sie einfach <a href=\"https:\/\/strangercam.com\/de\/coomeet\/\">treffen<\/a> neue Leute rund um den Globus kennenzulernen, ohne dass es zu Problemen kommt.<\/li>\n<\/ul>\n<h3>Hauptfunktionen des Holla<\/h3>\n<p>Wenn man Holla benutzt, kann man viele \u00dcberraschungen erwarten. Das hei\u00dft, wenn Sie einen Video-Chat haben, oder sogar wenn Sie mit einem unbekannten Fremden chatten, werden Sie voller \u00dcberraschungen sein. Au\u00dferdem wei\u00df man nicht, wen man in der n\u00e4chsten Minute treffen wird. All die talentierten jungen Leute kommen auf diese Plattform, um sich zu treffen und neue Freunde durch Echtzeitgespr\u00e4che zu finden.<\/p>\n<p>Die ganze Definition des kostenlosen Live-Videochats erwartet Sie mit Videofiltern und Aufklebern, die ein atemberaubendes Erlebnis f\u00fcr Sie schaffen. Holla ist kostenlos zu verwenden, k\u00f6nnen Sie Bonus-Premium-Funktionen, die nur in Live-Videochat mit benutzerdefinierten Video-Streaming und Matching verf\u00fcgbar sind zu erhalten.<\/p>","protected":false},"excerpt":{"rendered":"<p>It was never easy to connect and talk one-on-one physically through a live video chat with your distant relative, or friends in earlier days. Today, video chatting has eliminated that barrier and brought a thousand kilometres of distance to your home. You can now easily hold a video chat with your friends, or family in [&hellip;]<\/p>\n","protected":false},"author":6,"featured_media":559,"parent":0,"menu_order":0,"comment_status":"closed","ping_status":"closed","template":"","meta":{"footnotes":""},"class_list":["post-1311","page","type-page","status-publish","has-post-thumbnail","hentry"],"yoast_head":"<!-- This site is optimized with the Yoast SEO plugin v26.9 - https:\/\/yoast.com\/product\/yoast-seo-wordpress\/ -->\n<title>Holla - Best Random Video Chat - Cam on StrangerCam.com<\/title>\n<meta name=\"description\" content=\"Like Holla? Come chat with more than 5.000.000 strangers on Stranger Cam for Free! Turn on your cam and find new friends &amp; maby a match!\" \/>\n<meta name=\"robots\" content=\"index, follow, max-snippet:-1, max-image-preview:large, max-video-preview:-1\" \/>\n<link rel=\"canonical\" href=\"https:\/\/strangercam.com\/de\/holla\/\" \/>\n<meta property=\"og:locale\" content=\"de_DE\" \/>\n<meta property=\"og:type\" content=\"article\" \/>\n<meta property=\"og:title\" content=\"Holla - Best Random Video Chat - Cam on StrangerCam.com\" \/>\n<meta property=\"og:description\" content=\"Like Holla? Come chat with more than 5.000.000 strangers on Stranger Cam for Free! Turn on your cam and find new friends &amp; maby a match!\" \/>\n<meta property=\"og:url\" content=\"https:\/\/strangercam.com\/de\/holla\/\" \/>\n<meta property=\"og:site_name\" content=\"Strangercam\" \/>\n<meta property=\"article:publisher\" content=\"https:\/\/www.facebook.com\/strangercam\" \/>\n<meta property=\"article:modified_time\" content=\"2023-08-21T10:24:41+00:00\" \/>\n<meta property=\"og:image\" content=\"https:\/\/strangercam.com\/wp-content\/uploads\/2020\/11\/stranger-cam-1.png\" \/>\n\t<meta property=\"og:image:width\" content=\"800\" \/>\n\t<meta property=\"og:image:height\" content=\"800\" \/>\n\t<meta property=\"og:image:type\" content=\"image\/png\" \/>\n<meta name=\"twitter:card\" content=\"summary_large_image\" \/>\n<meta name=\"twitter:site\" content=\"@strangercamapp\" \/>\n<meta name=\"twitter:label1\" content=\"Gesch\u00e4tzte Lesezeit\" \/>\n\t<meta name=\"twitter:data1\" content=\"2\u00a0Minuten\" \/>\n<script type=\"application\/ld+json\" class=\"yoast-schema-graph\">{\"@context\":\"https:\/\/schema.org\",\"@graph\":[{\"@type\":\"WebPage\",\"@id\":\"https:\/\/strangercam.com\/holla\/\",\"url\":\"https:\/\/strangercam.com\/holla\/\",\"name\":\"Holla - Best Random Video Chat - Cam on StrangerCam.com\",\"isPartOf\":{\"@id\":\"https:\/\/strangercam.com\/#website\"},\"primaryImageOfPage\":{\"@id\":\"https:\/\/strangercam.com\/holla\/#primaryimage\"},\"image\":{\"@id\":\"https:\/\/strangercam.com\/holla\/#primaryimage\"},\"thumbnailUrl\":\"https:\/\/strangercam.com\/wp-content\/uploads\/2020\/11\/stranger-cam-1.png\",\"datePublished\":\"2021-04-06T08:56:49+00:00\",\"dateModified\":\"2023-08-21T10:24:41+00:00\",\"description\":\"Like Holla? Come chat with more than 5.000.000 strangers on Stranger Cam for Free! Turn on your cam and find new friends & maby a match!\",\"breadcrumb\":{\"@id\":\"https:\/\/strangercam.com\/holla\/#breadcrumb\"},\"inLanguage\":\"de\",\"potentialAction\":[{\"@type\":\"ReadAction\",\"target\":[\"https:\/\/strangercam.com\/holla\/\"]}]},{\"@type\":\"ImageObject\",\"inLanguage\":\"de\",\"@id\":\"https:\/\/strangercam.com\/holla\/#primaryimage\",\"url\":\"https:\/\/strangercam.com\/wp-content\/uploads\/2020\/11\/stranger-cam-1.png\",\"contentUrl\":\"https:\/\/strangercam.com\/wp-content\/uploads\/2020\/11\/stranger-cam-1.png\",\"width\":800,\"height\":800,\"caption\":\"stranger cam random video chat\"},{\"@type\":\"BreadcrumbList\",\"@id\":\"https:\/\/strangercam.com\/holla\/#breadcrumb\",\"itemListElement\":[{\"@type\":\"ListItem\",\"position\":1,\"name\":\"Home\",\"item\":\"https:\/\/strangercam.com\/\"},{\"@type\":\"ListItem\",\"position\":2,\"name\":\"Holla\"}]},{\"@type\":\"WebSite\",\"@id\":\"https:\/\/strangercam.com\/#website\",\"url\":\"https:\/\/strangercam.com\/\",\"name\":\"Strangercam\",\"description\":\"Random Video Chat with Strangers\",\"publisher\":{\"@id\":\"https:\/\/strangercam.com\/#organization\"},\"alternateName\":\"Strangercam.com\",\"potentialAction\":[{\"@type\":\"SearchAction\",\"target\":{\"@type\":\"EntryPoint\",\"urlTemplate\":\"https:\/\/strangercam.com\/?s={search_term_string}\"},\"query-input\":{\"@type\":\"PropertyValueSpecification\",\"valueRequired\":true,\"valueName\":\"search_term_string\"}}],\"inLanguage\":\"de\"},{\"@type\":\"Organization\",\"@id\":\"https:\/\/strangercam.com\/#organization\",\"name\":\"Strangercam\",\"alternateName\":\"Strangercam.com\",\"url\":\"https:\/\/strangercam.com\/\",\"logo\":{\"@type\":\"ImageObject\",\"inLanguage\":\"de\",\"@id\":\"https:\/\/strangercam.com\/#\/schema\/logo\/image\/\",\"url\":\"https:\/\/strangercam.com\/wp-content\/uploads\/2020\/11\/cropped-new-favicon-black.png\",\"contentUrl\":\"https:\/\/strangercam.com\/wp-content\/uploads\/2020\/11\/cropped-new-favicon-black.png\",\"width\":512,\"height\":512,\"caption\":\"Strangercam\"},\"image\":{\"@id\":\"https:\/\/strangercam.com\/#\/schema\/logo\/image\/\"},\"sameAs\":[\"https:\/\/www.facebook.com\/strangercam\",\"https:\/\/x.com\/strangercamapp\"]}]}<\/script>\n<!-- \/ Yoast SEO plugin. -->","yoast_head_json":{"title":"Holla - Best Random Video Chat - Cam auf StrangerCam.com","description":"Gef\u00e4llt dir Holla? Komm und chatte mit mehr als 5.000.000 Fremden auf Stranger Cam kostenlos! Schalte deine Kamera ein und finde neue Freunde und vielleicht einen Partner!","robots":{"index":"index","follow":"follow","max-snippet":"max-snippet:-1","max-image-preview":"max-image-preview:large","max-video-preview":"max-video-preview:-1"},"canonical":"https:\/\/strangercam.com\/de\/holla\/","og_locale":"de_DE","og_type":"article","og_title":"Holla - Best Random Video Chat - Cam on StrangerCam.com","og_description":"Like Holla? Come chat with more than 5.000.000 strangers on Stranger Cam for Free! Turn on your cam and find new friends & maby a match!","og_url":"https:\/\/strangercam.com\/de\/holla\/","og_site_name":"Strangercam","article_publisher":"https:\/\/www.facebook.com\/strangercam","article_modified_time":"2023-08-21T10:24:41+00:00","og_image":[{"width":800,"height":800,"url":"https:\/\/strangercam.com\/wp-content\/uploads\/2020\/11\/stranger-cam-1.png","type":"image\/png"}],"twitter_card":"summary_large_image","twitter_site":"@strangercamapp","twitter_misc":{"Gesch\u00e4tzte Lesezeit":"2\u00a0Minuten"},"schema":{"@context":"https:\/\/schema.org","@graph":[{"@type":"WebPage","@id":"https:\/\/strangercam.com\/holla\/","url":"https:\/\/strangercam.com\/holla\/","name":"Holla - Best Random Video Chat - Cam auf StrangerCam.com","isPartOf":{"@id":"https:\/\/strangercam.com\/#website"},"primaryImageOfPage":{"@id":"https:\/\/strangercam.com\/holla\/#primaryimage"},"image":{"@id":"https:\/\/strangercam.com\/holla\/#primaryimage"},"thumbnailUrl":"https:\/\/strangercam.com\/wp-content\/uploads\/2020\/11\/stranger-cam-1.png","datePublished":"2021-04-06T08:56:49+00:00","dateModified":"2023-08-21T10:24:41+00:00","description":"Gef\u00e4llt dir Holla? Komm und chatte mit mehr als 5.000.000 Fremden auf Stranger Cam kostenlos! Schalte deine Kamera ein und finde neue Freunde und vielleicht einen Partner!","breadcrumb":{"@id":"https:\/\/strangercam.com\/holla\/#breadcrumb"},"inLanguage":"de","potentialAction":[{"@type":"ReadAction","target":["https:\/\/strangercam.com\/holla\/"]}]},{"@type":"ImageObject","inLanguage":"de","@id":"https:\/\/strangercam.com\/holla\/#primaryimage","url":"https:\/\/strangercam.com\/wp-content\/uploads\/2020\/11\/stranger-cam-1.png","contentUrl":"https:\/\/strangercam.com\/wp-content\/uploads\/2020\/11\/stranger-cam-1.png","width":800,"height":800,"caption":"stranger cam random video chat"},{"@type":"BreadcrumbList","@id":"https:\/\/strangercam.com\/holla\/#breadcrumb","itemListElement":[{"@type":"ListItem","position":1,"name":"Home","item":"https:\/\/strangercam.com\/"},{"@type":"ListItem","position":2,"name":"Holla"}]},{"@type":"WebSite","@id":"https:\/\/strangercam.com\/#website","url":"https:\/\/strangercam.com\/","name":"Strangercam","description":"Zuf\u00e4lliger Video-Chat mit Fremden","publisher":{"@id":"https:\/\/strangercam.com\/#organization"},"alternateName":"Strangercam.com","potentialAction":[{"@type":"SearchAction","target":{"@type":"EntryPoint","urlTemplate":"https:\/\/strangercam.com\/?s={search_term_string}"},"query-input":{"@type":"PropertyValueSpecification","valueRequired":true,"valueName":"search_term_string"}}],"inLanguage":"de"},{"@type":"Organization","@id":"https:\/\/strangercam.com\/#organization","name":"Strangercam","alternateName":"Strangercam.com","url":"https:\/\/strangercam.com\/","logo":{"@type":"ImageObject","inLanguage":"de","@id":"https:\/\/strangercam.com\/#\/schema\/logo\/image\/","url":"https:\/\/strangercam.com\/wp-content\/uploads\/2020\/11\/cropped-new-favicon-black.png","contentUrl":"https:\/\/strangercam.com\/wp-content\/uploads\/2020\/11\/cropped-new-favicon-black.png","width":512,"height":512,"caption":"Strangercam"},"image":{"@id":"https:\/\/strangercam.com\/#\/schema\/logo\/image\/"},"sameAs":["https:\/\/www.facebook.com\/strangercam","https:\/\/x.com\/strangercamapp"]}]}},"_links":{"self":[{"href":"https:\/\/strangercam.com\/de\/wp-json\/wp\/v2\/pages\/1311","targetHints":{"allow":["GET"]}}],"collection":[{"href":"https:\/\/strangercam.com\/de\/wp-json\/wp\/v2\/pages"}],"about":[{"href":"https:\/\/strangercam.com\/de\/wp-json\/wp\/v2\/types\/page"}],"author":[{"embeddable":true,"href":"https:\/\/strangercam.com\/de\/wp-json\/wp\/v2\/users\/6"}],"replies":[{"embeddable":true,"href":"https:\/\/strangercam.com\/de\/wp-json\/wp\/v2\/comments?post=1311"}],"version-history":[{"count":0,"href":"https:\/\/strangercam.com\/de\/wp-json\/wp\/v2\/pages\/1311\/revisions"}],"wp:featuredmedia":[{"embeddable":true,"href":"https:\/\/strangercam.com\/de\/wp-json\/wp\/v2\/media\/559"}],"wp:attachment":[{"href":"https:\/\/strangercam.com\/de\/wp-json\/wp\/v2\/media?parent=1311"}],"curies":[{"name":"wp","href":"https:\/\/api.w.org\/{rel}","templated":true}]}}