{"id":13057,"date":"2025-10-24T10:20:35","date_gmt":"2025-10-24T08:20:35","guid":{"rendered":"https:\/\/strangercam.com\/?page_id=13057"},"modified":"2025-10-24T10:20:35","modified_gmt":"2025-10-24T08:20:35","slug":"umingle","status":"publish","type":"page","link":"https:\/\/strangercam.com\/de\/umingle\/","title":{"rendered":"Umstellung"},"content":{"rendered":"<p>In der Post-Omegle-\u00c4ra wurden Dutzende von Zufallsvideos <a href=\"https:\/\/strangercam.com\/de\/chathub\/\">Chat<\/a> Plattformen sind entstanden, die alle versuchen, die Spannung spontaner Online-Gespr\u00e4che einzufangen. Nur wenigen gelingt es jedoch, Einfachheit, Geschwindigkeit und Sicherheit auf eine Weise zu kombinieren, die tats\u00e4chlich funktioniert. Umingle ist einer der neuesten Anbieter in diesem Bereich - eine globale Zufalls-Videochat-Plattform f\u00fcr Menschen, die <a href=\"https:\/\/strangercam.com\/de\/coomeet\/\">treffen<\/a> Fremde sofort, ohne Anmeldungen oder komplizierte Funktionen.<\/p>\n<p>Umingle wurde f\u00fcr eine Generation entwickelt, die schnelle, authentische Interaktionen sch\u00e4tzt, und gibt dem klassischen \"Gespr\u00e4ch mit Fremden\" eine moderne Wendung. Aber wie kann es sich gegen etablierte Namen wie Ohmegle, Lotta und ChatRT behaupten? Werfen wir einen genaueren Blick darauf.<\/p>\n<h2>Was ist Umingle?<\/h2>\n<p>Umingle ist eine kostenlose Zufalls-Videochat-Plattform, die Nutzer auf der ganzen Welt f\u00fcr Echtzeit-Gespr\u00e4che von Angesicht zu Angesicht miteinander verbindet. Sie m\u00fcssen kein Konto erstellen, kein Foto hochladen und Ihre Identit\u00e4t nicht verifizieren - klicken Sie einfach auf \"Chat starten\" und Sie werden sofort mit einem Fremden zusammengebracht.<\/p>\n<p>Der Name der Website spiegelt ihr Ziel perfekt wider: \"sich online zwanglos und frei zu mischen\". Im Gegensatz zu Dating-Apps, die Bios, Swipes und endloses Warten erfordern, bietet Umingle direkte, spontane Interaktion von dem Moment an, in dem Sie ankommen.<\/p>\n<h2>Was ist der Zweck von Umingle?<\/h2>\n<p>Die Mission von Umingle ist einfach: Online-Kontakte sollen Spa\u00df machen, schnell und reibungslos sein.<\/p>\n<p>Es ist f\u00fcr Benutzer gedacht, die:<\/p>\n<ul>\n<li>Vermissen Sie die Einfachheit eines Videochats im Stil von Omegle?<\/li>\n<li>Sie m\u00f6chten anonym und ohne Druck neue Leute kennenlernen<\/li>\n<li>Bevorzugen schnelle, spontane Unterhaltungen gegen\u00fcber kuratierten Profilen<\/li>\n<li>Genie\u00dfen Sie den kulturellen Austausch und die globale Verbindung<\/li>\n<\/ul>\n<p>Egal, ob Sie Freundschaften schlie\u00dfen, eine Sprache \u00fcben, zwanglos flirten oder sich einfach nur die Zeit vertreiben wollen, Umingle schafft einen einladenden digitalen Raum f\u00fcr authentische pers\u00f6nliche Interaktion.<\/p>\n<h2>Wesentliche Merkmale<\/h2>\n<p>1. Sofortiger zuf\u00e4lliger Video-Chat<br \/>\nDas Hauptmerkmal von Umingle ist das Live-Videochat-System. Mit einem Klick wird man sofort mit einem neuen Menschen zusammengebracht. Es gibt keine Warteschlange, keine Wartezeit und keine Registrierung.<\/p>\n<p>2. \u00dcberspringen\/N\u00e4chste Taste<br \/>\nGef\u00e4llt Ihnen Ihr aktueller Chat nicht? Klicken Sie einfach auf \"Weiter\", um den Chat zu \u00fcberspringen und sich mit jemand anderem zu treffen. Es geht schnell und fl\u00fcssig, so dass Sie in wenigen Minuten Dutzende neuer Leute kennenlernen k\u00f6nnen.<\/p>\n<p>3. Text-Chat-Option<br \/>\nNeben der Videofunktion bietet Umingle auch eine Text-Chat-Funktion, die ideal ist, um das Eis zu brechen oder leise zu chatten, wenn man sein Mikrofon nicht benutzen m\u00f6chte.<\/p>\n<p>4. 100% Anonyme Erfahrung<br \/>\nUmingle fragt Sie nicht nach Ihrem Namen, Ihrer E-Mail-Adresse oder Ihrer Telefonnummer. Ihre Privatsph\u00e4re wird von Anfang an respektiert, und Sie bleiben w\u00e4hrend Ihrer Chats v\u00f6llig anonym.<\/p>\n<p>5. Mobil- und Desktop-freundlich<br \/>\nDie Plattform ist so konzipiert, dass sie sowohl auf Desktop-Browsern als auch auf mobilen Ger\u00e4ten perfekt funktioniert. Egal, ob Sie Ihr Telefon oder Ihren Laptop verwenden, die Schnittstelle passt sich nahtlos an und erm\u00f6glicht einen reibungslosen Video- und Text-Chat.<\/p>\n<p>6. Leichte, moderne Schnittstelle<br \/>\nUmingle zeichnet sich durch ein klares, minimalistisches Design aus. Es gibt keine st\u00f6renden Popups oder \u00fcberm\u00e4\u00dfige Werbung - nur ein gro\u00dfes Videofenster, intuitive Schaltfl\u00e4chen und schnelle Verbindungen.<\/p>\n<p>7. Berichts- und Moderationswerkzeuge<br \/>\nDie Sicherheit der Nutzer hat h\u00f6chste Priorit\u00e4t. Wenn Sie auf unangemessenes Verhalten sto\u00dfen, k\u00f6nnen Sie den Chat mit der Schaltfl\u00e4che \"Melden\" sofort kennzeichnen. Umingle verwendet eine Mischung aus KI-Filtern und menschlicher Moderation, um eine sichere Umgebung aufrechtzuerhalten.<\/p>\n<h2>Ist Umingle frei?<\/h2>\n<p>Ja - Umingle ist 100% kostenlos zu benutzen.<\/p>\n<p>Alle Kernfunktionen sind kostenlos verf\u00fcgbar:<\/p>\n<ul>\n<li>Unbegrenzte Video- und Textchats nach dem Zufallsprinzip<\/li>\n<li>Sofortiges \u00dcberspringen\/N\u00e4chste-Funktion<\/li>\n<li>Kompatibilit\u00e4t mit Mobilger\u00e4ten und Desktops<\/li>\n<\/ul>\n<p>Es gibt keine Abonnements, M\u00fcnzen oder kostenpflichtige Upgrades. Die Plattform ist f\u00fcr jedermann zug\u00e4nglich und wird durch leichte Werbung unterst\u00fctzt, die das Chat-Erlebnis nicht beeintr\u00e4chtigt.<\/p>\n<h2>Wer benutzt Umingle?<\/h2>\n<p>Umingle zieht ein vielf\u00e4ltiges und internationales Publikum an, das gerne online Kontakte kn\u00fcpft:<\/p>\n<ul>\n<li>Altersgruppe: Meistens 18-35 (nur f\u00fcr Erwachsene, 18+)<\/li>\n<li>Nutzerkreis: Studenten, Reisende, junge Berufst\u00e4tige und Gelegenheitschatter<\/li>\n<li>L\u00e4nder: Beliebt in den USA, im Vereinigten K\u00f6nigreich, in Frankreich, Indien, Brasilien und auf den Philippinen<\/li>\n<li>Beweggr\u00fcnde: Neue Freunde kennenlernen, zwangloses Flirten, kultureller Austausch, Sprach\u00fcbungen oder einfach nur Langeweile vertreiben<\/li>\n<\/ul>\n<p>Was Umingle so attraktiv macht, ist seine ausgewogene, freundliche Gemeinschaft. Obwohl es eine globale Reichweite hat, tragen die Schnittstelle und die Moderation dazu bei, ein positiveres, respektvolleres Umfeld zu schaffen als viele \u00e4ltere Zufalls-Chat-Plattformen.<\/p>\n<h2>Sicherheit, Datenschutz und Moderation<\/h2>\n<p>Umingle ist sich bewusst, dass Anonymit\u00e4t sowohl das beste als auch das schlechteste Online-Verhalten anziehen kann. Um dem entgegenzuwirken, werden strenge Sicherheitsma\u00dfnahmen und die Moderation der Gemeinschaft eingesetzt.<\/p>\n<h3>Datenschutz<\/h3>\n<ul>\n<li>Keine Anmeldung oder pers\u00f6nliche Informationen erforderlich<\/li>\n<li>Chats werden nicht aufgezeichnet oder gespeichert<\/li>\n<li>Der Zugriff auf Webcam und Mikrofon wird vollst\u00e4ndig vom Benutzer gesteuert<\/li>\n<li>HTTPS-Verschl\u00fcsselung gew\u00e4hrleistet sichere Verbindungen<\/li>\n<\/ul>\n<h3>Moderation<\/h3>\n<ul>\n<li>KI-basierte Inhaltserkennung hilft bei der Identifizierung unangemessenen Verhaltens<\/li>\n<li>Tools f\u00fcr die Benutzerberichterstattung erm\u00f6glichen die schnelle Kennzeichnung von Verst\u00f6\u00dfen<\/li>\n<li>Menschliche Moderatoren \u00fcberpr\u00fcfen Berichte und entfernen Wiederholungst\u00e4ter<\/li>\n<\/ul>\n<h3>Sicherheitstipps<\/h3>\n<ul>\n<li>Geben Sie niemals pers\u00f6nliche Daten wie den vollst\u00e4ndigen Namen, die Adresse oder Handles in sozialen Medien weiter.<\/li>\n<li>Beenden Sie jedes Gespr\u00e4ch, bei dem Sie sich unwohl f\u00fchlen<\/li>\n<li>Verwenden Sie \"\u00dcberspringen\" und \"Melden\" wann immer n\u00f6tig<\/li>\n<li>Jede Interaktion als anonym und vor\u00fcbergehend behandeln<\/li>\n<\/ul>\n<h2>Benutzererfahrung und Design<\/h2>\n<p>Umingle bietet ein reibungsloses, schnelles und \u00fcbersichtliches Erlebnis, das modern und intuitiv ist:<\/p>\n<ul>\n<li>Startseite: Einfaches Layout mit einer auff\u00e4lligen Schaltfl\u00e4che \"Chat starten\" und klaren Leitlinien<\/li>\n<li>Video-Schnittstelle: Gro\u00dfe Videobereiche und leicht zug\u00e4ngliche Steuerelemente f\u00fcr \u00dcberspringen, Text und Bericht<\/li>\n<li>Leistung: Schnelle Verbindungen, minimale Verz\u00f6gerung und schnelles Wiederherstellen von Verbindungen zwischen Chats<\/li>\n<li>Mobile Optimierung: Perfektes Ansprechverhalten auf Smartphones und Tablets<\/li>\n<li>Visueller Stil: Sauberes, minimales Design, bei dem das Video im Vordergrund steht und keine ablenkenden Elemente<\/li>\n<\/ul>\n<p>Insgesamt wirkt Umingle professionell und leichtgewichtig - ohne das veraltete Aussehen \u00e4lterer Zufalls-Chat-Seiten.<\/p>\n<h2>Umingle im Vergleich zu anderen Zufalls-Chat-Plattformen<\/h2>\n<p>Wie schneidet Umingle im Vergleich zu anderen Omegle-\u00e4hnlichen Alternativen ab?<\/p>\n<table>\n<thead>\n<tr>\n<th>Merkmal<\/th>\n<th>Umstellung<\/th>\n<th><a href=\"https:\/\/strangercam.com\/de\/omegle\/\">Omegle<\/a> (geschlossen)<\/th>\n<th>Ohmegle<\/th>\n<th>Lotta<\/th>\n<th>ChatRT<\/th>\n<th>MatchPub<\/th>\n<th><a href=\"https:\/\/strangercam.com\/de\/ometv\/\">OmeTV<\/a><\/th>\n<\/tr>\n<\/thead>\n<tbody>\n<tr>\n<td>Random Video Chat mit Fremden<\/td>\n<td>Ja<\/td>\n<td>Ja<\/td>\n<td>Ja<\/td>\n<td>Ja<\/td>\n<td>Ja<\/td>\n<td>Ja<\/td>\n<td>Ja<\/td>\n<\/tr>\n<tr>\n<td>Text-Chat-Option<\/td>\n<td>Ja<\/td>\n<td>Ja<\/td>\n<td>Ja<\/td>\n<td>Ja<\/td>\n<td>Ja<\/td>\n<td>Ja<\/td>\n<td>Ja<\/td>\n<\/tr>\n<tr>\n<td>Registrierung erforderlich<\/td>\n<td>Nein<\/td>\n<td>Nein<\/td>\n<td>Nein<\/td>\n<td>Nein<\/td>\n<td>Nein<\/td>\n<td>Nein<\/td>\n<td>Nein<\/td>\n<\/tr>\n<tr>\n<td>Mobilfreundlich<\/td>\n<td>Ausgezeichnet<\/td>\n<td>Schlecht<\/td>\n<td>Ausgezeichnet<\/td>\n<td>Ausgezeichnet<\/td>\n<td>Ausgezeichnet<\/td>\n<td>Ausgezeichnet<\/td>\n<td>Gut<\/td>\n<\/tr>\n<tr>\n<td>Geschlecht\/Region-Filter<\/td>\n<td>Nein<\/td>\n<td>Nein<\/td>\n<td>Nein<\/td>\n<td>Nein<\/td>\n<td>Nein<\/td>\n<td>Nein<\/td>\n<td>Bezahlt<\/td>\n<\/tr>\n<tr>\n<td>Moderations-Tools<\/td>\n<td>Stark<\/td>\n<td>Schwach<\/td>\n<td>M\u00e4\u00dfig<\/td>\n<td>Gut<\/td>\n<td>Stark<\/td>\n<td>Gut<\/td>\n<td>Stark<\/td>\n<\/tr>\n<tr>\n<td>Frei zu verwenden<\/td>\n<td>Ja<\/td>\n<td>Ja<\/td>\n<td>Ja<\/td>\n<td>Ja<\/td>\n<td>Ja<\/td>\n<td>Ja<\/td>\n<td>Ja\/Bezahlt<\/td>\n<\/tr>\n<\/tbody>\n<\/table>\n<p>Zusammenfassung: Umingle ist am ehesten mit ChatRT und Lotta vergleichbar - alle sind kostenlos, anonym und schnell - aber es zeichnet sich durch eine sauberere Oberfl\u00e4che und eine reibungslosere mobile Erfahrung aus. Es bietet zwar noch keine fortschrittlichen Filter, aber seine Einfachheit macht einen Teil seines Charmes aus.<\/p>\n<h2>Pro und Kontra<\/h2>\n<p>Vorteile:<\/p>\n<ul>\n<li>100% kostenlos und ohne Registrierung<\/li>\n<li>Schneller und anonymer Zufalls-Videochat<\/li>\n<li>Klares, modernes Design mit reibungsloser Leistung<\/li>\n<li>Funktioniert perfekt auf Handy und Desktop<\/li>\n<li>Sofortiges \u00dcberspringen und Text-Chat-Optionen<\/li>\n<li>Starke Moderations- und Berichtswerkzeuge<\/li>\n<\/ul>\n<p>Nachteile:<\/p>\n<ul>\n<li>Keine Geschlechts- oder L\u00e4nderfilter<\/li>\n<li>Gelegentliche unangemessene Benutzer (wie bei allen anonymen Chats)<\/li>\n<li>Mehr m\u00e4nnliche Nutzer als weibliche Nutzer<\/li>\n<li>Kein Profil- oder Freundesystem<\/li>\n<li>Immer noch wachsende Nutzerbasis im Vergleich zu \u00e4lteren Alternativen<\/li>\n<\/ul>\n<h2>Ideale Anwendungsf\u00e4lle<\/h2>\n<p>Umingle ist perfekt f\u00fcr:<\/p>\n<ul>\n<li>Ventilatoren von Omegle und <a href=\"https:\/\/strangercam.com\/de\/chatroulette\/\">Chatroulette<\/a> die einen modernen Ersatz w\u00fcnschen<\/li>\n<li>Menschen, die anonyme Gespr\u00e4che unter vier Augen m\u00f6gen<\/li>\n<li>Sprachsch\u00fcler oder Reisende, die globale Verbindungen erkunden<\/li>\n<li>Studenten und junge Erwachsene, die zwanglos Kontakte kn\u00fcpfen wollen<\/li>\n<li>Mobile Nutzer suchen schnellen, kostenlosen Zufalls-Videochat<\/li>\n<\/ul>\n<p>Weniger ideal f\u00fcr:<\/p>\n<ul>\n<li>Minderj\u00e4hrige Nutzer (18+)<\/li>\n<li>Diejenigen, die Dating-Filter oder Re-Matching-Optionen w\u00fcnschen<\/li>\n<li>Menschen, die nach langfristigen Verbindungen oder sozialen Profilen suchen<\/li>\n<\/ul>\n<p>Umingle ist eine der vielversprechendsten Videochat-Plattformen im Stil von Omegle im Jahr 2025. Sie f\u00e4ngt alles ein, was den spontanen Online-Chat so unterhaltsam gemacht hat - Einfachheit, Geschwindigkeit und globale Reichweite - und aktualisiert es mit einem modernen, mobilfreundlichen Design und starken Sicherheitstools.<\/p>\n<p>Wenn Sie auf der Suche nach einer schnellen, kostenlosen und anonymen M\u00f6glichkeit sind, Fremde online zu treffen, bietet Umingle genau das. Mit reibungsloser Leistung, einfacher Berichterstattung und einer einladenden Benutzerbasis wird es schnell zu einer der besten neuen Zufalls-Chat-Seiten des Jahres.<\/p>\n<p>Ob Sie Freunde finden, flirten oder sich einfach nur die Zeit vertreiben wollen, Umingle ist auf jeden Fall einen Versuch wert.<\/p>","protected":false},"excerpt":{"rendered":"<p>In the post-Omegle era, dozens of random video chat platforms have emerged, all trying to capture the excitement of spontaneous online conversations. Few, however, manage to combine simplicity, speed, and safety in a way that actually works. Umingle is one of the newest entrants in this space \u2014 a global random video chat platform built [&hellip;]<\/p>\n","protected":false},"author":6,"featured_media":0,"parent":0,"menu_order":0,"comment_status":"closed","ping_status":"closed","template":"","meta":{"footnotes":""},"class_list":["post-13057","page","type-page","status-publish","hentry"],"yoast_head":"<!-- This site is optimized with the Yoast SEO plugin v26.9 - https:\/\/yoast.com\/product\/yoast-seo-wordpress\/ -->\n<title>Umingle - Chat with Strangers - StrangerCam.com<\/title>\n<meta name=\"description\" content=\"Like Umingle? Come chat with more than 5.000.000 strangers on Strangercam for Free! Turn on your cam and find new friends &amp; maby a match!\" \/>\n<meta name=\"robots\" content=\"index, follow, max-snippet:-1, max-image-preview:large, max-video-preview:-1\" \/>\n<link rel=\"canonical\" href=\"https:\/\/strangercam.com\/de\/umingle\/\" \/>\n<meta property=\"og:locale\" content=\"de_DE\" \/>\n<meta property=\"og:type\" content=\"article\" \/>\n<meta property=\"og:title\" content=\"Umingle - Chat with Strangers - StrangerCam.com\" \/>\n<meta property=\"og:description\" content=\"Like Umingle? Come chat with more than 5.000.000 strangers on Strangercam for Free! Turn on your cam and find new friends &amp; maby a match!\" \/>\n<meta property=\"og:url\" content=\"https:\/\/strangercam.com\/de\/umingle\/\" \/>\n<meta property=\"og:site_name\" content=\"Strangercam\" \/>\n<meta property=\"article:publisher\" content=\"https:\/\/www.facebook.com\/strangercam\" \/>\n<meta property=\"og:image\" content=\"https:\/\/strangercam.com\/wp-content\/uploads\/2021\/10\/Untitled-2.png\" \/>\n\t<meta property=\"og:image:width\" content=\"800\" \/>\n\t<meta property=\"og:image:height\" content=\"532\" \/>\n\t<meta property=\"og:image:type\" content=\"image\/png\" \/>\n<meta name=\"twitter:card\" content=\"summary_large_image\" \/>\n<meta name=\"twitter:site\" content=\"@strangercamapp\" \/>\n<meta name=\"twitter:label1\" content=\"Gesch\u00e4tzte Lesezeit\" \/>\n\t<meta name=\"twitter:data1\" content=\"6\u00a0Minuten\" \/>\n<script type=\"application\/ld+json\" class=\"yoast-schema-graph\">{\"@context\":\"https:\/\/schema.org\",\"@graph\":[{\"@type\":\"WebPage\",\"@id\":\"https:\/\/strangercam.com\/umingle\/\",\"url\":\"https:\/\/strangercam.com\/umingle\/\",\"name\":\"Umingle - Chat with Strangers - StrangerCam.com\",\"isPartOf\":{\"@id\":\"https:\/\/strangercam.com\/#website\"},\"datePublished\":\"2025-10-24T08:20:35+00:00\",\"description\":\"Like Umingle? Come chat with more than 5.000.000 strangers on Strangercam for Free! Turn on your cam and find new friends & maby a match!\",\"breadcrumb\":{\"@id\":\"https:\/\/strangercam.com\/umingle\/#breadcrumb\"},\"inLanguage\":\"de\",\"potentialAction\":[{\"@type\":\"ReadAction\",\"target\":[\"https:\/\/strangercam.com\/umingle\/\"]}]},{\"@type\":\"BreadcrumbList\",\"@id\":\"https:\/\/strangercam.com\/umingle\/#breadcrumb\",\"itemListElement\":[{\"@type\":\"ListItem\",\"position\":1,\"name\":\"Home\",\"item\":\"https:\/\/strangercam.com\/\"},{\"@type\":\"ListItem\",\"position\":2,\"name\":\"Umingle\"}]},{\"@type\":\"WebSite\",\"@id\":\"https:\/\/strangercam.com\/#website\",\"url\":\"https:\/\/strangercam.com\/\",\"name\":\"Strangercam\",\"description\":\"Random Video Chat with Strangers\",\"publisher\":{\"@id\":\"https:\/\/strangercam.com\/#organization\"},\"alternateName\":\"Strangercam.com\",\"potentialAction\":[{\"@type\":\"SearchAction\",\"target\":{\"@type\":\"EntryPoint\",\"urlTemplate\":\"https:\/\/strangercam.com\/?s={search_term_string}\"},\"query-input\":{\"@type\":\"PropertyValueSpecification\",\"valueRequired\":true,\"valueName\":\"search_term_string\"}}],\"inLanguage\":\"de\"},{\"@type\":\"Organization\",\"@id\":\"https:\/\/strangercam.com\/#organization\",\"name\":\"Strangercam\",\"alternateName\":\"Strangercam.com\",\"url\":\"https:\/\/strangercam.com\/\",\"logo\":{\"@type\":\"ImageObject\",\"inLanguage\":\"de\",\"@id\":\"https:\/\/strangercam.com\/#\/schema\/logo\/image\/\",\"url\":\"https:\/\/strangercam.com\/wp-content\/uploads\/2020\/11\/cropped-new-favicon-black.png\",\"contentUrl\":\"https:\/\/strangercam.com\/wp-content\/uploads\/2020\/11\/cropped-new-favicon-black.png\",\"width\":512,\"height\":512,\"caption\":\"Strangercam\"},\"image\":{\"@id\":\"https:\/\/strangercam.com\/#\/schema\/logo\/image\/\"},\"sameAs\":[\"https:\/\/www.facebook.com\/strangercam\",\"https:\/\/x.com\/strangercamapp\"]}]}<\/script>\n<!-- \/ Yoast SEO plugin. -->","yoast_head_json":{"title":"Umingle - Chatten mit Fremden - StrangerCam.com","description":"Magst du Umingle? Komm und chatte mit mehr als 5.000.000 Fremden auf Strangercam - kostenlos! Schalte deine Kamera ein und finde neue Freunde und vielleicht einen Partner!","robots":{"index":"index","follow":"follow","max-snippet":"max-snippet:-1","max-image-preview":"max-image-preview:large","max-video-preview":"max-video-preview:-1"},"canonical":"https:\/\/strangercam.com\/de\/umingle\/","og_locale":"de_DE","og_type":"article","og_title":"Umingle - Chat with Strangers - StrangerCam.com","og_description":"Like Umingle? Come chat with more than 5.000.000 strangers on Strangercam for Free! Turn on your cam and find new friends & maby a match!","og_url":"https:\/\/strangercam.com\/de\/umingle\/","og_site_name":"Strangercam","article_publisher":"https:\/\/www.facebook.com\/strangercam","og_image":[{"width":800,"height":532,"url":"https:\/\/strangercam.com\/wp-content\/uploads\/2021\/10\/Untitled-2.png","type":"image\/png"}],"twitter_card":"summary_large_image","twitter_site":"@strangercamapp","twitter_misc":{"Gesch\u00e4tzte Lesezeit":"6\u00a0Minuten"},"schema":{"@context":"https:\/\/schema.org","@graph":[{"@type":"WebPage","@id":"https:\/\/strangercam.com\/umingle\/","url":"https:\/\/strangercam.com\/umingle\/","name":"Umingle - Chatten mit Fremden - StrangerCam.com","isPartOf":{"@id":"https:\/\/strangercam.com\/#website"},"datePublished":"2025-10-24T08:20:35+00:00","description":"Magst du Umingle? Komm und chatte mit mehr als 5.000.000 Fremden auf Strangercam - kostenlos! Schalte deine Kamera ein und finde neue Freunde und vielleicht einen Partner!","breadcrumb":{"@id":"https:\/\/strangercam.com\/umingle\/#breadcrumb"},"inLanguage":"de","potentialAction":[{"@type":"ReadAction","target":["https:\/\/strangercam.com\/umingle\/"]}]},{"@type":"BreadcrumbList","@id":"https:\/\/strangercam.com\/umingle\/#breadcrumb","itemListElement":[{"@type":"ListItem","position":1,"name":"Home","item":"https:\/\/strangercam.com\/"},{"@type":"ListItem","position":2,"name":"Umingle"}]},{"@type":"WebSite","@id":"https:\/\/strangercam.com\/#website","url":"https:\/\/strangercam.com\/","name":"Strangercam","description":"Zuf\u00e4lliger Video-Chat mit Fremden","publisher":{"@id":"https:\/\/strangercam.com\/#organization"},"alternateName":"Strangercam.com","potentialAction":[{"@type":"SearchAction","target":{"@type":"EntryPoint","urlTemplate":"https:\/\/strangercam.com\/?s={search_term_string}"},"query-input":{"@type":"PropertyValueSpecification","valueRequired":true,"valueName":"search_term_string"}}],"inLanguage":"de"},{"@type":"Organization","@id":"https:\/\/strangercam.com\/#organization","name":"Strangercam","alternateName":"Strangercam.com","url":"https:\/\/strangercam.com\/","logo":{"@type":"ImageObject","inLanguage":"de","@id":"https:\/\/strangercam.com\/#\/schema\/logo\/image\/","url":"https:\/\/strangercam.com\/wp-content\/uploads\/2020\/11\/cropped-new-favicon-black.png","contentUrl":"https:\/\/strangercam.com\/wp-content\/uploads\/2020\/11\/cropped-new-favicon-black.png","width":512,"height":512,"caption":"Strangercam"},"image":{"@id":"https:\/\/strangercam.com\/#\/schema\/logo\/image\/"},"sameAs":["https:\/\/www.facebook.com\/strangercam","https:\/\/x.com\/strangercamapp"]}]}},"_links":{"self":[{"href":"https:\/\/strangercam.com\/de\/wp-json\/wp\/v2\/pages\/13057","targetHints":{"allow":["GET"]}}],"collection":[{"href":"https:\/\/strangercam.com\/de\/wp-json\/wp\/v2\/pages"}],"about":[{"href":"https:\/\/strangercam.com\/de\/wp-json\/wp\/v2\/types\/page"}],"author":[{"embeddable":true,"href":"https:\/\/strangercam.com\/de\/wp-json\/wp\/v2\/users\/6"}],"replies":[{"embeddable":true,"href":"https:\/\/strangercam.com\/de\/wp-json\/wp\/v2\/comments?post=13057"}],"version-history":[{"count":1,"href":"https:\/\/strangercam.com\/de\/wp-json\/wp\/v2\/pages\/13057\/revisions"}],"predecessor-version":[{"id":13058,"href":"https:\/\/strangercam.com\/de\/wp-json\/wp\/v2\/pages\/13057\/revisions\/13058"}],"wp:attachment":[{"href":"https:\/\/strangercam.com\/de\/wp-json\/wp\/v2\/media?parent=13057"}],"curies":[{"name":"wp","href":"https:\/\/api.w.org\/{rel}","templated":true}]}}