{"id":1303,"date":"2025-08-05T10:30:38","date_gmt":"2025-08-05T08:30:38","guid":{"rendered":"https:\/\/strangercam.com\/?page_id=1303"},"modified":"2025-08-05T10:41:12","modified_gmt":"2025-08-05T08:41:12","slug":"affen-applikation","status":"publish","type":"page","link":"https:\/\/strangercam.com\/de\/monkey-app\/","title":{"rendered":"Monkey App"},"content":{"rendered":"<p>Da die Welt der Online-Videos <a href=\"https:\/\/strangercam.com\/de\/chatroulette\/\">Chat<\/a> und soziale Netzwerke entwickeln sich weiter, und es entstehen st\u00e4ndig neue Apps, die auf die Bed\u00fcrfnisse eines j\u00fcngeren, eher mobil orientierten Publikums eingehen. Monkey App ist eine solche Plattform, die den Nervenkitzel von <a href=\"https:\/\/strangercam.com\/de\/chathub\/\">zuf\u00e4lliger Video-Chat<\/a> mit Social Discovery und Kurzvideos - ein einzigartiger Raum, der sich als Teil der <a href=\"https:\/\/strangercam.com\/de\/omegle\/\">Omegle<\/a>, teils TikTok, teils Group Hangout.<\/p>\n<p>Aber zeichnet sich Monkey App aus? Ist es sicher, fesselnd und Ihre Zeit wert? In diesem ausf\u00fchrlichen Bericht erfahren Sie alles, was Sie \u00fcber Monkey wissen m\u00fcssen: wie es funktioniert, welche Funktionen es bietet, f\u00fcr wen es geeignet ist und wie es im Vergleich zu anderen f\u00fchrenden Videochat- und sozialen Plattformen abschneidet.<\/p>\n<h2>Was bedeutet Monkey App?<\/h2>\n<p>Monkey App ist ein mobiler Zufallsvideochat und eine soziale Entdeckungsplattform, die Nutzer f\u00fcr Live-Videogespr\u00e4che und interaktive Gruppenr\u00e4ume zusammenbringt. Monkey wurde 2016 eingef\u00fchrt und seitdem mehrmals \u00fcberarbeitet. Es ist besonders bei der Generation Z und j\u00fcngeren Millennials beliebt und bietet ein Erlebnis, bei dem es ebenso um Spa\u00df und Kreativit\u00e4t geht wie darum, neue Leute kennenzulernen.<\/p>\n<p>Im Gegensatz zu klassischen Zufalls-Chat-Sites, die sich nur auf Anonymit\u00e4t konzentrieren, enth\u00e4lt Monkey Elemente sozialer Medien mit Benutzerprofilen, kurzen Videoclips und aktuellen Inhalten, was es zu einer der lebendigsten Video-Chat-Communities macht.<\/p>\n<h2>Was ist der Zweck von Monkey App?<\/h2>\n<p>Monkey App hat es sich zur Aufgabe gemacht, Online-Kontakte spontan, kreativ und unterhaltsam zu gestalten. Die App zielt darauf ab:<\/p>\n<ul>\n<li>Sofortige Verbindung von Menschen \u00fcber Live-Video und Gruppenchat<\/li>\n<li>F\u00f6rderung des kreativen Ausdrucks durch Video-Intros, Clips und trendige Inhalte<\/li>\n<li>F\u00f6rderung eines sicheren, jugendfreundlichen Raums f\u00fcr echte Interaktion und Freundschaft<\/li>\n<\/ul>\n<p>Monkey ist nicht nur eine zuf\u00e4llige Chat-App, sondern ein komplettes soziales Entdeckungserlebnis f\u00fcr die TikTok-Generation - eine App, in der man seine Pers\u00f6nlichkeit zeigen, neue Trends entdecken und ein globales Netzwerk von Freunden in Echtzeit aufbauen kann.<\/p>\n<h2>Wesentliche Merkmale<\/h2>\n<p>1. Zuf\u00e4lliger Video-Chat unter vier Augen<br \/>\nDas Herzst\u00fcck von Monkey ist das sofortige Live-Video-Matching. Tippen Sie auf \"Start\" und Sie werden mit einem anderen Nutzer f\u00fcr einen kurzen Cam-to-Cam-Chat zusammengebracht - normalerweise 15 Sekunden lang, aber Sie k\u00f6nnen sich gegenseitig darauf einigen, die Sitzung f\u00fcr eine l\u00e4ngere Unterhaltung zu verl\u00e4ngern.<\/p>\n<p>2. Gruppen-Videor\u00e4ume (\"Hubs\")<br \/>\nMit Monkey k\u00f6nnen Benutzer thematischen \"Hubs\" beitreten oder diese erstellen - virtuelle Gruppenr\u00e4ume, die auf Interessen, Musik, Spielen oder Trends basieren. Hier k\u00f6nnen mehrere Benutzer in einer lebhaften, party\u00e4hnlichen Atmosph\u00e4re Videochats f\u00fchren, per Text interagieren und Reaktionen senden.<\/p>\n<p>3. Soziale Profile und Videoclips<br \/>\nIm Gegensatz zu herk\u00f6mmlichen Chat-Apps k\u00f6nnen Sie bei Monkey ein Profil mit einem Foto, Alter und Interessen erstellen. Sie k\u00f6nnen kurze Intro-Videos oder Clips hochladen (\u00e4hnlich wie bei TikTok), die es anderen erleichtern, Sie aufgrund Ihrer Pers\u00f6nlichkeit zu entdecken und sich mit Ihnen zu verbinden.<\/p>\n<p>4. Aktuelle Inhalte und Ranglisten<br \/>\nMonkey bietet die Rubriken \"Trending\" und \"Featured\", in denen beliebte Profile und kreative Videoclips vorgestellt werden. Nutzer k\u00f6nnen durch Aktivit\u00e4t aufsteigen, was die Plattform wettbewerbsf\u00e4hig und interaktiv macht.<\/p>\n<p>5. Text-Chat und Sofortnachrichten<br \/>\nWenn Sie nicht bereit f\u00fcr Video sind, bietet Monkey auch einen Text-Chat. Sie k\u00f6nnen Direktnachrichten und Emojis senden oder sich an laufenden Text-Threads in Hubs beteiligen.<\/p>\n<p>6. Passende Filter<br \/>\nPremium-Nutzer k\u00f6nnen Geschlecht und Region filtern, um eine individuellere Erfahrung zu machen, w\u00e4hrend kostenlose Nutzer zuf\u00e4llige globale Verbindungen nutzen k\u00f6nnen.<\/p>\n<p>7. Tools f\u00fcr Berichterstattung und Sicherheit<br \/>\nMonkey bietet in der App Tools zum Melden, Sperren und Moderieren. Die Plattform setzt auch KI-Moderation ein, um Chats positiv und frei von missbr\u00e4uchlichen oder unangemessenen Inhalten zu halten.<\/p>\n<h2>Ist Monkey App kostenlos?<\/h2>\n<p>Monkey kann kostenlos heruntergeladen und verwendet werden und bietet Zugriff auf den Zufalls-Videochat, die Hubs und die grundlegenden Nachrichten. F\u00fcr einige Premium-Funktionen wie erweiterte Matching-Filter, erweiterte Video-Chats oder Profil-Boosts sind jedoch m\u00f6glicherweise In-App-K\u00e4ufe oder ein Abonnement erforderlich.<\/p>\n<p>Alle Benutzer k\u00f6nnen:<\/p>\n<ul>\n<li>Join Live-Video-Chats und Gruppen-Hubs<\/li>\n<li>Durchsuchen Sie aktuelle Profile und stellen Sie eine Verbindung zu ihnen her.<\/li>\n<li>Erstellen Sie ein pers\u00f6nliches Profil und laden Sie Clips hoch<\/li>\n<li>Sicherheits- und Moderationstools verwenden<\/li>\n<\/ul>\n<p>Zu den (kostenpflichtigen) Premium-Funktionen geh\u00f6ren:<\/p>\n<ul>\n<li>Anpassung an Geschlecht und Region<\/li>\n<li>Unbegrenzte \"Zeit hinzuf\u00fcgen\" in Chats<\/li>\n<li>Vorrangige Exposition in trendigen Bereichen<\/li>\n<\/ul>\n<p>Die Preise sind im Vergleich zu anderen sozialen Apps wettbewerbsf\u00e4hig und werden auf der Seite des App-Stores deutlich angegeben.<\/p>\n<h2>Wer verwendet Monkey App?<\/h2>\n<p>Monkey ist f\u00fcr ein junges, internationales, sozial aktives Publikum konzipiert:<\/p>\n<ul>\n<li>Altersgruppen: 18-25 ist die Kernzielgruppe (Monkey ist strikt 18+)<\/li>\n<li>Standorte: Vereinigte Staaten, Kanada, Vereinigtes K\u00f6nigreich, Europa, Brasilien, Indien, S\u00fcdostasien und mehr<\/li>\n<li>Nutzer: Studenten, Kreative, Musiker, Influencer und alle, die spontane, kreative Interaktion suchen<\/li>\n<\/ul>\n<p>Die Plattform zieht Menschen an, die Inhalte im Stil von TikTok lieben, gerne neue Freunde treffen oder sich einfach nur die Zeit vertreiben und ihre Pers\u00f6nlichkeit mit der Welt teilen wollen.<\/p>\n<h2>Sicherheit, Datenschutz und Moderation<\/h2>\n<p>Monkey App ist sich der Bedeutung der Sicherheit, insbesondere f\u00fcr sein junges Publikum, bewusst und ergreift mehrere Ma\u00dfnahmen:<\/p>\n<h3>Datenschutz<\/h3>\n<ul>\n<li>Nutzer k\u00f6nnen kontrollieren, was sie in ihrem Profil teilen<\/li>\n<li>Chats sind nicht \u00f6ffentlich archiviert oder durchsuchbar<\/li>\n<li>In \u00f6ffentlichen Chats d\u00fcrfen keine pers\u00f6nlichen Kontaktinformationen weitergegeben werden.<\/li>\n<\/ul>\n<h3>Moderation<\/h3>\n<ul>\n<li>KI-gesteuerte Inhaltsfilterung: Erkennt Nacktheit, Missbrauch oder Regelverst\u00f6\u00dfe<\/li>\n<li>Manuelle Meldung und Sperrung: Benutzer k\u00f6nnen unangemessenes Verhalten sofort melden<\/li>\n<li>Richtlinien der Gemeinschaft: Strenge Regeln f\u00fcr Mobbing, Bel\u00e4stigung und den Austausch von Inhalten<\/li>\n<\/ul>\n<p>Monkey soll eine positive, jugendfreundliche Plattform sein, aber wie bei jeder Live-Chat-App sollten die Nutzer Vorsicht walten lassen und keine pers\u00f6nlichen Informationen mit Fremden teilen.<\/p>\n<h2>Benutzererfahrung und Design<\/h2>\n<p>Das Design von Monkey ist jugendlich, intuitiv und f\u00fcr Mobilger\u00e4te optimiert:<\/p>\n<ul>\n<li>Die App startet mit einer \u00fcbersichtlichen Benutzeroberfl\u00e4che mit klaren Optionen zum Chatten, Beitreten zu Hubs oder Durchsuchen aktueller Inhalte.<\/li>\n<li>Profile und Videofenster sind gro\u00df und leicht zu navigieren<\/li>\n<li>Farbenfrohe Icons, Animationen und die Integration von Musik verleihen der App ein spielerisches, party\u00e4hnliches Gef\u00fchl<\/li>\n<li>Benachrichtigungen und Nachrichten sind einfach und nicht aufdringlich<\/li>\n<\/ul>\n<p>Die Leistung ist sowohl auf Android- als auch auf iOS-Ger\u00e4ten reibungslos, und es werden regelm\u00e4\u00dfig Updates und neue Funktionen hinzugef\u00fcgt, damit alles frisch bleibt.<\/p>\n<h2>Monkey App im Vergleich zu anderen Video-Chat- und Social-Discovery-Anwendungen<\/h2>\n<p>Wie schneidet Monkey im Vergleich zu anderen f\u00fchrenden Videochat-Plattformen ab?<\/p>\n<table>\n<thead>\n<tr>\n<th>Merkmal<\/th>\n<th>Affe<\/th>\n<th><a href=\"https:\/\/strangercam.com\/de\/ometv\/\">OmeTV<\/a><\/th>\n<th>Azar<\/th>\n<th>ChitChatTV<\/th>\n<th>Yubo<\/th>\n<\/tr>\n<\/thead>\n<tbody>\n<tr>\n<td>Eins-zu-eins-Videochat<\/td>\n<td>Ja<\/td>\n<td>Ja<\/td>\n<td>Ja<\/td>\n<td>Ja<\/td>\n<td>Ja<\/td>\n<\/tr>\n<tr>\n<td>Gruppen-Videor\u00e4ume<\/td>\n<td>Ja<\/td>\n<td>Nein<\/td>\n<td>Nein<\/td>\n<td>Nein<\/td>\n<td>Ja<\/td>\n<\/tr>\n<tr>\n<td>Soziale Profile\/Clips<\/td>\n<td>Ja<\/td>\n<td>Nein<\/td>\n<td>Ja<\/td>\n<td>Nein<\/td>\n<td>Ja<\/td>\n<\/tr>\n<tr>\n<td>Passende Filter<\/td>\n<td>Bezahlt<\/td>\n<td>Bezahlt<\/td>\n<td>Bezahlt<\/td>\n<td>Nein<\/td>\n<td>Begrenzt<\/td>\n<\/tr>\n<tr>\n<td>Frei zu verwenden<\/td>\n<td>Ja<\/td>\n<td>Ja<\/td>\n<td>Ja<\/td>\n<td>Ja<\/td>\n<td>Ja<\/td>\n<\/tr>\n<tr>\n<td>Aktueller Inhalt<\/td>\n<td>Ja<\/td>\n<td>Nein<\/td>\n<td>Nein<\/td>\n<td>Nein<\/td>\n<td>Ja<\/td>\n<\/tr>\n<tr>\n<td>Schwerpunkt Alter<\/td>\n<td>18-25<\/td>\n<td>18+<\/td>\n<td>18+<\/td>\n<td>18+<\/td>\n<td>18-25<\/td>\n<\/tr>\n<tr>\n<td>Mobile-First-Design<\/td>\n<td>Ja<\/td>\n<td>Ja<\/td>\n<td>Ja<\/td>\n<td>Ja<\/td>\n<td>Ja<\/td>\n<\/tr>\n<\/tbody>\n<\/table>\n<p>Zusammenfassung: Monkey zeichnet sich durch seine Mischung aus Live-Videochat, kreativen Inhalten, Gruppenr\u00e4umen und einem lustigen, wettbewerbsorientierten sozialen Element aus. Es geht weniger um reine Anonymit\u00e4t als vielmehr darum, die Pers\u00f6nlichkeit in Echtzeit zu entdecken und auszudr\u00fccken.<\/p>\n<h2>Pro und Kontra<\/h2>\n<p>Vorteile:<\/p>\n<ul>\n<li>Kostenloser, sofortiger Video-Chat mit Fremden weltweit<\/li>\n<li>Einzigartige Gruppenknotenpunkte f\u00fcr themenbezogene Video-Hangouts<\/li>\n<li>Lustige, kreative soziale Funktionen und Profilanpassung<\/li>\n<li>Junge, lebendige Gemeinschaft<\/li>\n<li>Hochwertige Matching-Filter und erweiterte Chat-Optionen<\/li>\n<li>Starke Sicherheits- und Moderationswerkzeuge<\/li>\n<\/ul>\n<p>Nachteile:<\/p>\n<ul>\n<li>Konzipiert f\u00fcr 18-25, \u00e4ltere Nutzer k\u00f6nnten sich fehl am Platz f\u00fchlen<\/li>\n<li>In-App-K\u00e4ufe f\u00fcr einige Filter und Funktionen<\/li>\n<li>Einige Nutzer k\u00f6nnen die Plattform trotz Moderation missbrauchen<\/li>\n<li>Mobile App erforderlich - keine Browser-Version f\u00fcr Desktop-Benutzer<\/li>\n<li>Schnelles Tempo ist vielleicht nicht jedermanns Sache<\/li>\n<\/ul>\n<h2>Ideale Anwendungsf\u00e4lle<\/h2>\n<p>Monkey ist perfekt f\u00fcr:<\/p>\n<ul>\n<li>Junge Erwachsene, die <a href=\"https:\/\/strangercam.com\/de\/coomeet\/\">treffen<\/a> neue Leute in einer lebendigen, kreativen Online-Umgebung<\/li>\n<li>Fans von TikTok oder Instagram Reels, die sich auch gerne live unterhalten<\/li>\n<li>Nutzer, die an Gruppen-Videogespr\u00e4chen oder themenbezogenen sozialen R\u00e4umen teilnehmen m\u00f6chten<\/li>\n<li>Kreative, Musiker oder Influencer, die Aufmerksamkeit und Engagement suchen<\/li>\n<\/ul>\n<p>Weniger ideal f\u00fcr:<\/p>\n<ul>\n<li>Nutzer, die einen rein anonymen oder reinen Text-Chat suchen<\/li>\n<li>Erwachsene \u00fcber 30 (die Stimmung ist sehr Gen Z)<\/li>\n<li>Personen ohne Zugang zu einem kompatiblen mobilen Ger\u00e4t<\/li>\n<\/ul>\n<p>Monkey App ist die f\u00fchrende Videochat- und soziale Entdeckungsplattform f\u00fcr die Generation Z im Jahr 2025. Sie kombiniert die Spontaneit\u00e4t des klassischen Zufalls-Chats mit der Kreativit\u00e4t und der Gemeinschaft moderner sozialer Apps, was sie f\u00fcr junge Erwachsene auf der ganzen Welt unterhaltsam, sicher und h\u00f6chst ansprechend macht.<\/p>\n<p>Ganz gleich, ob Sie mit jemandem chatten, einer Gruppe beitreten oder Ihre eigenen Videos und Interessen mit anderen teilen m\u00f6chten, Monkey bietet einen spielerischen und einzigartigen Raum zum Austausch. Wenn Sie auf der Suche nach einer rasanten, visuellen und sozialen M\u00f6glichkeit sind, neue Freunde zu finden und sich auszudr\u00fccken, ist Monkey App auf jeden Fall einen Versuch wert.<\/p>","protected":false},"excerpt":{"rendered":"<p>As the world of online video chat and social networking evolves, new apps are constantly emerging to cater to the needs of a younger, more mobile-first audience. Monkey App is one such platform, blending the thrill of random video chat with social discovery and short-form video\u2014creating a unique space that feels part Omegle, part TikTok, [&hellip;]<\/p>\n","protected":false},"author":6,"featured_media":0,"parent":0,"menu_order":0,"comment_status":"closed","ping_status":"closed","template":"","meta":{"footnotes":""},"class_list":["post-1303","page","type-page","status-publish","hentry"],"yoast_head":"<!-- This site is optimized with the Yoast SEO plugin v27.4 - https:\/\/yoast.com\/product\/yoast-seo-wordpress\/ -->\n<title>Monkey App - Random Video Chat Omegle - StrangerCam.com<\/title>\n<meta name=\"description\" content=\"Like Monkey App? Come chat with more than 5.000.000 strangers on Strangercam for Free! Turn on your cam and find new friends &amp; maby a match!\" \/>\n<meta name=\"robots\" content=\"index, follow, max-snippet:-1, max-image-preview:large, max-video-preview:-1\" \/>\n<link rel=\"canonical\" href=\"https:\/\/strangercam.com\/de\/affen-applikation\/\" \/>\n<meta property=\"og:locale\" content=\"de_DE\" \/>\n<meta property=\"og:type\" content=\"article\" \/>\n<meta property=\"og:title\" content=\"Monkey App - Random Video Chat Omegle - StrangerCam.com\" \/>\n<meta property=\"og:description\" content=\"Like Monkey App? Come chat with more than 5.000.000 strangers on Strangercam for Free! Turn on your cam and find new friends &amp; maby a match!\" \/>\n<meta property=\"og:url\" content=\"https:\/\/strangercam.com\/de\/affen-applikation\/\" \/>\n<meta property=\"og:site_name\" content=\"Strangercam\" \/>\n<meta property=\"article:publisher\" content=\"https:\/\/www.facebook.com\/strangercam\" \/>\n<meta property=\"article:modified_time\" content=\"2025-08-05T08:41:12+00:00\" \/>\n<meta property=\"og:image\" content=\"https:\/\/strangercam.com\/wp-content\/uploads\/2021\/10\/Untitled-2.png\" \/>\n\t<meta property=\"og:image:width\" content=\"800\" \/>\n\t<meta property=\"og:image:height\" content=\"532\" \/>\n\t<meta property=\"og:image:type\" content=\"image\/png\" \/>\n<meta name=\"twitter:card\" content=\"summary_large_image\" \/>\n<meta name=\"twitter:site\" content=\"@strangercamapp\" \/>\n<meta name=\"twitter:label1\" content=\"Gesch\u00e4tzte Lesezeit\" \/>\n\t<meta name=\"twitter:data1\" content=\"6\u00a0Minuten\" \/>\n<script type=\"application\/ld+json\" class=\"yoast-schema-graph\">{\"@context\":\"https:\\\/\\\/schema.org\",\"@graph\":[{\"@type\":\"WebPage\",\"@id\":\"https:\\\/\\\/strangercam.com\\\/monkey-app\\\/\",\"url\":\"https:\\\/\\\/strangercam.com\\\/monkey-app\\\/\",\"name\":\"Monkey App - Random Video Chat Omegle - StrangerCam.com\",\"isPartOf\":{\"@id\":\"https:\\\/\\\/strangercam.com\\\/#website\"},\"datePublished\":\"2025-08-05T08:30:38+00:00\",\"dateModified\":\"2025-08-05T08:41:12+00:00\",\"description\":\"Like Monkey App? Come chat with more than 5.000.000 strangers on Strangercam for Free! Turn on your cam and find new friends & maby a match!\",\"breadcrumb\":{\"@id\":\"https:\\\/\\\/strangercam.com\\\/monkey-app\\\/#breadcrumb\"},\"inLanguage\":\"de\",\"potentialAction\":[{\"@type\":\"ReadAction\",\"target\":[\"https:\\\/\\\/strangercam.com\\\/monkey-app\\\/\"]}]},{\"@type\":\"BreadcrumbList\",\"@id\":\"https:\\\/\\\/strangercam.com\\\/monkey-app\\\/#breadcrumb\",\"itemListElement\":[{\"@type\":\"ListItem\",\"position\":1,\"name\":\"Home\",\"item\":\"https:\\\/\\\/strangercam.com\\\/\"},{\"@type\":\"ListItem\",\"position\":2,\"name\":\"Monkey App\"}]},{\"@type\":\"WebSite\",\"@id\":\"https:\\\/\\\/strangercam.com\\\/#website\",\"url\":\"https:\\\/\\\/strangercam.com\\\/\",\"name\":\"Strangercam\",\"description\":\"Random Video Chat with Strangers\",\"publisher\":{\"@id\":\"https:\\\/\\\/strangercam.com\\\/#organization\"},\"alternateName\":\"Strangercam.com\",\"potentialAction\":[{\"@type\":\"SearchAction\",\"target\":{\"@type\":\"EntryPoint\",\"urlTemplate\":\"https:\\\/\\\/strangercam.com\\\/?s={search_term_string}\"},\"query-input\":{\"@type\":\"PropertyValueSpecification\",\"valueRequired\":true,\"valueName\":\"search_term_string\"}}],\"inLanguage\":\"de\"},{\"@type\":\"Organization\",\"@id\":\"https:\\\/\\\/strangercam.com\\\/#organization\",\"name\":\"Strangercam\",\"alternateName\":\"Strangercam.com\",\"url\":\"https:\\\/\\\/strangercam.com\\\/\",\"logo\":{\"@type\":\"ImageObject\",\"inLanguage\":\"de\",\"@id\":\"https:\\\/\\\/strangercam.com\\\/#\\\/schema\\\/logo\\\/image\\\/\",\"url\":\"https:\\\/\\\/strangercam.com\\\/wp-content\\\/uploads\\\/2020\\\/11\\\/cropped-new-favicon-black.png\",\"contentUrl\":\"https:\\\/\\\/strangercam.com\\\/wp-content\\\/uploads\\\/2020\\\/11\\\/cropped-new-favicon-black.png\",\"width\":512,\"height\":512,\"caption\":\"Strangercam\"},\"image\":{\"@id\":\"https:\\\/\\\/strangercam.com\\\/#\\\/schema\\\/logo\\\/image\\\/\"},\"sameAs\":[\"https:\\\/\\\/www.facebook.com\\\/strangercam\",\"https:\\\/\\\/x.com\\\/strangercamapp\"]}]}<\/script>\n<!-- \/ Yoast SEO plugin. -->","yoast_head_json":{"title":"Monkey App - Zuf\u00e4lliger Video-Chat Omegle - StrangerCam.com","description":"Gef\u00e4llt dir Monkey App? Komm und chatte mit mehr als 5.000.000 Fremden auf Strangercam - kostenlos! Schalte deine Kamera ein und finde neue Freunde und vielleicht einen Partner!","robots":{"index":"index","follow":"follow","max-snippet":"max-snippet:-1","max-image-preview":"max-image-preview:large","max-video-preview":"max-video-preview:-1"},"canonical":"https:\/\/strangercam.com\/de\/affen-applikation\/","og_locale":"de_DE","og_type":"article","og_title":"Monkey App - Random Video Chat Omegle - StrangerCam.com","og_description":"Like Monkey App? Come chat with more than 5.000.000 strangers on Strangercam for Free! Turn on your cam and find new friends & maby a match!","og_url":"https:\/\/strangercam.com\/de\/affen-applikation\/","og_site_name":"Strangercam","article_publisher":"https:\/\/www.facebook.com\/strangercam","article_modified_time":"2025-08-05T08:41:12+00:00","og_image":[{"width":800,"height":532,"url":"https:\/\/strangercam.com\/wp-content\/uploads\/2021\/10\/Untitled-2.png","type":"image\/png"}],"twitter_card":"summary_large_image","twitter_site":"@strangercamapp","twitter_misc":{"Gesch\u00e4tzte Lesezeit":"6\u00a0Minuten"},"schema":{"@context":"https:\/\/schema.org","@graph":[{"@type":"WebPage","@id":"https:\/\/strangercam.com\/monkey-app\/","url":"https:\/\/strangercam.com\/monkey-app\/","name":"Monkey App - Zuf\u00e4lliger Video-Chat Omegle - StrangerCam.com","isPartOf":{"@id":"https:\/\/strangercam.com\/#website"},"datePublished":"2025-08-05T08:30:38+00:00","dateModified":"2025-08-05T08:41:12+00:00","description":"Gef\u00e4llt dir Monkey App? Komm und chatte mit mehr als 5.000.000 Fremden auf Strangercam - kostenlos! Schalte deine Kamera ein und finde neue Freunde und vielleicht einen Partner!","breadcrumb":{"@id":"https:\/\/strangercam.com\/monkey-app\/#breadcrumb"},"inLanguage":"de","potentialAction":[{"@type":"ReadAction","target":["https:\/\/strangercam.com\/monkey-app\/"]}]},{"@type":"BreadcrumbList","@id":"https:\/\/strangercam.com\/monkey-app\/#breadcrumb","itemListElement":[{"@type":"ListItem","position":1,"name":"Home","item":"https:\/\/strangercam.com\/"},{"@type":"ListItem","position":2,"name":"Monkey App"}]},{"@type":"WebSite","@id":"https:\/\/strangercam.com\/#website","url":"https:\/\/strangercam.com\/","name":"Strangercam","description":"Zuf\u00e4lliger Video-Chat mit Fremden","publisher":{"@id":"https:\/\/strangercam.com\/#organization"},"alternateName":"Strangercam.com","potentialAction":[{"@type":"SearchAction","target":{"@type":"EntryPoint","urlTemplate":"https:\/\/strangercam.com\/?s={search_term_string}"},"query-input":{"@type":"PropertyValueSpecification","valueRequired":true,"valueName":"search_term_string"}}],"inLanguage":"de"},{"@type":"Organization","@id":"https:\/\/strangercam.com\/#organization","name":"Strangercam","alternateName":"Strangercam.com","url":"https:\/\/strangercam.com\/","logo":{"@type":"ImageObject","inLanguage":"de","@id":"https:\/\/strangercam.com\/#\/schema\/logo\/image\/","url":"https:\/\/strangercam.com\/wp-content\/uploads\/2020\/11\/cropped-new-favicon-black.png","contentUrl":"https:\/\/strangercam.com\/wp-content\/uploads\/2020\/11\/cropped-new-favicon-black.png","width":512,"height":512,"caption":"Strangercam"},"image":{"@id":"https:\/\/strangercam.com\/#\/schema\/logo\/image\/"},"sameAs":["https:\/\/www.facebook.com\/strangercam","https:\/\/x.com\/strangercamapp"]}]}},"_links":{"self":[{"href":"https:\/\/strangercam.com\/de\/wp-json\/wp\/v2\/pages\/1303","targetHints":{"allow":["GET"]}}],"collection":[{"href":"https:\/\/strangercam.com\/de\/wp-json\/wp\/v2\/pages"}],"about":[{"href":"https:\/\/strangercam.com\/de\/wp-json\/wp\/v2\/types\/page"}],"author":[{"embeddable":true,"href":"https:\/\/strangercam.com\/de\/wp-json\/wp\/v2\/users\/6"}],"replies":[{"embeddable":true,"href":"https:\/\/strangercam.com\/de\/wp-json\/wp\/v2\/comments?post=1303"}],"version-history":[{"count":1,"href":"https:\/\/strangercam.com\/de\/wp-json\/wp\/v2\/pages\/1303\/revisions"}],"predecessor-version":[{"id":12953,"href":"https:\/\/strangercam.com\/de\/wp-json\/wp\/v2\/pages\/1303\/revisions\/12953"}],"wp:attachment":[{"href":"https:\/\/strangercam.com\/de\/wp-json\/wp\/v2\/media?parent=1303"}],"curies":[{"name":"wp","href":"https:\/\/api.w.org\/{rel}","templated":true}]}}