{"id":13022,"date":"2025-09-10T11:55:23","date_gmt":"2025-09-10T09:55:23","guid":{"rendered":"https:\/\/strangercam.com\/?page_id=13022"},"modified":"2025-09-10T11:55:34","modified_gmt":"2025-09-10T09:55:34","slug":"buzzcast","status":"publish","type":"page","link":"https:\/\/strangercam.com\/de\/buzzcast\/","title":{"rendered":"Buzzcast"},"content":{"rendered":"<p>Die Grenze zwischen Zufallsvideos <a href=\"https:\/\/strangercam.com\/de\/chatroulette\/\">Chat<\/a>, Live-Streaming und soziale Netzwerke verschwimmen zunehmend. BuzzCast ist ein Paradebeispiel f\u00fcr diesen Trend - eine soziale Videoplattform, auf der Nutzer Livestreaming betreiben, neue Freunde entdecken, an zuf\u00e4lligen Videochats teilnehmen und \u00fcber Geschenke und Communities interagieren k\u00f6nnen. Urspr\u00fcnglich als Live-Streaming-App gestartet, hat sich BuzzCast zu einer vollwertigen Social-Discovery-Plattform mit Millionen von Nutzern weltweit entwickelt.<\/p>\n<p>Aber ist BuzzCast im Jahr 2025 Ihre Zeit wert? Wie schneidet es im Vergleich zu anderen Apps wie Bigo Live, Azar oder Monkey ab? In diesem ausf\u00fchrlichen Testbericht gehen wir der Frage nach, was BuzzCast bietet, f\u00fcr wen es geeignet ist und ob es sich auf dem \u00fcberf\u00fcllten Markt der sozialen Chats wirklich abhebt.<\/p>\n<h2>Was ist BuzzCast?<\/h2>\n<p>BuzzCast ist eine mobile Live-Streaming- und Video-Chat-App, die f\u00fcr iOS und Android verf\u00fcgbar ist. Die Plattform kombiniert Elemente von Twitch-\u00e4hnlichem Streaming, TikTok-\u00e4hnlichen Kurzvideos und Omegle-\u00e4hnlichem Zufalls-Chat. Benutzer k\u00f6nnen:<\/p>\n<ul>\n<li>Veranstalten Sie Live-\u00dcbertragungen und interagieren Sie mit den Zuschauern in Echtzeit<\/li>\n<li>Livestreams aus aller Welt ansehen und mitmachen<\/li>\n<li>Join zuf\u00e4llige Einzelvideochats mit <a href=\"https:\/\/strangercam.com\/de\/coomeet\/\">treffen<\/a> neue Leute<\/li>\n<li>Senden und empfangen Sie virtuelle Geschenke, um Streamer zu unterst\u00fctzen oder Unterhaltungen interessanter zu gestalten<\/li>\n<\/ul>\n<p>Die App versteht sich als soziales Entdeckungsnetzwerk und nicht nur als Kommunikationsmittel. Sie ermutigt Menschen, ihre Talente, Pers\u00f6nlichkeiten und ihren Lebensstil durch Live-Videos zu pr\u00e4sentieren.<\/p>\n<h2>Was ist der Zweck von BuzzCast?<\/h2>\n<p>BuzzCast hat es sich zur Aufgabe gemacht, eine globale B\u00fchne f\u00fcr Interaktion, Kreativit\u00e4t und Verbindung zu schaffen. Es \u00fcberbr\u00fcckt die L\u00fccke zwischen sozialer Unterhaltung und Kommunikation durch:<\/p>\n<ul>\n<li>Jedem die M\u00f6glichkeit geben, sich an ein weltweites Publikum zu wenden<\/li>\n<li>Erm\u00f6glicht es den Nutzern, sich nach dem Zufallsprinzip mit Fremden f\u00fcr spontane Chats zu verbinden<\/li>\n<li>Schaffung eines Monetarisierungssystems, mit dem Streamer durch Geschenke Geld verdienen k\u00f6nnen<\/li>\n<li>Bietet eine interaktivere, pers\u00f6nlichere Alternative zu TikTok oder Instagram<\/li>\n<\/ul>\n<p>Es ist eine App, die sowohl f\u00fcr die Ersteller von Inhalten als auch f\u00fcr soziale Entdecker gedacht ist - f\u00fcr diejenigen, die sowohl zusehen als auch mitmachen wollen.<\/p>\n<h2>Wesentliche Merkmale<\/h2>\n<p>1. Live-Streaming<br \/>\nDas Herzst\u00fcck von BuzzCast ist die Livestreaming-Funktion. Die Nutzer k\u00f6nnen sich selbst \u00fcbertragen, performen, chatten oder einfach ihren Alltag teilen, w\u00e4hrend die Zuschauer kommentieren und Geschenke schicken k\u00f6nnen.<\/p>\n<p>2. Zuf\u00e4lliger Video-Chat unter vier Augen<br \/>\nF\u00fcr diejenigen, die spontane Unterhaltungen bevorzugen, bietet BuzzCast einen zuf\u00e4lligen Video-Chat-Modus, \u00e4hnlich wie bei <a href=\"https:\/\/strangercam.com\/de\/omegle\/\">Omegle<\/a> oder Azar. Mit einem Klick bist du mit einer neuen Person f\u00fcr einen privaten Cam-to-Cam-Chat verbunden.<\/p>\n<p>3. Virtuelle Geschenke und M\u00fcnzen<br \/>\nBuzzCast verwendet ein virtuelles W\u00e4hrungssystem. Die Zuschauer k\u00f6nnen M\u00fcnzen kaufen und sie verwenden, um Geschenke (wie Emojis, Animationen oder virtuelle Gegenst\u00e4nde) an Streamer zu senden. Beliebte Streamer k\u00f6nnen diese in reale Einnahmen umwandeln.<\/p>\n<p>4. Soziale Profile<br \/>\nJeder Nutzer hat ein Profil mit Fotos, Videos und pers\u00f6nlichen Informationen. Damit ist BuzzCast eher eine Mischung aus Dating-App und Live-Streaming-Plattform, da man \u00fcber Live-Chats hinaus folgen, Nachrichten senden und interagieren kann.<\/p>\n<p>5. Kurze Videos und Clips<br \/>\nZus\u00e4tzlich zum Live-Streaming unterst\u00fctzt BuzzCast das Hochladen von kurzen Clips, \u00e4hnlich wie TikTok, was es den Nutzern leicht macht, Aufmerksamkeit zu erregen und ihre Anh\u00e4ngerschaft zu vergr\u00f6\u00dfern.<\/p>\n<p>6. Text-Chat-Integration<br \/>\nNeben Videos k\u00f6nnen die Nutzer auch Textnachrichten, Emojis und Sticker versenden, um die Konversation lebendig zu halten.<\/p>\n<p>7. Globale Reichweite<br \/>\nBuzzCast verbindet Benutzer aus der ganzen Welt miteinander. Mit Sprachbarrieren, die durch Emojis, Videos und Live-\u00dcbersetzungs-Tools beseitigt werden, ist es ein echtes internationales <a href=\"https:\/\/strangercam.com\/de\/chathub\/\">Nabe<\/a>.<\/p>\n<h2>Ist BuzzCast kostenlos?<\/h2>\n<p>Ja, BuzzCast kann kostenlos heruntergeladen und genutzt werden. Sie k\u00f6nnen Streams ansehen, Chats beitreten und interagieren, ohne zu bezahlen.<\/p>\n<p>Das Monetarisierungssystem der App ist jedoch auf In-App-K\u00e4ufe ausgerichtet:<\/p>\n<ul>\n<li>Kauf von M\u00fcnzen zum Versenden virtueller Geschenke<\/li>\n<li>Freischaltung bestimmter Premium-Chat-Funktionen<\/li>\n<li>Verbesserung der Sichtbarkeit des Profils<\/li>\n<\/ul>\n<p>Streamer profitieren von diesen K\u00e4ufen, indem sie echtes Geld verdienen und so eine lebendige Wirtschaft innerhalb der App schaffen.<\/p>\n<h2>Wer nutzt BuzzCast?<\/h2>\n<p>Das Publikum von BuzzCast ist vielf\u00e4ltig, tendiert aber zu j\u00fcngeren, sozial aktiven Nutzern:<\/p>\n<ul>\n<li>Altersspanne: Haupts\u00e4chlich 18-30, aber Erwachsene jeden Alters nehmen teil<\/li>\n<li>Globale Reichweite: Beliebt in Asien, im Nahen Osten, in Nordamerika und in Teilen Europas<\/li>\n<li>Nutzerbasis:\n<ul>\n<li>Betrachter: Menschen, die nach Unterhaltung, Musik, Lifestyle oder sozialen Streams suchen<\/li>\n<li>Sch\u00f6pfer: Streamer, die ihre Talente teilen, chatten oder Gemeinschaften aufbauen<\/li>\n<li>Soziale Entdecker: Nutzer, die zuf\u00e4llige Einzelgespr\u00e4che oder zwanglose globale Unterhaltungen f\u00fchren m\u00f6chten<\/li>\n<\/ul>\n<\/li>\n<\/ul>\n<p>BuzzCast richtet sich an alle, die die Kreativit\u00e4t von TikTok, die Spontaneit\u00e4t von Omegle und die interaktive Live-Kultur von Bigo Live m\u00f6gen - alles in einer App.<\/p>\n<h2>Sicherheit, Datenschutz und Moderation<\/h2>\n<p>BuzzCast hat mehrere Ma\u00dfnahmen ergriffen, um die Plattform sicher und freundlich zu gestalten:<\/p>\n<h3>Datenschutz<\/h3>\n<ul>\n<li>Konten erfordern eine einfache Registrierung (E-Mail, Telefon oder soziale Anmeldung)<\/li>\n<li>Nutzer k\u00f6nnen kontrollieren, was in ihrem Profil angezeigt wird<\/li>\n<li>Private Unterhaltungen werden nicht \u00f6ffentlich angezeigt<\/li>\n<\/ul>\n<h3>Moderation<\/h3>\n<ul>\n<li>KI-Tools erkennen Nacktheit, anst\u00f6\u00dfige Sprache und Spam<\/li>\n<li>Meldefunktionen erm\u00f6glichen es Nutzern, unangemessenes Verhalten zu markieren<\/li>\n<li>Menschliche Moderatoren \u00fcberpr\u00fcfen markierte Inhalte und setzen Verbote durch<\/li>\n<\/ul>\n<h3>Sicherheitstipps<\/h3>\n<ul>\n<li>Geben Sie w\u00e4hrend Live-Streams oder Chats keine sensiblen pers\u00f6nlichen Informationen preis.<\/li>\n<li>Verwenden Sie die Blockier-\/Meldefunktionen, wenn jemand beleidigend oder unangemessen ist<\/li>\n<li>Denken Sie daran, dass es bei Geschenken um echtes Geld geht - geben Sie es verantwortungsbewusst aus.<\/li>\n<\/ul>\n<h2>Benutzererfahrung und Design<\/h2>\n<p>BuzzCast bietet ein helles, modernes und unterhaltungsorientiertes Design:<\/p>\n<ul>\n<li>Startseite: Mit aktuellen Streams, empfohlenen Urhebern und schnellem Zugriff auf den Videochat<\/li>\n<li>Streaming-Schnittstelle: Gro\u00dfes Videofenster mit Live-Kommentaren und einer Geschenkleiste f\u00fcr einfache Interaktion<\/li>\n<li>Chat-Schnittstelle: Einfache Steuerelemente zum Starten, \u00dcberspringen oder Melden eines Gespr\u00e4chs<\/li>\n<li>Leistung: Reibungsloses Streaming und Video-Chat \u00fcber Wi-Fi und mobile Daten mit minimaler Verz\u00f6gerung<\/li>\n<li>Mobil-first: Optimiert f\u00fcr iOS und Android, mit h\u00e4ufigen Updates und Fehlerbehebungen<\/li>\n<\/ul>\n<p>Die App kombiniert die \u00c4sthetik eines sozialen Netzwerks mit Unterhaltungsfunktionen, was sie ansprechend macht, ohne \u00fcberw\u00e4ltigend zu sein.<\/p>\n<h2>BuzzCast im Vergleich zu anderen Plattformen<\/h2>\n<p>Wie schneidet BuzzCast im Vergleich zu anderen Live-Streaming- und Zufalls-Chat-Apps ab?<\/p>\n<table>\n<thead>\n<tr>\n<th>Merkmal<\/th>\n<th>BuzzCast<\/th>\n<th>Bigo Live<\/th>\n<th>Azar<\/th>\n<th>Affe<\/th>\n<th>TikTok<\/th>\n<\/tr>\n<\/thead>\n<tbody>\n<tr>\n<td>Live-Streaming<\/td>\n<td>Ja<\/td>\n<td>Ja<\/td>\n<td>Nein<\/td>\n<td>Nein<\/td>\n<td>Ja<\/td>\n<\/tr>\n<tr>\n<td>Random Video Chat mit Fremden<\/td>\n<td>Ja<\/td>\n<td>Nein<\/td>\n<td>Ja<\/td>\n<td>Ja<\/td>\n<td>Nein<\/td>\n<\/tr>\n<tr>\n<td>System der virtuellen Geschenke<\/td>\n<td>Ja<\/td>\n<td>Ja<\/td>\n<td>Ja<\/td>\n<td>Begrenzt<\/td>\n<td>Ja<\/td>\n<\/tr>\n<tr>\n<td>Kurze Videoinhalte<\/td>\n<td>Ja<\/td>\n<td>Nein<\/td>\n<td>Nein<\/td>\n<td>Nein<\/td>\n<td>Ja<\/td>\n<\/tr>\n<tr>\n<td>Soziale Profile<\/td>\n<td>Ja<\/td>\n<td>Ja<\/td>\n<td>Ja<\/td>\n<td>Ja<\/td>\n<td>Ja<\/td>\n<\/tr>\n<tr>\n<td>Frei zu verwenden<\/td>\n<td>Ja<\/td>\n<td>Ja<\/td>\n<td>Ja<\/td>\n<td>Ja<\/td>\n<td>Ja<\/td>\n<\/tr>\n<tr>\n<td>Monetarisierung f\u00fcr Sch\u00f6pfer<\/td>\n<td>Ja<\/td>\n<td>Ja<\/td>\n<td>Ja<\/td>\n<td>Begrenzt<\/td>\n<td>Ja<\/td>\n<\/tr>\n<\/tbody>\n<\/table>\n<p>Zusammenfassung: BuzzCast l\u00e4sst sich am besten als Hybrid-Plattform beschreiben, die Funktionen von Bigo Live und Azar mit Elementen von TikTok kombiniert. Diese Mischung macht sie vielseitiger als Einzweck-Apps.<\/p>\n<h2>Pro und Kontra<\/h2>\n<p>Vorteile:<\/p>\n<ul>\n<li>Kostenlose Nutzung mit Millionen von Nutzern weltweit<\/li>\n<li>Kombiniert Live-Streaming, Kurzvideos und Zufalls-Chat in einer Plattform<\/li>\n<li>Mit virtuellen Geschenken k\u00f6nnen Sch\u00f6pfer Geld verdienen<\/li>\n<li>Mobilfreundlich, mit reibungsloser Leistung<\/li>\n<li>Starke Gemeinschaft und internationale Reichweite<\/li>\n<li>Lustiges, interaktives Design mit Aufklebern, Emojis und sozialen Tools<\/li>\n<\/ul>\n<p>Nachteile:<\/p>\n<ul>\n<li>Starke Betonung von In-App-K\u00e4ufen zum Verschenken und Verst\u00e4rken<\/li>\n<li>Einige Inhalte k\u00f6nnen an der Moderation vorbeigehen<\/li>\n<li>Mehr auf Unterhaltung ausgerichtet als auf rein anonymes Chatten<\/li>\n<li>Kann aufgrund von Gamification und Monetarisierung s\u00fcchtig machen<\/li>\n<li>Erfordert Registrierung (nicht vollst\u00e4ndig anonym wie die Omegle-Alternativen)<\/li>\n<\/ul>\n<h2>Ideale Anwendungsf\u00e4lle<\/h2>\n<p>BuzzCast ist ideal f\u00fcr:<\/p>\n<ul>\n<li>Aufstrebende Inhaltsersteller, die streamen und mit Geschenken Geld verdienen wollen<\/li>\n<li>Zuschauer, die nach Live-Unterhaltung und sozialer Interaktion suchen<\/li>\n<li>Erwachsene, die eine Mischung aus zuf\u00e4lligen Chats und strukturierten sozialen Netzwerken suchen<\/li>\n<li>Fans von TikTok oder Bigo Live, die eine interaktivere Plattform w\u00fcnschen<\/li>\n<\/ul>\n<p>Weniger ideal f\u00fcr:<\/p>\n<ul>\n<li>Benutzer, die einen rein anonymen Videochat suchen (wie Omegle oder Lotta)<\/li>\n<li>Diejenigen, die In-App-K\u00e4ufe oder virtuelle Geschenk\u00f6konomien nicht m\u00f6gen<\/li>\n<li>Menschen, die nach professionellen Kommunikationsmitteln suchen<\/li>\n<\/ul>\n<p>BuzzCast ist eine der vielseitigsten sozialen Plattformen des Jahres 2025, die Live-Streaming, zuf\u00e4llige Videochats und Kurzvideos in einer App vereint. Durch die Mischung aus Unterhaltung und Interaktion hebt sich BuzzCast von Einzweck-Apps ab, w\u00e4hrend das Monetarisierungsmodell daf\u00fcr sorgt, dass sich die Macher weiterhin engagieren.<\/p>\n<p>Wenn Sie eine App suchen, die die Spontaneit\u00e4t von Omegle, den Spa\u00df von Monkey und die Kreativit\u00e4t von TikTok vereint, ist BuzzCast einen Versuch wert. Egal, ob Sie ein Streamer, ein Zuschauer oder einfach nur neugierig darauf sind, Menschen auf der ganzen Welt zu treffen, BuzzCast bietet ein lebendiges, modernes soziales Erlebnis.<\/p>","protected":false},"excerpt":{"rendered":"<p>The line between random video chat, live streaming, and social networking is becoming increasingly blurred. BuzzCast is a prime example of this trend\u2014a social video platform where users can livestream, discover new friends, join random video chats, and interact through gifts and communities. Originally launched as a live streaming app, BuzzCast has grown into a [&hellip;]<\/p>\n","protected":false},"author":6,"featured_media":0,"parent":0,"menu_order":0,"comment_status":"closed","ping_status":"closed","template":"","meta":{"footnotes":""},"class_list":["post-13022","page","type-page","status-publish","hentry"],"yoast_head":"<!-- This site is optimized with the Yoast SEO plugin v26.9 - https:\/\/yoast.com\/product\/yoast-seo-wordpress\/ -->\n<title>Buzzcast - Live Stream, Live Video Chat - StrangerCam.com<\/title>\n<meta name=\"description\" content=\"Like Buzzcast? Come chat with more than 5.000.000 strangers on Strangercam for Free! Turn on your cam and find new friends &amp; maby a match!\" \/>\n<meta name=\"robots\" content=\"index, follow, max-snippet:-1, max-image-preview:large, max-video-preview:-1\" \/>\n<link rel=\"canonical\" href=\"https:\/\/strangercam.com\/de\/buzzcast\/\" \/>\n<meta property=\"og:locale\" content=\"de_DE\" \/>\n<meta property=\"og:type\" content=\"article\" \/>\n<meta property=\"og:title\" content=\"Buzzcast - Live Stream, Live Video Chat - StrangerCam.com\" \/>\n<meta property=\"og:description\" content=\"Like Buzzcast? Come chat with more than 5.000.000 strangers on Strangercam for Free! Turn on your cam and find new friends &amp; maby a match!\" \/>\n<meta property=\"og:url\" content=\"https:\/\/strangercam.com\/de\/buzzcast\/\" \/>\n<meta property=\"og:site_name\" content=\"Strangercam\" \/>\n<meta property=\"article:publisher\" content=\"https:\/\/www.facebook.com\/strangercam\" \/>\n<meta property=\"article:modified_time\" content=\"2025-09-10T09:55:34+00:00\" \/>\n<meta property=\"og:image\" content=\"https:\/\/strangercam.com\/wp-content\/uploads\/2021\/10\/Untitled-2.png\" \/>\n\t<meta property=\"og:image:width\" content=\"800\" \/>\n\t<meta property=\"og:image:height\" content=\"532\" \/>\n\t<meta property=\"og:image:type\" content=\"image\/png\" \/>\n<meta name=\"twitter:card\" content=\"summary_large_image\" \/>\n<meta name=\"twitter:site\" content=\"@strangercamapp\" \/>\n<meta name=\"twitter:label1\" content=\"Gesch\u00e4tzte Lesezeit\" \/>\n\t<meta name=\"twitter:data1\" content=\"6\u00a0Minuten\" \/>\n<script type=\"application\/ld+json\" class=\"yoast-schema-graph\">{\"@context\":\"https:\/\/schema.org\",\"@graph\":[{\"@type\":\"WebPage\",\"@id\":\"https:\/\/strangercam.com\/buzzcast\/\",\"url\":\"https:\/\/strangercam.com\/buzzcast\/\",\"name\":\"Buzzcast - Live Stream, Live Video Chat - StrangerCam.com\",\"isPartOf\":{\"@id\":\"https:\/\/strangercam.com\/#website\"},\"datePublished\":\"2025-09-10T09:55:23+00:00\",\"dateModified\":\"2025-09-10T09:55:34+00:00\",\"description\":\"Like Buzzcast? Come chat with more than 5.000.000 strangers on Strangercam for Free! Turn on your cam and find new friends & maby a match!\",\"breadcrumb\":{\"@id\":\"https:\/\/strangercam.com\/buzzcast\/#breadcrumb\"},\"inLanguage\":\"de\",\"potentialAction\":[{\"@type\":\"ReadAction\",\"target\":[\"https:\/\/strangercam.com\/buzzcast\/\"]}]},{\"@type\":\"BreadcrumbList\",\"@id\":\"https:\/\/strangercam.com\/buzzcast\/#breadcrumb\",\"itemListElement\":[{\"@type\":\"ListItem\",\"position\":1,\"name\":\"Home\",\"item\":\"https:\/\/strangercam.com\/\"},{\"@type\":\"ListItem\",\"position\":2,\"name\":\"Buzzcast\"}]},{\"@type\":\"WebSite\",\"@id\":\"https:\/\/strangercam.com\/#website\",\"url\":\"https:\/\/strangercam.com\/\",\"name\":\"Strangercam\",\"description\":\"Random Video Chat with Strangers\",\"publisher\":{\"@id\":\"https:\/\/strangercam.com\/#organization\"},\"alternateName\":\"Strangercam.com\",\"potentialAction\":[{\"@type\":\"SearchAction\",\"target\":{\"@type\":\"EntryPoint\",\"urlTemplate\":\"https:\/\/strangercam.com\/?s={search_term_string}\"},\"query-input\":{\"@type\":\"PropertyValueSpecification\",\"valueRequired\":true,\"valueName\":\"search_term_string\"}}],\"inLanguage\":\"de\"},{\"@type\":\"Organization\",\"@id\":\"https:\/\/strangercam.com\/#organization\",\"name\":\"Strangercam\",\"alternateName\":\"Strangercam.com\",\"url\":\"https:\/\/strangercam.com\/\",\"logo\":{\"@type\":\"ImageObject\",\"inLanguage\":\"de\",\"@id\":\"https:\/\/strangercam.com\/#\/schema\/logo\/image\/\",\"url\":\"https:\/\/strangercam.com\/wp-content\/uploads\/2020\/11\/cropped-new-favicon-black.png\",\"contentUrl\":\"https:\/\/strangercam.com\/wp-content\/uploads\/2020\/11\/cropped-new-favicon-black.png\",\"width\":512,\"height\":512,\"caption\":\"Strangercam\"},\"image\":{\"@id\":\"https:\/\/strangercam.com\/#\/schema\/logo\/image\/\"},\"sameAs\":[\"https:\/\/www.facebook.com\/strangercam\",\"https:\/\/x.com\/strangercamapp\"]}]}<\/script>\n<!-- \/ Yoast SEO plugin. -->","yoast_head_json":{"title":"Buzzcast - Live Stream, Live Video Chat - StrangerCam.com","description":"Magst du Buzzcast? Komm und chatte mit mehr als 5.000.000 Fremden auf Strangercam - kostenlos! Schalte deine Kamera ein und finde neue Freunde und vielleicht einen Partner!","robots":{"index":"index","follow":"follow","max-snippet":"max-snippet:-1","max-image-preview":"max-image-preview:large","max-video-preview":"max-video-preview:-1"},"canonical":"https:\/\/strangercam.com\/de\/buzzcast\/","og_locale":"de_DE","og_type":"article","og_title":"Buzzcast - Live Stream, Live Video Chat - StrangerCam.com","og_description":"Like Buzzcast? Come chat with more than 5.000.000 strangers on Strangercam for Free! Turn on your cam and find new friends & maby a match!","og_url":"https:\/\/strangercam.com\/de\/buzzcast\/","og_site_name":"Strangercam","article_publisher":"https:\/\/www.facebook.com\/strangercam","article_modified_time":"2025-09-10T09:55:34+00:00","og_image":[{"width":800,"height":532,"url":"https:\/\/strangercam.com\/wp-content\/uploads\/2021\/10\/Untitled-2.png","type":"image\/png"}],"twitter_card":"summary_large_image","twitter_site":"@strangercamapp","twitter_misc":{"Gesch\u00e4tzte Lesezeit":"6\u00a0Minuten"},"schema":{"@context":"https:\/\/schema.org","@graph":[{"@type":"WebPage","@id":"https:\/\/strangercam.com\/buzzcast\/","url":"https:\/\/strangercam.com\/buzzcast\/","name":"Buzzcast - Live Stream, Live Video Chat - StrangerCam.com","isPartOf":{"@id":"https:\/\/strangercam.com\/#website"},"datePublished":"2025-09-10T09:55:23+00:00","dateModified":"2025-09-10T09:55:34+00:00","description":"Magst du Buzzcast? Komm und chatte mit mehr als 5.000.000 Fremden auf Strangercam - kostenlos! Schalte deine Kamera ein und finde neue Freunde und vielleicht einen Partner!","breadcrumb":{"@id":"https:\/\/strangercam.com\/buzzcast\/#breadcrumb"},"inLanguage":"de","potentialAction":[{"@type":"ReadAction","target":["https:\/\/strangercam.com\/buzzcast\/"]}]},{"@type":"BreadcrumbList","@id":"https:\/\/strangercam.com\/buzzcast\/#breadcrumb","itemListElement":[{"@type":"ListItem","position":1,"name":"Home","item":"https:\/\/strangercam.com\/"},{"@type":"ListItem","position":2,"name":"Buzzcast"}]},{"@type":"WebSite","@id":"https:\/\/strangercam.com\/#website","url":"https:\/\/strangercam.com\/","name":"Strangercam","description":"Zuf\u00e4lliger Video-Chat mit Fremden","publisher":{"@id":"https:\/\/strangercam.com\/#organization"},"alternateName":"Strangercam.com","potentialAction":[{"@type":"SearchAction","target":{"@type":"EntryPoint","urlTemplate":"https:\/\/strangercam.com\/?s={search_term_string}"},"query-input":{"@type":"PropertyValueSpecification","valueRequired":true,"valueName":"search_term_string"}}],"inLanguage":"de"},{"@type":"Organization","@id":"https:\/\/strangercam.com\/#organization","name":"Strangercam","alternateName":"Strangercam.com","url":"https:\/\/strangercam.com\/","logo":{"@type":"ImageObject","inLanguage":"de","@id":"https:\/\/strangercam.com\/#\/schema\/logo\/image\/","url":"https:\/\/strangercam.com\/wp-content\/uploads\/2020\/11\/cropped-new-favicon-black.png","contentUrl":"https:\/\/strangercam.com\/wp-content\/uploads\/2020\/11\/cropped-new-favicon-black.png","width":512,"height":512,"caption":"Strangercam"},"image":{"@id":"https:\/\/strangercam.com\/#\/schema\/logo\/image\/"},"sameAs":["https:\/\/www.facebook.com\/strangercam","https:\/\/x.com\/strangercamapp"]}]}},"_links":{"self":[{"href":"https:\/\/strangercam.com\/de\/wp-json\/wp\/v2\/pages\/13022","targetHints":{"allow":["GET"]}}],"collection":[{"href":"https:\/\/strangercam.com\/de\/wp-json\/wp\/v2\/pages"}],"about":[{"href":"https:\/\/strangercam.com\/de\/wp-json\/wp\/v2\/types\/page"}],"author":[{"embeddable":true,"href":"https:\/\/strangercam.com\/de\/wp-json\/wp\/v2\/users\/6"}],"replies":[{"embeddable":true,"href":"https:\/\/strangercam.com\/de\/wp-json\/wp\/v2\/comments?post=13022"}],"version-history":[{"count":1,"href":"https:\/\/strangercam.com\/de\/wp-json\/wp\/v2\/pages\/13022\/revisions"}],"predecessor-version":[{"id":13023,"href":"https:\/\/strangercam.com\/de\/wp-json\/wp\/v2\/pages\/13022\/revisions\/13023"}],"wp:attachment":[{"href":"https:\/\/strangercam.com\/de\/wp-json\/wp\/v2\/media?parent=13022"}],"curies":[{"name":"wp","href":"https:\/\/api.w.org\/{rel}","templated":true}]}}