{"id":13020,"date":"2025-09-10T11:53:09","date_gmt":"2025-09-10T09:53:09","guid":{"rendered":"https:\/\/strangercam.com\/?page_id=13020"},"modified":"2025-09-10T11:53:09","modified_gmt":"2025-09-10T09:53:09","slug":"chato","status":"publish","type":"page","link":"https:\/\/strangercam.com\/de\/chato\/","title":{"rendered":"Chato"},"content":{"rendered":"<p>Mit <a href=\"https:\/\/strangercam.com\/de\/omegle\/\">Omegle<\/a> eine Welle neuer Plattformen aufgetaucht, um die L\u00fccke f\u00fcr Menschen zu schlie\u00dfen, die sich weiterhin anonym und zuf\u00e4llig mit Fremden online unterhalten wollen. Chato ist einer der neueren Mitbewerber im Jahr 2025 und positioniert sich als schnelle, kostenlose und mobilfreundliche Omegle-Alternative. Der Fokus ist einfach: Video f\u00fcr ein pers\u00f6nliches Gespr\u00e4ch <a href=\"https:\/\/strangercam.com\/de\/chathub\/\">Chat<\/a> mit Fremden zu kommunizieren, ohne dass Anmeldungen, Downloads oder komplizierte Funktionen erforderlich sind.<\/p>\n<p>Aber h\u00e4lt Chato sein Versprechen, eine erstklassige Zufalls-Chat-Seite zu sein? Wie sicher ist sie, wer nutzt sie und wie ist sie im Vergleich zu anderen Alternativen wie Lotta, Ohmegle und MatchPub? In dieser \u00dcbersicht erfahren Sie alles, was Sie \u00fcber Chato wissen m\u00fcssen, bevor Sie loslegen.<\/p>\n<h2>Was ist Chato?<\/h2>\n<p>Chato ist eine browserbasierte Zufalls-Videochat-Website, die Fremde auf der ganzen Welt f\u00fcr private Live-Gespr\u00e4che von Angesicht zu Angesicht zusammenbringt. Wie bei Omegle ist keine Registrierung erforderlich - Sie klicken einfach auf \"Start\", aktivieren Ihre Kamera und Ihr Mikrofon und werden sofort mit jemandem zusammengebracht.<\/p>\n<p>Die Plattform legt den Schwerpunkt auf Einfachheit und Schnelligkeit und konzentriert sich auf Konversationen und nicht auf Funktionen. Das moderne Design und die reibungslose mobile Leistung von Chato machen es zu einer attraktiven Option f\u00fcr Nutzer, die klobige, veraltete Websites satt haben.<\/p>\n<h2>Was ist der Zweck von Chato?<\/h2>\n<p>Chato hat es sich zur Aufgabe gemacht, den Nervenkitzel anonymer Online-Unterhaltungen, die Omegle ber\u00fchmt gemacht haben, wieder aufleben zu lassen und gleichzeitig die Benutzerfreundlichkeit und Sicherheit zu verbessern. Zu seinen Zielen geh\u00f6ren:<\/p>\n<ul>\n<li>Spontane Chats unter vier Augen, ohne pers\u00f6nliche Informationen zu verlangen<\/li>\n<li>Bietet eine kostenlose, leicht zug\u00e4ngliche Plattform, die sofort auf dem Desktop oder dem Handy funktioniert<\/li>\n<li>Schaffung einer freundlichen, sicheren Umgebung f\u00fcr globale Nutzer, um <a href=\"https:\/\/strangercam.com\/de\/coomeet\/\">treffen<\/a> neue Leute<\/li>\n<li>Den Nutzern die Freiheit geben, zu \u00fcberspringen, weiterzugehen oder so lange zu bleiben, wie sie wollen<\/li>\n<\/ul>\n<p>Ob Sie nun Freunde finden, Sprachen \u00fcben, zwanglos flirten oder einfach nur die Langeweile vertreiben wollen, Chato bietet einen leichten Raum, um mit Fremden in Kontakt zu treten.<\/p>\n<h2>Wesentliche Merkmale<\/h2>\n<p>1. Sofortiger zuf\u00e4lliger Video-Chat<br \/>\nDas Herzst\u00fcck von Chato sind private, pers\u00f6nliche Cam-to-Cam-Unterhaltungen. Matches sind sofort, ohne Warteschlangen oder Verz\u00f6gerungen, was ein schnelles Kennenlernen erm\u00f6glicht.<\/p>\n<p>2. \u00dcberspringen\/N\u00e4chste Taste<br \/>\nGef\u00e4llt Ihnen der Chat nicht? Klicken Sie auf \"Weiter\", um sofort zu einem anderen Benutzer zu wechseln. Diese Schnellwechselmechanik sorgt f\u00fcr Spa\u00df und Dynamik.<\/p>\n<p>3. Text-Chat-Option<br \/>\nNeben Video bietet Chato auch Textnachrichten w\u00e4hrend der Sitzungen. Das ist n\u00fctzlich, um das Eis zu brechen, Sprachbarrieren zu \u00fcberwinden oder um leise ohne Ton zu chatten.<\/p>\n<p>4. Keine Registrierung erforderlich<br \/>\nChato erfordert weder ein Konto noch eine E-Mail-Adresse oder Telefonnummer. Dadurch bleibt die Erfahrung v\u00f6llig anonym und problemlos.<\/p>\n<p>5. Kompatibilit\u00e4t von Handy und Desktop<br \/>\nDie Plattform ist f\u00fcr alle Ger\u00e4te optimiert. Egal ob Sie einen Laptop oder ein Smartphone benutzen, Chato l\u00e4dt schnell und funktioniert reibungslos.<\/p>\n<p>6. Werkzeuge f\u00fcr Berichte und Sperren<br \/>\nChato enth\u00e4lt in jedem Chat eine Meldetaste, mit der Nutzer missbr\u00e4uchliches oder unangemessenes Verhalten melden k\u00f6nnen. Blockierwerkzeuge helfen, wiederholte Begegnungen mit st\u00f6renden Nutzern zu verhindern.<\/p>\n<p>7. Leichtes, minimales Design<br \/>\nDie Benutzeroberfl\u00e4che ist modern und ablenkungsfrei. Mit gro\u00dfen Videofenstern und einfachen Steuerelementen bleibt der Fokus auf dem Gespr\u00e4ch.<\/p>\n<h2>Ist Chato frei?<\/h2>\n<p>Ja, Chato ist 100% kostenlos zu benutzen. Im Gegensatz zu einigen Konkurrenten versteckt es seine Funktionen nicht hinter Abonnements oder Token.<\/p>\n<p>Sie k\u00f6nnen:<\/p>\n<ul>\n<li>Unbegrenzte Chats mit Fremden starten<\/li>\n<li>Text-Chat neben Video verwenden<\/li>\n<li>\u00dcberspringen und Melden so oft wie n\u00f6tig<\/li>\n<li>Zugriff auf die Plattform vom Handy oder Desktop aus<\/li>\n<\/ul>\n<p>Die Website kann leichte Werbung enthalten, um den Betrieb zu unterst\u00fctzen, aber es gibt keine versteckten Geb\u00fchren oder Premium-Funktionen.<\/p>\n<h2>Wer benutzt Chato?<\/h2>\n<p>Chato hat ein vielf\u00e4ltiges Publikum, das sich aus der ganzen Welt anmeldet:<\/p>\n<ul>\n<li>Altersgruppen: Haupts\u00e4chlich 18-35 (nur 18+)<\/li>\n<li>Standorte: Aktive Nutzer aus den USA, Gro\u00dfbritannien, Europa, Indien, Brasilien und S\u00fcdostasien<\/li>\n<li>Beweggr\u00fcnde: Neue Freunde treffen, zwangloses Flirten, Sprach\u00fcbungen oder einfach nur Zeitvertreib<\/li>\n<\/ul>\n<p>Aufgrund seiner Zug\u00e4nglichkeit und seines kostenlosen Modells zieht Chato ein breites Spektrum von Pers\u00f6nlichkeiten an. Wie bei den meisten Zufalls-Chat-Seiten ist die Nutzerbasis eher m\u00e4nnlich, obwohl die Beteiligung von Frauen mit der Verbesserung der Moderation zunimmt.<\/p>\n<h2>Sicherheit, Datenschutz und Moderation<\/h2>\n<p>Chato verbindet Anonymit\u00e4t mit Sicherheitsfunktionen, um den Nutzern eine sichere Umgebung zu bieten:<\/p>\n<h3>Datenschutz<\/h3>\n<ul>\n<li>Keine Anmeldung oder pers\u00f6nliche Daten erforderlich<\/li>\n<li>Chats werden nicht gespeichert oder aufgezeichnet<\/li>\n<li>Der Zugriff auf Webcam und Mikrofon ist zeitlich begrenzt und steht immer unter der Kontrolle des Benutzers.<\/li>\n<\/ul>\n<h3>Moderation<\/h3>\n<ul>\n<li>Chat-Berichterstattung zur Kennzeichnung beleidigender oder anst\u00f6\u00dfiger Benutzer<\/li>\n<li>KI-gesteuerte Inhalts\u00fcberwachung zur Reduzierung expliziter oder sch\u00e4dlicher Inhalte<\/li>\n<li>Menschliche Moderation zur Durchsetzung von Verboten bei Regelverst\u00f6\u00dfen<\/li>\n<\/ul>\n<h3>Tipps zur sicheren Verwendung<\/h3>\n<ul>\n<li>Vermeiden Sie die Weitergabe pers\u00f6nlicher Informationen (Name, Adresse, soziale Medien)<\/li>\n<li>Verwenden Sie \"\u00dcberspringen\" und \"Melden\", wenn Sie sich unwohl f\u00fchlen<\/li>\n<li>Interaktionen als vor\u00fcbergehend und anonym behandeln<\/li>\n<\/ul>\n<h2>Benutzererfahrung und Design<\/h2>\n<p>Chato ist auf Einfachheit und Geschwindigkeit ausgelegt:<\/p>\n<ul>\n<li>Startseite: Mit einer fettgedruckten Schaltfl\u00e4che \"Chat starten\" und Kurzinformationen zu Regeln und Datenschutz<\/li>\n<li>Video-Schnittstelle: Gro\u00dfe, \u00fcbersichtliche Videofenster mit intuitiven Steuerelementen zum \u00dcberspringen, Stummschalten und Melden<\/li>\n<li>Leistung: Reibungslose \u00dcberg\u00e4nge zwischen Chats mit minimaler Verz\u00f6gerung<\/li>\n<li>Mobiles Erlebnis: Optimiert f\u00fcr kleine Bildschirme, ber\u00fchrungsfreundlich und schnell ladend<\/li>\n<\/ul>\n<p>Im Gegensatz zu \u00e4lteren Websites vermeidet Chato Unordnung, \u00fcberm\u00e4\u00dfige Werbung oder verwirrende Men\u00fcs, so dass das Erlebnis leicht und angenehm ist.<\/p>\n<h2>Chato im Vergleich zu anderen Video-Chat-Plattformen mit Zufallsgenerator<\/h2>\n<p>Wie schneidet Chato im Vergleich zu anderen Websites im Stil von Omegle ab?<\/p>\n<table>\n<thead>\n<tr>\n<th>Merkmal<\/th>\n<th>Chato<\/th>\n<th>Omegle (geschlossen)<\/th>\n<th>Ohmegle<\/th>\n<th>Lotta<\/th>\n<th>MatchPub<\/th>\n<th><a href=\"https:\/\/strangercam.com\/de\/ometv\/\">OmeTV<\/a><\/th>\n<\/tr>\n<\/thead>\n<tbody>\n<tr>\n<td>Video-Chat<\/td>\n<td>Ja<\/td>\n<td>Ja<\/td>\n<td>Ja<\/td>\n<td>Ja<\/td>\n<td>Ja<\/td>\n<td>Ja<\/td>\n<\/tr>\n<tr>\n<td>Text-Chat<\/td>\n<td>Ja<\/td>\n<td>Ja<\/td>\n<td>Ja<\/td>\n<td>Ja<\/td>\n<td>Ja<\/td>\n<td>Ja<\/td>\n<\/tr>\n<tr>\n<td>Registrierung erforderlich<\/td>\n<td>Nein<\/td>\n<td>Nein<\/td>\n<td>Nein<\/td>\n<td>Nein<\/td>\n<td>Nein<\/td>\n<td>Nein<\/td>\n<\/tr>\n<tr>\n<td>Mobile Unterst\u00fctzung<\/td>\n<td>Ausgezeichnet<\/td>\n<td>Schlecht<\/td>\n<td>Ausgezeichnet<\/td>\n<td>Ausgezeichnet<\/td>\n<td>Ausgezeichnet<\/td>\n<td>Gut<\/td>\n<\/tr>\n<tr>\n<td>Geschlecht\/Region-Filter<\/td>\n<td>Nein<\/td>\n<td>Nein<\/td>\n<td>Nein<\/td>\n<td>Nein<\/td>\n<td>Nein<\/td>\n<td>Bezahlt<\/td>\n<\/tr>\n<tr>\n<td>Moderations-Tools<\/td>\n<td>Gut<\/td>\n<td>Schwach<\/td>\n<td>M\u00e4\u00dfig<\/td>\n<td>Gut<\/td>\n<td>Gut<\/td>\n<td>Stark<\/td>\n<\/tr>\n<tr>\n<td>Frei zu verwenden<\/td>\n<td>Ja<\/td>\n<td>Ja<\/td>\n<td>Ja<\/td>\n<td>Ja<\/td>\n<td>Ja<\/td>\n<td>Ja\/Bezahlt<\/td>\n<\/tr>\n<\/tbody>\n<\/table>\n<p>Fazit: Chato kommt Lotta und MatchPub am n\u00e4chsten - schnell, kostenlos, anonym und leichtgewichtig. Es bietet zwar keine fortschrittlichen Filter wie OmeTV, zeichnet sich aber durch seine Benutzerfreundlichkeit und mobile Leistung aus.<\/p>\n<h2>Pro und Kontra<\/h2>\n<p>Vorteile:<\/p>\n<ul>\n<li>100% kostenlos, keine Registrierung erforderlich<\/li>\n<li>V\u00f6llig anonyme Chat-Erfahrung<\/li>\n<li>Schnelle, reibungslose Anpassung und \u00dcberg\u00e4nge<\/li>\n<li>Mobil-optimierte, moderne Schnittstelle<\/li>\n<li>Einfache Werkzeuge zum \u00dcberspringen und Berichten<\/li>\n<li>Internationale, vielf\u00e4ltige Nutzerbasis<\/li>\n<\/ul>\n<p>Nachteile:<\/p>\n<ul>\n<li>Keine Filter f\u00fcr Geschlecht oder Ort<\/li>\n<li>Gelegentliches Auftreten von unangemessenem Verhalten (wie bei allen anonymen Plattformen)<\/li>\n<li>Mehr m\u00e4nnliche als weibliche Nutzer<\/li>\n<li>Keine Profile, Freundeslisten oder Re-Matching-Funktionen<\/li>\n<li>Baut im Vergleich zu \u00e4lteren Alternativen seine Nutzerbasis noch aus<\/li>\n<\/ul>\n<h2>Ideale Anwendungsf\u00e4lle<\/h2>\n<p>Chato ist perfekt f\u00fcr:<\/p>\n<ul>\n<li>Ventilatoren von Omegle und <a href=\"https:\/\/strangercam.com\/de\/chatroulette\/\">Chatroulette<\/a> Suche nach einem modernen Ersatz<\/li>\n<li>Leute, die schnell und anonym chatten wollen, ohne sich anzumelden<\/li>\n<li>Studenten, Reisende und Sprachsch\u00fcler, die an einem kulturellen Austausch interessiert sind<\/li>\n<li>Erwachsene auf der Suche nach zwangloser, spontaner Interaktion weltweit<\/li>\n<li>Mobilit\u00e4tsorientierte Nutzer, die unterwegs ein reibungsloses, zuverl\u00e4ssiges Erlebnis w\u00fcnschen<\/li>\n<\/ul>\n<p>Weniger ideal f\u00fcr:<\/p>\n<ul>\n<li>Benutzer unter 18 Jahren (nur f\u00fcr Erwachsene)<\/li>\n<li>Diejenigen, die erweiterte Filter f\u00fcr die Partnersuche oder das Matching w\u00fcnschen<\/li>\n<li>Personen, die langfristige Profile oder Verbindungen suchen<\/li>\n<\/ul>\n<p>Chato ist eine der vielversprechendsten neuen Omegle-Alternativen im Jahr 2025 und bietet schnelle, anonyme Videochats in einem modernen, mobilfreundlichen Paket. Sein kostenloses Modell ohne Anmeldung sorgt f\u00fcr einen einfachen Zugang, w\u00e4hrend starke Datenschutz- und Meldetools dazu beitragen, eine sicherere Umgebung als \u00e4ltere Seiten zu schaffen.<\/p>\n<p>Wenn Sie auf der Suche nach einer leichtgewichtigen, einfach zu bedienenden Plattform sind, um Fremde auf der ganzen Welt zu treffen - sei es zum Spa\u00df, zur Freundschaft oder f\u00fcr einen lockeren Flirt - ist Chato einen Versuch wert. Es bringt die Spontaneit\u00e4t von Omegle zur\u00fcck und aktualisiert die Erfahrung f\u00fcr die heutigen Benutzer.<\/p>","protected":false},"excerpt":{"rendered":"<p>With Omegle gone, a wave of new platforms has appeared to fill the gap for people who still want anonymous, random conversations with strangers online. Chato is one of the newer contenders in 2025, positioning itself as a fast, free, and mobile-friendly Omegle alternative. Its focus is simple: one-on-one video chat with strangers, without the [&hellip;]<\/p>\n","protected":false},"author":6,"featured_media":0,"parent":0,"menu_order":0,"comment_status":"closed","ping_status":"closed","template":"","meta":{"footnotes":""},"class_list":["post-13020","page","type-page","status-publish","hentry"],"yoast_head":"<!-- This site is optimized with the Yoast SEO plugin v27.4 - https:\/\/yoast.com\/product\/yoast-seo-wordpress\/ -->\n<title>Chato - Video Chat &amp; Have Fun - StrangerCam.com<\/title>\n<meta name=\"description\" content=\"Like Chato? Come chat with more than 5.000.000 strangers on Strangercam for Free! Turn on your cam and find new friends &amp; maby a match!\" \/>\n<meta name=\"robots\" content=\"index, follow, max-snippet:-1, max-image-preview:large, max-video-preview:-1\" \/>\n<link rel=\"canonical\" href=\"https:\/\/strangercam.com\/de\/chato\/\" \/>\n<meta property=\"og:locale\" content=\"de_DE\" \/>\n<meta property=\"og:type\" content=\"article\" \/>\n<meta property=\"og:title\" content=\"Chato - Video Chat &amp; Have Fun - StrangerCam.com\" \/>\n<meta property=\"og:description\" content=\"Like Chato? Come chat with more than 5.000.000 strangers on Strangercam for Free! Turn on your cam and find new friends &amp; maby a match!\" \/>\n<meta property=\"og:url\" content=\"https:\/\/strangercam.com\/de\/chato\/\" \/>\n<meta property=\"og:site_name\" content=\"Strangercam\" \/>\n<meta property=\"article:publisher\" content=\"https:\/\/www.facebook.com\/strangercam\" \/>\n<meta property=\"og:image\" content=\"https:\/\/strangercam.com\/wp-content\/uploads\/2021\/10\/Untitled-2.png\" \/>\n\t<meta property=\"og:image:width\" content=\"800\" \/>\n\t<meta property=\"og:image:height\" content=\"532\" \/>\n\t<meta property=\"og:image:type\" content=\"image\/png\" \/>\n<meta name=\"twitter:card\" content=\"summary_large_image\" \/>\n<meta name=\"twitter:site\" content=\"@strangercamapp\" \/>\n<meta name=\"twitter:label1\" content=\"Gesch\u00e4tzte Lesezeit\" \/>\n\t<meta name=\"twitter:data1\" content=\"5\u00a0Minuten\" \/>\n<script type=\"application\/ld+json\" class=\"yoast-schema-graph\">{\"@context\":\"https:\\\/\\\/schema.org\",\"@graph\":[{\"@type\":\"WebPage\",\"@id\":\"https:\\\/\\\/strangercam.com\\\/chato\\\/\",\"url\":\"https:\\\/\\\/strangercam.com\\\/chato\\\/\",\"name\":\"Chato - Video Chat & Have Fun - StrangerCam.com\",\"isPartOf\":{\"@id\":\"https:\\\/\\\/strangercam.com\\\/#website\"},\"datePublished\":\"2025-09-10T09:53:09+00:00\",\"description\":\"Like Chato? Come chat with more than 5.000.000 strangers on Strangercam for Free! Turn on your cam and find new friends & maby a match!\",\"breadcrumb\":{\"@id\":\"https:\\\/\\\/strangercam.com\\\/chato\\\/#breadcrumb\"},\"inLanguage\":\"de\",\"potentialAction\":[{\"@type\":\"ReadAction\",\"target\":[\"https:\\\/\\\/strangercam.com\\\/chato\\\/\"]}]},{\"@type\":\"BreadcrumbList\",\"@id\":\"https:\\\/\\\/strangercam.com\\\/chato\\\/#breadcrumb\",\"itemListElement\":[{\"@type\":\"ListItem\",\"position\":1,\"name\":\"Home\",\"item\":\"https:\\\/\\\/strangercam.com\\\/\"},{\"@type\":\"ListItem\",\"position\":2,\"name\":\"Chato\"}]},{\"@type\":\"WebSite\",\"@id\":\"https:\\\/\\\/strangercam.com\\\/#website\",\"url\":\"https:\\\/\\\/strangercam.com\\\/\",\"name\":\"Strangercam\",\"description\":\"Random Video Chat with Strangers\",\"publisher\":{\"@id\":\"https:\\\/\\\/strangercam.com\\\/#organization\"},\"alternateName\":\"Strangercam.com\",\"potentialAction\":[{\"@type\":\"SearchAction\",\"target\":{\"@type\":\"EntryPoint\",\"urlTemplate\":\"https:\\\/\\\/strangercam.com\\\/?s={search_term_string}\"},\"query-input\":{\"@type\":\"PropertyValueSpecification\",\"valueRequired\":true,\"valueName\":\"search_term_string\"}}],\"inLanguage\":\"de\"},{\"@type\":\"Organization\",\"@id\":\"https:\\\/\\\/strangercam.com\\\/#organization\",\"name\":\"Strangercam\",\"alternateName\":\"Strangercam.com\",\"url\":\"https:\\\/\\\/strangercam.com\\\/\",\"logo\":{\"@type\":\"ImageObject\",\"inLanguage\":\"de\",\"@id\":\"https:\\\/\\\/strangercam.com\\\/#\\\/schema\\\/logo\\\/image\\\/\",\"url\":\"https:\\\/\\\/strangercam.com\\\/wp-content\\\/uploads\\\/2020\\\/11\\\/cropped-new-favicon-black.png\",\"contentUrl\":\"https:\\\/\\\/strangercam.com\\\/wp-content\\\/uploads\\\/2020\\\/11\\\/cropped-new-favicon-black.png\",\"width\":512,\"height\":512,\"caption\":\"Strangercam\"},\"image\":{\"@id\":\"https:\\\/\\\/strangercam.com\\\/#\\\/schema\\\/logo\\\/image\\\/\"},\"sameAs\":[\"https:\\\/\\\/www.facebook.com\\\/strangercam\",\"https:\\\/\\\/x.com\\\/strangercamapp\"]}]}<\/script>\n<!-- \/ Yoast SEO plugin. -->","yoast_head_json":{"title":"Chato - Video Chat &amp; Spa\u00df haben - StrangerCam.com","description":"Magst du Chato? Komm und chatte mit mehr als 5.000.000 Fremden auf Strangercam - kostenlos! Schalte deine Kamera ein und finde neue Freunde und vielleicht einen Partner!","robots":{"index":"index","follow":"follow","max-snippet":"max-snippet:-1","max-image-preview":"max-image-preview:large","max-video-preview":"max-video-preview:-1"},"canonical":"https:\/\/strangercam.com\/de\/chato\/","og_locale":"de_DE","og_type":"article","og_title":"Chato - Video Chat & Have Fun - StrangerCam.com","og_description":"Like Chato? Come chat with more than 5.000.000 strangers on Strangercam for Free! Turn on your cam and find new friends & maby a match!","og_url":"https:\/\/strangercam.com\/de\/chato\/","og_site_name":"Strangercam","article_publisher":"https:\/\/www.facebook.com\/strangercam","og_image":[{"width":800,"height":532,"url":"https:\/\/strangercam.com\/wp-content\/uploads\/2021\/10\/Untitled-2.png","type":"image\/png"}],"twitter_card":"summary_large_image","twitter_site":"@strangercamapp","twitter_misc":{"Gesch\u00e4tzte Lesezeit":"5\u00a0Minuten"},"schema":{"@context":"https:\/\/schema.org","@graph":[{"@type":"WebPage","@id":"https:\/\/strangercam.com\/chato\/","url":"https:\/\/strangercam.com\/chato\/","name":"Chato - Video Chat &amp; Spa\u00df haben - StrangerCam.com","isPartOf":{"@id":"https:\/\/strangercam.com\/#website"},"datePublished":"2025-09-10T09:53:09+00:00","description":"Magst du Chato? Komm und chatte mit mehr als 5.000.000 Fremden auf Strangercam - kostenlos! Schalte deine Kamera ein und finde neue Freunde und vielleicht einen Partner!","breadcrumb":{"@id":"https:\/\/strangercam.com\/chato\/#breadcrumb"},"inLanguage":"de","potentialAction":[{"@type":"ReadAction","target":["https:\/\/strangercam.com\/chato\/"]}]},{"@type":"BreadcrumbList","@id":"https:\/\/strangercam.com\/chato\/#breadcrumb","itemListElement":[{"@type":"ListItem","position":1,"name":"Home","item":"https:\/\/strangercam.com\/"},{"@type":"ListItem","position":2,"name":"Chato"}]},{"@type":"WebSite","@id":"https:\/\/strangercam.com\/#website","url":"https:\/\/strangercam.com\/","name":"Strangercam","description":"Zuf\u00e4lliger Video-Chat mit Fremden","publisher":{"@id":"https:\/\/strangercam.com\/#organization"},"alternateName":"Strangercam.com","potentialAction":[{"@type":"SearchAction","target":{"@type":"EntryPoint","urlTemplate":"https:\/\/strangercam.com\/?s={search_term_string}"},"query-input":{"@type":"PropertyValueSpecification","valueRequired":true,"valueName":"search_term_string"}}],"inLanguage":"de"},{"@type":"Organization","@id":"https:\/\/strangercam.com\/#organization","name":"Strangercam","alternateName":"Strangercam.com","url":"https:\/\/strangercam.com\/","logo":{"@type":"ImageObject","inLanguage":"de","@id":"https:\/\/strangercam.com\/#\/schema\/logo\/image\/","url":"https:\/\/strangercam.com\/wp-content\/uploads\/2020\/11\/cropped-new-favicon-black.png","contentUrl":"https:\/\/strangercam.com\/wp-content\/uploads\/2020\/11\/cropped-new-favicon-black.png","width":512,"height":512,"caption":"Strangercam"},"image":{"@id":"https:\/\/strangercam.com\/#\/schema\/logo\/image\/"},"sameAs":["https:\/\/www.facebook.com\/strangercam","https:\/\/x.com\/strangercamapp"]}]}},"_links":{"self":[{"href":"https:\/\/strangercam.com\/de\/wp-json\/wp\/v2\/pages\/13020","targetHints":{"allow":["GET"]}}],"collection":[{"href":"https:\/\/strangercam.com\/de\/wp-json\/wp\/v2\/pages"}],"about":[{"href":"https:\/\/strangercam.com\/de\/wp-json\/wp\/v2\/types\/page"}],"author":[{"embeddable":true,"href":"https:\/\/strangercam.com\/de\/wp-json\/wp\/v2\/users\/6"}],"replies":[{"embeddable":true,"href":"https:\/\/strangercam.com\/de\/wp-json\/wp\/v2\/comments?post=13020"}],"version-history":[{"count":1,"href":"https:\/\/strangercam.com\/de\/wp-json\/wp\/v2\/pages\/13020\/revisions"}],"predecessor-version":[{"id":13021,"href":"https:\/\/strangercam.com\/de\/wp-json\/wp\/v2\/pages\/13020\/revisions\/13021"}],"wp:attachment":[{"href":"https:\/\/strangercam.com\/de\/wp-json\/wp\/v2\/media?parent=13020"}],"curies":[{"name":"wp","href":"https:\/\/api.w.org\/{rel}","templated":true}]}}