{"id":13018,"date":"2025-09-10T11:48:32","date_gmt":"2025-09-10T09:48:32","guid":{"rendered":"https:\/\/strangercam.com\/?page_id=13018"},"modified":"2025-09-10T11:48:32","modified_gmt":"2025-09-10T09:48:32","slug":"matchpub","status":"publish","type":"page","link":"https:\/\/strangercam.com\/de\/matchpub\/","title":{"rendered":"MatchPub"},"content":{"rendered":"<p>Die Nachfrage nach spontanen, anonymen Videos <a href=\"https:\/\/strangercam.com\/de\/chathub\/\">Chat<\/a> Plattformen nimmt weiter zu, da die Menschen neue Wege suchen, um online Kontakte zu kn\u00fcpfen. Nach der Schlie\u00dfung von <a href=\"https:\/\/strangercam.com\/de\/omegle\/\">Omegle<\/a>, In den letzten Jahren ist eine Vielzahl von Alternativen aufgetaucht, die jeweils ihre eigene Variante der Formel anbieten. MatchPub ist eine der neueren Plattformen in diesem Bereich - sie verbindet die Spannung des zuf\u00e4lligen Video-Matchings mit einer lebendigen, sozialen Atmosph\u00e4re, die sie wie einen digitalen Treffpunkt und nicht wie eine weitere Chat-App erscheinen l\u00e4sst.<\/p>\n<p>Aber hebt sich MatchPub im Jahr 2025 wirklich ab? Wie schneidet es im Vergleich zu anderen Omegle-\u00e4hnlichen Websites wie ChitChatTV, Lotta und Ohmegle ab? In diesem Testbericht gehen wir auf alles ein, was Sie \u00fcber MatchPub wissen m\u00fcssen: seine Funktionen, seine Nutzerbasis, seine Sicherheitsstandards, seine Vor- und Nachteile und ob es Ihre Zeit wert ist.<\/p>\n<h2>Was ist MatchPub?<\/h2>\n<p>MatchPub ist eine browserbasierte Zufalls-Videochat-Website, die darauf ausgelegt ist, Fremde sofort f\u00fcr ein pers\u00f6nliches Videogespr\u00e4ch zu verbinden. Wie Omegle und <a href=\"https:\/\/strangercam.com\/de\/chatroulette\/\">Chatroulette<\/a> MatchPub h\u00e4lt die Dinge einfach: Sie m\u00fcssen sich nicht anmelden, kein Profil erstellen und keine App herunterladen. Stattdessen k\u00f6nnen Sie innerhalb von Sekunden in einen Live-Chat einsteigen.<\/p>\n<p>Das \"Pub\"-Thema spiegelt seine Mission wider: MatchPub zielt darauf ab, die zwanglose, gesellige Atmosph\u00e4re eines Treffens mit neuen Leuten in einer Bar oder einem Caf\u00e9 nachzubilden, allerdings in einer digitalen Umgebung. Es soll freundlich, einladend und global sein.<\/p>\n<h2>Was ist der Zweck von MatchPub?<\/h2>\n<p>Das Ziel von MatchPub ist es, das Kennenlernen neuer Leute im Internet so einfach und unterhaltsam zu gestalten, wie das Anbahnen eines Gespr\u00e4chs im echten Leben. MatchPub ist f\u00fcr Nutzer gedacht, die genug haben von stark kuratierten sozialen Apps, komplizierten Anmeldungen oder endlosem Swipen. Stattdessen betont es:<\/p>\n<ul>\n<li>Spontaneit\u00e4t: <a href=\"https:\/\/strangercam.com\/de\/coomeet\/\">Treffen Sie<\/a> mit nur einem Klick sofort jemand Neues kennenlernen<\/li>\n<li>Anonymit\u00e4t: Keine Profile oder pers\u00f6nlichen Angaben erforderlich<\/li>\n<li>Globale Reichweite: Chatten Sie mit Menschen aus der ganzen Welt<\/li>\n<li>Gemeinschaftsgef\u00fchl: Ein unterhaltsamer, zwangloser Raum, der weniger anonym ist als Omegle, aber zug\u00e4nglicher als eine Dating-App<\/li>\n<\/ul>\n<p>Egal, ob Sie Freunde finden, eine Sprache \u00fcben, flirten oder sich einfach nur die Zeit vertreiben wollen, MatchPub bietet einen Raum f\u00fcr ungezwungene, ungeschriebene Gespr\u00e4che.<\/p>\n<h2>Wesentliche Merkmale<\/h2>\n<p>1. Zuf\u00e4lliger Video-Chat unter vier Augen<br \/>\nDie Hauptfunktion von MatchPub sind private Cam-to-Cam-Unterhaltungen mit Fremden. Das Matching erfolgt sofort, und jede Sitzung ist eine Chance, jemand v\u00f6llig Neues kennenzulernen.<\/p>\n<p>2. \u00dcberspringen\/N\u00e4chste Taste<br \/>\nGef\u00e4llt Ihnen der Chat nicht? Klicken Sie auf \"Weiter\" und wechseln Sie sofort zu einem anderen Benutzer. Es gibt keine Strafe f\u00fcr das \u00dcberspringen, und die Verbindungen werden schnell geladen.<\/p>\n<p>3. Text-Chat-Modus<br \/>\nF\u00fcr Benutzer, die lieber tippen - oder wenn Video nicht in Frage kommt - bietet MatchPub auch einen reinen Text-Chat-Modus. Dies ist ideal, um das Eis zu brechen oder f\u00fcr Menschen mit Bandbreitenbeschr\u00e4nkungen.<\/p>\n<p>4. Keine Registrierung erforderlich<br \/>\nMatchPub ist v\u00f6llig anonym. Sie m\u00fcssen sich nicht anmelden, ein Konto erstellen oder pers\u00f6nliche Daten angeben. Klicken Sie einfach und beginnen Sie zu chatten.<\/p>\n<p>5. Kompatibilit\u00e4t von Handy und Desktop<br \/>\nDie Website funktioniert sowohl auf Desktop- als auch auf mobilen Browsern reibungslos. Dank des sauberen, responsiven Designs ist sie auf dem Handy genauso einfach zu bedienen wie auf einem Computer.<\/p>\n<p>6. Werkzeuge f\u00fcr Berichte und Sperren<br \/>\nEine sichtbare Schaltfl\u00e4che \"Melden\" erm\u00f6glicht es Nutzern, unangemessenes Verhalten zu melden. Sie k\u00f6nnen auch st\u00f6rende Chatpartner blockieren, um ein positives Erlebnis zu gew\u00e4hrleisten.<\/p>\n<p>7. Leichtes, schnelles Design<br \/>\nMatchPub l\u00e4dt schnell und wechselt nahtlos zwischen den Chats, selbst auf Ger\u00e4ten der mittleren Leistungsklasse und in mobilen Netzwerken.<\/p>\n<h2>Ist MatchPub kostenlos?<\/h2>\n<p>Ja, MatchPub ist 100% kostenlos zu nutzen. Alle Hauptfunktionen - Video-Chat, Text-Chat, \u00dcberspringen und Berichte - sind f\u00fcr jeden verf\u00fcgbar.<\/p>\n<p>Es gibt sie:<\/p>\n<ul>\n<li>Keine Abonnements<\/li>\n<li>Keine Token oder Kredite<\/li>\n<li>Keine versteckten Kosten<\/li>\n<\/ul>\n<p>Die Plattform kann zur Kostendeckung leichte Werbung schalten, die jedoch nicht aufdringlich ist und das Chat-Erlebnis nicht beeintr\u00e4chtigt.<\/p>\n<h2>Wer nutzt MatchPub?<\/h2>\n<p>MatchPub zieht ein weltweites Publikum von Gelegenheits-Chattern an, darunter:<\/p>\n<ul>\n<li>Altersgruppen: Haupts\u00e4chlich 18-35 (nur Erwachsene, 18+)<\/li>\n<li>Standorte: Nutzer aus den USA, Gro\u00dfbritannien, Europa, Indien, Brasilien, S\u00fcdostasien und dar\u00fcber hinaus<\/li>\n<li>Gr\u00fcnde f\u00fcr die Teilnahme: Freundschaften schlie\u00dfen, Sprachen \u00fcben, zwangloses Flirten, kulturelle Entdeckungen oder einfach nur Zeitvertreib<\/li>\n<\/ul>\n<p>Im Vergleich zu \u00e4lteren Plattformen f\u00fchlt sich MatchPub j\u00fcnger und frischer an, was vor allem Menschen anspricht, die die Spontaneit\u00e4t von Omegle genie\u00dfen, aber eine reibungslosere, modernere Erfahrung w\u00fcnschen.<\/p>\n<h2>Sicherheit, Datenschutz und Moderation<\/h2>\n<p>MatchPub ist sich bewusst, dass anonymer Chat mit Risiken verbunden ist, und hat daher Tools eingebaut, die die Sicherheit und den Datenschutz f\u00f6rdern.<\/p>\n<h3>Datenschutz<\/h3>\n<ul>\n<li>Keine Konto- oder pers\u00f6nlichen Angaben erforderlich<\/li>\n<li>Es werden keine Chats gespeichert, aufgezeichnet oder \u00f6ffentlich gemacht.<\/li>\n<li>Sie haben jederzeit die Kontrolle \u00fcber Ihre Kamera und Ihr Mikrofon<\/li>\n<\/ul>\n<h3>Moderation<\/h3>\n<ul>\n<li>In-Chat-Meldungen: Unangemessene Inhalte oder Bel\u00e4stigungen schnell melden<\/li>\n<li>KI-basierte Inhaltsfilter: Erkennen und begrenzen Sie missbr\u00e4uchliches oder explizites Verhalten<\/li>\n<li>Menschliche Moderatoren: \u00dcberpr\u00fcfen Sie Berichte und setzen Sie Sperren f\u00fcr Wiederholungst\u00e4ter durch<\/li>\n<\/ul>\n<h3>Benutzer-Tipps<\/h3>\n<ul>\n<li>Teilen Sie niemals pers\u00f6nliche Informationen im Chat<\/li>\n<li>Verwenden Sie bei Bedarf die Schaltfl\u00e4chen \"\u00dcberspringen\" und \"Melden\".<\/li>\n<li>Bleiben Sie bei leichten, zwanglosen Gespr\u00e4chen, bis Sie Ihrem Chatpartner vertrauen<\/li>\n<\/ul>\n<h2>Benutzererfahrung und Design<\/h2>\n<p>MatchPub bietet ein sauberes, modernes und intuitives Design:<\/p>\n<ul>\n<li>Die Homepage enth\u00e4lt eine klare Schaltfl\u00e4che \"Chat starten\" und grundlegende Community-Richtlinien<\/li>\n<li>Die Videofenster sind gro\u00df, scharf und reaktionsschnell<\/li>\n<li>Die Schaltfl\u00e4chen zum \u00dcberspringen, Stummschalten und Melden sind leicht zu finden und zu verwenden<\/li>\n<li>Mobile und Desktop-Versionen sind gleicherma\u00dfen reibungslos und zuverl\u00e4ssig<\/li>\n<li>Die Ladezeiten sind kurz, die \u00dcberg\u00e4nge zwischen den Chats sofort.<\/li>\n<\/ul>\n<p>Im Gegensatz zu \u00fcberladenen oder werbe\u00fcberladenen Websites wirkt MatchPub frisch und minimalistisch und legt den Fokus auf die Konversation.<\/p>\n<h2>MatchPub im Vergleich zu anderen Zufalls-Videochat-Plattformen<\/h2>\n<p>Wie steht MatchPub im Vergleich zu seinen Hauptkonkurrenten da?<\/p>\n<table>\n<thead>\n<tr>\n<th>Merkmal<\/th>\n<th>MatchPub<\/th>\n<th>Omegle (geschlossen)<\/th>\n<th>Ohmegle<\/th>\n<th><a href=\"https:\/\/strangercam.com\/de\/ometv\/\">OmeTV<\/a><\/th>\n<th>Lotta<\/th>\n<th>ChitChatTV<\/th>\n<\/tr>\n<\/thead>\n<tbody>\n<tr>\n<td>Random Video Chat mit Fremden<\/td>\n<td>Ja<\/td>\n<td>Ja<\/td>\n<td>Ja<\/td>\n<td>Ja<\/td>\n<td>Ja<\/td>\n<td>Ja<\/td>\n<\/tr>\n<tr>\n<td>Text-Chat-Option<\/td>\n<td>Ja<\/td>\n<td>Ja<\/td>\n<td>Ja<\/td>\n<td>Ja<\/td>\n<td>Ja<\/td>\n<td>Ja<\/td>\n<\/tr>\n<tr>\n<td>Registrierung erforderlich<\/td>\n<td>Nein<\/td>\n<td>Nein<\/td>\n<td>Nein<\/td>\n<td>Nein<\/td>\n<td>Nein<\/td>\n<td>Nein<\/td>\n<\/tr>\n<tr>\n<td>Mobilfreundlich<\/td>\n<td>Ausgezeichnet<\/td>\n<td>Schlecht<\/td>\n<td>Ausgezeichnet<\/td>\n<td>Gut<\/td>\n<td>Ausgezeichnet<\/td>\n<td>Ausgezeichnet<\/td>\n<\/tr>\n<tr>\n<td>Geschlecht\/Region-Filter<\/td>\n<td>Nein<\/td>\n<td>Nein<\/td>\n<td>Nein<\/td>\n<td>Bezahlt<\/td>\n<td>Nein<\/td>\n<td>Nein<\/td>\n<\/tr>\n<tr>\n<td>Moderations-Tools<\/td>\n<td>Gut<\/td>\n<td>Schwach<\/td>\n<td>M\u00e4\u00dfig<\/td>\n<td>Stark<\/td>\n<td>Gut<\/td>\n<td>Gut<\/td>\n<\/tr>\n<tr>\n<td>Frei zu verwenden<\/td>\n<td>Ja<\/td>\n<td>Ja<\/td>\n<td>Ja<\/td>\n<td>Ja\/Bezahlt<\/td>\n<td>Ja<\/td>\n<td>Ja<\/td>\n<\/tr>\n<\/tbody>\n<\/table>\n<p>Zusammenfassung: MatchPub kommt Ohmegle und Lotta geistig am n\u00e4chsten - schnell, kostenlos, anonym und modern. Es bietet zwar keine fortschrittlichen Filter wie OmeTV, macht dies aber durch seine Einfachheit und Benutzerfreundlichkeit wieder wett.<\/p>\n<h2>Pro und Kontra<\/h2>\n<p>Vorteile:<\/p>\n<ul>\n<li>100% kostenlos, keine Anmeldung erforderlich<\/li>\n<li>Anonymes und privates Chatterlebnis<\/li>\n<li>Modernes, responsives Design f\u00fcr Desktop und Handy<\/li>\n<li>Schnelle, stabile Video- und Text-Chat-Verbindungen<\/li>\n<li>Einfache Werkzeuge zum \u00dcberspringen und Berichten<\/li>\n<li>Internationale, vielf\u00e4ltige Nutzerbasis<\/li>\n<\/ul>\n<p>Nachteile:<\/p>\n<ul>\n<li>Keine Filter f\u00fcr Geschlecht oder Ort<\/li>\n<li>Gelegentlicher unangemessener Inhalt (wie bei allen anonymen Chat-Plattformen)<\/li>\n<li>Mehr m\u00e4nnliche als weibliche Nutzer<\/li>\n<li>Keine Benutzerprofile oder Chatverl\u00e4ufe<\/li>\n<li>Keine M\u00f6glichkeit, sich mit fr\u00fcheren Nutzern wieder zu verbinden<\/li>\n<\/ul>\n<h2>Ideale Anwendungsf\u00e4lle<\/h2>\n<p>MatchPub ist perfekt f\u00fcr:<\/p>\n<ul>\n<li>Fans von Omegle und Chatroulette suchen einen modernen Ersatz<\/li>\n<li>Erwachsene, die einen spontanen, zwanglosen Chat mit Fremden suchen<\/li>\n<li>Reisende, Studenten und Sprachsch\u00fcler, die an einer globalen Konversation interessiert sind<\/li>\n<li>Menschen, die Anonymit\u00e4t sch\u00e4tzen und sich ungern f\u00fcr Apps oder Konten anmelden<\/li>\n<li>Alle, die sich die Zeit vertreiben und ungezwungene soziale Begegnungen haben wollen<\/li>\n<\/ul>\n<p>Es ist weniger ideal f\u00fcr:<\/p>\n<ul>\n<li>Benutzer unter 18 Jahren (nur f\u00fcr Erwachsene)<\/li>\n<li>Diejenigen, die dating-spezifische Filter oder kuratierte Matches suchen<\/li>\n<li>Personen, die langfristige Verbindungen w\u00fcnschen oder die M\u00f6glichkeit haben m\u00f6chten, mit fr\u00fcheren Chats wieder in Kontakt zu treten<\/li>\n<\/ul>\n<p>MatchPub ist eine der besten neuen, zuf\u00e4lligen Videochat-Plattformen im Stil von Omegle im Jahr 2025. Sie kombiniert sofortige, anonyme Verbindungen mit einer modernen Oberfl\u00e4che, starker mobiler Leistung und einfachen, aber effektiven Moderationswerkzeugen.<\/p>\n<p>Wenn Sie auf der Suche nach einer Plattform sind, die den Nervenkitzel von Omegle mit einem sch\u00f6neren Design und einer frischeren Community bietet, ist MatchPub einen Versuch wert. Es ist kostenlos, schnell und macht Spa\u00df - der perfekte Ort, um neue Gesichter und Unterhaltungen aus aller Welt zu entdecken.<\/p>","protected":false},"excerpt":{"rendered":"<p>The demand for spontaneous, anonymous video chat platforms continues to grow as people seek new ways to socialize online. Following the closure of Omegle, a variety of alternatives have appeared, each offering their own twist on the formula. MatchPub is one of the newer platforms in this space\u2014combining the excitement of random video matching with [&hellip;]<\/p>\n","protected":false},"author":6,"featured_media":0,"parent":0,"menu_order":0,"comment_status":"closed","ping_status":"closed","template":"","meta":{"footnotes":""},"class_list":["post-13018","page","type-page","status-publish","hentry"],"yoast_head":"<!-- This site is optimized with the Yoast SEO plugin v27.4 - https:\/\/yoast.com\/product\/yoast-seo-wordpress\/ -->\n<title>MatchPub - Live 1:1 Video Chat - StrangerCam.com<\/title>\n<meta name=\"description\" content=\"Like MatchPub? Come chat with more than 5.000.000 strangers on Strangercam for Free! Turn on your cam and find new friends &amp; maby a match!\" \/>\n<meta name=\"robots\" content=\"index, follow, max-snippet:-1, max-image-preview:large, max-video-preview:-1\" \/>\n<link rel=\"canonical\" href=\"https:\/\/strangercam.com\/de\/matchpub\/\" \/>\n<meta property=\"og:locale\" content=\"de_DE\" \/>\n<meta property=\"og:type\" content=\"article\" \/>\n<meta property=\"og:title\" content=\"MatchPub - Live 1:1 Video Chat - StrangerCam.com\" \/>\n<meta property=\"og:description\" content=\"Like MatchPub? Come chat with more than 5.000.000 strangers on Strangercam for Free! Turn on your cam and find new friends &amp; maby a match!\" \/>\n<meta property=\"og:url\" content=\"https:\/\/strangercam.com\/de\/matchpub\/\" \/>\n<meta property=\"og:site_name\" content=\"Strangercam\" \/>\n<meta property=\"article:publisher\" content=\"https:\/\/www.facebook.com\/strangercam\" \/>\n<meta property=\"og:image\" content=\"https:\/\/strangercam.com\/wp-content\/uploads\/2021\/10\/Untitled-2.png\" \/>\n\t<meta property=\"og:image:width\" content=\"800\" \/>\n\t<meta property=\"og:image:height\" content=\"532\" \/>\n\t<meta property=\"og:image:type\" content=\"image\/png\" \/>\n<meta name=\"twitter:card\" content=\"summary_large_image\" \/>\n<meta name=\"twitter:site\" content=\"@strangercamapp\" \/>\n<meta name=\"twitter:label1\" content=\"Gesch\u00e4tzte Lesezeit\" \/>\n\t<meta name=\"twitter:data1\" content=\"6\u00a0Minuten\" \/>\n<script type=\"application\/ld+json\" class=\"yoast-schema-graph\">{\"@context\":\"https:\\\/\\\/schema.org\",\"@graph\":[{\"@type\":\"WebPage\",\"@id\":\"https:\\\/\\\/strangercam.com\\\/matchpub\\\/\",\"url\":\"https:\\\/\\\/strangercam.com\\\/matchpub\\\/\",\"name\":\"MatchPub - Live 1:1 Video Chat - StrangerCam.com\",\"isPartOf\":{\"@id\":\"https:\\\/\\\/strangercam.com\\\/#website\"},\"datePublished\":\"2025-09-10T09:48:32+00:00\",\"description\":\"Like MatchPub? Come chat with more than 5.000.000 strangers on Strangercam for Free! Turn on your cam and find new friends & maby a match!\",\"breadcrumb\":{\"@id\":\"https:\\\/\\\/strangercam.com\\\/matchpub\\\/#breadcrumb\"},\"inLanguage\":\"de\",\"potentialAction\":[{\"@type\":\"ReadAction\",\"target\":[\"https:\\\/\\\/strangercam.com\\\/matchpub\\\/\"]}]},{\"@type\":\"BreadcrumbList\",\"@id\":\"https:\\\/\\\/strangercam.com\\\/matchpub\\\/#breadcrumb\",\"itemListElement\":[{\"@type\":\"ListItem\",\"position\":1,\"name\":\"Home\",\"item\":\"https:\\\/\\\/strangercam.com\\\/\"},{\"@type\":\"ListItem\",\"position\":2,\"name\":\"MatchPub\"}]},{\"@type\":\"WebSite\",\"@id\":\"https:\\\/\\\/strangercam.com\\\/#website\",\"url\":\"https:\\\/\\\/strangercam.com\\\/\",\"name\":\"Strangercam\",\"description\":\"Random Video Chat with Strangers\",\"publisher\":{\"@id\":\"https:\\\/\\\/strangercam.com\\\/#organization\"},\"alternateName\":\"Strangercam.com\",\"potentialAction\":[{\"@type\":\"SearchAction\",\"target\":{\"@type\":\"EntryPoint\",\"urlTemplate\":\"https:\\\/\\\/strangercam.com\\\/?s={search_term_string}\"},\"query-input\":{\"@type\":\"PropertyValueSpecification\",\"valueRequired\":true,\"valueName\":\"search_term_string\"}}],\"inLanguage\":\"de\"},{\"@type\":\"Organization\",\"@id\":\"https:\\\/\\\/strangercam.com\\\/#organization\",\"name\":\"Strangercam\",\"alternateName\":\"Strangercam.com\",\"url\":\"https:\\\/\\\/strangercam.com\\\/\",\"logo\":{\"@type\":\"ImageObject\",\"inLanguage\":\"de\",\"@id\":\"https:\\\/\\\/strangercam.com\\\/#\\\/schema\\\/logo\\\/image\\\/\",\"url\":\"https:\\\/\\\/strangercam.com\\\/wp-content\\\/uploads\\\/2020\\\/11\\\/cropped-new-favicon-black.png\",\"contentUrl\":\"https:\\\/\\\/strangercam.com\\\/wp-content\\\/uploads\\\/2020\\\/11\\\/cropped-new-favicon-black.png\",\"width\":512,\"height\":512,\"caption\":\"Strangercam\"},\"image\":{\"@id\":\"https:\\\/\\\/strangercam.com\\\/#\\\/schema\\\/logo\\\/image\\\/\"},\"sameAs\":[\"https:\\\/\\\/www.facebook.com\\\/strangercam\",\"https:\\\/\\\/x.com\\\/strangercamapp\"]}]}<\/script>\n<!-- \/ Yoast SEO plugin. -->","yoast_head_json":{"title":"MatchPub - Live 1:1 Video Chat - StrangerCam.com","description":"M\u00f6gen Sie MatchPub? Komm und chatte mit mehr als 5.000.000 Fremden auf Strangercam kostenlos! Schalte deine Kamera ein und finde neue Freunde und vielleicht einen Partner!","robots":{"index":"index","follow":"follow","max-snippet":"max-snippet:-1","max-image-preview":"max-image-preview:large","max-video-preview":"max-video-preview:-1"},"canonical":"https:\/\/strangercam.com\/de\/matchpub\/","og_locale":"de_DE","og_type":"article","og_title":"MatchPub - Live 1:1 Video Chat - StrangerCam.com","og_description":"Like MatchPub? Come chat with more than 5.000.000 strangers on Strangercam for Free! Turn on your cam and find new friends & maby a match!","og_url":"https:\/\/strangercam.com\/de\/matchpub\/","og_site_name":"Strangercam","article_publisher":"https:\/\/www.facebook.com\/strangercam","og_image":[{"width":800,"height":532,"url":"https:\/\/strangercam.com\/wp-content\/uploads\/2021\/10\/Untitled-2.png","type":"image\/png"}],"twitter_card":"summary_large_image","twitter_site":"@strangercamapp","twitter_misc":{"Gesch\u00e4tzte Lesezeit":"6\u00a0Minuten"},"schema":{"@context":"https:\/\/schema.org","@graph":[{"@type":"WebPage","@id":"https:\/\/strangercam.com\/matchpub\/","url":"https:\/\/strangercam.com\/matchpub\/","name":"MatchPub - Live 1:1 Video Chat - StrangerCam.com","isPartOf":{"@id":"https:\/\/strangercam.com\/#website"},"datePublished":"2025-09-10T09:48:32+00:00","description":"M\u00f6gen Sie MatchPub? Komm und chatte mit mehr als 5.000.000 Fremden auf Strangercam kostenlos! Schalte deine Kamera ein und finde neue Freunde und vielleicht einen Partner!","breadcrumb":{"@id":"https:\/\/strangercam.com\/matchpub\/#breadcrumb"},"inLanguage":"de","potentialAction":[{"@type":"ReadAction","target":["https:\/\/strangercam.com\/matchpub\/"]}]},{"@type":"BreadcrumbList","@id":"https:\/\/strangercam.com\/matchpub\/#breadcrumb","itemListElement":[{"@type":"ListItem","position":1,"name":"Home","item":"https:\/\/strangercam.com\/"},{"@type":"ListItem","position":2,"name":"MatchPub"}]},{"@type":"WebSite","@id":"https:\/\/strangercam.com\/#website","url":"https:\/\/strangercam.com\/","name":"Strangercam","description":"Zuf\u00e4lliger Video-Chat mit Fremden","publisher":{"@id":"https:\/\/strangercam.com\/#organization"},"alternateName":"Strangercam.com","potentialAction":[{"@type":"SearchAction","target":{"@type":"EntryPoint","urlTemplate":"https:\/\/strangercam.com\/?s={search_term_string}"},"query-input":{"@type":"PropertyValueSpecification","valueRequired":true,"valueName":"search_term_string"}}],"inLanguage":"de"},{"@type":"Organization","@id":"https:\/\/strangercam.com\/#organization","name":"Strangercam","alternateName":"Strangercam.com","url":"https:\/\/strangercam.com\/","logo":{"@type":"ImageObject","inLanguage":"de","@id":"https:\/\/strangercam.com\/#\/schema\/logo\/image\/","url":"https:\/\/strangercam.com\/wp-content\/uploads\/2020\/11\/cropped-new-favicon-black.png","contentUrl":"https:\/\/strangercam.com\/wp-content\/uploads\/2020\/11\/cropped-new-favicon-black.png","width":512,"height":512,"caption":"Strangercam"},"image":{"@id":"https:\/\/strangercam.com\/#\/schema\/logo\/image\/"},"sameAs":["https:\/\/www.facebook.com\/strangercam","https:\/\/x.com\/strangercamapp"]}]}},"_links":{"self":[{"href":"https:\/\/strangercam.com\/de\/wp-json\/wp\/v2\/pages\/13018","targetHints":{"allow":["GET"]}}],"collection":[{"href":"https:\/\/strangercam.com\/de\/wp-json\/wp\/v2\/pages"}],"about":[{"href":"https:\/\/strangercam.com\/de\/wp-json\/wp\/v2\/types\/page"}],"author":[{"embeddable":true,"href":"https:\/\/strangercam.com\/de\/wp-json\/wp\/v2\/users\/6"}],"replies":[{"embeddable":true,"href":"https:\/\/strangercam.com\/de\/wp-json\/wp\/v2\/comments?post=13018"}],"version-history":[{"count":1,"href":"https:\/\/strangercam.com\/de\/wp-json\/wp\/v2\/pages\/13018\/revisions"}],"predecessor-version":[{"id":13019,"href":"https:\/\/strangercam.com\/de\/wp-json\/wp\/v2\/pages\/13018\/revisions\/13019"}],"wp:attachment":[{"href":"https:\/\/strangercam.com\/de\/wp-json\/wp\/v2\/media?parent=13018"}],"curies":[{"name":"wp","href":"https:\/\/api.w.org\/{rel}","templated":true}]}}