{"id":13016,"date":"2025-09-10T11:45:42","date_gmt":"2025-09-10T09:45:42","guid":{"rendered":"https:\/\/strangercam.com\/?page_id=13016"},"modified":"2025-09-10T11:45:42","modified_gmt":"2025-09-10T09:45:42","slug":"justalk","status":"publish","type":"page","link":"https:\/\/strangercam.com\/de\/justalk\/","title":{"rendered":"Justalk"},"content":{"rendered":"<p>In einem \u00fcberf\u00fcllten Markt f\u00fcr Messaging und Video <a href=\"https:\/\/strangercam.com\/de\/chatroulette\/\">Chat<\/a> Apps schaffen nur sehr wenige den Spagat zwischen einem zuverl\u00e4ssigen Kommunikationswerkzeug und einer unterhaltsamen Plattform f\u00fcr soziale Kontakte. JusTalk ist eine dieser Ausnahmen. Urspr\u00fcnglich als einfache Videogespr\u00e4chs-App gestartet, hat sich JusTalk zu einer globalen sozialen Chat-Plattform entwickelt, mit der Sie nicht nur mit Freunden und Familie in Kontakt bleiben, sondern auch <a href=\"https:\/\/strangercam.com\/de\/coomeet\/\">treffen<\/a> neue Leute durch seine lebendigen Community-Funktionen.<\/p>\n<p>Aber wie wird sich JusTalk im Jahr 2025 unterscheiden? Lohnt sich die Nutzung im Vergleich zu Giganten wie WhatsApp, Zoom oder sogar sozialen Apps wie <a href=\"https:\/\/strangercam.com\/de\/monkey-app\/\">Affe<\/a> und <a href=\"https:\/\/strangercam.com\/de\/azar-app\/\">Azar<\/a>? In diesem ausf\u00fchrlichen Bericht erfahren Sie alles, was Sie \u00fcber JusTalk wissen m\u00fcssen - seine Funktionen, Preise, Sicherheit und wie es im Vergleich zu anderen beliebten Chat-Plattformen ist.<\/p>\n<h2>Was ist JusTalk?<\/h2>\n<p>JusTalk ist eine kostenlose App f\u00fcr Videoanrufe und Messaging, die sowohl f\u00fcr iOS als auch f\u00fcr Android verf\u00fcgbar ist und weltweit Millionen von Nutzern hat. Im Kern bietet sie qualitativ hochwertige Einzel- und Gruppen-Videoanrufe, aber sie geht auch \u00fcber traditionelle Kommunikations-Apps hinaus, indem sie bietet:<\/p>\n<ul>\n<li>Lustige Doodle- und Sticker-Tools bei Anrufen<\/li>\n<li>Community-Chatrooms und zuf\u00e4lliges Matching zum Kennenlernen neuer Leute<\/li>\n<li>Plattform\u00fcbergreifende Unterst\u00fctzung, so dass Sie es auf Telefonen, Tablets und sogar per Web-Login nutzen k\u00f6nnen<\/li>\n<\/ul>\n<p>Die Kombination aus zuverl\u00e4ssigen Kommunikationsfunktionen und sozialer Entdeckung hat JusTalk nicht nur f\u00fcr private Unterhaltungen beliebt gemacht, sondern auch f\u00fcr Menschen, die ihren globalen sozialen Kreis erweitern m\u00f6chten.<\/p>\n<h2>Was ist der Zweck von JusTalk?<\/h2>\n<p>JusTalk hat es sich zur Aufgabe gemacht, Online-Kommunikation pers\u00f6nlich, unterhaltsam und global zu gestalten. Im Gegensatz zu unternehmensorientierten Apps wie Zoom ist JusTalk f\u00fcr allt\u00e4gliche Unterhaltungen gedacht - ob mit der Familie, Freunden oder neuen Menschen, die Sie \u00fcber die Plattform kennenlernen.<\/p>\n<p>Sie zielt darauf ab:<\/p>\n<ul>\n<li>Eine kostenlose Alternative zu teuren Auslandsgespr\u00e4chen<\/li>\n<li>Eine unterhaltsame Umgebung mit spielerischen Funktionen wie Kritzeln, Aufklebern und Minispielen<\/li>\n<li>Eine soziale Plattform, auf der Sie Fremde auf der ganzen Welt entdecken und mit ihnen chatten k\u00f6nnen<\/li>\n<\/ul>\n<p>Dieser doppelte Fokus - ernsthafte Kommunikation auf der einen Seite und unbeschwertes soziales Entdecken auf der anderen - macht JusTalk einzigartig.<\/p>\n<h2>Wesentliche Merkmale<\/h2>\n<p>1. Kostenlose Videoanrufe unter vier Augen<br \/>\nJusTalk bietet unbegrenzte kostenlose Videoanrufe mit End-to-End-Verschl\u00fcsselung. Die Anrufe sind stabil, mit hoher Video- und Audioqualit\u00e4t auch bei langsameren Verbindungen.<\/p>\n<p>2. Gruppen-Videoanrufe<br \/>\nSie k\u00f6nnen Gruppen-Videochats mit mehreren Freunden gleichzeitig veranstalten - ideal f\u00fcr virtuelle Treffen, Familienzusammenk\u00fcnfte oder Studiensitzungen.<\/p>\n<p>3. Zufalls-Chat und Gemeinschaftsr\u00e4ume<br \/>\nNeben privaten Anrufen bietet JusTalk auch \u00f6ffentliche Chatrooms und zuf\u00e4llige Matching-Funktionen, mit denen Sie weltweit Fremde treffen und mit ihnen interagieren k\u00f6nnen. Das macht die App zu einem Kommunikationstool und zu einer sozialen Entdeckungs-App.<\/p>\n<p>4. Kritzeleien, Sticker und Emojis<br \/>\nBei Videogespr\u00e4chen k\u00f6nnen Sie in Echtzeit auf dem Bildschirm zeichnen, Sticker austauschen und Emojis verwenden - f\u00fcr ausdrucksstarke und unterhaltsame Gespr\u00e4che.<\/p>\n<p>5. Sprach- und Videonachrichten<br \/>\nWenn Sie f\u00fcr einen Live-Anruf nicht verf\u00fcgbar sind, k\u00f6nnen Sie mit JusTalk kurze Sprach- oder Videonachrichten direkt \u00fcber die App versenden.<\/p>\n<p>6. Textnachrichten mit Multimedia<br \/>\nZus\u00e4tzlich zu den Anrufen bietet JusTalk Standard-Chat-Funktionen: Textnachrichten, gemeinsame Nutzung von Fotos, GIFs und Datei\u00fcbertragungen.<\/p>\n<p>7. Plattform\u00fcbergreifende Kompatibilit\u00e4t<br \/>\nJusTalk ist auf iOS, Android und \u00fcber Webbrowser verf\u00fcgbar. Dies stellt sicher, dass Benutzer nahtlos \u00fcber verschiedene Ger\u00e4te hinweg eine Verbindung herstellen k\u00f6nnen.<\/p>\n<p>8. JusTalk Kids (Separate App)<br \/>\nF\u00fcr j\u00fcngere Nutzer bietet JusTalk eine Kinderversion der App an, die stark moderiert ist und als sichere <a href=\"https:\/\/strangercam.com\/de\/mocospace\/\">Raum<\/a> f\u00fcr Kinder zur Kommunikation mit zugelassenen Kontaktpersonen.<\/p>\n<h2>Ist JusTalk kostenlos?<\/h2>\n<p>Ja, JusTalk kann kostenlos heruntergeladen und verwendet werden. Alle Hauptfunktionen - Videoanrufe, Gruppenchats, Textnachrichten und Social Discovery - sind kostenlos verf\u00fcgbar.<\/p>\n<p>Die App bietet optionale In-App-K\u00e4ufe, darunter:<\/p>\n<ul>\n<li>Hochwertige Aufkleber und Themen<\/li>\n<li>Einige fortgeschrittene Tools zur sozialen Entdeckung<\/li>\n<li>Add-ons f\u00fcr die individuelle Anpassung<\/li>\n<\/ul>\n<p>Sie sind jedoch nicht erforderlich, um Videogespr\u00e4che und -nachrichten in vollem Umfang nutzen zu k\u00f6nnen.<\/p>\n<h2>Wer benutzt JusTalk?<\/h2>\n<p>JusTalk hat eine breite und weltweite Nutzerbasis, darunter auch<\/p>\n<ul>\n<li>Altersgruppe: Jugendliche, junge Erwachsene und Familien (18-35 ist die aktivste Altersgruppe, aber JusTalk Kids richtet sich auch an Nutzer unter 18 Jahren)<\/li>\n<li>Standorte: Beliebt in den Vereinigten Staaten, Europa, Indien, S\u00fcdostasien und Lateinamerika<\/li>\n<li>Benutzertypen: Freunde, Familien, Studenten, Reisende und Menschen, die daran interessiert sind, international neue Leute kennenzulernen<\/li>\n<\/ul>\n<p>JusTalk richtet sich sowohl an diejenigen, die ein Kommunikationstool im Stil von WhatsApp suchen, als auch an diejenigen, die das zuf\u00e4llige Treffen mit Fremden im Stil von Omegle genie\u00dfen.<\/p>\n<h2>Sicherheit, Datenschutz und Moderation<\/h2>\n<p>Wie bei jeder sozialen App ist die Sicherheit ein wichtiger Aspekt. JusTalk enth\u00e4lt mehrere Ma\u00dfnahmen, um die Nutzer zu sch\u00fctzen:<\/p>\n<h3>Datenschutz<\/h3>\n<ul>\n<li>Ende-zu-Ende-Verschl\u00fcsselung von Anrufen und Nachrichten<\/li>\n<li>F\u00fcr die Anmeldung ist keine Telefonnummer erforderlich - Sie k\u00f6nnen sich per E-Mail oder \u00fcber soziale Netzwerke anmelden.<\/li>\n<li>Chats werden nicht gespeichert oder ver\u00f6ffentlicht<\/li>\n<\/ul>\n<h3>Moderation<\/h3>\n<ul>\n<li>Melde- und Sperrfunktionen in privaten Chats und \u00f6ffentlichen R\u00e4umen verf\u00fcgbar<\/li>\n<li>Gefilterter Zufallsabgleich, um die Exposition gegen\u00fcber Spam und unangemessenen Inhalten zu reduzieren<\/li>\n<li>JusTalk Kids bietet eine sicherere, \u00fcberwachte Umgebung f\u00fcr minderj\u00e4hrige Nutzer<\/li>\n<\/ul>\n<h3>Benutzer-Tipps<\/h3>\n<ul>\n<li>Teilen Sie niemals sensible pers\u00f6nliche Informationen in zuf\u00e4lligen Chats<\/li>\n<li>Verwenden Sie die Blockier-\/Meldewerkzeuge gro\u00dfz\u00fcgig, wenn Sie verd\u00e4chtiges Verhalten feststellen<\/li>\n<li>Bleiben Sie bei JusTalk Kids, wenn Sie Konten f\u00fcr Kinder einrichten wollen<\/li>\n<\/ul>\n<h2>Benutzererfahrung und Design<\/h2>\n<p>Die Oberfl\u00e4che von JusTalk ist farbenfroh, modern und einfach zu bedienen. Sie verbindet Funktionalit\u00e4t mit einer spielerischen Ausstrahlung:<\/p>\n<ul>\n<li>Navigation: Tabs f\u00fcr Anrufe, Nachrichten und Community sind klar getrennt<\/li>\n<li>Gestaltung: Bunte Farben, cartoonartige Aufkleber und eine lustige \u00c4sthetik sprechen ein j\u00fcngeres Publikum an<\/li>\n<li>Leistung: Reibungslose und stabile Anrufe, auch in langsameren Netzen<\/li>\n<li>Extras: Doodles, Themen und Live-Reaktionen sorgen f\u00fcr lebhafte Unterhaltungen<\/li>\n<\/ul>\n<p>Sowohl auf iOS als auch auf Android l\u00e4uft JusTalk gut, mit h\u00e4ufigen Updates und Unterst\u00fctzung f\u00fcr die neuesten Ger\u00e4te.<\/p>\n<h2>JusTalk im Vergleich zu anderen Video-Chat-Plattformen<\/h2>\n<p>Wie schneidet JusTalk im Vergleich zu g\u00e4ngigen Messaging- und Video-Chat-Anwendungen ab?<\/p>\n<table>\n<thead>\n<tr>\n<th>Merkmal<\/th>\n<th>JusTalk<\/th>\n<th>WhatsApp<\/th>\n<th>Vergr\u00f6\u00dfern<\/th>\n<th>Affe<\/th>\n<th>Azar<\/th>\n<\/tr>\n<\/thead>\n<tbody>\n<tr>\n<td>Kostenlose Einzelgespr\u00e4che<\/td>\n<td>Ja<\/td>\n<td>Ja<\/td>\n<td>Nein<\/td>\n<td>Ja<\/td>\n<td>Ja<\/td>\n<\/tr>\n<tr>\n<td>Kostenlose Gruppenanrufe<\/td>\n<td>Ja<\/td>\n<td>Ja<\/td>\n<td>Nein (bezahlt)<\/td>\n<td>Ja<\/td>\n<td>Ja<\/td>\n<\/tr>\n<tr>\n<td>Soziale Entdeckung<\/td>\n<td>Ja<\/td>\n<td>Nein<\/td>\n<td>Nein<\/td>\n<td>Ja<\/td>\n<td>Ja<\/td>\n<\/tr>\n<tr>\n<td>Kritzeleien &amp; lustige Funktionen<\/td>\n<td>Ja<\/td>\n<td>Nein<\/td>\n<td>Nein<\/td>\n<td>Begrenzt<\/td>\n<td>Ja<\/td>\n<\/tr>\n<tr>\n<td>Kinder-Version<\/td>\n<td>Ja<\/td>\n<td>Nein<\/td>\n<td>Nein<\/td>\n<td>Nein<\/td>\n<td>Nein<\/td>\n<\/tr>\n<tr>\n<td>Mobile-First-Design<\/td>\n<td>Ja<\/td>\n<td>Ja<\/td>\n<td>Begrenzt<\/td>\n<td>Ja<\/td>\n<td>Ja<\/td>\n<\/tr>\n<\/tbody>\n<\/table>\n<p>Zusammenfassung: JusTalk kombiniert die Kommunikationsst\u00e4rken von WhatsApp mit den sozialen Entdeckungsaspekten von Monkey und Azar, bietet aber auch spielerische Funktionen wie Doodling und JusTalk Kids f\u00fcr eine familienfreundliche Nutzung.<\/p>\n<h2>Pro und Kontra<\/h2>\n<p>Vorteile:<\/p>\n<ul>\n<li>Kostenlose, unbegrenzte Videoanrufe f\u00fcr Einzelpersonen und Gruppen<\/li>\n<li>Lustige Extras wie Doodles, Aufkleber und Themen<\/li>\n<li>Zufalls-Chat und Gemeinschaftsr\u00e4ume zum Kennenlernen neuer Leute<\/li>\n<li>Plattform\u00fcbergreifende Kompatibilit\u00e4t (iOS, Android, Web)<\/li>\n<li>JusTalk Kids bietet eine sichere Option f\u00fcr Kinder<\/li>\n<li>Ende-zu-Ende-Verschl\u00fcsselung gew\u00e4hrleistet Datenschutz<\/li>\n<\/ul>\n<p>Nachteile:<\/p>\n<ul>\n<li>Einige erweiterte Funktionen sind durch In-App-K\u00e4ufe gesch\u00fctzt<\/li>\n<li>Gemeinschaftsr\u00e4ume k\u00f6nnen Spammer oder ungeeignete Nutzer anziehen<\/li>\n<li>Weniger beliebt als WhatsApp oder Zoom f\u00fcr die reine Kommunikation<\/li>\n<li>J\u00fcngeres, spielerisches Design spricht \u00e4ltere Nutzer m\u00f6glicherweise nicht an<\/li>\n<\/ul>\n<h2>Ideale Anwendungsf\u00e4lle<\/h2>\n<p>JusTalk ist perfekt f\u00fcr:<\/p>\n<ul>\n<li>Freunde und Familien, die eine kostenlose und unterhaltsame Alternative zu WhatsApp oder FaceTime suchen<\/li>\n<li>Studenten und junge Erwachsene, die zuf\u00e4llige Chats oder globale Kontakte suchen<\/li>\n<li>Reisende und Expats, die international in Verbindung bleiben wollen<\/li>\n<li>Eltern und Kinder nutzen JusTalk Kids f\u00fcr sichere, familienfreundliche Videoanrufe<\/li>\n<\/ul>\n<p>Weniger ideal f\u00fcr:<\/p>\n<ul>\n<li>Benutzer, die beruflich oder gesch\u00e4ftlich Videogespr\u00e4che f\u00fchren m\u00f6chten (Zoom oder Teams sind hier besser geeignet)<\/li>\n<li>Personen, die rein anonyme, profillose Chat-Plattformen w\u00fcnschen<\/li>\n<li>Erwachsene, die kein Interesse an Aufklebern, Kritzeleien oder spielerischen Elementen haben<\/li>\n<\/ul>\n<p>JusTalk ist eine vielseitige Videochat-App, die zuverl\u00e4ssige Kommunikation mit spielerischer sozialer Entdeckung erfolgreich verbindet. Im Gegensatz zu WhatsApp oder Zoom beschr\u00e4nkt sich JusTalk nicht darauf, Sie mit Menschen zu verbinden, die Sie bereits kennen, sondern gibt Ihnen auch Werkzeuge an die Hand, mit denen Sie Fremde treffen, Gemeinschaften beitreten und beim Chatten Spa\u00df haben k\u00f6nnen.<\/p>\n<p>Mit kostenlosen, unbegrenzten Videoanrufen, plattform\u00fcbergreifender Kompatibilit\u00e4t und einzigartigen Extras wie Doodling ist JusTalk eine der ansprechendsten Apps f\u00fcr die soziale Kommunikation, die im Jahr 2025 verf\u00fcgbar sind. Wenn man dann noch die JusTalk Kids App f\u00fcr j\u00fcngere Zielgruppen hinzunimmt, ist klar, dass die Plattform eine gro\u00dfe Anziehungskraft hat.<\/p>\n<p>Wenn Sie auf der Suche nach einer kostenlosen, unterhaltsamen und globalen M\u00f6glichkeit sind, mit Freunden und Fremden in Kontakt zu treten, ist JusTalk auf jeden Fall einen Versuch wert.<\/p>","protected":false},"excerpt":{"rendered":"<p>In a crowded market of messaging and video chat apps, very few manage to strike a balance between being a reliable communication tool and a fun social discovery platform. JusTalk is one of the exceptions. Originally launched as a simple video calling app, JusTalk has evolved into a global social chat platform that lets you [&hellip;]<\/p>\n","protected":false},"author":6,"featured_media":0,"parent":0,"menu_order":0,"comment_status":"closed","ping_status":"closed","template":"","meta":{"footnotes":""},"class_list":["post-13016","page","type-page","status-publish","hentry"],"yoast_head":"<!-- This site is optimized with the Yoast SEO plugin v27.4 - https:\/\/yoast.com\/product\/yoast-seo-wordpress\/ -->\n<title>Justalk - Free 1v1 Video Call &amp; Video Chat App - StrangerCam.com<\/title>\n<meta name=\"description\" content=\"Like Justalk? Come chat with more than 5.000.000 strangers on Strangercam for Free! Turn on your cam and find new friends &amp; maby a match!\" \/>\n<meta name=\"robots\" content=\"index, follow, max-snippet:-1, max-image-preview:large, max-video-preview:-1\" \/>\n<link rel=\"canonical\" href=\"https:\/\/strangercam.com\/de\/justalk\/\" \/>\n<meta property=\"og:locale\" content=\"de_DE\" \/>\n<meta property=\"og:type\" content=\"article\" \/>\n<meta property=\"og:title\" content=\"Justalk - Free 1v1 Video Call &amp; Video Chat App - StrangerCam.com\" \/>\n<meta property=\"og:description\" content=\"Like Justalk? Come chat with more than 5.000.000 strangers on Strangercam for Free! Turn on your cam and find new friends &amp; maby a match!\" \/>\n<meta property=\"og:url\" content=\"https:\/\/strangercam.com\/de\/justalk\/\" \/>\n<meta property=\"og:site_name\" content=\"Strangercam\" \/>\n<meta property=\"article:publisher\" content=\"https:\/\/www.facebook.com\/strangercam\" \/>\n<meta property=\"og:image\" content=\"https:\/\/strangercam.com\/wp-content\/uploads\/2021\/10\/Untitled-2.png\" \/>\n\t<meta property=\"og:image:width\" content=\"800\" \/>\n\t<meta property=\"og:image:height\" content=\"532\" \/>\n\t<meta property=\"og:image:type\" content=\"image\/png\" \/>\n<meta name=\"twitter:card\" content=\"summary_large_image\" \/>\n<meta name=\"twitter:site\" content=\"@strangercamapp\" \/>\n<meta name=\"twitter:label1\" content=\"Gesch\u00e4tzte Lesezeit\" \/>\n\t<meta name=\"twitter:data1\" content=\"6\u00a0Minuten\" \/>\n<script type=\"application\/ld+json\" class=\"yoast-schema-graph\">{\"@context\":\"https:\\\/\\\/schema.org\",\"@graph\":[{\"@type\":\"WebPage\",\"@id\":\"https:\\\/\\\/strangercam.com\\\/justalk\\\/\",\"url\":\"https:\\\/\\\/strangercam.com\\\/justalk\\\/\",\"name\":\"Justalk - Free 1v1 Video Call & Video Chat App - StrangerCam.com\",\"isPartOf\":{\"@id\":\"https:\\\/\\\/strangercam.com\\\/#website\"},\"datePublished\":\"2025-09-10T09:45:42+00:00\",\"description\":\"Like Justalk? Come chat with more than 5.000.000 strangers on Strangercam for Free! Turn on your cam and find new friends & maby a match!\",\"breadcrumb\":{\"@id\":\"https:\\\/\\\/strangercam.com\\\/justalk\\\/#breadcrumb\"},\"inLanguage\":\"de\",\"potentialAction\":[{\"@type\":\"ReadAction\",\"target\":[\"https:\\\/\\\/strangercam.com\\\/justalk\\\/\"]}]},{\"@type\":\"BreadcrumbList\",\"@id\":\"https:\\\/\\\/strangercam.com\\\/justalk\\\/#breadcrumb\",\"itemListElement\":[{\"@type\":\"ListItem\",\"position\":1,\"name\":\"Home\",\"item\":\"https:\\\/\\\/strangercam.com\\\/\"},{\"@type\":\"ListItem\",\"position\":2,\"name\":\"Justalk\"}]},{\"@type\":\"WebSite\",\"@id\":\"https:\\\/\\\/strangercam.com\\\/#website\",\"url\":\"https:\\\/\\\/strangercam.com\\\/\",\"name\":\"Strangercam\",\"description\":\"Random Video Chat with Strangers\",\"publisher\":{\"@id\":\"https:\\\/\\\/strangercam.com\\\/#organization\"},\"alternateName\":\"Strangercam.com\",\"potentialAction\":[{\"@type\":\"SearchAction\",\"target\":{\"@type\":\"EntryPoint\",\"urlTemplate\":\"https:\\\/\\\/strangercam.com\\\/?s={search_term_string}\"},\"query-input\":{\"@type\":\"PropertyValueSpecification\",\"valueRequired\":true,\"valueName\":\"search_term_string\"}}],\"inLanguage\":\"de\"},{\"@type\":\"Organization\",\"@id\":\"https:\\\/\\\/strangercam.com\\\/#organization\",\"name\":\"Strangercam\",\"alternateName\":\"Strangercam.com\",\"url\":\"https:\\\/\\\/strangercam.com\\\/\",\"logo\":{\"@type\":\"ImageObject\",\"inLanguage\":\"de\",\"@id\":\"https:\\\/\\\/strangercam.com\\\/#\\\/schema\\\/logo\\\/image\\\/\",\"url\":\"https:\\\/\\\/strangercam.com\\\/wp-content\\\/uploads\\\/2020\\\/11\\\/cropped-new-favicon-black.png\",\"contentUrl\":\"https:\\\/\\\/strangercam.com\\\/wp-content\\\/uploads\\\/2020\\\/11\\\/cropped-new-favicon-black.png\",\"width\":512,\"height\":512,\"caption\":\"Strangercam\"},\"image\":{\"@id\":\"https:\\\/\\\/strangercam.com\\\/#\\\/schema\\\/logo\\\/image\\\/\"},\"sameAs\":[\"https:\\\/\\\/www.facebook.com\\\/strangercam\",\"https:\\\/\\\/x.com\\\/strangercamapp\"]}]}<\/script>\n<!-- \/ Yoast SEO plugin. -->","yoast_head_json":{"title":"Justalk - Kostenlose 1v1-Videoanrufe &amp; Video-Chat-App - StrangerCam.com","description":"M\u00f6gen Sie Justalk? Komm und chatte mit mehr als 5.000.000 Fremden auf Strangercam - kostenlos! Schalte deine Kamera ein und finde neue Freunde und vielleicht einen Partner!","robots":{"index":"index","follow":"follow","max-snippet":"max-snippet:-1","max-image-preview":"max-image-preview:large","max-video-preview":"max-video-preview:-1"},"canonical":"https:\/\/strangercam.com\/de\/justalk\/","og_locale":"de_DE","og_type":"article","og_title":"Justalk - Free 1v1 Video Call & Video Chat App - StrangerCam.com","og_description":"Like Justalk? Come chat with more than 5.000.000 strangers on Strangercam for Free! Turn on your cam and find new friends & maby a match!","og_url":"https:\/\/strangercam.com\/de\/justalk\/","og_site_name":"Strangercam","article_publisher":"https:\/\/www.facebook.com\/strangercam","og_image":[{"width":800,"height":532,"url":"https:\/\/strangercam.com\/wp-content\/uploads\/2021\/10\/Untitled-2.png","type":"image\/png"}],"twitter_card":"summary_large_image","twitter_site":"@strangercamapp","twitter_misc":{"Gesch\u00e4tzte Lesezeit":"6\u00a0Minuten"},"schema":{"@context":"https:\/\/schema.org","@graph":[{"@type":"WebPage","@id":"https:\/\/strangercam.com\/justalk\/","url":"https:\/\/strangercam.com\/justalk\/","name":"Justalk - Kostenlose 1v1-Videoanrufe &amp; Video-Chat-App - StrangerCam.com","isPartOf":{"@id":"https:\/\/strangercam.com\/#website"},"datePublished":"2025-09-10T09:45:42+00:00","description":"M\u00f6gen Sie Justalk? Komm und chatte mit mehr als 5.000.000 Fremden auf Strangercam - kostenlos! Schalte deine Kamera ein und finde neue Freunde und vielleicht einen Partner!","breadcrumb":{"@id":"https:\/\/strangercam.com\/justalk\/#breadcrumb"},"inLanguage":"de","potentialAction":[{"@type":"ReadAction","target":["https:\/\/strangercam.com\/justalk\/"]}]},{"@type":"BreadcrumbList","@id":"https:\/\/strangercam.com\/justalk\/#breadcrumb","itemListElement":[{"@type":"ListItem","position":1,"name":"Home","item":"https:\/\/strangercam.com\/"},{"@type":"ListItem","position":2,"name":"Justalk"}]},{"@type":"WebSite","@id":"https:\/\/strangercam.com\/#website","url":"https:\/\/strangercam.com\/","name":"Strangercam","description":"Zuf\u00e4lliger Video-Chat mit Fremden","publisher":{"@id":"https:\/\/strangercam.com\/#organization"},"alternateName":"Strangercam.com","potentialAction":[{"@type":"SearchAction","target":{"@type":"EntryPoint","urlTemplate":"https:\/\/strangercam.com\/?s={search_term_string}"},"query-input":{"@type":"PropertyValueSpecification","valueRequired":true,"valueName":"search_term_string"}}],"inLanguage":"de"},{"@type":"Organization","@id":"https:\/\/strangercam.com\/#organization","name":"Strangercam","alternateName":"Strangercam.com","url":"https:\/\/strangercam.com\/","logo":{"@type":"ImageObject","inLanguage":"de","@id":"https:\/\/strangercam.com\/#\/schema\/logo\/image\/","url":"https:\/\/strangercam.com\/wp-content\/uploads\/2020\/11\/cropped-new-favicon-black.png","contentUrl":"https:\/\/strangercam.com\/wp-content\/uploads\/2020\/11\/cropped-new-favicon-black.png","width":512,"height":512,"caption":"Strangercam"},"image":{"@id":"https:\/\/strangercam.com\/#\/schema\/logo\/image\/"},"sameAs":["https:\/\/www.facebook.com\/strangercam","https:\/\/x.com\/strangercamapp"]}]}},"_links":{"self":[{"href":"https:\/\/strangercam.com\/de\/wp-json\/wp\/v2\/pages\/13016","targetHints":{"allow":["GET"]}}],"collection":[{"href":"https:\/\/strangercam.com\/de\/wp-json\/wp\/v2\/pages"}],"about":[{"href":"https:\/\/strangercam.com\/de\/wp-json\/wp\/v2\/types\/page"}],"author":[{"embeddable":true,"href":"https:\/\/strangercam.com\/de\/wp-json\/wp\/v2\/users\/6"}],"replies":[{"embeddable":true,"href":"https:\/\/strangercam.com\/de\/wp-json\/wp\/v2\/comments?post=13016"}],"version-history":[{"count":1,"href":"https:\/\/strangercam.com\/de\/wp-json\/wp\/v2\/pages\/13016\/revisions"}],"predecessor-version":[{"id":13017,"href":"https:\/\/strangercam.com\/de\/wp-json\/wp\/v2\/pages\/13016\/revisions\/13017"}],"wp:attachment":[{"href":"https:\/\/strangercam.com\/de\/wp-json\/wp\/v2\/media?parent=13016"}],"curies":[{"name":"wp","href":"https:\/\/api.w.org\/{rel}","templated":true}]}}