{"id":12954,"date":"2025-08-05T10:47:17","date_gmt":"2025-08-05T08:47:17","guid":{"rendered":"https:\/\/strangercam.com\/?page_id=12954"},"modified":"2025-08-05T10:47:38","modified_gmt":"2025-08-05T08:47:38","slug":"kostenlose-videoanruf-app-mit-zufalligem-madchen","status":"publish","type":"page","link":"https:\/\/strangercam.com\/de\/free-video-call-app-with-random-girl\/","title":{"rendered":"Kostenlose Videoanruf-App mit zuf\u00e4lligem M\u00e4dchen"},"content":{"rendered":"<p>Sind Sie auf der Suche nach einer kostenlosen App f\u00fcr Videoanrufe mit zuf\u00e4lligen M\u00e4dchen? Sie sind nicht allein. Millionen von Menschen sind jeden Monat auf der Suche nach echten, spontanen Videochats mit neuen Leuten - vor allem mit M\u00e4dchen, die lustig, freundlich und daran interessiert sind, jemand Neues kennenzulernen. Egal, ob Sie sich einsam, gelangweilt oder einfach nur neugierig f\u00fchlen, die richtige Plattform zu finden, macht den Unterschied.<\/p>\n<p>In diesem umfassenden Leitfaden erfahren Sie alles, was Sie wissen m\u00fcssen: wie diese Apps funktionieren, auf welche Funktionen Sie achten sollten, Sicherheitstipps und einen detaillierten Vergleich der besten Websites und Apps. Am Ende wirst du wissen, warum StrangerCam die beste Wahl ist, wenn du eine kostenlose App f\u00fcr Videoanrufe mit zuf\u00e4lligen M\u00e4dchen suchst - und wie du noch heute loslegen kannst.<\/p>\n<h2>Was ist eine kostenlose Videoanruf-App mit zuf\u00e4lligem M\u00e4dchen?<\/h2>\n<p>Eine kostenlose App f\u00fcr Videoanrufe mit zuf\u00e4lligen M\u00e4dchen ist eine Web- oder Mobilanwendung, mit der Sie sich per Webcam und Mikrofon sofort mit zuf\u00e4lligen weiblichen Nutzern aus der ganzen Welt verbinden k\u00f6nnen. Du gehst einfach auf die Seite, dr\u00fcckst einen Knopf und innerhalb von Sekunden wirst du mit einem M\u00e4dchen zusammengebracht, das auch auf der Suche nach <a href=\"https:\/\/strangercam.com\/de\/chathub\/\">Chat<\/a>. Sie brauchen sich nicht anzumelden, zu bezahlen oder Ihre pers\u00f6nlichen Daten mitzuteilen.<\/p>\n<p>Diese Apps erfreuen sich aufgrund ihrer Einfachheit und der Aufregung, jemanden von Angesicht zu Angesicht zu treffen, gro\u00dfer Beliebtheit. Die Technologie, die dahinter steckt, \u00e4hnelt zwar den Videokonferenz-Tools, aber der Schwerpunkt liegt auf Spa\u00df und zuf\u00e4lligen sozialen Entdeckungen - nicht auf Arbeit oder Gesch\u00e4ft.<\/p>\n<h2>Warum Menschen nach zuf\u00e4lligem Video-Chat mit M\u00e4dchen suchen<\/h2>\n<p>Die zunehmende Beliebtheit von Schl\u00fcsselw\u00f6rtern wie \"free video call app with random girl\" zeigt einen wachsenden Trend:<\/p>\n<ul>\n<li>Einsamkeit und Isolation: Viele Nutzer, insbesondere nach einer Pandemie, sehnen sich nach echter Interaktion, wollen aber keine herk\u00f6mmlichen Dating-Apps oder sozialen Medien nutzen.<\/li>\n<li>Der Reiz des Unbekannten: Es ist aufregend, nicht zu wissen, wen man als N\u00e4chstes trifft - jedes Gespr\u00e4ch ist eine \u00dcberraschung.<\/li>\n<li>Freundschaften schlie\u00dfen oder flirten: Manche Nutzer wollen einfach nur reden, neue Freunde finden oder in einer sicheren, kontrollierten Umgebung harmlos flirten.<\/li>\n<li>Vermeidung von Fakes und Bots: Im Gegensatz zum Text-Chat hilft der Video-Chat, Bots und Catfisher herauszufiltern, damit Sie wissen, dass Sie mit einer echten Person sprechen.<\/li>\n<\/ul>\n<h2>Wie funktionieren diese Apps?<\/h2>\n<p>Der grundlegende Ablauf eines kostenlosen Videoanrufs mit einem zuf\u00e4lligen M\u00e4dchen ist extrem einfach:<\/p>\n<ol>\n<li>Greifen Sie \u00fcber Ihr Telefon oder Ihren Computer auf die App oder die Website zu. F\u00fcr die Webversionen ist keine Installation erforderlich.<\/li>\n<li>Gew\u00e4hren Sie den Zugriff auf Kamera und Mikrofon, wenn Sie dazu aufgefordert werden. Dies ist f\u00fcr den Live-Videochat erforderlich.<\/li>\n<li>Dr\u00fccken Sie \"Start\" oder \"Weiter\". Die App wird Sie sofort mit einem zuf\u00e4lligen Nutzer zusammenbringen - oft gefiltert nach Geschlecht oder Ort.<\/li>\n<li>Chatten Sie live per Video. Wenn Ihnen die Stimmung nicht gef\u00e4llt, klicken Sie einfach auf \"Weiter\", um weiterzugehen.<\/li>\n<li>Auf wirklich kostenlosen Plattformen ist keine Anmeldung oder Zahlung erforderlich.<\/li>\n<\/ol>\n<p>Einige Plattformen bieten Funktionen wie geschlechtsspezifische Filter, ortsabh\u00e4ngigen Abgleich, \u00dcbersetzung im Chat und Tools zur Berichterstellung, um Ihre Erfahrung und Sicherheit zu verbessern.<\/p>\n<h2>Die wichtigsten Merkmale, auf die Sie achten sollten<\/h2>\n<p>Bei der Auswahl der besten App f\u00fcr kostenlose Videoanrufe mit zuf\u00e4lligen M\u00e4dchen sollten Sie auf Folgendes achten:<\/p>\n<h3>1. Echte Gender-Filter<\/h3>\n<p>Viele Nutzer suchen speziell nach M\u00e4dchen, aber nicht jede App bietet eine echte Geschlechterauswahl. Einige t\u00e4uschen die Funktion vor oder machen sie nur f\u00fcr zahlende Nutzer verf\u00fcgbar. Suchen Sie nach Plattformen, die einen kostenlosen und echten Geschlechtsfilter anbieten.<\/p>\n<h3>2. Keine Anmeldung erforderlich<\/h3>\n<p>Bei den besten Plattformen k\u00f6nnen Sie direkt in den Chat einsteigen, ohne dass ein Konto oder eine Anmeldung erforderlich ist.<\/p>\n<h3>3. Mobil- und Desktop-freundlich<\/h3>\n<p>Responsive Design oder spezielle Apps sorgen daf\u00fcr, dass Sie den Dienst auf jedem Ger\u00e4t nutzen k\u00f6nnen, von Ihrem Laptop bis zu Ihrem Telefon.<\/p>\n<h3>4. Datenschutz und Sicherheit<\/h3>\n<p>Fortschrittliche Verschl\u00fcsselung, keine Datenerfassung und Funktionen wie \"Unsch\u00e4rfe\"- oder \"Masken\"-Optionen sorgen f\u00fcr die Sicherheit Ihrer Videochats.<\/p>\n<h3>5. Moderation und Nutzerberichte<\/h3>\n<p>Aktive Moderation und einfaches Melden sorgen daf\u00fcr, dass die Community sicher und frei von Missbrauch, Spam oder unangemessenen Inhalten ist.<\/p>\n<h3>6. Keine versteckten Kosten<\/h3>\n<p>Eine wirklich kostenlose App wird nicht pl\u00f6tzlich Geld verlangen oder Sie nach ein paar Chats einschr\u00e4nken.<\/p>\n<h2>Beste kostenlose Videoanruf-Apps mit zuf\u00e4lligem M\u00e4dchen (2025)<\/h2>\n<p>Werfen wir einen Blick darauf, wie die Top-Plattformen f\u00fcr Nutzer, die Videogespr\u00e4che mit zuf\u00e4lligen M\u00e4dchen f\u00fchren m\u00f6chten, im Vergleich abschneiden. Diese Tabelle fasst die wichtigsten Funktionen zusammen:<\/p>\n<table>\n<thead>\n<tr>\n<th>Plattform<\/th>\n<th align=\"center\">Kostenloser Gender-Filter<\/th>\n<th align=\"center\">Keine Anmeldung<\/th>\n<th align=\"center\">Mobile Unterst\u00fctzung<\/th>\n<th align=\"center\">Strenge M\u00e4\u00dfigung<\/th>\n<th>Anmerkungen<\/th>\n<\/tr>\n<\/thead>\n<tbody>\n<tr>\n<td>StrangerCam<\/td>\n<td align=\"center\">\u2705<\/td>\n<td align=\"center\">\u2705<\/td>\n<td align=\"center\">\u2705<\/td>\n<td align=\"center\">\u2705<\/td>\n<td>100% freier, echter Geschlechtsfilter<\/td>\n<\/tr>\n<tr>\n<td><a href=\"https:\/\/strangercam.com\/de\/chatroulette\/\">Chatroulette<\/a><\/td>\n<td align=\"center\">\u274c (Bezahlt)<\/td>\n<td align=\"center\">\u2705<\/td>\n<td align=\"center\">\u2705<\/td>\n<td align=\"center\">\u2705<\/td>\n<td>Gender-Filter mit Paywall<\/td>\n<\/tr>\n<tr>\n<td>Chatrandom<\/td>\n<td align=\"center\">\u274c (Bezahlt)<\/td>\n<td align=\"center\">\u2705<\/td>\n<td align=\"center\">\u2705<\/td>\n<td align=\"center\">\u2705<\/td>\n<td>Gender-Filter mit Paywall<\/td>\n<\/tr>\n<tr>\n<td><a href=\"https:\/\/strangercam.com\/de\/ometv\/\">OmeTV<\/a><\/td>\n<td align=\"center\">\u274c (Zuf\u00e4llig)<\/td>\n<td align=\"center\">\u2705<\/td>\n<td align=\"center\">\u2705<\/td>\n<td align=\"center\">\u2705<\/td>\n<td>Keine zuverl\u00e4ssige Geschlechterauswahl<\/td>\n<\/tr>\n<tr>\n<td>Shagle<\/td>\n<td align=\"center\">\u274c (Bezahlt)<\/td>\n<td align=\"center\">\u2705<\/td>\n<td align=\"center\">\u2705<\/td>\n<td align=\"center\">\u2705<\/td>\n<td>Gender-Filter mit Paywall<\/td>\n<\/tr>\n<tr>\n<td><a href=\"https:\/\/strangercam.com\/de\/coomeet\/\">CooMeet<\/a><\/td>\n<td align=\"center\">\u2705 (Kostenlose Testversion)<\/td>\n<td align=\"center\">\u274c<\/td>\n<td align=\"center\">\u2705<\/td>\n<td align=\"center\">\u2705<\/td>\n<td>Nur die ersten paar Chats kostenlos, dann kostenpflichtig<\/td>\n<\/tr>\n<tr>\n<td>LuckyCrush<\/td>\n<td align=\"center\">\u2705 (Bezahlt)<\/td>\n<td align=\"center\">\u274c<\/td>\n<td align=\"center\">\u2705<\/td>\n<td align=\"center\">\u2705<\/td>\n<td>Geschlechtsangleichung nur f\u00fcr zahlende Nutzer<\/td>\n<\/tr>\n<\/tbody>\n<\/table>\n<p>StrangerCam ist eine der wenigen Plattformen, die einen wirklich kostenlosen, anmeldefreien, geschlechtsspezifischen Filter f\u00fcr Videoanrufe mit M\u00e4dchen anbietet.<\/p>\n<h2>Warum StrangerCam eine Top-Wahl ist<\/h2>\n<p>Wenn Ihr Ziel ist, eine kostenlose App f\u00fcr Videoanrufe mit zuf\u00e4lligen M\u00e4dchen zu finden, bietet StrangerCam mehrere einzigartige Vorteile, die es im Jahr 2025 zu einer Ausnahmeerscheinung machen:<\/p>\n<h3>1. Echte Buchsenanschl\u00fcsse<\/h3>\n<p>Im Gegensatz zu den meisten Konkurrenten bietet StrangerCam einen echten, funktionierenden Geschlechtsfilter, ohne dass du daf\u00fcr bezahlen musst. Wenn du M\u00e4dchen treffen und mit ihnen chatten willst, nicht mit zuf\u00e4lligen Typen oder Bots, bist du hier richtig.<\/p>\n<h3>2. 100% Kostenlos &amp; keine Anmeldung erforderlich<\/h3>\n<p>Chatten Sie sofort - ohne E-Mail, ohne Anmeldung, ohne Geb\u00fchren und ohne Einschr\u00e4nkungen.<\/p>\n<h3>3. Moderne, saubere Schnittstelle<\/h3>\n<p>Ein f\u00fcr Mobilger\u00e4te optimiertes und benutzerfreundliches Design sorgt f\u00fcr reibungslose Video- und Audioqualit\u00e4t auf jedem Ger\u00e4t.<\/p>\n<h3>4. Starke Moderation und Datenschutz<\/h3>\n<p>StrangerCam verf\u00fcgt \u00fcber robuste Reporting-Tools, aktive Moderation und ein strenges Anti-Bot-System, um Chats sicher und angenehm zu halten. Du kannst jeden sofort blockieren, melden oder \u00fcberspringen.<\/p>\n<h3>5. Vielf\u00e4ltige globale Nutzerbasis<\/h3>\n<p>Treffen Sie M\u00e4dchen aus der ganzen Welt, 24\/7. Egal, ob Sie jemanden in Ihrer N\u00e4he suchen oder international chatten m\u00f6chten, Sie werden immer jemand Neues finden.<\/p>\n<h3>6. Spa\u00df, spontane Erfahrung<\/h3>\n<p>Keine Profile, kein Swipen, kein Druck. Klicken Sie einfach und verbinden Sie sich mit echten M\u00e4dchen, kostenlos.<\/p>\n<h2>Echte Anwenderberichte<\/h2>\n<p>Noch unsicher? Hier finden Sie einige echte Erfahrungen von Nutzern, die gefunden haben, was sie suchten:<\/p>\n<blockquote><p><em>\"Ich habe eine Reihe von Apps ausprobiert, aber StrangerCam war die einzige, bei der ich tats\u00e4chlich echte M\u00e4dchen kostenlos treffen und mit ihnen chatten konnte. Keine versteckten Paywalls, einfach klicken und reden!\"<\/em><br \/>\n- Daniel, 27<\/p><\/blockquote>\n<blockquote><p><em>\"Als Frau gef\u00e4llt mir, dass ich mir aussuchen kann, mit wem ich mich unterhalte, und dass ich mich sicher f\u00fchle. Es gibt Moderation und die M\u00f6glichkeit, sofort auszusteigen, wenn ich mich unwohl f\u00fchle.<\/em><br \/>\n- Samantha, 22<\/p><\/blockquote>\n<blockquote><p><em>\"Es ist sch\u00f6n, dass man sich nicht anmelden muss. Ich habe mich innerhalb einer Minute mit jemandem aus Brasilien unterhalten. Eine lustige Art, einen Abend zu verbringen.\"<\/em><br \/>\n- Alex, 24<\/p><\/blockquote>\n<blockquote><p><em>\"Ich war skeptisch, dass der Gender-Filter kostenlos ist, aber er funktioniert. Ich habe einige wirklich coole M\u00e4dels kennengelernt, mit denen ich chatten konnte, und ich habe nie einen Cent bezahlt.<\/em><br \/>\n- Mike, 31<\/p><\/blockquote>\n<h2>Sicherheitstipps f\u00fcr Online-Videochats<\/h2>\n<p>Bei der Verwendung einer kostenlosen Videoanruf-App sollten Ihre Sicherheit und Ihre Privatsph\u00e4re immer an erster Stelle stehen. Hier sind wichtige Tipps:<\/p>\n<h3>1. Teilen Sie niemals pers\u00f6nliche Informationen<\/h3>\n<p>Geben Sie Fremden nicht Ihren echten Namen, Ihre Adresse, Telefonnummer oder andere pers\u00f6nliche Kontaktinformationen.<\/p>\n<h3>2. Plattformkontrollen verwenden<\/h3>\n<p>Wenn Sie sich bei jemandem unwohl f\u00fchlen, verwenden Sie sofort die Schaltfl\u00e4chen \"Weiter\", \"Blockieren\" oder \"Melden\".<\/p>\n<h3>3. Seien Sie sich vor Betr\u00fcgereien sicher<\/h3>\n<p>Senden Sie niemals Geld, klicken Sie nicht auf verd\u00e4chtige Links und akzeptieren Sie keine Aufforderungen, die Plattform f\u00fcr eine andere Chat-App zu verlassen.<\/p>\n<h3>4. Pr\u00fcfen Sie Ihren Hintergrund<\/h3>\n<p>Achten Sie darauf, was die Kamera hinter Ihnen zeigt, damit Sie keine pers\u00f6nlichen Daten preisgeben.<\/p>\n<h3>5. Wenn Sie unter 18 sind, benutzen Sie keinen Erwachsenen-Chat<\/h3>\n<p>Beachten Sie immer die Altersbeschr\u00e4nkungen und verwenden Sie niemals zuf\u00e4llige Videochat-Apps, wenn Sie noch nicht das erforderliche Alter erreicht haben.<\/p>\n<h3>6. Verwenden Sie einen Spitznamen<\/h3>\n<p>Wenn Sie auf der Plattform einen Benutzernamen oder Anzeigenamen w\u00e4hlen k\u00f6nnen, sollten Sie nicht Ihren echten Namen verwenden.<\/p>\n<h2>Der Einstieg - Schritt f\u00fcr Schritt<\/h2>\n<p>Der Einstieg in eine kostenlose App f\u00fcr Videoanrufe mit zuf\u00e4lligen M\u00e4dchen ist einfach und dauert weniger als eine Minute. So geht's:<\/p>\n<ol>\n<li>\u00d6ffnen Sie die Plattform (auf Ihrem Handy oder Computer).<\/li>\n<li>Erlauben Sie den Zugriff auf Kamera und Mikrofon, wenn Sie dazu aufgefordert werden.<\/li>\n<li>W\u00e4hlen Sie das gew\u00fcnschte Geschlecht (w\u00e4hlen Sie \"M\u00e4dchen\" oder \"weiblich\", falls verf\u00fcgbar).<\/li>\n<li>Klicken Sie auf \"Start\" oder \"Verbinden\". Sie werden sofort mit einem zuf\u00e4lligen M\u00e4dchen zusammengebracht.<\/li>\n<li>Viel Spa\u00df beim Chatten! Wenn Sie sich mit jemand anderem treffen m\u00f6chten, dr\u00fccken Sie einfach auf \"Weiter\".<\/li>\n<li>Wiederholen Sie es so oft Sie wollen - es ist 100% kostenlos und unbegrenzt.<\/li>\n<\/ol>\n<p>Profi-Tipp: Verwenden Sie Kopfh\u00f6rer f\u00fcr eine bessere Tonqualit\u00e4t und mehr Privatsph\u00e4re.<\/p>\n<h2>H\u00e4ufig gestellte Fragen<\/h2>\n<h3>Ist es wirklich kostenlos, mit beliebigen M\u00e4dchen per Video zu telefonieren?<\/h3>\n<p>Ja, bei StrangerCam und einer Handvoll anderer Plattformen kannst du kostenlos mit M\u00e4dchen chatten - ohne Bezahlung, Credits oder Premium-Konto.<\/p>\n<h3>Muss ich mich anmelden oder ein Konto einrichten?<\/h3>\n<p>Nein. Die besten kostenlosen Videoanruf-Apps erfordern keine Registrierung oder E-Mail, um loszulegen.<\/p>\n<h3>Sind die Menschen, die ich treffe, echt?<\/h3>\n<p>Bei StrangerCam sorgen aktive Moderation und Video\u00fcberpr\u00fcfung daf\u00fcr, dass du mit echten Nutzern chattest und nicht mit Bots oder Fakes.<\/p>\n<h3>Kann ich mein Telefon benutzen?<\/h3>\n<p>Ja. StrangerCam ist vollst\u00e4ndig mobilfreundlich, so dass Sie von jedem modernen Telefon oder Tablet aus chatten k\u00f6nnen.<\/p>\n<h3>Ist es sicher?<\/h3>\n<p>Obwohl StrangerCam starke Datenschutz- und Sicherheitsfunktionen bietet, sollten Sie immer die grundlegenden Sicherheitsregeln im Internet beachten (siehe Sicherheitstipps oben).<\/p>\n<h3>Kann ich w\u00e4hlen, ob ich nur mit M\u00e4dchen chatten m\u00f6chte?<\/h3>\n<p>Ja, mit dem Geschlechtsfilter von StrangerCam k\u00f6nnen Sie ausw\u00e4hlen, dass Sie nur mit weiblichen Nutzern zusammenkommen - kostenlos.<\/p>\n<p>Wenn du jemals nach einer kostenlosen App f\u00fcr Videoanrufe mit zuf\u00e4lligen M\u00e4dchen gesucht hast, ist die gute Nachricht: Es gibt sie wirklich, und sie ist besser denn je im Jahr 2025. StrangerCam kombiniert ein modernes, intuitives Design mit einem wirklich freien Geschlechtsfilter und Echtzeit-Moderation, um eine der besten Video-Chat-Erfahrungen online zu schaffen.<\/p>\n<p>Verschwenden Sie Ihre Zeit nicht mit Apps, die kostenlose Videochats versprechen, aber Sie zwingen, zu zahlen oder sich anzumelden, nur um mit M\u00e4dchen zu sprechen. Entscheide dich f\u00fcr eine Plattform, auf der du sofort und kostenlos Kontakte kn\u00fcpfen, lachen und neue Freunde finden kannst.<\/p>\n<p>Sind Sie bereit, jemand Neues kennenzulernen? Probiere jetzt eine kostenlose Videoanruf-App aus und erlebe die Aufregung eines zuf\u00e4lligen Video-Chats mit echten Frauen - ohne Verpflichtungen.<\/p>","protected":false},"excerpt":{"rendered":"<p>Are you searching for a free video call app with random girls? You\u2019re not alone. Millions of people every month are looking for genuine, spontaneous video chats with new people \u2013 especially with girls who are fun, friendly, and interested in meeting someone new. Whether you\u2019re feeling lonely, bored, or just curious, finding the right [&hellip;]<\/p>\n","protected":false},"author":8,"featured_media":0,"parent":0,"menu_order":0,"comment_status":"closed","ping_status":"closed","template":"","meta":{"footnotes":""},"class_list":["post-12954","page","type-page","status-publish","hentry"],"yoast_head":"<!-- This site is optimized with the Yoast SEO plugin v27.4 - https:\/\/yoast.com\/product\/yoast-seo-wordpress\/ -->\n<title>Free Video Call App With Random Girl - StrangerCam.com<\/title>\n<meta name=\"description\" content=\"Free Video Call App With Random Girl anonymously with over 5.000.000 strangers. No Sign-Up Required! Cam with strangers on StrangerCam.com.\" \/>\n<meta name=\"robots\" content=\"index, follow, max-snippet:-1, max-image-preview:large, max-video-preview:-1\" \/>\n<link rel=\"canonical\" href=\"https:\/\/strangercam.com\/de\/kostenlose-videoanruf-app-mit-zufalligem-madchen\/\" \/>\n<meta property=\"og:locale\" content=\"de_DE\" \/>\n<meta property=\"og:type\" content=\"article\" \/>\n<meta property=\"og:title\" content=\"Free Video Call App With Random Girl - StrangerCam.com\" \/>\n<meta property=\"og:description\" content=\"Free Video Call App With Random Girl anonymously with over 5.000.000 strangers. No Sign-Up Required! Cam with strangers on StrangerCam.com.\" \/>\n<meta property=\"og:url\" content=\"https:\/\/strangercam.com\/de\/kostenlose-videoanruf-app-mit-zufalligem-madchen\/\" \/>\n<meta property=\"og:site_name\" content=\"Strangercam\" \/>\n<meta property=\"article:publisher\" content=\"https:\/\/www.facebook.com\/strangercam\" \/>\n<meta property=\"article:modified_time\" content=\"2025-08-05T08:47:38+00:00\" \/>\n<meta property=\"og:image\" content=\"https:\/\/strangercam.com\/wp-content\/uploads\/2021\/10\/Untitled-2.png\" \/>\n\t<meta property=\"og:image:width\" content=\"800\" \/>\n\t<meta property=\"og:image:height\" content=\"532\" \/>\n\t<meta property=\"og:image:type\" content=\"image\/png\" \/>\n<meta name=\"twitter:card\" content=\"summary_large_image\" \/>\n<meta name=\"twitter:site\" content=\"@strangercamapp\" \/>\n<meta name=\"twitter:label1\" content=\"Gesch\u00e4tzte Lesezeit\" \/>\n\t<meta name=\"twitter:data1\" content=\"7\u00a0Minuten\" \/>\n<script type=\"application\/ld+json\" class=\"yoast-schema-graph\">{\"@context\":\"https:\\\/\\\/schema.org\",\"@graph\":[{\"@type\":\"WebPage\",\"@id\":\"https:\\\/\\\/strangercam.com\\\/free-video-call-app-with-random-girl\\\/\",\"url\":\"https:\\\/\\\/strangercam.com\\\/free-video-call-app-with-random-girl\\\/\",\"name\":\"Free Video Call App With Random Girl - StrangerCam.com\",\"isPartOf\":{\"@id\":\"https:\\\/\\\/strangercam.com\\\/#website\"},\"datePublished\":\"2025-08-05T08:47:17+00:00\",\"dateModified\":\"2025-08-05T08:47:38+00:00\",\"description\":\"Free Video Call App With Random Girl anonymously with over 5.000.000 strangers. No Sign-Up Required! Cam with strangers on StrangerCam.com.\",\"breadcrumb\":{\"@id\":\"https:\\\/\\\/strangercam.com\\\/free-video-call-app-with-random-girl\\\/#breadcrumb\"},\"inLanguage\":\"de\",\"potentialAction\":[{\"@type\":\"ReadAction\",\"target\":[\"https:\\\/\\\/strangercam.com\\\/free-video-call-app-with-random-girl\\\/\"]}]},{\"@type\":\"BreadcrumbList\",\"@id\":\"https:\\\/\\\/strangercam.com\\\/free-video-call-app-with-random-girl\\\/#breadcrumb\",\"itemListElement\":[{\"@type\":\"ListItem\",\"position\":1,\"name\":\"Home\",\"item\":\"https:\\\/\\\/strangercam.com\\\/\"},{\"@type\":\"ListItem\",\"position\":2,\"name\":\"Free Video Call App With Random Girl\"}]},{\"@type\":\"WebSite\",\"@id\":\"https:\\\/\\\/strangercam.com\\\/#website\",\"url\":\"https:\\\/\\\/strangercam.com\\\/\",\"name\":\"Strangercam\",\"description\":\"Random Video Chat with Strangers\",\"publisher\":{\"@id\":\"https:\\\/\\\/strangercam.com\\\/#organization\"},\"alternateName\":\"Strangercam.com\",\"potentialAction\":[{\"@type\":\"SearchAction\",\"target\":{\"@type\":\"EntryPoint\",\"urlTemplate\":\"https:\\\/\\\/strangercam.com\\\/?s={search_term_string}\"},\"query-input\":{\"@type\":\"PropertyValueSpecification\",\"valueRequired\":true,\"valueName\":\"search_term_string\"}}],\"inLanguage\":\"de\"},{\"@type\":\"Organization\",\"@id\":\"https:\\\/\\\/strangercam.com\\\/#organization\",\"name\":\"Strangercam\",\"alternateName\":\"Strangercam.com\",\"url\":\"https:\\\/\\\/strangercam.com\\\/\",\"logo\":{\"@type\":\"ImageObject\",\"inLanguage\":\"de\",\"@id\":\"https:\\\/\\\/strangercam.com\\\/#\\\/schema\\\/logo\\\/image\\\/\",\"url\":\"https:\\\/\\\/strangercam.com\\\/wp-content\\\/uploads\\\/2020\\\/11\\\/cropped-new-favicon-black.png\",\"contentUrl\":\"https:\\\/\\\/strangercam.com\\\/wp-content\\\/uploads\\\/2020\\\/11\\\/cropped-new-favicon-black.png\",\"width\":512,\"height\":512,\"caption\":\"Strangercam\"},\"image\":{\"@id\":\"https:\\\/\\\/strangercam.com\\\/#\\\/schema\\\/logo\\\/image\\\/\"},\"sameAs\":[\"https:\\\/\\\/www.facebook.com\\\/strangercam\",\"https:\\\/\\\/x.com\\\/strangercamapp\"]}]}<\/script>\n<!-- \/ Yoast SEO plugin. -->","yoast_head_json":{"title":"Kostenloses Video Call App mit zuf\u00e4lligem M\u00e4dchen - StrangerCam.com","description":"Kostenlose Videoanruf-App mit zuf\u00e4lligen M\u00e4dchen anonym mit \u00fcber 5.000.000 Fremden. Keine Anmeldung erforderlich! Cam mit Fremden auf StrangerCam.com.","robots":{"index":"index","follow":"follow","max-snippet":"max-snippet:-1","max-image-preview":"max-image-preview:large","max-video-preview":"max-video-preview:-1"},"canonical":"https:\/\/strangercam.com\/de\/kostenlose-videoanruf-app-mit-zufalligem-madchen\/","og_locale":"de_DE","og_type":"article","og_title":"Free Video Call App With Random Girl - StrangerCam.com","og_description":"Free Video Call App With Random Girl anonymously with over 5.000.000 strangers. No Sign-Up Required! Cam with strangers on StrangerCam.com.","og_url":"https:\/\/strangercam.com\/de\/kostenlose-videoanruf-app-mit-zufalligem-madchen\/","og_site_name":"Strangercam","article_publisher":"https:\/\/www.facebook.com\/strangercam","article_modified_time":"2025-08-05T08:47:38+00:00","og_image":[{"width":800,"height":532,"url":"https:\/\/strangercam.com\/wp-content\/uploads\/2021\/10\/Untitled-2.png","type":"image\/png"}],"twitter_card":"summary_large_image","twitter_site":"@strangercamapp","twitter_misc":{"Gesch\u00e4tzte Lesezeit":"7\u00a0Minuten"},"schema":{"@context":"https:\/\/schema.org","@graph":[{"@type":"WebPage","@id":"https:\/\/strangercam.com\/free-video-call-app-with-random-girl\/","url":"https:\/\/strangercam.com\/free-video-call-app-with-random-girl\/","name":"Kostenloses Video Call App mit zuf\u00e4lligem M\u00e4dchen - StrangerCam.com","isPartOf":{"@id":"https:\/\/strangercam.com\/#website"},"datePublished":"2025-08-05T08:47:17+00:00","dateModified":"2025-08-05T08:47:38+00:00","description":"Kostenlose Videoanruf-App mit zuf\u00e4lligen M\u00e4dchen anonym mit \u00fcber 5.000.000 Fremden. Keine Anmeldung erforderlich! Cam mit Fremden auf StrangerCam.com.","breadcrumb":{"@id":"https:\/\/strangercam.com\/free-video-call-app-with-random-girl\/#breadcrumb"},"inLanguage":"de","potentialAction":[{"@type":"ReadAction","target":["https:\/\/strangercam.com\/free-video-call-app-with-random-girl\/"]}]},{"@type":"BreadcrumbList","@id":"https:\/\/strangercam.com\/free-video-call-app-with-random-girl\/#breadcrumb","itemListElement":[{"@type":"ListItem","position":1,"name":"Home","item":"https:\/\/strangercam.com\/"},{"@type":"ListItem","position":2,"name":"Free Video Call App With Random Girl"}]},{"@type":"WebSite","@id":"https:\/\/strangercam.com\/#website","url":"https:\/\/strangercam.com\/","name":"Strangercam","description":"Zuf\u00e4lliger Video-Chat mit Fremden","publisher":{"@id":"https:\/\/strangercam.com\/#organization"},"alternateName":"Strangercam.com","potentialAction":[{"@type":"SearchAction","target":{"@type":"EntryPoint","urlTemplate":"https:\/\/strangercam.com\/?s={search_term_string}"},"query-input":{"@type":"PropertyValueSpecification","valueRequired":true,"valueName":"search_term_string"}}],"inLanguage":"de"},{"@type":"Organization","@id":"https:\/\/strangercam.com\/#organization","name":"Strangercam","alternateName":"Strangercam.com","url":"https:\/\/strangercam.com\/","logo":{"@type":"ImageObject","inLanguage":"de","@id":"https:\/\/strangercam.com\/#\/schema\/logo\/image\/","url":"https:\/\/strangercam.com\/wp-content\/uploads\/2020\/11\/cropped-new-favicon-black.png","contentUrl":"https:\/\/strangercam.com\/wp-content\/uploads\/2020\/11\/cropped-new-favicon-black.png","width":512,"height":512,"caption":"Strangercam"},"image":{"@id":"https:\/\/strangercam.com\/#\/schema\/logo\/image\/"},"sameAs":["https:\/\/www.facebook.com\/strangercam","https:\/\/x.com\/strangercamapp"]}]}},"_links":{"self":[{"href":"https:\/\/strangercam.com\/de\/wp-json\/wp\/v2\/pages\/12954","targetHints":{"allow":["GET"]}}],"collection":[{"href":"https:\/\/strangercam.com\/de\/wp-json\/wp\/v2\/pages"}],"about":[{"href":"https:\/\/strangercam.com\/de\/wp-json\/wp\/v2\/types\/page"}],"author":[{"embeddable":true,"href":"https:\/\/strangercam.com\/de\/wp-json\/wp\/v2\/users\/8"}],"replies":[{"embeddable":true,"href":"https:\/\/strangercam.com\/de\/wp-json\/wp\/v2\/comments?post=12954"}],"version-history":[{"count":1,"href":"https:\/\/strangercam.com\/de\/wp-json\/wp\/v2\/pages\/12954\/revisions"}],"predecessor-version":[{"id":12955,"href":"https:\/\/strangercam.com\/de\/wp-json\/wp\/v2\/pages\/12954\/revisions\/12955"}],"wp:attachment":[{"href":"https:\/\/strangercam.com\/de\/wp-json\/wp\/v2\/media?parent=12954"}],"curies":[{"name":"wp","href":"https:\/\/api.w.org\/{rel}","templated":true}]}}