{"id":12946,"date":"2025-07-28T12:00:33","date_gmt":"2025-07-28T10:00:33","guid":{"rendered":"https:\/\/strangercam.com\/?page_id=12946"},"modified":"2025-07-28T12:00:33","modified_gmt":"2025-07-28T10:00:33","slug":"zeechat","status":"publish","type":"page","link":"https:\/\/strangercam.com\/de\/zeechat\/","title":{"rendered":"Zeechat"},"content":{"rendered":"<p>Angesichts der anhaltenden Beliebtheit von Video-Chats gibt es eine Reihe neuer Plattformen, die sich an Nutzer richten, die neue, anonyme Wege suchen, um <a href=\"https:\/\/strangercam.com\/de\/coomeet\/\">treffen<\/a> Menschen weltweit. Zeechat ist einer der neuesten Marktteilnehmer, der den schnellen, spontanen Nervenkitzel der Zeit wieder aufleben lassen will. <a href=\"https:\/\/strangercam.com\/de\/omegle\/\">Omegle<\/a> und Chatroulette - und bietet gleichzeitig modernes Design, robuste Sicherheitsfunktionen und nahtlose mobile Kompatibilit\u00e4t.<\/p>\n<p>Aber hebt sich Zeechat wirklich von der Masse der Omegle-Alternativen ab? Ist es einfach zu bedienen, sicher und ist es Ihre Zeit im Jahr 2025 wert? In diesem ausf\u00fchrlichen Testbericht erfahren Sie alles, was Sie wissen m\u00fcssen: wie Zeechat funktioniert, seine wichtigsten Funktionen, Sicherheitstools, Nutzerbasis und wie es im Vergleich zu den Top-Konkurrenten im Bereich der Zufallsvideochats abschneidet.<\/p>\n<h2>Was ist Zeechat?<\/h2>\n<p>Zeechat ist eine browserbasierte Zufalls-Videochat-Website, die Nutzer sofort f\u00fcr pers\u00f6nliche Cam-to-Cam-Gespr\u00e4che mit Fremden weltweit verbindet. Wie das Original Omegle setzt auch Zeechat auf Anonymit\u00e4t, Schnelligkeit und Einfachheit - es gibt keine Registrierung, keine App zum Herunterladen und keine pers\u00f6nlichen Daten sind erforderlich.<\/p>\n<p>Mit einem einzigen Klick werden Benutzer f\u00fcr einen privaten Video-Chat zusammengebracht. Egal, ob Sie flirten, Freundschaften schlie\u00dfen, Sprachen \u00fcben oder einfach nur zwanglose Kontakte kn\u00fcpfen m\u00f6chten, Zeechat macht es einfach und zug\u00e4nglich, w\u00e4hrend Ihre Identit\u00e4t privat bleibt.<\/p>\n<h2>Was ist der Zweck von Zeechat?<\/h2>\n<p>Das Hauptziel von Zeechat ist es, den Reiz anonymer, ungeschriebener Online-Begegnungen wiederzubeleben und Menschen aus verschiedenen Kulturen und mit unterschiedlichem Hintergrund f\u00fcr einen Live-Chat von Angesicht zu Angesicht zusammenzubringen. Zeechat zeichnet sich aus mehreren Gr\u00fcnden aus:<\/p>\n<ul>\n<li>Echte Anonymit\u00e4t: Keine Konten, Benutzernamen oder pers\u00f6nlichen Daten erforderlich<\/li>\n<li>Sofortige Verbindungen: Schnelles Matching mit Fremden, keine Wartezimmer<\/li>\n<li>Modernes, handytaugliches Design: Eine saubere, reaktionsf\u00e4hige Oberfl\u00e4che f\u00fcr jedes Ger\u00e4t<\/li>\n<li>Sicherheit steht an erster Stelle: Proaktive Moderation und benutzerfreundliche Reporting-Tools<\/li>\n<\/ul>\n<p>Egal, ob Sie auf der Suche nach einer echten Unterhaltung, einem kulturellen Austausch, einem leichten Flirt oder einfach nur nach einem Zeitvertreib sind, Zeechat bietet Ihnen eine barrierefreie M\u00f6glichkeit, mit der Welt in Kontakt zu treten.<\/p>\n<h2>Wesentliche Merkmale<\/h2>\n<p>1. Sofortiger zuf\u00e4lliger Video-Chat<br \/>\nDas Herzst\u00fcck des Zeechat ist das One-on-One-Video-Matching. Klicken Sie auf \"Chat starten\", erlauben Sie den Zugriff auf Kamera und Mikrofon, und schon sind Sie mit einem anderen Benutzer von \u00fcberall auf der Welt verbunden - ohne Anmeldung oder Download.<\/p>\n<p>2. Text-Chat-Option<br \/>\nWenn Sie kamerascheu sind, eine langsame Verbindung haben oder einfach lieber tippen, k\u00f6nnen Sie mit dem Zeechat Nachrichten neben einem Video senden. Dieser Dualmodus ist perfekt, um das Eis zu brechen oder Sprachbarrieren zu \u00fcberwinden.<\/p>\n<p>3. Schnelles \u00dcberspringen\/N\u00e4chste Taste<br \/>\nWenn Ihnen ein Gespr\u00e4ch nicht zusagt, klicken Sie einfach auf \"Weiter\", um weiterzumachen. Die Matching-Engine des Zeechat sorgt f\u00fcr minimale Verz\u00f6gerungen zwischen den Chats, damit das Erlebnis Spa\u00df macht und dynamisch bleibt.<\/p>\n<p>4. 100% Kostenlos und ohne Registrierung<br \/>\nAlle Funktionen sind kostenlos und ohne Registrierung oder Anmeldung verf\u00fcgbar. Dies gew\u00e4hrleistet ein Maximum an Privatsph\u00e4re und ein reibungsloses Nutzererlebnis.<\/p>\n<p>5. Modernes, mobilfreundliches Design<br \/>\nDie Oberfl\u00e4che des Zeechat ist reaktionsschnell und touch-optimiert und bietet die gleiche reibungslose Leistung auf Smartphones, Tablets und Desktops.<\/p>\n<p>6. Eingebaute Moderations- und Berichtswerkzeuge<br \/>\nUm Zeechat sicher und einladend zu halten, enth\u00e4lt jeder Chat eine sichtbare Schaltfl\u00e4che \"Melden\". Nutzer k\u00f6nnen unangemessenes Verhalten sofort melden, w\u00e4hrend Moderatoren und KI-gesteuerte Tools auf Missbrauch oder Inhaltsverst\u00f6\u00dfe achten.<\/p>\n<p>7. Multinationale Benutzerbasis<br \/>\nMit Nutzern aus Dutzenden von L\u00e4ndern, die rund um die Uhr online sind, ist Zeechat ein Schmelztiegel der Kulturen und damit eine gro\u00dfartige Plattform f\u00fcr Sprach\u00fcbungen und internationale Freundschaften.<\/p>\n<h2>Ist Zeechat kostenlos?<\/h2>\n<p>Ja, Zeechat ist 100% kostenlos zu nutzen. Es gibt keine versteckten Geb\u00fchren, Abonnements oder Paywalls f\u00fcr einfache Video- oder Textchats. Die Plattform kann leichte, unaufdringliche Werbung einblenden, um die Kosten zu decken, aber diese blockiert oder beeintr\u00e4chtigt niemals das eigentliche Chatterlebnis.<\/p>\n<p>Alle Nutzer haben den gleichen Zugang zu:<\/p>\n<ul>\n<li>Unbegrenzte Video- und Text-Chat-Sitzungen<\/li>\n<li>\u00dcberspringen\/N\u00e4chste Funktion<\/li>\n<li>Werkzeuge f\u00fcr die Berichterstattung und Sperrung<\/li>\n<li>Vollst\u00e4ndige Unterst\u00fctzung f\u00fcr Desktop und Mobilger\u00e4te<\/li>\n<\/ul>\n<h2>Wer verwendet Zeechat?<\/h2>\n<p>Der einfache, barrierefreie Ansatz von Zeechat zieht ein breites internationales Publikum an, unter anderem:<\/p>\n<ul>\n<li>Altersgruppen: Haupts\u00e4chlich Erwachsene zwischen 18 und 35 Jahren, mit strikten 18+ Anforderungen<\/li>\n<li>Geographie: Nutzer aus Nordamerika, Europa, Indien, S\u00fcdostasien, Brasilien und dar\u00fcber hinaus<\/li>\n<li>Interessen: Neue Freunde finden, Sprachaustausch, Flirten, Kontakte kn\u00fcpfen und Unterhaltung<\/li>\n<\/ul>\n<p>Die Plattform richtet sich an Studenten, Reisende, digitale Nomaden und alle, die auf der Suche nach echten oder unbeschwerten Unterhaltungen au\u00dferhalb ihres normalen sozialen Umfelds sind.<\/p>\n<p>Wie bei den meisten <a href=\"https:\/\/strangercam.com\/de\/bazoocam\/\">Nocken<\/a> Chat-Seiten gibt es in der Regel mehr m\u00e4nnliche als weibliche Nutzer, aber das Geschlechterverh\u00e4ltnis verbessert sich langsam, da der Ruf der Plattform w\u00e4chst.<\/p>\n<h2>Sicherheit, Datenschutz und Moderation<\/h2>\n<p>Das Zeechat legt gro\u00dfen Wert auf die Sicherheit und den Schutz der Privatsph\u00e4re des Benutzers und enth\u00e4lt mehrere wichtige Ma\u00dfnahmen:<\/p>\n<h3>Datenschutz<\/h3>\n<ul>\n<li>Keine Registrierung, E-Mails oder pers\u00f6nliche Daten erforderlich<\/li>\n<li>Keine Chats werden gespeichert, aufbewahrt oder sind durchsuchbar<\/li>\n<li>Webcam- und Mikrofonzugriff sind sitzungsbasiert und immer unter Ihrer Kontrolle<\/li>\n<\/ul>\n<h3>Moderation<\/h3>\n<ul>\n<li>In-Chat-Meldungen: Kennzeichnen Sie missbr\u00e4uchliche oder unangemessene Nutzer sofort<\/li>\n<li>KI-unterst\u00fctzte Inhalts\u00fcberwachung: Erkennt Nacktheit und Richtlinienverst\u00f6\u00dfe in Echtzeit<\/li>\n<li>Aktive menschliche Moderatoren: \u00dcberpr\u00fcfen Sie Berichte und setzen Sie Verbote f\u00fcr Wiederholungst\u00e4ter durch<\/li>\n<\/ul>\n<h3>Bew\u00e4hrte Praktiken f\u00fcr Benutzer<\/h3>\n<ul>\n<li>Teilen Sie niemals pers\u00f6nliche Daten im Chat<\/li>\n<li>Verwenden Sie die Schaltfl\u00e4chen \"Weiter\" und \"Melden\" frei<\/li>\n<li>Jedes Gespr\u00e4ch, das sich unangenehm anf\u00fchlt, abbrechen oder \u00fcberspringen<\/li>\n<li>Zeechat ist ausschlie\u00dflich f\u00fcr Erwachsene (18+)<\/li>\n<\/ul>\n<h2>Benutzererfahrung und Design<\/h2>\n<p>Das Design des Zeechat ist modern, \u00fcbersichtlich und \u00e4u\u00dferst intuitiv:<\/p>\n<ul>\n<li>Die Homepage bietet eine fettgedruckte Schaltfl\u00e4che \"Chat starten\" mit Informationen zum Datenschutz und zur Sicherheit<\/li>\n<li>Die Videofenster sind gro\u00df und \u00fcbersichtlich, mit sichtbaren Bedienelementen zum \u00dcberspringen, Stummschalten und Melden<\/li>\n<li>Die Website wird schnell geladen und die \u00dcberg\u00e4nge zwischen den Chats erfolgen reibungslos und mit minimaler Verz\u00f6gerung.<\/li>\n<li>Mobile und Desktop-Versionen bieten dieselben Funktionen und zuverl\u00e4ssige Leistung<\/li>\n<\/ul>\n<p>Es gibt keine Pop-ups, aggressive Werbung oder komplizierte Men\u00fcs, so dass Zeechat sowohl f\u00fcr neue als auch f\u00fcr erfahrene Chatter leicht zu bedienen ist.<\/p>\n<h2>Zeechat im Vergleich zu anderen Zufalls-Videochat-Plattformen<\/h2>\n<p>Wie schneidet Zeechat im Vergleich zu anderen f\u00fchrenden Zufalls-Chat-Seiten ab?<\/p>\n<table>\n<thead>\n<tr>\n<th>Merkmal<\/th>\n<th>Zeechat<\/th>\n<th>Omegle (geschlossen)<\/th>\n<th>Ohmegle<\/th>\n<th>Chaty<\/th>\n<th><a href=\"https:\/\/strangercam.com\/de\/ometv\/\">OmeTV<\/a><\/th>\n<th>Lotta<\/th>\n<\/tr>\n<\/thead>\n<tbody>\n<tr>\n<td>Video-Chat<\/td>\n<td>Ja<\/td>\n<td>Ja<\/td>\n<td>Ja<\/td>\n<td>Ja<\/td>\n<td>Ja<\/td>\n<td>Ja<\/td>\n<\/tr>\n<tr>\n<td>Text-Chat<\/td>\n<td>Ja<\/td>\n<td>Ja<\/td>\n<td>Ja<\/td>\n<td>Ja<\/td>\n<td>Ja<\/td>\n<td>Ja<\/td>\n<\/tr>\n<tr>\n<td>Registrierung erforderlich<\/td>\n<td>Nein<\/td>\n<td>Nein<\/td>\n<td>Nein<\/td>\n<td>Nein<\/td>\n<td>Nein<\/td>\n<td>Nein<\/td>\n<\/tr>\n<tr>\n<td>Mobile Unterst\u00fctzung<\/td>\n<td>Ausgezeichnet<\/td>\n<td>Schlecht<\/td>\n<td>Ausgezeichnet<\/td>\n<td>Ausgezeichnet<\/td>\n<td>Gut<\/td>\n<td>Ausgezeichnet<\/td>\n<\/tr>\n<tr>\n<td>Moderations-Tools<\/td>\n<td>Stark<\/td>\n<td>Schwach<\/td>\n<td>M\u00e4\u00dfig<\/td>\n<td>M\u00e4\u00dfig<\/td>\n<td>Stark<\/td>\n<td>Gut<\/td>\n<\/tr>\n<tr>\n<td>Frei zu verwenden<\/td>\n<td>Ja<\/td>\n<td>Ja<\/td>\n<td>Ja<\/td>\n<td>Ja<\/td>\n<td>Ja\/Bezahlt<\/td>\n<td>Ja<\/td>\n<\/tr>\n<tr>\n<td>Geschlecht\/Region-Filter<\/td>\n<td>Nein<\/td>\n<td>Nein<\/td>\n<td>Nein<\/td>\n<td>Nein<\/td>\n<td>Bezahlt<\/td>\n<td>Nein<\/td>\n<\/tr>\n<\/tbody>\n<\/table>\n<p>Zusammenfassung: Die St\u00e4rken von Zeechat sind die moderne, minimale Benutzeroberfl\u00e4che, der schnelle Abgleich und die zug\u00e4ngliche, vollst\u00e4ndig anonyme Erfahrung. Obwohl es keine erweiterten Filter oder Premium-Leistungen bietet, ist es eine der einfachsten M\u00f6glichkeiten, um jederzeit und \u00fcberall anonym mit neuen Leuten zu chatten.<\/p>\n<h2>Pro und Kontra<\/h2>\n<p>Vorteile:<\/p>\n<ul>\n<li>100% kostenlos, sofortiger Zugang - keine Anmeldung erforderlich<\/li>\n<li>Anonymit\u00e4t und strenge Datenschutzkontrollen<\/li>\n<li>Schneller, stabiler Video- und Text-Chat<\/li>\n<li>Moderne, mobilfreundliche Schnittstelle<\/li>\n<li>Robuste Moderation und Nutzerberichte<\/li>\n<li>Internationale, multikulturelle Nutzerbasis<\/li>\n<\/ul>\n<p>Nachteile:<\/p>\n<ul>\n<li>Keine Geschlechts- oder Regionalfilter (der Abgleich ist v\u00f6llig zuf\u00e4llig)<\/li>\n<li>Gelegentlicher unangemessener Inhalt (wie bei allen anonymen Chat-Seiten)<\/li>\n<li>Mehr m\u00e4nnliche als weibliche Nutzer<\/li>\n<li>Keine Benutzerprofile oder Chatverl\u00e4ufe<\/li>\n<li>Keine M\u00f6glichkeit, sich mit fr\u00fcheren Nutzern wieder zu verbinden<\/li>\n<\/ul>\n<h2>Ideale Anwendungsf\u00e4lle<\/h2>\n<p>Zeechat ist ideal f\u00fcr:<\/p>\n<ul>\n<li>Fans von Omegle, <a href=\"https:\/\/strangercam.com\/de\/chatroulette\/\">Chatroulette<\/a>, oder Ohmegle auf der Suche nach einer modernen, problemlosen Alternative<\/li>\n<li>Erwachsene, die spontane Videochats mit Menschen aus der ganzen Welt suchen<\/li>\n<li>Sprachsch\u00fcler, Reisende und Expats, die einen authentischen kulturellen Austausch w\u00fcnschen<\/li>\n<li>Jeder, der sich langweilt und eine ungeschriebene, pers\u00f6nliche Interaktion sucht<\/li>\n<li>Nutzer, die Anonymit\u00e4t sch\u00e4tzen und sich nicht registrieren oder Apps installieren m\u00f6chten<\/li>\n<\/ul>\n<p>Weniger ideal f\u00fcr:<\/p>\n<ul>\n<li>Benutzer unter 18 Jahren (nur f\u00fcr Erwachsene)<\/li>\n<li>Diejenigen, die auf der Suche nach spezifischen Filtern f\u00fcr die Partnersuche sind oder eine kuratierte Partnervermittlung w\u00fcnschen<\/li>\n<li>Personen, die dauerhafte Profile oder Freundeslisten w\u00fcnschen<\/li>\n<\/ul>\n<p>Zeechat ist eine der vielversprechendsten neuen Video-Chat-Plattformen des Jahres 2025, die sofortige, anonyme Verbindungen mit einer \u00fcbersichtlichen Benutzeroberfl\u00e4che und proaktiven Sicherheitstools verbindet. Es bringt den Spa\u00df und die Aufregung des klassischen Omegle-Stils zu einer neuen Generation - auf dem Desktop oder auf dem Handy, immer kostenlos und immer privat.<\/p>\n<p>Wenn Sie neue Leute kennenlernen, ungest\u00f6rte Gespr\u00e4che genie\u00dfen oder einfach nur den Nervenkitzel eines zuf\u00e4lligen Videochats erleben m\u00f6chten, ist Zeechat einen Versuch wert.<\/p>","protected":false},"excerpt":{"rendered":"<p>With the continued popularity of random video chat, a wave of new platforms is catering to users seeking fresh, anonymous ways to meet people worldwide. Zeechat is one of the newest entrants, aiming to recapture the fast, spontaneous thrill of Omegle and Chatroulette\u2014while adding modern design, robust safety features, and seamless mobile compatibility. But does [&hellip;]<\/p>\n","protected":false},"author":6,"featured_media":0,"parent":0,"menu_order":0,"comment_status":"closed","ping_status":"closed","template":"","meta":{"footnotes":""},"class_list":["post-12946","page","type-page","status-publish","hentry"],"yoast_head":"<!-- This site is optimized with the Yoast SEO plugin v27.4 - https:\/\/yoast.com\/product\/yoast-seo-wordpress\/ -->\n<title>Zeechat - Live Video Chat, Online Video Call - StrangerCam<\/title>\n<meta name=\"description\" content=\"Like Zeechat? Come chat with more than 5.000.000 strangers on Stranger Cam for Free! Turn on your cam and find new friends &amp; maby a match!\" \/>\n<meta name=\"robots\" content=\"index, follow, max-snippet:-1, max-image-preview:large, max-video-preview:-1\" \/>\n<link rel=\"canonical\" href=\"https:\/\/strangercam.com\/de\/zeechat\/\" \/>\n<meta property=\"og:locale\" content=\"de_DE\" \/>\n<meta property=\"og:type\" content=\"article\" \/>\n<meta property=\"og:title\" content=\"Zeechat - Live Video Chat, Online Video Call - StrangerCam\" \/>\n<meta property=\"og:description\" content=\"Like Zeechat? Come chat with more than 5.000.000 strangers on Stranger Cam for Free! Turn on your cam and find new friends &amp; maby a match!\" \/>\n<meta property=\"og:url\" content=\"https:\/\/strangercam.com\/de\/zeechat\/\" \/>\n<meta property=\"og:site_name\" content=\"Strangercam\" \/>\n<meta property=\"article:publisher\" content=\"https:\/\/www.facebook.com\/strangercam\" \/>\n<meta property=\"og:image\" content=\"https:\/\/strangercam.com\/wp-content\/uploads\/2021\/10\/Untitled-2.png\" \/>\n\t<meta property=\"og:image:width\" content=\"800\" \/>\n\t<meta property=\"og:image:height\" content=\"532\" \/>\n\t<meta property=\"og:image:type\" content=\"image\/png\" \/>\n<meta name=\"twitter:card\" content=\"summary_large_image\" \/>\n<meta name=\"twitter:site\" content=\"@strangercamapp\" \/>\n<meta name=\"twitter:label1\" content=\"Gesch\u00e4tzte Lesezeit\" \/>\n\t<meta name=\"twitter:data1\" content=\"6\u00a0Minuten\" \/>\n<script type=\"application\/ld+json\" class=\"yoast-schema-graph\">{\"@context\":\"https:\\\/\\\/schema.org\",\"@graph\":[{\"@type\":\"WebPage\",\"@id\":\"https:\\\/\\\/strangercam.com\\\/zeechat\\\/\",\"url\":\"https:\\\/\\\/strangercam.com\\\/zeechat\\\/\",\"name\":\"Zeechat - Live Video Chat, Online Video Call - StrangerCam\",\"isPartOf\":{\"@id\":\"https:\\\/\\\/strangercam.com\\\/#website\"},\"datePublished\":\"2025-07-28T10:00:33+00:00\",\"description\":\"Like Zeechat? Come chat with more than 5.000.000 strangers on Stranger Cam for Free! Turn on your cam and find new friends & maby a match!\",\"breadcrumb\":{\"@id\":\"https:\\\/\\\/strangercam.com\\\/zeechat\\\/#breadcrumb\"},\"inLanguage\":\"de\",\"potentialAction\":[{\"@type\":\"ReadAction\",\"target\":[\"https:\\\/\\\/strangercam.com\\\/zeechat\\\/\"]}]},{\"@type\":\"BreadcrumbList\",\"@id\":\"https:\\\/\\\/strangercam.com\\\/zeechat\\\/#breadcrumb\",\"itemListElement\":[{\"@type\":\"ListItem\",\"position\":1,\"name\":\"Home\",\"item\":\"https:\\\/\\\/strangercam.com\\\/\"},{\"@type\":\"ListItem\",\"position\":2,\"name\":\"Zeechat\"}]},{\"@type\":\"WebSite\",\"@id\":\"https:\\\/\\\/strangercam.com\\\/#website\",\"url\":\"https:\\\/\\\/strangercam.com\\\/\",\"name\":\"Strangercam\",\"description\":\"Random Video Chat with Strangers\",\"publisher\":{\"@id\":\"https:\\\/\\\/strangercam.com\\\/#organization\"},\"alternateName\":\"Strangercam.com\",\"potentialAction\":[{\"@type\":\"SearchAction\",\"target\":{\"@type\":\"EntryPoint\",\"urlTemplate\":\"https:\\\/\\\/strangercam.com\\\/?s={search_term_string}\"},\"query-input\":{\"@type\":\"PropertyValueSpecification\",\"valueRequired\":true,\"valueName\":\"search_term_string\"}}],\"inLanguage\":\"de\"},{\"@type\":\"Organization\",\"@id\":\"https:\\\/\\\/strangercam.com\\\/#organization\",\"name\":\"Strangercam\",\"alternateName\":\"Strangercam.com\",\"url\":\"https:\\\/\\\/strangercam.com\\\/\",\"logo\":{\"@type\":\"ImageObject\",\"inLanguage\":\"de\",\"@id\":\"https:\\\/\\\/strangercam.com\\\/#\\\/schema\\\/logo\\\/image\\\/\",\"url\":\"https:\\\/\\\/strangercam.com\\\/wp-content\\\/uploads\\\/2020\\\/11\\\/cropped-new-favicon-black.png\",\"contentUrl\":\"https:\\\/\\\/strangercam.com\\\/wp-content\\\/uploads\\\/2020\\\/11\\\/cropped-new-favicon-black.png\",\"width\":512,\"height\":512,\"caption\":\"Strangercam\"},\"image\":{\"@id\":\"https:\\\/\\\/strangercam.com\\\/#\\\/schema\\\/logo\\\/image\\\/\"},\"sameAs\":[\"https:\\\/\\\/www.facebook.com\\\/strangercam\",\"https:\\\/\\\/x.com\\\/strangercamapp\"]}]}<\/script>\n<!-- \/ Yoast SEO plugin. -->","yoast_head_json":{"title":"Zeechat - Live-Video-Chat, Online-Videoanruf - StrangerCam","description":"Gef\u00e4llt dir Zeechat? Komm und chatte mit mehr als 5.000.000 Fremden auf Stranger Cam - kostenlos! Schalte deine Kamera ein und finde neue Freunde und vielleicht einen Partner!","robots":{"index":"index","follow":"follow","max-snippet":"max-snippet:-1","max-image-preview":"max-image-preview:large","max-video-preview":"max-video-preview:-1"},"canonical":"https:\/\/strangercam.com\/de\/zeechat\/","og_locale":"de_DE","og_type":"article","og_title":"Zeechat - Live Video Chat, Online Video Call - StrangerCam","og_description":"Like Zeechat? Come chat with more than 5.000.000 strangers on Stranger Cam for Free! Turn on your cam and find new friends & maby a match!","og_url":"https:\/\/strangercam.com\/de\/zeechat\/","og_site_name":"Strangercam","article_publisher":"https:\/\/www.facebook.com\/strangercam","og_image":[{"width":800,"height":532,"url":"https:\/\/strangercam.com\/wp-content\/uploads\/2021\/10\/Untitled-2.png","type":"image\/png"}],"twitter_card":"summary_large_image","twitter_site":"@strangercamapp","twitter_misc":{"Gesch\u00e4tzte Lesezeit":"6\u00a0Minuten"},"schema":{"@context":"https:\/\/schema.org","@graph":[{"@type":"WebPage","@id":"https:\/\/strangercam.com\/zeechat\/","url":"https:\/\/strangercam.com\/zeechat\/","name":"Zeechat - Live-Video-Chat, Online-Videoanruf - StrangerCam","isPartOf":{"@id":"https:\/\/strangercam.com\/#website"},"datePublished":"2025-07-28T10:00:33+00:00","description":"Gef\u00e4llt dir Zeechat? Komm und chatte mit mehr als 5.000.000 Fremden auf Stranger Cam - kostenlos! Schalte deine Kamera ein und finde neue Freunde und vielleicht einen Partner!","breadcrumb":{"@id":"https:\/\/strangercam.com\/zeechat\/#breadcrumb"},"inLanguage":"de","potentialAction":[{"@type":"ReadAction","target":["https:\/\/strangercam.com\/zeechat\/"]}]},{"@type":"BreadcrumbList","@id":"https:\/\/strangercam.com\/zeechat\/#breadcrumb","itemListElement":[{"@type":"ListItem","position":1,"name":"Home","item":"https:\/\/strangercam.com\/"},{"@type":"ListItem","position":2,"name":"Zeechat"}]},{"@type":"WebSite","@id":"https:\/\/strangercam.com\/#website","url":"https:\/\/strangercam.com\/","name":"Strangercam","description":"Zuf\u00e4lliger Video-Chat mit Fremden","publisher":{"@id":"https:\/\/strangercam.com\/#organization"},"alternateName":"Strangercam.com","potentialAction":[{"@type":"SearchAction","target":{"@type":"EntryPoint","urlTemplate":"https:\/\/strangercam.com\/?s={search_term_string}"},"query-input":{"@type":"PropertyValueSpecification","valueRequired":true,"valueName":"search_term_string"}}],"inLanguage":"de"},{"@type":"Organization","@id":"https:\/\/strangercam.com\/#organization","name":"Strangercam","alternateName":"Strangercam.com","url":"https:\/\/strangercam.com\/","logo":{"@type":"ImageObject","inLanguage":"de","@id":"https:\/\/strangercam.com\/#\/schema\/logo\/image\/","url":"https:\/\/strangercam.com\/wp-content\/uploads\/2020\/11\/cropped-new-favicon-black.png","contentUrl":"https:\/\/strangercam.com\/wp-content\/uploads\/2020\/11\/cropped-new-favicon-black.png","width":512,"height":512,"caption":"Strangercam"},"image":{"@id":"https:\/\/strangercam.com\/#\/schema\/logo\/image\/"},"sameAs":["https:\/\/www.facebook.com\/strangercam","https:\/\/x.com\/strangercamapp"]}]}},"_links":{"self":[{"href":"https:\/\/strangercam.com\/de\/wp-json\/wp\/v2\/pages\/12946","targetHints":{"allow":["GET"]}}],"collection":[{"href":"https:\/\/strangercam.com\/de\/wp-json\/wp\/v2\/pages"}],"about":[{"href":"https:\/\/strangercam.com\/de\/wp-json\/wp\/v2\/types\/page"}],"author":[{"embeddable":true,"href":"https:\/\/strangercam.com\/de\/wp-json\/wp\/v2\/users\/6"}],"replies":[{"embeddable":true,"href":"https:\/\/strangercam.com\/de\/wp-json\/wp\/v2\/comments?post=12946"}],"version-history":[{"count":1,"href":"https:\/\/strangercam.com\/de\/wp-json\/wp\/v2\/pages\/12946\/revisions"}],"predecessor-version":[{"id":12947,"href":"https:\/\/strangercam.com\/de\/wp-json\/wp\/v2\/pages\/12946\/revisions\/12947"}],"wp:attachment":[{"href":"https:\/\/strangercam.com\/de\/wp-json\/wp\/v2\/media?parent=12946"}],"curies":[{"name":"wp","href":"https:\/\/api.w.org\/{rel}","templated":true}]}}