{"id":12944,"date":"2025-07-28T11:56:56","date_gmt":"2025-07-28T09:56:56","guid":{"rendered":"https:\/\/strangercam.com\/?page_id=12944"},"modified":"2025-07-28T11:56:56","modified_gmt":"2025-07-28T09:56:56","slug":"lotta","status":"publish","type":"page","link":"https:\/\/strangercam.com\/de\/lotta\/","title":{"rendered":"Lotta"},"content":{"rendered":"<p>Als klassische Zufallsvideochat-Plattformen wie <a href=\"https:\/\/strangercam.com\/de\/omegle\/\">Omegle<\/a> Aus dem Rampenlicht verschwunden, tritt eine neue Welle von Websites auf den Plan, die den Nutzern das gleiche spontane, anonyme Erlebnis bieten - mit einem modernen Twist. Lotta ist eine der neuesten und am schnellsten wachsenden Alternativen im Jahr 2025, die den Reiz des zuf\u00e4lligen Cam-to-Cam-Chats mit verbesserter Geschwindigkeit, Sicherheit und einer schlanken, mobilf\u00e4higen Oberfl\u00e4che kombiniert.<\/p>\n<p>Aber ist Lotta Ihre Zeit wert? Hebt es sich von anderen neuen Videochatseiten im Stil von Omegle ab? In diesem umfassenden Bericht erfahren Sie alles, was Sie wissen m\u00fcssen: wie Lotta funktioniert, welche Funktionen es bietet, wer es nutzt und wie es im Vergleich zu anderen gro\u00dfen Zufalls-Chat-Plattformen im Jahr 2025 abschneidet.<\/p>\n<h2>Was ist Lotta?<\/h2>\n<p>Lotta ist eine browserbasierte, zuf\u00e4llige Videochat-Plattform, die f\u00fcr sofortige, anonyme Verbindungen mit Fremden aus der ganzen Welt entwickelt wurde. Benutzer k\u00f6nnen mit nur einem Klick beitreten - keine Registrierung, Profile oder App-Downloads erforderlich. Die Website ist auf Schnelligkeit und Einfachheit ausgelegt, so dass Sie in Sekundenschnelle Live-Videochats starten k\u00f6nnen.<\/p>\n<p>Wie das Original Omegle bringt Lotta Nutzer f\u00fcr private Videokonversationen zusammen. Aber wo die Schnittstelle von Omegle veraltet und die Moderation inkonsistent ist, bietet Lotta ein moderneres, sicheres und benutzerfreundliches Erlebnis und bleibt dabei 100% kostenlos.<\/p>\n<h2>Was ist der Zweck von Lotta?<\/h2>\n<p>Lotta wurde entwickelt, um die Magie des anonymen, zuf\u00e4lligen Videochats wiederzubeleben, die Omegle zu einem kulturellen Ph\u00e4nomen gemacht hat, aber mit wichtigen Verbesserungen f\u00fcr die heutigen Benutzer:<\/p>\n<ul>\n<li>Spontane Begegnungen von Angesicht zu Angesicht: <a href=\"https:\/\/strangercam.com\/de\/coomeet\/\">Treffen Sie<\/a> jemand Neues, jederzeit und von \u00fcberall.<\/li>\n<li>Echte Anonymit\u00e4t: Keine Profile, keine Anmeldung, keine sozialen Medien.<\/li>\n<li>Moderne Sicherheit und M\u00e4\u00dfigung: Halten Sie Gespr\u00e4che sicher und einladend.<\/li>\n<li>Schneller, reibungsloser Zugang: Beginnen Sie sofort mit dem Chat auf dem Desktop oder Handy.<\/li>\n<\/ul>\n<p>Egal, ob Sie neue Freundschaften schlie\u00dfen, eine Sprache \u00fcben, flirten oder einfach nur einen unterhaltsamen Chat mit einem Fremden f\u00fchren m\u00f6chten, Lotta ist f\u00fcr Sie gemacht.<\/p>\n<h2>Wesentliche Merkmale<\/h2>\n<p>1. Zuf\u00e4lliger Video-Chat unter vier Augen<br \/>\nDie wichtigste Funktion von Lotta ist der sofortige, private Cam-to-Cam-Chat. Klicken Sie auf \"Start\", aktivieren Sie Ihre Webcam und Ihr Mikrofon, und schon sind Sie in Sekundenschnelle verbunden. Keine Benutzernamen oder Bios - nur Sie und ein Fremder, von Angesicht zu Angesicht.<\/p>\n<p>2. Text-Chat-Option<br \/>\nNeben Videos k\u00f6nnen mit dem Lotta auch Textnachrichten innerhalb des Chats versendet werden. Dies ist hilfreich, um das Eis zu brechen, Sprachbarrieren zu \u00fcberwinden oder wenn Sie nicht laut sprechen m\u00f6chten.<\/p>\n<p>3. Schaltfl\u00e4che \"Weiter\/\u00dcberspringen<br \/>\nWenn dir die Stimmung nicht gef\u00e4llt, dr\u00fcckst du einfach auf \"Weiter\" und wirst sofort mit einem neuen Partner zusammengebracht. Es gibt keine Strafe oder Begrenzung, wie oft Sie \u00fcberspringen k\u00f6nnen.<\/p>\n<p>4. 100% Anonym, keine Registrierung<br \/>\nSie m\u00fcssen sich nicht anmelden, kein Profil erstellen und keine pers\u00f6nlichen Informationen preisgeben. Alle Sitzungen sind zeitlich begrenzt und privat, was Lotta zu einem der anonymsten Chats im Internet macht.<\/p>\n<p>5. Modernes, mobil-optimiertes Design<br \/>\nLotta funktioniert nahtlos sowohl auf Desktop- als auch auf mobilen Browsern. Die Benutzeroberfl\u00e4che ist \u00fcbersichtlich und reaktionsschnell, so dass Sie ganz einfach auf Ihrem Telefon, Tablet oder Laptop chatten k\u00f6nnen - keine Downloads erforderlich.<\/p>\n<p>6. Moderations- und Berichtswerkzeuge<br \/>\nUm die Plattform sicher zu halten, bietet Lotta eine Chat-Meldeschaltfl\u00e4che und verwendet eine Mischung aus automatisierter (KI-gest\u00fctzter) und menschlicher Moderation. Nutzer k\u00f6nnen unangemessene Inhalte oder Verhaltensweisen sofort melden.<\/p>\n<p>7. Schneller Abgleich und geringe Latenzzeit<br \/>\nDie Matching-Engine des Lotta ist auf Geschwindigkeit ausgelegt. Die Videoverbindungen sind schnell und stabil, mit minimaler Verz\u00f6gerung - selbst in Sto\u00dfzeiten oder auf mobilen Ger\u00e4ten.<\/p>\n<h2>Ist Lotta frei?<\/h2>\n<p>Ja, die Nutzung von Lotta ist v\u00f6llig kostenlos. Alle Hauptfunktionen - Video-Chat, Text-Chat und unbegrenztes \u00dcberspringen - sind f\u00fcr jeden verf\u00fcgbar, ohne versteckte Bezahlschranken oder Abonnementstufen.<\/p>\n<p>Die Website kann leichte, nicht aufdringliche Werbung enthalten, um den Betrieb zu unterst\u00fctzen, aber diese unterbricht niemals das Chat-Erlebnis oder schr\u00e4nkt den Zugang ein.<\/p>\n<h2>Wer verwendet Lotta?<\/h2>\n<p>Lotta baut schnell eine vielf\u00e4ltige, weltweite Nutzerbasis auf, darunter auch<\/p>\n<ul>\n<li>Altersgruppen: Haupts\u00e4chlich 18-35 (ausschlie\u00dflich Erwachsene)<\/li>\n<li>Standorte: Nutzer aus den Vereinigten Staaten, Kanada, dem Vereinigten K\u00f6nigreich, Deutschland, Indien, Brasilien, S\u00fcdostasien und mehr<\/li>\n<li>Interessen: Flirten, Freundschaften schlie\u00dfen, Sprachaustausch, lockere Unterhaltung, kulturelle Entdeckungen<\/li>\n<\/ul>\n<p>Weil sie neu ist, zieht die Lotta eher technisch versierte Nutzer, Studenten und diejenigen an, die die ungeschriebene Energie der klassischen Omegle vermissen. Die Geschlechterverteilung ist \u00e4hnlich wie bei anderen <a href=\"https:\/\/strangercam.com\/de\/bazoocam\/\">Nocken<\/a> Chat-Seiten, mit mehr m\u00e4nnlichen als weiblichen Nutzern, aber die weibliche Beteiligung nimmt zu, da die Seite an Popularit\u00e4t und Ansehen gewinnt.<\/p>\n<h2>Sicherheit, Datenschutz und Moderation<\/h2>\n<p>Lotta ist sich bewusst, dass Anonymit\u00e4t sowohl Freiheit als auch Risiken mit sich bringt. Die Plattform verfolgt einen proaktiven Ansatz f\u00fcr die Sicherheit und den Datenschutz der Nutzer:<\/p>\n<h3>Datenschutz<\/h3>\n<ul>\n<li>Keine Anmeldung oder pers\u00f6nliche Daten erforderlich<\/li>\n<li>Chats werden nicht aufgezeichnet oder gespeichert<\/li>\n<li>Sie haben jederzeit die Kontrolle \u00fcber Ihre Webcam\/Mikrofon<\/li>\n<li>Keine gemeinsame IP-Nutzung mit Chat-Partnern<\/li>\n<\/ul>\n<h3>Moderation<\/h3>\n<ul>\n<li>Schaltfl\u00e4che zum Melden im Chat: Unangemessenes oder missbr\u00e4uchliches Verhalten sofort melden<\/li>\n<li>KI-unterst\u00fctzte Inhaltsfilterung: Erkennt und blockiert bestimmte Verst\u00f6\u00dfe in Echtzeit<\/li>\n<li>Menschliche Moderatoren: \u00dcberpr\u00fcfung von Berichten und Durchsetzung der Plattformregeln<\/li>\n<\/ul>\n<h3>Bew\u00e4hrte Praktiken<\/h3>\n<ul>\n<li>Teilen Sie niemals pers\u00f6nliche Informationen im Chat<\/li>\n<li>Verwenden Sie die Schaltfl\u00e4chen \"Weiter\" und \"Melden\", wenn Sie sich unwohl f\u00fchlen.<\/li>\n<li>Denken Sie daran, dass Sie es mit Fremden zu tun haben; lassen Sie im Internet die \u00fcbliche Vorsicht walten.<\/li>\n<\/ul>\n<h2>Benutzererfahrung und Design<\/h2>\n<p>Die Benutzeroberfl\u00e4che des Lotta ist eine seiner besten Eigenschaften. Sie ist modern, minimalistisch und lenkt nicht ab:<\/p>\n<ul>\n<li>Auf der Startseite befindet sich eine fettgedruckte Schaltfl\u00e4che \"Chat starten\" mit klaren Datenschutzinformationen und -regeln<\/li>\n<li>Innerhalb von Sekunden werden Sie zusammengef\u00fchrt und chatten live<\/li>\n<li>Die Videofenster sind gro\u00df und verf\u00fcgen \u00fcber leichtg\u00e4ngige Steuerelemente zum Stummschalten, \u00dcberspringen und Melden<\/li>\n<li>Die mobile Oberfl\u00e4che ist genauso \u00fcbersichtlich und benutzerfreundlich wie die Desktop-Version.<\/li>\n<\/ul>\n<p>Lotta vermeidet Pop-ups, \u00fcberm\u00e4\u00dfige Werbung und Registrierungsaufforderungen und sorgt so jedes Mal f\u00fcr ein reibungsloses, angenehmes Chatterlebnis.<\/p>\n<h2>Lotta im Vergleich zu anderen Zufalls-Videochat-Plattformen<\/h2>\n<p>Wie schneidet Lotta im Vergleich zu Omegle-Alternativen im Jahr 2025 ab?<\/p>\n<table>\n<thead>\n<tr>\n<th>Merkmal<\/th>\n<th>Lotta<\/th>\n<th>Omegle (geschlossen)<\/th>\n<th>Ohmegle<\/th>\n<th><a href=\"https:\/\/strangercam.com\/de\/ometv\/\">OmeTV<\/a><\/th>\n<th>Chaty<\/th>\n<th>ChitChatTV<\/th>\n<\/tr>\n<\/thead>\n<tbody>\n<tr>\n<td>Video-Chat<\/td>\n<td>Ja<\/td>\n<td>Ja<\/td>\n<td>Ja<\/td>\n<td>Ja<\/td>\n<td>Ja<\/td>\n<td>Ja<\/td>\n<\/tr>\n<tr>\n<td>Text-Chat<\/td>\n<td>Ja<\/td>\n<td>Ja<\/td>\n<td>Ja<\/td>\n<td>Ja<\/td>\n<td>Ja<\/td>\n<td>Ja<\/td>\n<\/tr>\n<tr>\n<td>Registrierung erforderlich<\/td>\n<td>Nein<\/td>\n<td>Nein<\/td>\n<td>Nein<\/td>\n<td>Nein<\/td>\n<td>Nein<\/td>\n<td>Nein<\/td>\n<\/tr>\n<tr>\n<td>Mobile Unterst\u00fctzung<\/td>\n<td>Ausgezeichnet<\/td>\n<td>Schlecht<\/td>\n<td>Ausgezeichnet<\/td>\n<td>Gut<\/td>\n<td>Ausgezeichnet<\/td>\n<td>Ausgezeichnet<\/td>\n<\/tr>\n<tr>\n<td>Geschlecht\/Region Filter<\/td>\n<td>Nein<\/td>\n<td>Nein<\/td>\n<td>Nein<\/td>\n<td>Bezahlt<\/td>\n<td>Nein<\/td>\n<td>Nein<\/td>\n<\/tr>\n<tr>\n<td>Moderation\/Berichterstattung<\/td>\n<td>Gut<\/td>\n<td>Schwach<\/td>\n<td>M\u00e4\u00dfig<\/td>\n<td>Stark<\/td>\n<td>M\u00e4\u00dfig<\/td>\n<td>Gut<\/td>\n<\/tr>\n<tr>\n<td>Frei zu verwenden<\/td>\n<td>Ja<\/td>\n<td>Ja<\/td>\n<td>Ja<\/td>\n<td>Ja\/Bezahlt<\/td>\n<td>Ja<\/td>\n<td>Ja<\/td>\n<\/tr>\n<\/tbody>\n<\/table>\n<p>Fazit: Das Lotta ist in puncto Geschwindigkeit und Benutzerfreundlichkeit mit dem Ohmegle, Chaty und ChitChatTV vergleichbar, zeichnet sich aber durch sein frisches Design und seine Benutzerfreundlichkeit aus, insbesondere f\u00fcr neue Benutzer und Benutzer von Mobiltelefonen.<\/p>\n<h2>Pro und Kontra<\/h2>\n<p>Vorteile:<\/p>\n<ul>\n<li>100% kostenlos, sofortiger Zugang - keine Anmeldung erforderlich<\/li>\n<li>V\u00f6llig anonym und privat<\/li>\n<li>Schnelle, stabile Video- und Text-Chat-Verbindungen<\/li>\n<li>Schlanke, moderne und f\u00fcr Mobilger\u00e4te optimierte Benutzeroberfl\u00e4che<\/li>\n<li>Robuste Berichterstattungs- und Moderationswerkzeuge<\/li>\n<li>Ideal f\u00fcr zwanglose, ungeschriebene Gespr\u00e4che weltweit<\/li>\n<\/ul>\n<p>Nachteile:<\/p>\n<ul>\n<li>Keine Geschlechts- oder Ortsfilter (\u00dcbereinstimmungen sind zuf\u00e4llig)<\/li>\n<li>Gelegentlicher Kontakt mit unangemessenem Verhalten (trotz M\u00e4\u00dfigung)<\/li>\n<li>Keine Benutzerprofile, Freundeslisten oder die M\u00f6glichkeit, sich wieder zu verbinden<\/li>\n<li>Mehr m\u00e4nnliche als weibliche Nutzer (\u00fcblich in dieser Nische)<\/li>\n<li>Plattform vergr\u00f6\u00dfert ihre Nutzerbasis im Vergleich zu \u00e4lteren Giganten weiter<\/li>\n<\/ul>\n<h2>Ideale Anwendungsf\u00e4lle<\/h2>\n<p>Lotta ist ideal f\u00fcr:<\/p>\n<p>Fans von Omegle, <a href=\"https:\/\/strangercam.com\/de\/chatroulette\/\">Chatroulette<\/a>, oder Ohmegle auf der Suche nach einer neuen Plattform<\/p>\n<p>Nutzer, die einen schnellen, anonymen Chat mit Video als Erstes und ohne Registrierung w\u00fcnschen<\/p>\n<p>Sprachsch\u00fcler, Auswanderer und Reisende, die globale Gespr\u00e4che f\u00fchren m\u00f6chten<\/p>\n<p>Menschen, die spontan Kontakte kn\u00fcpfen, Spa\u00df haben oder die Langeweile vertreiben wollen<\/p>\n<p>Es ist weniger ideal f\u00fcr:<\/p>\n<ul>\n<li>Diejenigen, die dating-spezifische Funktionen oder Benutzerfilter suchen<\/li>\n<li>Nutzer unter 18 Jahren (strenge Altersvoraussetzung)<\/li>\n<li>Personen, die mit bestimmten Nutzern wieder in Kontakt treten oder langfristige Chats aufbauen m\u00f6chten<\/li>\n<\/ul>\n<p>Lotta ist eine der besten neuen Videochatseiten im Stil von Omegle im Jahr 2025, die sofortige, anonyme Verbindungen mit Fremden in einem modernen, benutzerfreundlichen Paket bietet. Ohne Registrierung, mit schnellem Matching und einem starken Fokus auf Privatsph\u00e4re und Sicherheit ist es ein w\u00fcrdiger Nachfolger des klassischen Zufalls-Videochats.<\/p>\n<p>Wenn Sie neue Leute kennenlernen, Freundschaften schlie\u00dfen, flirten oder einfach nur einen Echtzeit-Chat mit jemandem auf der ganzen Welt f\u00fchren m\u00f6chten, ist TP154T auf jeden Fall einen Versuch wert. Sein frisches Design, seine zuverl\u00e4ssige Leistung und seine zug\u00e4nglichen Funktionen machen ihn zu einem Top-Ger\u00e4t f\u00fcr die n\u00e4chste Generation von Zufalls-Chatern.<\/p>","protected":false},"excerpt":{"rendered":"<p>As classic random video chat platforms like Omegle fade from the spotlight, a new wave of sites is stepping up to offer users the same spontaneous, anonymous experience\u2014with a modern twist. Lotta is one of the newest and fastest-growing alternatives in 2025, combining the core excitement of random cam-to-cam chat with improved speed, security, and [&hellip;]<\/p>\n","protected":false},"author":6,"featured_media":0,"parent":0,"menu_order":0,"comment_status":"closed","ping_status":"closed","template":"","meta":{"footnotes":""},"class_list":["post-12944","page","type-page","status-publish","hentry"],"yoast_head":"<!-- This site is optimized with the Yoast SEO plugin v27.4 - https:\/\/yoast.com\/product\/yoast-seo-wordpress\/ -->\n<title>Lotta - Meet Strangers &amp; Video Chat Online - StrangerCam<\/title>\n<meta name=\"description\" content=\"Like Lotta? Come chat with more than 5.000.000 strangers on Stranger Cam for Free! Turn on your cam and find new friends &amp; maby a match!\" \/>\n<meta name=\"robots\" content=\"index, follow, max-snippet:-1, max-image-preview:large, max-video-preview:-1\" \/>\n<link rel=\"canonical\" href=\"https:\/\/strangercam.com\/de\/lotta\/\" \/>\n<meta property=\"og:locale\" content=\"de_DE\" \/>\n<meta property=\"og:type\" content=\"article\" \/>\n<meta property=\"og:title\" content=\"Lotta - Meet Strangers &amp; Video Chat Online - StrangerCam\" \/>\n<meta property=\"og:description\" content=\"Like Lotta? Come chat with more than 5.000.000 strangers on Stranger Cam for Free! Turn on your cam and find new friends &amp; maby a match!\" \/>\n<meta property=\"og:url\" content=\"https:\/\/strangercam.com\/de\/lotta\/\" \/>\n<meta property=\"og:site_name\" content=\"Strangercam\" \/>\n<meta property=\"article:publisher\" content=\"https:\/\/www.facebook.com\/strangercam\" \/>\n<meta property=\"og:image\" content=\"https:\/\/strangercam.com\/wp-content\/uploads\/2021\/10\/Untitled-2.png\" \/>\n\t<meta property=\"og:image:width\" content=\"800\" \/>\n\t<meta property=\"og:image:height\" content=\"532\" \/>\n\t<meta property=\"og:image:type\" content=\"image\/png\" \/>\n<meta name=\"twitter:card\" content=\"summary_large_image\" \/>\n<meta name=\"twitter:site\" content=\"@strangercamapp\" \/>\n<meta name=\"twitter:label1\" content=\"Gesch\u00e4tzte Lesezeit\" \/>\n\t<meta name=\"twitter:data1\" content=\"6\u00a0Minuten\" \/>\n<script type=\"application\/ld+json\" class=\"yoast-schema-graph\">{\"@context\":\"https:\\\/\\\/schema.org\",\"@graph\":[{\"@type\":\"WebPage\",\"@id\":\"https:\\\/\\\/strangercam.com\\\/lotta\\\/\",\"url\":\"https:\\\/\\\/strangercam.com\\\/lotta\\\/\",\"name\":\"Lotta - Meet Strangers & Video Chat Online - StrangerCam\",\"isPartOf\":{\"@id\":\"https:\\\/\\\/strangercam.com\\\/#website\"},\"datePublished\":\"2025-07-28T09:56:56+00:00\",\"description\":\"Like Lotta? Come chat with more than 5.000.000 strangers on Stranger Cam for Free! Turn on your cam and find new friends & maby a match!\",\"breadcrumb\":{\"@id\":\"https:\\\/\\\/strangercam.com\\\/lotta\\\/#breadcrumb\"},\"inLanguage\":\"de\",\"potentialAction\":[{\"@type\":\"ReadAction\",\"target\":[\"https:\\\/\\\/strangercam.com\\\/lotta\\\/\"]}]},{\"@type\":\"BreadcrumbList\",\"@id\":\"https:\\\/\\\/strangercam.com\\\/lotta\\\/#breadcrumb\",\"itemListElement\":[{\"@type\":\"ListItem\",\"position\":1,\"name\":\"Home\",\"item\":\"https:\\\/\\\/strangercam.com\\\/\"},{\"@type\":\"ListItem\",\"position\":2,\"name\":\"Lotta\"}]},{\"@type\":\"WebSite\",\"@id\":\"https:\\\/\\\/strangercam.com\\\/#website\",\"url\":\"https:\\\/\\\/strangercam.com\\\/\",\"name\":\"Strangercam\",\"description\":\"Random Video Chat with Strangers\",\"publisher\":{\"@id\":\"https:\\\/\\\/strangercam.com\\\/#organization\"},\"alternateName\":\"Strangercam.com\",\"potentialAction\":[{\"@type\":\"SearchAction\",\"target\":{\"@type\":\"EntryPoint\",\"urlTemplate\":\"https:\\\/\\\/strangercam.com\\\/?s={search_term_string}\"},\"query-input\":{\"@type\":\"PropertyValueSpecification\",\"valueRequired\":true,\"valueName\":\"search_term_string\"}}],\"inLanguage\":\"de\"},{\"@type\":\"Organization\",\"@id\":\"https:\\\/\\\/strangercam.com\\\/#organization\",\"name\":\"Strangercam\",\"alternateName\":\"Strangercam.com\",\"url\":\"https:\\\/\\\/strangercam.com\\\/\",\"logo\":{\"@type\":\"ImageObject\",\"inLanguage\":\"de\",\"@id\":\"https:\\\/\\\/strangercam.com\\\/#\\\/schema\\\/logo\\\/image\\\/\",\"url\":\"https:\\\/\\\/strangercam.com\\\/wp-content\\\/uploads\\\/2020\\\/11\\\/cropped-new-favicon-black.png\",\"contentUrl\":\"https:\\\/\\\/strangercam.com\\\/wp-content\\\/uploads\\\/2020\\\/11\\\/cropped-new-favicon-black.png\",\"width\":512,\"height\":512,\"caption\":\"Strangercam\"},\"image\":{\"@id\":\"https:\\\/\\\/strangercam.com\\\/#\\\/schema\\\/logo\\\/image\\\/\"},\"sameAs\":[\"https:\\\/\\\/www.facebook.com\\\/strangercam\",\"https:\\\/\\\/x.com\\\/strangercamapp\"]}]}<\/script>\n<!-- \/ Yoast SEO plugin. -->","yoast_head_json":{"title":"Lotta - Fremde treffen &amp; Video-Chat online - StrangerCam","description":"Gef\u00e4llt dir Lotta? Komm und chatte mit mehr als 5.000.000 Fremden auf Stranger Cam - kostenlos! Schalte deine Kamera ein und finde neue Freunde und vielleicht einen Partner!","robots":{"index":"index","follow":"follow","max-snippet":"max-snippet:-1","max-image-preview":"max-image-preview:large","max-video-preview":"max-video-preview:-1"},"canonical":"https:\/\/strangercam.com\/de\/lotta\/","og_locale":"de_DE","og_type":"article","og_title":"Lotta - Meet Strangers & Video Chat Online - StrangerCam","og_description":"Like Lotta? Come chat with more than 5.000.000 strangers on Stranger Cam for Free! Turn on your cam and find new friends & maby a match!","og_url":"https:\/\/strangercam.com\/de\/lotta\/","og_site_name":"Strangercam","article_publisher":"https:\/\/www.facebook.com\/strangercam","og_image":[{"width":800,"height":532,"url":"https:\/\/strangercam.com\/wp-content\/uploads\/2021\/10\/Untitled-2.png","type":"image\/png"}],"twitter_card":"summary_large_image","twitter_site":"@strangercamapp","twitter_misc":{"Gesch\u00e4tzte Lesezeit":"6\u00a0Minuten"},"schema":{"@context":"https:\/\/schema.org","@graph":[{"@type":"WebPage","@id":"https:\/\/strangercam.com\/lotta\/","url":"https:\/\/strangercam.com\/lotta\/","name":"Lotta - Fremde treffen &amp; Video-Chat online - StrangerCam","isPartOf":{"@id":"https:\/\/strangercam.com\/#website"},"datePublished":"2025-07-28T09:56:56+00:00","description":"Gef\u00e4llt dir Lotta? Komm und chatte mit mehr als 5.000.000 Fremden auf Stranger Cam - kostenlos! Schalte deine Kamera ein und finde neue Freunde und vielleicht einen Partner!","breadcrumb":{"@id":"https:\/\/strangercam.com\/lotta\/#breadcrumb"},"inLanguage":"de","potentialAction":[{"@type":"ReadAction","target":["https:\/\/strangercam.com\/lotta\/"]}]},{"@type":"BreadcrumbList","@id":"https:\/\/strangercam.com\/lotta\/#breadcrumb","itemListElement":[{"@type":"ListItem","position":1,"name":"Home","item":"https:\/\/strangercam.com\/"},{"@type":"ListItem","position":2,"name":"Lotta"}]},{"@type":"WebSite","@id":"https:\/\/strangercam.com\/#website","url":"https:\/\/strangercam.com\/","name":"Strangercam","description":"Zuf\u00e4lliger Video-Chat mit Fremden","publisher":{"@id":"https:\/\/strangercam.com\/#organization"},"alternateName":"Strangercam.com","potentialAction":[{"@type":"SearchAction","target":{"@type":"EntryPoint","urlTemplate":"https:\/\/strangercam.com\/?s={search_term_string}"},"query-input":{"@type":"PropertyValueSpecification","valueRequired":true,"valueName":"search_term_string"}}],"inLanguage":"de"},{"@type":"Organization","@id":"https:\/\/strangercam.com\/#organization","name":"Strangercam","alternateName":"Strangercam.com","url":"https:\/\/strangercam.com\/","logo":{"@type":"ImageObject","inLanguage":"de","@id":"https:\/\/strangercam.com\/#\/schema\/logo\/image\/","url":"https:\/\/strangercam.com\/wp-content\/uploads\/2020\/11\/cropped-new-favicon-black.png","contentUrl":"https:\/\/strangercam.com\/wp-content\/uploads\/2020\/11\/cropped-new-favicon-black.png","width":512,"height":512,"caption":"Strangercam"},"image":{"@id":"https:\/\/strangercam.com\/#\/schema\/logo\/image\/"},"sameAs":["https:\/\/www.facebook.com\/strangercam","https:\/\/x.com\/strangercamapp"]}]}},"_links":{"self":[{"href":"https:\/\/strangercam.com\/de\/wp-json\/wp\/v2\/pages\/12944","targetHints":{"allow":["GET"]}}],"collection":[{"href":"https:\/\/strangercam.com\/de\/wp-json\/wp\/v2\/pages"}],"about":[{"href":"https:\/\/strangercam.com\/de\/wp-json\/wp\/v2\/types\/page"}],"author":[{"embeddable":true,"href":"https:\/\/strangercam.com\/de\/wp-json\/wp\/v2\/users\/6"}],"replies":[{"embeddable":true,"href":"https:\/\/strangercam.com\/de\/wp-json\/wp\/v2\/comments?post=12944"}],"version-history":[{"count":1,"href":"https:\/\/strangercam.com\/de\/wp-json\/wp\/v2\/pages\/12944\/revisions"}],"predecessor-version":[{"id":12945,"href":"https:\/\/strangercam.com\/de\/wp-json\/wp\/v2\/pages\/12944\/revisions\/12945"}],"wp:attachment":[{"href":"https:\/\/strangercam.com\/de\/wp-json\/wp\/v2\/media?parent=12944"}],"curies":[{"name":"wp","href":"https:\/\/api.w.org\/{rel}","templated":true}]}}