{"id":12942,"date":"2025-07-28T11:02:46","date_gmt":"2025-07-28T09:02:46","guid":{"rendered":"https:\/\/strangercam.com\/?page_id=12942"},"modified":"2025-07-28T11:02:46","modified_gmt":"2025-07-28T09:02:46","slug":"chatiwi","status":"publish","type":"page","link":"https:\/\/strangercam.com\/de\/chatiwi\/","title":{"rendered":"Chatiwi"},"content":{"rendered":"<p>Die Welt des Internets <a href=\"https:\/\/strangercam.com\/de\/chatroulette\/\">Chat<\/a> R\u00e4ume haben sich schnell entwickelt, aber die Nachfrage nach einfachen, sofortigen und anonymen sozialen Plattformen ist st\u00e4rker denn je. Da \u00e4ltere Websites wie <a href=\"https:\/\/strangercam.com\/de\/chatiw\/\">Chatiw<\/a> und <a href=\"https:\/\/strangercam.com\/de\/chatib\/\">Chatib<\/a> Chatiwi ist eine neue Alternative, die klassische Live-Chat-R\u00e4ume, private Nachrichten und eine freundliche, globale Community in einer kostenlosen, leicht zug\u00e4nglichen Plattform anbietet, die mit den Erwartungen moderner Nutzer nicht mithalten kann.<\/p>\n<p>Wie steht Chatiwi also im Vergleich zu den Giganten, die es inspiriert haben? Ist es wirklich kostenlos, sicher und benutzerfreundlich? In diesem ausf\u00fchrlichen Test werden wir untersuchen, was Chatiwi bietet, wer es nutzt und wie es sich im Vergleich zu anderen f\u00fchrenden Chat-Plattformen im Jahr 2025 schl\u00e4gt.<\/p>\n<h2>Was ist Chatiwi?<\/h2>\n<p>Chatiwi ist eine moderne, browserbasierte Chatroom-Website, die von der Einfachheit und Zug\u00e4nglichkeit klassischer Plattformen wie Chatiw und Chatib inspiriert ist. Ihr zentrales Versprechen ist es, Menschen aus der ganzen Welt sofort zu verbinden - ohne Registrierung oder Download. Ganz gleich, ob Sie an \u00f6ffentlichen Chatrooms oder privaten Einzelgespr\u00e4chen interessiert sind, Chatiwi bringt Sie mit einem Nickname und einem Klick ins Geschehen.<\/p>\n<p>Mit dem Schwerpunkt auf sauberem Design, reaktionsschneller Kompatibilit\u00e4t mit mobilen Ger\u00e4ten und einer sicheren Chat-Umgebung wird Chatiwi schnell zu einem Favoriten unter Nutzern, die echte Gespr\u00e4che und neue Online-Freunde suchen.<\/p>\n<h2>Was ist der Zweck von Chatiwi?<\/h2>\n<p>Chatiwi hat es sich zur Aufgabe gemacht, Online-Gespr\u00e4che unterhaltsam, schnell und f\u00fcr alle zug\u00e4nglich zu machen. Im Gegensatz zu Apps, die eine aufw\u00e4ndige Anmeldung, Profilerstellung oder App-Installation erfordern, reduziert Chatiwi die Dinge auf das Wesentliche - die Verbindung echter Menschen f\u00fcr einen Live-Chat \u00fcber Themen, die sie interessieren.<\/p>\n<p>Zu den wichtigsten Zielen geh\u00f6ren:<\/p>\n<ul>\n<li>Bereitstellung offener, themenbezogener Chatr\u00e4ume f\u00fcr Gruppendiskussionen<\/li>\n<li>Nahtlose private Chats f\u00fcr pers\u00f6nlichere Verbindungen erm\u00f6glichen<\/li>\n<li>Schaffung einer einladenden Umgebung f\u00fcr Menschen mit unterschiedlichem Hintergrund, Alter und Interessen<\/li>\n<li>Sicherstellen, dass jeder sofort und ohne Barrieren am Gespr\u00e4ch teilnehmen kann<\/li>\n<\/ul>\n<p>Ganz gleich, ob Sie sich \u00fcber Musik, Hobbys oder das Weltgeschehen unterhalten oder einfach nur jemandem Hallo sagen m\u00f6chten, Chatiwi bietet Ihnen einen flexiblen Raum daf\u00fcr.<\/p>\n<h2>Wesentliche Merkmale<\/h2>\n<p>1. \u00d6ffentliche Live-Chatr\u00e4ume<br \/>\nDie Hauptattraktion von Chatiwi ist die Vielfalt der offenen, themenbezogenen Chatr\u00e4ume. Vom \u201cAllgemeinen Chat\u201d bis zu R\u00e4umen f\u00fcr spezielle Interessen k\u00f6nnen die Nutzer mit einem einzigen Klick an jeder Diskussion teilnehmen, in Echtzeit chatten und <a href=\"https:\/\/strangercam.com\/de\/coomeet\/\">treffen<\/a> Menschen aus der ganzen Welt.<\/p>\n<p>2. Privater Chat unter vier Augen<br \/>\nW\u00fcnschen Sie sich eine pers\u00f6nlichere Unterhaltung? Mit Chatiwi k\u00f6nnen Benutzer von \u00f6ffentlichen R\u00e4umen zu privaten Nachrichten wechseln, um tiefere Verbindungen, freundliche Ratschl\u00e4ge oder vertrauliche Diskussionen zu erm\u00f6glichen.<\/p>\n<p>3. Keine Registrierung erforderlich<br \/>\nWie bei den besten Chat-Seiten der alten Schule k\u00f6nnen Sie auch bei Chatiwi sofort mit dem Chatten beginnen. W\u00e4hlen Sie einfach einen Nickname - keine E-Mail, Telefonnummer oder soziale Medien erforderlich.<\/p>\n<p>4. Multi-Device und mobilfreundlich<br \/>\nChatiwi ist vollst\u00e4ndig reaktionsf\u00e4hig und funktioniert sowohl auf Desktop- als auch auf mobilen Browsern reibungslos, so dass es sich perfekt zum Chatten unterwegs eignet.<\/p>\n<p>5. Einfache, moderne Schnittstelle<br \/>\nDas klare Design der Website beschr\u00e4nkt die Ablenkung auf ein Minimum. Die Nachrichten sind klar, die R\u00e4ume sind einfach zu navigieren, und die wichtigsten Steuerelemente (Stummschalten, Blockieren, Melden) sind immer in Reichweite.<\/p>\n<p>6. Benutzersicherheit und Moderationstools<br \/>\nChatiwi verwendet eine Kombination aus Live-Moderatoren und Meldefunktionen im Raum, um ein sicheres und respektvolles Umfeld zu schaffen.<\/p>\n<p>7. Breite Palette von Themen<br \/>\nVon regionalen Chatrooms bis hin zu speziellen Interessengruppen ist f\u00fcr jeden etwas dabei - ganz gleich, ob Sie \u00fcber Musik, Sport oder das Leben diskutieren oder einfach nur abh\u00e4ngen m\u00f6chten.<\/p>\n<h2>Ist Chatiwi frei?<\/h2>\n<p>Chatiwi ist 100% kostenlos zu benutzen. Es gibt keine versteckten Geb\u00fchren, Abonnements oder Paywalls. Alle Funktionen - \u00f6ffentliche R\u00e4ume, private Nachrichten und Moderationstools - sind f\u00fcr jeden zug\u00e4nglich.<\/p>\n<p>Die Plattform kann leichte, nicht aufdringliche Werbung anzeigen, um die Website zu unterst\u00fctzen, aber diese st\u00f6rt niemals das Chat-Erlebnis.<\/p>\n<h2>Wer verwendet Chatiwi?<\/h2>\n<p>Chatiwi zieht, \u00e4hnlich wie Chatiw und Chatib, einen weltweiten, vielf\u00e4ltigen Benutzerstamm an. Zu den typischen Nutzern geh\u00f6ren:<\/p>\n<ul>\n<li>Erwachsene im Alter von 18-40 Jahren, wobei es eine Mischung aus \u00e4lteren und j\u00fcngeren Teilnehmern gibt<\/li>\n<li>Menschen aus Nordamerika, Europa, S\u00fcdamerika, Indien und dem Nahen Osten<\/li>\n<li>Studenten, Berufst\u00e4tige, Reisende, Auswanderer und alle, die eine Freundschaft oder ein lockeres Gespr\u00e4ch suchen<\/li>\n<\/ul>\n<p>H\u00e4ufige Gr\u00fcnde f\u00fcr den Beitritt zur Chatiwi:<\/p>\n<ul>\n<li>Neue Freundschaften schlie\u00dfen und den eigenen sozialen Kreis erweitern<\/li>\n<li>Zeitvertreib, Entspannung oder Flucht vor dem Alltagsstress<\/li>\n<li>Gespr\u00e4che \u00fcber Hobbys, Musik, Kultur oder das Weltgeschehen<\/li>\n<li>Rat suchen, Geschichten austauschen oder einfach nur zum Spa\u00df plaudern<\/li>\n<\/ul>\n<p>Die Vielfalt der Chat-R\u00e4ume sorgt daf\u00fcr, dass jeder einen Raum findet, in dem er sich wohl und einbezogen f\u00fchlt.<\/p>\n<h2>Sicherheit, Datenschutz und Moderation<\/h2>\n<p>Chatiwi legt gro\u00dfen Wert auf den Schutz der Privatsph\u00e4re der Nutzer und sichere Konversation. Hier erfahren Sie, wie Sie die Plattform sicher und einladend gestalten:<\/p>\n<h3>Datenschutz<\/h3>\n<ul>\n<li>Keine Kontoerstellung oder pers\u00f6nliche Daten erforderlich<\/li>\n<li>Chats sind nicht \u00f6ffentlich archiviert oder durchsuchbar<\/li>\n<li>Nutzer interagieren \u00fcber gew\u00e4hlte Nicknames<\/li>\n<\/ul>\n<h3>Moderation<\/h3>\n<ul>\n<li>Live-Moderatoren \u00fcberwachen die \u00f6ffentlichen R\u00e4ume w\u00e4hrend der Sto\u00dfzeiten<\/li>\n<li>Chat-Berichterstattung und Blockierung erm\u00f6glichen es Nutzern, unangemessenes Verhalten oder Spam zu markieren<\/li>\n<li>Klare Gemeinschaftsrichtlinien gegen Mobbing, Bel\u00e4stigung und st\u00f6rendes Verhalten<\/li>\n<\/ul>\n<h3>Benutzersteuerung<\/h3>\n<ul>\n<li>Sofortige Sperrung oder Stummschaltung st\u00f6render Benutzer<\/li>\n<li>Sie k\u00f6nnen jederzeit den Raum wechseln oder Ihren Spitznamen \u00e4ndern.<\/li>\n<li>Wechseln Sie zu privaten Chats nur mit Benutzern, denen Sie vertrauen<\/li>\n<\/ul>\n<p>Zwar kann kein Chatroom ein perfektes Erlebnis garantieren, aber die aktive Moderation und die benutzergesteuerten Sicherheitstools machen Chatiwi zu einer besseren Wahl als die meisten anderen Chatrooms, wenn es um respektvolle, freundliche Unterhaltung geht.<\/p>\n<h2>Benutzererfahrung und Design<\/h2>\n<p>Das Chatiwi bietet ein reibungsloses, intuitives Chatterlebnis:<\/p>\n<ul>\n<li>Homepage bietet einfache Raumauswahl und Eingabe von Spitznamen<\/li>\n<li>Chatr\u00e4ume werden sofort geladen, auch auf mobilen Ger\u00e4ten<\/li>\n<li>Schnelle und zuverl\u00e4ssige Zustellung von Nachrichten, auch in Sto\u00dfzeiten<\/li>\n<li>Benachrichtigungen und private Chat-Einladungen sind einfach zu verwalten<\/li>\n<li>Die Bedienelemente zum Sperren, Stummschalten oder Melden sind gut sichtbar und einfach zu bedienen<\/li>\n<\/ul>\n<p>Das Chatiwi vermeidet Un\u00fcbersichtlichkeit, Pop-ups und verwirrende Men\u00fcs und ist damit f\u00fcr Benutzer aller Altersgruppen und mit unterschiedlichem technischem Hintergrund zug\u00e4nglich.<\/p>\n<h2>Chatiwi im Vergleich zu anderen Chatroom-Plattformen<\/h2>\n<p>Wie schneidet das Chatiwi im Vergleich zu seinen Vorg\u00e4ngern und Mitbewerbern ab?<\/p>\n<table>\n<thead>\n<tr>\n<th>Merkmal<\/th>\n<th>Chatiwi<\/th>\n<th>Chatiw<\/th>\n<th>Chatib<\/th>\n<th>OnlineFreeChat<\/th>\n<th><a href=\"https:\/\/strangercam.com\/de\/wireclub\/\">Wireclub<\/a><\/th>\n<\/tr>\n<\/thead>\n<tbody>\n<tr>\n<td>Freier Zugang<\/td>\n<td>Ja<\/td>\n<td>Ja<\/td>\n<td>Ja<\/td>\n<td>Ja<\/td>\n<td>Ja<\/td>\n<\/tr>\n<tr>\n<td>Keine Registrierung erforderlich<\/td>\n<td>Ja<\/td>\n<td>Ja<\/td>\n<td>Ja<\/td>\n<td>Ja<\/td>\n<td>Nein<\/td>\n<\/tr>\n<tr>\n<td>Thematische Chat-R\u00e4ume<\/td>\n<td>Ja<\/td>\n<td>Ja<\/td>\n<td>Ja<\/td>\n<td>Ja<\/td>\n<td>Ja<\/td>\n<\/tr>\n<tr>\n<td>Private Nachrichten\u00fcbermittlung<\/td>\n<td>Ja<\/td>\n<td>Ja<\/td>\n<td>Ja<\/td>\n<td>Ja<\/td>\n<td>Ja<\/td>\n<\/tr>\n<tr>\n<td>Mobile Unterst\u00fctzung<\/td>\n<td>Ausgezeichnet<\/td>\n<td>Gut<\/td>\n<td>Gut<\/td>\n<td>Ausgezeichnet<\/td>\n<td>Gut<\/td>\n<\/tr>\n<tr>\n<td>Moderations-Tools<\/td>\n<td>Stark<\/td>\n<td>M\u00e4\u00dfig<\/td>\n<td>M\u00e4\u00dfig<\/td>\n<td>Stark<\/td>\n<td>Stark<\/td>\n<\/tr>\n<tr>\n<td>Anzeigen<\/td>\n<td>Minimal<\/td>\n<td>Ja<\/td>\n<td>Ja<\/td>\n<td>Minimal<\/td>\n<td>Ja<\/td>\n<\/tr>\n<\/tbody>\n<\/table>\n<p>Fazit: Chatiwi \u00fcbertrifft seine Konkurrenten in allen wichtigen Bereichen: sofortiger, kostenloser Zugang, modernes Design und effektive Moderation mit besserer Unterst\u00fctzung f\u00fcr mobile Endger\u00e4te und einer einladenden Community-Atmosph\u00e4re.<\/p>\n<h2>Pro und Kontra<\/h2>\n<p>Vorteile:<\/p>\n<ul>\n<li>100% kostenloser und anonymer Chat<\/li>\n<li>Keine Anmeldung oder Download erforderlich<\/li>\n<li>Freundliche, aktive globale Nutzerbasis<\/li>\n<li>Gruppen- und private Chatoptionen<\/li>\n<li>Schnelle, moderne Schnittstelle mit starker Unterst\u00fctzung f\u00fcr mobile Ger\u00e4te<\/li>\n<li>Aktive Moderation und robuste Sicherheitsinstrumente<\/li>\n<\/ul>\n<p>Nachteile:<\/p>\n<ul>\n<li>Kein Video-Chat (nur textbasiert)<\/li>\n<li>Gelegentlich st\u00f6rende Nutzer, die jedoch in der Regel schnell beseitigt werden<\/li>\n<li>Keine Langzeitprofile oder Benutzerhistorie<\/li>\n<li>Die Beliebtheit der Zimmer kann au\u00dferhalb der Hauptverkehrszeiten schwanken.<\/li>\n<\/ul>\n<h2>Ideale Anwendungsf\u00e4lle<\/h2>\n<p>Chatiwi ist ideal f\u00fcr:<\/p>\n<ul>\n<li>Alle, die das klassische Chatiw oder Chatib mochten, aber ein moderneres, mobilfreundlicheres Erlebnis w\u00fcnschen<\/li>\n<li>Menschen, die eine schnelle, kostenlose und einfache M\u00f6glichkeit suchen, mit Fremden zu chatten<\/li>\n<li>Expats, Reisende oder Sprachsch\u00fcler, die weltweit Kontakte kn\u00fcpfen m\u00f6chten<\/li>\n<li>Nutzer, die Wert auf Privatsph\u00e4re und Einfachheit bei Online-Kontakten legen<\/li>\n<\/ul>\n<p>Weniger ideal f\u00fcr:<\/p>\n<ul>\n<li>Diejenigen, die speziell nach Videochat-Plattformen suchen<\/li>\n<li>Nutzer unter 18 Jahren (die Plattform ist nur f\u00fcr Erwachsene)<\/li>\n<li>Personen, die erweiterte Matching- oder Dating-Funktionen w\u00fcnschen<\/li>\n<\/ul>\n<p>Chatiwi ist eine erstklassige Alternative zu Chatiw und Chatib und bietet das Beste der klassischen Online-Chatr\u00e4ume mit einer modernen Note. Schnell, kostenlos, anonym und mobil ist es eine der einfachsten M\u00f6glichkeiten, neue Leute kennenzulernen, Freundschaften zu schlie\u00dfen oder einen lebhaften Gruppenchat im Jahr 2025 zu genie\u00dfen.<\/p>\n<p>Mit einer effektiven Moderation, einem benutzerfreundlichen Design und einer einladenden globalen Gemeinschaft bietet Chatiwi genau das, was sich die Benutzer von einer Chatroom-Plattform w\u00fcnschen - spontane, echte und sichere Gespr\u00e4che, jederzeit und \u00fcberall.<\/p>\n<p>Wenn Sie einen einfachen, zug\u00e4nglichen Chat-Raum suchen, dem Sie heute beitreten k\u00f6nnen, ist Chatiwi auf jeden Fall einen Versuch wert.<\/p>","protected":false},"excerpt":{"rendered":"<p>The world of online chat rooms has evolved rapidly, but the demand for simple, instant, and anonymous social platforms is stronger than ever. As older sites like Chatiw and Chatib struggle to keep up with modern user expectations, Chatiwi steps in as a new alternative\u2014offering classic live chat rooms, private messaging, and a friendly, global [&hellip;]<\/p>\n","protected":false},"author":6,"featured_media":0,"parent":0,"menu_order":0,"comment_status":"closed","ping_status":"closed","template":"","meta":{"footnotes":""},"class_list":["post-12942","page","type-page","status-publish","hentry"],"yoast_head":"<!-- This site is optimized with the Yoast SEO plugin v27.4 - https:\/\/yoast.com\/product\/yoast-seo-wordpress\/ -->\n<title>Chatiwi - Your Anonymous Encrypted Chat - StrangerCam<\/title>\n<meta name=\"description\" content=\"Like Chatiwi? Come chat with more than 5.000.000 strangers on Stranger Cam for Free! Turn on your cam and find new friends &amp; maby a match!\" \/>\n<meta name=\"robots\" content=\"index, follow, max-snippet:-1, max-image-preview:large, max-video-preview:-1\" \/>\n<link rel=\"canonical\" href=\"https:\/\/strangercam.com\/de\/chatiwi\/\" \/>\n<meta property=\"og:locale\" content=\"de_DE\" \/>\n<meta property=\"og:type\" content=\"article\" \/>\n<meta property=\"og:title\" content=\"Chatiwi - Your Anonymous Encrypted Chat - StrangerCam\" \/>\n<meta property=\"og:description\" content=\"Like Chatiwi? Come chat with more than 5.000.000 strangers on Stranger Cam for Free! Turn on your cam and find new friends &amp; maby a match!\" \/>\n<meta property=\"og:url\" content=\"https:\/\/strangercam.com\/de\/chatiwi\/\" \/>\n<meta property=\"og:site_name\" content=\"Strangercam\" \/>\n<meta property=\"article:publisher\" content=\"https:\/\/www.facebook.com\/strangercam\" \/>\n<meta property=\"og:image\" content=\"https:\/\/strangercam.com\/wp-content\/uploads\/2021\/10\/Untitled-2.png\" \/>\n\t<meta property=\"og:image:width\" content=\"800\" \/>\n\t<meta property=\"og:image:height\" content=\"532\" \/>\n\t<meta property=\"og:image:type\" content=\"image\/png\" \/>\n<meta name=\"twitter:card\" content=\"summary_large_image\" \/>\n<meta name=\"twitter:site\" content=\"@strangercamapp\" \/>\n<meta name=\"twitter:label1\" content=\"Gesch\u00e4tzte Lesezeit\" \/>\n\t<meta name=\"twitter:data1\" content=\"6\u00a0Minuten\" \/>\n<script type=\"application\/ld+json\" class=\"yoast-schema-graph\">{\"@context\":\"https:\\\/\\\/schema.org\",\"@graph\":[{\"@type\":\"WebPage\",\"@id\":\"https:\\\/\\\/strangercam.com\\\/chatiwi\\\/\",\"url\":\"https:\\\/\\\/strangercam.com\\\/chatiwi\\\/\",\"name\":\"Chatiwi - Your Anonymous Encrypted Chat - StrangerCam\",\"isPartOf\":{\"@id\":\"https:\\\/\\\/strangercam.com\\\/#website\"},\"datePublished\":\"2025-07-28T09:02:46+00:00\",\"description\":\"Like Chatiwi? Come chat with more than 5.000.000 strangers on Stranger Cam for Free! Turn on your cam and find new friends & maby a match!\",\"breadcrumb\":{\"@id\":\"https:\\\/\\\/strangercam.com\\\/chatiwi\\\/#breadcrumb\"},\"inLanguage\":\"de\",\"potentialAction\":[{\"@type\":\"ReadAction\",\"target\":[\"https:\\\/\\\/strangercam.com\\\/chatiwi\\\/\"]}]},{\"@type\":\"BreadcrumbList\",\"@id\":\"https:\\\/\\\/strangercam.com\\\/chatiwi\\\/#breadcrumb\",\"itemListElement\":[{\"@type\":\"ListItem\",\"position\":1,\"name\":\"Home\",\"item\":\"https:\\\/\\\/strangercam.com\\\/\"},{\"@type\":\"ListItem\",\"position\":2,\"name\":\"Chatiwi\"}]},{\"@type\":\"WebSite\",\"@id\":\"https:\\\/\\\/strangercam.com\\\/#website\",\"url\":\"https:\\\/\\\/strangercam.com\\\/\",\"name\":\"Strangercam\",\"description\":\"Random Video Chat with Strangers\",\"publisher\":{\"@id\":\"https:\\\/\\\/strangercam.com\\\/#organization\"},\"alternateName\":\"Strangercam.com\",\"potentialAction\":[{\"@type\":\"SearchAction\",\"target\":{\"@type\":\"EntryPoint\",\"urlTemplate\":\"https:\\\/\\\/strangercam.com\\\/?s={search_term_string}\"},\"query-input\":{\"@type\":\"PropertyValueSpecification\",\"valueRequired\":true,\"valueName\":\"search_term_string\"}}],\"inLanguage\":\"de\"},{\"@type\":\"Organization\",\"@id\":\"https:\\\/\\\/strangercam.com\\\/#organization\",\"name\":\"Strangercam\",\"alternateName\":\"Strangercam.com\",\"url\":\"https:\\\/\\\/strangercam.com\\\/\",\"logo\":{\"@type\":\"ImageObject\",\"inLanguage\":\"de\",\"@id\":\"https:\\\/\\\/strangercam.com\\\/#\\\/schema\\\/logo\\\/image\\\/\",\"url\":\"https:\\\/\\\/strangercam.com\\\/wp-content\\\/uploads\\\/2020\\\/11\\\/cropped-new-favicon-black.png\",\"contentUrl\":\"https:\\\/\\\/strangercam.com\\\/wp-content\\\/uploads\\\/2020\\\/11\\\/cropped-new-favicon-black.png\",\"width\":512,\"height\":512,\"caption\":\"Strangercam\"},\"image\":{\"@id\":\"https:\\\/\\\/strangercam.com\\\/#\\\/schema\\\/logo\\\/image\\\/\"},\"sameAs\":[\"https:\\\/\\\/www.facebook.com\\\/strangercam\",\"https:\\\/\\\/x.com\\\/strangercamapp\"]}]}<\/script>\n<!-- \/ Yoast SEO plugin. -->","yoast_head_json":{"title":"Chatiwi - Ihr anonymer verschl\u00fcsselter Chat - StrangerCam","description":"Gef\u00e4llt dir Chatiwi? Komm und chatte mit mehr als 5.000.000 Fremden auf Stranger Cam - kostenlos! Schalte deine Kamera ein und finde neue Freunde und vielleicht einen Partner!","robots":{"index":"index","follow":"follow","max-snippet":"max-snippet:-1","max-image-preview":"max-image-preview:large","max-video-preview":"max-video-preview:-1"},"canonical":"https:\/\/strangercam.com\/de\/chatiwi\/","og_locale":"de_DE","og_type":"article","og_title":"Chatiwi - Your Anonymous Encrypted Chat - StrangerCam","og_description":"Like Chatiwi? Come chat with more than 5.000.000 strangers on Stranger Cam for Free! Turn on your cam and find new friends & maby a match!","og_url":"https:\/\/strangercam.com\/de\/chatiwi\/","og_site_name":"Strangercam","article_publisher":"https:\/\/www.facebook.com\/strangercam","og_image":[{"width":800,"height":532,"url":"https:\/\/strangercam.com\/wp-content\/uploads\/2021\/10\/Untitled-2.png","type":"image\/png"}],"twitter_card":"summary_large_image","twitter_site":"@strangercamapp","twitter_misc":{"Gesch\u00e4tzte Lesezeit":"6\u00a0Minuten"},"schema":{"@context":"https:\/\/schema.org","@graph":[{"@type":"WebPage","@id":"https:\/\/strangercam.com\/chatiwi\/","url":"https:\/\/strangercam.com\/chatiwi\/","name":"Chatiwi - Ihr anonymer verschl\u00fcsselter Chat - StrangerCam","isPartOf":{"@id":"https:\/\/strangercam.com\/#website"},"datePublished":"2025-07-28T09:02:46+00:00","description":"Gef\u00e4llt dir Chatiwi? Komm und chatte mit mehr als 5.000.000 Fremden auf Stranger Cam - kostenlos! Schalte deine Kamera ein und finde neue Freunde und vielleicht einen Partner!","breadcrumb":{"@id":"https:\/\/strangercam.com\/chatiwi\/#breadcrumb"},"inLanguage":"de","potentialAction":[{"@type":"ReadAction","target":["https:\/\/strangercam.com\/chatiwi\/"]}]},{"@type":"BreadcrumbList","@id":"https:\/\/strangercam.com\/chatiwi\/#breadcrumb","itemListElement":[{"@type":"ListItem","position":1,"name":"Home","item":"https:\/\/strangercam.com\/"},{"@type":"ListItem","position":2,"name":"Chatiwi"}]},{"@type":"WebSite","@id":"https:\/\/strangercam.com\/#website","url":"https:\/\/strangercam.com\/","name":"Strangercam","description":"Zuf\u00e4lliger Video-Chat mit Fremden","publisher":{"@id":"https:\/\/strangercam.com\/#organization"},"alternateName":"Strangercam.com","potentialAction":[{"@type":"SearchAction","target":{"@type":"EntryPoint","urlTemplate":"https:\/\/strangercam.com\/?s={search_term_string}"},"query-input":{"@type":"PropertyValueSpecification","valueRequired":true,"valueName":"search_term_string"}}],"inLanguage":"de"},{"@type":"Organization","@id":"https:\/\/strangercam.com\/#organization","name":"Strangercam","alternateName":"Strangercam.com","url":"https:\/\/strangercam.com\/","logo":{"@type":"ImageObject","inLanguage":"de","@id":"https:\/\/strangercam.com\/#\/schema\/logo\/image\/","url":"https:\/\/strangercam.com\/wp-content\/uploads\/2020\/11\/cropped-new-favicon-black.png","contentUrl":"https:\/\/strangercam.com\/wp-content\/uploads\/2020\/11\/cropped-new-favicon-black.png","width":512,"height":512,"caption":"Strangercam"},"image":{"@id":"https:\/\/strangercam.com\/#\/schema\/logo\/image\/"},"sameAs":["https:\/\/www.facebook.com\/strangercam","https:\/\/x.com\/strangercamapp"]}]}},"_links":{"self":[{"href":"https:\/\/strangercam.com\/de\/wp-json\/wp\/v2\/pages\/12942","targetHints":{"allow":["GET"]}}],"collection":[{"href":"https:\/\/strangercam.com\/de\/wp-json\/wp\/v2\/pages"}],"about":[{"href":"https:\/\/strangercam.com\/de\/wp-json\/wp\/v2\/types\/page"}],"author":[{"embeddable":true,"href":"https:\/\/strangercam.com\/de\/wp-json\/wp\/v2\/users\/6"}],"replies":[{"embeddable":true,"href":"https:\/\/strangercam.com\/de\/wp-json\/wp\/v2\/comments?post=12942"}],"version-history":[{"count":1,"href":"https:\/\/strangercam.com\/de\/wp-json\/wp\/v2\/pages\/12942\/revisions"}],"predecessor-version":[{"id":12943,"href":"https:\/\/strangercam.com\/de\/wp-json\/wp\/v2\/pages\/12942\/revisions\/12943"}],"wp:attachment":[{"href":"https:\/\/strangercam.com\/de\/wp-json\/wp\/v2\/media?parent=12942"}],"curies":[{"name":"wp","href":"https:\/\/api.w.org\/{rel}","templated":true}]}}