{"id":12939,"date":"2025-07-28T11:00:18","date_gmt":"2025-07-28T09:00:18","guid":{"rendered":"https:\/\/strangercam.com\/?page_id=12939"},"modified":"2025-07-28T11:00:18","modified_gmt":"2025-07-28T09:00:18","slug":"chitchattv","status":"publish","type":"page","link":"https:\/\/strangercam.com\/de\/chitchattv\/","title":{"rendered":"ChitChatTV"},"content":{"rendered":"<p>Mit dem Aufschwung (und manchmal auch dem Niedergang) der popul\u00e4ren Video <a href=\"https:\/\/strangercam.com\/de\/chathub\/\">Chat<\/a> Anwendungen wie Monkey, Azar und <a href=\"https:\/\/strangercam.com\/de\/ometv\/\">OmeTV<\/a>, Die Online-Chat-Szene war noch nie so umk\u00e4mpft - oder so innovativ. ChitChatTV ist ein neuer Konkurrent im Bereich der zuf\u00e4lligen Videochats, der sofortige, globale, pers\u00f6nliche Verbindungen und eine lebendige, mobilfreundliche Erfahrung verspricht, die die TikTok-Generation und dar\u00fcber hinaus anspricht.<\/p>\n<p>Macht das ChitChatTV da weiter, wo seine Vorg\u00e4ngermodelle aufgeh\u00f6rt haben? Wie funktioniert es, f\u00fcr wen ist es geeignet, und ist es wirklich die beste neue M\u00f6glichkeit, um <a href=\"https:\/\/strangercam.com\/de\/coomeet\/\">treffen<\/a> Fremde online? In diesem ausf\u00fchrlichen Testbericht erfahren Sie alles, was Sie \u00fcber das ChitChatTV wissen m\u00fcssen: Funktionen, Benutzerfreundlichkeit, Sicherheitsstandards und wie es sich im Vergleich zu den gr\u00f6\u00dften Videochat-Anbietern im Jahr 2025 schl\u00e4gt.<\/p>\n<h2>Was bedeutet ChitChatTV?<\/h2>\n<p>ChitChatTV ist eine moderne, browserbasierte Zufalls-Videochat-Plattform, die Sie sofort mit Fremden aus der ganzen Welt f\u00fcr private Live-Gespr\u00e4che von Angesicht zu Angesicht verbindet. Wie Monkey und OmeTV ist ChitChatTV f\u00fcr spontane Echtzeit-Verbindungen konzipiert, ohne Anmeldung und mit dem Fokus auf Geschwindigkeit, Einfachheit und Spa\u00df.<\/p>\n<p>Die Plattform richtet sich an ein vielf\u00e4ltiges, internationales Publikum - egal, ob man Freunde finden, eine Sprache \u00fcben, flirten oder sich einfach nur die Zeit in einer sicheren, sozialen Umgebung vertreiben m\u00f6chte. Mit einem \u00fcberzeugenden Design f\u00fcr mobile Endger\u00e4te ist ChitChatTV sowohl auf Handys als auch auf Desktops einfach zu bedienen und somit f\u00fcr alle Nutzer zug\u00e4nglich, egal wo sie sich befinden.<\/p>\n<h2>Was ist der Zweck von ChitChatTV?<\/h2>\n<p>ChitChatTV hat es sich zur Aufgabe gemacht, den Reiz des Online-Kennenlernens neuer Leute in einer sicheren, benutzerfreundlichen und modernen Umgebung wiederzubeleben. Es zeichnet sich durch die Betonung aus:<\/p>\n<ul>\n<li>Schneller, reibungsloser Zugang - keine Downloads, keine Profile, keine sozialen Medien erforderlich<\/li>\n<li>Echte, ungeschriebene menschliche Interaktion anstelle von kuratierten oder algorithmischen Inhalten<\/li>\n<li>Eine frische, jugendliche Ausstrahlung, die sowohl die Generation Z als auch Millennials anzieht, die nach echten digitalen sozialen Erfahrungen suchen<\/li>\n<\/ul>\n<p>Ganz gleich, ob Sie schnell lachen, einen internationalen Freund finden oder die Langeweile vertreiben wollen, ChitChatTV ist der Ort, an dem globale Gespr\u00e4che beginnen.<\/p>\n<h2>Wesentliche Merkmale<\/h2>\n<p>1. Sofortiger zuf\u00e4lliger Video-Chat<br \/>\nDie wichtigste Funktion von ChitChatTV ist der pers\u00f6nliche Videochat: Klicken Sie auf \"Start\", und Sie werden sofort mit einem anderen Online-Nutzer f\u00fcr ein privates Live-Gespr\u00e4ch zusammengebracht. Es gibt keine Wartezeiten f\u00fcr Genehmigungen, Matching oder Raumwarteschlangen - nur Sie und Ihr Chat-Partner, von Angesicht zu Angesicht.<\/p>\n<p>2. Schaltfl\u00e4che \"Weiter\/Springen\" f\u00fcr Schnellabgleich<br \/>\nWenn Ihnen ein bestimmtes Gespr\u00e4ch nicht zusagt, k\u00f6nnen Sie sofort zum n\u00e4chsten Benutzer wechseln. Diese schnell wechselnde Erfahrung ahmt den s\u00fcchtig machenden, schnellen Stil nach, der Monkey und <a href=\"https:\/\/strangercam.com\/de\/omegle\/\">Omegle<\/a> beliebt.<\/p>\n<p>3. Text-Chat und Emojis<br \/>\nNeben Videos k\u00f6nnen Sie im Chat auch Textnachrichten und Emojis versenden. Dies ist ideal, um das Eis zu brechen, Witze zu erz\u00e4hlen oder bei Sprachbarrieren zu kommunizieren.<\/p>\n<p>4. Keine Registrierung oder Kontoerstellung<br \/>\nBei ChitChatTV dreht sich alles um Privatsph\u00e4re und Geschwindigkeit. Die Nutzer m\u00fcssen sich nicht registrieren oder pers\u00f6nliche Daten angeben, um mit dem Chatten zu beginnen, wodurch das Erlebnis anonym und problemlos bleibt.<\/p>\n<p>5. Mobile-First, Responsive Design<br \/>\nDie Plattform funktioniert nahtlos sowohl auf mobilen als auch auf Desktop-Browsern. Die Benutzeroberfl\u00e4che ist touch-optimiert, l\u00e4dt schnell und ist einfach zu navigieren - ideal f\u00fcr das Chatten unterwegs.<\/p>\n<p>6. Globale Reichweite und mehrsprachige Gemeinschaft<br \/>\nChitChatTV verbindet Menschen aus der ganzen Welt und macht es einfach, neue Freunde zu treffen, verschiedene Sprachen zu \u00fcben und eine Vielzahl von Kulturen in Echtzeit zu erleben.<\/p>\n<p>7. Sicherheits- und Moderationstools<br \/>\nDie Sicherheit der Nutzer wird durch eine Chat-Meldeschaltfl\u00e4che und Moderationssysteme (sowohl KI-gesteuert als auch von Menschen \u00fcberpr\u00fcft) unterst\u00fctzt, die darauf abzielen, unangemessenes Verhalten einzuschr\u00e4nken und die Plattform f\u00fcr alle einladend zu halten.<\/p>\n<h2>Ist ChitChatTV frei?<\/h2>\n<p>Ja, ChitChatTV kann v\u00f6llig kostenlos genutzt werden. Es gibt:<\/p>\n<ul>\n<li>Keine Paywalls, Abonnements oder Token<\/li>\n<li>Unbegrenzter Zugang zu Video- und Text-Chat<\/li>\n<li>Keine Notwendigkeit f\u00fcr Premium-Konten zum Freischalten von Funktionen<\/li>\n<\/ul>\n<p>Auch wenn gelegentlich nicht-intrusive Werbung zur Unterst\u00fctzung der Plattform eingeblendet wird, haben alle Nutzer den gleichen Zugang zum Haupt-Chat-Erlebnis.<\/p>\n<h2>Wer verwendet ChitChatTV?<\/h2>\n<p>Das Design und die Ausstrahlung des ChitChatTV ziehen ein breites internationales Publikum an:<\/p>\n<ul>\n<li>Altersgruppe: Haupts\u00e4chlich 18-30, aber Erwachsene jeden Alters nehmen teil<\/li>\n<li>Nutzerkreis: Studenten, junge Berufst\u00e4tige, Reisende, digitale Nomaden, Sprachsch\u00fcler und Gelegenheitschatter<\/li>\n<li>Standorte: Aktive Nutzerbasis in den Vereinigten Staaten, Gro\u00dfbritannien, Europa, Brasilien, Indien, S\u00fcdostasien und anderen L\u00e4ndern<\/li>\n<\/ul>\n<p>Menschen treten ChitChatTV aus einer Vielzahl von Gr\u00fcnden bei:<\/p>\n<ul>\n<li>Neue Freunde finden und ihren globalen sozialen Kreis erweitern<\/li>\n<li>Flirten oder gleichgesinnte Singles in einer sicheren Umgebung mit wenig Druck finden<\/li>\n<li>Sprachen \u00fcben oder etwas \u00fcber andere Kulturen lernen<\/li>\n<li>Sich die Zeit vertreiben, der Langeweile entfliehen oder echte Gespr\u00e4che suchen<\/li>\n<\/ul>\n<h2>Sicherheit, Datenschutz und Moderation<\/h2>\n<p>ChitChatTV ist sich bewusst, dass Datenschutz und Sicherheit f\u00fcr Videochat-Plattformen von entscheidender Bedeutung sind, und ergreift mehrere Ma\u00dfnahmen zum Schutz der Nutzer:<\/p>\n<h3>Datenschutz<\/h3>\n<ul>\n<li>Keine Konten, Anmeldungen oder pers\u00f6nlichen Daten erforderlich<\/li>\n<li>Chats werden nicht gespeichert oder \u00f6ffentlich gemacht<\/li>\n<li>Sie haben jederzeit die Kontrolle \u00fcber den Zugriff auf Ihre Webcam und Ihr Mikrofon<\/li>\n<\/ul>\n<h3>Moderation<\/h3>\n<ul>\n<li>Echtzeit-Berichterstattung im Chat: Einfaches Melden von unangemessenem Verhalten<\/li>\n<li>KI-basierte Erkennung: Filtert und blockiert bestimmte explizite Inhalte<\/li>\n<li>Menschliche Moderatoren: \u00dcberpr\u00fcfen Sie markierte Benutzer und setzen Sie die Community-Richtlinien durch.<\/li>\n<li>Schnelles Blockieren: Sofortiges \u00dcberspringen oder Blocken von Personen, die Ihnen Unbehagen bereiten<\/li>\n<\/ul>\n<h3>Benutzer-Tipps<\/h3>\n<ul>\n<li>Geben Sie niemals pers\u00f6nliche Daten wie den vollst\u00e4ndigen Namen, die Adresse oder Links zu sozialen Medien weiter.<\/li>\n<li>Verwenden Sie bei Bedarf die Schaltfl\u00e4chen \"Weiter\" und \"Bericht\".<\/li>\n<li>Beenden Sie jedes Gespr\u00e4ch, das sich unangenehm oder verd\u00e4chtig anf\u00fchlt<\/li>\n<\/ul>\n<p>ChitChatTV ist nur f\u00fcr Erwachsene (18+), und die Benutzer werden aufgefordert, die Interaktionen respektvoll und unbeschwert zu halten.<\/p>\n<h2>Benutzererfahrung und Design<\/h2>\n<p>ChitChatTV bietet eine moderne, einfache und intuitive Benutzeroberfl\u00e4che. Auf der Startseite finden Sie eine fettgedruckte Schaltfl\u00e4che \"Chat starten\" und klare Informationen \u00fcber Datenschutz und Regeln. Mit nur zwei Klicks sind Sie live in einem privaten Chat.<\/p>\n<p>H\u00f6hepunkte:<\/p>\n<ul>\n<li>Schnelles Laden und nahezu sofortiger Abgleich<\/li>\n<li>Gro\u00dfe, klare Videofenster f\u00fcr einfache Gespr\u00e4che von Angesicht zu Angesicht<\/li>\n<li>Reibungslose Steuerung zum Stummschalten, \u00dcberspringen, Melden und Beenden von Chats<\/li>\n<li>Sauberes, werbefreies Layout ohne Pop-ups oder Unordnung<\/li>\n<li>Starke mobile Kompatibilit\u00e4t f\u00fcr Chats \u00fcberall und jederzeit<\/li>\n<\/ul>\n<p>Im Vergleich zu herk\u00f6mmlichen Chatseiten wirkt ChitChatTV leichter, schneller und ansprechender - vor allem f\u00fcr j\u00fcngere, mobil-affine Zielgruppen.<\/p>\n<h2>ChitChatTV im Vergleich zu anderen Video-Chat-Plattformen<\/h2>\n<p>Wie schneidet ChitChatTV im Vergleich zu den f\u00fchrenden Videochat-Anwendungen im Jahr 2025 ab?<\/p>\n<table>\n<thead>\n<tr>\n<th>Merkmal<\/th>\n<th>ChitChatTV<\/th>\n<th>Affe<\/th>\n<th>Azar<\/th>\n<th>OmeTV<\/th>\n<th>Chaty<\/th>\n<\/tr>\n<\/thead>\n<tbody>\n<tr>\n<td>Random Video Chat mit Fremden<\/td>\n<td>Ja<\/td>\n<td>Ja<\/td>\n<td>Ja<\/td>\n<td>Ja<\/td>\n<td>Ja<\/td>\n<\/tr>\n<tr>\n<td>Text-Chat-Option<\/td>\n<td>Ja<\/td>\n<td>Ja<\/td>\n<td>Ja<\/td>\n<td>Ja<\/td>\n<td>Ja<\/td>\n<\/tr>\n<tr>\n<td>Registrierung erforderlich<\/td>\n<td>Nein<\/td>\n<td>Ja<\/td>\n<td>Ja<\/td>\n<td>Nein<\/td>\n<td>Nein<\/td>\n<\/tr>\n<tr>\n<td>Mobilfreundlich<\/td>\n<td>Ausgezeichnet<\/td>\n<td>Ausgezeichnet<\/td>\n<td>Ausgezeichnet<\/td>\n<td>Gut<\/td>\n<td>Ausgezeichnet<\/td>\n<\/tr>\n<tr>\n<td>Geschlecht\/Region-Filter<\/td>\n<td>Nein<\/td>\n<td>Nein<\/td>\n<td>Bezahlt<\/td>\n<td>Bezahlt<\/td>\n<td>Nein<\/td>\n<\/tr>\n<tr>\n<td>Frei zu verwenden<\/td>\n<td>Ja<\/td>\n<td>Ja<\/td>\n<td>Ja\/Bezahlt<\/td>\n<td>Ja\/Bezahlt<\/td>\n<td>Ja<\/td>\n<\/tr>\n<tr>\n<td>Moderation\/Berichterstattung<\/td>\n<td>Gut<\/td>\n<td>M\u00e4\u00dfig<\/td>\n<td>Gut<\/td>\n<td>Stark<\/td>\n<td>M\u00e4\u00dfig<\/td>\n<\/tr>\n<\/tbody>\n<\/table>\n<p>Fazit: ChitChatTV kommt der spontanen, schnellen Stimmung von Monkey und Azar sehr nahe, hebt sich aber durch seine wirklich anonyme, nicht registrierungspflichtige Herangehensweise und den hervorragenden mobilen Support ab.<\/p>\n<h2>Pro und Kontra<\/h2>\n<p>Vorteile:<\/p>\n<ul>\n<li>100% kostenlos und zug\u00e4nglich - keine Anmeldung oder App erforderlich<\/li>\n<li>Schneller, anonymer Abgleich f\u00fcr globale Eins-zu-Eins-Videochats<\/li>\n<li>Moderne, f\u00fcr Mobilger\u00e4te optimierte Oberfl\u00e4che<\/li>\n<li>Einfacher Text-Chat und Emoji-Unterst\u00fctzung<\/li>\n<li>Robuste Sicherheits-, Berichts- und Moderationswerkzeuge<\/li>\n<li>Benutzer aus der ganzen Welt willkommen zu hei\u00dfen<\/li>\n<\/ul>\n<p>Nachteile:<\/p>\n<ul>\n<li>Keine Filter f\u00fcr Geschlecht oder Region (\u00dcbereinstimmungen sind v\u00f6llig zuf\u00e4llig)<\/li>\n<li>Gelegentliches unangemessenes Verhalten, trotz M\u00e4\u00dfigung<\/li>\n<li>Mehr m\u00e4nnliche als weibliche Nutzer (\u00fcblich in dieser Nische)<\/li>\n<li>Keine Profile, Freundeslisten oder die M\u00f6glichkeit, sich wieder zu verbinden<\/li>\n<li>Nur f\u00fcr Erwachsene (18+)<\/li>\n<\/ul>\n<h2>Ideale Anwendungsf\u00e4lle<\/h2>\n<p>ChitChatTV ist ideal f\u00fcr:<\/p>\n<ul>\n<li>Fans von Monkey, OmeTV und Azar, die ein neues, anonymes Videochaterlebnis suchen<\/li>\n<li>Junge Erwachsene und Studenten, die ihr globales soziales Netzwerk erweitern m\u00f6chten<\/li>\n<li>Sprachsch\u00fcler, Reisende und Auswanderer, die einen spontanen kulturellen Austausch suchen<\/li>\n<li>Jeder, der sich die Zeit vertreiben, Freundschaften schlie\u00dfen oder einen Flirtpartner in einer sicheren Umgebung finden m\u00f6chte<\/li>\n<\/ul>\n<p>Es ist weniger ideal f\u00fcr:<\/p>\n<ul>\n<li>Nutzer unter 18 Jahren (strenge Altersvoraussetzung)<\/li>\n<li>Diejenigen, die nach dating-spezifischen Filtern, \u00dcbereinstimmungen oder langfristigen Beziehungen suchen<\/li>\n<li>Menschen f\u00fchlen sich unwohl bei ungeschriebener Live-Video-Interaktion<\/li>\n<\/ul>\n<p>ChitChatTV ist eine moderne, benutzerfreundliche Alternative zu den beliebtesten Video-Chat-Plattformen, die schnelle, anonyme und globale Verbindungen f\u00fcr die n\u00e4chste Generation von Online-Chattern bietet. Mit seiner \u00fcbersichtlichen Benutzeroberfl\u00e4che, dem Design f\u00fcr mobile Endger\u00e4te und dem Engagement f\u00fcr den Schutz der Privatsph\u00e4re der Nutzer f\u00e4ngt ChitChatTV den Reiz des klassischen Chats ein. <a href=\"https:\/\/strangercam.com\/de\/chatroulette\/\">roulette<\/a> aber mit einem sichereren, frischeren Gef\u00fchl f\u00fcr das Jahr 2025.<\/p>\n<p>Wenn Sie bereit sind, neue Gesichter zu entdecken, Freundschaften zu schlie\u00dfen oder einfach nur Spa\u00df daran zu haben, mit Fremden auf der ganzen Welt zu sprechen, ist ChitChatTV einen Versuch wert - keine Anmeldung, kein \u00c4rger, nur Live-Unterhaltung.<\/p>","protected":false},"excerpt":{"rendered":"<p>With the rise (and sometimes fall) of popular video chat apps like Monkey, Azar, and OmeTV, the online chat scene has never been more competitive\u2014or more innovative. ChitChatTV is a new contender in the random video chat space, promising instant, global, one-on-one connections and a lively, mobile-friendly experience that appeals to the TikTok generation and [&hellip;]<\/p>\n","protected":false},"author":6,"featured_media":0,"parent":0,"menu_order":0,"comment_status":"closed","ping_status":"closed","template":"","meta":{"footnotes":""},"class_list":["post-12939","page","type-page","status-publish","hentry"],"yoast_head":"<!-- This site is optimized with the Yoast SEO plugin v27.4 - https:\/\/yoast.com\/product\/yoast-seo-wordpress\/ -->\n<title>ChitChatTV - ChitChat Video Chat - StrangerCam<\/title>\n<meta name=\"description\" content=\"Like ChitChatTV? Come chat with more than 5.000.000 strangers on Stranger Cam for Free! Turn on your cam and find new friends &amp; maby a match!\" \/>\n<meta name=\"robots\" content=\"index, follow, max-snippet:-1, max-image-preview:large, max-video-preview:-1\" \/>\n<link rel=\"canonical\" href=\"https:\/\/strangercam.com\/de\/chitchattv\/\" \/>\n<meta property=\"og:locale\" content=\"de_DE\" \/>\n<meta property=\"og:type\" content=\"article\" \/>\n<meta property=\"og:title\" content=\"ChitChatTV - ChitChat Video Chat - StrangerCam\" \/>\n<meta property=\"og:description\" content=\"Like ChitChatTV? Come chat with more than 5.000.000 strangers on Stranger Cam for Free! Turn on your cam and find new friends &amp; maby a match!\" \/>\n<meta property=\"og:url\" content=\"https:\/\/strangercam.com\/de\/chitchattv\/\" \/>\n<meta property=\"og:site_name\" content=\"Strangercam\" \/>\n<meta property=\"article:publisher\" content=\"https:\/\/www.facebook.com\/strangercam\" \/>\n<meta property=\"og:image\" content=\"https:\/\/strangercam.com\/wp-content\/uploads\/2021\/10\/Untitled-2.png\" \/>\n\t<meta property=\"og:image:width\" content=\"800\" \/>\n\t<meta property=\"og:image:height\" content=\"532\" \/>\n\t<meta property=\"og:image:type\" content=\"image\/png\" \/>\n<meta name=\"twitter:card\" content=\"summary_large_image\" \/>\n<meta name=\"twitter:site\" content=\"@strangercamapp\" \/>\n<meta name=\"twitter:label1\" content=\"Gesch\u00e4tzte Lesezeit\" \/>\n\t<meta name=\"twitter:data1\" content=\"6\u00a0Minuten\" \/>\n<script type=\"application\/ld+json\" class=\"yoast-schema-graph\">{\"@context\":\"https:\\\/\\\/schema.org\",\"@graph\":[{\"@type\":\"WebPage\",\"@id\":\"https:\\\/\\\/strangercam.com\\\/chitchattv\\\/\",\"url\":\"https:\\\/\\\/strangercam.com\\\/chitchattv\\\/\",\"name\":\"ChitChatTV - ChitChat Video Chat - StrangerCam\",\"isPartOf\":{\"@id\":\"https:\\\/\\\/strangercam.com\\\/#website\"},\"datePublished\":\"2025-07-28T09:00:18+00:00\",\"description\":\"Like ChitChatTV? Come chat with more than 5.000.000 strangers on Stranger Cam for Free! Turn on your cam and find new friends & maby a match!\",\"breadcrumb\":{\"@id\":\"https:\\\/\\\/strangercam.com\\\/chitchattv\\\/#breadcrumb\"},\"inLanguage\":\"de\",\"potentialAction\":[{\"@type\":\"ReadAction\",\"target\":[\"https:\\\/\\\/strangercam.com\\\/chitchattv\\\/\"]}]},{\"@type\":\"BreadcrumbList\",\"@id\":\"https:\\\/\\\/strangercam.com\\\/chitchattv\\\/#breadcrumb\",\"itemListElement\":[{\"@type\":\"ListItem\",\"position\":1,\"name\":\"Home\",\"item\":\"https:\\\/\\\/strangercam.com\\\/\"},{\"@type\":\"ListItem\",\"position\":2,\"name\":\"ChitChatTV\"}]},{\"@type\":\"WebSite\",\"@id\":\"https:\\\/\\\/strangercam.com\\\/#website\",\"url\":\"https:\\\/\\\/strangercam.com\\\/\",\"name\":\"Strangercam\",\"description\":\"Random Video Chat with Strangers\",\"publisher\":{\"@id\":\"https:\\\/\\\/strangercam.com\\\/#organization\"},\"alternateName\":\"Strangercam.com\",\"potentialAction\":[{\"@type\":\"SearchAction\",\"target\":{\"@type\":\"EntryPoint\",\"urlTemplate\":\"https:\\\/\\\/strangercam.com\\\/?s={search_term_string}\"},\"query-input\":{\"@type\":\"PropertyValueSpecification\",\"valueRequired\":true,\"valueName\":\"search_term_string\"}}],\"inLanguage\":\"de\"},{\"@type\":\"Organization\",\"@id\":\"https:\\\/\\\/strangercam.com\\\/#organization\",\"name\":\"Strangercam\",\"alternateName\":\"Strangercam.com\",\"url\":\"https:\\\/\\\/strangercam.com\\\/\",\"logo\":{\"@type\":\"ImageObject\",\"inLanguage\":\"de\",\"@id\":\"https:\\\/\\\/strangercam.com\\\/#\\\/schema\\\/logo\\\/image\\\/\",\"url\":\"https:\\\/\\\/strangercam.com\\\/wp-content\\\/uploads\\\/2020\\\/11\\\/cropped-new-favicon-black.png\",\"contentUrl\":\"https:\\\/\\\/strangercam.com\\\/wp-content\\\/uploads\\\/2020\\\/11\\\/cropped-new-favicon-black.png\",\"width\":512,\"height\":512,\"caption\":\"Strangercam\"},\"image\":{\"@id\":\"https:\\\/\\\/strangercam.com\\\/#\\\/schema\\\/logo\\\/image\\\/\"},\"sameAs\":[\"https:\\\/\\\/www.facebook.com\\\/strangercam\",\"https:\\\/\\\/x.com\\\/strangercamapp\"]}]}<\/script>\n<!-- \/ Yoast SEO plugin. -->","yoast_head_json":{"title":"ChitChatTV - ChitChat Video Chat - StrangerCam","description":"Gef\u00e4llt dir ChitChatTV? Komm und chatte mit mehr als 5.000.000 Fremden auf Stranger Cam - kostenlos! Schalte deine Kamera ein und finde neue Freunde und vielleicht einen Partner!","robots":{"index":"index","follow":"follow","max-snippet":"max-snippet:-1","max-image-preview":"max-image-preview:large","max-video-preview":"max-video-preview:-1"},"canonical":"https:\/\/strangercam.com\/de\/chitchattv\/","og_locale":"de_DE","og_type":"article","og_title":"ChitChatTV - ChitChat Video Chat - StrangerCam","og_description":"Like ChitChatTV? Come chat with more than 5.000.000 strangers on Stranger Cam for Free! Turn on your cam and find new friends & maby a match!","og_url":"https:\/\/strangercam.com\/de\/chitchattv\/","og_site_name":"Strangercam","article_publisher":"https:\/\/www.facebook.com\/strangercam","og_image":[{"width":800,"height":532,"url":"https:\/\/strangercam.com\/wp-content\/uploads\/2021\/10\/Untitled-2.png","type":"image\/png"}],"twitter_card":"summary_large_image","twitter_site":"@strangercamapp","twitter_misc":{"Gesch\u00e4tzte Lesezeit":"6\u00a0Minuten"},"schema":{"@context":"https:\/\/schema.org","@graph":[{"@type":"WebPage","@id":"https:\/\/strangercam.com\/chitchattv\/","url":"https:\/\/strangercam.com\/chitchattv\/","name":"ChitChatTV - ChitChat Video Chat - StrangerCam","isPartOf":{"@id":"https:\/\/strangercam.com\/#website"},"datePublished":"2025-07-28T09:00:18+00:00","description":"Gef\u00e4llt dir ChitChatTV? Komm und chatte mit mehr als 5.000.000 Fremden auf Stranger Cam - kostenlos! Schalte deine Kamera ein und finde neue Freunde und vielleicht einen Partner!","breadcrumb":{"@id":"https:\/\/strangercam.com\/chitchattv\/#breadcrumb"},"inLanguage":"de","potentialAction":[{"@type":"ReadAction","target":["https:\/\/strangercam.com\/chitchattv\/"]}]},{"@type":"BreadcrumbList","@id":"https:\/\/strangercam.com\/chitchattv\/#breadcrumb","itemListElement":[{"@type":"ListItem","position":1,"name":"Home","item":"https:\/\/strangercam.com\/"},{"@type":"ListItem","position":2,"name":"ChitChatTV"}]},{"@type":"WebSite","@id":"https:\/\/strangercam.com\/#website","url":"https:\/\/strangercam.com\/","name":"Strangercam","description":"Zuf\u00e4lliger Video-Chat mit Fremden","publisher":{"@id":"https:\/\/strangercam.com\/#organization"},"alternateName":"Strangercam.com","potentialAction":[{"@type":"SearchAction","target":{"@type":"EntryPoint","urlTemplate":"https:\/\/strangercam.com\/?s={search_term_string}"},"query-input":{"@type":"PropertyValueSpecification","valueRequired":true,"valueName":"search_term_string"}}],"inLanguage":"de"},{"@type":"Organization","@id":"https:\/\/strangercam.com\/#organization","name":"Strangercam","alternateName":"Strangercam.com","url":"https:\/\/strangercam.com\/","logo":{"@type":"ImageObject","inLanguage":"de","@id":"https:\/\/strangercam.com\/#\/schema\/logo\/image\/","url":"https:\/\/strangercam.com\/wp-content\/uploads\/2020\/11\/cropped-new-favicon-black.png","contentUrl":"https:\/\/strangercam.com\/wp-content\/uploads\/2020\/11\/cropped-new-favicon-black.png","width":512,"height":512,"caption":"Strangercam"},"image":{"@id":"https:\/\/strangercam.com\/#\/schema\/logo\/image\/"},"sameAs":["https:\/\/www.facebook.com\/strangercam","https:\/\/x.com\/strangercamapp"]}]}},"_links":{"self":[{"href":"https:\/\/strangercam.com\/de\/wp-json\/wp\/v2\/pages\/12939","targetHints":{"allow":["GET"]}}],"collection":[{"href":"https:\/\/strangercam.com\/de\/wp-json\/wp\/v2\/pages"}],"about":[{"href":"https:\/\/strangercam.com\/de\/wp-json\/wp\/v2\/types\/page"}],"author":[{"embeddable":true,"href":"https:\/\/strangercam.com\/de\/wp-json\/wp\/v2\/users\/6"}],"replies":[{"embeddable":true,"href":"https:\/\/strangercam.com\/de\/wp-json\/wp\/v2\/comments?post=12939"}],"version-history":[{"count":2,"href":"https:\/\/strangercam.com\/de\/wp-json\/wp\/v2\/pages\/12939\/revisions"}],"predecessor-version":[{"id":12941,"href":"https:\/\/strangercam.com\/de\/wp-json\/wp\/v2\/pages\/12939\/revisions\/12941"}],"wp:attachment":[{"href":"https:\/\/strangercam.com\/de\/wp-json\/wp\/v2\/media?parent=12939"}],"curies":[{"name":"wp","href":"https:\/\/api.w.org\/{rel}","templated":true}]}}