{"id":12911,"date":"2025-07-14T13:50:19","date_gmt":"2025-07-14T11:50:19","guid":{"rendered":"https:\/\/strangercam.com\/?page_id=12911"},"modified":"2025-07-14T13:50:34","modified_gmt":"2025-07-14T11:50:34","slug":"onlinefreechat","status":"publish","type":"page","link":"https:\/\/strangercam.com\/de\/onlinefreechat\/","title":{"rendered":"OnlineFreeChat"},"content":{"rendered":"<p>In einem digitalen Zeitalter, das von sozialen Netzwerken und Instant-Messaging-Apps beherrscht wird, sind traditionelle <a href=\"https:\/\/strangercam.com\/de\/chatroulette\/\">Chat<\/a> R\u00e4ume haben ein \u00fcberraschendes Comeback erlebt. Angef\u00fchrt wird diese Renaissance von OnlineFreeChat, einer modernen Chat-Plattform, die kostenlose, leicht zug\u00e4ngliche Live-Chat-R\u00e4ume f\u00fcr alle bietet, die <a href=\"https:\/\/strangercam.com\/de\/coomeet\/\">treffen<\/a> neue Leute kennenlernen, Freundschaften schlie\u00dfen oder spontane Online-Unterhaltungen f\u00fchren - ohne Registrierung oder Downloads.<\/p>\n<p>Aber wie hebt sich OnlineFreeChat von der Konkurrenz ab? Ist es wirklich kostenlos, ist es sicher, und f\u00fcr wen ist es am besten geeignet? In diesem ausf\u00fchrlichen Testbericht gehen wir auf die Funktionen, das Benutzererlebnis und die Community von OnlineFreeChat ein, damit Sie entscheiden k\u00f6nnen, ob es der richtige Ort ist, um Ihr n\u00e4chstes Online-Gespr\u00e4ch zu beginnen.<\/p>\n<h2>Was ist OnlineFreeChat?<\/h2>\n<p>OnlineFreeChat ist eine browserbasierte Chat-Plattform mit einer gro\u00dfen Auswahl an thematischen Live-Chat-R\u00e4umen und Einzel-Chat-Optionen. Im Gegensatz zu vielen modernen Apps, die eine Anmeldung oder App-Installation erfordern, bietet OnlineFreeChat einen sofortigen Zugang - besuchen Sie einfach die Website, w\u00e4hlen Sie einen Raum und beginnen Sie mit Menschen aus der ganzen Welt zu chatten.<\/p>\n<p>Die Plattform erinnert an die goldene \u00c4ra der klassischen Chatr\u00e4ume, aktualisiert aber die Erfahrung f\u00fcr 2025 mit einer modernen, sauberen Schnittstelle und einem Fokus auf Benutzersicherheit und -freundlichkeit. Egal, ob Sie einem belebten \u00f6ffentlichen Raum beitreten oder einen privaten Chat starten m\u00f6chten, OnlineFreeChat macht es einfach und zug\u00e4nglich.<\/p>\n<h2>Was ist der Zweck von OnlineFreeChat?<\/h2>\n<p>OnlineFreeChat zielt darauf ab, das Erlebnis eines offenen Chatrooms wiederzubeleben und zu modernisieren - einen Raum zu schaffen, in dem jeder an Unterhaltungen \u00fcber eine Vielzahl von Themen teilnehmen, Freundschaften schlie\u00dfen und Live-Interaktion ohne Barrieren genie\u00dfen kann.<\/p>\n<p>Die wichtigsten Ziele sind:<\/p>\n<ul>\n<li>Verbinden Sie Menschen auf der ganzen Welt in Echtzeit-Gruppen-Chatr\u00e4umen<\/li>\n<li>Bieten Sie sichere, moderierte R\u00e4ume f\u00fcr Gespr\u00e4che und Geselligkeit<\/li>\n<li>Erm\u00f6glichen Sie sofortige Chaterlebnisse ohne Registrierung f\u00fcr alle Benutzer<\/li>\n<li>Bieten Sie eine flexible Alternative zu sozialen Medien und Instant Messaging<\/li>\n<\/ul>\n<p>Egal, ob du \u00fcber Hobbys, das Leben, Beziehungen oder Reisen plaudern oder einfach nur Spa\u00df haben und neue Leute kennenlernen m\u00f6chtest, OnlineFreeChat bietet dir eine einfache und einladende M\u00f6glichkeit, dies zu tun.<\/p>\n<h2>Wesentliche Merkmale<\/h2>\n<p>1. \u00d6ffentliche Live-Chatr\u00e4ume<br \/>\nDas Hauptmerkmal von OnlineFreeChat ist sein Angebot an Live-Gruppen-Chatr\u00e4umen. Diese R\u00e4ume sind nach Themen oder Interessen geordnet, wie z. B. allgemeiner Chat, Freundschaft, Spiele, lokaler Chat, Musik und mehr. Benutzer k\u00f6nnen jedem Raum beitreten, an laufenden Unterhaltungen teilnehmen oder einfach nur zuschauen, bis sie bereit sind, mitzumachen.<\/p>\n<p>2. Private Chats unter vier Augen<br \/>\nNeben den \u00f6ffentlichen R\u00e4umen k\u00f6nnen die Nutzer auch private Unterhaltungen mit anderen Mitgliedern beginnen. Diese Funktion erm\u00f6glicht eine pers\u00f6nlichere Interaktion und l\u00e4sst Sie nahtlos von Gruppendiskussionen zu direkten Chats \u00fcbergehen.<\/p>\n<p>3. Keine Registrierung erforderlich<br \/>\nEiner der attraktivsten Aspekte von OnlineFreeChat ist, dass Sie mit dem Chatten beginnen k\u00f6nnen, ohne ein Konto zu erstellen. W\u00e4hlen Sie einen Nickname und einen Raum aus, und schon sind Sie Teil der Unterhaltung.<\/p>\n<p>4. Multi-Device-Kompatibilit\u00e4t<br \/>\nDie Plattform funktioniert sowohl auf Desktop- als auch auf mobilen Browsern reibungslos. Das responsive Design stellt sicher, dass Sie an Chatr\u00e4umen auf Ihrem Telefon, Tablet oder Laptop teilnehmen k\u00f6nnen, ohne etwas zu installieren.<\/p>\n<p>5. Freundliche, moderne Schnittstelle<br \/>\nOnlineFreeChat verf\u00fcgt \u00fcber eine einfache, benutzerfreundliche Oberfl\u00e4che. Die Nachrichten sind klar und deutlich, die Chat-R\u00e4ume sind leicht zu durchsuchen, und die Steuerelemente zum Stummschalten, Blockieren oder Melden von Benutzern sind jederzeit zug\u00e4nglich.<\/p>\n<p>6. Benutzer-Moderation und Sicherheits-Tools<br \/>\nDie Website verf\u00fcgt \u00fcber Moderatoren und Meldefunktionen, um ein positives Umfeld zu schaffen. Die Benutzer k\u00f6nnen jeden, der gegen die Chat-Richtlinien verst\u00f6\u00dft, schnell blockieren oder melden und so dazu beitragen, dass die Unterhaltungen respektvoll und angenehm bleiben.<\/p>\n<p>7. Breite Palette von Chat-Themen<br \/>\nMit Dutzenden von Themenr\u00e4umen und regelm\u00e4\u00dfigen Aktualisierungen finden Sie R\u00e4ume zu fast jedem Thema - so k\u00f6nnen Sie leicht gleichgesinnte Chatpartner finden oder neue Interessen entdecken.<\/p>\n<h2>Ist OnlineFreeChat kostenlos?<\/h2>\n<p>Ja, OnlineFreeChat ist 100% kostenlos zu nutzen. Alle Hauptfunktionen - einschlie\u00dflich des Beitritts zu \u00f6ffentlichen R\u00e4umen, privater Nachrichten\u00fcbermittlung und der Verwendung von Sicherheitstools - sind ohne Bezahlung zug\u00e4nglich. Das sind:<\/p>\n<ul>\n<li>Keine Abonnementgeb\u00fchren<\/li>\n<li>Keine Premium-Konten<\/li>\n<li>Keine versteckten Kosten<\/li>\n<\/ul>\n<p>Zur Unterst\u00fctzung der Plattform kann leichte Werbung eingeblendet werden, die jedoch nicht aufdringlich ist und das Chat-Erlebnis nicht beeintr\u00e4chtigt.<\/p>\n<h2>Wer nutzt OnlineFreeChat?<\/h2>\n<p>OnlineFreeChat zieht ein vielf\u00e4ltiges, internationales Publikum an. Zu den Nutzern geh\u00f6ren:<\/p>\n<ul>\n<li>Erwachsene aller Altersgruppen, in der Regel 18-40<\/li>\n<li>Menschen aus Nordamerika, Europa, Indien, S\u00fcdostasien und Lateinamerika<\/li>\n<li>Studenten, Berufst\u00e4tige, Reisende und alle, die zwanglose Online-Unterhaltung suchen<\/li>\n<\/ul>\n<p>Zu den h\u00e4ufigsten Gr\u00fcnden f\u00fcr die Nutzung von OnlineFreeChat geh\u00f6ren:<\/p>\n<ul>\n<li>Neue Freunde finden oder ihren sozialen Kreis erweitern<\/li>\n<li>Die Zeit vertreiben und der Langeweile entkommen<\/li>\n<li>Gespr\u00e4che \u00fcber Hobbys, Musik, Filme und das t\u00e4gliche Leben<\/li>\n<li>Suche nach freundschaftlichem Rat oder Erfahrungsaustausch in einer unterst\u00fctzenden Gruppe<\/li>\n<\/ul>\n<p>Die Vielfalt der Chatr\u00e4ume auf der Plattform gew\u00e4hrleistet, dass jeder - vom sch\u00fcchternen Neuling bis zum erfahrenen Chatter - einen Raum findet, in dem er sich wohl f\u00fchlt.<\/p>\n<h2>Sicherheit, Datenschutz und Moderation<\/h2>\n<p>OnlineFreeChat verpflichtet sich, eine sichere und respektvolle Umgebung f\u00fcr alle Benutzer zu schaffen. Hier erfahren Sie, wie es Ihre Privatsph\u00e4re sch\u00fctzt und die Sicherheit der Nutzer unterst\u00fctzt:<\/p>\n<h3>Datenschutz<\/h3>\n<ul>\n<li>Keine Registrierung oder pers\u00f6nliche Informationen erforderlich<\/li>\n<li>Benutzer w\u00e4hlen Spitznamen; echte Namen sind nicht erforderlich<\/li>\n<li>Chats sind nicht \u00f6ffentlich archiviert oder durchsuchbar<\/li>\n<\/ul>\n<h3>Moderation<\/h3>\n<ul>\n<li>Aktive menschliche Moderatoren betreuen die am st\u00e4rksten frequentierten R\u00e4ume<\/li>\n<li>Berichts- und Blockierfunktionen im Zimmer sind 24\/7 verf\u00fcgbar<\/li>\n<li>Richtlinien verbieten Bel\u00e4stigung, Spam und unangemessenes Verhalten<\/li>\n<li>Wiederholungst\u00e4ter werden von der Plattform ausgeschlossen<\/li>\n<\/ul>\n<h3>Benutzersteuerung<\/h3>\n<ul>\n<li>Sofortiges Blockieren oder Stummschalten von Benutzern, die den Chat st\u00f6ren<\/li>\n<li>W\u00e4hlen Sie, ob Sie in \u00f6ffentlichen R\u00e4umen bleiben oder zu privaten Gespr\u00e4chen \u00fcbergehen m\u00f6chten<\/li>\n<li>Nicknames \u00e4ndern oder R\u00e4ume wechseln<\/li>\n<\/ul>\n<p>Zwar kann kein offener Chat-Raum eine perfekte Erfahrung garantieren, aber die Kombination aus Moderation und Benutzer-Tools macht OnlineFreeChat sicherer als die meisten klassischen Chat-Plattformen.<\/p>\n<h2>Benutzererfahrung und Design<\/h2>\n<p>OnlineFreeChat ist f\u00fcr schnelles, reibungsloses Chatten konzipiert:<\/p>\n<ul>\n<li>Homepage l\u00e4dt schnell mit \u00fcbersichtlichen Raumkategorien<\/li>\n<li>Mit einem Klick einem Raum beitreten und direkt in ein Gespr\u00e4ch einsteigen<\/li>\n<li>Nachrichten erscheinen sofort und ohne Verz\u00f6gerung, selbst in belebten R\u00e4umen<\/li>\n<li>Mobilfreundliches Layout passt sich an kleinere Bildschirme an und erm\u00f6glicht so das Chatten unterwegs<\/li>\n<li>Die Steuerelemente f\u00fcr Benachrichtigungen, Sperrungen und Berichte sind intuitiv.<\/li>\n<\/ul>\n<p>Das Design der Website betont die Gemeinschaft und die Zug\u00e4nglichkeit und macht es jedem leicht, sich zu beteiligen, unabh\u00e4ngig von seiner technischen Erfahrung.<\/p>\n<h2>OnlineFreeChat im Vergleich zu anderen Chatroom-Plattformen<\/h2>\n<p>Wie schneidet OnlineFreeChat im Vergleich zu anderen f\u00fchrenden Live-Chatroom-Websites ab?<\/p>\n<table>\n<thead>\n<tr>\n<th>Merkmal<\/th>\n<th>OnlineFreeChat<\/th>\n<th><a href=\"https:\/\/strangercam.com\/de\/chat-avenue\/\">Chat Avenue<\/a><\/th>\n<th>Chatib<\/th>\n<th><a href=\"https:\/\/strangercam.com\/de\/chatzy\/\">Chatzy<\/a><\/th>\n<th>Wireclub<\/th>\n<\/tr>\n<\/thead>\n<tbody>\n<tr>\n<td>Freier Zugang<\/td>\n<td>Ja<\/td>\n<td>Ja<\/td>\n<td>Ja<\/td>\n<td>Ja<\/td>\n<td>Ja<\/td>\n<\/tr>\n<tr>\n<td>Keine Registrierung erforderlich<\/td>\n<td>Ja<\/td>\n<td>Nein<\/td>\n<td>Ja<\/td>\n<td>Ja<\/td>\n<td>Nein<\/td>\n<\/tr>\n<tr>\n<td>Thematische Chat-R\u00e4ume<\/td>\n<td>Ja<\/td>\n<td>Ja<\/td>\n<td>Ja<\/td>\n<td>Nein<\/td>\n<td>Ja<\/td>\n<\/tr>\n<tr>\n<td>Private Nachrichten\u00fcbermittlung<\/td>\n<td>Ja<\/td>\n<td>Ja<\/td>\n<td>Ja<\/td>\n<td>Ja<\/td>\n<td>Ja<\/td>\n<\/tr>\n<tr>\n<td>Mobile Unterst\u00fctzung<\/td>\n<td>Ausgezeichnet<\/td>\n<td>Gut<\/td>\n<td>Gut<\/td>\n<td>Gut<\/td>\n<td>Gut<\/td>\n<\/tr>\n<tr>\n<td>Moderations-Tools<\/td>\n<td>Stark<\/td>\n<td>M\u00e4\u00dfig<\/td>\n<td>M\u00e4\u00dfig<\/td>\n<td>M\u00e4\u00dfig<\/td>\n<td>Stark<\/td>\n<\/tr>\n<tr>\n<td>Anzeigen<\/td>\n<td>Minimal<\/td>\n<td>Ja<\/td>\n<td>Ja<\/td>\n<td>Minimal<\/td>\n<td>Ja<\/td>\n<\/tr>\n<\/tbody>\n<\/table>\n<p>Zusammenfassung: OnlineFreeChat zeichnet sich durch seine saubere Benutzeroberfl\u00e4che, den sofortigen Zugang und die gro\u00dfe Auswahl an thematischen Chatr\u00e4umen aus. Es entspricht oder \u00fcbertrifft die Konkurrenten in Bezug auf Benutzersicherheit und mobile Kompatibilit\u00e4t, mit dem zus\u00e4tzlichen Vorteil, dass keine Anmeldung erforderlich ist.<\/p>\n<h2>Pro und Kontra<\/h2>\n<p>Vorteile:<\/p>\n<ul>\n<li>100% kostenlos mit Sofortzugang<\/li>\n<li>Keine Registrierung oder Downloads erforderlich<\/li>\n<li>Gro\u00dfe Auswahl an thematischen Live-Chatr\u00e4umen<\/li>\n<li>Benutzerfreundlich auf Desktop und Handy<\/li>\n<li>Aktive Moderation und einfach zu bedienende Berichtswerkzeuge<\/li>\n<li>Private Chat-Optionen f\u00fcr Gespr\u00e4che unter vier Augen<\/li>\n<\/ul>\n<p>Nachteile:<\/p>\n<ul>\n<li>Kein Video-Chat oder <a href=\"https:\/\/strangercam.com\/de\/bazoocam\/\">Nocken<\/a> Merkmale (nur textbasiert)<\/li>\n<li>Einige Benutzer k\u00f6nnen die Verbindung unterbrechen oder R\u00e4ume schnell verlassen<\/li>\n<li>Gelegentlich st\u00f6rende Nutzer, trotz Moderation<\/li>\n<li>Keine langfristigen Profile oder Freundeslisten<\/li>\n<\/ul>\n<h2>Ideale Anwendungsf\u00e4lle<\/h2>\n<p>OnlineFreeChat ist ideal f\u00fcr:<\/p>\n<ul>\n<li>Jeder, der eine sichere, kostenlose und einfache M\u00f6glichkeit sucht, online zu chatten<\/li>\n<li>Nutzer, die gerne themenbezogene Gruppendiskussionen f\u00fchren oder neue Leute kennenlernen<\/li>\n<li>Menschen, die nach Alternativen zu sozialen Medien und Instant-Messaging-Apps suchen<\/li>\n<li>Reisende, Auswanderer und Sprachsch\u00fcler, die Echtzeit-Interaktion w\u00fcnschen<\/li>\n<li>Personen, die Anonymit\u00e4t und Privatsph\u00e4re in Online-Gespr\u00e4chen bevorzugen<\/li>\n<\/ul>\n<p>Es k\u00f6nnte weniger ideal sein f\u00fcr:<\/p>\n<ul>\n<li>Diejenigen, die speziell nach Video-Chat-Erfahrungen suchen<\/li>\n<li>Nutzer unter 18 Jahren (die Plattform ist f\u00fcr Erwachsene)<\/li>\n<li>Menschen, die erweiterte Dating- oder Matching-Funktionen suchen<\/li>\n<\/ul>\n<h2>Endg\u00fcltiges Urteil<\/h2>\n<p>OnlineFreeChat ist eine der besten Live-Chatroom-Plattformen im Jahr 2025, die die Zug\u00e4nglichkeit klassischer Chatrooms mit modernen Sicherheits- und Benutzerfreundlichkeitsfunktionen kombiniert. Der sofortige Zugang, die gro\u00dfe Auswahl an Themen und die freundliche, moderierte Umgebung machen es zu einer Top-Wahl f\u00fcr alle, die online chatten, Freundschaften schlie\u00dfen oder einfach Spa\u00df haben wollen.<\/p>\n<p>Wenn Sie auf der Suche nach einer einfachen, sicheren und wirklich kostenlosen M\u00f6glichkeit sind, mit anderen Menschen auf der ganzen Welt in Kontakt zu treten, ist OnlineFreeChat einen Versuch wert - ganz gleich, ob Sie einen lebhaften Gruppenchat oder eine ruhige private Unterhaltung w\u00fcnschen.<\/p>","protected":false},"excerpt":{"rendered":"<p>In a digital age dominated by social networks and instant messaging apps, traditional chat rooms have made a surprising comeback. Leading this renaissance is OnlineFreeChat, a modern chat platform dedicated to free, easy-to-access live chat rooms for anyone looking to meet new people, make friends, or enjoy spontaneous online conversations\u2014without registration or downloads. But how [&hellip;]<\/p>\n","protected":false},"author":6,"featured_media":0,"parent":0,"menu_order":0,"comment_status":"closed","ping_status":"closed","template":"","meta":{"footnotes":""},"class_list":["post-12911","page","type-page","status-publish","hentry"],"yoast_head":"<!-- This site is optimized with the Yoast SEO plugin v27.4 - https:\/\/yoast.com\/product\/yoast-seo-wordpress\/ -->\n<title>OnlineFreeChat - Live Online Chat Rooms on StrangerCam.com<\/title>\n<meta name=\"description\" content=\"Like OnlineFreeChat? Come chat with more than 5.000.000 strangers on Stranger Cam for Free! Turn on your cam and find new friends &amp; maby a match!\" \/>\n<meta name=\"robots\" content=\"index, follow, max-snippet:-1, max-image-preview:large, max-video-preview:-1\" \/>\n<link rel=\"canonical\" href=\"https:\/\/strangercam.com\/de\/onlinefreechat\/\" \/>\n<meta property=\"og:locale\" content=\"de_DE\" \/>\n<meta property=\"og:type\" content=\"article\" \/>\n<meta property=\"og:title\" content=\"OnlineFreeChat - Live Online Chat Rooms on StrangerCam.com\" \/>\n<meta property=\"og:description\" content=\"Like OnlineFreeChat? Come chat with more than 5.000.000 strangers on Stranger Cam for Free! Turn on your cam and find new friends &amp; maby a match!\" \/>\n<meta property=\"og:url\" content=\"https:\/\/strangercam.com\/de\/onlinefreechat\/\" \/>\n<meta property=\"og:site_name\" content=\"Strangercam\" \/>\n<meta property=\"article:publisher\" content=\"https:\/\/www.facebook.com\/strangercam\" \/>\n<meta property=\"article:modified_time\" content=\"2025-07-14T11:50:34+00:00\" \/>\n<meta property=\"og:image\" content=\"https:\/\/strangercam.com\/wp-content\/uploads\/2021\/10\/Untitled-2.png\" \/>\n\t<meta property=\"og:image:width\" content=\"800\" \/>\n\t<meta property=\"og:image:height\" content=\"532\" \/>\n\t<meta property=\"og:image:type\" content=\"image\/png\" \/>\n<meta name=\"twitter:card\" content=\"summary_large_image\" \/>\n<meta name=\"twitter:site\" content=\"@strangercamapp\" \/>\n<meta name=\"twitter:label1\" content=\"Gesch\u00e4tzte Lesezeit\" \/>\n\t<meta name=\"twitter:data1\" content=\"6\u00a0Minuten\" \/>\n<script type=\"application\/ld+json\" class=\"yoast-schema-graph\">{\"@context\":\"https:\\\/\\\/schema.org\",\"@graph\":[{\"@type\":\"WebPage\",\"@id\":\"https:\\\/\\\/strangercam.com\\\/onlinefreechat\\\/\",\"url\":\"https:\\\/\\\/strangercam.com\\\/onlinefreechat\\\/\",\"name\":\"OnlineFreeChat - Live Online Chat Rooms on StrangerCam.com\",\"isPartOf\":{\"@id\":\"https:\\\/\\\/strangercam.com\\\/#website\"},\"datePublished\":\"2025-07-14T11:50:19+00:00\",\"dateModified\":\"2025-07-14T11:50:34+00:00\",\"description\":\"Like OnlineFreeChat? Come chat with more than 5.000.000 strangers on Stranger Cam for Free! Turn on your cam and find new friends & maby a match!\",\"breadcrumb\":{\"@id\":\"https:\\\/\\\/strangercam.com\\\/onlinefreechat\\\/#breadcrumb\"},\"inLanguage\":\"de\",\"potentialAction\":[{\"@type\":\"ReadAction\",\"target\":[\"https:\\\/\\\/strangercam.com\\\/onlinefreechat\\\/\"]}]},{\"@type\":\"BreadcrumbList\",\"@id\":\"https:\\\/\\\/strangercam.com\\\/onlinefreechat\\\/#breadcrumb\",\"itemListElement\":[{\"@type\":\"ListItem\",\"position\":1,\"name\":\"Home\",\"item\":\"https:\\\/\\\/strangercam.com\\\/\"},{\"@type\":\"ListItem\",\"position\":2,\"name\":\"OnlineFreeChat\"}]},{\"@type\":\"WebSite\",\"@id\":\"https:\\\/\\\/strangercam.com\\\/#website\",\"url\":\"https:\\\/\\\/strangercam.com\\\/\",\"name\":\"Strangercam\",\"description\":\"Random Video Chat with Strangers\",\"publisher\":{\"@id\":\"https:\\\/\\\/strangercam.com\\\/#organization\"},\"alternateName\":\"Strangercam.com\",\"potentialAction\":[{\"@type\":\"SearchAction\",\"target\":{\"@type\":\"EntryPoint\",\"urlTemplate\":\"https:\\\/\\\/strangercam.com\\\/?s={search_term_string}\"},\"query-input\":{\"@type\":\"PropertyValueSpecification\",\"valueRequired\":true,\"valueName\":\"search_term_string\"}}],\"inLanguage\":\"de\"},{\"@type\":\"Organization\",\"@id\":\"https:\\\/\\\/strangercam.com\\\/#organization\",\"name\":\"Strangercam\",\"alternateName\":\"Strangercam.com\",\"url\":\"https:\\\/\\\/strangercam.com\\\/\",\"logo\":{\"@type\":\"ImageObject\",\"inLanguage\":\"de\",\"@id\":\"https:\\\/\\\/strangercam.com\\\/#\\\/schema\\\/logo\\\/image\\\/\",\"url\":\"https:\\\/\\\/strangercam.com\\\/wp-content\\\/uploads\\\/2020\\\/11\\\/cropped-new-favicon-black.png\",\"contentUrl\":\"https:\\\/\\\/strangercam.com\\\/wp-content\\\/uploads\\\/2020\\\/11\\\/cropped-new-favicon-black.png\",\"width\":512,\"height\":512,\"caption\":\"Strangercam\"},\"image\":{\"@id\":\"https:\\\/\\\/strangercam.com\\\/#\\\/schema\\\/logo\\\/image\\\/\"},\"sameAs\":[\"https:\\\/\\\/www.facebook.com\\\/strangercam\",\"https:\\\/\\\/x.com\\\/strangercamapp\"]}]}<\/script>\n<!-- \/ Yoast SEO plugin. -->","yoast_head_json":{"title":"OnlineFreeChat - Live Online Chat Rooms auf StrangerCam.com","description":"Gef\u00e4llt Ihnen OnlineFreeChat? Komm und chatte mit mehr als 5.000.000 Fremden auf Stranger Cam kostenlos! Schalte deine Kamera ein und finde neue Freunde und vielleicht einen Partner!","robots":{"index":"index","follow":"follow","max-snippet":"max-snippet:-1","max-image-preview":"max-image-preview:large","max-video-preview":"max-video-preview:-1"},"canonical":"https:\/\/strangercam.com\/de\/onlinefreechat\/","og_locale":"de_DE","og_type":"article","og_title":"OnlineFreeChat - Live Online Chat Rooms on StrangerCam.com","og_description":"Like OnlineFreeChat? Come chat with more than 5.000.000 strangers on Stranger Cam for Free! Turn on your cam and find new friends & maby a match!","og_url":"https:\/\/strangercam.com\/de\/onlinefreechat\/","og_site_name":"Strangercam","article_publisher":"https:\/\/www.facebook.com\/strangercam","article_modified_time":"2025-07-14T11:50:34+00:00","og_image":[{"width":800,"height":532,"url":"https:\/\/strangercam.com\/wp-content\/uploads\/2021\/10\/Untitled-2.png","type":"image\/png"}],"twitter_card":"summary_large_image","twitter_site":"@strangercamapp","twitter_misc":{"Gesch\u00e4tzte Lesezeit":"6\u00a0Minuten"},"schema":{"@context":"https:\/\/schema.org","@graph":[{"@type":"WebPage","@id":"https:\/\/strangercam.com\/onlinefreechat\/","url":"https:\/\/strangercam.com\/onlinefreechat\/","name":"OnlineFreeChat - Live Online Chat Rooms auf StrangerCam.com","isPartOf":{"@id":"https:\/\/strangercam.com\/#website"},"datePublished":"2025-07-14T11:50:19+00:00","dateModified":"2025-07-14T11:50:34+00:00","description":"Gef\u00e4llt Ihnen OnlineFreeChat? Komm und chatte mit mehr als 5.000.000 Fremden auf Stranger Cam kostenlos! Schalte deine Kamera ein und finde neue Freunde und vielleicht einen Partner!","breadcrumb":{"@id":"https:\/\/strangercam.com\/onlinefreechat\/#breadcrumb"},"inLanguage":"de","potentialAction":[{"@type":"ReadAction","target":["https:\/\/strangercam.com\/onlinefreechat\/"]}]},{"@type":"BreadcrumbList","@id":"https:\/\/strangercam.com\/onlinefreechat\/#breadcrumb","itemListElement":[{"@type":"ListItem","position":1,"name":"Home","item":"https:\/\/strangercam.com\/"},{"@type":"ListItem","position":2,"name":"OnlineFreeChat"}]},{"@type":"WebSite","@id":"https:\/\/strangercam.com\/#website","url":"https:\/\/strangercam.com\/","name":"Strangercam","description":"Zuf\u00e4lliger Video-Chat mit Fremden","publisher":{"@id":"https:\/\/strangercam.com\/#organization"},"alternateName":"Strangercam.com","potentialAction":[{"@type":"SearchAction","target":{"@type":"EntryPoint","urlTemplate":"https:\/\/strangercam.com\/?s={search_term_string}"},"query-input":{"@type":"PropertyValueSpecification","valueRequired":true,"valueName":"search_term_string"}}],"inLanguage":"de"},{"@type":"Organization","@id":"https:\/\/strangercam.com\/#organization","name":"Strangercam","alternateName":"Strangercam.com","url":"https:\/\/strangercam.com\/","logo":{"@type":"ImageObject","inLanguage":"de","@id":"https:\/\/strangercam.com\/#\/schema\/logo\/image\/","url":"https:\/\/strangercam.com\/wp-content\/uploads\/2020\/11\/cropped-new-favicon-black.png","contentUrl":"https:\/\/strangercam.com\/wp-content\/uploads\/2020\/11\/cropped-new-favicon-black.png","width":512,"height":512,"caption":"Strangercam"},"image":{"@id":"https:\/\/strangercam.com\/#\/schema\/logo\/image\/"},"sameAs":["https:\/\/www.facebook.com\/strangercam","https:\/\/x.com\/strangercamapp"]}]}},"_links":{"self":[{"href":"https:\/\/strangercam.com\/de\/wp-json\/wp\/v2\/pages\/12911","targetHints":{"allow":["GET"]}}],"collection":[{"href":"https:\/\/strangercam.com\/de\/wp-json\/wp\/v2\/pages"}],"about":[{"href":"https:\/\/strangercam.com\/de\/wp-json\/wp\/v2\/types\/page"}],"author":[{"embeddable":true,"href":"https:\/\/strangercam.com\/de\/wp-json\/wp\/v2\/users\/6"}],"replies":[{"embeddable":true,"href":"https:\/\/strangercam.com\/de\/wp-json\/wp\/v2\/comments?post=12911"}],"version-history":[{"count":1,"href":"https:\/\/strangercam.com\/de\/wp-json\/wp\/v2\/pages\/12911\/revisions"}],"predecessor-version":[{"id":12912,"href":"https:\/\/strangercam.com\/de\/wp-json\/wp\/v2\/pages\/12911\/revisions\/12912"}],"wp:attachment":[{"href":"https:\/\/strangercam.com\/de\/wp-json\/wp\/v2\/media?parent=12911"}],"curies":[{"name":"wp","href":"https:\/\/api.w.org\/{rel}","templated":true}]}}